{"id":9088,"date":"2022-09-29T06:24:05","date_gmt":"2022-09-29T04:24:05","guid":{"rendered":"http:\/\/www.arnaudom.fr\/wordpress\/?page_id=9088"},"modified":"2022-10-01T15:09:02","modified_gmt":"2022-10-01T13:09:02","slug":"cms003fin","status":"publish","type":"page","link":"https:\/\/www.arnaudom.fr\/wordpress\/cms003fin\/","title":{"rendered":"cmos003fin"},"content":{"rendered":"\t\t<div data-elementor-type=\"wp-page\" data-elementor-id=\"9088\" class=\"elementor elementor-9088\">\n\t\t\t\t\t\t<div class=\"elementor-inner\">\n\t\t\t\t<div class=\"elementor-section-wrap\">\n\t\t\t\t\t\t\t\t\t<section class=\"elementor-section elementor-top-section elementor-element elementor-element-7f01185 elementor-section-boxed elementor-section-height-default elementor-section-height-default\" data-id=\"7f01185\" data-element_type=\"section\">\n\t\t\t\t\t\t<div class=\"elementor-container elementor-column-gap-default\">\n\t\t\t\t\t\t\t<div class=\"elementor-row\">\n\t\t\t\t\t<div class=\"elementor-column elementor-col-100 elementor-top-column elementor-element elementor-element-12fe427\" data-id=\"12fe427\" data-element_type=\"column\">\n\t\t\t<div class=\"elementor-column-wrap elementor-element-populated\">\n\t\t\t\t\t\t\t<div class=\"elementor-widget-wrap\">\n\t\t\t\t\t\t<div class=\"elementor-element elementor-element-acc9737 elementor-widget elementor-widget-heading\" data-id=\"acc9737\" data-element_type=\"widget\" data-widget_type=\"heading.default\">\n\t\t\t\t<div class=\"elementor-widget-container\">\n\t\t\t<h1 class=\"elementor-heading-title elementor-size-default\">Cr\u00e9ation de l'image LRVB (3\/3)<\/h1>\t\t<\/div>\n\t\t\t\t<\/div>\n\t\t\t\t<div class=\"elementor-element elementor-element-41794b9 elementor-widget elementor-widget-heading\" data-id=\"41794b9\" data-element_type=\"widget\" data-widget_type=\"heading.default\">\n\t\t\t\t<div class=\"elementor-widget-container\">\n\t\t\t<h2 class=\"elementor-heading-title elementor-size-default\">8-R\u00e9duction de bruit<\/h2>\t\t<\/div>\n\t\t\t\t<\/div>\n\t\t\t\t<div class=\"elementor-element elementor-element-6d37edc elementor-drop-cap-yes elementor-drop-cap-view-default elementor-widget elementor-widget-text-editor\" data-id=\"6d37edc\" data-element_type=\"widget\" data-settings=\"{&quot;drop_cap&quot;:&quot;yes&quot;}\" data-widget_type=\"text-editor.default\">\n\t\t\t\t<div class=\"elementor-widget-container\">\n\t\t\t\t\t\t\t\t<div class=\"elementor-text-editor elementor-clearfix\">\n\t\t\t\t<p><span style=\"color: #000000;\">Pour finir le traitement de notre <b>Luminance<\/b>, on peut si n\u00e9cessaire effectuer une r\u00e9duction de bruit du fond de ciel de notre image. Pour cela, nous allons utiliser le masque de luminance cr\u00e9\u00e9 lors de l&rsquo;\u00e9tape pr\u00e9c\u00e9dente (si vous avez saut\u00e9 cette \u00e9tape, vous pouvez cr\u00e9er le masque en suivant les instructions donn\u00e9 \u00e0 ce sujet). Quand le masque est appliqu\u00e9, il prot\u00e8ge les zones rouges qui correspondent au fond du ciel :<\/span><\/p>\n<p style=\"text-align: center;\"><span style=\"color: #000000;\"> <img loading=\"lazy\" decoding=\"async\" class=\"alignnone size-full wp-image-9050\" src=\"http:\/\/www.arnaudom.fr\/wordpress\/wp-content\/uploads\/2022\/09\/pix584.jpg\" alt=\"\" width=\"600\" height=\"426\" srcset=\"https:\/\/www.arnaudom.fr\/wordpress\/wp-content\/uploads\/2022\/09\/pix584.jpg 600w, https:\/\/www.arnaudom.fr\/wordpress\/wp-content\/uploads\/2022\/09\/pix584-300x213.jpg 300w\" sizes=\"auto, (max-width: 600px) 100vw, 600px\" \/><\/span><\/p>\n<p><span style=\"color: #000000;\">Ce que nous voulons faire, c&rsquo;est au contraire pouvoir traiter le fond de ciel, sans rien toucher aux \u00e9toiles ni \u00e0 la n\u00e9buleuse qui doivent rester le plus net possible. Nous allons donc <b>inverser<\/b> notre masque en faisant un <b>clic droit<\/b> sur l&rsquo;image et en cliquant sur <b>Mask\/Invert Mask<\/b> :<\/span><\/p>\n<p><img loading=\"lazy\" decoding=\"async\" class=\"alignnone size-full wp-image-9075 aligncenter\" src=\"http:\/\/www.arnaudom.fr\/wordpress\/wp-content\/uploads\/2022\/09\/pix592.jpg\" alt=\"\" width=\"800\" height=\"517\" srcset=\"https:\/\/www.arnaudom.fr\/wordpress\/wp-content\/uploads\/2022\/09\/pix592.jpg 800w, https:\/\/www.arnaudom.fr\/wordpress\/wp-content\/uploads\/2022\/09\/pix592-300x194.jpg 300w, https:\/\/www.arnaudom.fr\/wordpress\/wp-content\/uploads\/2022\/09\/pix592-768x496.jpg 768w\" sizes=\"auto, (max-width: 800px) 100vw, 800px\" \/><\/p>\n<p><span style=\"color: #000000;\">Cette fois, \u00e9toiles et n\u00e9buleuse sont prot\u00e9g\u00e9es et le fond de ciel peut \u00eatre trait\u00e9.&nbsp; On peut cliquer sur <b>Mask\/Show Mask<\/b> pour cacher la visualisation du masque.<br><\/span><\/p>\n<p><span style=\"color: #000000;\">Pour la r\u00e9duction du bruit, j&rsquo;ai tout simplement \u00ab\u00a0honteusement\u00a0\u00bb recopi\u00e9 \u00e0 la lettre les process et les param\u00e8tres utilis\u00e9s sur le site Photon Millenium de Jean-Baptiste Auroux, que l&rsquo;on trouve sur cette page <a href=\"https:\/\/millenniumphoton.com\/traitement-image-monochrome-pixinsight\/#redlin\" target=\"_blank\" rel=\"noopener\">https:\/\/millenniumphoton.com\/traitement-image-monochrome-pixinsight\/#redlin<\/a> au paragraphe \u00ab\u00a02-R\u00e9duction du bruit en mode lin\u00e9aire\u00a0\u00bb&#8230;<br>Le mieux est de faire un <b>preview<\/b> sur une petite zone de l&rsquo;image afin de bien voir en gros plan l&rsquo;effet que l&rsquo;on va obtenir. Ensuite on peut tester chacun des 3 process, <b>Reduction_forte<\/b>, <b>Reduction_moyenne<\/b> et <b>Reduction_faible<\/b> en cliquant dessus puis en activant le <b>Real-Time Preview<\/b>, afin d&rsquo;en observer l&rsquo;effet sur l&rsquo;image.<\/span><\/p>\n<p style=\"text-align: center;\"><span style=\"color: #000000;\"> <img loading=\"lazy\" decoding=\"async\" class=\"alignnone size-full wp-image-9077\" src=\"http:\/\/www.arnaudom.fr\/wordpress\/wp-content\/uploads\/2022\/09\/pix593.jpg\" alt=\"\" width=\"800\" height=\"521\" srcset=\"https:\/\/www.arnaudom.fr\/wordpress\/wp-content\/uploads\/2022\/09\/pix593.jpg 800w, https:\/\/www.arnaudom.fr\/wordpress\/wp-content\/uploads\/2022\/09\/pix593-300x195.jpg 300w, https:\/\/www.arnaudom.fr\/wordpress\/wp-content\/uploads\/2022\/09\/pix593-768x500.jpg 768w\" sizes=\"auto, (max-width: 800px) 100vw, 800px\" \/><\/span><\/p>\n<p><span style=\"color: #000000;\">Bien entendu, il faut ensuite appliquer le process sur l&rsquo;image enti\u00e8re pour effectuer la r\u00e9duction de bruit finale.<br>Voici une portion de l&rsquo;image <b>avant la r\u00e9duction de bruit<\/b> :<\/span><\/p>\n<p><span style=\"color: #000000;\"> <img loading=\"lazy\" decoding=\"async\" class=\"size-full wp-image-9079 aligncenter\" src=\"http:\/\/www.arnaudom.fr\/wordpress\/wp-content\/uploads\/2022\/09\/pix594.jpg\" alt=\"\" width=\"596\" height=\"472\" srcset=\"https:\/\/www.arnaudom.fr\/wordpress\/wp-content\/uploads\/2022\/09\/pix594.jpg 596w, https:\/\/www.arnaudom.fr\/wordpress\/wp-content\/uploads\/2022\/09\/pix594-300x238.jpg 300w\" sizes=\"auto, (max-width: 596px) 100vw, 596px\" \/><\/span><\/p>\n<p><span style=\"color: #000000;\">Et la m\u00eame portion apr\u00e8s avoir appliqu\u00e9 une <b>\u00ab\u00a0r\u00e9duction forte\u00a0\u00bb<\/b> :<\/span><\/p>\n<p style=\"text-align: center;\"><span style=\"color: #000000;\"> <img loading=\"lazy\" decoding=\"async\" class=\"alignnone size-full wp-image-9080\" src=\"http:\/\/www.arnaudom.fr\/wordpress\/wp-content\/uploads\/2022\/09\/pix595.jpg\" alt=\"\" width=\"595\" height=\"471\" srcset=\"https:\/\/www.arnaudom.fr\/wordpress\/wp-content\/uploads\/2022\/09\/pix595.jpg 595w, https:\/\/www.arnaudom.fr\/wordpress\/wp-content\/uploads\/2022\/09\/pix595-300x237.jpg 300w\" sizes=\"auto, (max-width: 595px) 100vw, 595px\" \/><\/span><\/p>\n<p><span style=\"color: #000000;\">Bien, nous voici en possession d&rsquo;une image de<b> Luminance<\/b> bien pr\u00e9par\u00e9e pour la suite. Pensez \u00e0 supprimer le masque avant de continuer (<b>clic droit<\/b> puis <b>Mask\/Remove Mask<\/b>) et \u00e9ventuellement \u00e0 sauvegarder l&rsquo;image.<\/span><\/p>\t\t\t\t\t<\/div>\n\t\t\t\t\t\t<\/div>\n\t\t\t\t<\/div>\n\t\t\t\t\t\t<\/div>\n\t\t\t\t\t<\/div>\n\t\t<\/div>\n\t\t\t\t\t\t\t\t<\/div>\n\t\t\t\t\t<\/div>\n\t\t<\/section>\n\t\t\t\t<section class=\"elementor-section elementor-top-section elementor-element elementor-element-08dbc48 elementor-section-boxed elementor-section-height-default elementor-section-height-default\" data-id=\"08dbc48\" data-element_type=\"section\">\n\t\t\t\t\t\t<div class=\"elementor-container elementor-column-gap-default\">\n\t\t\t\t\t\t\t<div class=\"elementor-row\">\n\t\t\t\t\t<div class=\"elementor-column elementor-col-100 elementor-top-column elementor-element elementor-element-6d5da1b\" data-id=\"6d5da1b\" data-element_type=\"column\">\n\t\t\t<div class=\"elementor-column-wrap elementor-element-populated\">\n\t\t\t\t\t\t\t<div class=\"elementor-widget-wrap\">\n\t\t\t\t\t\t<div class=\"elementor-element elementor-element-20e9a691 elementor-widget elementor-widget-heading\" data-id=\"20e9a691\" data-element_type=\"widget\" data-widget_type=\"heading.default\">\n\t\t\t\t<div class=\"elementor-widget-container\">\n\t\t\t<h2 class=\"elementor-heading-title elementor-size-default\">9-Passage en mode non lin\u00e9aire.<\/h2>\t\t<\/div>\n\t\t\t\t<\/div>\n\t\t\t\t<div class=\"elementor-element elementor-element-11caaf74 elementor-drop-cap-yes elementor-drop-cap-view-default elementor-widget elementor-widget-text-editor\" data-id=\"11caaf74\" data-element_type=\"widget\" data-settings=\"{&quot;drop_cap&quot;:&quot;yes&quot;}\" data-widget_type=\"text-editor.default\">\n\t\t\t\t<div class=\"elementor-widget-container\">\n\t\t\t\t\t\t\t\t<div class=\"elementor-text-editor elementor-clearfix\">\n\t\t\t\t<p><span style=\"color: #000000;\">Nous avons donc maintenant nos deux images <b>Luminance<\/b> et <b>RVB<\/b> qu&rsquo;il nous faut assembler. Elles sont cependant encore en mode lin\u00e9aire, et avant de les combiner, il est n\u00e9cessaire de les passer en mode non lin\u00e9aire. Pour cela, il faut commencer par remettre \u00e0 z\u00e9ro la <b>STF<\/b> en cliquant sur <b>Reset<\/b>, afin de mieux pouvoir visualiser les modifications apport\u00e9es aux images. Nos images redeviennent \u00ab\u00a0noires\u00a0\u00bb.<\/span><\/p>\n<p><img loading=\"lazy\" decoding=\"async\" class=\"size-full wp-image-9102 aligncenter\" src=\"http:\/\/www.arnaudom.fr\/wordpress\/wp-content\/uploads\/2022\/09\/pix596.jpg\" alt=\"\" width=\"600\" height=\"428\" srcset=\"https:\/\/www.arnaudom.fr\/wordpress\/wp-content\/uploads\/2022\/09\/pix596.jpg 600w, https:\/\/www.arnaudom.fr\/wordpress\/wp-content\/uploads\/2022\/09\/pix596-300x214.jpg 300w\" sizes=\"auto, (max-width: 600px) 100vw, 600px\" \/><\/p>\n<p><span style=\"color: #000000;\">On clique sur <b>Montee_d_histogramme<\/b> pour ouvrir le process <b>HistogramTransformation<\/b> et on clique sur <b>Real-Time Preview<\/b>. On pousse le <strong><span class=\"gras\">curseur du centre vers la gauche<\/span><\/strong> et on d\u00e9place le<strong> <span class=\"gras\">curseur de gauche vers la droite<\/span><\/strong>. Dans le fen\u00eatre du haut du process, il faut \u00ab\u00a0caler\u00a0\u00bb le point de d\u00e9part des courbes sur la gauche de l&rsquo;\u00e9cran et \u00e9tirer les courbes vers la droite, sans rendre le ciel trop lumineux. Le <b>Real-Time Preview<\/b> permet d&rsquo;observer en direct les modifications.<\/span><\/p>\n<p style=\"text-align: center;\"><span style=\"color: #000000;\"> <img loading=\"lazy\" decoding=\"async\" class=\"alignnone size-full wp-image-9106\" src=\"http:\/\/www.arnaudom.fr\/wordpress\/wp-content\/uploads\/2022\/09\/pix597.jpg\" alt=\"\" width=\"800\" height=\"388\" srcset=\"https:\/\/www.arnaudom.fr\/wordpress\/wp-content\/uploads\/2022\/09\/pix597.jpg 800w, https:\/\/www.arnaudom.fr\/wordpress\/wp-content\/uploads\/2022\/09\/pix597-300x146.jpg 300w, https:\/\/www.arnaudom.fr\/wordpress\/wp-content\/uploads\/2022\/09\/pix597-768x372.jpg 768w\" sizes=\"auto, (max-width: 800px) 100vw, 800px\" \/><\/span><\/p>\n<p><span style=\"color: #000000;\">Une fois le r\u00e9sultat satisfaisant, il ne reste plus qu&rsquo;\u00e0 appliquer le process sur l&rsquo;image <b>RVB<\/b>, qui peut maintenant \u00eatre visualis\u00e9e sans l&rsquo;aide de la <b>STF<\/b>.<\/span><\/p>\n<p style=\"text-align: center;\"><span style=\"color: #000000;\"> <img loading=\"lazy\" decoding=\"async\" class=\"alignnone size-full wp-image-9107\" src=\"http:\/\/www.arnaudom.fr\/wordpress\/wp-content\/uploads\/2022\/09\/pix598.jpg\" alt=\"\" width=\"800\" height=\"566\" srcset=\"https:\/\/www.arnaudom.fr\/wordpress\/wp-content\/uploads\/2022\/09\/pix598.jpg 800w, https:\/\/www.arnaudom.fr\/wordpress\/wp-content\/uploads\/2022\/09\/pix598-300x212.jpg 300w, https:\/\/www.arnaudom.fr\/wordpress\/wp-content\/uploads\/2022\/09\/pix598-768x543.jpg 768w\" sizes=\"auto, (max-width: 800px) 100vw, 800px\" \/><\/span><\/p>\n<p><span style=\"color: #000000;\">On fait la m\u00eame chose sur la <b>Luminance<\/b> : apr\u00e8s avoir remis \u00e0 z\u00e9ro la <b>STF<\/b> pour rendre l&rsquo;image noire, on lui applique \u00e9galement une mont\u00e9e d&rsquo;histogramme&#8230;<\/span><\/p>\n<p style=\"text-align: center;\"><span style=\"color: #000000;\"> <img loading=\"lazy\" decoding=\"async\" class=\"alignnone size-full wp-image-9110\" src=\"http:\/\/www.arnaudom.fr\/wordpress\/wp-content\/uploads\/2022\/09\/pix599.jpg\" alt=\"\" width=\"800\" height=\"386\" srcset=\"https:\/\/www.arnaudom.fr\/wordpress\/wp-content\/uploads\/2022\/09\/pix599.jpg 800w, https:\/\/www.arnaudom.fr\/wordpress\/wp-content\/uploads\/2022\/09\/pix599-300x145.jpg 300w, https:\/\/www.arnaudom.fr\/wordpress\/wp-content\/uploads\/2022\/09\/pix599-768x371.jpg 768w\" sizes=\"auto, (max-width: 800px) 100vw, 800px\" \/><\/span><\/p>\n<p><span style=\"color: #000000;\">&#8230; et ensuite on applique le process sur l&rsquo;image. Et voil\u00e0 notre image <b>Luminance<\/b> que l&rsquo;on peut \u00e0 son tour visualiser sans l&rsquo;aide de la <b>STF<\/b>.<\/span><\/p>\n<p style=\"text-align: center;\"><span style=\"color: #000000;\"> <img loading=\"lazy\" decoding=\"async\" class=\"alignnone size-full wp-image-9113\" src=\"http:\/\/www.arnaudom.fr\/wordpress\/wp-content\/uploads\/2022\/09\/pix600.jpg\" alt=\"\" width=\"800\" height=\"569\" srcset=\"https:\/\/www.arnaudom.fr\/wordpress\/wp-content\/uploads\/2022\/09\/pix600.jpg 800w, https:\/\/www.arnaudom.fr\/wordpress\/wp-content\/uploads\/2022\/09\/pix600-300x213.jpg 300w, https:\/\/www.arnaudom.fr\/wordpress\/wp-content\/uploads\/2022\/09\/pix600-768x546.jpg 768w\" sizes=\"auto, (max-width: 800px) 100vw, 800px\" \/><\/span><\/p>\t\t\t\t\t<\/div>\n\t\t\t\t\t\t<\/div>\n\t\t\t\t<\/div>\n\t\t\t\t<div class=\"elementor-element elementor-element-4ba77ed elementor-widget elementor-widget-heading\" data-id=\"4ba77ed\" data-element_type=\"widget\" data-widget_type=\"heading.default\">\n\t\t\t\t<div class=\"elementor-widget-container\">\n\t\t\t<h2 class=\"elementor-heading-title elementor-size-default\">10-Cr\u00e9ation de l'image LRVB.<\/h2>\t\t<\/div>\n\t\t\t\t<\/div>\n\t\t\t\t<div class=\"elementor-element elementor-element-0d9869c elementor-drop-cap-yes elementor-drop-cap-view-default elementor-widget elementor-widget-text-editor\" data-id=\"0d9869c\" data-element_type=\"widget\" data-settings=\"{&quot;drop_cap&quot;:&quot;yes&quot;}\" data-widget_type=\"text-editor.default\">\n\t\t\t\t<div class=\"elementor-widget-container\">\n\t\t\t\t\t\t\t\t<div class=\"elementor-text-editor elementor-clearfix\">\n\t\t\t\t<p><span style=\"color: #000000;\">Pour finir, nous allons cliquer sur <b>Creation_de_l_image_couleur<\/b> afin d&rsquo;ouvrir le process <b>LRGBCombination<\/b>.<\/span><\/p>\n<p style=\"text-align: center;\"><span style=\"color: #000000;\"> <img loading=\"lazy\" decoding=\"async\" class=\"alignnone size-full wp-image-9115\" src=\"http:\/\/www.arnaudom.fr\/wordpress\/wp-content\/uploads\/2022\/09\/pix601.jpg\" alt=\"\" width=\"401\" height=\"324\" srcset=\"https:\/\/www.arnaudom.fr\/wordpress\/wp-content\/uploads\/2022\/09\/pix601.jpg 401w, https:\/\/www.arnaudom.fr\/wordpress\/wp-content\/uploads\/2022\/09\/pix601-300x242.jpg 300w\" sizes=\"auto, (max-width: 401px) 100vw, 401px\" \/><\/span><\/p>\n<p><span style=\"color: #000000;\">Seule la premi\u00e8re case <b>L<\/b> du process est coch\u00e9e. On ouvre le s\u00e9lecteur de fichier et on choisit le nom de notre image de <b>Luminance<\/b> que l&rsquo;on entre dans le process.<\/span><\/p>\n<p style=\"text-align: center;\"><span style=\"color: #000000;\"> <img loading=\"lazy\" decoding=\"async\" class=\"alignnone size-full wp-image-9117\" src=\"http:\/\/www.arnaudom.fr\/wordpress\/wp-content\/uploads\/2022\/09\/pix602.jpg\" alt=\"\" width=\"399\" height=\"326\" srcset=\"https:\/\/www.arnaudom.fr\/wordpress\/wp-content\/uploads\/2022\/09\/pix602.jpg 399w, https:\/\/www.arnaudom.fr\/wordpress\/wp-content\/uploads\/2022\/09\/pix602-300x245.jpg 300w\" sizes=\"auto, (max-width: 399px) 100vw, 399px\" \/><\/span><\/p>\n<p><span style=\"color: #000000;\">Maintenant, il ne reste plus qu&rsquo;\u00e0 appliquer directement le process <b>sur l&rsquo;image RVB<\/b>.<\/span><\/p>\n<p style=\"text-align: center;\"><span style=\"color: #000000;\"> <img loading=\"lazy\" decoding=\"async\" class=\"alignnone size-full wp-image-9120\" src=\"http:\/\/www.arnaudom.fr\/wordpress\/wp-content\/uploads\/2022\/09\/pix603.jpg\" alt=\"\" width=\"836\" height=\"466\" srcset=\"https:\/\/www.arnaudom.fr\/wordpress\/wp-content\/uploads\/2022\/09\/pix603.jpg 836w, https:\/\/www.arnaudom.fr\/wordpress\/wp-content\/uploads\/2022\/09\/pix603-300x167.jpg 300w, https:\/\/www.arnaudom.fr\/wordpress\/wp-content\/uploads\/2022\/09\/pix603-768x428.jpg 768w\" sizes=\"auto, (max-width: 836px) 100vw, 836px\" \/><\/span><\/p>\n<p><span style=\"color: #000000;\">Et voil\u00e0, notre image <b>LRVB<\/b>, fusion de la <b>Luminance<\/b> et de la <b>RVB<\/b> est cr\u00e9\u00e9e.<\/span><\/p>\n<p style=\"text-align: center;\"><span style=\"color: #000000;\"> <img loading=\"lazy\" decoding=\"async\" class=\"alignnone size-full wp-image-9122\" src=\"http:\/\/www.arnaudom.fr\/wordpress\/wp-content\/uploads\/2022\/09\/pix604.jpg\" alt=\"\" width=\"800\" height=\"561\" srcset=\"https:\/\/www.arnaudom.fr\/wordpress\/wp-content\/uploads\/2022\/09\/pix604.jpg 800w, https:\/\/www.arnaudom.fr\/wordpress\/wp-content\/uploads\/2022\/09\/pix604-300x210.jpg 300w, https:\/\/www.arnaudom.fr\/wordpress\/wp-content\/uploads\/2022\/09\/pix604-768x539.jpg 768w\" sizes=\"auto, (max-width: 800px) 100vw, 800px\" \/><\/span><\/p>\n<p><span style=\"color: #000000;\">On peut voir en faisant un <b>avant\/apr\u00e8s<\/b> que la combinaison de la Luminance avec la RVB apporte \u00e9norm\u00e9ment de d\u00e9tails dans l&rsquo;image finale. <br><\/span><\/p>\n<p><span style=\"color: #000000;\">Voici, nous avons termin\u00e9 la cr\u00e9ation de notre image <b>LRVB<\/b> de IC 410. Alors \u00e9videmment, les couleurs de notre objet semblent bien palotes, le contraste global n&rsquo;est pas forc\u00e9ment satisfaisant et il est sans doute possible d&rsquo;accentuer encore des d\u00e9tails dans certaines parties de notre n\u00e9buleuse. C&rsquo;est ce que nous ferons dans le prochain tutoriel qui portera sur le traitement final de notre image <b>LRVB<\/b>, dans lequel nous verrons quelles op\u00e9rations il est possible de faire pour encore am\u00e9liorer notre image. <br><\/span><\/p>\t\t\t\t\t<\/div>\n\t\t\t\t\t\t<\/div>\n\t\t\t\t<\/div>\n\t\t\t\t\t\t<\/div>\n\t\t\t\t\t<\/div>\n\t\t<\/div>\n\t\t\t\t\t\t\t\t<\/div>\n\t\t\t\t\t<\/div>\n\t\t<\/section>\n\t\t\t\t<section class=\"elementor-section elementor-top-section elementor-element elementor-element-1c53317 elementor-section-boxed elementor-section-height-default elementor-section-height-default\" data-id=\"1c53317\" data-element_type=\"section\">\n\t\t\t\t\t\t<div class=\"elementor-container elementor-column-gap-default\">\n\t\t\t\t\t\t\t<div class=\"elementor-row\">\n\t\t\t\t\t<div class=\"elementor-column elementor-col-100 elementor-top-column elementor-element elementor-element-85e3967\" data-id=\"85e3967\" data-element_type=\"column\">\n\t\t\t<div class=\"elementor-column-wrap elementor-element-populated\">\n\t\t\t\t\t\t\t<div class=\"elementor-widget-wrap\">\n\t\t\t\t\t\t<div class=\"elementor-element elementor-element-b4c1797 elementor-align-center elementor-widget elementor-widget-button\" data-id=\"b4c1797\" data-element_type=\"widget\" data-widget_type=\"button.default\">\n\t\t\t\t<div class=\"elementor-widget-container\">\n\t\t\t\t\t<div class=\"elementor-button-wrapper\">\n\t\t\t<a href=\"http:\/\/www.arnaudom.fr\/wordpress\/cmos003suite\" class=\"elementor-button-link elementor-button elementor-size-sm\" role=\"button\">\n\t\t\t\t\t\t<span class=\"elementor-button-content-wrapper\">\n\t\t\t\t\t\t\t<span class=\"elementor-button-icon elementor-align-icon-left\">\n\t\t\t\t<i aria-hidden=\"true\" class=\"fas fa-arrow-left\"><\/i>\t\t\t<\/span>\n\t\t\t\t\t\t<span class=\"elementor-button-text\">Traitement de la Luminance<\/span>\n\t\t<\/span>\n\t\t\t\t\t<\/a>\n\t\t<\/div>\n\t\t\t\t<\/div>\n\t\t\t\t<\/div>\n\t\t\t\t\t\t<\/div>\n\t\t\t\t\t<\/div>\n\t\t<\/div>\n\t\t\t\t\t\t\t\t<\/div>\n\t\t\t\t\t<\/div>\n\t\t<\/section>\n\t\t\t\t\t\t\t\t\t<\/div>\n\t\t\t<\/div>\n\t\t\t\t\t<\/div>\n\t\t","protected":false},"excerpt":{"rendered":"<p>Cr\u00e9ation de l&rsquo;image LRVB (3\/3) 8-R\u00e9duction de bruit Pour finir le traitement de notre Luminance, on peut si n\u00e9cessaire effectuer une r\u00e9duction de bruit du fond de ciel de notre image. Pour cela, nous allons utiliser le masque de luminance cr\u00e9\u00e9 lors de l&rsquo;\u00e9tape pr\u00e9c\u00e9dente (si vous avez saut\u00e9 cette \u00e9tape, vous pouvez cr\u00e9er le &hellip;<\/p>\n<p class=\"read-more\"> <a class=\"\" href=\"https:\/\/www.arnaudom.fr\/wordpress\/cms003fin\/\"> <span class=\"screen-reader-text\">cmos003fin<\/span> Lire la suite\u00a0\u00bb<\/a><\/p>\n","protected":false},"author":1,"featured_media":0,"parent":0,"menu_order":0,"comment_status":"open","ping_status":"closed","template":"","meta":{"site-sidebar-layout":"default","site-content-layout":"default","ast-site-content-layout":"","site-content-style":"default","site-sidebar-style":"default","ast-global-header-display":"","ast-banner-title-visibility":"","ast-main-header-display":"","ast-hfb-above-header-display":"","ast-hfb-below-header-display":"","ast-hfb-mobile-header-display":"","site-post-title":"disabled","ast-breadcrumbs-content":"","ast-featured-img":"disabled","footer-sml-layout":"","theme-transparent-header-meta":"default","adv-header-id-meta":"","stick-header-meta":"","header-above-stick-meta":"","header-main-stick-meta":"","header-below-stick-meta":"","astra-migrate-meta-layouts":"","ast-page-background-enabled":"default","ast-page-background-meta":{"desktop":{"background-color":"","background-image":"","background-repeat":"repeat","background-position":"center center","background-size":"auto","background-attachment":"scroll","background-type":"","background-media":"","overlay-type":"","overlay-color":"","overlay-gradient":""},"tablet":{"background-color":"","background-image":"","background-repeat":"repeat","background-position":"center center","background-size":"auto","background-attachment":"scroll","background-type":"","background-media":"","overlay-type":"","overlay-color":"","overlay-gradient":""},"mobile":{"background-color":"","background-image":"","background-repeat":"repeat","background-position":"center center","background-size":"auto","background-attachment":"scroll","background-type":"","background-media":"","overlay-type":"","overlay-color":"","overlay-gradient":""}},"ast-content-background-meta":{"desktop":{"background-color":"var(--ast-global-color-5)","background-image":"","background-repeat":"repeat","background-position":"center center","background-size":"auto","background-attachment":"scroll","background-type":"","background-media":"","overlay-type":"","overlay-color":"","overlay-gradient":""},"tablet":{"background-color":"var(--ast-global-color-5)","background-image":"","background-repeat":"repeat","background-position":"center center","background-size":"auto","background-attachment":"scroll","background-type":"","background-media":"","overlay-type":"","overlay-color":"","overlay-gradient":""},"mobile":{"background-color":"var(--ast-global-color-5)","background-image":"","background-repeat":"repeat","background-position":"center center","background-size":"auto","background-attachment":"scroll","background-type":"","background-media":"","overlay-type":"","overlay-color":"","overlay-gradient":""}},"footnotes":""},"class_list":["post-9088","page","type-page","status-publish","hentry"],"_links":{"self":[{"href":"https:\/\/www.arnaudom.fr\/wordpress\/wp-json\/wp\/v2\/pages\/9088","targetHints":{"allow":["GET"]}}],"collection":[{"href":"https:\/\/www.arnaudom.fr\/wordpress\/wp-json\/wp\/v2\/pages"}],"about":[{"href":"https:\/\/www.arnaudom.fr\/wordpress\/wp-json\/wp\/v2\/types\/page"}],"author":[{"embeddable":true,"href":"https:\/\/www.arnaudom.fr\/wordpress\/wp-json\/wp\/v2\/users\/1"}],"replies":[{"embeddable":true,"href":"https:\/\/www.arnaudom.fr\/wordpress\/wp-json\/wp\/v2\/comments?post=9088"}],"version-history":[{"count":29,"href":"https:\/\/www.arnaudom.fr\/wordpress\/wp-json\/wp\/v2\/pages\/9088\/revisions"}],"predecessor-version":[{"id":9215,"href":"https:\/\/www.arnaudom.fr\/wordpress\/wp-json\/wp\/v2\/pages\/9088\/revisions\/9215"}],"wp:attachment":[{"href":"https:\/\/www.arnaudom.fr\/wordpress\/wp-json\/wp\/v2\/media?parent=9088"}],"curies":[{"name":"wp","href":"https:\/\/api.w.org\/{rel}","templated":true}]}}