{"id":8791,"date":"2022-08-10T07:37:01","date_gmt":"2022-08-10T05:37:01","guid":{"rendered":"http:\/\/www.arnaudom.fr\/wordpress\/?page_id=8791"},"modified":"2022-08-19T10:34:52","modified_gmt":"2022-08-19T08:34:52","slug":"temperature","status":"publish","type":"page","link":"https:\/\/www.arnaudom.fr\/wordpress\/temperature\/","title":{"rendered":"temperature"},"content":{"rendered":"\t\t<div data-elementor-type=\"wp-page\" data-elementor-id=\"8791\" class=\"elementor elementor-8791\">\n\t\t\t\t\t\t<div class=\"elementor-inner\">\n\t\t\t\t<div class=\"elementor-section-wrap\">\n\t\t\t\t\t\t\t\t\t<section class=\"elementor-section elementor-top-section elementor-element elementor-element-2c59557c elementor-section-full_width elementor-section-height-default elementor-section-height-default\" data-id=\"2c59557c\" data-element_type=\"section\" data-settings=\"{&quot;background_background&quot;:&quot;classic&quot;}\">\n\t\t\t\t\t\t<div class=\"elementor-container elementor-column-gap-default\">\n\t\t\t\t\t\t\t<div class=\"elementor-row\">\n\t\t\t\t\t<div class=\"elementor-column elementor-col-100 elementor-top-column elementor-element elementor-element-5ac9928e\" data-id=\"5ac9928e\" data-element_type=\"column\" data-settings=\"{&quot;background_background&quot;:&quot;classic&quot;}\">\n\t\t\t<div class=\"elementor-column-wrap elementor-element-populated\">\n\t\t\t\t\t\t\t<div class=\"elementor-widget-wrap\">\n\t\t\t\t\t\t<div class=\"elementor-element elementor-element-369cbeff elementor-widget elementor-widget-heading\" data-id=\"369cbeff\" data-element_type=\"widget\" data-widget_type=\"heading.default\">\n\t\t\t\t<div class=\"elementor-widget-container\">\n\t\t\t<h1 class=\"elementor-heading-title elementor-size-default\">Mesurer la temp\u00e9rature d'une \u00e9toile<\/h1>\t\t<\/div>\n\t\t\t\t<\/div>\n\t\t\t\t<div class=\"elementor-element elementor-element-45c65bdb elementor-widget elementor-widget-heading\" data-id=\"45c65bdb\" data-element_type=\"widget\" data-widget_type=\"heading.default\">\n\t\t\t\t<div class=\"elementor-widget-container\">\n\t\t\t<h2 class=\"elementor-heading-title elementor-size-default\">Pr\u00e9paration<\/h2>\t\t<\/div>\n\t\t\t\t<\/div>\n\t\t\t\t<div class=\"elementor-element elementor-element-37f6efff elementor-drop-cap-yes elementor-drop-cap-view-default elementor-widget elementor-widget-text-editor\" data-id=\"37f6efff\" data-element_type=\"widget\" data-settings=\"{&quot;drop_cap&quot;:&quot;yes&quot;}\" data-widget_type=\"text-editor.default\">\n\t\t\t\t<div class=\"elementor-widget-container\">\n\t\t\t\t\t\t\t\t<div class=\"elementor-text-editor elementor-clearfix\">\n\t\t\t\t<p><span style=\"color: #000000;\">Bon, je l&rsquo;avoue tout net, le titre de ma page est assez pr\u00e9tentieux ! &#8230; En fait on ne va pas r\u00e9ellement mesurer la temp\u00e9rature d&rsquo;une \u00e9toile, mais plut\u00f4t en faire une estimation, ce qui n&rsquo;est d\u00e9j\u00e0 pas si mal avec un simple Star Analyser. Pour cela, il nous faut :<br \/>&#8211; les spectres 1D de nos \u00e9toiles, corrig\u00e9s de la r\u00e9ponse exp\u00e9rimentale (voir <a href=\"http:\/\/www.arnaudom.fr\/wordpress\/spectreri\/\" target=\"_blank\" rel=\"noopener\">l&rsquo;article consacr\u00e9 \u00e0 ce sujet<\/a>).<br \/>&#8211; le logiciel Vspec (gratuit), que l&rsquo;on peut <a href=\"http:\/\/www.astrosurf.com\/vdesnoux\/download.html\" target=\"_blank\" rel=\"noopener\">t\u00e9l\u00e9charger \u00e0 cette adresse<\/a>.<br \/>Les spectres, cr\u00e9\u00e9s dans ISIS, doivent \u00eatre sauvegard\u00e9s au format <b>.dat<\/b> pour \u00eatre lus dans Vspec. Ensuite la manipulation est tr\u00e8s simple.<br \/><\/span><\/p>\t\t\t\t\t<\/div>\n\t\t\t\t\t\t<\/div>\n\t\t\t\t<\/div>\n\t\t\t\t<div class=\"elementor-element elementor-element-d37e7c8 elementor-widget elementor-widget-heading\" data-id=\"d37e7c8\" data-element_type=\"widget\" data-widget_type=\"heading.default\">\n\t\t\t\t<div class=\"elementor-widget-container\">\n\t\t\t<h2 class=\"elementor-heading-title elementor-size-default\">Estimation de la temp\u00e9rature d'une \u00e9toile<\/h2>\t\t<\/div>\n\t\t\t\t<\/div>\n\t\t\t\t<div class=\"elementor-element elementor-element-1a218e3 elementor-drop-cap-yes elementor-drop-cap-view-default elementor-widget elementor-widget-text-editor\" data-id=\"1a218e3\" data-element_type=\"widget\" data-settings=\"{&quot;drop_cap&quot;:&quot;yes&quot;}\" data-widget_type=\"text-editor.default\">\n\t\t\t\t<div class=\"elementor-widget-container\">\n\t\t\t\t\t\t\t\t<div class=\"elementor-text-editor elementor-clearfix\">\n\t\t\t\t<p><span style=\"color: #000000;\">Une fois le logiciel install\u00e9, il ne reste plus qu&rsquo;\u00e0 le lancer. On va dans le menu <b>Fichier<\/b> et on charge notre spectre en allant sur <strong>Ouvrir Profile<\/strong>, puis <b>OK<\/b>. <img loading=\"lazy\" decoding=\"async\" class=\"size-full wp-image-8802 aligncenter\" src=\"http:\/\/www.arnaudom.fr\/wordpress\/wp-content\/uploads\/2022\/08\/isis074.jpg\" alt=\"\" width=\"942\" height=\"456\" srcset=\"https:\/\/www.arnaudom.fr\/wordpress\/wp-content\/uploads\/2022\/08\/isis074.jpg 942w, https:\/\/www.arnaudom.fr\/wordpress\/wp-content\/uploads\/2022\/08\/isis074-300x145.jpg 300w, https:\/\/www.arnaudom.fr\/wordpress\/wp-content\/uploads\/2022\/08\/isis074-768x372.jpg 768w\" sizes=\"auto, (max-width: 942px) 100vw, 942px\" \/><\/span><\/p>\n<p><span style=\"color: #000000;\">Dans cet exemple, j&rsquo;ai pris le spectre corrig\u00e9 de l&rsquo;\u00e9toile Procyon.<\/span><\/p>\n<p><img loading=\"lazy\" decoding=\"async\" class=\"size-full wp-image-8805\" src=\"http:\/\/www.arnaudom.fr\/wordpress\/wp-content\/uploads\/2022\/08\/isis075.jpg\" alt=\"\" width=\"900\" height=\"492\" srcset=\"https:\/\/www.arnaudom.fr\/wordpress\/wp-content\/uploads\/2022\/08\/isis075.jpg 900w, https:\/\/www.arnaudom.fr\/wordpress\/wp-content\/uploads\/2022\/08\/isis075-300x164.jpg 300w, https:\/\/www.arnaudom.fr\/wordpress\/wp-content\/uploads\/2022\/08\/isis075-768x420.jpg 768w\" sizes=\"auto, (max-width: 900px) 100vw, 900px\" \/><\/p>\n<p><span style=\"color: #000000;\">Maintenant, nous allons dans le menu <b>Radiom\u00e9trie<\/b> et on s\u00e9lectionne la fonction <b>Auto Planck<\/b> :<\/span><\/p>\n<p><img loading=\"lazy\" decoding=\"async\" class=\"size-full wp-image-8808 aligncenter\" src=\"http:\/\/www.arnaudom.fr\/wordpress\/wp-content\/uploads\/2022\/08\/isis076.jpg\" alt=\"\" width=\"226\" height=\"158\"><\/p>\n<p><span style=\"color: #000000;\">G\u00e9n\u00e9ralement je remplace la valeur <b>Step<\/b> par 100 pour avoir un r\u00e9sultat plus pr\u00e9cis, puis on clique sur <b>OK<\/b>.<br>Une courbe noir s&rsquo;affiche, qui essaie d&rsquo;approximer le profil g\u00e9n\u00e9ral du spectre.<\/span><\/p>\n<p><img loading=\"lazy\" decoding=\"async\" class=\"size-full wp-image-8810 aligncenter\" src=\"http:\/\/www.arnaudom.fr\/wordpress\/wp-content\/uploads\/2022\/08\/isis077.jpg\" alt=\"\" width=\"950\" height=\"513\" srcset=\"https:\/\/www.arnaudom.fr\/wordpress\/wp-content\/uploads\/2022\/08\/isis077.jpg 950w, https:\/\/www.arnaudom.fr\/wordpress\/wp-content\/uploads\/2022\/08\/isis077-300x162.jpg 300w, https:\/\/www.arnaudom.fr\/wordpress\/wp-content\/uploads\/2022\/08\/isis077-768x415.jpg 768w\" sizes=\"auto, (max-width: 950px) 100vw, 950px\" \/><\/p>\n<p><span style=\"color: #000000;\">En allant dans le menu d\u00e9roulant en haut \u00e0 gauche, sous intensit\u00e9, on lit une valeur du type <b>PLA_6800<\/b> : le nombre indiqu\u00e9 est une approximation de la temp\u00e9rature en Kelvin de l&rsquo;\u00e9toile, soit 6800\u00b0 K pour Procyon.<br><\/span><\/p>\n<p><span style=\"color: #000000;\"><img loading=\"lazy\" decoding=\"async\" class=\"size-full wp-image-8812 aligncenter\" src=\"http:\/\/www.arnaudom.fr\/wordpress\/wp-content\/uploads\/2022\/08\/isis078.jpg\" alt=\"\" width=\"273\" height=\"219\"><\/span><\/p>\n<p><span style=\"color: #000000;\">En cherchant dans les catalogues de r\u00e9f\u00e9rence (on verra ci-apr\u00e8s comment faire), on trouve que la temp\u00e9rature de l&rsquo;\u00e9toile est donn\u00e9e entre 6300 et 6700 K. Notre r\u00e9sultat n&rsquo;est donc pas si mal !<\/span><\/p>\n<p><span style=\"color: #000000;\">Voil\u00e0, obtenir une estimation des temp\u00e9ratures des \u00e9toiles avec Vspec est donc tr\u00e8s simple \u00e0 faire !<\/span><\/p>\t\t\t\t\t<\/div>\n\t\t\t\t\t\t<\/div>\n\t\t\t\t<\/div>\n\t\t\t\t<div class=\"elementor-element elementor-element-f9a6032 elementor-widget elementor-widget-heading\" data-id=\"f9a6032\" data-element_type=\"widget\" data-widget_type=\"heading.default\">\n\t\t\t\t<div class=\"elementor-widget-container\">\n\t\t\t<h2 class=\"elementor-heading-title elementor-size-default\">R\u00e9sultats obtenus sur quelques spectres<\/h2>\t\t<\/div>\n\t\t\t\t<\/div>\n\t\t\t\t<div class=\"elementor-element elementor-element-6a8f969 elementor-drop-cap-yes elementor-drop-cap-view-default elementor-widget elementor-widget-text-editor\" data-id=\"6a8f969\" data-element_type=\"widget\" data-settings=\"{&quot;drop_cap&quot;:&quot;yes&quot;}\" data-widget_type=\"text-editor.default\">\n\t\t\t\t<div class=\"elementor-widget-container\">\n\t\t\t\t\t\t\t\t<div class=\"elementor-text-editor elementor-clearfix\">\n\t\t\t\t<p style=\"text-align: center;\"><strong><span style=\"color: #000000;\">Spectre de Sirius :<\/span><\/strong><\/p><p><img loading=\"lazy\" decoding=\"async\" class=\"size-full wp-image-8822 aligncenter\" src=\"http:\/\/www.arnaudom.fr\/wordpress\/wp-content\/uploads\/2022\/08\/isis079.jpg\" alt=\"\" width=\"674\" height=\"400\" srcset=\"https:\/\/www.arnaudom.fr\/wordpress\/wp-content\/uploads\/2022\/08\/isis079.jpg 674w, https:\/\/www.arnaudom.fr\/wordpress\/wp-content\/uploads\/2022\/08\/isis079-300x178.jpg 300w\" sizes=\"auto, (max-width: 674px) 100vw, 674px\" \/><\/p><p><span style=\"color: #000000;\">La temp\u00e9rature estim\u00e9e est de 8900 K. Le catalogue de r\u00e9f\u00e9rence nous donne une temp\u00e9rature dans les 9800 K, soit une marge d&rsquo;erreur de 9%.<\/span><\/p><p style=\"text-align: center;\"><strong><span style=\"color: #000000;\">Spectre de Capella :<\/span><\/strong><\/p><p><img loading=\"lazy\" decoding=\"async\" class=\"size-full wp-image-8825 aligncenter\" src=\"http:\/\/www.arnaudom.fr\/wordpress\/wp-content\/uploads\/2022\/08\/isis080.jpg\" alt=\"\" width=\"734\" height=\"400\" srcset=\"https:\/\/www.arnaudom.fr\/wordpress\/wp-content\/uploads\/2022\/08\/isis080.jpg 734w, https:\/\/www.arnaudom.fr\/wordpress\/wp-content\/uploads\/2022\/08\/isis080-300x163.jpg 300w\" sizes=\"auto, (max-width: 734px) 100vw, 734px\" \/><\/p><p><span style=\"color: #000000;\">La temp\u00e9rature estim\u00e9e est de 5000 K. Le catalogue de r\u00e9f\u00e9rence nous donne une temp\u00e9rature dans les 5100 K, soit une marge d&rsquo;erreur de 2%.<\/span><\/p><p style=\"text-align: center;\"><strong><span style=\"color: #000000;\">Spectre de Pollux :<\/span><\/strong><\/p><p><img loading=\"lazy\" decoding=\"async\" class=\"size-full wp-image-8828 aligncenter\" src=\"http:\/\/www.arnaudom.fr\/wordpress\/wp-content\/uploads\/2022\/08\/isis081.jpg\" alt=\"\" width=\"759\" height=\"400\" srcset=\"https:\/\/www.arnaudom.fr\/wordpress\/wp-content\/uploads\/2022\/08\/isis081.jpg 759w, https:\/\/www.arnaudom.fr\/wordpress\/wp-content\/uploads\/2022\/08\/isis081-300x158.jpg 300w\" sizes=\"auto, (max-width: 759px) 100vw, 759px\" \/><\/p><p><span style=\"color: #000000;\">La temp\u00e9rature estim\u00e9e est de 4200 K. Le catalogue de r\u00e9f\u00e9rence nous donne une temp\u00e9rature dans les 4800 K, soit une marge d&rsquo;erreur de 12,5%.<\/span><\/p><p style=\"text-align: center;\"><strong><span style=\"color: #000000;\">Spectre de B\u00e9telgeuse :<\/span><\/strong><\/p><p><img loading=\"lazy\" decoding=\"async\" class=\"size-full wp-image-8830 aligncenter\" src=\"http:\/\/www.arnaudom.fr\/wordpress\/wp-content\/uploads\/2022\/08\/isis082.jpg\" alt=\"\" width=\"754\" height=\"400\" srcset=\"https:\/\/www.arnaudom.fr\/wordpress\/wp-content\/uploads\/2022\/08\/isis082.jpg 754w, https:\/\/www.arnaudom.fr\/wordpress\/wp-content\/uploads\/2022\/08\/isis082-300x159.jpg 300w\" sizes=\"auto, (max-width: 754px) 100vw, 754px\" \/><\/p><p><span style=\"color: #000000;\">La temp\u00e9rature estim\u00e9e est de 3000 K. Le catalogue de r\u00e9f\u00e9rence nous donne une temp\u00e9rature dans les 3500 K, soit une marge d&rsquo;erreur de 14%.<br \/><\/span><\/p><p><span style=\"color: #000000;\">Comme on le voit, on peut obtenir une estimation des temp\u00e9ratures avec plus ou moins de pr\u00e9cision, mais il est tr\u00e8s int\u00e9ressant de voir que l&rsquo;on peut obtenir ce genre de mesure avec un simple Star Analyser !<br \/><\/span><\/p>\t\t\t\t\t<\/div>\n\t\t\t\t\t\t<\/div>\n\t\t\t\t<\/div>\n\t\t\t\t<div class=\"elementor-element elementor-element-a2eb066 elementor-widget elementor-widget-heading\" data-id=\"a2eb066\" data-element_type=\"widget\" data-widget_type=\"heading.default\">\n\t\t\t\t<div class=\"elementor-widget-container\">\n\t\t\t<h2 class=\"elementor-heading-title elementor-size-default\">Trouver la temp\u00e9rature d'une \u00e9toile donn\u00e9e avec Vizier<\/h2>\t\t<\/div>\n\t\t\t\t<\/div>\n\t\t\t\t<div class=\"elementor-element elementor-element-0520d0f elementor-drop-cap-yes elementor-drop-cap-view-default elementor-widget elementor-widget-text-editor\" data-id=\"0520d0f\" data-element_type=\"widget\" data-settings=\"{&quot;drop_cap&quot;:&quot;yes&quot;}\" data-widget_type=\"text-editor.default\">\n\t\t\t\t<div class=\"elementor-widget-container\">\n\t\t\t\t\t\t\t\t<div class=\"elementor-text-editor elementor-clearfix\">\n\t\t\t\t<p><span style=\"color: #000000;\">J&rsquo;ai parl\u00e9 depuis le d\u00e9but de cette page de catalogue de r\u00e9f\u00e9rence pour trouve la temp\u00e9rature d&rsquo;une \u00e9toile. S&rsquo;il est vrai que l&rsquo;on peut trouver quelques informations \u00e0 ce sujet sur internet en tapant le nom de quelques \u00e9toiles c\u00e9l\u00e8bres, il est int\u00e9ressant de pouvoir acc\u00e9der \u00e0 ce type de donn\u00e9es pour n&rsquo;importe quelle \u00e9toile.<br>Pour cela, il suffit d&rsquo;aller sur le site de Vizier : <a href=\"http:\/\/vizier.u-strasbg.fr\/viz-bin\/VizieR\" target=\"_blank\" rel=\"noopener\">http:\/\/vizier.u-strasbg.fr\/viz-bin\/VizieR<\/a> qui permet d&rsquo;acc\u00e9der \u00e0 de multiples catalogues de r\u00e9f\u00e9rence pour l&rsquo;astronomie.<br>Dans la case <b>Find catalogs&#8230;<\/b> on va taper pastel (un catalogue qui recensent des donn\u00e9es sur les \u00e9toiles, et donc en particulier leur temp\u00e9rature) puis on clique sur <b>Find<\/b>.<\/span><\/p>\n<p><span style=\"color: #000000;\"><img loading=\"lazy\" decoding=\"async\" class=\"size-full wp-image-8834 aligncenter\" src=\"http:\/\/www.arnaudom.fr\/wordpress\/wp-content\/uploads\/2022\/08\/isis083.jpg\" alt=\"\" width=\"900\" height=\"412\" srcset=\"https:\/\/www.arnaudom.fr\/wordpress\/wp-content\/uploads\/2022\/08\/isis083.jpg 900w, https:\/\/www.arnaudom.fr\/wordpress\/wp-content\/uploads\/2022\/08\/isis083-300x137.jpg 300w, https:\/\/www.arnaudom.fr\/wordpress\/wp-content\/uploads\/2022\/08\/isis083-768x352.jpg 768w\" sizes=\"auto, (max-width: 900px) 100vw, 900px\" \/><\/span><\/p>\n<p><span style=\"color: #000000;\">Sur la nouvelle page qui s&rsquo;affiche, on peut maintenant entrer le nom de l&rsquo;\u00e9toile qui nous int\u00e9resse, par exemple Sirius.<\/span><\/p>\n<p><span style=\"color: #000000;\"> <img loading=\"lazy\" decoding=\"async\" class=\"size-full wp-image-8836 aligncenter\" src=\"http:\/\/www.arnaudom.fr\/wordpress\/wp-content\/uploads\/2022\/08\/isis084.jpg\" alt=\"\" width=\"900\" height=\"511\" srcset=\"https:\/\/www.arnaudom.fr\/wordpress\/wp-content\/uploads\/2022\/08\/isis084.jpg 900w, https:\/\/www.arnaudom.fr\/wordpress\/wp-content\/uploads\/2022\/08\/isis084-300x170.jpg 300w, https:\/\/www.arnaudom.fr\/wordpress\/wp-content\/uploads\/2022\/08\/isis084-768x436.jpg 768w\" sizes=\"auto, (max-width: 900px) 100vw, 900px\" \/><\/span><\/p>\n<p><span style=\"color: #000000;\">On obtient alors une liste de donn\u00e9es. Il faut alors chercher dans la colonne <b>Teff<\/b> (pour temp\u00e9rature effective) les valeurs qui donnent la temp\u00e9rature de l&rsquo;\u00e9toile.<\/span><\/p>\n<p><img loading=\"lazy\" decoding=\"async\" class=\"size-full wp-image-8838 aligncenter\" src=\"http:\/\/www.arnaudom.fr\/wordpress\/wp-content\/uploads\/2022\/08\/isis085.jpg\" alt=\"\" width=\"900\" height=\"376\" srcset=\"https:\/\/www.arnaudom.fr\/wordpress\/wp-content\/uploads\/2022\/08\/isis085.jpg 900w, https:\/\/www.arnaudom.fr\/wordpress\/wp-content\/uploads\/2022\/08\/isis085-300x125.jpg 300w, https:\/\/www.arnaudom.fr\/wordpress\/wp-content\/uploads\/2022\/08\/isis085-768x321.jpg 768w\" sizes=\"auto, (max-width: 900px) 100vw, 900px\" \/><\/p>\n<p><span style=\"color: #000000;\">Comme on peut le voir, on obtient des donn\u00e9es qui varient de 9000 K \u00e0 10500 K, la majorit\u00e9 des temp\u00e9ratures tournant autour de 9800 K. <br><\/span><\/p>\n<p><\/p>\t\t\t\t\t<\/div>\n\t\t\t\t\t\t<\/div>\n\t\t\t\t<\/div>\n\t\t\t\t\t\t<\/div>\n\t\t\t\t\t<\/div>\n\t\t<\/div>\n\t\t\t\t\t\t\t\t<\/div>\n\t\t\t\t\t<\/div>\n\t\t<\/section>\n\t\t\t\t\t\t\t\t\t<\/div>\n\t\t\t<\/div>\n\t\t\t\t\t<\/div>\n\t\t","protected":false},"excerpt":{"rendered":"<p>Mesurer la temp\u00e9rature d&rsquo;une \u00e9toile Pr\u00e9paration Bon, je l&rsquo;avoue tout net, le titre de ma page est assez pr\u00e9tentieux ! &#8230; En fait on ne va pas r\u00e9ellement mesurer la temp\u00e9rature d&rsquo;une \u00e9toile, mais plut\u00f4t en faire une estimation, ce qui n&rsquo;est d\u00e9j\u00e0 pas si mal avec un simple Star Analyser. Pour cela, il nous &hellip;<\/p>\n<p class=\"read-more\"> <a class=\"\" href=\"https:\/\/www.arnaudom.fr\/wordpress\/temperature\/\"> <span class=\"screen-reader-text\">temperature<\/span> Lire la suite\u00a0\u00bb<\/a><\/p>\n","protected":false},"author":1,"featured_media":0,"parent":0,"menu_order":0,"comment_status":"closed","ping_status":"closed","template":"","meta":{"site-sidebar-layout":"default","site-content-layout":"default","ast-site-content-layout":"","site-content-style":"default","site-sidebar-style":"default","ast-global-header-display":"","ast-banner-title-visibility":"","ast-main-header-display":"","ast-hfb-above-header-display":"","ast-hfb-below-header-display":"","ast-hfb-mobile-header-display":"","site-post-title":"disabled","ast-breadcrumbs-content":"","ast-featured-img":"disabled","footer-sml-layout":"","theme-transparent-header-meta":"default","adv-header-id-meta":"","stick-header-meta":"","header-above-stick-meta":"","header-main-stick-meta":"","header-below-stick-meta":"","astra-migrate-meta-layouts":"","ast-page-background-enabled":"default","ast-page-background-meta":{"desktop":{"background-color":"","background-image":"","background-repeat":"repeat","background-position":"center center","background-size":"auto","background-attachment":"scroll","background-type":"","background-media":"","overlay-type":"","overlay-color":"","overlay-gradient":""},"tablet":{"background-color":"","background-image":"","background-repeat":"repeat","background-position":"center center","background-size":"auto","background-attachment":"scroll","background-type":"","background-media":"","overlay-type":"","overlay-color":"","overlay-gradient":""},"mobile":{"background-color":"","background-image":"","background-repeat":"repeat","background-position":"center center","background-size":"auto","background-attachment":"scroll","background-type":"","background-media":"","overlay-type":"","overlay-color":"","overlay-gradient":""}},"ast-content-background-meta":{"desktop":{"background-color":"var(--ast-global-color-5)","background-image":"","background-repeat":"repeat","background-position":"center center","background-size":"auto","background-attachment":"scroll","background-type":"","background-media":"","overlay-type":"","overlay-color":"","overlay-gradient":""},"tablet":{"background-color":"var(--ast-global-color-5)","background-image":"","background-repeat":"repeat","background-position":"center center","background-size":"auto","background-attachment":"scroll","background-type":"","background-media":"","overlay-type":"","overlay-color":"","overlay-gradient":""},"mobile":{"background-color":"var(--ast-global-color-5)","background-image":"","background-repeat":"repeat","background-position":"center center","background-size":"auto","background-attachment":"scroll","background-type":"","background-media":"","overlay-type":"","overlay-color":"","overlay-gradient":""}},"footnotes":""},"class_list":["post-8791","page","type-page","status-publish","hentry"],"_links":{"self":[{"href":"https:\/\/www.arnaudom.fr\/wordpress\/wp-json\/wp\/v2\/pages\/8791","targetHints":{"allow":["GET"]}}],"collection":[{"href":"https:\/\/www.arnaudom.fr\/wordpress\/wp-json\/wp\/v2\/pages"}],"about":[{"href":"https:\/\/www.arnaudom.fr\/wordpress\/wp-json\/wp\/v2\/types\/page"}],"author":[{"embeddable":true,"href":"https:\/\/www.arnaudom.fr\/wordpress\/wp-json\/wp\/v2\/users\/1"}],"replies":[{"embeddable":true,"href":"https:\/\/www.arnaudom.fr\/wordpress\/wp-json\/wp\/v2\/comments?post=8791"}],"version-history":[{"count":25,"href":"https:\/\/www.arnaudom.fr\/wordpress\/wp-json\/wp\/v2\/pages\/8791\/revisions"}],"predecessor-version":[{"id":8842,"href":"https:\/\/www.arnaudom.fr\/wordpress\/wp-json\/wp\/v2\/pages\/8791\/revisions\/8842"}],"wp:attachment":[{"href":"https:\/\/www.arnaudom.fr\/wordpress\/wp-json\/wp\/v2\/media?parent=8791"}],"curies":[{"name":"wp","href":"https:\/\/api.w.org\/{rel}","templated":true}]}}