{"id":864,"date":"2018-08-10T19:45:20","date_gmt":"2018-08-10T17:45:20","guid":{"rendered":"http:\/\/www.arnaudom.fr\/wordpress\/?page_id=864"},"modified":"2020-08-06T01:13:03","modified_gmt":"2020-08-05T23:13:03","slug":"materiel-confirme","status":"publish","type":"page","link":"https:\/\/www.arnaudom.fr\/wordpress\/materiel-confirme\/","title":{"rendered":"Mat\u00e9riel confirm\u00e9"},"content":{"rendered":"\t\t<div data-elementor-type=\"wp-post\" data-elementor-id=\"864\" class=\"elementor elementor-864 elementor-bc-flex-widget\">\n\t\t\t\t\t\t<div class=\"elementor-inner\">\n\t\t\t\t<div class=\"elementor-section-wrap\">\n\t\t\t\t\t\t\t\t\t<section class=\"elementor-section elementor-top-section elementor-element elementor-element-7d7f6cb elementor-section-boxed elementor-section-height-default elementor-section-height-default\" data-id=\"7d7f6cb\" data-element_type=\"section\">\n\t\t\t\t\t\t<div class=\"elementor-container elementor-column-gap-default\">\n\t\t\t\t\t\t\t<div class=\"elementor-row\">\n\t\t\t\t\t<div class=\"elementor-column elementor-col-100 elementor-top-column elementor-element elementor-element-6eec65d\" data-id=\"6eec65d\" data-element_type=\"column\" data-settings=\"{&quot;background_background&quot;:&quot;classic&quot;}\">\n\t\t\t<div class=\"elementor-column-wrap elementor-element-populated\">\n\t\t\t\t\t\t\t<div class=\"elementor-widget-wrap\">\n\t\t\t\t\t\t<div class=\"elementor-element elementor-element-e3ceb81 elementor-widget elementor-widget-heading\" data-id=\"e3ceb81\" data-element_type=\"widget\" data-widget_type=\"heading.default\">\n\t\t\t\t<div class=\"elementor-widget-container\">\n\t\t\t<h1 class=\"elementor-heading-title elementor-size-default\">T\u00e9lescope GSO 200\/800 sur Sky View Pro<\/h1>\t\t<\/div>\n\t\t\t\t<\/div>\n\t\t\t\t<div class=\"elementor-element elementor-element-64f006b elementor-widget elementor-widget-heading\" data-id=\"64f006b\" data-element_type=\"widget\" data-widget_type=\"heading.default\">\n\t\t\t\t<div class=\"elementor-widget-container\">\n\t\t\t<h2 class=\"elementor-heading-title elementor-size-default\">T\u00e9lescope GSO 200\/800 :<\/h2>\t\t<\/div>\n\t\t\t\t<\/div>\n\t\t\t\t<div class=\"elementor-element elementor-element-8e3ae99 elementor-position-left elementor-vertical-align-middle elementor-widget elementor-widget-image-box\" data-id=\"8e3ae99\" data-element_type=\"widget\" data-widget_type=\"image-box.default\">\n\t\t\t\t<div class=\"elementor-widget-container\">\n\t\t\t<div class=\"elementor-image-box-wrapper\"><figure class=\"elementor-image-box-img\"><img loading=\"lazy\" decoding=\"async\" width=\"250\" height=\"333\" src=\"https:\/\/www.arnaudom.fr\/wordpress\/wp-content\/uploads\/2018\/08\/200800.jpg\" class=\"attachment-full size-full wp-image-867\" alt=\"\" srcset=\"https:\/\/www.arnaudom.fr\/wordpress\/wp-content\/uploads\/2018\/08\/200800.jpg 250w, https:\/\/www.arnaudom.fr\/wordpress\/wp-content\/uploads\/2018\/08\/200800-225x300.jpg 225w\" sizes=\"auto, (max-width: 250px) 100vw, 250px\" \/><\/figure><div class=\"elementor-image-box-content\"><p class=\"elementor-image-box-description\">Le diam\u00e8tre de 200 mm associ\u00e9 \u00e0 la focale de 800 mm fait de ce t\u00e9l\u00e9scope un instrument sp\u00e9cialis\u00e9 dans l'observation (et aussi la photo) du ciel profond. Il est relativement peu encombrant pour un Newton de 200 mm, puisque le tube ne mesure que 73 cm de long. L'ensemble tube avec chercheur, colliers et queue d'arronde p\u00e8se 8,7 kg.<\/p><\/div><\/div>\t\t<\/div>\n\t\t\t\t<\/div>\n\t\t\t\t<div class=\"elementor-element elementor-element-31a58f6 elementor-position-right elementor-vertical-align-middle elementor-widget elementor-widget-image-box\" data-id=\"31a58f6\" data-element_type=\"widget\" data-widget_type=\"image-box.default\">\n\t\t\t\t<div class=\"elementor-widget-container\">\n\t\t\t<div class=\"elementor-image-box-wrapper\"><figure class=\"elementor-image-box-img\"><img loading=\"lazy\" decoding=\"async\" width=\"250\" height=\"193\" src=\"https:\/\/www.arnaudom.fr\/wordpress\/wp-content\/uploads\/2018\/08\/Crayford.jpg\" class=\"attachment-full size-full wp-image-870\" alt=\"\" \/><\/figure><div class=\"elementor-image-box-content\"><p class=\"elementor-image-box-description\">Le porte-oculaire d'origine est un Crayford, qui permet une mise au point tr\u00e8s douce. Cependant il a fallu resserrer quelques vis car il lui est arriv\u00e9 de se desserrer et de tourner dans le vide. Il est au coulant 50,8 mm avec un adaptateur de 31,75 mm. Il est \u00e0 noter que le t\u00e9l\u00e9scope est livr\u00e9 avec un tube allonge de 35 mm, qui s'ins\u00e8re dans le porte-oculaire, et qui est n\u00e9cessaire pour atteindre la mise au point en visuel. L'avantage de ce syst\u00e8me est qu'en enlevant le tube allonge, on peut atteindre le foyer de l'instrument pour faire de la photo. Ainsi, je peux utiliser ma webcam au foyer de l'instrument, mais aussi \u00e0 l'aide du r\u00e9ducteur de focale en enlevant le tube allonge. <\/p><\/div><\/div>\t\t<\/div>\n\t\t\t\t<\/div>\n\t\t\t\t<div class=\"elementor-element elementor-element-f79c813 elementor-position-left elementor-vertical-align-middle elementor-widget elementor-widget-image-box\" data-id=\"f79c813\" data-element_type=\"widget\" data-widget_type=\"image-box.default\">\n\t\t\t\t<div class=\"elementor-widget-container\">\n\t\t\t<div class=\"elementor-image-box-wrapper\"><figure class=\"elementor-image-box-img\"><img loading=\"lazy\" decoding=\"async\" width=\"250\" height=\"158\" src=\"https:\/\/www.arnaudom.fr\/wordpress\/wp-content\/uploads\/2018\/08\/Chercheur8x50.jpg\" class=\"attachment-full size-full wp-image-868\" alt=\"\" \/><\/figure><div class=\"elementor-image-box-content\"><p class=\"elementor-image-box-description\">Le chercheur fourni est un 8x50, qui se fixe par un syt\u00e8me type queue d'arronde sur le tube. Il est vraiment tr\u00e8s pratique par rapport \u00e0 ce que j'ai utilis\u00e9 jusqu'\u00e0 maintenant. Il faut en r\u00e9gler la nettet\u00e9 la premi\u00e8re fois qu'on l'utilise, puis on verrouille la mise au point une fois pour toute \u00e0 l'aide d'une bague de blocage. L'alignement du chercheur est tr\u00e8s facile car il suffit de r\u00e9gler deux vis seulement. Enfin il est vraiment tr\u00e8s lumineux : les gros amas globulaires par exemple sont visibles directement au chercheur. <\/p><\/div><\/div>\t\t<\/div>\n\t\t\t\t<\/div>\n\t\t\t\t<div class=\"elementor-element elementor-element-f12a353 elementor-position-right elementor-vertical-align-middle elementor-widget elementor-widget-image-box\" data-id=\"f12a353\" data-element_type=\"widget\" data-widget_type=\"image-box.default\">\n\t\t\t\t<div class=\"elementor-widget-container\">\n\t\t\t<div class=\"elementor-image-box-wrapper\"><figure class=\"elementor-image-box-img\"><img loading=\"lazy\" decoding=\"async\" width=\"194\" height=\"167\" src=\"https:\/\/www.arnaudom.fr\/wordpress\/wp-content\/uploads\/2018\/08\/Ventilo.jpg\" class=\"attachment-full size-full wp-image-869\" alt=\"\" \/><\/figure><div class=\"elementor-image-box-content\"><p class=\"elementor-image-box-description\">L' arri\u00e8re du t\u00e9lescope est \u00e9quip\u00e9 d'un ventilateur destin\u00e9 \u00e0 acc\u00e9l\u00e9rer la mise en temp\u00e9rature. Je ne me prononcerais pas sur l'efficacit\u00e9 ou l'utilit\u00e9 d'un tel dispositif, ne l'ayant pas vraiment encore test\u00e9. <\/p><\/div><\/div>\t\t<\/div>\n\t\t\t\t<\/div>\n\t\t\t\t<div class=\"elementor-element elementor-element-e13cf46 elementor-widget elementor-widget-heading\" data-id=\"e13cf46\" data-element_type=\"widget\" data-widget_type=\"heading.default\">\n\t\t\t\t<div class=\"elementor-widget-container\">\n\t\t\t<h2 class=\"elementor-heading-title elementor-size-default\">Monture Sky View Pro :<\/h2>\t\t<\/div>\n\t\t\t\t<\/div>\n\t\t\t\t<div class=\"elementor-element elementor-element-604446e elementor-position-left elementor-vertical-align-middle elementor-widget elementor-widget-image-box\" data-id=\"604446e\" data-element_type=\"widget\" data-widget_type=\"image-box.default\">\n\t\t\t\t<div class=\"elementor-widget-container\">\n\t\t\t<div class=\"elementor-image-box-wrapper\"><figure class=\"elementor-image-box-img\"><img loading=\"lazy\" decoding=\"async\" width=\"213\" height=\"316\" src=\"https:\/\/www.arnaudom.fr\/wordpress\/wp-content\/uploads\/2018\/08\/SVP.jpg\" class=\"attachment-full size-full wp-image-871\" alt=\"\" srcset=\"https:\/\/www.arnaudom.fr\/wordpress\/wp-content\/uploads\/2018\/08\/SVP.jpg 213w, https:\/\/www.arnaudom.fr\/wordpress\/wp-content\/uploads\/2018\/08\/SVP-202x300.jpg 202w\" sizes=\"auto, (max-width: 213px) 100vw, 213px\" \/><\/figure><div class=\"elementor-image-box-content\"><p class=\"elementor-image-box-description\">La monture est la Sky View Pro d'Orion, sur laquelle le t\u00e9l\u00e9scope est fix\u00e9 par une queue d'arronde. Le tr\u00e9pied est tr\u00e8s solide et tr\u00e8s stable, les tubes des pieds sont larges et faciles \u00e0 r\u00e9gler en hauteur. Il faut trois contrepoids pour \u00e9quilibrer le t\u00e9l\u00e9scope. Il est \u00e0 not\u00e9 que l'\u00e9quilibrage a \u00e9t\u00e9 assez facile \u00e0 faire. L'ensemble d\u00e9gage un tr\u00e8s bonne impression de solidit\u00e9.<\/p><\/div><\/div>\t\t<\/div>\n\t\t\t\t<\/div>\n\t\t\t\t<div class=\"elementor-element elementor-element-5aa8b98 elementor-position-right elementor-vertical-align-middle elementor-widget elementor-widget-image-box\" data-id=\"5aa8b98\" data-element_type=\"widget\" data-widget_type=\"image-box.default\">\n\t\t\t\t<div class=\"elementor-widget-container\">\n\t\t\t<div class=\"elementor-image-box-wrapper\"><figure class=\"elementor-image-box-img\"><img loading=\"lazy\" decoding=\"async\" width=\"284\" height=\"274\" src=\"https:\/\/www.arnaudom.fr\/wordpress\/wp-content\/uploads\/2018\/08\/SVPViseur.jpg\" class=\"attachment-full size-full wp-image-875\" alt=\"\" \/><\/figure><div class=\"elementor-image-box-content\"><p class=\"elementor-image-box-description\">En gros plan, le viseur polaire Orion (livr\u00e9 en option) se visse \u00e0 l'int\u00e9rieur de la t\u00eate de la monture. Il est n\u00e9cessaire ensuite d'en r\u00e9gler le centrage, ce qui n'est pas tr\u00e8s ais\u00e9 ! Il suffit cependant de le faire une fois pour toute. Il est tr\u00e8s ais\u00e9 \u00e0 utiliser, car on se sert des dessins de la Grande Ourse et de Cassiop\u00e9e pour positionner l'\u00e9toile polaire, ce qui fait que la mise en station prend une minute tout au plus ! <\/p><\/div><\/div>\t\t<\/div>\n\t\t\t\t<\/div>\n\t\t\t\t<div class=\"elementor-element elementor-element-c17b284 elementor-position-left elementor-vertical-align-middle elementor-widget elementor-widget-image-box\" data-id=\"c17b284\" data-element_type=\"widget\" data-widget_type=\"image-box.default\">\n\t\t\t\t<div class=\"elementor-widget-container\">\n\t\t\t<div class=\"elementor-image-box-wrapper\"><figure class=\"elementor-image-box-img\"><img loading=\"lazy\" decoding=\"async\" width=\"233\" height=\"152\" src=\"https:\/\/www.arnaudom.fr\/wordpress\/wp-content\/uploads\/2018\/08\/SVPDec.jpg\" class=\"attachment-full size-full wp-image-873\" alt=\"\" \/><\/figure><div class=\"elementor-image-box-content\"><p class=\"elementor-image-box-description\">La monture poss\u00e8de une double motorisation (en option). Le moteur en ascension droite est facile \u00e0 monter et est prot\u00e9g\u00e9 par un capot en plastique. Par contre le moteur en d\u00e9clinaison est bizarre \u00e0 installer (voir photo), il est \u00e0 l'air libre ainsi qu'une partie de la plaque \u00e9lectronique o\u00f9 l'on branche la raquette. Ca fait pas tr\u00e8s pro tout \u00e7a ! <\/p><\/div><\/div>\t\t<\/div>\n\t\t\t\t<\/div>\n\t\t\t\t<div class=\"elementor-element elementor-element-b4ff4be elementor-position-right elementor-vertical-align-middle elementor-widget elementor-widget-image-box\" data-id=\"b4ff4be\" data-element_type=\"widget\" data-widget_type=\"image-box.default\">\n\t\t\t\t<div class=\"elementor-widget-container\">\n\t\t\t<div class=\"elementor-image-box-wrapper\"><figure class=\"elementor-image-box-img\"><img loading=\"lazy\" decoding=\"async\" width=\"258\" height=\"274\" src=\"https:\/\/www.arnaudom.fr\/wordpress\/wp-content\/uploads\/2018\/08\/SVPCercles.jpg\" class=\"attachment-full size-full wp-image-872\" alt=\"\" \/><\/figure><div class=\"elementor-image-box-content\"><p class=\"elementor-image-box-description\">Enfin, la monture poss\u00e8de de grands cercles pour le pointage des objets par coordonn\u00e9es. C'est sans doute la seule monture dans ce niveau de prix qui poss\u00e8de des cercles r\u00e9ellement utilisables. C'est d'ailleurs l'une des raisons principales qui m'a fait choisir cette monture. Apr\u00e8s quelques essais, il s'av\u00e8re que l'utilisation de ces cercles est r\u00e9ellement efficaces. Un tr\u00e8s bon point !<\/p><\/div><\/div>\t\t<\/div>\n\t\t\t\t<\/div>\n\t\t\t\t<div class=\"elementor-element elementor-element-6d42fa5 elementor-widget elementor-widget-heading\" data-id=\"6d42fa5\" data-element_type=\"widget\" data-widget_type=\"heading.default\">\n\t\t\t\t<div class=\"elementor-widget-container\">\n\t\t\t<h2 class=\"elementor-heading-title elementor-size-default\">Mon avis sur le 200\/800 :<\/h2>\t\t<\/div>\n\t\t\t\t<\/div>\n\t\t\t\t<div class=\"elementor-element elementor-element-c09cd09 elementor-widget elementor-widget-text-editor\" data-id=\"c09cd09\" data-element_type=\"widget\" data-widget_type=\"text-editor.default\">\n\t\t\t\t<div class=\"elementor-widget-container\">\n\t\t\t\t\t\t\t\t<div class=\"elementor-text-editor elementor-clearfix\">\n\t\t\t\t<p>Le 200\/800 est un t\u00e9lescope que j&rsquo;ai choisi pour r\u00e9pondre \u00e0 deux contraintes souvent contradictoires : je voulais d&rsquo;une part pouvoir progresser en observation, d&rsquo;o\u00f9 le choix d&rsquo;un diam\u00e8tre de 200 mm, et d&rsquo;autre part pouvoir progresser en photo du ciel profond, mais sans avoir les moyens d&rsquo;investir dans une monture trop on\u00e9reuse. Par cons\u00e9quent, je n&rsquo;envisageais pas de pouvoir faire des photos avec des longues poses (de plusieurs minutes), d&rsquo;o\u00f9 le choix d&rsquo;un 200\/800 car, avec un petit rapport F\/D de 4, un telescope capte plus de lumi\u00e8re en un temps de donn\u00e9 qu&rsquo;un autre t\u00e9lescope de m\u00eame diam\u00e8tre avec un F\/D plus \u00e9lev\u00e9 (comme un 200\/1200 par exemple). De plus la courte focale en fait un t\u00e9lescope relativement l\u00e9ger et compact, ce qui le rend adapt\u00e9 \u00e0 une monture pas trop lourde.<\/p><p>En r\u00e9sum\u00e9, ce t\u00e9lescope correspondait bien \u00e0 ce que je recherchais, \u00e0 savoir un compromis entre observation visuelle et photographie du ciel profond, \u00e0 la condition de se limiter \u00e0 des poses courtes.<\/p><p><span class=\"gras\"><b>Cependant, je ne conseillerai pas ce t\u00e9lescope \u00e0 un complet d\u00e9butant<\/b>.<\/span> J&rsquo;ai expliqu\u00e9 plus haut les avantages d&rsquo;avoir un instrument avec un petit rapport F\/D (tube compact et plus lumineux pour la photo), cependant ce m\u00eame rapport F\/D entra\u00eene les deux principaux inconv\u00e9nients suivants :<\/p><p>&#8211; plus le F\/D est petit, plus l&rsquo;image obtenue par le t\u00e9lescope produit de la \u00ab\u00a0coma\u00a0\u00bb. Ceci est un d\u00e9faut qui d\u00e9forme l&rsquo;image des \u00e9toiles au bord du champ observ\u00e9, les faisant appara\u00eetre comme de petites com\u00e8tes (d&rsquo;o\u00f9 le nom de ce d\u00e9faut). Et plus le F\/D diminue, plus l&rsquo;importance de ce d\u00e9faut augmente et plus le champ est entach\u00e9 de ces d\u00e9formations, qui se produisent aussi bien en visuel qu&rsquo;en photo. Pour corriger ce d\u00e9faut, il faut investir dans des oculaires d&rsquo;un certain niveau (en clair, d&rsquo;un certain prix !!) dont la conception optique limite ces d\u00e9fauts (personnellement j&rsquo;utilise des oculaires Hyperions qui, sans \u00eatre bon march\u00e9, restent relativement raisonnables en terme de prix et corrigent correctement la coma sur le 200\/800). Les oculaires d&rsquo;entr\u00e9e de gamme n&rsquo;offriront que des images tr\u00e8s d\u00e9form\u00e9es sur un tel instrument ! Et pour la photo, il faut \u00e9galement rem\u00e9dier \u00e0 la coma par l&rsquo;ajout d&rsquo;un correcteur, et l\u00e0 aussi avec un rapport F\/D de 4, n&rsquo;importe quel correcteur ne fonctionne pas forc\u00e9ment de mani\u00e8re optimale, c&rsquo;est pourquoi j&rsquo;ai investi dans un Paracorr, dont le prix d\u00e9passe celui de deux Hyp\u00e9rions &#8230;<\/p><p>&#8211; plus le F\/D est petit, plus le t\u00e9lescope est sensible \u00e0 la \u00ab\u00a0d\u00e9collimation\u00a0\u00bb (ou dit autrement, plus le r\u00e9glage de la collimation est fin et sensible, ce qui revient au m\u00eame ). Donc si on n&rsquo;a jamais collimat\u00e9 de t\u00e9lescope (ce qui en soit n&rsquo;est pas forc\u00e9ment une op\u00e9ration tr\u00e8s compliqu\u00e9e mais demande une certaine compr\u00e9hension du fonctionnement du t\u00e9lescope), si on ne se sent pas capable de le faire ou de simplement oser se lancer dans une telle op\u00e9ration, utiliser un tel instrument risque d&rsquo;entra\u00eener de s\u00e9rieuses d\u00e9convenues car il faut souvent mettre la main \u00ab\u00a0dans le cambouis\u00a0\u00bb pour le r\u00e9gler (j&rsquo;envisage d&rsquo;\u00e9crire une page au sujet de la collimation dans les prochains mois, patience &#8230;).<\/p><p>Bref, ces consid\u00e9rations font de ce t\u00e9lescope un instrument \u00e0 ne pas mettre (selon moi) dans les mains d&rsquo;un d\u00e9butant complet. Apr\u00e8s, si c&rsquo;est pour faire essentiellement de la photographie du ciel profond, un 200\/800 est tr\u00e8s bien adapt\u00e9 \u00e0 cette activit\u00e9. Si c&rsquo;est plut\u00f4t pour de l&rsquo;observation, il me semble plus judicieux de viser un 200\/1000 ou un 200\/1200 dont les contraintes en terme de F\/D seront beaucoup moins g\u00eanantes.<\/p>\t\t\t\t\t<\/div>\n\t\t\t\t\t\t<\/div>\n\t\t\t\t<\/div>\n\t\t\t\t<div class=\"elementor-element elementor-element-f397a5b elementor-widget elementor-widget-heading\" data-id=\"f397a5b\" data-element_type=\"widget\" data-widget_type=\"heading.default\">\n\t\t\t\t<div class=\"elementor-widget-container\">\n\t\t\t<h2 class=\"elementor-heading-title elementor-size-default\">Mon avis sur la Sky View Pro :<\/h2>\t\t<\/div>\n\t\t\t\t<\/div>\n\t\t\t\t<div class=\"elementor-element elementor-element-1c02801 elementor-widget elementor-widget-text-editor\" data-id=\"1c02801\" data-element_type=\"widget\" data-widget_type=\"text-editor.default\">\n\t\t\t\t<div class=\"elementor-widget-container\">\n\t\t\t\t\t\t\t\t<div class=\"elementor-text-editor elementor-clearfix\">\n\t\t\t\t<p>C&rsquo;est selon moi une tr\u00e8s bonne monture dans sa gamme prix. Elle est solide, stable, plut\u00f4t bien con\u00e7ue. Equip\u00e9e du viseur polaire, elle se met en station rapidement et pr\u00e9cis\u00e9ment. En visuel elle porte sans souci des tubes de 200 mm et s&rsquo;\u00e9quilibre facilement. Ses grands cercles de coordonn\u00e9es sont r\u00e9ellement utilisables pour le pointage d&rsquo;objets aux coordonn\u00e9es. Bref, c&rsquo;est une tr\u00e8s bonne monture pour du visuel.<\/p><p>Concernant la photographie, on peut bien \u00e9videmment faire sans souci de la photo plan\u00e9taire avec une webcam, mais \u00e9galement du ciel profond si on se contente de poses courtes (moins d&rsquo;une minute). Par contre la monture montre ses limites si on veut acc\u00e9der aux poses longues. En effet, d&rsquo;une part elle ne poss\u00e8de pas le fameux port ST4 d&rsquo;autoguidage (contrairement aux HEQ5, EQ6&#8230;) qui permet d&rsquo;acc\u00e9der aux longues poses, et d&rsquo;autre part il faut rajouter g\u00e9n\u00e9ralement un second instrument de guidage, qui ajout\u00e9 au poids d&rsquo;un telescope de 200 mm me semble devoir exc\u00e9der les capacit\u00e9s de portage de la Sky View Pro. D&rsquo;o\u00f9 mon passage \u00e0 l&rsquo;EQ6 quand j&rsquo;ai voulu me mettre \u00e0 l&rsquo;autoguidage.<\/p>\t\t\t\t\t<\/div>\n\t\t\t\t\t\t<\/div>\n\t\t\t\t<\/div>\n\t\t\t\t\t\t<\/div>\n\t\t\t\t\t<\/div>\n\t\t<\/div>\n\t\t\t\t\t\t\t\t<\/div>\n\t\t\t\t\t<\/div>\n\t\t<\/section>\n\t\t\t\t\t\t\t\t\t<\/div>\n\t\t\t<\/div>\n\t\t\t\t\t<\/div>\n\t\t","protected":false},"excerpt":{"rendered":"<p>T\u00e9lescope GSO 200\/800 sur Sky View Pro T\u00e9lescope GSO 200\/800 : Le diam\u00e8tre de 200 mm associ\u00e9 \u00e0 la focale de 800 mm fait de ce t\u00e9l\u00e9scope un instrument sp\u00e9cialis\u00e9 dans l&rsquo;observation (et aussi la photo) du ciel profond. Il est relativement peu encombrant pour un Newton de 200 mm, puisque le tube ne mesure &hellip;<\/p>\n<p class=\"read-more\"> <a class=\"\" href=\"https:\/\/www.arnaudom.fr\/wordpress\/materiel-confirme\/\"> <span class=\"screen-reader-text\">Mat\u00e9riel confirm\u00e9<\/span> Lire la suite\u00a0\u00bb<\/a><\/p>\n","protected":false},"author":1,"featured_media":0,"parent":0,"menu_order":0,"comment_status":"closed","ping_status":"closed","template":"","meta":{"site-sidebar-layout":"default","site-content-layout":"default","ast-site-content-layout":"","site-content-style":"default","site-sidebar-style":"default","ast-global-header-display":"","ast-banner-title-visibility":"","ast-main-header-display":"","ast-hfb-above-header-display":"","ast-hfb-below-header-display":"","ast-hfb-mobile-header-display":"","site-post-title":"disabled","ast-breadcrumbs-content":"","ast-featured-img":"","footer-sml-layout":"","theme-transparent-header-meta":"default","adv-header-id-meta":"","stick-header-meta":"","header-above-stick-meta":"","header-main-stick-meta":"","header-below-stick-meta":"","astra-migrate-meta-layouts":"","ast-page-background-enabled":"default","ast-page-background-meta":{"desktop":{"background-color":"","background-image":"","background-repeat":"repeat","background-position":"center center","background-size":"auto","background-attachment":"scroll","background-type":"","background-media":"","overlay-type":"","overlay-color":"","overlay-gradient":""},"tablet":{"background-color":"","background-image":"","background-repeat":"repeat","background-position":"center center","background-size":"auto","background-attachment":"scroll","background-type":"","background-media":"","overlay-type":"","overlay-color":"","overlay-gradient":""},"mobile":{"background-color":"","background-image":"","background-repeat":"repeat","background-position":"center center","background-size":"auto","background-attachment":"scroll","background-type":"","background-media":"","overlay-type":"","overlay-color":"","overlay-gradient":""}},"ast-content-background-meta":{"desktop":{"background-color":"var(--ast-global-color-5)","background-image":"","background-repeat":"repeat","background-position":"center center","background-size":"auto","background-attachment":"scroll","background-type":"","background-media":"","overlay-type":"","overlay-color":"","overlay-gradient":""},"tablet":{"background-color":"var(--ast-global-color-5)","background-image":"","background-repeat":"repeat","background-position":"center center","background-size":"auto","background-attachment":"scroll","background-type":"","background-media":"","overlay-type":"","overlay-color":"","overlay-gradient":""},"mobile":{"background-color":"var(--ast-global-color-5)","background-image":"","background-repeat":"repeat","background-position":"center center","background-size":"auto","background-attachment":"scroll","background-type":"","background-media":"","overlay-type":"","overlay-color":"","overlay-gradient":""}},"footnotes":""},"class_list":["post-864","page","type-page","status-publish","hentry"],"_links":{"self":[{"href":"https:\/\/www.arnaudom.fr\/wordpress\/wp-json\/wp\/v2\/pages\/864","targetHints":{"allow":["GET"]}}],"collection":[{"href":"https:\/\/www.arnaudom.fr\/wordpress\/wp-json\/wp\/v2\/pages"}],"about":[{"href":"https:\/\/www.arnaudom.fr\/wordpress\/wp-json\/wp\/v2\/types\/page"}],"author":[{"embeddable":true,"href":"https:\/\/www.arnaudom.fr\/wordpress\/wp-json\/wp\/v2\/users\/1"}],"replies":[{"embeddable":true,"href":"https:\/\/www.arnaudom.fr\/wordpress\/wp-json\/wp\/v2\/comments?post=864"}],"version-history":[{"count":9,"href":"https:\/\/www.arnaudom.fr\/wordpress\/wp-json\/wp\/v2\/pages\/864\/revisions"}],"predecessor-version":[{"id":4826,"href":"https:\/\/www.arnaudom.fr\/wordpress\/wp-json\/wp\/v2\/pages\/864\/revisions\/4826"}],"wp:attachment":[{"href":"https:\/\/www.arnaudom.fr\/wordpress\/wp-json\/wp\/v2\/media?parent=864"}],"curies":[{"name":"wp","href":"https:\/\/api.w.org\/{rel}","templated":true}]}}