{"id":8213,"date":"2022-02-23T08:53:28","date_gmt":"2022-02-23T07:53:28","guid":{"rendered":"http:\/\/www.arnaudom.fr\/wordpress\/?page_id=8213"},"modified":"2022-02-24T19:19:18","modified_gmt":"2022-02-24T18:19:18","slug":"sequenceapt","status":"publish","type":"page","link":"https:\/\/www.arnaudom.fr\/wordpress\/sequenceapt\/","title":{"rendered":"sequenceapt"},"content":{"rendered":"\t\t<div data-elementor-type=\"wp-page\" data-elementor-id=\"8213\" class=\"elementor elementor-8213\">\n\t\t\t\t\t\t<div class=\"elementor-inner\">\n\t\t\t\t<div class=\"elementor-section-wrap\">\n\t\t\t\t\t\t\t\t\t<section class=\"elementor-section elementor-top-section elementor-element elementor-element-44cfc16f elementor-section-full_width elementor-section-height-default elementor-section-height-default\" data-id=\"44cfc16f\" data-element_type=\"section\" data-settings=\"{&quot;background_background&quot;:&quot;classic&quot;}\">\n\t\t\t\t\t\t<div class=\"elementor-container elementor-column-gap-default\">\n\t\t\t\t\t\t\t<div class=\"elementor-row\">\n\t\t\t\t\t<div class=\"elementor-column elementor-col-100 elementor-top-column elementor-element elementor-element-1815d45f\" data-id=\"1815d45f\" data-element_type=\"column\" data-settings=\"{&quot;background_background&quot;:&quot;classic&quot;}\">\n\t\t\t<div class=\"elementor-column-wrap elementor-element-populated\">\n\t\t\t\t\t\t\t<div class=\"elementor-widget-wrap\">\n\t\t\t\t\t\t<div class=\"elementor-element elementor-element-671274a9 elementor-widget elementor-widget-heading\" data-id=\"671274a9\" data-element_type=\"widget\" data-widget_type=\"heading.default\">\n\t\t\t\t<div class=\"elementor-widget-container\">\n\t\t\t<h1 class=\"elementor-heading-title elementor-size-default\">Programmer des plans d'acquisitions avec APT<\/h1>\t\t<\/div>\n\t\t\t\t<\/div>\n\t\t\t\t<div class=\"elementor-element elementor-element-3f6627a elementor-widget elementor-widget-text-editor\" data-id=\"3f6627a\" data-element_type=\"widget\" data-widget_type=\"text-editor.default\">\n\t\t\t\t<div class=\"elementor-widget-container\">\n\t\t\t\t\t\t\t\t<div class=\"elementor-text-editor elementor-clearfix\">\n\t\t\t\t<p><span style=\"color: #000000;\"><em>Ecrit le 23\/02\/22.<\/em><\/span><\/p>\t\t\t\t\t<\/div>\n\t\t\t\t\t\t<\/div>\n\t\t\t\t<\/div>\n\t\t\t\t<div class=\"elementor-element elementor-element-4f1ec48 elementor-widget elementor-widget-heading\" data-id=\"4f1ec48\" data-element_type=\"widget\" data-widget_type=\"heading.default\">\n\t\t\t\t<div class=\"elementor-widget-container\">\n\t\t\t<h2 class=\"elementor-heading-title elementor-size-default\">Gestion de la roue \u00e0 filtres<\/h2>\t\t<\/div>\n\t\t\t\t<\/div>\n\t\t\t\t<div class=\"elementor-element elementor-element-331a7b8 elementor-drop-cap-yes elementor-drop-cap-view-default elementor-widget elementor-widget-text-editor\" data-id=\"331a7b8\" data-element_type=\"widget\" data-settings=\"{&quot;drop_cap&quot;:&quot;yes&quot;}\" data-widget_type=\"text-editor.default\">\n\t\t\t\t<div class=\"elementor-widget-container\">\n\t\t\t\t\t\t\t\t<div class=\"elementor-text-editor elementor-clearfix\">\n\t\t\t\t<p><span style=\"color: #000000;\">APT permet aux possesseurs d&rsquo;une cam\u00e9ra astronomique avec capteur noir et blanc qui utilisent une roue \u00e0 filtres, de g\u00e9rer cet \u00e9quipement. Quand on cr\u00e9e un plan d&rsquo;acquisitions on peut donc aussi programmer automatiquement le filtre \u00e0 utiliser. Pour param\u00e9trer la roue \u00e0 filtres, on va dans l&rsquo;onglet <b>Tools<\/b> puis on clique sur <i><b>APT Settings<\/b><\/i>, et enfin on s\u00e9lectionne l&rsquo;onglet <b>Filter Wheel<\/b>.<\/span><\/p><p><span style=\"color: #000000;\">Dans la colonne <b>Name<\/b> on peut entrer le nom de chacun des filtres, personnellement j&rsquo;ai choisi d&rsquo;entrer des noms explicites : Luminance, Rouge etc&#8230; J&rsquo;ai coch\u00e9 les deux options <b>Auto Connect Wheel<\/b> (la roue se connecte automatiquement) et <b>Check for connection on plan start<\/b> (le logiciel v\u00e9rifie que la roue \u00e0 filtres est connect\u00e9e au d\u00e9marrage d&rsquo;une s\u00e9quence d&rsquo;acquisitions).<br \/><\/span><\/p><p><span style=\"color: #000000;\"><img loading=\"lazy\" decoding=\"async\" class=\"size-full wp-image-8224 aligncenter\" src=\"http:\/\/www.arnaudom.fr\/wordpress\/wp-content\/uploads\/2022\/02\/apt031.jpg\" alt=\"\" width=\"787\" height=\"476\" srcset=\"https:\/\/www.arnaudom.fr\/wordpress\/wp-content\/uploads\/2022\/02\/apt031.jpg 787w, https:\/\/www.arnaudom.fr\/wordpress\/wp-content\/uploads\/2022\/02\/apt031-300x181.jpg 300w, https:\/\/www.arnaudom.fr\/wordpress\/wp-content\/uploads\/2022\/02\/apt031-768x465.jpg 768w\" sizes=\"auto, (max-width: 787px) 100vw, 787px\" \/><br \/>On peut aussi connecter manuellement la roue en allant sur l&rsquo;onglet <b>Gear<\/b> et en cliquant sur <b>Connect Wheel<\/b>. Les fl\u00e8ches permettent de faire tourner la roue, on peut aussi choisir directement le filtre souhait\u00e9 \u00e0 l&rsquo;aide du menu d\u00e9roulant <b>Go to filter<\/b>.<\/span><\/p><p><span style=\"color: #000000;\"><img loading=\"lazy\" decoding=\"async\" class=\"size-full wp-image-8227 aligncenter\" src=\"http:\/\/www.arnaudom.fr\/wordpress\/wp-content\/uploads\/2022\/02\/apt032.jpg\" alt=\"\" width=\"297\" height=\"117\" \/><\/span><\/p>\t\t\t\t\t<\/div>\n\t\t\t\t\t\t<\/div>\n\t\t\t\t<\/div>\n\t\t\t\t<div class=\"elementor-element elementor-element-6eba4cc elementor-widget elementor-widget-heading\" data-id=\"6eba4cc\" data-element_type=\"widget\" data-widget_type=\"heading.default\">\n\t\t\t\t<div class=\"elementor-widget-container\">\n\t\t\t<h2 class=\"elementor-heading-title elementor-size-default\">Cr\u00e9ation d'un plan d'acquisitions<\/h2>\t\t<\/div>\n\t\t\t\t<\/div>\n\t\t\t\t<div class=\"elementor-element elementor-element-6a87571 elementor-drop-cap-yes elementor-drop-cap-view-default elementor-widget elementor-widget-text-editor\" data-id=\"6a87571\" data-element_type=\"widget\" data-settings=\"{&quot;drop_cap&quot;:&quot;yes&quot;}\" data-widget_type=\"text-editor.default\">\n\t\t\t\t<div class=\"elementor-widget-container\">\n\t\t\t\t\t\t\t\t<div class=\"elementor-text-editor elementor-clearfix\">\n\t\t\t\t<p><span style=\"color: #000000;\">Cr\u00e9ons maintenant un plan d&rsquo;acquisitions. Par exemple je veux cr\u00e9er typiquement un plan pour faire 20 poses de 180 secondes chacune avec le filtre Luminance pour capturer les images noir et blanc d&rsquo;un objet. Dans l&rsquo;onglet <b>Cam\u00e9ra<\/b> on clique sur le bouton <b>Edit<\/b> pour afficher l&rsquo;\u00e9diteur de plans.<\/span><\/p>\n<p><img loading=\"lazy\" decoding=\"async\" class=\"size-full wp-image-8234 aligncenter\" src=\"http:\/\/www.arnaudom.fr\/wordpress\/wp-content\/uploads\/2022\/02\/apt033.jpg\" alt=\"\" width=\"543\" height=\"560\" srcset=\"https:\/\/www.arnaudom.fr\/wordpress\/wp-content\/uploads\/2022\/02\/apt033.jpg 543w, https:\/\/www.arnaudom.fr\/wordpress\/wp-content\/uploads\/2022\/02\/apt033-291x300.jpg 291w\" sizes=\"auto, (max-width: 543px) 100vw, 543px\" \/><\/p>\n<p><span style=\"color: #000000;\">Dans le menu d\u00e9roulant on va cliquer sur <b>Add New Light Frames Plan<\/b>.<\/span><\/p>\n<p><img loading=\"lazy\" decoding=\"async\" class=\"size-full wp-image-8237 aligncenter\" src=\"http:\/\/www.arnaudom.fr\/wordpress\/wp-content\/uploads\/2022\/02\/apt034.jpg\" alt=\"\" width=\"546\" height=\"327\" srcset=\"https:\/\/www.arnaudom.fr\/wordpress\/wp-content\/uploads\/2022\/02\/apt034.jpg 546w, https:\/\/www.arnaudom.fr\/wordpress\/wp-content\/uploads\/2022\/02\/apt034-300x180.jpg 300w\" sizes=\"auto, (max-width: 546px) 100vw, 546px\" \/><\/p>\n<p><span style=\"color: #000000;\">Dans <b>Plan Name<\/b> entrer un nom pour le plan, par exemple Light 3 min. Dans <b>Exposure<\/b> j&rsquo;entre 180 pour la dur\u00e9e d&rsquo;une pose unitaire, dans <b>Bin<\/b> 1&#215;1 pour le bining de la cam\u00e9ra, dans <b>Pause<\/b> 1 pour laisser 1 seconde entre deux poses et dans <b>Count<\/b> 20 pour le nombre de poses. Dans le menu d\u00e9roulant <b>Filter<\/b> je choisis Luminance.<\/span><\/p>\n<p><img loading=\"lazy\" decoding=\"async\" class=\"size-full wp-image-8239 aligncenter\" src=\"http:\/\/www.arnaudom.fr\/wordpress\/wp-content\/uploads\/2022\/02\/apt035.jpg\" alt=\"\" width=\"553\" height=\"423\" srcset=\"https:\/\/www.arnaudom.fr\/wordpress\/wp-content\/uploads\/2022\/02\/apt035.jpg 553w, https:\/\/www.arnaudom.fr\/wordpress\/wp-content\/uploads\/2022\/02\/apt035-300x229.jpg 300w\" sizes=\"auto, (max-width: 553px) 100vw, 553px\" \/><\/p>\n<p><span style=\"color: #000000;\">Enfin, il ne reste qu&rsquo;\u00e0 cliquer sur <b>Add as new<\/b> puis sur <b>OK<\/b>.<\/span><\/p>\n<p><img loading=\"lazy\" decoding=\"async\" class=\"size-full wp-image-8242 aligncenter\" src=\"http:\/\/www.arnaudom.fr\/wordpress\/wp-content\/uploads\/2022\/02\/apt036.jpg\" alt=\"\" width=\"549\" height=\"562\" srcset=\"https:\/\/www.arnaudom.fr\/wordpress\/wp-content\/uploads\/2022\/02\/apt036.jpg 549w, https:\/\/www.arnaudom.fr\/wordpress\/wp-content\/uploads\/2022\/02\/apt036-293x300.jpg 293w\" sizes=\"auto, (max-width: 549px) 100vw, 549px\" \/><\/p>\n<p><span style=\"color: #000000;\">Le plan est cr\u00e9\u00e9. Pour l&rsquo;utiliser, il ne reste plus qu&rsquo;\u00e0 le s\u00e9lectionner dans le menu d\u00e9roulant <b>Plan<\/b>. Le bouton <b>Start<\/b> lance le plan d&rsquo;acquisition, bien entendu <b>Stop<\/b> permet de l&rsquo;arr\u00eater imm\u00e9diatement, et quand le plan est lanc\u00e9, <b>Start<\/b> est remplac\u00e9 par un bouton <b>Resume<\/b> qui permet de stopper momentan\u00e9ment le plan \u00e0 la fin d&rsquo;une acquisition (par exemple pour parfaire un r\u00e9glage) puis de le reprendre ensuite. Avant de lancer un plan, pensez \u00e0 entrer le nom de l&rsquo;objet dans <b>Object Name<\/b> (le nom de l&rsquo;objet est stock\u00e9 par d\u00e9faut dans le nom des images enregistr\u00e9es, pratique pour s&rsquo;y retrouver ensuite) et \u00e0 remplir la case <b>Gain<\/b> pour une cam\u00e9ra astronomique (j&rsquo;entre la valeur 139 pour des poses en luminance ou couleur avec l&rsquo;ASI 1600).<\/span><\/p>\t\t\t\t\t<\/div>\n\t\t\t\t\t\t<\/div>\n\t\t\t\t<\/div>\n\t\t\t\t<div class=\"elementor-element elementor-element-a3ea9f2 elementor-widget elementor-widget-heading\" data-id=\"a3ea9f2\" data-element_type=\"widget\" data-widget_type=\"heading.default\">\n\t\t\t\t<div class=\"elementor-widget-container\">\n\t\t\t<h2 class=\"elementor-heading-title elementor-size-default\">Diff\u00e9rents plans<\/h2>\t\t<\/div>\n\t\t\t\t<\/div>\n\t\t\t\t<div class=\"elementor-element elementor-element-3a451c6d elementor-drop-cap-yes elementor-drop-cap-view-default elementor-widget elementor-widget-text-editor\" data-id=\"3a451c6d\" data-element_type=\"widget\" data-settings=\"{&quot;drop_cap&quot;:&quot;yes&quot;}\" data-widget_type=\"text-editor.default\">\n\t\t\t\t<div class=\"elementor-widget-container\">\n\t\t\t\t\t\t\t\t<div class=\"elementor-text-editor elementor-clearfix\">\n\t\t\t\t<p><span style=\"color: #000000;\">De la m\u00eame fa\u00e7on, on peut maintenant cr\u00e9er des plans pour diff\u00e9rents usages. Par exemple, j&rsquo;ai cr\u00e9\u00e9 un plan intitul\u00e9 <b>Couleur<\/b> qui va faire 5 poses de 180 secondes avec le filtre Rouge, puis 5 poses de 180 secondes avec le Vert et 5 poses de 180 secondes avec le Bleu.<\/span><\/p>\n<p><img loading=\"lazy\" decoding=\"async\" class=\"size-full wp-image-8248 aligncenter\" src=\"http:\/\/www.arnaudom.fr\/wordpress\/wp-content\/uploads\/2022\/02\/apt037.jpg\" alt=\"\" width=\"549\" height=\"558\" srcset=\"https:\/\/www.arnaudom.fr\/wordpress\/wp-content\/uploads\/2022\/02\/apt037.jpg 549w, https:\/\/www.arnaudom.fr\/wordpress\/wp-content\/uploads\/2022\/02\/apt037-295x300.jpg 295w\" sizes=\"auto, (max-width: 549px) 100vw, 549px\" \/><\/p>\n<p><span style=\"color: #000000;\">On peut cr\u00e9er un plan pour faire des dark en choisissant <b>Add New Dark Frames Plan<\/b>, idem pour faire des Flats, des Offset (Bias&#8230;) ou des Darks-Flats&#8230;<\/span><\/p>\n<p><span style=\"color: #000000;\"> <img loading=\"lazy\" decoding=\"async\" class=\"size-full wp-image-8251 aligncenter\" src=\"http:\/\/www.arnaudom.fr\/wordpress\/wp-content\/uploads\/2022\/02\/apt038.jpg\" alt=\"\" width=\"546\" height=\"564\" srcset=\"https:\/\/www.arnaudom.fr\/wordpress\/wp-content\/uploads\/2022\/02\/apt038.jpg 546w, https:\/\/www.arnaudom.fr\/wordpress\/wp-content\/uploads\/2022\/02\/apt038-290x300.jpg 290w\" sizes=\"auto, (max-width: 546px) 100vw, 546px\" \/><br>Il est int\u00e9ressant de cr\u00e9er un plan pour faire la mise au point en choisissant <b>Add New Focusing\/Framing Plan<\/b>. Par exemple j&rsquo;ai cr\u00e9\u00e9 un plan appel\u00e9 <b>MAP<\/b> qui lance 30 poses de 10 secondes, en bining 4&#215;4 (les images sont plus petites et plus lumineuses qu&rsquo;en 1&#215;1&#8230;), j&rsquo;utilise ce plan sur une \u00e9toile brillante pour lancer des poses de 10 secondes en continue pour pouvoir faire la mise au point.<\/span><\/p>\n<p><span style=\"color: #000000;\"> <img loading=\"lazy\" decoding=\"async\" class=\"size-full wp-image-8254 aligncenter\" src=\"http:\/\/www.arnaudom.fr\/wordpress\/wp-content\/uploads\/2022\/02\/apt039.jpg\" alt=\"\" width=\"548\" height=\"553\" srcset=\"https:\/\/www.arnaudom.fr\/wordpress\/wp-content\/uploads\/2022\/02\/apt039.jpg 548w, https:\/\/www.arnaudom.fr\/wordpress\/wp-content\/uploads\/2022\/02\/apt039-297x300.jpg 297w, https:\/\/www.arnaudom.fr\/wordpress\/wp-content\/uploads\/2022\/02\/apt039-150x150.jpg 150w\" sizes=\"auto, (max-width: 548px) 100vw, 548px\" \/><\/span><\/p>\n<p><span style=\"color: #000000;\">On peut aussi utiliser <b>Add New Mixed Frames Plans<\/b> pour cr\u00e9er un plan qui peut m\u00e9langer diff\u00e9rentes sortes d&rsquo;acquisitions, comme dans l&rsquo;exemple ci-dessous. Voici un plan nomm\u00e9 <b>LRGB<\/b> qui fait 20 poses de 180 secondes dans chacun des filtres, puis 20 poses de dark de 180 minutes et 50 poses d&rsquo;offset de 0,01 seconde.<br><\/span><\/p>\n<p><img loading=\"lazy\" decoding=\"async\" class=\"size-full wp-image-8259 aligncenter\" src=\"http:\/\/www.arnaudom.fr\/wordpress\/wp-content\/uploads\/2022\/02\/apt040.jpg\" alt=\"\" width=\"541\" height=\"557\" srcset=\"https:\/\/www.arnaudom.fr\/wordpress\/wp-content\/uploads\/2022\/02\/apt040.jpg 541w, https:\/\/www.arnaudom.fr\/wordpress\/wp-content\/uploads\/2022\/02\/apt040-291x300.jpg 291w\" sizes=\"auto, (max-width: 541px) 100vw, 541px\" \/><\/p>\n<p><span style=\"color: #000000;\">Enfin j&rsquo;ai par exemple cr\u00e9\u00e9 un plan nomm\u00e9 <b>H-Alpha<\/b> pour faire des acquisitions sp\u00e9cifiques avec ce filtre :<br><\/span><\/p>\n<p><img loading=\"lazy\" decoding=\"async\" class=\"size-full wp-image-8262 aligncenter\" src=\"http:\/\/www.arnaudom.fr\/wordpress\/wp-content\/uploads\/2022\/02\/apt041.jpg\" alt=\"\" width=\"549\" height=\"560\" srcset=\"https:\/\/www.arnaudom.fr\/wordpress\/wp-content\/uploads\/2022\/02\/apt041.jpg 549w, https:\/\/www.arnaudom.fr\/wordpress\/wp-content\/uploads\/2022\/02\/apt041-294x300.jpg 294w\" sizes=\"auto, (max-width: 549px) 100vw, 549px\" \/><\/p>\n<p><span style=\"color: #000000;\">On peut donc facilement cr\u00e9er toutes sortes de plans en choisissant \u00e0 notre guise les types d&rsquo;acquisitions, les temps de pose et les filtres \u00e0 utiliser. &nbsp; <br><\/span><\/p>\n<p><\/p>\t\t\t\t\t<\/div>\n\t\t\t\t\t\t<\/div>\n\t\t\t\t<\/div>\n\t\t\t\t\t\t<\/div>\n\t\t\t\t\t<\/div>\n\t\t<\/div>\n\t\t\t\t\t\t\t\t<\/div>\n\t\t\t\t\t<\/div>\n\t\t<\/section>\n\t\t\t\t\t\t\t\t\t<\/div>\n\t\t\t<\/div>\n\t\t\t\t\t<\/div>\n\t\t","protected":false},"excerpt":{"rendered":"<p>Programmer des plans d&rsquo;acquisitions avec APT Ecrit le 23\/02\/22. Gestion de la roue \u00e0 filtres APT permet aux possesseurs d&rsquo;une cam\u00e9ra astronomique avec capteur noir et blanc qui utilisent une roue \u00e0 filtres, de g\u00e9rer cet \u00e9quipement. Quand on cr\u00e9e un plan d&rsquo;acquisitions on peut donc aussi programmer automatiquement le filtre \u00e0 utiliser. Pour param\u00e9trer &hellip;<\/p>\n<p class=\"read-more\"> <a class=\"\" href=\"https:\/\/www.arnaudom.fr\/wordpress\/sequenceapt\/\"> <span class=\"screen-reader-text\">sequenceapt<\/span> Lire la suite\u00a0\u00bb<\/a><\/p>\n","protected":false},"author":1,"featured_media":0,"parent":0,"menu_order":0,"comment_status":"closed","ping_status":"closed","template":"","meta":{"site-sidebar-layout":"default","site-content-layout":"default","ast-site-content-layout":"","site-content-style":"default","site-sidebar-style":"default","ast-global-header-display":"","ast-banner-title-visibility":"","ast-main-header-display":"","ast-hfb-above-header-display":"","ast-hfb-below-header-display":"","ast-hfb-mobile-header-display":"","site-post-title":"disabled","ast-breadcrumbs-content":"","ast-featured-img":"disabled","footer-sml-layout":"","theme-transparent-header-meta":"default","adv-header-id-meta":"","stick-header-meta":"","header-above-stick-meta":"","header-main-stick-meta":"","header-below-stick-meta":"","astra-migrate-meta-layouts":"","ast-page-background-enabled":"default","ast-page-background-meta":{"desktop":{"background-color":"","background-image":"","background-repeat":"repeat","background-position":"center center","background-size":"auto","background-attachment":"scroll","background-type":"","background-media":"","overlay-type":"","overlay-color":"","overlay-gradient":""},"tablet":{"background-color":"","background-image":"","background-repeat":"repeat","background-position":"center center","background-size":"auto","background-attachment":"scroll","background-type":"","background-media":"","overlay-type":"","overlay-color":"","overlay-gradient":""},"mobile":{"background-color":"","background-image":"","background-repeat":"repeat","background-position":"center center","background-size":"auto","background-attachment":"scroll","background-type":"","background-media":"","overlay-type":"","overlay-color":"","overlay-gradient":""}},"ast-content-background-meta":{"desktop":{"background-color":"var(--ast-global-color-5)","background-image":"","background-repeat":"repeat","background-position":"center center","background-size":"auto","background-attachment":"scroll","background-type":"","background-media":"","overlay-type":"","overlay-color":"","overlay-gradient":""},"tablet":{"background-color":"var(--ast-global-color-5)","background-image":"","background-repeat":"repeat","background-position":"center center","background-size":"auto","background-attachment":"scroll","background-type":"","background-media":"","overlay-type":"","overlay-color":"","overlay-gradient":""},"mobile":{"background-color":"var(--ast-global-color-5)","background-image":"","background-repeat":"repeat","background-position":"center center","background-size":"auto","background-attachment":"scroll","background-type":"","background-media":"","overlay-type":"","overlay-color":"","overlay-gradient":""}},"footnotes":""},"class_list":["post-8213","page","type-page","status-publish","hentry"],"_links":{"self":[{"href":"https:\/\/www.arnaudom.fr\/wordpress\/wp-json\/wp\/v2\/pages\/8213","targetHints":{"allow":["GET"]}}],"collection":[{"href":"https:\/\/www.arnaudom.fr\/wordpress\/wp-json\/wp\/v2\/pages"}],"about":[{"href":"https:\/\/www.arnaudom.fr\/wordpress\/wp-json\/wp\/v2\/types\/page"}],"author":[{"embeddable":true,"href":"https:\/\/www.arnaudom.fr\/wordpress\/wp-json\/wp\/v2\/users\/1"}],"replies":[{"embeddable":true,"href":"https:\/\/www.arnaudom.fr\/wordpress\/wp-json\/wp\/v2\/comments?post=8213"}],"version-history":[{"count":38,"href":"https:\/\/www.arnaudom.fr\/wordpress\/wp-json\/wp\/v2\/pages\/8213\/revisions"}],"predecessor-version":[{"id":8272,"href":"https:\/\/www.arnaudom.fr\/wordpress\/wp-json\/wp\/v2\/pages\/8213\/revisions\/8272"}],"wp:attachment":[{"href":"https:\/\/www.arnaudom.fr\/wordpress\/wp-json\/wp\/v2\/media?parent=8213"}],"curies":[{"name":"wp","href":"https:\/\/api.w.org\/{rel}","templated":true}]}}