{"id":8123,"date":"2022-02-19T08:43:06","date_gmt":"2022-02-19T07:43:06","guid":{"rendered":"http:\/\/www.arnaudom.fr\/wordpress\/?page_id=8123"},"modified":"2022-04-04T08:46:34","modified_gmt":"2022-04-04T06:46:34","slug":"spectrebrutfin","status":"publish","type":"page","link":"https:\/\/www.arnaudom.fr\/wordpress\/spectrebrutfin\/","title":{"rendered":"spectrebrutfin"},"content":{"rendered":"\t\t<div data-elementor-type=\"wp-page\" data-elementor-id=\"8123\" class=\"elementor elementor-8123\">\n\t\t\t\t\t\t<div class=\"elementor-inner\">\n\t\t\t\t<div class=\"elementor-section-wrap\">\n\t\t\t\t\t\t\t\t\t<section class=\"elementor-section elementor-top-section elementor-element elementor-element-513fbbd8 elementor-section-full_width elementor-section-height-default elementor-section-height-default\" data-id=\"513fbbd8\" data-element_type=\"section\" data-settings=\"{&quot;background_background&quot;:&quot;classic&quot;}\">\n\t\t\t\t\t\t<div class=\"elementor-container elementor-column-gap-default\">\n\t\t\t\t\t\t\t<div class=\"elementor-row\">\n\t\t\t\t\t<div class=\"elementor-column elementor-col-100 elementor-top-column elementor-element elementor-element-27c8c672\" data-id=\"27c8c672\" data-element_type=\"column\" data-settings=\"{&quot;background_background&quot;:&quot;classic&quot;}\">\n\t\t\t<div class=\"elementor-column-wrap elementor-element-populated\">\n\t\t\t\t\t\t\t<div class=\"elementor-widget-wrap\">\n\t\t\t\t\t\t<div class=\"elementor-element elementor-element-d7f3299 elementor-widget elementor-widget-heading\" data-id=\"d7f3299\" data-element_type=\"widget\" data-widget_type=\"heading.default\">\n\t\t\t\t<div class=\"elementor-widget-container\">\n\t\t\t<h1 class=\"elementor-heading-title elementor-size-default\">Traitement des spectres du Star Analyser (3\/3)<\/h1>\t\t<\/div>\n\t\t\t\t<\/div>\n\t\t\t\t<div class=\"elementor-element elementor-element-5d0d613 elementor-widget elementor-widget-heading\" data-id=\"5d0d613\" data-element_type=\"widget\" data-widget_type=\"heading.default\">\n\t\t\t\t<div class=\"elementor-widget-container\">\n\t\t\t<h2 class=\"elementor-heading-title elementor-size-default\">Etalonnage du spectre d'une autre \u00e9toile<\/h2>\t\t<\/div>\n\t\t\t\t<\/div>\n\t\t\t\t<div class=\"elementor-element elementor-element-c04bc1a elementor-drop-cap-yes elementor-drop-cap-view-default elementor-widget elementor-widget-text-editor\" data-id=\"c04bc1a\" data-element_type=\"widget\" data-settings=\"{&quot;drop_cap&quot;:&quot;yes&quot;}\" data-widget_type=\"text-editor.default\">\n\t\t\t\t<div class=\"elementor-widget-container\">\n\t\t\t\t\t\t\t\t<div class=\"elementor-text-editor elementor-clearfix\">\n\t\t\t\t<p><span style=\"color: #000000;\">Bien, j&rsquo;ai maintenant en ma possession 15 images de spectres de Procyon dont je veux obtenir le spectre 1D. Nous proc\u00e9dons donc comme pr\u00e9c\u00e9demment avec nos images de HD 65900 :<br \/>&#8211; je commence par renommer mes images avec les onglets <b>Divers\/Renommer<\/b> d&rsquo;ISIS afin d&rsquo;avoir mes 15 images nomm\u00e9es <b>procyon-1, procyon-2,&#8230; procyon-15<\/b><br \/>&#8211; dans l&rsquo;onglet <b>Image<\/b> je s\u00e9lectionne l&rsquo;image procyon-1, <b>j&rsquo;entoure<\/b> l&rsquo;\u00e9toile \u00e0 la souris, je clique sur le bouton <b>FWHM<\/b> pour stocker les coordonn\u00e9es X0 et Y0 de l&rsquo;\u00e9toile et <b>je note<\/b> les coordonn\u00e9es X et Y d&rsquo;une position du spectre dans l&rsquo;image<br \/>&#8211; dans les onglets <b>Instruments\/Star Analyser<\/b> j&rsquo;entre les valeurs de X et Y dans le cadre <b>Evaluation de l&rsquo;orientation<\/b>, je clique sur le <b>petit bouton Go<\/b> pour que ISIS calcule l&rsquo;angle du spectre avec l&rsquo;horizontal (normalement ce devrait \u00eatre le m\u00eame que pour l&rsquo;\u00e9toile pr\u00e9c\u00e9dente si on a fait les acquisitions le m\u00eame soir car il n&rsquo;y a pas de raison que la position du Star Analyser ait boug\u00e9&#8230;) et enfin on clique sur le <b>gros bouton Go<\/b> pour cr\u00e9er le profil de Procyon.<\/span><\/p><p><span style=\"color: #000000;\">Si on clique sur l&rsquo;onglet <b>Profil<\/b>, on peut visualiser notre spectre de Procyon.<\/span><\/p><p><img loading=\"lazy\" decoding=\"async\" class=\"size-full wp-image-8132 aligncenter\" src=\"http:\/\/www.arnaudom.fr\/wordpress\/wp-content\/uploads\/2022\/02\/isis035.jpg\" alt=\"\" width=\"948\" height=\"621\" srcset=\"https:\/\/www.arnaudom.fr\/wordpress\/wp-content\/uploads\/2022\/02\/isis035.jpg 948w, https:\/\/www.arnaudom.fr\/wordpress\/wp-content\/uploads\/2022\/02\/isis035-300x197.jpg 300w, https:\/\/www.arnaudom.fr\/wordpress\/wp-content\/uploads\/2022\/02\/isis035-768x503.jpg 768w\" sizes=\"auto, (max-width: 948px) 100vw, 948px\" \/><\/p><p><span style=\"color: #000000;\">On peut d\u00e9j\u00e0 constater des diff\u00e9rences avec celui de HD 65900, en particulier l&rsquo;absence des raies qui \u00e9taient bien visibles dans le spectre de HD65900 ! Seule la raie H-B\u00e9ta vers le sommet du spectre est remarquable. Si je souhaite l&rsquo;\u00e9talonner avec la m\u00e9thode pr\u00e9c\u00e9dente, je vais donc avoir plus de difficult\u00e9, ou devoir me contenter de la raie \u00ab\u00a00\u00a0\u00bb de l&rsquo;\u00e9toile et de la raie H-B\u00e9ta, ce qui risque de donner un \u00e9talonnage moins pr\u00e9cis ! C&rsquo;est donc maintenant que je vais me servir de mon \u00e9toile HD 65900 pour \u00e9talonner le spectre de Procyon.<\/span><\/p><p><span style=\"color: #000000;\">Nous allons maintenant dans l&rsquo;onglet <b>G\u00e9n\u00e9ral<\/b>. Dans <b>Nom racine<\/b> on entre <b>procyon-<\/b> et dans <b>Objet Procyon<\/b>.<br \/><b>Important <\/b>: on entre dans <b>Nom g\u00e9n\u00e9rique @procyon-<\/b> (ne pas oublier l&rsquo;arobase <b>@<\/b>) ! Ce nom est le nom qu&rsquo;a donn\u00e9 ISIS aux images redress\u00e9es et align\u00e9es qu&rsquo;il a cr\u00e9\u00e9es pour fabriquer le spectre 1D de notre \u00e9toile. Nous allons les utiliser pour cr\u00e9er un spectre \u00e9talonn\u00e9 en longueur d&rsquo;onde.<\/span><\/p><p><img loading=\"lazy\" decoding=\"async\" class=\"size-full wp-image-8135 aligncenter\" src=\"http:\/\/www.arnaudom.fr\/wordpress\/wp-content\/uploads\/2022\/02\/isis036.jpg\" alt=\"\" width=\"941\" height=\"617\" srcset=\"https:\/\/www.arnaudom.fr\/wordpress\/wp-content\/uploads\/2022\/02\/isis036.jpg 941w, https:\/\/www.arnaudom.fr\/wordpress\/wp-content\/uploads\/2022\/02\/isis036-300x197.jpg 300w, https:\/\/www.arnaudom.fr\/wordpress\/wp-content\/uploads\/2022\/02\/isis036-768x504.jpg 768w\" sizes=\"auto, (max-width: 941px) 100vw, 941px\" \/><\/p><p><span style=\"color: #000000;\">Maintenant on coche la case <b>Faire l&rsquo;\u00e9talonnage spectral<\/b>\u00a0 et dans le cadre <b>Etalonnage spectral<\/b> on coche la case <b>Loi de dispersion calcul\u00e9e<\/b> (qui doit \u00eatre normalement d\u00e9j\u00e0 coch\u00e9e puisqu&rsquo;on a fait l&rsquo;\u00e9talonnage avec l&rsquo;\u00e9toile pr\u00e9c\u00e9dente).<\/span><\/p><p><img loading=\"lazy\" decoding=\"async\" class=\"size-full wp-image-8140 aligncenter\" src=\"http:\/\/www.arnaudom.fr\/wordpress\/wp-content\/uploads\/2022\/02\/isis037.jpg\" alt=\"\" width=\"907\" height=\"170\" srcset=\"https:\/\/www.arnaudom.fr\/wordpress\/wp-content\/uploads\/2022\/02\/isis037.jpg 907w, https:\/\/www.arnaudom.fr\/wordpress\/wp-content\/uploads\/2022\/02\/isis037-300x56.jpg 300w, https:\/\/www.arnaudom.fr\/wordpress\/wp-content\/uploads\/2022\/02\/isis037-768x144.jpg 768w\" sizes=\"auto, (max-width: 907px) 100vw, 907px\" \/><\/p><p><span style=\"color: #000000;\">Nous allons dans l&rsquo;onglet <b>Go<\/b> et on clique sur le <b>bouton Go<\/b> : ISIS va recr\u00e9er le spectre 1D de l&rsquo;\u00e9toile mais surtout, il va l&rsquo;\u00e9talonner automatiquement en utilisant la loi de dispersion que l&rsquo;on a calcul\u00e9e pr\u00e9c\u00e9demment pour HD 65900. <\/span><\/p><p><img loading=\"lazy\" decoding=\"async\" class=\"size-full wp-image-8151 aligncenter\" src=\"http:\/\/www.arnaudom.fr\/wordpress\/wp-content\/uploads\/2022\/02\/isis040.jpg\" alt=\"\" width=\"946\" height=\"621\" srcset=\"https:\/\/www.arnaudom.fr\/wordpress\/wp-content\/uploads\/2022\/02\/isis040.jpg 946w, https:\/\/www.arnaudom.fr\/wordpress\/wp-content\/uploads\/2022\/02\/isis040-300x197.jpg 300w, https:\/\/www.arnaudom.fr\/wordpress\/wp-content\/uploads\/2022\/02\/isis040-768x504.jpg 768w\" sizes=\"auto, (max-width: 946px) 100vw, 946px\" \/><\/p><p><span style=\"color: #000000;\">En cliquant sur le bouton <b>Voir le profil<\/b> on peut maintenant observer notre spectre de Procyon et constater qu&rsquo;il a bien \u00e9t\u00e9 \u00e9talonn\u00e9 en longueur d&rsquo;onde. C&rsquo;est ici que l&rsquo;on voit l&rsquo;int\u00e9r\u00eat d&rsquo;avoir utilis\u00e9 notre \u00e9toile de r\u00e9f\u00e9rence : cette derni\u00e8re \u00e9tait facile \u00e0 \u00e9talonner gr\u00e2ce \u00e0 la pr\u00e9sence de raies d&rsquo;absorption bien marqu\u00e9es et faciles \u00e0 identifier, et elle nous a permis maintenant d&rsquo;\u00e9talonner automatiquement notre spectre de Procyon.<\/span><\/p><p><img loading=\"lazy\" decoding=\"async\" class=\"alignnone size-full wp-image-8144\" src=\"http:\/\/www.arnaudom.fr\/wordpress\/wp-content\/uploads\/2022\/02\/isis038.jpg\" alt=\"\" width=\"947\" height=\"619\" srcset=\"https:\/\/www.arnaudom.fr\/wordpress\/wp-content\/uploads\/2022\/02\/isis038.jpg 947w, https:\/\/www.arnaudom.fr\/wordpress\/wp-content\/uploads\/2022\/02\/isis038-300x196.jpg 300w, https:\/\/www.arnaudom.fr\/wordpress\/wp-content\/uploads\/2022\/02\/isis038-768x502.jpg 768w\" sizes=\"auto, (max-width: 947px) 100vw, 947px\" \/><\/p><p><span style=\"color: #000000;\">On peut maintenant <b>d\u00e9couper<\/b> notre spectre pour supprimer les parties inutiles.<\/span><\/p><p><img loading=\"lazy\" decoding=\"async\" class=\"size-full wp-image-8087 aligncenter\" src=\"http:\/\/www.arnaudom.fr\/wordpress\/wp-content\/uploads\/2022\/02\/isis022.jpg\" alt=\"\" width=\"299\" height=\"114\" \/><\/p><p><span style=\"color: #000000;\">Et voil\u00e0 notre spectre de Procyon :<\/span><\/p><p><img loading=\"lazy\" decoding=\"async\" class=\"size-full wp-image-8148 aligncenter\" src=\"http:\/\/www.arnaudom.fr\/wordpress\/wp-content\/uploads\/2022\/02\/isis039.jpg\" alt=\"\" width=\"945\" height=\"625\" srcset=\"https:\/\/www.arnaudom.fr\/wordpress\/wp-content\/uploads\/2022\/02\/isis039.jpg 945w, https:\/\/www.arnaudom.fr\/wordpress\/wp-content\/uploads\/2022\/02\/isis039-300x198.jpg 300w, https:\/\/www.arnaudom.fr\/wordpress\/wp-content\/uploads\/2022\/02\/isis039-768x508.jpg 768w\" sizes=\"auto, (max-width: 945px) 100vw, 945px\" \/><\/p><p><span style=\"color: #000000;\">Si, dans la m\u00eame soir\u00e9e, on a fait des acquisitions d&rsquo;autres spectres d&rsquo;\u00e9toiles, on peut cr\u00e9er leur spectre 1D et les \u00e9talonner facilement comme on vient de le faire avec le spectre de Procyon !<br \/><\/span><\/p>\t\t\t\t\t<\/div>\n\t\t\t\t\t\t<\/div>\n\t\t\t\t<\/div>\n\t\t\t\t<div class=\"elementor-element elementor-element-2b2003e elementor-widget elementor-widget-heading\" data-id=\"2b2003e\" data-element_type=\"widget\" data-widget_type=\"heading.default\">\n\t\t\t\t<div class=\"elementor-widget-container\">\n\t\t\t<h2 class=\"elementor-heading-title elementor-size-default\">Spectre \"r\u00e9el\" d'une l'\u00e9toile<\/h2>\t\t<\/div>\n\t\t\t\t<\/div>\n\t\t\t\t<div class=\"elementor-element elementor-element-88e0ce6 elementor-widget elementor-widget-text-editor\" data-id=\"88e0ce6\" data-element_type=\"widget\" data-widget_type=\"text-editor.default\">\n\t\t\t\t<div class=\"elementor-widget-container\">\n\t\t\t\t\t\t\t\t<div class=\"elementor-text-editor elementor-clearfix\">\n\t\t\t\t<p><span style=\"color: #000000;\">Alors maintenant, la mauvaise nouvelle<img loading=\"lazy\" decoding=\"async\" class=\"alignnone size-full wp-image-8171\" src=\"http:\/\/www.arnaudom.fr\/wordpress\/wp-content\/uploads\/2022\/02\/smpleure.gif\" alt=\"\" width=\"40\" height=\"18\">: les spectres que nous avons cr\u00e9\u00e9s ne correspondent pas aux spectres \u00ab\u00a0r\u00e9els\u00a0\u00bb des \u00e9toiles ! Si par exemple vous jetez un oeil \u00e0 ma page intitul\u00e9e&nbsp; \u00ab\u00a0<a href=\"http:\/\/www.arnaudom.fr\/wordpress\/catalogue\/\" target=\"_blank\" rel=\"noopener\">Catalogue d&rsquo;\u00e9toiles<\/a>\u00ab\u00a0, vous pourrez constater que pour chacune des \u00e9toiles pr\u00e9sent\u00e9es, j&rsquo;ai cr\u00e9\u00e9 un spectre que j&rsquo;ai appel\u00e9 \u00ab\u00a0non corrig\u00e9\u00a0\u00bb (c&rsquo;est ce que nous venons de faire dans ces pages) et un spectre corrig\u00e9 qui ressemble plus au spectre r\u00e9el de l&rsquo;\u00e9toile.<br><\/span><\/p>\n<p><span style=\"color: #000000;\">En effet, nos acquisitions sont affect\u00e9es par la sensibilit\u00e9 du capteur que nous utilisons pour faire nos images (deux capteurs diff\u00e9rents n&rsquo;enregistrent pas obligatoirement de la m\u00eame fa\u00e7on les longueurs d&rsquo;onde) mais \u00e9galement par les conditions atmosph\u00e9riques et la hauteur de l&rsquo;\u00e9toile dans le ciel ! C&rsquo;est pourquoi, si l&rsquo;on souhaite obtenir un spectre \u00ab\u00a0r\u00e9el\u00a0\u00bb de l&rsquo;\u00e9toile, il va falloir en faire une correction par ce qu&rsquo;on appelle la r\u00e9ponse instrumentale.<\/span><\/p>\n<p><span style=\"color: #000000;\">La bonne nouvelle, c&rsquo;est que si, dans un premier temps, l&rsquo;on souhaite s&rsquo;entra\u00eener \u00e0 faire l&rsquo;acquisition de spectres et \u00e0 les traiter pour obtenir des spectres 1D \u00e9talonn\u00e9s, ou encore si l&rsquo;on souhaite simplement pouvoir comparer les diff\u00e9rentes sortes d&rsquo;\u00e9toiles entre elles, on peut se contenter des spectres non corrig\u00e9s. En spectroscopie les astronomes s&rsquo;int\u00e9ressent aussi beaucoup \u00e0 certains types d&rsquo;\u00e9toiles qui montrent des raies en \u00e9mission plut\u00f4t qu&rsquo;en absorption (\u00e9toiles \u00ab\u00a0Be\u00a0\u00bb ou \u00e9toiles de Wolf-Rayet), un simple spectre non corrig\u00e9 permet de mettre en \u00e9vidence ce type d&rsquo;\u00e9toiles.<\/span><\/p>\n<p><span style=\"color: #000000;\">Apr\u00e8s, si l&rsquo;on souhaite obtenir des r\u00e9sultats un peu plus \u00ab\u00a0scientifiques\u00a0\u00bb, ou par exemple mesurer la temp\u00e9rature des \u00e9toiles, il est n\u00e9cessaire d&rsquo;apprendre \u00e0 faire cette correction instrumentale. Pour illustrer ce dont je parle, retournons dans ISIS et reprenons notre spectre de Procyon. Procyon est une \u00e9toile de type F5IV, nous pouvons afficher un profil de ce type avec le logiciel. Allons dans l&rsquo;onglet <b>Profil<\/b> et cliquons sur le bouton <b>Database<\/b>. Dans le menu d\u00e9roulant <b>Pickles<\/b>, on s\u00e9lectionne le type <b>F5IV<\/b> et on clique sur <b>Afficher<\/b>.<br><\/span><\/p>\n<p><img loading=\"lazy\" decoding=\"async\" class=\"size-full wp-image-8175 aligncenter\" src=\"http:\/\/www.arnaudom.fr\/wordpress\/wp-content\/uploads\/2022\/02\/isis041.jpg\" alt=\"\" width=\"834\" height=\"480\" srcset=\"https:\/\/www.arnaudom.fr\/wordpress\/wp-content\/uploads\/2022\/02\/isis041.jpg 834w, https:\/\/www.arnaudom.fr\/wordpress\/wp-content\/uploads\/2022\/02\/isis041-300x173.jpg 300w, https:\/\/www.arnaudom.fr\/wordpress\/wp-content\/uploads\/2022\/02\/isis041-768x442.jpg 768w\" sizes=\"auto, (max-width: 834px) 100vw, 834px\" \/><\/p>\n<p><span style=\"color: #000000;\">Apr\u00e8s avoir ferm\u00e9 la fen\u00eatre, on obtient le profil d&rsquo;un spectre <b>F5IV<\/b> : pas vraiment de ressemblance avec notre profil de Procyon apparemment !<\/span><\/p>\n<p><img loading=\"lazy\" decoding=\"async\" class=\"size-full wp-image-8178 aligncenter\" src=\"http:\/\/www.arnaudom.fr\/wordpress\/wp-content\/uploads\/2022\/02\/isis042.jpg\" alt=\"\" width=\"949\" height=\"621\" srcset=\"https:\/\/www.arnaudom.fr\/wordpress\/wp-content\/uploads\/2022\/02\/isis042.jpg 949w, https:\/\/www.arnaudom.fr\/wordpress\/wp-content\/uploads\/2022\/02\/isis042-300x196.jpg 300w, https:\/\/www.arnaudom.fr\/wordpress\/wp-content\/uploads\/2022\/02\/isis042-768x503.jpg 768w\" sizes=\"auto, (max-width: 949px) 100vw, 949px\" \/><\/p>\n<p><span style=\"color: #000000;\">On va afficher les deux spectres ensemble pour pouvoir les comparer : pour cela, il faut commencer par <b>Sauver<\/b> le spectre F5IV en cliquant sur le bouton correspondant (on le nomme f5iv par exemple)&#8230;<\/span><\/p>\n<p><span style=\"color: #000000;\"><img loading=\"lazy\" decoding=\"async\" class=\"size-full wp-image-8181 aligncenter\" src=\"http:\/\/www.arnaudom.fr\/wordpress\/wp-content\/uploads\/2022\/02\/isis043.jpg\" alt=\"\" width=\"414\" height=\"165\" srcset=\"https:\/\/www.arnaudom.fr\/wordpress\/wp-content\/uploads\/2022\/02\/isis043.jpg 414w, https:\/\/www.arnaudom.fr\/wordpress\/wp-content\/uploads\/2022\/02\/isis043-300x120.jpg 300w\" sizes=\"auto, (max-width: 414px) 100vw, 414px\" \/><\/span><\/p>\n<p><span style=\"color: #000000;\">On affiche \u00e0 nouveau le spectre de Procyon en cliquant sur le bouton <b>Afficher<\/b>, puis on clique maintenant sur le bouton <b>Comparer<\/b> :<\/span><\/p>\n<p><img loading=\"lazy\" decoding=\"async\" class=\"size-full wp-image-8184 aligncenter\" src=\"http:\/\/www.arnaudom.fr\/wordpress\/wp-content\/uploads\/2022\/02\/isis044.jpg\" alt=\"\" width=\"951\" height=\"615\" srcset=\"https:\/\/www.arnaudom.fr\/wordpress\/wp-content\/uploads\/2022\/02\/isis044.jpg 951w, https:\/\/www.arnaudom.fr\/wordpress\/wp-content\/uploads\/2022\/02\/isis044-300x194.jpg 300w, https:\/\/www.arnaudom.fr\/wordpress\/wp-content\/uploads\/2022\/02\/isis044-768x497.jpg 768w\" sizes=\"auto, (max-width: 951px) 100vw, 951px\" \/><\/p>\n<p><span style=\"color: #000000;\">Dans la fen\u00eatre, ouvrez le spectre que vous venez de sauver (f5iv) puis cliquer sur le bouton <b>Comparer<\/b>.<\/span><\/p>\n<p><img loading=\"lazy\" decoding=\"async\" class=\"size-full wp-image-8187 aligncenter\" src=\"http:\/\/www.arnaudom.fr\/wordpress\/wp-content\/uploads\/2022\/02\/isis045.jpg\" alt=\"\" width=\"953\" height=\"624\" srcset=\"https:\/\/www.arnaudom.fr\/wordpress\/wp-content\/uploads\/2022\/02\/isis045.jpg 953w, https:\/\/www.arnaudom.fr\/wordpress\/wp-content\/uploads\/2022\/02\/isis045-300x196.jpg 300w, https:\/\/www.arnaudom.fr\/wordpress\/wp-content\/uploads\/2022\/02\/isis045-768x503.jpg 768w\" sizes=\"auto, (max-width: 953px) 100vw, 953px\" \/><\/p>\n<p><span style=\"color: #000000;\">Normalement vous pouvez maintenant observer votre spectre en bleu et en rouge le spectre F5IV (il faut parfois modifier la valeur <b>Borne sup\u00e9rieure<\/b> de la fen\u00eatre pour obtenir des tailles comparables, plusieurs essais peuvent \u00eatre n\u00e9cessaires, il faut <b>recliquer<\/b> sur le bouton <b>Comparer<\/b> pour voir l&rsquo;effet d&rsquo;une nouvelle valeur).<\/span><\/p>\n<p><span style=\"color: #000000;\">Comme on le voit, les profils des deux spectres sont bien diff\u00e9rents !<\/span><\/p>\n<p><span style=\"color: #000000;\">Cependant, si on se place sur la raie H-B\u00e9ta, on voit que les \u00ab\u00a0creux\u00a0\u00bb correspondent.<\/span><\/p>\n<p><span style=\"color: #000000;\"><img loading=\"lazy\" decoding=\"async\" class=\"size-full wp-image-8191 aligncenter\" src=\"http:\/\/www.arnaudom.fr\/wordpress\/wp-content\/uploads\/2022\/02\/isis046.jpg\" alt=\"\" width=\"946\" height=\"621\" srcset=\"https:\/\/www.arnaudom.fr\/wordpress\/wp-content\/uploads\/2022\/02\/isis046.jpg 946w, https:\/\/www.arnaudom.fr\/wordpress\/wp-content\/uploads\/2022\/02\/isis046-300x197.jpg 300w, https:\/\/www.arnaudom.fr\/wordpress\/wp-content\/uploads\/2022\/02\/isis046-768x504.jpg 768w\" sizes=\"auto, (max-width: 946px) 100vw, 946px\" \/><\/span><\/p>\n<p><span style=\"color: #000000;\">C&rsquo;est moins flagrant pour la raie H-Gamma&#8230;<\/span><\/p>\n<p><img loading=\"lazy\" decoding=\"async\" class=\"size-full wp-image-8194 aligncenter\" src=\"http:\/\/www.arnaudom.fr\/wordpress\/wp-content\/uploads\/2022\/02\/isis047.jpg\" alt=\"\" width=\"947\" height=\"619\" srcset=\"https:\/\/www.arnaudom.fr\/wordpress\/wp-content\/uploads\/2022\/02\/isis047.jpg 947w, https:\/\/www.arnaudom.fr\/wordpress\/wp-content\/uploads\/2022\/02\/isis047-300x196.jpg 300w, https:\/\/www.arnaudom.fr\/wordpress\/wp-content\/uploads\/2022\/02\/isis047-768x502.jpg 768w\" sizes=\"auto, (max-width: 947px) 100vw, 947px\" \/><\/p>\n<p><span style=\"color: #000000;\">On peut trouver des correspondances entre les deux spectres, sauf en dessous de 4000 A, zone o\u00f9 le capteur de la cam\u00e9ra n&rsquo;est plus vraiment sensible.<\/span><\/p>\n<p><span style=\"color: #000000;\">En conclusion, pour obtenir le r\u00e9el de l&rsquo;\u00e9toile, il va falloir cr\u00e9er le profil qui va repr\u00e9senter la r\u00e9ponse instrumentale de notre cam\u00e9ra, puis on devra corriger nos spectres par ce profil. Tout ceci peut se faire avec ISIS, c&rsquo;est ce que nous ferons&#8230; dans un prochain article !<\/span><\/p>\t\t\t\t\t<\/div>\n\t\t\t\t\t\t<\/div>\n\t\t\t\t<\/div>\n\t\t\t\t\t\t<\/div>\n\t\t\t\t\t<\/div>\n\t\t<\/div>\n\t\t\t\t\t\t\t\t<\/div>\n\t\t\t\t\t<\/div>\n\t\t<\/section>\n\t\t\t\t<section class=\"elementor-section elementor-top-section elementor-element elementor-element-2bf3374 elementor-section-boxed elementor-section-height-default elementor-section-height-default\" data-id=\"2bf3374\" data-element_type=\"section\">\n\t\t\t\t\t\t<div class=\"elementor-container elementor-column-gap-default\">\n\t\t\t\t\t\t\t<div class=\"elementor-row\">\n\t\t\t\t\t<div class=\"elementor-column elementor-col-100 elementor-top-column elementor-element elementor-element-07f9f9f\" data-id=\"07f9f9f\" data-element_type=\"column\">\n\t\t\t<div class=\"elementor-column-wrap elementor-element-populated\">\n\t\t\t\t\t\t\t<div class=\"elementor-widget-wrap\">\n\t\t\t\t\t\t<div class=\"elementor-element elementor-element-35d898b elementor-align-center elementor-widget elementor-widget-button\" data-id=\"35d898b\" data-element_type=\"widget\" data-widget_type=\"button.default\">\n\t\t\t\t<div class=\"elementor-widget-container\">\n\t\t\t\t\t<div class=\"elementor-button-wrapper\">\n\t\t\t<a href=\"http:\/\/www.arnaudom.fr\/wordpress\/spectrebrutsuite\" class=\"elementor-button-link elementor-button elementor-size-sm\" role=\"button\">\n\t\t\t\t\t\t<span class=\"elementor-button-content-wrapper\">\n\t\t\t\t\t\t\t<span class=\"elementor-button-icon elementor-align-icon-left\">\n\t\t\t\t<i aria-hidden=\"true\" class=\"fas fa-arrow-left\"><\/i>\t\t\t<\/span>\n\t\t\t\t\t\t<span class=\"elementor-button-text\">Traitement des spectres page pr\u00e9c\u00e9dente<\/span>\n\t\t<\/span>\n\t\t\t\t\t<\/a>\n\t\t<\/div>\n\t\t\t\t<\/div>\n\t\t\t\t<\/div>\n\t\t\t\t\t\t<\/div>\n\t\t\t\t\t<\/div>\n\t\t<\/div>\n\t\t\t\t\t\t\t\t<\/div>\n\t\t\t\t\t<\/div>\n\t\t<\/section>\n\t\t\t\t\t\t\t\t\t<\/div>\n\t\t\t<\/div>\n\t\t\t\t\t<\/div>\n\t\t","protected":false},"excerpt":{"rendered":"<p>Traitement des spectres du Star Analyser (3\/3) Etalonnage du spectre d&rsquo;une autre \u00e9toile Bien, j&rsquo;ai maintenant en ma possession 15 images de spectres de Procyon dont je veux obtenir le spectre 1D. Nous proc\u00e9dons donc comme pr\u00e9c\u00e9demment avec nos images de HD 65900 : &#8211; je commence par renommer mes images avec les onglets Divers\/Renommer &hellip;<\/p>\n<p class=\"read-more\"> <a class=\"\" href=\"https:\/\/www.arnaudom.fr\/wordpress\/spectrebrutfin\/\"> <span class=\"screen-reader-text\">spectrebrutfin<\/span> Lire la suite\u00a0\u00bb<\/a><\/p>\n","protected":false},"author":1,"featured_media":0,"parent":0,"menu_order":0,"comment_status":"open","ping_status":"closed","template":"","meta":{"site-sidebar-layout":"default","site-content-layout":"default","ast-site-content-layout":"","site-content-style":"default","site-sidebar-style":"default","ast-global-header-display":"","ast-banner-title-visibility":"","ast-main-header-display":"","ast-hfb-above-header-display":"","ast-hfb-below-header-display":"","ast-hfb-mobile-header-display":"","site-post-title":"disabled","ast-breadcrumbs-content":"","ast-featured-img":"disabled","footer-sml-layout":"","theme-transparent-header-meta":"default","adv-header-id-meta":"","stick-header-meta":"","header-above-stick-meta":"","header-main-stick-meta":"","header-below-stick-meta":"","astra-migrate-meta-layouts":"","ast-page-background-enabled":"default","ast-page-background-meta":{"desktop":{"background-color":"","background-image":"","background-repeat":"repeat","background-position":"center center","background-size":"auto","background-attachment":"scroll","background-type":"","background-media":"","overlay-type":"","overlay-color":"","overlay-gradient":""},"tablet":{"background-color":"","background-image":"","background-repeat":"repeat","background-position":"center center","background-size":"auto","background-attachment":"scroll","background-type":"","background-media":"","overlay-type":"","overlay-color":"","overlay-gradient":""},"mobile":{"background-color":"","background-image":"","background-repeat":"repeat","background-position":"center center","background-size":"auto","background-attachment":"scroll","background-type":"","background-media":"","overlay-type":"","overlay-color":"","overlay-gradient":""}},"ast-content-background-meta":{"desktop":{"background-color":"var(--ast-global-color-5)","background-image":"","background-repeat":"repeat","background-position":"center center","background-size":"auto","background-attachment":"scroll","background-type":"","background-media":"","overlay-type":"","overlay-color":"","overlay-gradient":""},"tablet":{"background-color":"var(--ast-global-color-5)","background-image":"","background-repeat":"repeat","background-position":"center center","background-size":"auto","background-attachment":"scroll","background-type":"","background-media":"","overlay-type":"","overlay-color":"","overlay-gradient":""},"mobile":{"background-color":"var(--ast-global-color-5)","background-image":"","background-repeat":"repeat","background-position":"center center","background-size":"auto","background-attachment":"scroll","background-type":"","background-media":"","overlay-type":"","overlay-color":"","overlay-gradient":""}},"footnotes":""},"class_list":["post-8123","page","type-page","status-publish","hentry"],"_links":{"self":[{"href":"https:\/\/www.arnaudom.fr\/wordpress\/wp-json\/wp\/v2\/pages\/8123","targetHints":{"allow":["GET"]}}],"collection":[{"href":"https:\/\/www.arnaudom.fr\/wordpress\/wp-json\/wp\/v2\/pages"}],"about":[{"href":"https:\/\/www.arnaudom.fr\/wordpress\/wp-json\/wp\/v2\/types\/page"}],"author":[{"embeddable":true,"href":"https:\/\/www.arnaudom.fr\/wordpress\/wp-json\/wp\/v2\/users\/1"}],"replies":[{"embeddable":true,"href":"https:\/\/www.arnaudom.fr\/wordpress\/wp-json\/wp\/v2\/comments?post=8123"}],"version-history":[{"count":48,"href":"https:\/\/www.arnaudom.fr\/wordpress\/wp-json\/wp\/v2\/pages\/8123\/revisions"}],"predecessor-version":[{"id":8543,"href":"https:\/\/www.arnaudom.fr\/wordpress\/wp-json\/wp\/v2\/pages\/8123\/revisions\/8543"}],"wp:attachment":[{"href":"https:\/\/www.arnaudom.fr\/wordpress\/wp-json\/wp\/v2\/media?parent=8123"}],"curies":[{"name":"wp","href":"https:\/\/api.w.org\/{rel}","templated":true}]}}