{"id":7984,"date":"2022-02-17T06:34:17","date_gmt":"2022-02-17T05:34:17","guid":{"rendered":"http:\/\/www.arnaudom.fr\/wordpress\/?page_id=7984"},"modified":"2022-04-17T07:58:05","modified_gmt":"2022-04-17T05:58:05","slug":"spectrebrut","status":"publish","type":"page","link":"https:\/\/www.arnaudom.fr\/wordpress\/spectrebrut\/","title":{"rendered":"spectrebrut"},"content":{"rendered":"\t\t<div data-elementor-type=\"wp-page\" data-elementor-id=\"7984\" class=\"elementor elementor-7984\">\n\t\t\t\t\t\t<div class=\"elementor-inner\">\n\t\t\t\t<div class=\"elementor-section-wrap\">\n\t\t\t\t\t\t\t\t\t<section class=\"elementor-section elementor-top-section elementor-element elementor-element-6f954e6a elementor-section-full_width elementor-section-height-default elementor-section-height-default\" data-id=\"6f954e6a\" data-element_type=\"section\" data-settings=\"{&quot;background_background&quot;:&quot;classic&quot;}\">\n\t\t\t\t\t\t<div class=\"elementor-container elementor-column-gap-default\">\n\t\t\t\t\t\t\t<div class=\"elementor-row\">\n\t\t\t\t\t<div class=\"elementor-column elementor-col-100 elementor-top-column elementor-element elementor-element-736edd50\" data-id=\"736edd50\" data-element_type=\"column\" data-settings=\"{&quot;background_background&quot;:&quot;classic&quot;}\">\n\t\t\t<div class=\"elementor-column-wrap elementor-element-populated\">\n\t\t\t\t\t\t\t<div class=\"elementor-widget-wrap\">\n\t\t\t\t\t\t<div class=\"elementor-element elementor-element-70d58982 elementor-widget elementor-widget-heading\" data-id=\"70d58982\" data-element_type=\"widget\" data-widget_type=\"heading.default\">\n\t\t\t\t<div class=\"elementor-widget-container\">\n\t\t\t<h1 class=\"elementor-heading-title elementor-size-default\">Traitement des spectres du Star Analyser (1\/3)<\/h1>\t\t<\/div>\n\t\t\t\t<\/div>\n\t\t\t\t<div class=\"elementor-element elementor-element-1e8fa9b elementor-drop-cap-yes elementor-drop-cap-view-default elementor-widget elementor-widget-text-editor\" data-id=\"1e8fa9b\" data-element_type=\"widget\" data-settings=\"{&quot;drop_cap&quot;:&quot;yes&quot;}\" data-widget_type=\"text-editor.default\">\n\t\t\t\t<div class=\"elementor-widget-container\">\n\t\t\t\t\t\t\t\t<div class=\"elementor-text-editor elementor-clearfix\">\n\t\t\t\t<p><i><span style=\"color: #000000;\">Ecrit le 15\/03\/2022.<\/span><\/i><\/p>\t\t\t\t\t<\/div>\n\t\t\t\t\t\t<\/div>\n\t\t\t\t<\/div>\n\t\t\t\t<div class=\"elementor-element elementor-element-2e7f403d elementor-widget elementor-widget-heading\" data-id=\"2e7f403d\" data-element_type=\"widget\" data-widget_type=\"heading.default\">\n\t\t\t\t<div class=\"elementor-widget-container\">\n\t\t\t<h2 class=\"elementor-heading-title elementor-size-default\">Pr\u00e9liminaires<\/h2>\t\t<\/div>\n\t\t\t\t<\/div>\n\t\t\t\t<div class=\"elementor-element elementor-element-28f2ddc6 elementor-drop-cap-yes elementor-drop-cap-view-default elementor-widget elementor-widget-text-editor\" data-id=\"28f2ddc6\" data-element_type=\"widget\" data-settings=\"{&quot;drop_cap&quot;:&quot;yes&quot;}\" data-widget_type=\"text-editor.default\">\n\t\t\t\t<div class=\"elementor-widget-container\">\n\t\t\t\t\t\t\t\t<div class=\"elementor-text-editor elementor-clearfix\">\n\t\t\t\t<p><span style=\"color: #000000;\">Dans cet article, nous allons voir comment traiter des spectres acquis avec un Star Analyser, afin d&rsquo;obtenir un spectre 1D brut d&rsquo;une \u00e9toile, \u00e9talonn\u00e9 en longueur d&rsquo;onde. Pour cela, je vais utiliser le logiciel ISIS de Christian Buil, <a href=\"http:\/\/www.astrosurf.com\/buil\/isis-software.html\" target=\"_blank\" rel=\"noopener\">\u00e0 t\u00e9l\u00e9charger ici<\/a>.<br>Pour cet exemple, je vais me servir des spectres de l&rsquo;\u00e9toile HD 65900 situ\u00e9e dans la constellation du Petit Chien. Pourquoi cette \u00e9toile ? Tout d&rsquo;abord parce qu&rsquo;il s&rsquo;agit d&rsquo;une \u00e9toile de type A, et que ce type d&rsquo;\u00e9toile pr\u00e9sente des raies d&rsquo;absorption bien visibles qui vont servir \u00e0 \u00e9talonner le spectre 1D. Ensuite elle est toute proche de l&rsquo;\u00e9toile Procyon dont je souhaitais faire le spectre, elle me servira donc de r\u00e9f\u00e9rence pour le traitement de cette derni\u00e8re.<br>Si l&rsquo;on veut faire des mesures un peu rigoureuses, on commencera donc toujours par faire l&rsquo;acquisition de spectres d&rsquo;une \u00e9toile de type A, qui vont servir de r\u00e9f\u00e9rence pour traiter les spectres de l&rsquo;\u00e9toile que l&rsquo;on veut analyser. Pour d\u00e9buter, l&rsquo;id\u00e9al est de choisir une \u00e9toile de type A bien connue, le guide d&rsquo;utilisation du Star Analyser propose en annexe une liste d&rsquo;\u00e9toiles de chacun des types.&nbsp; <br><\/span><\/p>\t\t\t\t\t<\/div>\n\t\t\t\t\t\t<\/div>\n\t\t\t\t<\/div>\n\t\t\t\t<div class=\"elementor-element elementor-element-1b5ceb8 elementor-widget elementor-widget-heading\" data-id=\"1b5ceb8\" data-element_type=\"widget\" data-widget_type=\"heading.default\">\n\t\t\t\t<div class=\"elementor-widget-container\">\n\t\t\t<h2 class=\"elementor-heading-title elementor-size-default\">Pr\u00e9paration des images et du logiciel<\/h2>\t\t<\/div>\n\t\t\t\t<\/div>\n\t\t\t\t<div class=\"elementor-element elementor-element-56dda89 elementor-widget elementor-widget-text-editor\" data-id=\"56dda89\" data-element_type=\"widget\" data-widget_type=\"text-editor.default\">\n\t\t\t\t<div class=\"elementor-widget-container\">\n\t\t\t\t\t\t\t\t<div class=\"elementor-text-editor elementor-clearfix\">\n\t\t\t\t<p><span style=\"color: #000000;\">J&rsquo;ai donc 15 spectres de l&rsquo;\u00e9toile HD 65900, photographi\u00e9s avec mon 200\/800 et la cam\u00e9ra ASI 1600, le temps de pose est de 3 secondes :<\/span><\/p><p><span style=\"color: #000000;\"><img loading=\"lazy\" decoding=\"async\" class=\"aligncenter wp-image-7996\" src=\"http:\/\/www.arnaudom.fr\/wordpress\/wp-content\/uploads\/2022\/02\/spectrehd659002d.jpg\" alt=\"\" width=\"700\" height=\"273\" srcset=\"https:\/\/www.arnaudom.fr\/wordpress\/wp-content\/uploads\/2022\/02\/spectrehd659002d.jpg 1077w, https:\/\/www.arnaudom.fr\/wordpress\/wp-content\/uploads\/2022\/02\/spectrehd659002d-300x117.jpg 300w, https:\/\/www.arnaudom.fr\/wordpress\/wp-content\/uploads\/2022\/02\/spectrehd659002d-1024x399.jpg 1024w, https:\/\/www.arnaudom.fr\/wordpress\/wp-content\/uploads\/2022\/02\/spectrehd659002d-768x299.jpg 768w\" sizes=\"auto, (max-width: 700px) 100vw, 700px\" \/><br \/>Les noms de mes spectres sont du type <b>HD65900_Light_Luminance_2022-02-13_22-21-43_Bin1x1_3s__3C_G139_20220214090628<\/b>&#8230;\u00a0 Pas tr\u00e8s pratiques \u00e0 utiliser ! Je vais donc commencer par les renommer en utilisant ISIS. On lance donc le logiciel et on va d&rsquo;abord cliquer sur l&rsquo;onglet <b>Configuration<\/b> pour faire les r\u00e9glages initiaux :\u00a0 dans <b>Mod\u00e8le de spectrographe<\/b> choisir <b>Star Analyser<\/b> dans la liste d\u00e9roulante, dans <b>R\u00e9pertoire de travail<\/b> indiquer le dossier dans lequel tous les fichiers seront stock\u00e9s (\u00e9viter les accents dans le nom des dossiers !!) , on peut aussi indiquer le r\u00e9pertoire de la base spectrale si vous l&rsquo;avez install\u00e9e (ce n&rsquo;est pas une obligation pour ce que l&rsquo;on va faire ici, mais si vous souhaitez aller plus loin dans le traitement de vos spectres, elle vous sera indispensable) et le r\u00e9pertoire du logiciel GNUPLOT si vous l&rsquo;avez install\u00e9.<img loading=\"lazy\" decoding=\"async\" class=\"aligncenter size-full wp-image-7998\" src=\"http:\/\/www.arnaudom.fr\/wordpress\/wp-content\/uploads\/2022\/02\/isis001.jpg\" alt=\"\" width=\"950\" height=\"628\" srcset=\"https:\/\/www.arnaudom.fr\/wordpress\/wp-content\/uploads\/2022\/02\/isis001.jpg 950w, https:\/\/www.arnaudom.fr\/wordpress\/wp-content\/uploads\/2022\/02\/isis001-300x198.jpg 300w, https:\/\/www.arnaudom.fr\/wordpress\/wp-content\/uploads\/2022\/02\/isis001-768x508.jpg 768w\" sizes=\"auto, (max-width: 950px) 100vw, 950px\" \/><\/span><\/p><p><span style=\"color: #000000;\">On clique maintenant sur l&rsquo;onglet <b>Divers<\/b> puis le sous-onglet <b>Renommer<\/b>. <\/span><\/p><p><span style=\"color: #000000;\"><img loading=\"lazy\" decoding=\"async\" class=\"aligncenter size-full wp-image-8001\" src=\"http:\/\/www.arnaudom.fr\/wordpress\/wp-content\/uploads\/2022\/02\/isis002.jpg\" alt=\"\" width=\"951\" height=\"587\" srcset=\"https:\/\/www.arnaudom.fr\/wordpress\/wp-content\/uploads\/2022\/02\/isis002.jpg 951w, https:\/\/www.arnaudom.fr\/wordpress\/wp-content\/uploads\/2022\/02\/isis002-300x185.jpg 300w, https:\/\/www.arnaudom.fr\/wordpress\/wp-content\/uploads\/2022\/02\/isis002-768x474.jpg 768w\" sizes=\"auto, (max-width: 951px) 100vw, 951px\" \/><\/span><\/p><p><span style=\"color: #000000;\">On d\u00e9pose les images de spectres dans la fen\u00eatre pr\u00e9vue \u00e0 cet effet, et on va remplir la case <b>S\u00e9quence de sortie (nom g\u00e9n\u00e9rique)<\/b> en utilisant le nom <b>HD65900-<\/b> (ne pas oublier le tiret \u00e0 la fin, cette fa\u00e7on de nommer les fichiers est celle qui permet d&rsquo;utiliser ISIS de la meilleure mani\u00e8re).<\/span><\/p><p><span style=\"color: #000000;\"><img loading=\"lazy\" decoding=\"async\" class=\"aligncenter size-full wp-image-8002\" src=\"http:\/\/www.arnaudom.fr\/wordpress\/wp-content\/uploads\/2022\/02\/isis003.jpg\" alt=\"\" width=\"951\" height=\"617\" srcset=\"https:\/\/www.arnaudom.fr\/wordpress\/wp-content\/uploads\/2022\/02\/isis003.jpg 951w, https:\/\/www.arnaudom.fr\/wordpress\/wp-content\/uploads\/2022\/02\/isis003-300x195.jpg 300w, https:\/\/www.arnaudom.fr\/wordpress\/wp-content\/uploads\/2022\/02\/isis003-768x498.jpg 768w\" sizes=\"auto, (max-width: 951px) 100vw, 951px\" \/><\/span><\/p><p><span style=\"color: #000000;\">On clique sur le bouton <b>Conversion<\/b> et ISIS va cr\u00e9er 15 images nomm\u00e9es <b>HD65900-1, HD65900-2 &#8230; HD65900-15<\/b> qu&rsquo;il va pouvoir manipuler facilement par la suite.<\/span><\/p><p><span style=\"color: #000000;\"><img loading=\"lazy\" decoding=\"async\" class=\"aligncenter size-full wp-image-8004\" src=\"http:\/\/www.arnaudom.fr\/wordpress\/wp-content\/uploads\/2022\/02\/isis004.jpg\" alt=\"\" width=\"949\" height=\"591\" srcset=\"https:\/\/www.arnaudom.fr\/wordpress\/wp-content\/uploads\/2022\/02\/isis004.jpg 949w, https:\/\/www.arnaudom.fr\/wordpress\/wp-content\/uploads\/2022\/02\/isis004-300x187.jpg 300w, https:\/\/www.arnaudom.fr\/wordpress\/wp-content\/uploads\/2022\/02\/isis004-768x478.jpg 768w\" sizes=\"auto, (max-width: 949px) 100vw, 949px\" \/><\/span><\/p>\t\t\t\t\t<\/div>\n\t\t\t\t\t\t<\/div>\n\t\t\t\t<\/div>\n\t\t\t\t<div class=\"elementor-element elementor-element-4111a81 elementor-widget elementor-widget-heading\" data-id=\"4111a81\" data-element_type=\"widget\" data-widget_type=\"heading.default\">\n\t\t\t\t<div class=\"elementor-widget-container\">\n\t\t\t<h2 class=\"elementor-heading-title elementor-size-default\">Cr\u00e9ation du spectre 1D<\/h2>\t\t<\/div>\n\t\t\t\t<\/div>\n\t\t\t\t<div class=\"elementor-element elementor-element-8c18bd2 elementor-widget elementor-widget-text-editor\" data-id=\"8c18bd2\" data-element_type=\"widget\" data-widget_type=\"text-editor.default\">\n\t\t\t\t<div class=\"elementor-widget-container\">\n\t\t\t\t\t\t\t\t<div class=\"elementor-text-editor elementor-clearfix\">\n\t\t\t\t<p><span style=\"color: #000000;\">On attaque maintenant le traitement proprement dit des spectres. Pour cela, on va sur l&rsquo;onglet <b>Image<\/b>, puis en cliquant sur l&rsquo;ic\u00f4ne <img loading=\"lazy\" decoding=\"async\" class=\"alignnone wp-image-8009\" src=\"http:\/\/www.arnaudom.fr\/wordpress\/wp-content\/uploads\/2022\/02\/isis006.jpg\" alt=\"\" width=\"60\" height=\"38\">, on charge la premi\u00e8re image de la s\u00e9quence, <b>HD65900-1<\/b>. Le spectre 1D d&rsquo;une \u00e9toile est une repr\u00e9sentation de son intensit\u00e9 lumineuse en fonction des longueurs d&rsquo;onde. Pour le cr\u00e9er, il faut partir d&rsquo;une image horizontale du spectre de l&rsquo;\u00e9toile (il est d&rsquo;ailleurs fortement conseill\u00e9 \u00e0 l&rsquo;acquisition des images de positionner le Star Analyser de fa\u00e7on \u00e0 obtenir un spectre le plus horizontal possible, ce que je n&rsquo;ai pas vraiment fait&#8230;). ISIS va automatiquement faire une rotation des images pour les positionner correctement, puis va additionner les 15 images en une seule (comme on le fait en imagerie astronomique) pour obtenir un spectre lumineux avec un bon rapport signal sur bruit.<\/span><\/p>\n<p><img loading=\"lazy\" decoding=\"async\" class=\"alignnone size-full wp-image-8011\" src=\"http:\/\/www.arnaudom.fr\/wordpress\/wp-content\/uploads\/2022\/02\/isis005.jpg\" alt=\"\" width=\"1280\" height=\"802\" srcset=\"https:\/\/www.arnaudom.fr\/wordpress\/wp-content\/uploads\/2022\/02\/isis005.jpg 1280w, https:\/\/www.arnaudom.fr\/wordpress\/wp-content\/uploads\/2022\/02\/isis005-300x188.jpg 300w, https:\/\/www.arnaudom.fr\/wordpress\/wp-content\/uploads\/2022\/02\/isis005-1024x642.jpg 1024w, https:\/\/www.arnaudom.fr\/wordpress\/wp-content\/uploads\/2022\/02\/isis005-768x481.jpg 768w\" sizes=\"auto, (max-width: 1280px) 100vw, 1280px\" \/><\/p>\n<p><span style=\"color: #000000;\">Pour cela, ISIS a besoin de la position de l&rsquo;\u00e9toile, qu&rsquo;on commence par <b>entourer avec la souris<\/b>. On clique ensuite sur le bouton <b>FWHM<\/b>, ceci va avoir pour effet de stocker les coordonn\u00e9es de l&rsquo;\u00e9toile dans les valeurs X0 et Y0 que le logiciel va utiliser pour le recadrage des images. Ici on a X0 =358 et Y0 = 771.<br><\/span><\/p>\n<p><img loading=\"lazy\" decoding=\"async\" class=\"alignnone size-full wp-image-8013\" src=\"http:\/\/www.arnaudom.fr\/wordpress\/wp-content\/uploads\/2022\/02\/isis007.jpg\" alt=\"\" width=\"1281\" height=\"804\" srcset=\"https:\/\/www.arnaudom.fr\/wordpress\/wp-content\/uploads\/2022\/02\/isis007.jpg 1281w, https:\/\/www.arnaudom.fr\/wordpress\/wp-content\/uploads\/2022\/02\/isis007-300x188.jpg 300w, https:\/\/www.arnaudom.fr\/wordpress\/wp-content\/uploads\/2022\/02\/isis007-1024x643.jpg 1024w, https:\/\/www.arnaudom.fr\/wordpress\/wp-content\/uploads\/2022\/02\/isis007-768x482.jpg 768w\" sizes=\"auto, (max-width: 1281px) 100vw, 1281px\" \/><\/p>\n<p><span style=\"color: #000000;\">On am\u00e8ne ensuite la souris sur une partie du spectre et <b>on note<\/b> les coordonn\u00e9es X et Y qu&rsquo;on peut lire sur le c\u00f4t\u00e9, ici X = 887 et Y =595.<\/span><\/p>\n<p><img loading=\"lazy\" decoding=\"async\" class=\"alignnone size-full wp-image-8014\" src=\"http:\/\/www.arnaudom.fr\/wordpress\/wp-content\/uploads\/2022\/02\/isis008.jpg\" alt=\"\" width=\"1279\" height=\"803\" srcset=\"https:\/\/www.arnaudom.fr\/wordpress\/wp-content\/uploads\/2022\/02\/isis008.jpg 1279w, https:\/\/www.arnaudom.fr\/wordpress\/wp-content\/uploads\/2022\/02\/isis008-300x188.jpg 300w, https:\/\/www.arnaudom.fr\/wordpress\/wp-content\/uploads\/2022\/02\/isis008-1024x643.jpg 1024w, https:\/\/www.arnaudom.fr\/wordpress\/wp-content\/uploads\/2022\/02\/isis008-768x482.jpg 768w\" sizes=\"auto, (max-width: 1279px) 100vw, 1279px\" \/><\/p>\n<p><span style=\"color: #000000;\">Allons maintenant dans l&rsquo;onglet <b>Instruments<\/b>, et cliquons sur le sous-onglet <b>Star Analyser<\/b>. On peut constater, dans le cadre <b>Evaluation de l&rsquo;orientation<\/b>, que les coordonn\u00e9es X0 et Y0 sont bien remplies avec les valeurs pr\u00e9c\u00e9dentes. <b>On remplit<\/b> maintenant les cases X et Y avec les coordonn\u00e9es not\u00e9es pr\u00e9c\u00e9demment.<\/span><\/p>\n<p><span style=\"color: #000000;\"><img loading=\"lazy\" decoding=\"async\" class=\"alignnone size-full wp-image-8017\" src=\"http:\/\/www.arnaudom.fr\/wordpress\/wp-content\/uploads\/2022\/02\/isis009.jpg\" alt=\"\" width=\"1272\" height=\"675\" srcset=\"https:\/\/www.arnaudom.fr\/wordpress\/wp-content\/uploads\/2022\/02\/isis009.jpg 1272w, https:\/\/www.arnaudom.fr\/wordpress\/wp-content\/uploads\/2022\/02\/isis009-300x159.jpg 300w, https:\/\/www.arnaudom.fr\/wordpress\/wp-content\/uploads\/2022\/02\/isis009-1024x543.jpg 1024w, https:\/\/www.arnaudom.fr\/wordpress\/wp-content\/uploads\/2022\/02\/isis009-768x408.jpg 768w\" sizes=\"auto, (max-width: 1272px) 100vw, 1272px\" \/><\/span><\/p>\n<p><span style=\"color: #000000;\">En cliquant sur le <b>petit bouton Go<\/b>, le logiciel calcule l&rsquo;angle que font nos spectres avec l&rsquo;horizontale (dans l&rsquo;id\u00e9al il devrait \u00eatre le plus petit possible si on a pris soin de mettre le Star Analyser le plus horizontal possible \u00e0 l&rsquo;acquisition, ce qui est loin d&rsquo;\u00eatre mon cas ici&#8230;). Le logiciel affiche -18,51 degr\u00e9s.<br><\/span><\/p>\n<p><img loading=\"lazy\" decoding=\"async\" class=\"size-full wp-image-8019 aligncenter\" src=\"http:\/\/www.arnaudom.fr\/wordpress\/wp-content\/uploads\/2022\/02\/isis010.jpg\" alt=\"\" width=\"822\" height=\"341\" srcset=\"https:\/\/www.arnaudom.fr\/wordpress\/wp-content\/uploads\/2022\/02\/isis010.jpg 822w, https:\/\/www.arnaudom.fr\/wordpress\/wp-content\/uploads\/2022\/02\/isis010-300x124.jpg 300w, https:\/\/www.arnaudom.fr\/wordpress\/wp-content\/uploads\/2022\/02\/isis010-768x319.jpg 768w\" sizes=\"auto, (max-width: 822px) 100vw, 822px\" \/><\/p>\n<p><span style=\"color: #000000;\">Pour faire les choses proprement , on va remplir les cases <b>Identification catalogue de l&rsquo;objet<\/b> (on entre HD65900) puis <b>S\u00e9quence d&rsquo;images d&rsquo;entr\u00e9e<\/b> avec le nom g\u00e9n\u00e9rique de nos images, ici <b>HD65900-<\/b>. En cliquant sur le petit carr\u00e9 gris \u00e0 c\u00f4t\u00e9 de <b>Nombre d&rsquo;images<\/b>, on peut v\u00e9rifier la pr\u00e9sence et le nombre d&rsquo;images de la s\u00e9quence dans notre r\u00e9pertoire de travail. Enfin, dans le cadre <b>Coordonn\u00e9es finales de l&rsquo;ordre z\u00e9ro<\/b>, on peut choisir les coordonn\u00e9es X et Y de la position de l&rsquo;\u00e9toile dans l&rsquo;image finale.<\/span><\/p>\n<p><img loading=\"lazy\" decoding=\"async\" class=\"alignnone size-full wp-image-8020\" src=\"http:\/\/www.arnaudom.fr\/wordpress\/wp-content\/uploads\/2022\/02\/isis011.jpg\" alt=\"\" width=\"945\" height=\"638\" srcset=\"https:\/\/www.arnaudom.fr\/wordpress\/wp-content\/uploads\/2022\/02\/isis011.jpg 945w, https:\/\/www.arnaudom.fr\/wordpress\/wp-content\/uploads\/2022\/02\/isis011-300x203.jpg 300w, https:\/\/www.arnaudom.fr\/wordpress\/wp-content\/uploads\/2022\/02\/isis011-768x519.jpg 768w\" sizes=\"auto, (max-width: 945px) 100vw, 945px\" \/><\/p>\n<p><span style=\"color: #000000;\">Il ne nous reste plus qu&rsquo;\u00e0 cliquer sur le <b>gros bouton Go<\/b>, et Isis proc\u00e8de au traitement des spectres : il fait une rotation des images, les additionne puis va cr\u00e9er le spectre 1D de notre \u00e9toile.<\/span><\/p>\n<p><img loading=\"lazy\" decoding=\"async\" class=\"size-full wp-image-8021 aligncenter\" src=\"http:\/\/www.arnaudom.fr\/wordpress\/wp-content\/uploads\/2022\/02\/isis012.jpg\" alt=\"\" width=\"453\" height=\"317\" srcset=\"https:\/\/www.arnaudom.fr\/wordpress\/wp-content\/uploads\/2022\/02\/isis012.jpg 453w, https:\/\/www.arnaudom.fr\/wordpress\/wp-content\/uploads\/2022\/02\/isis012-300x210.jpg 300w\" sizes=\"auto, (max-width: 453px) 100vw, 453px\" \/><\/p>\n<p><span style=\"color: #000000;\">Une fois le processus termin\u00e9, le spectre 1D est cr\u00e9\u00e9. Pour voir le r\u00e9sultat, il reste \u00e0 cliquer sur l&rsquo;onglet <b>Profil<\/b>.<\/span><\/p>\n<p><img loading=\"lazy\" decoding=\"async\" class=\"alignnone size-full wp-image-8022\" src=\"http:\/\/www.arnaudom.fr\/wordpress\/wp-content\/uploads\/2022\/02\/isis013.jpg\" alt=\"\" width=\"1278\" height=\"807\" srcset=\"https:\/\/www.arnaudom.fr\/wordpress\/wp-content\/uploads\/2022\/02\/isis013.jpg 1278w, https:\/\/www.arnaudom.fr\/wordpress\/wp-content\/uploads\/2022\/02\/isis013-300x189.jpg 300w, https:\/\/www.arnaudom.fr\/wordpress\/wp-content\/uploads\/2022\/02\/isis013-1024x647.jpg 1024w, https:\/\/www.arnaudom.fr\/wordpress\/wp-content\/uploads\/2022\/02\/isis013-768x485.jpg 768w\" sizes=\"auto, (max-width: 1278px) 100vw, 1278px\" \/><\/p>\n<p><span style=\"color: #000000;\">Et voil\u00e0 ! Vous venez de cr\u00e9er le spectre 1D de votre \u00e9toile !<br>C&rsquo;est un bon d\u00e9but. Nous allons l&rsquo;examiner et proc\u00e9der maintenant \u00e0 son \u00e9talonnage en longueur d&rsquo;onde.<br>A tout de suite &#8230;<br><\/span><\/p>\t\t\t\t\t<\/div>\n\t\t\t\t\t\t<\/div>\n\t\t\t\t<\/div>\n\t\t\t\t\t\t<\/div>\n\t\t\t\t\t<\/div>\n\t\t<\/div>\n\t\t\t\t\t\t\t\t<\/div>\n\t\t\t\t\t<\/div>\n\t\t<\/section>\n\t\t\t\t<section class=\"elementor-section elementor-top-section elementor-element elementor-element-9eaed5d elementor-section-boxed elementor-section-height-default elementor-section-height-default\" data-id=\"9eaed5d\" data-element_type=\"section\">\n\t\t\t\t\t\t<div class=\"elementor-container elementor-column-gap-default\">\n\t\t\t\t\t\t\t<div class=\"elementor-row\">\n\t\t\t\t\t<div class=\"elementor-column elementor-col-100 elementor-top-column elementor-element elementor-element-69033c2\" data-id=\"69033c2\" data-element_type=\"column\">\n\t\t\t<div class=\"elementor-column-wrap elementor-element-populated\">\n\t\t\t\t\t\t\t<div class=\"elementor-widget-wrap\">\n\t\t\t\t\t\t<div class=\"elementor-element elementor-element-571757c elementor-align-center elementor-widget elementor-widget-button\" data-id=\"571757c\" data-element_type=\"widget\" data-widget_type=\"button.default\">\n\t\t\t\t<div class=\"elementor-widget-container\">\n\t\t\t\t\t<div class=\"elementor-button-wrapper\">\n\t\t\t<a href=\"http:\/\/www.arnaudom.fr\/wordpress\/spectrebrutsuite\/\" class=\"elementor-button-link elementor-button elementor-size-sm\" role=\"button\">\n\t\t\t\t\t\t<span class=\"elementor-button-content-wrapper\">\n\t\t\t\t\t\t\t<span class=\"elementor-button-icon elementor-align-icon-right\">\n\t\t\t\t<i aria-hidden=\"true\" class=\"fas fa-arrow-right\"><\/i>\t\t\t<\/span>\n\t\t\t\t\t\t<span class=\"elementor-button-text\">Traitement des spectres suite... <\/span>\n\t\t<\/span>\n\t\t\t\t\t<\/a>\n\t\t<\/div>\n\t\t\t\t<\/div>\n\t\t\t\t<\/div>\n\t\t\t\t\t\t<\/div>\n\t\t\t\t\t<\/div>\n\t\t<\/div>\n\t\t\t\t\t\t\t\t<\/div>\n\t\t\t\t\t<\/div>\n\t\t<\/section>\n\t\t\t\t\t\t\t\t\t<\/div>\n\t\t\t<\/div>\n\t\t\t\t\t<\/div>\n\t\t","protected":false},"excerpt":{"rendered":"<p>Traitement des spectres du Star Analyser (1\/3) Ecrit le 15\/03\/2022. Pr\u00e9liminaires Dans cet article, nous allons voir comment traiter des spectres acquis avec un Star Analyser, afin d&rsquo;obtenir un spectre 1D brut d&rsquo;une \u00e9toile, \u00e9talonn\u00e9 en longueur d&rsquo;onde. Pour cela, je vais utiliser le logiciel ISIS de Christian Buil, \u00e0 t\u00e9l\u00e9charger ici.Pour cet exemple, je &hellip;<\/p>\n<p class=\"read-more\"> <a class=\"\" href=\"https:\/\/www.arnaudom.fr\/wordpress\/spectrebrut\/\"> <span class=\"screen-reader-text\">spectrebrut<\/span> Lire la suite\u00a0\u00bb<\/a><\/p>\n","protected":false},"author":1,"featured_media":0,"parent":0,"menu_order":0,"comment_status":"open","ping_status":"closed","template":"","meta":{"site-sidebar-layout":"default","site-content-layout":"default","ast-site-content-layout":"","site-content-style":"default","site-sidebar-style":"default","ast-global-header-display":"","ast-banner-title-visibility":"","ast-main-header-display":"","ast-hfb-above-header-display":"","ast-hfb-below-header-display":"","ast-hfb-mobile-header-display":"","site-post-title":"disabled","ast-breadcrumbs-content":"","ast-featured-img":"disabled","footer-sml-layout":"","theme-transparent-header-meta":"default","adv-header-id-meta":"","stick-header-meta":"","header-above-stick-meta":"","header-main-stick-meta":"","header-below-stick-meta":"","astra-migrate-meta-layouts":"","ast-page-background-enabled":"default","ast-page-background-meta":{"desktop":{"background-color":"","background-image":"","background-repeat":"repeat","background-position":"center center","background-size":"auto","background-attachment":"scroll","background-type":"","background-media":"","overlay-type":"","overlay-color":"","overlay-gradient":""},"tablet":{"background-color":"","background-image":"","background-repeat":"repeat","background-position":"center center","background-size":"auto","background-attachment":"scroll","background-type":"","background-media":"","overlay-type":"","overlay-color":"","overlay-gradient":""},"mobile":{"background-color":"","background-image":"","background-repeat":"repeat","background-position":"center center","background-size":"auto","background-attachment":"scroll","background-type":"","background-media":"","overlay-type":"","overlay-color":"","overlay-gradient":""}},"ast-content-background-meta":{"desktop":{"background-color":"var(--ast-global-color-5)","background-image":"","background-repeat":"repeat","background-position":"center center","background-size":"auto","background-attachment":"scroll","background-type":"","background-media":"","overlay-type":"","overlay-color":"","overlay-gradient":""},"tablet":{"background-color":"var(--ast-global-color-5)","background-image":"","background-repeat":"repeat","background-position":"center center","background-size":"auto","background-attachment":"scroll","background-type":"","background-media":"","overlay-type":"","overlay-color":"","overlay-gradient":""},"mobile":{"background-color":"var(--ast-global-color-5)","background-image":"","background-repeat":"repeat","background-position":"center center","background-size":"auto","background-attachment":"scroll","background-type":"","background-media":"","overlay-type":"","overlay-color":"","overlay-gradient":""}},"footnotes":""},"class_list":["post-7984","page","type-page","status-publish","hentry"],"_links":{"self":[{"href":"https:\/\/www.arnaudom.fr\/wordpress\/wp-json\/wp\/v2\/pages\/7984","targetHints":{"allow":["GET"]}}],"collection":[{"href":"https:\/\/www.arnaudom.fr\/wordpress\/wp-json\/wp\/v2\/pages"}],"about":[{"href":"https:\/\/www.arnaudom.fr\/wordpress\/wp-json\/wp\/v2\/types\/page"}],"author":[{"embeddable":true,"href":"https:\/\/www.arnaudom.fr\/wordpress\/wp-json\/wp\/v2\/users\/1"}],"replies":[{"embeddable":true,"href":"https:\/\/www.arnaudom.fr\/wordpress\/wp-json\/wp\/v2\/comments?post=7984"}],"version-history":[{"count":22,"href":"https:\/\/www.arnaudom.fr\/wordpress\/wp-json\/wp\/v2\/pages\/7984\/revisions"}],"predecessor-version":[{"id":8563,"href":"https:\/\/www.arnaudom.fr\/wordpress\/wp-json\/wp\/v2\/pages\/7984\/revisions\/8563"}],"wp:attachment":[{"href":"https:\/\/www.arnaudom.fr\/wordpress\/wp-json\/wp\/v2\/media?parent=7984"}],"curies":[{"name":"wp","href":"https:\/\/api.w.org\/{rel}","templated":true}]}}