{"id":7935,"date":"2022-02-16T08:00:08","date_gmt":"2022-02-16T07:00:08","guid":{"rendered":"http:\/\/www.arnaudom.fr\/wordpress\/?page_id=7935"},"modified":"2022-04-04T08:44:13","modified_gmt":"2022-04-04T06:44:13","slug":"cmos001suite","status":"publish","type":"page","link":"https:\/\/www.arnaudom.fr\/wordpress\/cmos001suite\/","title":{"rendered":"cmos001suite"},"content":{"rendered":"\t\t<div data-elementor-type=\"wp-page\" data-elementor-id=\"7935\" class=\"elementor elementor-7935\">\n\t\t\t\t\t\t<div class=\"elementor-inner\">\n\t\t\t\t<div class=\"elementor-section-wrap\">\n\t\t\t\t\t\t\t\t\t<section class=\"elementor-section elementor-top-section elementor-element elementor-element-ab3649b elementor-section-boxed elementor-section-height-default elementor-section-height-default\" data-id=\"ab3649b\" data-element_type=\"section\">\n\t\t\t\t\t\t<div class=\"elementor-container elementor-column-gap-default\">\n\t\t\t\t\t\t\t<div class=\"elementor-row\">\n\t\t\t\t\t<div class=\"elementor-column elementor-col-100 elementor-top-column elementor-element elementor-element-e9e9678\" data-id=\"e9e9678\" data-element_type=\"column\">\n\t\t\t<div class=\"elementor-column-wrap elementor-element-populated\">\n\t\t\t\t\t\t\t<div class=\"elementor-widget-wrap\">\n\t\t\t\t\t\t<div class=\"elementor-element elementor-element-a329d06 elementor-widget elementor-widget-heading\" data-id=\"a329d06\" data-element_type=\"widget\" data-widget_type=\"heading.default\">\n\t\t\t\t<div class=\"elementor-widget-container\">\n\t\t\t<h1 class=\"elementor-heading-title elementor-size-default\">Pr\u00e9traitement des images CMOS (2\/2)<\/h1>\t\t<\/div>\n\t\t\t\t<\/div>\n\t\t\t\t\t\t<\/div>\n\t\t\t\t\t<\/div>\n\t\t<\/div>\n\t\t\t\t\t\t\t\t<\/div>\n\t\t\t\t\t<\/div>\n\t\t<\/section>\n\t\t\t\t<section class=\"elementor-section elementor-top-section elementor-element elementor-element-2b555b3 elementor-section-boxed elementor-section-height-default elementor-section-height-default\" data-id=\"2b555b3\" data-element_type=\"section\">\n\t\t\t\t\t\t<div class=\"elementor-container elementor-column-gap-default\">\n\t\t\t\t\t\t\t<div class=\"elementor-row\">\n\t\t\t\t\t<div class=\"elementor-column elementor-col-100 elementor-top-column elementor-element elementor-element-b4996b7\" data-id=\"b4996b7\" data-element_type=\"column\">\n\t\t\t<div class=\"elementor-column-wrap elementor-element-populated\">\n\t\t\t\t\t\t\t<div class=\"elementor-widget-wrap\">\n\t\t\t\t\t\t<div class=\"elementor-element elementor-element-719a033 elementor-widget elementor-widget-heading\" data-id=\"719a033\" data-element_type=\"widget\" data-widget_type=\"heading.default\">\n\t\t\t\t<div class=\"elementor-widget-container\">\n\t\t\t<h2 class=\"elementor-heading-title elementor-size-default\">3- Calibration des brutes pour chacun des filtres<\/h2>\t\t<\/div>\n\t\t\t\t<\/div>\n\t\t\t\t<div class=\"elementor-element elementor-element-c1eda73 elementor-widget elementor-widget-text-editor\" data-id=\"c1eda73\" data-element_type=\"widget\" data-widget_type=\"text-editor.default\">\n\t\t\t\t<div class=\"elementor-widget-container\">\n\t\t\t\t\t\t\t\t<div class=\"elementor-text-editor elementor-clearfix\">\n\t\t\t\t<p>Nous proc\u00e9dons maintenant \u00e0 la calibration des images brutes avec les masters cr\u00e9\u00e9s pr\u00e9c\u00e9demment. On clique pour cela sur <strong>Calibration des brutes<\/strong> pour ouvrir le process correspondant. Je dispose de 71 poses de 3 minutes de la n\u00e9buleuse IC 410 en <strong>Luminance<\/strong>, que j&rsquo;entre dans le process en cliquant sur <strong>Add files<\/strong>. Dans <strong>Output files<\/strong> on peut entrer le nom du dossier dans lequel on va enregistrer les brutes calibr\u00e9es, ici <strong>Light calibr\u00e9es<\/strong> en l&rsquo;occurrence. Dans <strong>Postfix<\/strong> j&rsquo;ai entr\u00e9 le suffixe <strong>_cal<\/strong>, ainsi le nom de toutes mes images calibr\u00e9es se termineront par cette extension. On peut la modifier (ou la supprimer) \u00e0 sa convenance.<\/p><p>Seules les cases <strong>Master Dark<\/strong> et <strong>Master Flat<\/strong> sont coch\u00e9es puisque nous utilisons uniquement le masterdark et le masterflat pour la calibration. On entre donc l&rsquo;image <b>masterdark<\/b> et l&rsquo;image <b>masterflatluminance<\/b> dans les cases correspondantes, et il ne reste plus qu&rsquo;\u00e0 lancer le process.<\/p><p><img loading=\"lazy\" decoding=\"async\" class=\"aligncenter size-full wp-image-7972\" src=\"http:\/\/www.arnaudom.fr\/wordpress\/wp-content\/uploads\/2022\/02\/pix507.jpg\" alt=\"\" width=\"477\" height=\"865\" srcset=\"https:\/\/www.arnaudom.fr\/wordpress\/wp-content\/uploads\/2022\/02\/pix507.jpg 477w, https:\/\/www.arnaudom.fr\/wordpress\/wp-content\/uploads\/2022\/02\/pix507-165x300.jpg 165w\" sizes=\"auto, (max-width: 477px) 100vw, 477px\" \/><\/p><p>Nous avons donc calibr\u00e9 nos images brutes de luminance. Maintenant, comme vous vous en doutez peut-\u00eatre, il faut faire la m\u00eame chose avec nos acquisitions couleur ! On va donc supprimer les images du process en cliquant sur <b>Clear<\/b>, puis entrer nos acquisitions de <b>Rouge<\/b>, ici je n&rsquo;ai que 5 poses de 3 minutes en Rouge. Il faut maintenant entrer dans la case <b>Master Flat<\/b> notre image <b>masterflatrouge<\/b> bien s\u00fbr.<\/p><p><img loading=\"lazy\" decoding=\"async\" class=\"aligncenter size-full wp-image-7975\" src=\"http:\/\/www.arnaudom.fr\/wordpress\/wp-content\/uploads\/2022\/02\/pix508.jpg\" alt=\"\" width=\"479\" height=\"725\" srcset=\"https:\/\/www.arnaudom.fr\/wordpress\/wp-content\/uploads\/2022\/02\/pix508.jpg 479w, https:\/\/www.arnaudom.fr\/wordpress\/wp-content\/uploads\/2022\/02\/pix508-198x300.jpg 198w\" sizes=\"auto, (max-width: 479px) 100vw, 479px\" \/><\/p><p>On lance donc le process, puis on fait donc la m\u00eame chose pour nos acquisitions de <b>Vert<\/b>, ici 8 poses, et dans <b>Master Flat<\/b> j&rsquo;entre l&rsquo;image <b>masterflatvert<\/b>.<\/p><p><img loading=\"lazy\" decoding=\"async\" class=\"aligncenter size-full wp-image-7977\" src=\"http:\/\/www.arnaudom.fr\/wordpress\/wp-content\/uploads\/2022\/02\/pix509.jpg\" alt=\"\" width=\"482\" height=\"721\" srcset=\"https:\/\/www.arnaudom.fr\/wordpress\/wp-content\/uploads\/2022\/02\/pix509.jpg 482w, https:\/\/www.arnaudom.fr\/wordpress\/wp-content\/uploads\/2022\/02\/pix509-201x300.jpg 201w\" sizes=\"auto, (max-width: 482px) 100vw, 482px\" \/><\/p><p>Apr\u00e8s avoir lanc\u00e9 le process, on va l&rsquo;ex\u00e9cuter une derni\u00e8re fois avec les poses de <b>Bleu<\/b>, ici 7 poses (oui, je n&rsquo;ai pas \u00e9t\u00e9 tr\u00e8s coh\u00e9rent dans l&rsquo;acquisition de mes poses couleur, mais je fais avec !), et bien entendu on entre dans <b>Master Flat<\/b> l&rsquo;image <b>masterflatbleu<\/b>.<\/p><p><img loading=\"lazy\" decoding=\"async\" class=\"aligncenter size-full wp-image-7978\" src=\"http:\/\/www.arnaudom.fr\/wordpress\/wp-content\/uploads\/2022\/02\/pix510.jpg\" alt=\"\" width=\"479\" height=\"723\" srcset=\"https:\/\/www.arnaudom.fr\/wordpress\/wp-content\/uploads\/2022\/02\/pix510.jpg 479w, https:\/\/www.arnaudom.fr\/wordpress\/wp-content\/uploads\/2022\/02\/pix510-199x300.jpg 199w\" sizes=\"auto, (max-width: 479px) 100vw, 479px\" \/><\/p><p>Voil\u00e0, apr\u00e8s avoir lanc\u00e9 une derni\u00e8re fois le process, nos diff\u00e9rents types d&rsquo;images brutes sont calibr\u00e9s. Comme on le voit, il n&rsquo;y a rien de bien compliqu\u00e9, il faut surtout essayer de ne pas se m\u00e9langer dans toutes les sortes d&rsquo;images que l&rsquo;on traite, entre les images de l&rsquo;objet en Luminance, celles en couleur et les flat des diff\u00e9rents filtres&#8230; D&rsquo;o\u00f9 l&rsquo;importance de bien les nommer, voire de les conserver dans des dossiers diff\u00e9rents !<\/p>\t\t\t\t\t<\/div>\n\t\t\t\t\t\t<\/div>\n\t\t\t\t<\/div>\n\t\t\t\t<div class=\"elementor-element elementor-element-d27aebb elementor-widget elementor-widget-heading\" data-id=\"d27aebb\" data-element_type=\"widget\" data-widget_type=\"heading.default\">\n\t\t\t\t<div class=\"elementor-widget-container\">\n\t\t\t<h2 class=\"elementor-heading-title elementor-size-default\">4- Correction cosm\u00e9tique des brutes pour chacun des filtres<\/h2>\t\t<\/div>\n\t\t\t\t<\/div>\n\t\t\t\t<div class=\"elementor-element elementor-element-0231db1 elementor-widget elementor-widget-text-editor\" data-id=\"0231db1\" data-element_type=\"widget\" data-widget_type=\"text-editor.default\">\n\t\t\t\t<div class=\"elementor-widget-container\">\n\t\t\t\t\t\t\t\t<div class=\"elementor-text-editor elementor-clearfix\">\n\t\t\t\t<p>On termine le pr\u00e9taitement en cliquant maintenant <strong>Correction Cosm\u00e9tique<\/strong>. On entre nos images brutes calibr\u00e9es dans le process, dans <strong>Output directory<\/strong> on peut choisir le dossier o\u00f9 sauvegarder nos images. J&rsquo;ai entr\u00e9 l&rsquo;extension <strong>_cosmetique<\/strong> dans <b>Postfix<\/b> pour nommer mes images. L&rsquo;option coch\u00e9e par d\u00e9faut, <strong>Use Auto Detect<\/strong>, avec les valeurs de 3 pour <strong>Hot Sigma<\/strong> et <strong>Cold Sigma<\/strong>, me semble dans la plupart des cas extr\u00eamement efficace, g\u00e9n\u00e9ralement je la laisse ainsi, mais selon les cas il faudra peut-\u00eatre jouer avec les curseurs.<\/p>\n<p><img loading=\"lazy\" decoding=\"async\" class=\"aligncenter size-full wp-image-7981\" src=\"http:\/\/www.arnaudom.fr\/wordpress\/wp-content\/uploads\/2022\/02\/pix511.jpg\" alt=\"\" width=\"430\" height=\"559\" srcset=\"https:\/\/www.arnaudom.fr\/wordpress\/wp-content\/uploads\/2022\/02\/pix511.jpg 430w, https:\/\/www.arnaudom.fr\/wordpress\/wp-content\/uploads\/2022\/02\/pix511-231x300.jpg 231w\" sizes=\"auto, (max-width: 430px) 100vw, 430px\" \/><\/p>\n<p>Il est int\u00e9ressant de faire un <strong>Preview<\/strong> sur une toute petite zone du ciel et de l&rsquo;utiliser avec le <strong>Real-Time preview<\/strong> : on peut voir en gros plan les pixels qui apparaissent et qui disparaissent quand on modifie les curseurs.<\/p>\n<p>Une fois les r\u00e9glages choisis, on peut lancer le process qui va appliquer la correction cosm\u00e9tique sur nos images calibr\u00e9es. Comme je trouve que le process fonctionne bien avec les r\u00e9glages par d\u00e9faut, ici j&rsquo;ai entr\u00e9 dans le process d&rsquo;un coup toutes mes images calibr\u00e9es, \u00e0 la fois les images de <b>Luminance<\/b>, de <b>Rouge<\/b>, de <b>Vert <\/b>et de<b> Bleu<\/b>. On peut aussi d\u00e9cider de faire s\u00e9par\u00e9ment la correction cosm\u00e9tique pour chaque type de brutes, \u00e0 vous de voir si vous voyez des diff\u00e9rences en fonction de vos donn\u00e9es.<\/p>\n<p>Voil\u00e0, le pr\u00e9traitement est termin\u00e9e, on dispose d&rsquo;un lot d&rsquo;images de Luminance, de Rouge, de Vert et de Bleu qu&rsquo;on va pouvoir utiliser dans la suite. Ceci sera l&rsquo;objet d&rsquo;un prochain tutoriel !<\/p>\t\t\t\t\t<\/div>\n\t\t\t\t\t\t<\/div>\n\t\t\t\t<\/div>\n\t\t\t\t\t\t<\/div>\n\t\t\t\t\t<\/div>\n\t\t<\/div>\n\t\t\t\t\t\t\t\t<\/div>\n\t\t\t\t\t<\/div>\n\t\t<\/section>\n\t\t\t\t<section class=\"elementor-section elementor-top-section elementor-element elementor-element-2d78c44 elementor-section-boxed elementor-section-height-default elementor-section-height-default\" data-id=\"2d78c44\" data-element_type=\"section\">\n\t\t\t\t\t\t<div class=\"elementor-container elementor-column-gap-default\">\n\t\t\t\t\t\t\t<div class=\"elementor-row\">\n\t\t\t\t\t<div class=\"elementor-column elementor-col-100 elementor-top-column elementor-element elementor-element-e09b565\" data-id=\"e09b565\" data-element_type=\"column\">\n\t\t\t<div class=\"elementor-column-wrap elementor-element-populated\">\n\t\t\t\t\t\t\t<div class=\"elementor-widget-wrap\">\n\t\t\t\t\t\t<div class=\"elementor-element elementor-element-212daf9 elementor-align-center elementor-widget elementor-widget-button\" data-id=\"212daf9\" data-element_type=\"widget\" data-widget_type=\"button.default\">\n\t\t\t\t<div class=\"elementor-widget-container\">\n\t\t\t\t\t<div class=\"elementor-button-wrapper\">\n\t\t\t<a href=\"http:\/\/www.arnaudom.fr\/wordpress\/cmos001\/\" class=\"elementor-button-link elementor-button elementor-size-sm\" role=\"button\">\n\t\t\t\t\t\t<span class=\"elementor-button-content-wrapper\">\n\t\t\t\t\t\t\t<span class=\"elementor-button-icon elementor-align-icon-left\">\n\t\t\t\t<i aria-hidden=\"true\" class=\"fas fa-arrow-left\"><\/i>\t\t\t<\/span>\n\t\t\t\t\t\t<span class=\"elementor-button-text\">Pr\u00e9traitement page pr\u00e9c\u00e9dente<\/span>\n\t\t<\/span>\n\t\t\t\t\t<\/a>\n\t\t<\/div>\n\t\t\t\t<\/div>\n\t\t\t\t<\/div>\n\t\t\t\t\t\t<\/div>\n\t\t\t\t\t<\/div>\n\t\t<\/div>\n\t\t\t\t\t\t\t\t<\/div>\n\t\t\t\t\t<\/div>\n\t\t<\/section>\n\t\t\t\t\t\t\t\t\t<\/div>\n\t\t\t<\/div>\n\t\t\t\t\t<\/div>\n\t\t","protected":false},"excerpt":{"rendered":"<p>Pr\u00e9traitement des images CMOS (2\/2) 3- Calibration des brutes pour chacun des filtres Nous proc\u00e9dons maintenant \u00e0 la calibration des images brutes avec les masters cr\u00e9\u00e9s pr\u00e9c\u00e9demment. On clique pour cela sur Calibration des brutes pour ouvrir le process correspondant. Je dispose de 71 poses de 3 minutes de la n\u00e9buleuse IC 410 en Luminance, &hellip;<\/p>\n<p class=\"read-more\"> <a class=\"\" href=\"https:\/\/www.arnaudom.fr\/wordpress\/cmos001suite\/\"> <span class=\"screen-reader-text\">cmos001suite<\/span> Lire la suite\u00a0\u00bb<\/a><\/p>\n","protected":false},"author":1,"featured_media":0,"parent":0,"menu_order":0,"comment_status":"open","ping_status":"closed","template":"","meta":{"site-sidebar-layout":"default","site-content-layout":"default","ast-site-content-layout":"","site-content-style":"default","site-sidebar-style":"default","ast-global-header-display":"","ast-banner-title-visibility":"","ast-main-header-display":"","ast-hfb-above-header-display":"","ast-hfb-below-header-display":"","ast-hfb-mobile-header-display":"","site-post-title":"disabled","ast-breadcrumbs-content":"","ast-featured-img":"disabled","footer-sml-layout":"","theme-transparent-header-meta":"default","adv-header-id-meta":"","stick-header-meta":"","header-above-stick-meta":"","header-main-stick-meta":"","header-below-stick-meta":"","astra-migrate-meta-layouts":"","ast-page-background-enabled":"default","ast-page-background-meta":{"desktop":{"background-color":"","background-image":"","background-repeat":"repeat","background-position":"center center","background-size":"auto","background-attachment":"scroll","background-type":"","background-media":"","overlay-type":"","overlay-color":"","overlay-gradient":""},"tablet":{"background-color":"","background-image":"","background-repeat":"repeat","background-position":"center center","background-size":"auto","background-attachment":"scroll","background-type":"","background-media":"","overlay-type":"","overlay-color":"","overlay-gradient":""},"mobile":{"background-color":"","background-image":"","background-repeat":"repeat","background-position":"center center","background-size":"auto","background-attachment":"scroll","background-type":"","background-media":"","overlay-type":"","overlay-color":"","overlay-gradient":""}},"ast-content-background-meta":{"desktop":{"background-color":"var(--ast-global-color-5)","background-image":"","background-repeat":"repeat","background-position":"center center","background-size":"auto","background-attachment":"scroll","background-type":"","background-media":"","overlay-type":"","overlay-color":"","overlay-gradient":""},"tablet":{"background-color":"var(--ast-global-color-5)","background-image":"","background-repeat":"repeat","background-position":"center center","background-size":"auto","background-attachment":"scroll","background-type":"","background-media":"","overlay-type":"","overlay-color":"","overlay-gradient":""},"mobile":{"background-color":"var(--ast-global-color-5)","background-image":"","background-repeat":"repeat","background-position":"center center","background-size":"auto","background-attachment":"scroll","background-type":"","background-media":"","overlay-type":"","overlay-color":"","overlay-gradient":""}},"footnotes":""},"class_list":["post-7935","page","type-page","status-publish","hentry"],"_links":{"self":[{"href":"https:\/\/www.arnaudom.fr\/wordpress\/wp-json\/wp\/v2\/pages\/7935","targetHints":{"allow":["GET"]}}],"collection":[{"href":"https:\/\/www.arnaudom.fr\/wordpress\/wp-json\/wp\/v2\/pages"}],"about":[{"href":"https:\/\/www.arnaudom.fr\/wordpress\/wp-json\/wp\/v2\/types\/page"}],"author":[{"embeddable":true,"href":"https:\/\/www.arnaudom.fr\/wordpress\/wp-json\/wp\/v2\/users\/1"}],"replies":[{"embeddable":true,"href":"https:\/\/www.arnaudom.fr\/wordpress\/wp-json\/wp\/v2\/comments?post=7935"}],"version-history":[{"count":17,"href":"https:\/\/www.arnaudom.fr\/wordpress\/wp-json\/wp\/v2\/pages\/7935\/revisions"}],"predecessor-version":[{"id":8538,"href":"https:\/\/www.arnaudom.fr\/wordpress\/wp-json\/wp\/v2\/pages\/7935\/revisions\/8538"}],"wp:attachment":[{"href":"https:\/\/www.arnaudom.fr\/wordpress\/wp-json\/wp\/v2\/media?parent=7935"}],"curies":[{"name":"wp","href":"https:\/\/api.w.org\/{rel}","templated":true}]}}