{"id":7894,"date":"2022-02-12T22:41:54","date_gmt":"2022-02-12T21:41:54","guid":{"rendered":"http:\/\/www.arnaudom.fr\/wordpress\/?page_id=7894"},"modified":"2022-09-13T05:47:50","modified_gmt":"2022-09-13T03:47:50","slug":"cmos001","status":"publish","type":"page","link":"https:\/\/www.arnaudom.fr\/wordpress\/cmos001\/","title":{"rendered":"cmos001"},"content":{"rendered":"\t\t<div data-elementor-type=\"wp-page\" data-elementor-id=\"7894\" class=\"elementor elementor-7894\">\n\t\t\t\t\t\t<div class=\"elementor-inner\">\n\t\t\t\t<div class=\"elementor-section-wrap\">\n\t\t\t\t\t\t\t\t\t<section class=\"elementor-section elementor-top-section elementor-element elementor-element-4fbe8a49 elementor-section-full_width elementor-section-height-default elementor-section-height-default\" data-id=\"4fbe8a49\" data-element_type=\"section\" data-settings=\"{&quot;background_background&quot;:&quot;classic&quot;}\">\n\t\t\t\t\t\t<div class=\"elementor-container elementor-column-gap-default\">\n\t\t\t\t\t\t\t<div class=\"elementor-row\">\n\t\t\t\t\t<div class=\"elementor-column elementor-col-100 elementor-top-column elementor-element elementor-element-1ce21c03\" data-id=\"1ce21c03\" data-element_type=\"column\" data-settings=\"{&quot;background_background&quot;:&quot;classic&quot;}\">\n\t\t\t<div class=\"elementor-column-wrap elementor-element-populated\">\n\t\t\t\t\t\t\t<div class=\"elementor-widget-wrap\">\n\t\t\t\t\t\t<div class=\"elementor-element elementor-element-5f445d3f elementor-widget elementor-widget-heading\" data-id=\"5f445d3f\" data-element_type=\"widget\" data-widget_type=\"heading.default\">\n\t\t\t\t<div class=\"elementor-widget-container\">\n\t\t\t<h1 class=\"elementor-heading-title elementor-size-default\">Pr\u00e9traitement des images CMOS<br>avec l'ASI 1600 Pro (1\/2)<\/h1>\t\t<\/div>\n\t\t\t\t<\/div>\n\t\t\t\t<div class=\"elementor-element elementor-element-4df220b elementor-drop-cap-yes elementor-drop-cap-view-default elementor-widget elementor-widget-text-editor\" data-id=\"4df220b\" data-element_type=\"widget\" data-settings=\"{&quot;drop_cap&quot;:&quot;yes&quot;}\" data-widget_type=\"text-editor.default\">\n\t\t\t\t<div class=\"elementor-widget-container\">\n\t\t\t\t\t\t\t\t<div class=\"elementor-text-editor elementor-clearfix\">\n\t\t\t\t<p><i><span style=\"color: #000000;\">Ecrit le 13\/02\/2022.<\/span><\/i><\/p>\t\t\t\t\t<\/div>\n\t\t\t\t\t\t<\/div>\n\t\t\t\t<\/div>\n\t\t\t\t<div class=\"elementor-element elementor-element-2b0de00 elementor-position-right elementor-vertical-align-middle elementor-widget elementor-widget-image-box\" data-id=\"2b0de00\" data-element_type=\"widget\" data-widget_type=\"image-box.default\">\n\t\t\t\t<div class=\"elementor-widget-container\">\n\t\t\t<div class=\"elementor-image-box-wrapper\"><figure class=\"elementor-image-box-img\"><a href=\"http:\/\/www.arnaudom.fr\/Pretraitementasi1600.zip\"><img loading=\"lazy\" decoding=\"async\" width=\"50\" height=\"50\" src=\"https:\/\/www.arnaudom.fr\/wordpress\/wp-content\/uploads\/2018\/08\/pdf.jpg\" class=\"attachment-full size-full wp-image-978\" alt=\"\" \/><\/a><\/figure><div class=\"elementor-image-box-content\"><p class=\"elementor-image-box-description\">Pour t\u00e9l\u00e9charger cet article en version PDF cliquer ici ==><\/p><\/div><\/div>\t\t<\/div>\n\t\t\t\t<\/div>\n\t\t\t\t<div class=\"elementor-element elementor-element-1ba39851 elementor-widget elementor-widget-heading\" data-id=\"1ba39851\" data-element_type=\"widget\" data-widget_type=\"heading.default\">\n\t\t\t\t<div class=\"elementor-widget-container\">\n\t\t\t<h2 class=\"elementor-heading-title elementor-size-default\">Sp\u00e9cificit\u00e9s du traitement LRVB<\/h2>\t\t<\/div>\n\t\t\t\t<\/div>\n\t\t\t\t<div class=\"elementor-element elementor-element-3dfcb007 elementor-drop-cap-yes elementor-drop-cap-view-default elementor-widget elementor-widget-text-editor\" data-id=\"3dfcb007\" data-element_type=\"widget\" data-settings=\"{&quot;drop_cap&quot;:&quot;yes&quot;}\" data-widget_type=\"text-editor.default\">\n\t\t\t\t<div class=\"elementor-widget-container\">\n\t\t\t\t\t\t\t\t<div class=\"elementor-text-editor elementor-clearfix\">\n\t\t\t\t<p><span style=\"color: #000000;\">Pour obtenir une image couleur avec le capteur monochrome de l&rsquo;ASI 1600, il faut cr\u00e9er une image LRVB de l&rsquo;objet photographi\u00e9&#8230;<br \/>K\u00e9sako <img loading=\"lazy\" decoding=\"async\" class=\"alignnone wp-image-7953 size-full\" src=\"http:\/\/www.arnaudom.fr\/wordpress\/wp-content\/uploads\/2022\/02\/smoh.gif\" alt=\"\" width=\"20\" height=\"20\" \/> ? En fait, il faut faire des acquisitions avec un filtre <b>Luminance<\/b> pour obtenir les d\u00e9tails de l&rsquo;image, mais comme le capteur est en noir et blanc, on obtiendra donc une image en noir et blanc de notre objet si l&rsquo;on se contente de cela (ce qui peut \u00eatre aussi un objectif en soi). Il faut ajouter ensuite des acquisitions avec les filtres <b>Rouge<\/b> (R), <b>Vert<\/b> (V) et <b>Bleu<\/b> (B) pour reconstituer la partie couleur de l&rsquo;image. J&rsquo;ai pu constater qu&rsquo;un minimum de poses suffisait pour retrouver des couleurs \u00e0 partir d&rsquo;une image en luminance, mais il faut tout de m\u00eame en faire quelques unes.<br \/>En conclusion, les donn\u00e9es n\u00e9cessaires \u00e0 la cr\u00e9ation d&rsquo;une image couleur en LRVB seront constitu\u00e9es du plus grand nombre possible de poses en luminance pour obtenir un maximum de d\u00e9tail et de luminosit\u00e9 sur l&rsquo;objet concern\u00e9, et d&rsquo;une s\u00e9rie de poses dans chacun des filtres R,V,B qui ne n\u00e9cessite pas de faire autant d&rsquo;acquisitions qu&rsquo;en luminance.<br \/><\/span><\/p>\t\t\t\t\t<\/div>\n\t\t\t\t\t\t<\/div>\n\t\t\t\t<\/div>\n\t\t\t\t<div class=\"elementor-element elementor-element-75c99eb elementor-widget elementor-widget-heading\" data-id=\"75c99eb\" data-element_type=\"widget\" data-widget_type=\"heading.default\">\n\t\t\t\t<div class=\"elementor-widget-container\">\n\t\t\t<h2 class=\"elementor-heading-title elementor-size-default\">Sp\u00e9cificit\u00e9s du traitement pour l'ASI 1600<\/h2>\t\t<\/div>\n\t\t\t\t<\/div>\n\t\t\t\t<div class=\"elementor-element elementor-element-972fddc elementor-drop-cap-yes elementor-drop-cap-view-default elementor-widget elementor-widget-text-editor\" data-id=\"972fddc\" data-element_type=\"widget\" data-settings=\"{&quot;drop_cap&quot;:&quot;yes&quot;}\" data-widget_type=\"text-editor.default\">\n\t\t\t\t<div class=\"elementor-widget-container\">\n\t\t\t\t\t\t\t\t<div class=\"elementor-text-editor elementor-clearfix\">\n\t\t\t\t<p><span style=\"color: #000000;\">La cam\u00e9ra ZWO ASI 1600 Pro est \u00e9quip\u00e9 d&rsquo;un capteur Panasonic MN34230. Je sais, \u00e7a vous fait une belle jambe <img loading=\"lazy\" decoding=\"async\" class=\"alignnone wp-image-7956 size-full\" src=\"http:\/\/www.arnaudom.fr\/wordpress\/wp-content\/uploads\/2022\/02\/smclin.gif\" alt=\"\" width=\"18\" height=\"18\" \/> ! En r\u00e9alit\u00e9, \u00e0 la lecture du livre <a href=\"https:\/\/www.astroshop.de\/fr\/observation\/livre-springer-inside-pixinsight\/p,59766\" target=\"_blank\" rel=\"noopener\">Inside Pixisinght<\/a> (ouvrage en anglais que je conseille si vous souhaitez vous plonger dans les d\u00e9tails de l&rsquo;utilisation de Pixinsight, attention je parle ici de la seconde \u00e9dition),\u00a0 on constate que l&rsquo;auteur (page 30) d\u00e9conseille l&rsquo;utilisation des offsets pour le pr\u00e9traitement des images. On retrouve ce conseil sur le site de ZWO : <a href=\"https:\/\/astronomy-imaging-camera.com\/tutorials\/what-is-amp-glow.html\" target=\"_blank\" rel=\"noopener\">https:\/\/astronomy-imaging-camera.com\/tutorials\/what-is-amp-glow.html<\/a>. Extrait (en anglais) : <i>\u00ab\u00a0Unlike CCD cameras, to ensure you properly remove glows, you should only subtract just the master dark. Do not use a master bias. A master flat may still be used\u00a0\u00bb<\/i>. En version fran\u00e7aise, \u00e7a donne : \u00ab\u00a0<i>Contrairement aux cam\u00e9ras CCD, pour retirer proprement l&rsquo;ampglow, vous devriez seulement soustraire un masterdark. N&rsquo;utilisez pas de masteroffset. Un masterflat peut cependant \u00eatre utilis\u00e9.\u00a0\u00bb<\/i><br \/><\/span><\/p><p><span style=\"color: #000000;\">J&rsquo;ai test\u00e9 les deux m\u00e9thodes (traitement classique par darks, flats, offset) et sans offset et j&rsquo;avoue ne pas avoir constat\u00e9 de diff\u00e9rence dans le r\u00e9sultat&#8230; Du coup, j&rsquo;en reste maintenant \u00e0 la seconde m\u00e9thode et je fais le traitement sans utiliser d&rsquo;offset, c&rsquo;est ce que propose la suite de cet article.<\/span><\/p><p><span style=\"color: #000000;\">Le pr\u00e9traitement va donc suivre les \u00e9tapes suivantes :<br \/>1- Cr\u00e9ation du Masterdark.<br \/>2- Cr\u00e9ation du Masterflat pour chacun des filtres.<br \/>3- Calibration des brutes pour chacun des filtres.<br \/>4- Correction cosm\u00e9tique des brutes pour chacun des filtres.<br \/><\/span><\/p><p><span style=\"color: #000000;\">Pour suivre le d\u00e9roulement du pr\u00e9traitement, je vous propose de t\u00e9l\u00e9charger les process correspondants <a href=\"http:\/\/www.arnaudom.fr\/PretraitementpiASI1600.zip\" target=\"_blank\" rel=\"noopener\">en cliquant ici<\/a> &#8230; Voici la liste des process obtenue :<\/span><\/p><p><img loading=\"lazy\" decoding=\"async\" class=\"aligncenter size-full wp-image-7918\" src=\"http:\/\/www.arnaudom.fr\/wordpress\/wp-content\/uploads\/2022\/02\/pix500.jpg\" alt=\"\" width=\"330\" height=\"358\" srcset=\"https:\/\/www.arnaudom.fr\/wordpress\/wp-content\/uploads\/2022\/02\/pix500.jpg 330w, https:\/\/www.arnaudom.fr\/wordpress\/wp-content\/uploads\/2022\/02\/pix500-277x300.jpg 277w\" sizes=\"auto, (max-width: 330px) 100vw, 330px\" \/><\/p><p><span style=\"color: #000000;\">Nous allons maintenant les utiliser.<\/span><\/p>\t\t\t\t\t<\/div>\n\t\t\t\t\t\t<\/div>\n\t\t\t\t<\/div>\n\t\t\t\t<div class=\"elementor-element elementor-element-2aaed6d elementor-widget elementor-widget-heading\" data-id=\"2aaed6d\" data-element_type=\"widget\" data-widget_type=\"heading.default\">\n\t\t\t\t<div class=\"elementor-widget-container\">\n\t\t\t<h2 class=\"elementor-heading-title elementor-size-default\">1-Cr\u00e9ation du Masterdark<\/h2>\t\t<\/div>\n\t\t\t\t<\/div>\n\t\t\t\t<div class=\"elementor-element elementor-element-7a934f9 elementor-widget elementor-widget-text-editor\" data-id=\"7a934f9\" data-element_type=\"widget\" data-widget_type=\"text-editor.default\">\n\t\t\t\t<div class=\"elementor-widget-container\">\n\t\t\t\t\t\t\t\t<div class=\"elementor-text-editor elementor-clearfix\">\n\t\t\t\t<p><span style=\"color: #000000;\">Pour faire mon Masterdark, j&rsquo;ai 15 images de dark de 180 secondes chacune, faites avec un gain \u00e0 139 et une temp\u00e9rature de -20\u00b0C .<\/span><\/p>\n<p><span style=\"color: #000000;\">Nous allons cr\u00e9er le Masterdark en cliquant sur <b>Cr\u00e9ation du masterdark<\/b>. On ajoute les images en cliquant sur <b>Add Files<\/b>, les param\u00e8tres sont normalement r\u00e9gl\u00e9s ainsi :<\/span><\/p>\n<p><span style=\"color: #000000;\">Dans Image <b>Integration<\/b>, on a :<\/span><br><span style=\"color: #000000;\">&#8211; <b>Combination<\/b> : <b>Average<\/b><\/span><br><span style=\"color: #000000;\">&#8211; <b>Normalization<\/b> : <b>No normalization<\/b><\/span><br><span style=\"color: #000000;\">&#8211; <b>Weights<\/b> : <b>Don&rsquo;t care (all weights = 1)<\/b><\/span><br><span style=\"color: #000000;\">&#8211;<b> Generated integrated image<\/b> est coch\u00e9e.<\/span><\/p>\n<p><span style=\"color: #000000;\">Dans <strong>Pixel Rejection (1)<\/strong>, on a :<\/span><br><span style=\"color: #000000;\">&#8211; <strong>Rejection algorithm : Winsorized Sigma Clipping<\/strong><\/span><br><span style=\"color: #000000;\">&#8211; <strong>Normalization : No normalization<\/strong><\/span><br><span style=\"color: #000000;\">&#8211; les cases <strong>Generate rejection maps, Clip low pixels et Clip high pixels<\/strong> sont coch\u00e9es.<\/span><\/p>\n<p><span style=\"color: #000000;\"><img loading=\"lazy\" decoding=\"async\" class=\"aligncenter size-full wp-image-7961\" src=\"http:\/\/www.arnaudom.fr\/wordpress\/wp-content\/uploads\/2022\/02\/pix506.jpg\" alt=\"\" width=\"491\" height=\"690\" srcset=\"https:\/\/www.arnaudom.fr\/wordpress\/wp-content\/uploads\/2022\/02\/pix506.jpg 491w, https:\/\/www.arnaudom.fr\/wordpress\/wp-content\/uploads\/2022\/02\/pix506-213x300.jpg 213w\" sizes=\"auto, (max-width: 491px) 100vw, 491px\" \/><\/span><\/p>\n<p><span style=\"color: #000000;\">Dans<strong> Pixel Rejection (2)<\/strong>, on va r\u00e9gler les curseurs <strong>Sigma Low<\/strong> et <strong>Sigma High<\/strong> puis on lance le process. Le but est d&rsquo;obtenir des valeurs de r\u00e9jection entre 0,15% et 0,25% (pour de plus amples informations sur le r\u00e9glage des curseurs et l&rsquo;analyse des r\u00e9sultats obtenus, relire la page <a href=\"http:\/\/www.arnaudom.fr\/wordpress\/pretraitement\/\" target=\"_blank\" rel=\"noopener\">pr\u00e9traitement<\/a>). Le r\u00e9sultat du process est une image noire. Pour en visualiser le contenu, on clique sur <b>Visualisation des images lin\u00e9aires<\/b> pour activer le process <strong>STF<\/strong>&nbsp; puis on clique sur l&rsquo;ic\u00f4ne <img loading=\"lazy\" decoding=\"async\" class=\"alignnone size-full wp-image-1314\" src=\"http:\/\/www.arnaudom.fr\/wordpress\/wp-content\/uploads\/2018\/08\/pix052.jpg\" alt=\"\" width=\"25\" height=\"26\">. <br><\/span><\/p>\n<p><span style=\"color: #000000;\"><img loading=\"lazy\" decoding=\"async\" class=\"aligncenter size-full wp-image-7919\" src=\"http:\/\/www.arnaudom.fr\/wordpress\/wp-content\/uploads\/2022\/02\/pix501.jpg\" alt=\"\" width=\"799\" height=\"607\" srcset=\"https:\/\/www.arnaudom.fr\/wordpress\/wp-content\/uploads\/2022\/02\/pix501.jpg 799w, https:\/\/www.arnaudom.fr\/wordpress\/wp-content\/uploads\/2022\/02\/pix501-300x228.jpg 300w, https:\/\/www.arnaudom.fr\/wordpress\/wp-content\/uploads\/2022\/02\/pix501-768x583.jpg 768w\" sizes=\"auto, (max-width: 799px) 100vw, 799px\" \/><\/span><\/p>\n<p><span style=\"color: #000000;\">On observe une image caract\u00e9ristique du Masterdark de l&rsquo;ASI 1600, \u00e0 savoir un effet &lsquo;d&rsquo;ampglow&rsquo;, c&rsquo;est-\u00e0-dire des effets de luminosit\u00e9 sur les bords de l&rsquo;image li\u00e9s au capteur de la cam\u00e9ra. Ce n&rsquo;est pas un souci, car tout ceci dispara\u00eetra au traitement. Il faut ensuite sauvegarder l&rsquo;image (en la nommant par exemple <strong>masterdark<\/strong>).<\/span><\/p>\t\t\t\t\t<\/div>\n\t\t\t\t\t\t<\/div>\n\t\t\t\t<\/div>\n\t\t\t\t<div class=\"elementor-element elementor-element-d91c634 elementor-widget elementor-widget-heading\" data-id=\"d91c634\" data-element_type=\"widget\" data-widget_type=\"heading.default\">\n\t\t\t\t<div class=\"elementor-widget-container\">\n\t\t\t<h2 class=\"elementor-heading-title elementor-size-default\">2-Cr\u00e9ation du Masterflat pour chacun des filtres<\/h2>\t\t<\/div>\n\t\t\t\t<\/div>\n\t\t\t\t\t\t<\/div>\n\t\t\t\t\t<\/div>\n\t\t<\/div>\n\t\t\t\t\t\t\t\t<\/div>\n\t\t\t\t\t<\/div>\n\t\t<\/section>\n\t\t\t\t<section class=\"elementor-section elementor-top-section elementor-element elementor-element-f488cdf elementor-section-boxed elementor-section-height-default elementor-section-height-default\" data-id=\"f488cdf\" data-element_type=\"section\">\n\t\t\t\t\t\t<div class=\"elementor-container elementor-column-gap-default\">\n\t\t\t\t\t\t\t<div class=\"elementor-row\">\n\t\t\t\t\t<div class=\"elementor-column elementor-col-100 elementor-top-column elementor-element elementor-element-38c1bcd\" data-id=\"38c1bcd\" data-element_type=\"column\">\n\t\t\t<div class=\"elementor-column-wrap elementor-element-populated\">\n\t\t\t\t\t\t\t<div class=\"elementor-widget-wrap\">\n\t\t\t\t\t\t<div class=\"elementor-element elementor-element-8831e53 elementor-widget elementor-widget-text-editor\" data-id=\"8831e53\" data-element_type=\"widget\" data-widget_type=\"text-editor.default\">\n\t\t\t\t<div class=\"elementor-widget-container\">\n\t\t\t\t\t\t\t\t<div class=\"elementor-text-editor elementor-clearfix\">\n\t\t\t\t<p>Normalement, pour un pr\u00e9traitement complet en LRVB, on devrait lors des acquisitions avoir fait des images de flat avec chacun des filtres L, R, V et B. J&rsquo;ai en ma possession 15 images de flat pour chacun des mes filtres, donc 15 images de flat en luminance, 15 en rouge, 15 en vert et 15 en bleu.<\/p>\n<p>On va maintenant cr\u00e9er le MasterFlat pour la <b>Luminance<\/b>, on clique sur <span class=\"gras\"><strong>Cr\u00e9ation du MasterFlat<\/strong><\/span>, le bouton <strong><span class=\"gras\">Add Files<\/span><\/strong> nous permet d&rsquo;entrer nos flat de <strong>Luminance<\/strong>. Certains param\u00e8tres du process diff\u00e8rent de ceux utilis\u00e9s pour le Masterdark et sont normalement r\u00e9gl\u00e9s ainsi :<\/p>\n<p>&#8211; dans la partie <strong>Image Integration<\/strong> on trouve <strong>Normalization : Multiplicative<\/strong><br>&#8211; et dans la partie <strong>Pixel Rejection(1)<\/strong> on trouve <strong>Normalization : Equalize fluxes<\/strong>.<\/p>\n<p>On lance le process, il faut faire quelques essais en jouant sur les param\u00e8tres de r\u00e9jection et on obtient le Masterflat pour la Luminance que l&rsquo;on peut visualiser avec le process <b>STF<\/b>.<\/p>\n<p><img loading=\"lazy\" decoding=\"async\" class=\"aligncenter size-full wp-image-7925\" src=\"http:\/\/www.arnaudom.fr\/wordpress\/wp-content\/uploads\/2022\/02\/pix502.jpg\" alt=\"\" width=\"799\" height=\"612\" srcset=\"https:\/\/www.arnaudom.fr\/wordpress\/wp-content\/uploads\/2022\/02\/pix502.jpg 799w, https:\/\/www.arnaudom.fr\/wordpress\/wp-content\/uploads\/2022\/02\/pix502-300x230.jpg 300w, https:\/\/www.arnaudom.fr\/wordpress\/wp-content\/uploads\/2022\/02\/pix502-768x588.jpg 768w\" sizes=\"auto, (max-width: 799px) 100vw, 799px\" \/><\/p>\n<p>On va donc le sauvegarder, sous le nom <strong>masterflatluminance<\/strong>.<\/p>\n<p>Il faut maintenant refaire la m\u00eame chose pour chacun des filtres. On peut supprimer les images du process en cliquant sur <strong>Clear<\/strong>, puis on clique sur <strong>Add files<\/strong> pour entrer nos flats <strong>Rouge<\/strong>, et on va cr\u00e9er maintenant notre masterflat pour le filtre Rouge.<\/p>\n<p><img loading=\"lazy\" decoding=\"async\" class=\"aligncenter size-full wp-image-7931\" src=\"http:\/\/www.arnaudom.fr\/wordpress\/wp-content\/uploads\/2022\/02\/pix503.jpg\" alt=\"\" width=\"801\" height=\"614\" srcset=\"https:\/\/www.arnaudom.fr\/wordpress\/wp-content\/uploads\/2022\/02\/pix503.jpg 801w, https:\/\/www.arnaudom.fr\/wordpress\/wp-content\/uploads\/2022\/02\/pix503-300x230.jpg 300w, https:\/\/www.arnaudom.fr\/wordpress\/wp-content\/uploads\/2022\/02\/pix503-768x589.jpg 768w\" sizes=\"auto, (max-width: 801px) 100vw, 801px\" \/><\/p>\n<p>Quand ceci est fait, on sauvegarde le r\u00e9sultat sous le nom <strong>masterflatrouge<\/strong>.<\/p>\n<p>On refait la m\u00eame chose encore avec les flats <strong>Vert<\/strong> &#8230;<\/p>\n<p><img loading=\"lazy\" decoding=\"async\" class=\"aligncenter size-full wp-image-7930\" src=\"http:\/\/www.arnaudom.fr\/wordpress\/wp-content\/uploads\/2022\/02\/pix504.jpg\" alt=\"\" width=\"796\" height=\"611\" srcset=\"https:\/\/www.arnaudom.fr\/wordpress\/wp-content\/uploads\/2022\/02\/pix504.jpg 796w, https:\/\/www.arnaudom.fr\/wordpress\/wp-content\/uploads\/2022\/02\/pix504-300x230.jpg 300w, https:\/\/www.arnaudom.fr\/wordpress\/wp-content\/uploads\/2022\/02\/pix504-768x590.jpg 768w\" sizes=\"auto, (max-width: 796px) 100vw, 796px\" \/><\/p>\n<p>On sauvegarde le r\u00e9sultat sous le nom <strong>masterflatvert<\/strong>&#8230;<\/p>\n<p>Et enfin m\u00eame manipulation une derni\u00e8re fois avec les flats <strong>Bleu<\/strong> &#8230;<\/p>\n<p><img loading=\"lazy\" decoding=\"async\" class=\"aligncenter size-full wp-image-7929\" src=\"http:\/\/www.arnaudom.fr\/wordpress\/wp-content\/uploads\/2022\/02\/pix505.jpg\" alt=\"\" width=\"800\" height=\"610\" srcset=\"https:\/\/www.arnaudom.fr\/wordpress\/wp-content\/uploads\/2022\/02\/pix505.jpg 800w, https:\/\/www.arnaudom.fr\/wordpress\/wp-content\/uploads\/2022\/02\/pix505-300x229.jpg 300w, https:\/\/www.arnaudom.fr\/wordpress\/wp-content\/uploads\/2022\/02\/pix505-768x586.jpg 768w\" sizes=\"auto, (max-width: 800px) 100vw, 800px\" \/><\/p>\n<p>Et on n&rsquo;oublie toujours pas de sauvegarder le r\u00e9sultat sous le nom <strong>masterflatbleu<\/strong>.<\/p>\n<p>Voil\u00e0, on a donc d\u00e9sormais entre notre possession notre <strong>masterdark<\/strong>, et 4 images de flat pour chacun de nos filtres nomm\u00e9es <strong>masterflatluminance<\/strong>, <strong>masterflatrouge<\/strong>, <strong>masterflatvert<\/strong> et <strong>masterflatbleu<\/strong>, avec lesquelles nous allons pouvoir calibrer les images de l&rsquo;objet.<\/p>\t\t\t\t\t<\/div>\n\t\t\t\t\t\t<\/div>\n\t\t\t\t<\/div>\n\t\t\t\t\t\t<\/div>\n\t\t\t\t\t<\/div>\n\t\t<\/div>\n\t\t\t\t\t\t\t\t<\/div>\n\t\t\t\t\t<\/div>\n\t\t<\/section>\n\t\t\t\t<section class=\"elementor-section elementor-top-section elementor-element elementor-element-e9d4890 elementor-section-boxed elementor-section-height-default elementor-section-height-default\" data-id=\"e9d4890\" data-element_type=\"section\">\n\t\t\t\t\t\t<div class=\"elementor-container elementor-column-gap-default\">\n\t\t\t\t\t\t\t<div class=\"elementor-row\">\n\t\t\t\t\t<div class=\"elementor-column elementor-col-100 elementor-top-column elementor-element elementor-element-b1a0da9\" data-id=\"b1a0da9\" data-element_type=\"column\">\n\t\t\t<div class=\"elementor-column-wrap elementor-element-populated\">\n\t\t\t\t\t\t\t<div class=\"elementor-widget-wrap\">\n\t\t\t\t\t\t<div class=\"elementor-element elementor-element-2160103 elementor-align-center elementor-widget elementor-widget-button\" data-id=\"2160103\" data-element_type=\"widget\" data-widget_type=\"button.default\">\n\t\t\t\t<div class=\"elementor-widget-container\">\n\t\t\t\t\t<div class=\"elementor-button-wrapper\">\n\t\t\t<a href=\"http:\/\/www.arnaudom.fr\/wordpress\/cmos001suite\/\" class=\"elementor-button-link elementor-button elementor-size-sm\" role=\"button\">\n\t\t\t\t\t\t<span class=\"elementor-button-content-wrapper\">\n\t\t\t\t\t\t\t<span class=\"elementor-button-icon elementor-align-icon-right\">\n\t\t\t\t<i aria-hidden=\"true\" class=\"fas fa-arrow-right\"><\/i>\t\t\t<\/span>\n\t\t\t\t\t\t<span class=\"elementor-button-text\">Pr\u00e9traitement suite... <\/span>\n\t\t<\/span>\n\t\t\t\t\t<\/a>\n\t\t<\/div>\n\t\t\t\t<\/div>\n\t\t\t\t<\/div>\n\t\t\t\t\t\t<\/div>\n\t\t\t\t\t<\/div>\n\t\t<\/div>\n\t\t\t\t\t\t\t\t<\/div>\n\t\t\t\t\t<\/div>\n\t\t<\/section>\n\t\t\t\t\t\t\t\t\t<\/div>\n\t\t\t<\/div>\n\t\t\t\t\t<\/div>\n\t\t","protected":false},"excerpt":{"rendered":"<p>Pr\u00e9traitement des images CMOSavec l&rsquo;ASI 1600 Pro (1\/2) Ecrit le 13\/02\/2022. Pour t\u00e9l\u00e9charger cet article en version PDF cliquer ici ==> Sp\u00e9cificit\u00e9s du traitement LRVB Pour obtenir une image couleur avec le capteur monochrome de l&rsquo;ASI 1600, il faut cr\u00e9er une image LRVB de l&rsquo;objet photographi\u00e9&#8230;K\u00e9sako ? En fait, il faut faire des acquisitions avec &hellip;<\/p>\n<p class=\"read-more\"> <a class=\"\" href=\"https:\/\/www.arnaudom.fr\/wordpress\/cmos001\/\"> <span class=\"screen-reader-text\">cmos001<\/span> Lire la suite\u00a0\u00bb<\/a><\/p>\n","protected":false},"author":1,"featured_media":0,"parent":0,"menu_order":0,"comment_status":"open","ping_status":"closed","template":"","meta":{"site-sidebar-layout":"default","site-content-layout":"default","ast-site-content-layout":"","site-content-style":"default","site-sidebar-style":"default","ast-global-header-display":"","ast-banner-title-visibility":"","ast-main-header-display":"","ast-hfb-above-header-display":"","ast-hfb-below-header-display":"","ast-hfb-mobile-header-display":"","site-post-title":"disabled","ast-breadcrumbs-content":"","ast-featured-img":"disabled","footer-sml-layout":"","theme-transparent-header-meta":"default","adv-header-id-meta":"","stick-header-meta":"","header-above-stick-meta":"","header-main-stick-meta":"","header-below-stick-meta":"","astra-migrate-meta-layouts":"","ast-page-background-enabled":"default","ast-page-background-meta":{"desktop":{"background-color":"","background-image":"","background-repeat":"repeat","background-position":"center center","background-size":"auto","background-attachment":"scroll","background-type":"","background-media":"","overlay-type":"","overlay-color":"","overlay-gradient":""},"tablet":{"background-color":"","background-image":"","background-repeat":"repeat","background-position":"center center","background-size":"auto","background-attachment":"scroll","background-type":"","background-media":"","overlay-type":"","overlay-color":"","overlay-gradient":""},"mobile":{"background-color":"","background-image":"","background-repeat":"repeat","background-position":"center center","background-size":"auto","background-attachment":"scroll","background-type":"","background-media":"","overlay-type":"","overlay-color":"","overlay-gradient":""}},"ast-content-background-meta":{"desktop":{"background-color":"var(--ast-global-color-5)","background-image":"","background-repeat":"repeat","background-position":"center center","background-size":"auto","background-attachment":"scroll","background-type":"","background-media":"","overlay-type":"","overlay-color":"","overlay-gradient":""},"tablet":{"background-color":"var(--ast-global-color-5)","background-image":"","background-repeat":"repeat","background-position":"center center","background-size":"auto","background-attachment":"scroll","background-type":"","background-media":"","overlay-type":"","overlay-color":"","overlay-gradient":""},"mobile":{"background-color":"var(--ast-global-color-5)","background-image":"","background-repeat":"repeat","background-position":"center center","background-size":"auto","background-attachment":"scroll","background-type":"","background-media":"","overlay-type":"","overlay-color":"","overlay-gradient":""}},"footnotes":""},"class_list":["post-7894","page","type-page","status-publish","hentry"],"_links":{"self":[{"href":"https:\/\/www.arnaudom.fr\/wordpress\/wp-json\/wp\/v2\/pages\/7894","targetHints":{"allow":["GET"]}}],"collection":[{"href":"https:\/\/www.arnaudom.fr\/wordpress\/wp-json\/wp\/v2\/pages"}],"about":[{"href":"https:\/\/www.arnaudom.fr\/wordpress\/wp-json\/wp\/v2\/types\/page"}],"author":[{"embeddable":true,"href":"https:\/\/www.arnaudom.fr\/wordpress\/wp-json\/wp\/v2\/users\/1"}],"replies":[{"embeddable":true,"href":"https:\/\/www.arnaudom.fr\/wordpress\/wp-json\/wp\/v2\/comments?post=7894"}],"version-history":[{"count":28,"href":"https:\/\/www.arnaudom.fr\/wordpress\/wp-json\/wp\/v2\/pages\/7894\/revisions"}],"predecessor-version":[{"id":8903,"href":"https:\/\/www.arnaudom.fr\/wordpress\/wp-json\/wp\/v2\/pages\/7894\/revisions\/8903"}],"wp:attachment":[{"href":"https:\/\/www.arnaudom.fr\/wordpress\/wp-json\/wp\/v2\/media?parent=7894"}],"curies":[{"name":"wp","href":"https:\/\/api.w.org\/{rel}","templated":true}]}}