{"id":754,"date":"2018-08-08T23:37:59","date_gmt":"2018-08-08T21:37:59","guid":{"rendered":"http:\/\/www.arnaudom.fr\/wordpress\/?page_id=754"},"modified":"2021-10-31T14:48:29","modified_gmt":"2021-10-31T13:48:29","slug":"matcarbone","status":"publish","type":"page","link":"https:\/\/www.arnaudom.fr\/wordpress\/matcarbone\/","title":{"rendered":"Mat\u00e9riel Carbone"},"content":{"rendered":"\t\t<div data-elementor-type=\"wp-post\" data-elementor-id=\"754\" class=\"elementor elementor-754\">\n\t\t\t\t\t\t<div class=\"elementor-inner\">\n\t\t\t\t<div class=\"elementor-section-wrap\">\n\t\t\t\t\t\t\t\t\t<section class=\"elementor-section elementor-top-section elementor-element elementor-element-00574f4 elementor-section-boxed elementor-section-height-default elementor-section-height-default\" data-id=\"00574f4\" data-element_type=\"section\">\n\t\t\t\t\t\t<div class=\"elementor-container elementor-column-gap-default\">\n\t\t\t\t\t\t\t<div class=\"elementor-row\">\n\t\t\t\t\t<div class=\"elementor-column elementor-col-100 elementor-top-column elementor-element elementor-element-14200ac\" data-id=\"14200ac\" data-element_type=\"column\" data-settings=\"{&quot;background_background&quot;:&quot;classic&quot;}\">\n\t\t\t<div class=\"elementor-column-wrap elementor-element-populated\">\n\t\t\t\t\t\t\t<div class=\"elementor-widget-wrap\">\n\t\t\t\t\t\t<div class=\"elementor-element elementor-element-5e017a8 elementor-widget elementor-widget-heading\" data-id=\"5e017a8\" data-element_type=\"widget\" data-widget_type=\"heading.default\">\n\t\t\t\t<div class=\"elementor-widget-container\">\n\t\t\t<h1 class=\"elementor-heading-title elementor-size-default\">T\u00e9lescope TS Carbone UNC et monture EQ6<\/h1>\t\t<\/div>\n\t\t\t\t<\/div>\n\t\t\t\t<div class=\"elementor-element elementor-element-d865a01 elementor-widget elementor-widget-heading\" data-id=\"d865a01\" data-element_type=\"widget\" data-widget_type=\"heading.default\">\n\t\t\t\t<div class=\"elementor-widget-container\">\n\t\t\t<h2 class=\"elementor-heading-title elementor-size-default\">T\u00e9lescope TS Carbone 200\/800<\/h2>\t\t<\/div>\n\t\t\t\t<\/div>\n\t\t\t\t<div class=\"elementor-element elementor-element-fcf3a96 elementor-widget elementor-widget-text-editor\" data-id=\"fcf3a96\" data-element_type=\"widget\" data-widget_type=\"text-editor.default\">\n\t\t\t\t<div class=\"elementor-widget-container\">\n\t\t\t\t\t\t\t\t<div class=\"elementor-text-editor elementor-clearfix\">\n\t\t\t\t<p>J&rsquo;utilise donc d\u00e9sormais un t\u00e9lescope de marque T\u00e9leskop-Service, il s&rsquo;agit toujours d&rsquo;un Newton 200\/800 (je crois que j&rsquo;aime cette formule optique&#8230;) dont le tube est en carbone. C&rsquo;est une sorte de version optimis\u00e9e de mon pr\u00e9c\u00e9dent tube, le GSO 200\/800.<a href=\"http:\/\/www.arnaudom.fr\/wordpress\/wp-content\/uploads\/2018\/08\/TSUNC009.jpg\"><img loading=\"lazy\" decoding=\"async\" class=\"aligncenter size-full wp-image-776\" src=\"http:\/\/www.arnaudom.fr\/wordpress\/wp-content\/uploads\/2018\/08\/TSUNC009.jpg\" alt=\"\" width=\"500\" height=\"743\" srcset=\"https:\/\/www.arnaudom.fr\/wordpress\/wp-content\/uploads\/2018\/08\/TSUNC009.jpg 500w, https:\/\/www.arnaudom.fr\/wordpress\/wp-content\/uploads\/2018\/08\/TSUNC009-202x300.jpg 202w\" sizes=\"auto, (max-width: 500px) 100vw, 500px\" \/><\/a>Le tube est plus l\u00e9ger que le pr\u00e9c\u00e9dent, et montre une belle finition. Il est livr\u00e9 avec les colliers et un chercheur 8&#215;50. Le miroir est fabriqu\u00e9 \u00e0 la commande et contr\u00f4l\u00e9 par Teleskop-Service, ce qui garantit normalement sa qualit\u00e9.<a href=\"http:\/\/www.arnaudom.fr\/wordpress\/wp-content\/uploads\/2018\/08\/TSUNC010.jpg\"><img loading=\"lazy\" decoding=\"async\" class=\"aligncenter size-full wp-image-780\" src=\"http:\/\/www.arnaudom.fr\/wordpress\/wp-content\/uploads\/2018\/08\/TSUNC010.jpg\" alt=\"\" width=\"500\" height=\"378\" srcset=\"https:\/\/www.arnaudom.fr\/wordpress\/wp-content\/uploads\/2018\/08\/TSUNC010.jpg 500w, https:\/\/www.arnaudom.fr\/wordpress\/wp-content\/uploads\/2018\/08\/TSUNC010-300x227.jpg 300w\" sizes=\"auto, (max-width: 500px) 100vw, 500px\" \/><\/a>Le porte-oculaire d&rsquo;origine est un crayford avec une mise au point d\u00e9multipli\u00e9e, qui en th\u00e9orie supporte des charges assez lourdes. Comme pour le miroir, il est con\u00e7u \u00e0 la commande, en fonction du correcteur utilis\u00e9 par le client. Ainsi, le tube du porte-oculaire a \u00e9t\u00e9 fabriqu\u00e9 en fonction des caract\u00e9ristiques de mon correcteur, le Paracorr. Du coup je peux faire la mise au point aussi bien en photo qu&rsquo;en visuel, et ceci sans avoir besoin de rajouter un tube allonge, ce qui \u00e9tait n\u00e9cessaire sur mon t\u00e9lescope pr\u00e9c\u00e9dent pour pouvoir observer. De plus je devais \u00e9viter d&rsquo;enfoncer compl\u00e9tement le correcteur dans le porte-oculaire pour pouvoir faire la mise au point en photo, d\u00e9sormais je me contente d&rsquo;ins\u00e9rer compl\u00e8tement l&rsquo;appareil photo, et comme le porte-oculaire poss\u00e8de une graduation sur le c\u00f4t\u00e9, je peux m&rsquo;en servir pour retrouver quasiment instantan\u00e9ment la position de mise au point quand l&rsquo;APN est install\u00e9. Un grand confort !<a href=\"http:\/\/www.arnaudom.fr\/wordpress\/wp-content\/uploads\/2018\/08\/TSUNC011.jpg\"><img loading=\"lazy\" decoding=\"async\" class=\"aligncenter size-full wp-image-781\" src=\"http:\/\/www.arnaudom.fr\/wordpress\/wp-content\/uploads\/2018\/08\/TSUNC011.jpg\" alt=\"\" width=\"500\" height=\"333\" srcset=\"https:\/\/www.arnaudom.fr\/wordpress\/wp-content\/uploads\/2018\/08\/TSUNC011.jpg 500w, https:\/\/www.arnaudom.fr\/wordpress\/wp-content\/uploads\/2018\/08\/TSUNC011-300x200.jpg 300w\" sizes=\"auto, (max-width: 500px) 100vw, 500px\" \/><\/a>Le barillet poss\u00e8de un syst\u00e8me de collimation \u00ab\u00a0\u00e0 la main\u00a0\u00bb. La collimation du miroir primaire peut donc se faire sans outil, et comme le tube est court, on peut l&rsquo;effectuer directement l&rsquo;oeil \u00e0 l&rsquo;oculaire. De plus le barillet est \u00e9quip\u00e9 d&rsquo;un ventilateur qui permet d&rsquo;acc\u00e9l\u00e9rer la mise en temp\u00e9rature en cas de besoin.<a href=\"http:\/\/www.arnaudom.fr\/wordpress\/wp-content\/uploads\/2018\/08\/TSUNC012.jpg\"><img loading=\"lazy\" decoding=\"async\" class=\"aligncenter size-full wp-image-782\" src=\"http:\/\/www.arnaudom.fr\/wordpress\/wp-content\/uploads\/2018\/08\/TSUNC012.jpg\" alt=\"\" width=\"500\" height=\"333\" srcset=\"https:\/\/www.arnaudom.fr\/wordpress\/wp-content\/uploads\/2018\/08\/TSUNC012.jpg 500w, https:\/\/www.arnaudom.fr\/wordpress\/wp-content\/uploads\/2018\/08\/TSUNC012-300x200.jpg 300w\" sizes=\"auto, (max-width: 500px) 100vw, 500px\" \/><\/a>Le miroir secondaire est \u00e9galement \u00e9quip\u00e9 de vis de r\u00e9glage qui se tournent \u00e0 la main. Ainsi tout le processus de collimation se fait \u00e0 la main, l&rsquo;oeil \u00e0 l&rsquo;oculaire, ce qui permet de collimater enti\u00e8rement le t\u00e9lescope en quelques minutes seulement. Or la collimation est \u00e0 faire tr\u00e8s r\u00e9guli\u00e8rement sur ce type de t\u00e9lescope \u00e0 F\/D court, ce sont donc des d\u00e9tails importants pour pouvoir l&rsquo;utiliser facilement. Enfin le syst\u00e8me de fixation du secondaire permet de le remonter ais\u00e9ment tout en conservant sa position initiale dans le tube. Dernier d\u00e9tail, le miroir secondaire est marqu\u00e9 en son centre afin l\u00e0 aussi de faciliter les r\u00e9glages de collimation.<a href=\"http:\/\/www.arnaudom.fr\/wordpress\/wp-content\/uploads\/2018\/08\/TSUNC013.jpg\"><img loading=\"lazy\" decoding=\"async\" class=\"aligncenter size-full wp-image-783\" src=\"http:\/\/www.arnaudom.fr\/wordpress\/wp-content\/uploads\/2018\/08\/TSUNC013.jpg\" alt=\"\" width=\"500\" height=\"333\" srcset=\"https:\/\/www.arnaudom.fr\/wordpress\/wp-content\/uploads\/2018\/08\/TSUNC013.jpg 500w, https:\/\/www.arnaudom.fr\/wordpress\/wp-content\/uploads\/2018\/08\/TSUNC013-300x200.jpg 300w\" sizes=\"auto, (max-width: 500px) 100vw, 500px\" \/><\/a>Et pour finir voici mon petit bricolage, la platine d&rsquo;autoguidage maison avec l&rsquo;ancien chercheur 8&#215;50 transform\u00e9 en instrument de guidage fix\u00e9 sur le dos du tube. Oui, c&rsquo;est moche, mais enfin \u00e7a marche !!<a href=\"http:\/\/www.arnaudom.fr\/wordpress\/wp-content\/uploads\/2018\/08\/TSUNC014.jpg\"><img loading=\"lazy\" decoding=\"async\" class=\"aligncenter size-full wp-image-784\" src=\"http:\/\/www.arnaudom.fr\/wordpress\/wp-content\/uploads\/2018\/08\/TSUNC014.jpg\" alt=\"\" width=\"500\" height=\"333\" srcset=\"https:\/\/www.arnaudom.fr\/wordpress\/wp-content\/uploads\/2018\/08\/TSUNC014.jpg 500w, https:\/\/www.arnaudom.fr\/wordpress\/wp-content\/uploads\/2018\/08\/TSUNC014-300x200.jpg 300w\" sizes=\"auto, (max-width: 500px) 100vw, 500px\" \/><\/a><\/p>\t\t\t\t\t<\/div>\n\t\t\t\t\t\t<\/div>\n\t\t\t\t<\/div>\n\t\t\t\t<div class=\"elementor-element elementor-element-5edc9e2 elementor-widget elementor-widget-heading\" data-id=\"5edc9e2\" data-element_type=\"widget\" data-widget_type=\"heading.default\">\n\t\t\t\t<div class=\"elementor-widget-container\">\n\t\t\t<h2 class=\"elementor-heading-title elementor-size-default\">Monture EQ6 Pro Goto<\/h2>\t\t<\/div>\n\t\t\t\t<\/div>\n\t\t\t\t<div class=\"elementor-element elementor-element-c4b343c elementor-widget elementor-widget-text-editor\" data-id=\"c4b343c\" data-element_type=\"widget\" data-widget_type=\"text-editor.default\">\n\t\t\t\t<div class=\"elementor-widget-container\">\n\t\t\t\t\t\t\t\t<div class=\"elementor-text-editor elementor-clearfix\">\n\t\t\t\t<p>Je vous laisse lire <a href=\"http:\/\/www.arnaudom.fr\/mateq6.php\">sur cette page<\/a> la description de la monture EQ6 Pro.<\/p>\t\t\t\t\t<\/div>\n\t\t\t\t\t\t<\/div>\n\t\t\t\t<\/div>\n\t\t\t\t\t\t<\/div>\n\t\t\t\t\t<\/div>\n\t\t<\/div>\n\t\t\t\t\t\t\t\t<\/div>\n\t\t\t\t\t<\/div>\n\t\t<\/section>\n\t\t\t\t\t\t\t\t\t<\/div>\n\t\t\t<\/div>\n\t\t\t\t\t<\/div>\n\t\t","protected":false},"excerpt":{"rendered":"<p>T\u00e9lescope TS Carbone UNC et monture EQ6 T\u00e9lescope TS Carbone 200\/800 J&rsquo;utilise donc d\u00e9sormais un t\u00e9lescope de marque T\u00e9leskop-Service, il s&rsquo;agit toujours d&rsquo;un Newton 200\/800 (je crois que j&rsquo;aime cette formule optique&#8230;) dont le tube est en carbone. C&rsquo;est une sorte de version optimis\u00e9e de mon pr\u00e9c\u00e9dent tube, le GSO 200\/800.Le tube est plus l\u00e9ger &hellip;<\/p>\n<p class=\"read-more\"> <a class=\"\" href=\"https:\/\/www.arnaudom.fr\/wordpress\/matcarbone\/\"> <span class=\"screen-reader-text\">Mat\u00e9riel Carbone<\/span> Lire la suite\u00a0\u00bb<\/a><\/p>\n","protected":false},"author":1,"featured_media":0,"parent":0,"menu_order":0,"comment_status":"closed","ping_status":"closed","template":"","meta":{"site-sidebar-layout":"default","site-content-layout":"default","ast-site-content-layout":"","site-content-style":"default","site-sidebar-style":"default","ast-global-header-display":"","ast-banner-title-visibility":"","ast-main-header-display":"","ast-hfb-above-header-display":"","ast-hfb-below-header-display":"","ast-hfb-mobile-header-display":"","site-post-title":"disabled","ast-breadcrumbs-content":"","ast-featured-img":"","footer-sml-layout":"","theme-transparent-header-meta":"default","adv-header-id-meta":"","stick-header-meta":"","header-above-stick-meta":"","header-main-stick-meta":"","header-below-stick-meta":"","astra-migrate-meta-layouts":"","ast-page-background-enabled":"default","ast-page-background-meta":{"desktop":{"background-color":"","background-image":"","background-repeat":"repeat","background-position":"center center","background-size":"auto","background-attachment":"scroll","background-type":"","background-media":"","overlay-type":"","overlay-color":"","overlay-gradient":""},"tablet":{"background-color":"","background-image":"","background-repeat":"repeat","background-position":"center center","background-size":"auto","background-attachment":"scroll","background-type":"","background-media":"","overlay-type":"","overlay-color":"","overlay-gradient":""},"mobile":{"background-color":"","background-image":"","background-repeat":"repeat","background-position":"center center","background-size":"auto","background-attachment":"scroll","background-type":"","background-media":"","overlay-type":"","overlay-color":"","overlay-gradient":""}},"ast-content-background-meta":{"desktop":{"background-color":"var(--ast-global-color-5)","background-image":"","background-repeat":"repeat","background-position":"center center","background-size":"auto","background-attachment":"scroll","background-type":"","background-media":"","overlay-type":"","overlay-color":"","overlay-gradient":""},"tablet":{"background-color":"var(--ast-global-color-5)","background-image":"","background-repeat":"repeat","background-position":"center center","background-size":"auto","background-attachment":"scroll","background-type":"","background-media":"","overlay-type":"","overlay-color":"","overlay-gradient":""},"mobile":{"background-color":"var(--ast-global-color-5)","background-image":"","background-repeat":"repeat","background-position":"center center","background-size":"auto","background-attachment":"scroll","background-type":"","background-media":"","overlay-type":"","overlay-color":"","overlay-gradient":""}},"footnotes":""},"class_list":["post-754","page","type-page","status-publish","hentry"],"_links":{"self":[{"href":"https:\/\/www.arnaudom.fr\/wordpress\/wp-json\/wp\/v2\/pages\/754","targetHints":{"allow":["GET"]}}],"collection":[{"href":"https:\/\/www.arnaudom.fr\/wordpress\/wp-json\/wp\/v2\/pages"}],"about":[{"href":"https:\/\/www.arnaudom.fr\/wordpress\/wp-json\/wp\/v2\/types\/page"}],"author":[{"embeddable":true,"href":"https:\/\/www.arnaudom.fr\/wordpress\/wp-json\/wp\/v2\/users\/1"}],"replies":[{"embeddable":true,"href":"https:\/\/www.arnaudom.fr\/wordpress\/wp-json\/wp\/v2\/comments?post=754"}],"version-history":[{"count":17,"href":"https:\/\/www.arnaudom.fr\/wordpress\/wp-json\/wp\/v2\/pages\/754\/revisions"}],"predecessor-version":[{"id":7469,"href":"https:\/\/www.arnaudom.fr\/wordpress\/wp-json\/wp\/v2\/pages\/754\/revisions\/7469"}],"wp:attachment":[{"href":"https:\/\/www.arnaudom.fr\/wordpress\/wp-json\/wp\/v2\/media?parent=754"}],"curies":[{"name":"wp","href":"https:\/\/api.w.org\/{rel}","templated":true}]}}