{"id":7345,"date":"2021-08-31T13:59:33","date_gmt":"2021-08-31T11:59:33","guid":{"rendered":"http:\/\/www.arnaudom.fr\/wordpress\/?page_id=7345"},"modified":"2021-09-01T06:23:38","modified_gmt":"2021-09-01T04:23:38","slug":"rowann","status":"publish","type":"page","link":"https:\/\/www.arnaudom.fr\/wordpress\/rowann\/","title":{"rendered":"Rowann"},"content":{"rendered":"\t\t<div data-elementor-type=\"wp-page\" data-elementor-id=\"7345\" class=\"elementor elementor-7345\">\n\t\t\t\t\t\t<div class=\"elementor-inner\">\n\t\t\t\t<div class=\"elementor-section-wrap\">\n\t\t\t\t\t\t\t\t\t<section class=\"elementor-section elementor-top-section elementor-element elementor-element-47020480 elementor-section-full_width elementor-section-height-default elementor-section-height-default\" data-id=\"47020480\" data-element_type=\"section\" data-settings=\"{&quot;background_background&quot;:&quot;classic&quot;}\">\n\t\t\t\t\t\t<div class=\"elementor-container elementor-column-gap-default\">\n\t\t\t\t\t\t\t<div class=\"elementor-row\">\n\t\t\t\t\t<div class=\"elementor-column elementor-col-100 elementor-top-column elementor-element elementor-element-45a19c35\" data-id=\"45a19c35\" data-element_type=\"column\" data-settings=\"{&quot;background_background&quot;:&quot;classic&quot;}\">\n\t\t\t<div class=\"elementor-column-wrap elementor-element-populated\">\n\t\t\t\t\t\t\t<div class=\"elementor-widget-wrap\">\n\t\t\t\t\t\t<div class=\"elementor-element elementor-element-66b5359b elementor-widget elementor-widget-heading\" data-id=\"66b5359b\" data-element_type=\"widget\" data-widget_type=\"heading.default\">\n\t\t\t\t<div class=\"elementor-widget-container\">\n\t\t\t<h1 class=\"elementor-heading-title elementor-size-default\">Kit Rowan pour monture EQ6<\/h1>\t\t<\/div>\n\t\t\t\t<\/div>\n\t\t\t\t<div class=\"elementor-element elementor-element-11ab0bd elementor-widget elementor-widget-text-editor\" data-id=\"11ab0bd\" data-element_type=\"widget\" data-widget_type=\"text-editor.default\">\n\t\t\t\t<div class=\"elementor-widget-container\">\n\t\t\t\t\t\t\t\t<div class=\"elementor-text-editor elementor-clearfix\">\n\t\t\t\t<p><span style=\"color: #000000;\"><em>Ecrit le 25\/08\/21.<\/em><\/span><\/p>\t\t\t\t\t<\/div>\n\t\t\t\t\t\t<\/div>\n\t\t\t\t<\/div>\n\t\t\t\t<div class=\"elementor-element elementor-element-87e29ca elementor-widget elementor-widget-heading\" data-id=\"87e29ca\" data-element_type=\"widget\" data-widget_type=\"heading.default\">\n\t\t\t\t<div class=\"elementor-widget-container\">\n\t\t\t<h2 class=\"elementor-heading-title elementor-size-default\">Kit poulies et courroies<\/h2>\t\t<\/div>\n\t\t\t\t<\/div>\n\t\t\t\t<div class=\"elementor-element elementor-element-2105ef29 elementor-drop-cap-yes elementor-drop-cap-view-default elementor-widget elementor-widget-text-editor\" data-id=\"2105ef29\" data-element_type=\"widget\" data-settings=\"{&quot;drop_cap&quot;:&quot;yes&quot;}\" data-widget_type=\"text-editor.default\">\n\t\t\t\t<div class=\"elementor-widget-container\">\n\t\t\t\t\t\t\t\t<div class=\"elementor-text-editor elementor-clearfix\">\n\t\t\t\t<p><span style=\"color: #000000;\">Ces kits permettent de remplacer les engrenages des moteurs d&rsquo;origine par un syst\u00e8me d&rsquo;entra\u00eenement par poulies et courroies. Les erreurs de suivi et d&rsquo;inversion moteur sont ainsi r\u00e9duites, le guidage de la monture s&rsquo;en trouve facilit\u00e9 et accessoirement, les bruits de motorisation sont passablement att\u00e9nu\u00e9s.<br \/><\/span><\/p>\t\t\t\t\t<\/div>\n\t\t\t\t\t\t<\/div>\n\t\t\t\t<\/div>\n\t\t\t\t<div class=\"elementor-element elementor-element-73273e1 gallery-spacing-custom elementor-widget elementor-widget-image-gallery\" data-id=\"73273e1\" data-element_type=\"widget\" data-widget_type=\"image-gallery.default\">\n\t\t\t\t<div class=\"elementor-widget-container\">\n\t\t\t\t\t<div class=\"elementor-image-gallery\">\n\t\t\t<div id='gallery-1' class='gallery galleryid-7345 gallery-columns-2 gallery-size-full'><figure class='gallery-item'>\n\t\t\t<div class='gallery-icon landscape'>\n\t\t\t\t<a data-elementor-open-lightbox=\"yes\" data-elementor-lightbox-slideshow=\"73273e1\" data-elementor-lightbox-title=\"kr01\" data-e-action-hash=\"#elementor-action%3Aaction%3Dlightbox%26settings%3DeyJpZCI6NzM2NiwidXJsIjoiaHR0cHM6XC9cL3d3dy5hcm5hdWRvbS5mclwvd29yZHByZXNzXC93cC1jb250ZW50XC91cGxvYWRzXC8yMDIxXC8wOVwva3IwMS5qcGciLCJzbGlkZXNob3ciOiI3MzI3M2UxIn0%3D\" href='https:\/\/www.arnaudom.fr\/wordpress\/wp-content\/uploads\/2021\/09\/kr01.jpg'><img loading=\"lazy\" decoding=\"async\" width=\"400\" height=\"300\" src=\"https:\/\/www.arnaudom.fr\/wordpress\/wp-content\/uploads\/2021\/09\/kr01.jpg\" class=\"attachment-full size-full\" alt=\"\" srcset=\"https:\/\/www.arnaudom.fr\/wordpress\/wp-content\/uploads\/2021\/09\/kr01.jpg 400w, https:\/\/www.arnaudom.fr\/wordpress\/wp-content\/uploads\/2021\/09\/kr01-300x225.jpg 300w\" sizes=\"auto, (max-width: 400px) 100vw, 400px\" \/><\/a>\n\t\t\t<\/div><\/figure><figure class='gallery-item'>\n\t\t\t<div class='gallery-icon landscape'>\n\t\t\t\t<a data-elementor-open-lightbox=\"yes\" data-elementor-lightbox-slideshow=\"73273e1\" data-elementor-lightbox-title=\"kr02\" data-e-action-hash=\"#elementor-action%3Aaction%3Dlightbox%26settings%3DeyJpZCI6NzM2NywidXJsIjoiaHR0cHM6XC9cL3d3dy5hcm5hdWRvbS5mclwvd29yZHByZXNzXC93cC1jb250ZW50XC91cGxvYWRzXC8yMDIxXC8wOVwva3IwMi5qcGciLCJzbGlkZXNob3ciOiI3MzI3M2UxIn0%3D\" href='https:\/\/www.arnaudom.fr\/wordpress\/wp-content\/uploads\/2021\/09\/kr02.jpg'><img loading=\"lazy\" decoding=\"async\" width=\"400\" height=\"300\" src=\"https:\/\/www.arnaudom.fr\/wordpress\/wp-content\/uploads\/2021\/09\/kr02.jpg\" class=\"attachment-full size-full\" alt=\"\" srcset=\"https:\/\/www.arnaudom.fr\/wordpress\/wp-content\/uploads\/2021\/09\/kr02.jpg 400w, https:\/\/www.arnaudom.fr\/wordpress\/wp-content\/uploads\/2021\/09\/kr02-300x225.jpg 300w\" sizes=\"auto, (max-width: 400px) 100vw, 400px\" \/><\/a>\n\t\t\t<\/div><\/figure>\n\t\t<\/div>\n\t\t<\/div>\n\t\t\t\t<\/div>\n\t\t\t\t<\/div>\n\t\t\t\t<div class=\"elementor-element elementor-element-5465d01 elementor-drop-cap-yes elementor-drop-cap-view-default elementor-widget elementor-widget-text-editor\" data-id=\"5465d01\" data-element_type=\"widget\" data-settings=\"{&quot;drop_cap&quot;:&quot;yes&quot;}\" data-widget_type=\"text-editor.default\">\n\t\t\t\t<div class=\"elementor-widget-container\">\n\t\t\t\t\t\t\t\t<div class=\"elementor-text-editor elementor-clearfix\">\n\t\t\t\t<p><span style=\"color: #000000;\">Il y a quelques mois le suivi de ma monture a commenc\u00e9 \u00e0 devenir vraiment chaotique&#8230; Etant donn\u00e9 son \u00e2ge, j&rsquo;ai pens\u00e9 qu&rsquo;il \u00e9tait peut-\u00eatre temps d&rsquo;op\u00e9rer une r\u00e9vision, par un d\u00e9montage et un regraissage de la monture. J&rsquo;ai donc achet\u00e9 chez Pierro Astro leur <a href=\"https:\/\/www.pierro-astro.com\/materiel-astronomique\/montures\/kits-de-modification\/documentation-kits-d-optimisation-pour-montures-eq6-atlas_detail\" target=\"_blank\" rel=\"noopener\">notice de d\u00e9montage et d&rsquo;optimisation des EQ6<\/a> afin de proc\u00e9der \u00e0 une telle op\u00e9ration. Bien m&rsquo;en a pris car j&rsquo;ai retrouv\u00e9 un petit boulon qui se promenait pr\u00e8s de la vis sans fin de mon moteur d&rsquo;Ascension Droite, et en perturbait sans doute le fonctionnement. J&rsquo;ai donc suivi les instructions de la notice pour d\u00e9monter, nettoyer et remonter mon EQ6.<br \/><\/span><\/p>\t\t\t\t\t<\/div>\n\t\t\t\t\t\t<\/div>\n\t\t\t\t<\/div>\n\t\t\t\t<div class=\"elementor-element elementor-element-b934a13 elementor-drop-cap-yes elementor-drop-cap-view-default elementor-widget elementor-widget-text-editor\" data-id=\"b934a13\" data-element_type=\"widget\" data-settings=\"{&quot;drop_cap&quot;:&quot;yes&quot;}\" data-widget_type=\"text-editor.default\">\n\t\t\t\t<div class=\"elementor-widget-container\">\n\t\t\t\t\t\t\t\t<div class=\"elementor-text-editor elementor-clearfix\">\n\t\t\t\t<p><span style=\"color: #000000;\">C&rsquo;est ainsi que j&rsquo;ai d\u00e9couvert l&rsquo;existence de ce kit, et apr\u00e8s avoir r\u00e9ussi \u00e0 d\u00e9monter et remonter mon EQ6, il m&rsquo;a sembl\u00e9 finalement logique de profiter de cette exp\u00e9rience pour remplacer les engrenages d&rsquo;origine par un entra\u00eenement par poulie et courroie. Il est \u00e0 noter que les nouvelles versions de monture EQ6, les EQ6-R, et toutes les montures de gamme sup\u00e9rieure d&rsquo;ailleurs poss\u00e8dent d\u00e9sormais des motorisations par courroies.<br><\/span><\/p>\t\t\t\t\t<\/div>\n\t\t\t\t\t\t<\/div>\n\t\t\t\t<\/div>\n\t\t\t\t<div class=\"elementor-element elementor-element-586a074 elementor-widget elementor-widget-heading\" data-id=\"586a074\" data-element_type=\"widget\" data-widget_type=\"heading.default\">\n\t\t\t\t<div class=\"elementor-widget-container\">\n\t\t\t<h2 class=\"elementor-heading-title elementor-size-default\">Installation du kit<\/h2>\t\t<\/div>\n\t\t\t\t<\/div>\n\t\t\t\t<div class=\"elementor-element elementor-element-cd70d7d elementor-drop-cap-yes elementor-drop-cap-view-default elementor-widget elementor-widget-text-editor\" data-id=\"cd70d7d\" data-element_type=\"widget\" data-settings=\"{&quot;drop_cap&quot;:&quot;yes&quot;}\" data-widget_type=\"text-editor.default\">\n\t\t\t\t<div class=\"elementor-widget-container\">\n\t\t\t\t\t\t\t\t<div class=\"elementor-text-editor elementor-clearfix\">\n\t\t\t\t<p><span style=\"color: #000000;\">S&rsquo;il vous est d\u00e9j\u00e0 arriv\u00e9 de proc\u00e9der au d\u00e9montage\/remontage de votre monture, l&rsquo;installation du kit ne devrait pas vous poser trop de probl\u00e8me. Dans le cas contraire, armez vous de patience et prenez votre temps , ce n&rsquo;est pas si compliqu\u00e9 mais soyez m\u00e9thodique et rigoureux.<br \/>Je vous conseille l&rsquo;achat de cet outil : <a href=\"https:\/\/www.pierro-astro.com\/materiel-astronomique\/montures\/kits-de-modification\/outil-d-extraction-de-vis-sans-fin-pour-eq6_detail\" target=\"_blank\" rel=\"noopener\">outil d&rsquo;extraction de vis sans fin EQ6<\/a> qui vous facilitera \u00e9norm\u00e9ment la tache pour d\u00e9monter et remonter les vis sans fin de la monture.<br \/>Enfin la notice de montage d&rsquo;origine est en anglais mais j&rsquo;en ai fait une traduction en fran\u00e7ais (qui est sans doute imparfaite). Vous pouvez t\u00e9l\u00e9charger cette notice en cliquant sur le lien ci-dessous :<br \/><\/span><\/p>\t\t\t\t\t<\/div>\n\t\t\t\t\t\t<\/div>\n\t\t\t\t<\/div>\n\t\t\t\t<div class=\"elementor-element elementor-element-c19c597 elementor-vertical-align-middle elementor-position-top elementor-widget elementor-widget-image-box\" data-id=\"c19c597\" data-element_type=\"widget\" data-widget_type=\"image-box.default\">\n\t\t\t\t<div class=\"elementor-widget-container\">\n\t\t\t<div class=\"elementor-image-box-wrapper\"><figure class=\"elementor-image-box-img\"><a href=\"http:\/\/www.arnaudom.fr\/tnr\" target=\"_blank\"><img loading=\"lazy\" decoding=\"async\" width=\"50\" height=\"50\" src=\"https:\/\/www.arnaudom.fr\/wordpress\/wp-content\/uploads\/2018\/08\/pdf.jpg\" class=\"attachment-full size-full wp-image-978\" alt=\"\" \/><\/a><\/figure><div class=\"elementor-image-box-content\"><p class=\"elementor-image-box-description\">Notice de montage du kit Rowan en fran\u00e7ais<\/p><\/div><\/div>\t\t<\/div>\n\t\t\t\t<\/div>\n\t\t\t\t<div class=\"elementor-element elementor-element-350800d elementor-widget elementor-widget-heading\" data-id=\"350800d\" data-element_type=\"widget\" data-widget_type=\"heading.default\">\n\t\t\t\t<div class=\"elementor-widget-container\">\n\t\t\t<h2 class=\"elementor-heading-title elementor-size-default\">Conclusion<\/h2>\t\t<\/div>\n\t\t\t\t<\/div>\n\t\t\t\t<div class=\"elementor-element elementor-element-de5a254 elementor-drop-cap-yes elementor-drop-cap-view-default elementor-widget elementor-widget-text-editor\" data-id=\"de5a254\" data-element_type=\"widget\" data-settings=\"{&quot;drop_cap&quot;:&quot;yes&quot;}\" data-widget_type=\"text-editor.default\">\n\t\t\t\t<div class=\"elementor-widget-container\">\n\t\t\t\t\t\t\t\t<div class=\"elementor-text-editor elementor-clearfix\">\n\t\t\t\t<p><span style=\"color: #000000;\">Finalement le bilan de l&rsquo;op\u00e9ration est plut\u00f4t positif puisque ma monture a retrouv\u00e9 une capacit\u00e9 de suivi tout \u00e0 fait satisfaisante. L&rsquo;heure n&rsquo;est donc pas encore venue de la mettre au rebut et donc, si votre EQ6 commence comme la mienne \u00e0 avoir un certain \u00e2ge et que vous n&rsquo;\u00eates pas totalement incapable d&rsquo;utiliser quelques outils, l&rsquo;installation d&rsquo;un kit Rowan peut redonner une seconde jeunesse \u00e0 votre v\u00e9n\u00e9rable monture.<br \/><\/span><\/p>\t\t\t\t\t<\/div>\n\t\t\t\t\t\t<\/div>\n\t\t\t\t<\/div>\n\t\t\t\t\t\t<\/div>\n\t\t\t\t\t<\/div>\n\t\t<\/div>\n\t\t\t\t\t\t\t\t<\/div>\n\t\t\t\t\t<\/div>\n\t\t<\/section>\n\t\t\t\t\t\t\t\t\t<\/div>\n\t\t\t<\/div>\n\t\t\t\t\t<\/div>\n\t\t","protected":false},"excerpt":{"rendered":"<p>Kit Rowan pour monture EQ6 Ecrit le 25\/08\/21. Kit poulies et courroies Ces kits permettent de remplacer les engrenages des moteurs d&rsquo;origine par un syst\u00e8me d&rsquo;entra\u00eenement par poulies et courroies. Les erreurs de suivi et d&rsquo;inversion moteur sont ainsi r\u00e9duites, le guidage de la monture s&rsquo;en trouve facilit\u00e9 et accessoirement, les bruits de motorisation sont &hellip;<\/p>\n<p class=\"read-more\"> <a class=\"\" href=\"https:\/\/www.arnaudom.fr\/wordpress\/rowann\/\"> <span class=\"screen-reader-text\">Rowann<\/span> Lire la suite\u00a0\u00bb<\/a><\/p>\n","protected":false},"author":1,"featured_media":0,"parent":0,"menu_order":0,"comment_status":"closed","ping_status":"closed","template":"","meta":{"site-sidebar-layout":"default","site-content-layout":"default","ast-site-content-layout":"","site-content-style":"default","site-sidebar-style":"default","ast-global-header-display":"","ast-banner-title-visibility":"","ast-main-header-display":"","ast-hfb-above-header-display":"","ast-hfb-below-header-display":"","ast-hfb-mobile-header-display":"","site-post-title":"disabled","ast-breadcrumbs-content":"","ast-featured-img":"disabled","footer-sml-layout":"","theme-transparent-header-meta":"default","adv-header-id-meta":"","stick-header-meta":"","header-above-stick-meta":"","header-main-stick-meta":"","header-below-stick-meta":"","astra-migrate-meta-layouts":"","ast-page-background-enabled":"default","ast-page-background-meta":{"desktop":{"background-color":"","background-image":"","background-repeat":"repeat","background-position":"center center","background-size":"auto","background-attachment":"scroll","background-type":"","background-media":"","overlay-type":"","overlay-color":"","overlay-gradient":""},"tablet":{"background-color":"","background-image":"","background-repeat":"repeat","background-position":"center center","background-size":"auto","background-attachment":"scroll","background-type":"","background-media":"","overlay-type":"","overlay-color":"","overlay-gradient":""},"mobile":{"background-color":"","background-image":"","background-repeat":"repeat","background-position":"center center","background-size":"auto","background-attachment":"scroll","background-type":"","background-media":"","overlay-type":"","overlay-color":"","overlay-gradient":""}},"ast-content-background-meta":{"desktop":{"background-color":"var(--ast-global-color-5)","background-image":"","background-repeat":"repeat","background-position":"center center","background-size":"auto","background-attachment":"scroll","background-type":"","background-media":"","overlay-type":"","overlay-color":"","overlay-gradient":""},"tablet":{"background-color":"var(--ast-global-color-5)","background-image":"","background-repeat":"repeat","background-position":"center center","background-size":"auto","background-attachment":"scroll","background-type":"","background-media":"","overlay-type":"","overlay-color":"","overlay-gradient":""},"mobile":{"background-color":"var(--ast-global-color-5)","background-image":"","background-repeat":"repeat","background-position":"center center","background-size":"auto","background-attachment":"scroll","background-type":"","background-media":"","overlay-type":"","overlay-color":"","overlay-gradient":""}},"footnotes":""},"class_list":["post-7345","page","type-page","status-publish","hentry"],"_links":{"self":[{"href":"https:\/\/www.arnaudom.fr\/wordpress\/wp-json\/wp\/v2\/pages\/7345","targetHints":{"allow":["GET"]}}],"collection":[{"href":"https:\/\/www.arnaudom.fr\/wordpress\/wp-json\/wp\/v2\/pages"}],"about":[{"href":"https:\/\/www.arnaudom.fr\/wordpress\/wp-json\/wp\/v2\/types\/page"}],"author":[{"embeddable":true,"href":"https:\/\/www.arnaudom.fr\/wordpress\/wp-json\/wp\/v2\/users\/1"}],"replies":[{"embeddable":true,"href":"https:\/\/www.arnaudom.fr\/wordpress\/wp-json\/wp\/v2\/comments?post=7345"}],"version-history":[{"count":17,"href":"https:\/\/www.arnaudom.fr\/wordpress\/wp-json\/wp\/v2\/pages\/7345\/revisions"}],"predecessor-version":[{"id":7374,"href":"https:\/\/www.arnaudom.fr\/wordpress\/wp-json\/wp\/v2\/pages\/7345\/revisions\/7374"}],"wp:attachment":[{"href":"https:\/\/www.arnaudom.fr\/wordpress\/wp-json\/wp\/v2\/media?parent=7345"}],"curies":[{"name":"wp","href":"https:\/\/api.w.org\/{rel}","templated":true}]}}