{"id":7087,"date":"2021-04-28T09:03:30","date_gmt":"2021-04-28T07:03:30","guid":{"rendered":"http:\/\/www.arnaudom.fr\/wordpress\/?page_id=7087"},"modified":"2021-05-01T08:10:30","modified_gmt":"2021-05-01T06:10:30","slug":"camera001","status":"publish","type":"page","link":"https:\/\/www.arnaudom.fr\/wordpress\/camera001\/","title":{"rendered":"camera001"},"content":{"rendered":"\t\t<div data-elementor-type=\"wp-page\" data-elementor-id=\"7087\" class=\"elementor elementor-7087\">\n\t\t\t\t\t\t<div class=\"elementor-inner\">\n\t\t\t\t<div class=\"elementor-section-wrap\">\n\t\t\t\t\t\t\t\t\t<section class=\"elementor-section elementor-top-section elementor-element elementor-element-3ddf9809 elementor-section-full_width elementor-section-height-default elementor-section-height-default\" data-id=\"3ddf9809\" data-element_type=\"section\" data-settings=\"{&quot;background_background&quot;:&quot;classic&quot;}\">\n\t\t\t\t\t\t<div class=\"elementor-container elementor-column-gap-default\">\n\t\t\t\t\t\t\t<div class=\"elementor-row\">\n\t\t\t\t\t<div class=\"elementor-column elementor-col-100 elementor-top-column elementor-element elementor-element-32dd1859\" data-id=\"32dd1859\" data-element_type=\"column\" data-settings=\"{&quot;background_background&quot;:&quot;classic&quot;}\">\n\t\t\t<div class=\"elementor-column-wrap elementor-element-populated\">\n\t\t\t\t\t\t\t<div class=\"elementor-widget-wrap\">\n\t\t\t\t\t\t<div class=\"elementor-element elementor-element-18f8708f elementor-widget elementor-widget-heading\" data-id=\"18f8708f\" data-element_type=\"widget\" data-widget_type=\"heading.default\">\n\t\t\t\t<div class=\"elementor-widget-container\">\n\t\t\t<h1 class=\"elementor-heading-title elementor-size-default\">Cam\u00e9ra ZWO ASI1600MM Pro<\/h1>\t\t<\/div>\n\t\t\t\t<\/div>\n\t\t\t\t<div class=\"elementor-element elementor-element-305f66f elementor-widget elementor-widget-text-editor\" data-id=\"305f66f\" data-element_type=\"widget\" data-widget_type=\"text-editor.default\">\n\t\t\t\t<div class=\"elementor-widget-container\">\n\t\t\t\t\t\t\t\t<div class=\"elementor-text-editor elementor-clearfix\">\n\t\t\t\t<p><span style=\"color: #000000;\"><em>Ecrit le 28\/04\/21.<\/em><\/span><\/p>\t\t\t\t\t<\/div>\n\t\t\t\t\t\t<\/div>\n\t\t\t\t<\/div>\n\t\t\t\t<div class=\"elementor-element elementor-element-5039640 elementor-widget elementor-widget-heading\" data-id=\"5039640\" data-element_type=\"widget\" data-widget_type=\"heading.default\">\n\t\t\t\t<div class=\"elementor-widget-container\">\n\t\t\t<h2 class=\"elementor-heading-title elementor-size-default\">Description<\/h2>\t\t<\/div>\n\t\t\t\t<\/div>\n\t\t\t\t<div class=\"elementor-element elementor-element-f23e45a elementor-widget elementor-widget-text-editor\" data-id=\"f23e45a\" data-element_type=\"widget\" data-widget_type=\"text-editor.default\">\n\t\t\t\t<div class=\"elementor-widget-container\">\n\t\t\t\t\t\t\t\t<div class=\"elementor-text-editor elementor-clearfix\">\n\t\t\t\t<p><span style=\"color: #000000;\">Apr\u00e8s plusieurs ann\u00e9es de photo astronomique avec un reflex, je souhaitais progresser dans ma pratique et c&rsquo;est pourquoi j&rsquo;ai d\u00e9cid\u00e9 de franchir le pas en m&rsquo;\u00e9quipant d&rsquo;une cam\u00e9ra sp\u00e9cialement d\u00e9di\u00e9e \u00e0 l&rsquo;astrophotographie. J&rsquo;ai donc opt\u00e9 pour l&rsquo;achat d&rsquo;une cam\u00e9ra ZWO ASI1600 MM Pro.<\/span><\/p>\t\t\t\t\t<\/div>\n\t\t\t\t\t\t<\/div>\n\t\t\t\t<\/div>\n\t\t\t\t<div class=\"elementor-element elementor-element-b412ea0 elementor-widget elementor-widget-image\" data-id=\"b412ea0\" data-element_type=\"widget\" data-widget_type=\"image.default\">\n\t\t\t\t<div class=\"elementor-widget-container\">\n\t\t\t\t\t\t\t\t<div class=\"elementor-image\">\n\t\t\t\t\t\t\t\t\t\t\t\t<img loading=\"lazy\" decoding=\"async\" width=\"300\" height=\"279\" src=\"https:\/\/www.arnaudom.fr\/wordpress\/wp-content\/uploads\/2021\/04\/zwo004-300x279.jpg\" class=\"attachment-medium size-medium wp-image-7105\" alt=\"\" srcset=\"https:\/\/www.arnaudom.fr\/wordpress\/wp-content\/uploads\/2021\/04\/zwo004-300x279.jpg 300w, https:\/\/www.arnaudom.fr\/wordpress\/wp-content\/uploads\/2021\/04\/zwo004.jpg 609w\" sizes=\"auto, (max-width: 300px) 100vw, 300px\" \/>\t\t\t\t\t\t\t\t\t\t\t\t\t\t<\/div>\n\t\t\t\t\t\t<\/div>\n\t\t\t\t<\/div>\n\t\t\t\t<div class=\"elementor-element elementor-element-73fef4c elementor-widget elementor-widget-text-editor\" data-id=\"73fef4c\" data-element_type=\"widget\" data-widget_type=\"text-editor.default\">\n\t\t\t\t<div class=\"elementor-widget-container\">\n\t\t\t\t\t\t\t\t<div class=\"elementor-text-editor elementor-clearfix\">\n\t\t\t\t\t\t\t\t\t<\/div>\n\t\t\t\t\t\t<\/div>\n\t\t\t\t<\/div>\n\t\t\t\t<div class=\"elementor-element elementor-element-428abf7 elementor-widget elementor-widget-text-editor\" data-id=\"428abf7\" data-element_type=\"widget\" data-widget_type=\"text-editor.default\">\n\t\t\t\t<div class=\"elementor-widget-container\">\n\t\t\t\t\t\t\t\t<div class=\"elementor-text-editor elementor-clearfix\">\n\t\t\t\t<p><span style=\"color: #000000;\">Celle-ci est \u00e9quip\u00e9e d&rsquo;un capteur CMOS noir et blanc, ce type de capteur est plus sensible qu&rsquo;un capteur couleur. En contrepartie, les contraintes pour faire une photo couleur sont plus nombreuses : il faut faire des acquisitions avec un filtre Luminance (L) pour l&rsquo;image et des acquisitions avec des filtres rouge (R), vert (V) et bleu (B) pour capturer les couleurs de l&rsquo;objet, ce qui demande donc l&rsquo;achat de ce type de filtres en plus, entra\u00eene \u00e9videmment un temps d&rsquo;acquisition plus long sur chaque objet photographi\u00e9 et complique le traitement des images au final ! Si on ne souhaite pas se compliquer la t\u00e2che avec tout cela, il vaut mieux en rester \u00e0 un capteur couleur.<br><\/span><\/p>\n<p><span style=\"color: #000000;\">Ensuite cette cam\u00e9ra poss\u00e8de un refroidissement pour l&rsquo;imagerie longue pose. Les longues poses, n\u00e9cessaires en ciel profond, entra\u00eenent un \u00e9chauffement du capteur, qui a pour cons\u00e9quence l&rsquo;apparition de \u00ab\u00a0bruit\u00a0\u00bb sur les images. Refroidir la cam\u00e9ra permet de limiter (voire de supprimer) ce ph\u00e9nom\u00e8ne, ce qui permet d&rsquo;obtenir des images de meilleure qualit\u00e9. Il faut cependant acheter en plus une alimentation secteur pour faire fonctionner le syst\u00e8me de refroidissement.<\/span><\/p>\n<p><span style=\"color: #000000;\">Apr\u00e8s r\u00e9flexion j&rsquo;ai opt\u00e9 pour un pack comprenant la cam\u00e9ra, une roue \u00e0 5 filtres, 4 filtres LRVB pour la couleur et un filtre H-Alpha. Il s&rsquo;agit de ce pack vendu chez Optique Unterlinden :&nbsp;<a href=\"https:\/\/www.telescopes-et-accessoires.fr\/camera-refroidie-mono-zwo-asi1600mm-pro-efw-lrgb_31c-ha-c2x30356092\" target=\"_blank\" rel=\"noopener\"> Pack Cam\u00e9ra ZWO<\/a>.<br><\/span><\/p>\n<p><span style=\"color: #000000;\">Au d\u00e9ballage, on trouve beaucoup d&rsquo;\u00e9l\u00e9ments dans la bo\u00eete : une sacoche, c\u00e2bles, raccords divers, adaptateurs, bouchon, spacers, notice&#8230; <br><\/span><\/p>\t\t\t\t\t<\/div>\n\t\t\t\t\t\t<\/div>\n\t\t\t\t<\/div>\n\t\t\t\t<div class=\"elementor-element elementor-element-3596de6 elementor-widget elementor-widget-image\" data-id=\"3596de6\" data-element_type=\"widget\" data-widget_type=\"image.default\">\n\t\t\t\t<div class=\"elementor-widget-container\">\n\t\t\t\t\t\t\t\t<div class=\"elementor-image\">\n\t\t\t\t\t\t\t\t\t\t\t\t<img loading=\"lazy\" decoding=\"async\" width=\"800\" height=\"480\" src=\"https:\/\/www.arnaudom.fr\/wordpress\/wp-content\/uploads\/2021\/04\/zwo001.jpg\" class=\"attachment-full size-full wp-image-7107\" alt=\"\" srcset=\"https:\/\/www.arnaudom.fr\/wordpress\/wp-content\/uploads\/2021\/04\/zwo001.jpg 800w, https:\/\/www.arnaudom.fr\/wordpress\/wp-content\/uploads\/2021\/04\/zwo001-300x180.jpg 300w, https:\/\/www.arnaudom.fr\/wordpress\/wp-content\/uploads\/2021\/04\/zwo001-768x461.jpg 768w\" sizes=\"auto, (max-width: 800px) 100vw, 800px\" \/>\t\t\t\t\t\t\t\t\t\t\t\t\t\t<\/div>\n\t\t\t\t\t\t<\/div>\n\t\t\t\t<\/div>\n\t\t\t\t<div class=\"elementor-element elementor-element-4b51482e elementor-widget elementor-widget-heading\" data-id=\"4b51482e\" data-element_type=\"widget\" data-widget_type=\"heading.default\">\n\t\t\t\t<div class=\"elementor-widget-container\">\n\t\t\t<h2 class=\"elementor-heading-title elementor-size-default\">Choix des options<\/h2>\t\t<\/div>\n\t\t\t\t<\/div>\n\t\t\t\t<div class=\"elementor-element elementor-element-366a82d elementor-drop-cap-yes elementor-drop-cap-view-default elementor-widget elementor-widget-text-editor\" data-id=\"366a82d\" data-element_type=\"widget\" data-settings=\"{&quot;drop_cap&quot;:&quot;yes&quot;}\" data-widget_type=\"text-editor.default\">\n\t\t\t\t<div class=\"elementor-widget-container\">\n\t\t\t\t\t\t\t\t<div class=\"elementor-text-editor elementor-clearfix\">\n\t\t\t\t<p><span style=\"color: #000000;\">J&rsquo;ai choisi la roue \u00e0 filtres mini-EFW qui peut contenir 5 filtres. J&rsquo;ai donc un set de 4 filtres LRVB pour la couleur, ce sont des filtres 31 mm \u00ab\u00a0non mont\u00e9s\u00a0\u00bb, ce qui signifie qu&rsquo;il faut les installer soi-m\u00eame dans la roue \u00e0 filtres. Il existe des filtres \u00ab\u00a0mont\u00e9s\u00a0\u00bb qui se vissent directement dans la roue, mais qui sont plus petits, j&rsquo;ai pr\u00e9f\u00e9r\u00e9 opter pour ceux-l\u00e0 qui sont mieux adapt\u00e9s \u00e0 mon t\u00e9lescope.<br>Le 5\u00e8me filtre est un H-Alpha, qui est tr\u00e8s int\u00e9ressant car il permet la capture des n\u00e9buleuses \u00ab\u00a0rouges\u00a0\u00bb qui \u00e9mettent dans cette longueur d&rsquo;onde, et est tr\u00e8s efficace contre la pollution lumineuse. Comme je fais l&rsquo;essentiel de mes images dans mon jardin qui est entour\u00e9 de lampadaires, ce filtre m&rsquo;a sembl\u00e9 quasiment indispensable.<\/span><\/p>\n<p><span style=\"color: #000000;\">Comme je l&rsquo;ai indiqu\u00e9 pr\u00e9c\u00e9demment, il faut compl\u00e9ter la cam\u00e9ra par une alimentation secteur adapt\u00e9e pour pouvoir ensuite utiliser le refroidissement. La cam\u00e9ra elle-m\u00eame est aliment\u00e9e par la connexion USB de l&rsquo;ordinateur (ce qui permet de l&rsquo;utiliser sans autre alimentation aucune), mais l&rsquo;ajout de l&rsquo;alimentation est n\u00e9cessaire pour activer son syst\u00e8me de refroidissement.<\/span><\/p>\t\t\t\t\t<\/div>\n\t\t\t\t\t\t<\/div>\n\t\t\t\t<\/div>\n\t\t\t\t<div class=\"elementor-element elementor-element-a347b81 elementor-widget elementor-widget-image\" data-id=\"a347b81\" data-element_type=\"widget\" data-widget_type=\"image.default\">\n\t\t\t\t<div class=\"elementor-widget-container\">\n\t\t\t\t\t\t\t\t<div class=\"elementor-image\">\n\t\t\t\t\t\t\t\t\t\t\t\t<img loading=\"lazy\" decoding=\"async\" width=\"800\" height=\"533\" src=\"https:\/\/www.arnaudom.fr\/wordpress\/wp-content\/uploads\/2021\/04\/zwo003.jpg\" class=\"attachment-large size-large wp-image-7125\" alt=\"\" srcset=\"https:\/\/www.arnaudom.fr\/wordpress\/wp-content\/uploads\/2021\/04\/zwo003.jpg 800w, https:\/\/www.arnaudom.fr\/wordpress\/wp-content\/uploads\/2021\/04\/zwo003-300x200.jpg 300w, https:\/\/www.arnaudom.fr\/wordpress\/wp-content\/uploads\/2021\/04\/zwo003-768x512.jpg 768w\" sizes=\"auto, (max-width: 800px) 100vw, 800px\" \/>\t\t\t\t\t\t\t\t\t\t\t\t\t\t<\/div>\n\t\t\t\t\t\t<\/div>\n\t\t\t\t<\/div>\n\t\t\t\t<div class=\"elementor-element elementor-element-558f74a elementor-widget elementor-widget-text-editor\" data-id=\"558f74a\" data-element_type=\"widget\" data-widget_type=\"text-editor.default\">\n\t\t\t\t<div class=\"elementor-widget-container\">\n\t\t\t\t\t\t\t\t<div class=\"elementor-text-editor elementor-clearfix\">\n\t\t\t\t<p><span style=\"color: #000000;\">Enfin, comme j&rsquo;utilise un paracorr pour corriger la coma sur mon 200\/800, il a fallu trouver comment l&rsquo;adapter sur la cam\u00e9ra. J&rsquo;ai donc ajout\u00e9 une <a href=\"https:\/\/www.pierro-astro.com\/materiel-astronomique\/accessoires-astronomie\/bagues-adaptatrices\/bague-adaptatrice-m48-pour-correcteur-televue-paracorr_detail\" target=\"_blank\" rel=\"noopener\">bague adaptatrice M48 pour correcteur paracorr<\/a> de chez Pierro Astro qui permet de visser le correcteur d&rsquo;un c\u00f4t\u00e9 et se visse ensuite sur l&rsquo;adaptateur M48-T2 fourni avec la cam\u00e9ra. Voici \u00e0 quoi ressemble mon montage final :<\/span><\/p>\t\t\t\t\t<\/div>\n\t\t\t\t\t\t<\/div>\n\t\t\t\t<\/div>\n\t\t\t\t<div class=\"elementor-element elementor-element-455e13d elementor-widget elementor-widget-image\" data-id=\"455e13d\" data-element_type=\"widget\" data-widget_type=\"image.default\">\n\t\t\t\t<div class=\"elementor-widget-container\">\n\t\t\t\t\t\t\t\t<div class=\"elementor-image\">\n\t\t\t\t\t\t\t\t\t\t\t\t<img loading=\"lazy\" decoding=\"async\" width=\"800\" height=\"533\" src=\"https:\/\/www.arnaudom.fr\/wordpress\/wp-content\/uploads\/2021\/04\/zwo002.jpg\" class=\"attachment-large size-large wp-image-7112\" alt=\"\" srcset=\"https:\/\/www.arnaudom.fr\/wordpress\/wp-content\/uploads\/2021\/04\/zwo002.jpg 800w, https:\/\/www.arnaudom.fr\/wordpress\/wp-content\/uploads\/2021\/04\/zwo002-300x200.jpg 300w, https:\/\/www.arnaudom.fr\/wordpress\/wp-content\/uploads\/2021\/04\/zwo002-768x512.jpg 768w\" sizes=\"auto, (max-width: 800px) 100vw, 800px\" \/>\t\t\t\t\t\t\t\t\t\t\t\t\t\t<\/div>\n\t\t\t\t\t\t<\/div>\n\t\t\t\t<\/div>\n\t\t\t\t<div class=\"elementor-element elementor-element-9c53b07 elementor-widget elementor-widget-heading\" data-id=\"9c53b07\" data-element_type=\"widget\" data-widget_type=\"heading.default\">\n\t\t\t\t<div class=\"elementor-widget-container\">\n\t\t\t<h2 class=\"elementor-heading-title elementor-size-default\">Premi\u00e8res photos<\/h2>\t\t<\/div>\n\t\t\t\t<\/div>\n\t\t\t\t<div class=\"elementor-element elementor-element-7917108f elementor-drop-cap-yes elementor-drop-cap-view-default elementor-widget elementor-widget-text-editor\" data-id=\"7917108f\" data-element_type=\"widget\" data-settings=\"{&quot;drop_cap&quot;:&quot;yes&quot;}\" data-widget_type=\"text-editor.default\">\n\t\t\t\t<div class=\"elementor-widget-container\">\n\t\t\t\t\t\t\t\t<div class=\"elementor-text-editor elementor-clearfix\">\n\t\t\t\t<p><span style=\"color: #000000;\">Le temps m&rsquo;a beaucoup manqu\u00e9 ces derniers mois pour utiliser cette cam\u00e9ra, mais voici les premiers essais que j&rsquo;ai tout de m\u00eame pu faire avec :<\/span><\/p>\n<p><span style=\"color: #000000;\">&#8211; sur ce lien :&nbsp; <a href=\"http:\/\/www.arnaudom.fr\/wordpress\/m11\/\" target=\"_blank\" rel=\"noopener\">une photo de l&rsquo;amas ouvert M11<\/a> en couleur, faite en utilisant donc les filtres LRVB<br>&#8211; sur cet autre lien :&nbsp; <a href=\"http:\/\/www.arnaudom.fr\/wordpress\/cocon\/\" target=\"_blank\" rel=\"noopener\">une photo de la n\u00e9buleuse du cocon IC 5146<\/a> en noir et blanc, faite en utilisant le filtre H-Alpha<\/span><span style=\"color: #000000;\"><br>&#8211; enfin ci-dessous un essai sur le duo de galaxies M81-M82 dans la Grande Ourse, il s&rsquo;agit d&rsquo;une pose de 3 minutes avec le filtre L.<\/span><span style=\"color: #000000;\"><br><\/span><\/p>\t\t\t\t\t<\/div>\n\t\t\t\t\t\t<\/div>\n\t\t\t\t<\/div>\n\t\t\t\t<div class=\"elementor-element elementor-element-e837e76 elementor-widget elementor-widget-image\" data-id=\"e837e76\" data-element_type=\"widget\" data-widget_type=\"image.default\">\n\t\t\t\t<div class=\"elementor-widget-container\">\n\t\t\t\t\t\t\t\t<div class=\"elementor-image\">\n\t\t\t\t\t\t\t\t\t\t\t\t<img loading=\"lazy\" decoding=\"async\" width=\"800\" height=\"615\" src=\"https:\/\/www.arnaudom.fr\/wordpress\/wp-content\/uploads\/2021\/04\/zwo005.jpg\" class=\"attachment-large size-large wp-image-7115\" alt=\"\" srcset=\"https:\/\/www.arnaudom.fr\/wordpress\/wp-content\/uploads\/2021\/04\/zwo005.jpg 800w, https:\/\/www.arnaudom.fr\/wordpress\/wp-content\/uploads\/2021\/04\/zwo005-300x231.jpg 300w, https:\/\/www.arnaudom.fr\/wordpress\/wp-content\/uploads\/2021\/04\/zwo005-768x590.jpg 768w\" sizes=\"auto, (max-width: 800px) 100vw, 800px\" \/>\t\t\t\t\t\t\t\t\t\t\t\t\t\t<\/div>\n\t\t\t\t\t\t<\/div>\n\t\t\t\t<\/div>\n\t\t\t\t<div class=\"elementor-element elementor-element-d65d8cc elementor-widget elementor-widget-text-editor\" data-id=\"d65d8cc\" data-element_type=\"widget\" data-widget_type=\"text-editor.default\">\n\t\t\t\t<div class=\"elementor-widget-container\">\n\t\t\t\t\t\t\t\t<div class=\"elementor-text-editor elementor-clearfix\">\n\t\t\t\t<p><span style=\"color: #000000;\">Bref cette cam\u00e9ra me semble extr\u00eamement prometteuse et j&rsquo;esp\u00e8re pouvoir dans les mois qui viennent l&rsquo;utiliser de mani\u00e8re beaucoup plus fr\u00e9quente !<\/span><\/p>\t\t\t\t\t<\/div>\n\t\t\t\t\t\t<\/div>\n\t\t\t\t<\/div>\n\t\t\t\t\t\t<\/div>\n\t\t\t\t\t<\/div>\n\t\t<\/div>\n\t\t\t\t\t\t\t\t<\/div>\n\t\t\t\t\t<\/div>\n\t\t<\/section>\n\t\t\t\t\t\t\t\t\t<\/div>\n\t\t\t<\/div>\n\t\t\t\t\t<\/div>\n\t\t","protected":false},"excerpt":{"rendered":"<p>Cam\u00e9ra ZWO ASI1600MM Pro Ecrit le 28\/04\/21. Description Apr\u00e8s plusieurs ann\u00e9es de photo astronomique avec un reflex, je souhaitais progresser dans ma pratique et c&rsquo;est pourquoi j&rsquo;ai d\u00e9cid\u00e9 de franchir le pas en m&rsquo;\u00e9quipant d&rsquo;une cam\u00e9ra sp\u00e9cialement d\u00e9di\u00e9e \u00e0 l&rsquo;astrophotographie. J&rsquo;ai donc opt\u00e9 pour l&rsquo;achat d&rsquo;une cam\u00e9ra ZWO ASI1600 MM Pro. Celle-ci est \u00e9quip\u00e9e d&rsquo;un &hellip;<\/p>\n<p class=\"read-more\"> <a class=\"\" href=\"https:\/\/www.arnaudom.fr\/wordpress\/camera001\/\"> <span class=\"screen-reader-text\">camera001<\/span> Lire la suite\u00a0\u00bb<\/a><\/p>\n","protected":false},"author":1,"featured_media":0,"parent":0,"menu_order":0,"comment_status":"closed","ping_status":"closed","template":"","meta":{"site-sidebar-layout":"default","site-content-layout":"default","ast-site-content-layout":"","site-content-style":"default","site-sidebar-style":"default","ast-global-header-display":"","ast-banner-title-visibility":"","ast-main-header-display":"","ast-hfb-above-header-display":"","ast-hfb-below-header-display":"","ast-hfb-mobile-header-display":"","site-post-title":"disabled","ast-breadcrumbs-content":"","ast-featured-img":"disabled","footer-sml-layout":"","theme-transparent-header-meta":"default","adv-header-id-meta":"","stick-header-meta":"","header-above-stick-meta":"","header-main-stick-meta":"","header-below-stick-meta":"","astra-migrate-meta-layouts":"","ast-page-background-enabled":"default","ast-page-background-meta":{"desktop":{"background-color":"","background-image":"","background-repeat":"repeat","background-position":"center center","background-size":"auto","background-attachment":"scroll","background-type":"","background-media":"","overlay-type":"","overlay-color":"","overlay-gradient":""},"tablet":{"background-color":"","background-image":"","background-repeat":"repeat","background-position":"center center","background-size":"auto","background-attachment":"scroll","background-type":"","background-media":"","overlay-type":"","overlay-color":"","overlay-gradient":""},"mobile":{"background-color":"","background-image":"","background-repeat":"repeat","background-position":"center center","background-size":"auto","background-attachment":"scroll","background-type":"","background-media":"","overlay-type":"","overlay-color":"","overlay-gradient":""}},"ast-content-background-meta":{"desktop":{"background-color":"var(--ast-global-color-5)","background-image":"","background-repeat":"repeat","background-position":"center center","background-size":"auto","background-attachment":"scroll","background-type":"","background-media":"","overlay-type":"","overlay-color":"","overlay-gradient":""},"tablet":{"background-color":"var(--ast-global-color-5)","background-image":"","background-repeat":"repeat","background-position":"center center","background-size":"auto","background-attachment":"scroll","background-type":"","background-media":"","overlay-type":"","overlay-color":"","overlay-gradient":""},"mobile":{"background-color":"var(--ast-global-color-5)","background-image":"","background-repeat":"repeat","background-position":"center center","background-size":"auto","background-attachment":"scroll","background-type":"","background-media":"","overlay-type":"","overlay-color":"","overlay-gradient":""}},"footnotes":""},"class_list":["post-7087","page","type-page","status-publish","hentry"],"_links":{"self":[{"href":"https:\/\/www.arnaudom.fr\/wordpress\/wp-json\/wp\/v2\/pages\/7087","targetHints":{"allow":["GET"]}}],"collection":[{"href":"https:\/\/www.arnaudom.fr\/wordpress\/wp-json\/wp\/v2\/pages"}],"about":[{"href":"https:\/\/www.arnaudom.fr\/wordpress\/wp-json\/wp\/v2\/types\/page"}],"author":[{"embeddable":true,"href":"https:\/\/www.arnaudom.fr\/wordpress\/wp-json\/wp\/v2\/users\/1"}],"replies":[{"embeddable":true,"href":"https:\/\/www.arnaudom.fr\/wordpress\/wp-json\/wp\/v2\/comments?post=7087"}],"version-history":[{"count":28,"href":"https:\/\/www.arnaudom.fr\/wordpress\/wp-json\/wp\/v2\/pages\/7087\/revisions"}],"predecessor-version":[{"id":7155,"href":"https:\/\/www.arnaudom.fr\/wordpress\/wp-json\/wp\/v2\/pages\/7087\/revisions\/7155"}],"wp:attachment":[{"href":"https:\/\/www.arnaudom.fr\/wordpress\/wp-json\/wp\/v2\/media?parent=7087"}],"curies":[{"name":"wp","href":"https:\/\/api.w.org\/{rel}","templated":true}]}}