{"id":7036,"date":"2021-04-25T23:01:30","date_gmt":"2021-04-25T21:01:30","guid":{"rendered":"http:\/\/www.arnaudom.fr\/wordpress\/?page_id=7036"},"modified":"2021-04-28T23:58:08","modified_gmt":"2021-04-28T21:58:08","slug":"reticule","status":"publish","type":"page","link":"https:\/\/www.arnaudom.fr\/wordpress\/reticule\/","title":{"rendered":"reticule"},"content":{"rendered":"\t\t<div data-elementor-type=\"wp-page\" data-elementor-id=\"7036\" class=\"elementor elementor-7036\">\n\t\t\t\t\t\t<div class=\"elementor-inner\">\n\t\t\t\t<div class=\"elementor-section-wrap\">\n\t\t\t\t\t\t\t\t\t<section class=\"elementor-section elementor-top-section elementor-element elementor-element-3f4e572e elementor-section-full_width elementor-section-height-default elementor-section-height-default\" data-id=\"3f4e572e\" data-element_type=\"section\" data-settings=\"{&quot;background_background&quot;:&quot;classic&quot;}\">\n\t\t\t\t\t\t<div class=\"elementor-container elementor-column-gap-default\">\n\t\t\t\t\t\t\t<div class=\"elementor-row\">\n\t\t\t\t\t<div class=\"elementor-column elementor-col-100 elementor-top-column elementor-element elementor-element-2825fd55\" data-id=\"2825fd55\" data-element_type=\"column\" data-settings=\"{&quot;background_background&quot;:&quot;classic&quot;}\">\n\t\t\t<div class=\"elementor-column-wrap elementor-element-populated\">\n\t\t\t\t\t\t\t<div class=\"elementor-widget-wrap\">\n\t\t\t\t\t\t<div class=\"elementor-element elementor-element-58f8b2e5 elementor-widget elementor-widget-heading\" data-id=\"58f8b2e5\" data-element_type=\"widget\" data-widget_type=\"heading.default\">\n\t\t\t\t<div class=\"elementor-widget-container\">\n\t\t\t<h1 class=\"elementor-heading-title elementor-size-default\">Changement du r\u00e9ticule du viseur polaire Skywatcher<\/h1>\t\t<\/div>\n\t\t\t\t<\/div>\n\t\t\t\t<div class=\"elementor-element elementor-element-bc00c3e elementor-widget elementor-widget-text-editor\" data-id=\"bc00c3e\" data-element_type=\"widget\" data-widget_type=\"text-editor.default\">\n\t\t\t\t<div class=\"elementor-widget-container\">\n\t\t\t\t\t\t\t\t<div class=\"elementor-text-editor elementor-clearfix\">\n\t\t\t\t<p><span style=\"color: #000000;\"><em>Ecrit le 26\/04\/21.<\/em><\/span><\/p>\t\t\t\t\t<\/div>\n\t\t\t\t\t\t<\/div>\n\t\t\t\t<\/div>\n\t\t\t\t<div class=\"elementor-element elementor-element-5690db17 elementor-drop-cap-yes elementor-drop-cap-view-default elementor-widget elementor-widget-text-editor\" data-id=\"5690db17\" data-element_type=\"widget\" data-settings=\"{&quot;drop_cap&quot;:&quot;yes&quot;}\" data-widget_type=\"text-editor.default\">\n\t\t\t\t<div class=\"elementor-widget-container\">\n\t\t\t\t\t\t\t\t<div class=\"elementor-text-editor elementor-clearfix\">\n\t\t\t\t<p><span style=\"color: #000000;\">Depuis quelques ann\u00e9es les nouvelles montures Skywatcher (HEQ5, EQ6&#8230;) poss\u00e8dent un nouveau viseur polaire, plus pr\u00e9cis que l&rsquo;ancien qui s&rsquo;av\u00e8re d&rsquo;ailleurs faux au fil du temps suite au d\u00e9placement de la polaire au cours des ann\u00e9es (le fameux ph\u00e9nom\u00e8ne de \u00ab\u00a0pr\u00e9cession des \u00e9quinoxes\u00a0\u00bb). Plusieurs boutiques d&rsquo;astronomie (par exemple<a href=\"https:\/\/www.pierro-astro.com\/materiel-astronomique\/montures\/accessoires-montures\/reticule-pour-viseur-polaire-skywatcher_detail\" target=\"_blank\"> Pierro Astro<\/a>) vendent le r\u00e9ticule du nouveau viseur polaire, que l&rsquo;on peut donc acheter pour remplacer l&rsquo;ancien et ainsi obtenir un viseur polaire \u00ab\u00a0nouvelle g\u00e9n\u00e9ration\u00a0\u00bb \u00e0 moindre co\u00fbt.<\/span><\/p>\t\t\t\t\t<\/div>\n\t\t\t\t\t\t<\/div>\n\t\t\t\t<\/div>\n\t\t\t\t<div class=\"elementor-element elementor-element-0c073a3 elementor-widget elementor-widget-image\" data-id=\"0c073a3\" data-element_type=\"widget\" data-widget_type=\"image.default\">\n\t\t\t\t<div class=\"elementor-widget-container\">\n\t\t\t\t\t\t\t\t<div class=\"elementor-image\">\n\t\t\t\t\t\t\t\t\t\t\t\t<img loading=\"lazy\" decoding=\"async\" width=\"300\" height=\"300\" src=\"https:\/\/www.arnaudom.fr\/wordpress\/wp-content\/uploads\/2021\/04\/reticule002-300x300.jpg\" class=\"attachment-medium size-medium wp-image-7055\" alt=\"\" srcset=\"https:\/\/www.arnaudom.fr\/wordpress\/wp-content\/uploads\/2021\/04\/reticule002-300x300.jpg 300w, https:\/\/www.arnaudom.fr\/wordpress\/wp-content\/uploads\/2021\/04\/reticule002-150x150.jpg 150w, https:\/\/www.arnaudom.fr\/wordpress\/wp-content\/uploads\/2021\/04\/reticule002.jpg 458w\" sizes=\"auto, (max-width: 300px) 100vw, 300px\" \/>\t\t\t\t\t\t\t\t\t\t\t\t\t\t<\/div>\n\t\t\t\t\t\t<\/div>\n\t\t\t\t<\/div>\n\t\t\t\t<div class=\"elementor-element elementor-element-7dfc41e7 elementor-widget elementor-widget-heading\" data-id=\"7dfc41e7\" data-element_type=\"widget\" data-widget_type=\"heading.default\">\n\t\t\t\t<div class=\"elementor-widget-container\">\n\t\t\t<h2 class=\"elementor-heading-title elementor-size-default\">Petit avertissement<\/h2>\t\t<\/div>\n\t\t\t\t<\/div>\n\t\t\t\t<div class=\"elementor-element elementor-element-cbef0cf elementor-drop-cap-yes elementor-drop-cap-view-default elementor-widget elementor-widget-text-editor\" data-id=\"cbef0cf\" data-element_type=\"widget\" data-settings=\"{&quot;drop_cap&quot;:&quot;yes&quot;}\" data-widget_type=\"text-editor.default\">\n\t\t\t\t<div class=\"elementor-widget-container\">\n\t\t\t\t\t\t\t\t<div class=\"elementor-text-editor elementor-clearfix\">\n\t\t\t\t<p><span style=\"color: #000000;\">Pour proc\u00e9der \u00e0 ce changement, vous allez devoir retirer le viseur polaire de la monture et d\u00e9visser les vis de son support, ce qui va en d\u00e9r\u00e9gler l&rsquo;alignement dans l&rsquo;axe de la monture. Il faudra donc le r\u00e9aligner en fin de montage. Ce n&rsquo;est pas une op\u00e9ration tr\u00e8s compliqu\u00e9e mais elle est un peu fastidieuse et surtout indispensable pour une bonne pr\u00e9cision de mise en station.<\/span><\/p>\t\t\t\t\t<\/div>\n\t\t\t\t\t\t<\/div>\n\t\t\t\t<\/div>\n\t\t\t\t<div class=\"elementor-element elementor-element-f067ef6 elementor-widget elementor-widget-heading\" data-id=\"f067ef6\" data-element_type=\"widget\" data-widget_type=\"heading.default\">\n\t\t\t\t<div class=\"elementor-widget-container\">\n\t\t\t<h2 class=\"elementor-heading-title elementor-size-default\">Installation<\/h2>\t\t<\/div>\n\t\t\t\t<\/div>\n\t\t\t\t<div class=\"elementor-element elementor-element-8d41950 elementor-widget elementor-widget-text-editor\" data-id=\"8d41950\" data-element_type=\"widget\" data-widget_type=\"text-editor.default\">\n\t\t\t\t<div class=\"elementor-widget-container\">\n\t\t\t\t\t\t\t\t<div class=\"elementor-text-editor elementor-clearfix\">\n\t\t\t\t<p><span style=\"color: #000000;\"><b>1.<\/b> Pour commencer, il faut d&rsquo;abord retirer le viseur polaire, en le d\u00e9vissant de l&rsquo;axe de la monture. <br \/><\/span><\/p>\t\t\t\t\t<\/div>\n\t\t\t\t\t\t<\/div>\n\t\t\t\t<\/div>\n\t\t\t\t<div class=\"elementor-element elementor-element-e2112b6 elementor-widget elementor-widget-image\" data-id=\"e2112b6\" data-element_type=\"widget\" data-widget_type=\"image.default\">\n\t\t\t\t<div class=\"elementor-widget-container\">\n\t\t\t\t\t\t\t\t<div class=\"elementor-image\">\n\t\t\t\t\t\t\t\t\t\t\t\t<img loading=\"lazy\" decoding=\"async\" width=\"1000\" height=\"667\" src=\"https:\/\/www.arnaudom.fr\/wordpress\/wp-content\/uploads\/2021\/04\/reticule001.jpg\" class=\"attachment-full size-full wp-image-7058\" alt=\"\" srcset=\"https:\/\/www.arnaudom.fr\/wordpress\/wp-content\/uploads\/2021\/04\/reticule001.jpg 1000w, https:\/\/www.arnaudom.fr\/wordpress\/wp-content\/uploads\/2021\/04\/reticule001-300x200.jpg 300w, https:\/\/www.arnaudom.fr\/wordpress\/wp-content\/uploads\/2021\/04\/reticule001-768x512.jpg 768w\" sizes=\"auto, (max-width: 1000px) 100vw, 1000px\" \/>\t\t\t\t\t\t\t\t\t\t\t\t\t\t<\/div>\n\t\t\t\t\t\t<\/div>\n\t\t\t\t<\/div>\n\t\t\t\t<div class=\"elementor-element elementor-element-f1a83fa elementor-widget elementor-widget-text-editor\" data-id=\"f1a83fa\" data-element_type=\"widget\" data-widget_type=\"text-editor.default\">\n\t\t\t\t<div class=\"elementor-widget-container\">\n\t\t\t\t\t\t\t\t<div class=\"elementor-text-editor elementor-clearfix\">\n\t\t\t\t<p><span style=\"color: #000000;\"><b>2. <\/b>On d\u00e9visse ensuite l&rsquo;oculaire du viseur polaire. <br \/><\/span><\/p>\t\t\t\t\t<\/div>\n\t\t\t\t\t\t<\/div>\n\t\t\t\t<\/div>\n\t\t\t\t<div class=\"elementor-element elementor-element-393df35 elementor-widget elementor-widget-image\" data-id=\"393df35\" data-element_type=\"widget\" data-widget_type=\"image.default\">\n\t\t\t\t<div class=\"elementor-widget-container\">\n\t\t\t\t\t\t\t\t<div class=\"elementor-image\">\n\t\t\t\t\t\t\t\t\t\t\t\t<img loading=\"lazy\" decoding=\"async\" width=\"800\" height=\"533\" src=\"https:\/\/www.arnaudom.fr\/wordpress\/wp-content\/uploads\/2021\/04\/reticule003.jpg\" class=\"attachment-large size-large wp-image-7061\" alt=\"\" srcset=\"https:\/\/www.arnaudom.fr\/wordpress\/wp-content\/uploads\/2021\/04\/reticule003.jpg 800w, https:\/\/www.arnaudom.fr\/wordpress\/wp-content\/uploads\/2021\/04\/reticule003-300x200.jpg 300w, https:\/\/www.arnaudom.fr\/wordpress\/wp-content\/uploads\/2021\/04\/reticule003-768x512.jpg 768w\" sizes=\"auto, (max-width: 800px) 100vw, 800px\" \/>\t\t\t\t\t\t\t\t\t\t\t\t\t\t<\/div>\n\t\t\t\t\t\t<\/div>\n\t\t\t\t<\/div>\n\t\t\t\t<div class=\"elementor-element elementor-element-cbbe4b9 elementor-widget elementor-widget-text-editor\" data-id=\"cbbe4b9\" data-element_type=\"widget\" data-widget_type=\"text-editor.default\">\n\t\t\t\t<div class=\"elementor-widget-container\">\n\t\t\t\t\t\t\t\t<div class=\"elementor-text-editor elementor-clearfix\">\n\t\t\t\t<p><span style=\"color: #000000;\"><b>3. <\/b>On a alors acc\u00e8s au support du r\u00e9ticule que l&rsquo;on voit sur la photo ci-dessous. Celui-ci est maintenu par 3 vis pointeau. Dans mon cas j&rsquo;avais remplac\u00e9 ces 3 vis par des molettes qui permettent un r\u00e9glage sans outil du viseur polaire. Ainsi il est facile de les desserrer \u00e0 la main. Ces molettes facilitent \u00e9galement grandement l&rsquo;op\u00e9ration d&rsquo;alignement du viseur polaire \u00e0 laquelle il faudra proc\u00e9der apr\u00e8s l&rsquo;avoir r\u00e9install\u00e9 dans la monture (on peut trouver ce genre de molettes \u00e9galement <a href=\"https:\/\/www.pierro-astro.com\/materiel-astronomique\/montures\/accessoires-montures\/kits-de-3-molettes-pour-viseur-polaire-skywatcher_detail\" target=\"_blank\">sur le site de Pierro Astro<\/a>).<br><\/span><\/p>\t\t\t\t\t<\/div>\n\t\t\t\t\t\t<\/div>\n\t\t\t\t<\/div>\n\t\t\t\t<div class=\"elementor-element elementor-element-1388bd5 elementor-widget elementor-widget-image\" data-id=\"1388bd5\" data-element_type=\"widget\" data-widget_type=\"image.default\">\n\t\t\t\t<div class=\"elementor-widget-container\">\n\t\t\t\t\t\t\t\t<div class=\"elementor-image\">\n\t\t\t\t\t\t\t\t\t\t\t\t<img loading=\"lazy\" decoding=\"async\" width=\"800\" height=\"640\" src=\"https:\/\/www.arnaudom.fr\/wordpress\/wp-content\/uploads\/2021\/04\/reticule004.jpg\" class=\"attachment-large size-large wp-image-7057\" alt=\"\" srcset=\"https:\/\/www.arnaudom.fr\/wordpress\/wp-content\/uploads\/2021\/04\/reticule004.jpg 800w, https:\/\/www.arnaudom.fr\/wordpress\/wp-content\/uploads\/2021\/04\/reticule004-300x240.jpg 300w, https:\/\/www.arnaudom.fr\/wordpress\/wp-content\/uploads\/2021\/04\/reticule004-768x614.jpg 768w\" sizes=\"auto, (max-width: 800px) 100vw, 800px\" \/>\t\t\t\t\t\t\t\t\t\t\t\t\t\t<\/div>\n\t\t\t\t\t\t<\/div>\n\t\t\t\t<\/div>\n\t\t\t\t<div class=\"elementor-element elementor-element-d5336c7 elementor-widget elementor-widget-text-editor\" data-id=\"d5336c7\" data-element_type=\"widget\" data-widget_type=\"text-editor.default\">\n\t\t\t\t<div class=\"elementor-widget-container\">\n\t\t\t\t\t\t\t\t<div class=\"elementor-text-editor elementor-clearfix\">\n\t\t\t\t<p><span style=\"color: #000000;\"><b>4. <\/b>Une fois que les 3 vis sont desserr\u00e9es, on peut alors sortir le support du r\u00e9ticule en penchant le viseur.<br><\/span><\/p>\t\t\t\t\t<\/div>\n\t\t\t\t\t\t<\/div>\n\t\t\t\t<\/div>\n\t\t\t\t<div class=\"elementor-element elementor-element-b133ff5 elementor-widget elementor-widget-image\" data-id=\"b133ff5\" data-element_type=\"widget\" data-widget_type=\"image.default\">\n\t\t\t\t<div class=\"elementor-widget-container\">\n\t\t\t\t\t\t\t\t<div class=\"elementor-image\">\n\t\t\t\t\t\t\t\t\t\t\t\t<img loading=\"lazy\" decoding=\"async\" width=\"800\" height=\"533\" src=\"https:\/\/www.arnaudom.fr\/wordpress\/wp-content\/uploads\/2021\/04\/reticule005.jpg\" class=\"attachment-large size-large wp-image-7062\" alt=\"\" srcset=\"https:\/\/www.arnaudom.fr\/wordpress\/wp-content\/uploads\/2021\/04\/reticule005.jpg 800w, https:\/\/www.arnaudom.fr\/wordpress\/wp-content\/uploads\/2021\/04\/reticule005-300x200.jpg 300w, https:\/\/www.arnaudom.fr\/wordpress\/wp-content\/uploads\/2021\/04\/reticule005-768x512.jpg 768w\" sizes=\"auto, (max-width: 800px) 100vw, 800px\" \/>\t\t\t\t\t\t\t\t\t\t\t\t\t\t<\/div>\n\t\t\t\t\t\t<\/div>\n\t\t\t\t<\/div>\n\t\t\t\t<div class=\"elementor-element elementor-element-6e04d1b elementor-widget elementor-widget-text-editor\" data-id=\"6e04d1b\" data-element_type=\"widget\" data-widget_type=\"text-editor.default\">\n\t\t\t\t<div class=\"elementor-widget-container\">\n\t\t\t\t\t\t\t\t<div class=\"elementor-text-editor elementor-clearfix\">\n\t\t\t\t<p><span style=\"color: #000000;\"><b>5. <\/b>Le r\u00e9ticule est maintenu par une bague de serrage qu&rsquo;il faut d\u00e9visser et enlever. Il y a deux petites encoches sur le haut de la bague qui permettent de la faire tourner facilement.<br><\/span><\/p>\t\t\t\t\t<\/div>\n\t\t\t\t\t\t<\/div>\n\t\t\t\t<\/div>\n\t\t\t\t<div class=\"elementor-element elementor-element-608a071 elementor-widget elementor-widget-image\" data-id=\"608a071\" data-element_type=\"widget\" data-widget_type=\"image.default\">\n\t\t\t\t<div class=\"elementor-widget-container\">\n\t\t\t\t\t\t\t\t<div class=\"elementor-image\">\n\t\t\t\t\t\t\t\t\t\t\t\t<img loading=\"lazy\" decoding=\"async\" width=\"800\" height=\"533\" src=\"https:\/\/www.arnaudom.fr\/wordpress\/wp-content\/uploads\/2021\/04\/reticule006.jpg\" class=\"attachment-large size-large wp-image-7071\" alt=\"\" srcset=\"https:\/\/www.arnaudom.fr\/wordpress\/wp-content\/uploads\/2021\/04\/reticule006.jpg 800w, https:\/\/www.arnaudom.fr\/wordpress\/wp-content\/uploads\/2021\/04\/reticule006-300x200.jpg 300w, https:\/\/www.arnaudom.fr\/wordpress\/wp-content\/uploads\/2021\/04\/reticule006-768x512.jpg 768w\" sizes=\"auto, (max-width: 800px) 100vw, 800px\" \/>\t\t\t\t\t\t\t\t\t\t\t\t\t\t<\/div>\n\t\t\t\t\t\t<\/div>\n\t\t\t\t<\/div>\n\t\t\t\t<div class=\"elementor-element elementor-element-a9a3822 elementor-widget elementor-widget-text-editor\" data-id=\"a9a3822\" data-element_type=\"widget\" data-widget_type=\"text-editor.default\">\n\t\t\t\t<div class=\"elementor-widget-container\">\n\t\t\t\t\t\t\t\t<div class=\"elementor-text-editor elementor-clearfix\">\n\t\t\t\t<p><span style=\"color: #000000;\"><b>6. <\/b>On peut maintenant retirer le r\u00e9ticule. C&rsquo;en est fini de Cassiop\u00e9e et de la Grande Ourse&#8230; <br \/><\/span><\/p>\t\t\t\t\t<\/div>\n\t\t\t\t\t\t<\/div>\n\t\t\t\t<\/div>\n\t\t\t\t<div class=\"elementor-element elementor-element-eff3ded elementor-widget elementor-widget-image\" data-id=\"eff3ded\" data-element_type=\"widget\" data-widget_type=\"image.default\">\n\t\t\t\t<div class=\"elementor-widget-container\">\n\t\t\t\t\t\t\t\t<div class=\"elementor-image\">\n\t\t\t\t\t\t\t\t\t\t\t\t<img loading=\"lazy\" decoding=\"async\" width=\"768\" height=\"496\" src=\"https:\/\/www.arnaudom.fr\/wordpress\/wp-content\/uploads\/2021\/04\/reticule007-768x496.jpg\" class=\"attachment-medium_large size-medium_large wp-image-7068\" alt=\"\" srcset=\"https:\/\/www.arnaudom.fr\/wordpress\/wp-content\/uploads\/2021\/04\/reticule007-768x496.jpg 768w, https:\/\/www.arnaudom.fr\/wordpress\/wp-content\/uploads\/2021\/04\/reticule007-300x194.jpg 300w, https:\/\/www.arnaudom.fr\/wordpress\/wp-content\/uploads\/2021\/04\/reticule007.jpg 800w\" sizes=\"auto, (max-width: 768px) 100vw, 768px\" \/>\t\t\t\t\t\t\t\t\t\t\t\t\t\t<\/div>\n\t\t\t\t\t\t<\/div>\n\t\t\t\t<\/div>\n\t\t\t\t<div class=\"elementor-element elementor-element-69b2ae8 elementor-widget elementor-widget-text-editor\" data-id=\"69b2ae8\" data-element_type=\"widget\" data-widget_type=\"text-editor.default\">\n\t\t\t\t<div class=\"elementor-widget-container\">\n\t\t\t\t\t\t\t\t<div class=\"elementor-text-editor elementor-clearfix\">\n\t\t\t\t<p><span style=\"color: #000000;\"><b>7. <\/b>Voici le nouveau r\u00e9ticule. Il faut veiller \u00e0 le mettre \u00e0 l&rsquo;endroit, les \u00e9critures dans le bon sens face \u00e0 l&rsquo;oculaire (regarder dans quel sens \u00ab\u00a0Octans\u00a0\u00bb est \u00e9crit). <br \/><\/span><\/p>\t\t\t\t\t<\/div>\n\t\t\t\t\t\t<\/div>\n\t\t\t\t<\/div>\n\t\t\t\t<div class=\"elementor-element elementor-element-f19658c elementor-widget elementor-widget-image\" data-id=\"f19658c\" data-element_type=\"widget\" data-widget_type=\"image.default\">\n\t\t\t\t<div class=\"elementor-widget-container\">\n\t\t\t\t\t\t\t\t<div class=\"elementor-image\">\n\t\t\t\t\t\t\t\t\t\t\t\t<img loading=\"lazy\" decoding=\"async\" width=\"768\" height=\"564\" src=\"https:\/\/www.arnaudom.fr\/wordpress\/wp-content\/uploads\/2021\/04\/reticule009-768x564.jpg\" class=\"attachment-medium_large size-medium_large wp-image-7073\" alt=\"\" srcset=\"https:\/\/www.arnaudom.fr\/wordpress\/wp-content\/uploads\/2021\/04\/reticule009-768x564.jpg 768w, https:\/\/www.arnaudom.fr\/wordpress\/wp-content\/uploads\/2021\/04\/reticule009-300x221.jpg 300w, https:\/\/www.arnaudom.fr\/wordpress\/wp-content\/uploads\/2021\/04\/reticule009.jpg 800w\" sizes=\"auto, (max-width: 768px) 100vw, 768px\" \/>\t\t\t\t\t\t\t\t\t\t\t\t\t\t<\/div>\n\t\t\t\t\t\t<\/div>\n\t\t\t\t<\/div>\n\t\t\t\t<div class=\"elementor-element elementor-element-9d1bcef elementor-widget elementor-widget-text-editor\" data-id=\"9d1bcef\" data-element_type=\"widget\" data-widget_type=\"text-editor.default\">\n\t\t\t\t<div class=\"elementor-widget-container\">\n\t\t\t\t\t\t\t\t<div class=\"elementor-text-editor elementor-clearfix\">\n\t\t\t\t<p><span style=\"color: #000000;\"><b>8. <\/b>Maintenant il ne reste plus qu&rsquo;\u00e0 le placer dans le support (en le mettant bien \u00e0 plat), \u00e0 repositionner la bague de serrage par dessus et \u00e0 la revisser pour que le r\u00e9ticule ne bouge plus. <br \/><\/span><\/p>\t\t\t\t\t<\/div>\n\t\t\t\t\t\t<\/div>\n\t\t\t\t<\/div>\n\t\t\t\t<div class=\"elementor-element elementor-element-b8dc81b elementor-widget elementor-widget-image\" data-id=\"b8dc81b\" data-element_type=\"widget\" data-widget_type=\"image.default\">\n\t\t\t\t<div class=\"elementor-widget-container\">\n\t\t\t\t\t\t\t\t<div class=\"elementor-image\">\n\t\t\t\t\t\t\t\t\t\t\t\t<img loading=\"lazy\" decoding=\"async\" width=\"800\" height=\"630\" src=\"https:\/\/www.arnaudom.fr\/wordpress\/wp-content\/uploads\/2021\/04\/reticule010.jpg\" class=\"attachment-large size-large wp-image-7076\" alt=\"\" srcset=\"https:\/\/www.arnaudom.fr\/wordpress\/wp-content\/uploads\/2021\/04\/reticule010.jpg 800w, https:\/\/www.arnaudom.fr\/wordpress\/wp-content\/uploads\/2021\/04\/reticule010-300x236.jpg 300w, https:\/\/www.arnaudom.fr\/wordpress\/wp-content\/uploads\/2021\/04\/reticule010-768x605.jpg 768w\" sizes=\"auto, (max-width: 800px) 100vw, 800px\" \/>\t\t\t\t\t\t\t\t\t\t\t\t\t\t<\/div>\n\t\t\t\t\t\t<\/div>\n\t\t\t\t<\/div>\n\t\t\t\t<div class=\"elementor-element elementor-element-a18417f elementor-widget elementor-widget-text-editor\" data-id=\"a18417f\" data-element_type=\"widget\" data-widget_type=\"text-editor.default\">\n\t\t\t\t<div class=\"elementor-widget-container\">\n\t\t\t\t\t\t\t\t<div class=\"elementor-text-editor elementor-clearfix\">\n\t\t\t\t<p><span style=\"color: #000000;\"><b>9. <\/b>Il ne reste plus qu&rsquo;\u00e0 replacer le support dans le viseur polaire, en faisant en sorte qu&rsquo;il tombe bien \u00e0 plat, et \u00e0 resserrer les 3 de vis de fa\u00e7on \u00e0 ce que le support soit le mieux centr\u00e9 possible. <br \/><\/span><\/p>\t\t\t\t\t<\/div>\n\t\t\t\t\t\t<\/div>\n\t\t\t\t<\/div>\n\t\t\t\t<div class=\"elementor-element elementor-element-4fd209f elementor-widget elementor-widget-image\" data-id=\"4fd209f\" data-element_type=\"widget\" data-widget_type=\"image.default\">\n\t\t\t\t<div class=\"elementor-widget-container\">\n\t\t\t\t\t\t\t\t<div class=\"elementor-image\">\n\t\t\t\t\t\t\t\t\t\t\t\t<img loading=\"lazy\" decoding=\"async\" width=\"800\" height=\"533\" src=\"https:\/\/www.arnaudom.fr\/wordpress\/wp-content\/uploads\/2021\/04\/reticule011.jpg\" class=\"attachment-large size-large wp-image-7077\" alt=\"\" srcset=\"https:\/\/www.arnaudom.fr\/wordpress\/wp-content\/uploads\/2021\/04\/reticule011.jpg 800w, https:\/\/www.arnaudom.fr\/wordpress\/wp-content\/uploads\/2021\/04\/reticule011-300x200.jpg 300w, https:\/\/www.arnaudom.fr\/wordpress\/wp-content\/uploads\/2021\/04\/reticule011-768x512.jpg 768w\" sizes=\"auto, (max-width: 800px) 100vw, 800px\" \/>\t\t\t\t\t\t\t\t\t\t\t\t\t\t<\/div>\n\t\t\t\t\t\t<\/div>\n\t\t\t\t<\/div>\n\t\t\t\t<div class=\"elementor-element elementor-element-6c9a3a1 elementor-widget elementor-widget-text-editor\" data-id=\"6c9a3a1\" data-element_type=\"widget\" data-widget_type=\"text-editor.default\">\n\t\t\t\t<div class=\"elementor-widget-container\">\n\t\t\t\t\t\t\t\t<div class=\"elementor-text-editor elementor-clearfix\">\n\t\t\t\t<p><span style=\"color: #000000;\"><b>10. <\/b>C&rsquo;est termin\u00e9, on peut revisser le viseur polaire dans l&rsquo;axe de monture.<br \/><br \/>Pour utiliser votre nouveau viseur polaire, il faudra sans doute en r\u00e9gler la nettet\u00e9 \u00e0 l&rsquo;aide de son oculaire, mais il faudra \u00e9galement, comme indiqu\u00e9 au d\u00e9but de l&rsquo;article, refaire son alignement dans l&rsquo;axe de la monture. Vous pouvez \u00e9ventuellement<a href=\"http:\/\/www.arnaudom.fr\/wordpress\/elementor-2415\/\" target=\"_blank\" rel=\"noopener\"> voir au d\u00e9but cette page<\/a> comment proc\u00e9der au centrage d&rsquo;un viseur polaire de jour. On peut faire la m\u00eame chose de nuit en utilisant l&rsquo;\u00e9toile polaire, et on se facilitera grandement la t\u00e2che si on a remplac\u00e9 les 3 vis d&rsquo;origine par des molettes comme c&rsquo;est mon cas&#8230;<\/span><\/p><p><span style=\"color: #000000;\">Voil\u00e0, dans un prochain article j&rsquo;expliquerai comment utiliser ce nouveau r\u00e9ticule.<br \/><\/span><\/p>\t\t\t\t\t<\/div>\n\t\t\t\t\t\t<\/div>\n\t\t\t\t<\/div>\n\t\t\t\t\t\t<\/div>\n\t\t\t\t\t<\/div>\n\t\t<\/div>\n\t\t\t\t\t\t\t\t<\/div>\n\t\t\t\t\t<\/div>\n\t\t<\/section>\n\t\t\t\t\t\t\t\t\t<\/div>\n\t\t\t<\/div>\n\t\t\t\t\t<\/div>\n\t\t","protected":false},"excerpt":{"rendered":"<p>Changement du r\u00e9ticule du viseur polaire Skywatcher Ecrit le 26\/04\/21. Depuis quelques ann\u00e9es les nouvelles montures Skywatcher (HEQ5, EQ6&#8230;) poss\u00e8dent un nouveau viseur polaire, plus pr\u00e9cis que l&rsquo;ancien qui s&rsquo;av\u00e8re d&rsquo;ailleurs faux au fil du temps suite au d\u00e9placement de la polaire au cours des ann\u00e9es (le fameux ph\u00e9nom\u00e8ne de \u00ab\u00a0pr\u00e9cession des \u00e9quinoxes\u00a0\u00bb). Plusieurs boutiques &hellip;<\/p>\n<p class=\"read-more\"> <a class=\"\" href=\"https:\/\/www.arnaudom.fr\/wordpress\/reticule\/\"> <span class=\"screen-reader-text\">reticule<\/span> Lire la suite\u00a0\u00bb<\/a><\/p>\n","protected":false},"author":1,"featured_media":0,"parent":0,"menu_order":0,"comment_status":"closed","ping_status":"closed","template":"","meta":{"site-sidebar-layout":"default","site-content-layout":"default","ast-site-content-layout":"","site-content-style":"default","site-sidebar-style":"default","ast-global-header-display":"","ast-banner-title-visibility":"","ast-main-header-display":"","ast-hfb-above-header-display":"","ast-hfb-below-header-display":"","ast-hfb-mobile-header-display":"","site-post-title":"disabled","ast-breadcrumbs-content":"","ast-featured-img":"disabled","footer-sml-layout":"","theme-transparent-header-meta":"default","adv-header-id-meta":"","stick-header-meta":"","header-above-stick-meta":"","header-main-stick-meta":"","header-below-stick-meta":"","astra-migrate-meta-layouts":"","ast-page-background-enabled":"default","ast-page-background-meta":{"desktop":{"background-color":"","background-image":"","background-repeat":"repeat","background-position":"center center","background-size":"auto","background-attachment":"scroll","background-type":"","background-media":"","overlay-type":"","overlay-color":"","overlay-gradient":""},"tablet":{"background-color":"","background-image":"","background-repeat":"repeat","background-position":"center center","background-size":"auto","background-attachment":"scroll","background-type":"","background-media":"","overlay-type":"","overlay-color":"","overlay-gradient":""},"mobile":{"background-color":"","background-image":"","background-repeat":"repeat","background-position":"center center","background-size":"auto","background-attachment":"scroll","background-type":"","background-media":"","overlay-type":"","overlay-color":"","overlay-gradient":""}},"ast-content-background-meta":{"desktop":{"background-color":"var(--ast-global-color-5)","background-image":"","background-repeat":"repeat","background-position":"center center","background-size":"auto","background-attachment":"scroll","background-type":"","background-media":"","overlay-type":"","overlay-color":"","overlay-gradient":""},"tablet":{"background-color":"var(--ast-global-color-5)","background-image":"","background-repeat":"repeat","background-position":"center center","background-size":"auto","background-attachment":"scroll","background-type":"","background-media":"","overlay-type":"","overlay-color":"","overlay-gradient":""},"mobile":{"background-color":"var(--ast-global-color-5)","background-image":"","background-repeat":"repeat","background-position":"center center","background-size":"auto","background-attachment":"scroll","background-type":"","background-media":"","overlay-type":"","overlay-color":"","overlay-gradient":""}},"footnotes":""},"class_list":["post-7036","page","type-page","status-publish","hentry"],"_links":{"self":[{"href":"https:\/\/www.arnaudom.fr\/wordpress\/wp-json\/wp\/v2\/pages\/7036","targetHints":{"allow":["GET"]}}],"collection":[{"href":"https:\/\/www.arnaudom.fr\/wordpress\/wp-json\/wp\/v2\/pages"}],"about":[{"href":"https:\/\/www.arnaudom.fr\/wordpress\/wp-json\/wp\/v2\/types\/page"}],"author":[{"embeddable":true,"href":"https:\/\/www.arnaudom.fr\/wordpress\/wp-json\/wp\/v2\/users\/1"}],"replies":[{"embeddable":true,"href":"https:\/\/www.arnaudom.fr\/wordpress\/wp-json\/wp\/v2\/comments?post=7036"}],"version-history":[{"count":21,"href":"https:\/\/www.arnaudom.fr\/wordpress\/wp-json\/wp\/v2\/pages\/7036\/revisions"}],"predecessor-version":[{"id":7127,"href":"https:\/\/www.arnaudom.fr\/wordpress\/wp-json\/wp\/v2\/pages\/7036\/revisions\/7127"}],"wp:attachment":[{"href":"https:\/\/www.arnaudom.fr\/wordpress\/wp-json\/wp\/v2\/media?parent=7036"}],"curies":[{"name":"wp","href":"https:\/\/api.w.org\/{rel}","templated":true}]}}