{"id":6509,"date":"2021-02-11T22:17:54","date_gmt":"2021-02-11T21:17:54","guid":{"rendered":"http:\/\/www.arnaudom.fr\/wordpress\/?page_id=6509"},"modified":"2021-02-11T22:54:21","modified_gmt":"2021-02-11T21:54:21","slug":"addirisold","status":"publish","type":"page","link":"https:\/\/www.arnaudom.fr\/wordpress\/addirisold\/","title":{"rendered":"addirisold"},"content":{"rendered":"\t\t<div data-elementor-type=\"wp-page\" data-elementor-id=\"6509\" class=\"elementor elementor-6509\">\n\t\t\t\t\t\t<div class=\"elementor-inner\">\n\t\t\t\t<div class=\"elementor-section-wrap\">\n\t\t\t\t\t\t\t\t\t<section class=\"elementor-section elementor-top-section elementor-element elementor-element-2461786c elementor-section-boxed elementor-section-height-default elementor-section-height-default\" data-id=\"2461786c\" data-element_type=\"section\" data-settings=\"{&quot;background_background&quot;:&quot;classic&quot;}\">\n\t\t\t\t\t\t<div class=\"elementor-container elementor-column-gap-default\">\n\t\t\t\t\t\t\t<div class=\"elementor-row\">\n\t\t\t\t\t<div class=\"elementor-column elementor-col-100 elementor-top-column elementor-element elementor-element-48bb48dd\" data-id=\"48bb48dd\" data-element_type=\"column\" data-settings=\"{&quot;background_background&quot;:&quot;classic&quot;}\">\n\t\t\t<div class=\"elementor-column-wrap elementor-element-populated\">\n\t\t\t\t\t\t\t<div class=\"elementor-widget-wrap\">\n\t\t\t\t\t\t<div class=\"elementor-element elementor-element-3befac10 elementor-widget elementor-widget-heading\" data-id=\"3befac10\" data-element_type=\"widget\" data-widget_type=\"heading.default\">\n\t\t\t\t<div class=\"elementor-widget-container\">\n\t\t\t<h1 class=\"elementor-heading-title elementor-size-default\">Images avec un reflex num\u00e9rique<\/h1>\t\t<\/div>\n\t\t\t\t<\/div>\n\t\t\t\t<div class=\"elementor-element elementor-element-df4aa8b elementor-widget elementor-widget-heading\" data-id=\"df4aa8b\" data-element_type=\"widget\" data-widget_type=\"heading.default\">\n\t\t\t\t<div class=\"elementor-widget-container\">\n\t\t\t<h2 class=\"elementor-heading-title elementor-size-default\">Traitement des images (suite)<\/h2>\t\t<\/div>\n\t\t\t\t<\/div>\n\t\t\t\t<div class=\"elementor-element elementor-element-07cfbd0 elementor-widget elementor-widget-text-editor\" data-id=\"07cfbd0\" data-element_type=\"widget\" data-widget_type=\"text-editor.default\">\n\t\t\t\t<div class=\"elementor-widget-container\">\n\t\t\t\t\t\t\t\t<div class=\"elementor-text-editor elementor-clearfix\">\n\t\t\t\t<p class=\"col4 gras taille1 ita\"><span style=\"color: #ff0000;\"><strong>DEUXIEME PARTIE : TRAITEMENT ET ADDITION DES IMAGES.<\/strong><\/span><\/p><p><span style=\"color: #000000;\">On attaque maintenant le traitement proprement dit. La premi\u00e8re chose \u00e0 faire consiste \u00e0 soustraire l&rsquo;Offset qu&rsquo;on a cr\u00e9\u00e9 des images brutes de l&rsquo;objet. Pour cela, on retourne dans le menu <b><span class=\"gras\">Photo Num\u00e9rique<\/span><\/b> et on clique sur <b><span class=\"gras\">Soustraire l&rsquo;offset&#8230;<\/span><\/b> : dans la fen\u00eatre qui appara\u00eet, on entre le <b><span class=\"gras\">nom g\u00e9n\u00e9rique d&rsquo;entr\u00e9e<\/span><\/b> (ici M11), le nom de l&rsquo;image d&rsquo;offset \u00e0 soustraire dans <span class=\"gras\"><b>Carte Offse<\/b>t<\/span> (ici Offset), le <b><span class=\"gras\">nom g\u00e9n\u00e9rique de sortie<\/span><\/b> (ici M11 \u00e0 nouveau), le <b><span class=\"gras\">nombre d&rsquo;images<\/span><\/b> (39) et on clique sur <b><span class=\"gras\">OK<\/span><\/b>.<\/span><\/p><div class=\"centre\"><img decoding=\"async\" class=\"aligncenter\" src=\"http:\/\/www.arnaudom.fr\/Img\/tapn10.jpg\" alt=\"Iris\" \/><\/div><p><span style=\"color: #000000;\"><span class=\"gras\"><b>Remarque <\/b>:<\/span> comme les noms d&rsquo;entr\u00e9e et de sortie sont les m\u00eames, les images brutes sont remplac\u00e9es par les nouvelles images, et sont donc \u00e9cras\u00e9es. Si vous pr\u00e9f\u00e9rez les garder, taper un autre nom de sortie, comme par exemple M11b&#8230;<\/span><\/p><p><span style=\"color: #000000;\">Il faut maintenant soustraire le Dark de nos nouvelles images. On va donc \u00e0 nouveau dans le menu <b><span class=\"gras\">Photo Num\u00e9rique<\/span><\/b> et on clique sur <b><span class=\"gras\">Soustraire le dark&#8230;<\/span><\/b> : dans la fen\u00eatre qui appara\u00eet, on entre <b>le nom <span class=\"gras\">g\u00e9n\u00e9rique d&rsquo;entr\u00e9e<\/span><\/b> (ici M11), le nom du Dark dans <b><span class=\"gras\">Carte Dark<\/span><\/b> (ici Dark), on coche la case <b><span class=\"gras\">Optimisation<\/span><\/b>, dans <b><span class=\"gras\">Fichier cosm\u00e9tique<\/span><\/b> on entre le nom cosme, on tape le <b>nom <span class=\"gras\">g\u00e9n\u00e9rique de sortie<\/span><\/b> (ici M11 \u00e0 nouveau), le <b>nombre <span class=\"gras\">d&rsquo;images<\/span><\/b> (39) et on clique sur <b><span class=\"gras\">OK<\/span><\/b>.<\/span><\/p><div class=\"centre\"><img decoding=\"async\" class=\"aligncenter\" src=\"http:\/\/www.arnaudom.fr\/Img\/tapn11.jpg\" alt=\"Iris\" \/><\/div><p><span style=\"color: #000000;\">On doit maintenant convertir les images en vraies images couleur : en effet, vous avez peut-\u00eatre remarqu\u00e9 que toutes les images sont en noir et blanc, alors que le capteur de votre beau Reflex est pourtant bel et bien un capteur couleur ! C&rsquo;est normal, car vos images sont toujours cod\u00e9es en format RAW (brutes donc&#8230;), et il faut en quelque sorte les \u00ab\u00a0recoder\u00a0\u00bb pour faire appara\u00eetre les couleurs. Pour cela, on retourne \u00e0 nouveau dans <b><span class=\"gras\">Photo Num\u00e9rique<\/span><\/b> et on clique sur <b><span class=\"gras\">Conversion d&rsquo;une s\u00e9quence CFA&#8230;<\/span><\/b> Ensuite on entre le <b><span class=\"gras\">nom g\u00e9n\u00e9rique d&rsquo;entr\u00e9e<\/span><\/b> (M11), le <b><span class=\"gras\">nom g\u00e9n\u00e9rique de sortie<\/span><\/b> (toujours M11), le <b><span class=\"gras\">nombre d&rsquo;images<\/span><\/b> (39), on coche la case <b><span class=\"gras\">Couleur<\/span><\/b> et on clique sur <b><span class=\"gras\">OK<\/span><\/b>.<\/span><\/p><div class=\"centre\"><span style=\"color: #000000;\"><img decoding=\"async\" class=\"aligncenter\" src=\"http:\/\/www.arnaudom.fr\/Img\/tapn12.jpg\" alt=\"Iris\" \/><\/span><\/div><p><span style=\"color: #000000;\">Normalement, vos images sont maintenant en couleur, mais avec une teinte verd\u00e2tre prononc\u00e9e&#8230; C&rsquo;est normal l\u00e0 encore, il faudra un peu plus tard r\u00e9\u00e9quilibrer la balance des couleurs, nous y reviendrons.<\/span><\/p><p><span style=\"color: #000000;\">Pour l&rsquo;instant, nous allons proc\u00e9der \u00e0 l&rsquo;alignement des images. On affiche la premi\u00e8re image de la s\u00e9quence (dans mon exemple je tape \u00ab\u00a0<b><span class=\"gras\">load M111<\/span><\/b>\u00a0\u00bb &#8211; avec trois 1 -, il s&rsquo;agit bien de ma premi\u00e8re image car ma s\u00e9quence est form\u00e9e de 39 images de M11 appel\u00e9es M111, M112, M113 etc &#8230; M1139), puis il faut faire un <b><span class=\"gras\">cadre \u00e0 la souris<\/span><\/b> autour d&rsquo;un \u00e9toile caract\u00e9ristique de l&rsquo;image, ou autour d&rsquo;une zone qui contient plusieurs \u00e9toiles.<\/span><\/p><div class=\"centre\"><span style=\"color: #000000;\"><img decoding=\"async\" class=\"aligncenter\" src=\"http:\/\/www.arnaudom.fr\/Img\/tapn13.jpg\" alt=\"Iris\" \/><\/span><\/div><p><span style=\"color: #000000;\">Dans le cas de M11, il y a plein d&rsquo;\u00e9toiles avec une \u00e9toile bien plus brillante que les autres au coeur de l&rsquo;amas (si vous l&rsquo;avez d\u00e9j\u00e0 observ\u00e9 au t\u00e9l\u00e9scope, vous avez s\u00fbrement gard\u00e9 cette image en m\u00e9moire), donc IRIS n&rsquo;aura aucun mal \u00e0 aligner les images les unes par rapport aux autres gr\u00e2ce \u00e0 ce point de rep\u00e8re tr\u00e8s caract\u00e9ristique. La r\u00e9ussite de l&rsquo;alignement d\u00e9pend beaucoup de la zone choisie sur l&rsquo;image, des \u00e9toiles pr\u00e9sentes et aussi de la m\u00e9thode d&rsquo;alignement utilis\u00e9e. Dans le cas de M11, il n&rsquo;y gu\u00e8re de souci \u00e0 avoir.<\/span><\/p><p><span style=\"color: #000000;\">On va dans le menu <b><span class=\"gras\">Traitement<\/span><\/b>, on clique <b><span class=\"gras\">Registration des images stellaires&#8230;<\/span><\/b> et une fen\u00eatre appara\u00eet. On entre le <b><span class=\"gras\">nom g\u00e9n\u00e9rique d&rsquo;entr\u00e9e<\/span> (M11)<\/b>, le <b><span class=\"gras\">nom g\u00e9n\u00e9rique de sortie<\/span><\/b> (ici, je change de nom, M11c, c pour \u00ab\u00a0centr\u00e9es\u00a0\u00bb), et le <b><span class=\"gras\">nombre<\/span> d&rsquo;images<\/b> (39). On doit ensuite cocher la m\u00e9thode d&rsquo;alignement : ici on coche \u00ab\u00a0<b><span class=\"gras\">Une \u00e9toile<\/span><\/b>\u00ab\u00a0. Le logiciel va alors aligner les images en se servant d&rsquo;une \u00e9toile comme point de rep\u00e8re. Cette \u00e9toile doit avoir \u00e9t\u00e9 encadr\u00e9e \u00e0 la souris auparavant. Comme dit plus haut, cette m\u00e9thode fonctionne tr\u00e8s bien avec M11. On clique ensuite sur <b><span class=\"gras\">OK<\/span><\/b>.<\/span><\/p><div class=\"centre\"><span style=\"color: #000000;\"><img decoding=\"async\" class=\"aligncenter\" src=\"http:\/\/www.arnaudom.fr\/Img\/tapn14.jpg\" alt=\"Iris\" \/><\/span><\/div><p><span style=\"color: #000000;\"><b><span class=\"gras\">Remarque 1 :<\/span><\/b> je choisis de changer le nom de sortie, afin de pouvoir conserver la s\u00e9quence d&rsquo;images non align\u00e9es. En effet, il arrive qu&rsquo;IRIS ne r\u00e9ussisse pas \u00e0 centrer les images du premier coup. Dans ce cas-l\u00e0 il faut refaire un alignement et il est donc prudent de garder la premi\u00e8re s\u00e9quence d&rsquo;images pour retenter l&rsquo;alignement \u00e0 partir celle-ci.<\/span><br \/><span style=\"color: #000000;\"><b><span class=\"gras\">Remarque 2 :<\/span><\/b> sur certains objets (typiquement une galaxie), il n&rsquo;y a pas forc\u00e9ment d&rsquo;\u00e9toiles tr\u00e8s caract\u00e9ristiques pr\u00e9sentes dans le champ. Dans ce cas, il faut tenter d&rsquo;autres m\u00e9thodes d&rsquo;alignement parmi les trois m\u00e9thodes dites \u00ab\u00a0Appariemment\u00a0\u00bb. Je vous conseille \u00e0 ce sujet de consulter le site d&rsquo;IRIS.<\/span><\/p><p><span style=\"color: #000000;\">Une fois l&rsquo;alignement effectu\u00e9, on additionne les images. On va dans le menu <b><span class=\"gras\">Traitement<\/span><\/b>, on clique <b><span class=\"gras\">Addition d&rsquo;une s\u00e9quence&#8230;<\/span><\/b>, puis on entre le <b><span class=\"gras\">nom g\u00e9n\u00e9rique d&rsquo;entr\u00e9e<\/span><\/b> (ici M11c, le nom de la s\u00e9quence des images centr\u00e9es), le <b><span class=\"gras\">nombre d&rsquo;images<\/span><\/b> (39), on peut cocher <b><span class=\"gras\">Normalisation si d\u00e9passement<\/span><\/b>, <b><span class=\"gras\">Arithm\u00e9tique<\/span><\/b> et enfin on clique sur <b><span class=\"gras\">OK<\/span><\/b>.<\/span><\/p><div class=\"centre\"><span style=\"color: #000000;\"><img decoding=\"async\" class=\"aligncenter\" src=\"http:\/\/www.arnaudom.fr\/Img\/tapn23.jpg\" alt=\"Iris\" \/><\/span><\/div><p><span style=\"color: #000000;\">A la fin de la proc\u00e9dure, Iris a additionn\u00e9 les 39 images align\u00e9es. Il se peut que l&rsquo;image soit tr\u00e8s lumineuse (voire toute blanche). Pas d&rsquo;affolement ! On r\u00e8gle les curseurs des seuils de visualisation, et normalement on obtient (enfin) une image qui ressemble \u00e0 notre objet.<\/span><\/p><div class=\"centre\"><span style=\"color: #000000;\"><img decoding=\"async\" class=\"aligncenter\" src=\"http:\/\/www.arnaudom.fr\/Img\/tapn15.jpg\" alt=\"Iris\" \/><\/span><\/div><p><span style=\"color: #000000;\">Voil\u00e0, apr\u00e8s tout ce travail, pensez \u00e0 sauvegarder votre image finale, en tapant par exemple \u00ab\u00a0<span class=\"gras\">save M11<\/span>\u00a0\u00bb ou \u00ab\u00a0<span class=\"gras\">save brute<\/span>\u00a0\u00bb &#8230; Ca va, vous suivez toujours ? Maintenant, on ne va plus utiliser que cette image dans la suite. C&rsquo;est l&rsquo;objet de la derni\u00e8re partie du traitement. On continue page suivante !<\/span><\/p><p>\u00a0<\/p>\t\t\t\t\t<\/div>\n\t\t\t\t\t\t<\/div>\n\t\t\t\t<\/div>\n\t\t\t\t\t\t<\/div>\n\t\t\t\t\t<\/div>\n\t\t<\/div>\n\t\t\t\t\t\t\t\t<\/div>\n\t\t\t\t\t<\/div>\n\t\t<\/section>\n\t\t\t\t<section class=\"elementor-section elementor-top-section elementor-element elementor-element-600eaa5 elementor-section-boxed elementor-section-height-default elementor-section-height-default\" data-id=\"600eaa5\" data-element_type=\"section\" data-settings=\"{&quot;background_background&quot;:&quot;classic&quot;}\">\n\t\t\t\t\t\t<div class=\"elementor-container elementor-column-gap-default\">\n\t\t\t\t\t\t\t<div class=\"elementor-row\">\n\t\t\t\t\t<div class=\"elementor-column elementor-col-50 elementor-top-column elementor-element elementor-element-5d90bc8\" data-id=\"5d90bc8\" data-element_type=\"column\">\n\t\t\t<div class=\"elementor-column-wrap elementor-element-populated\">\n\t\t\t\t\t\t\t<div class=\"elementor-widget-wrap\">\n\t\t\t\t\t\t<div class=\"elementor-element elementor-element-178c363 elementor-align-center elementor-widget elementor-widget-button\" data-id=\"178c363\" data-element_type=\"widget\" data-widget_type=\"button.default\">\n\t\t\t\t<div class=\"elementor-widget-container\">\n\t\t\t\t\t<div class=\"elementor-button-wrapper\">\n\t\t\t<a href=\"http:\/\/www.arnaudom.fr\/wordpress\/irisold\" class=\"elementor-button-link elementor-button elementor-size-sm\" role=\"button\">\n\t\t\t\t\t\t<span class=\"elementor-button-content-wrapper\">\n\t\t\t\t\t\t\t<span class=\"elementor-button-icon elementor-align-icon-left\">\n\t\t\t\t<i aria-hidden=\"true\" class=\"fas fa-arrow-left\"><\/i>\t\t\t<\/span>\n\t\t\t\t\t\t<span class=\"elementor-button-text\">Retour au d\u00e9but de l'article <\/span>\n\t\t<\/span>\n\t\t\t\t\t<\/a>\n\t\t<\/div>\n\t\t\t\t<\/div>\n\t\t\t\t<\/div>\n\t\t\t\t\t\t<\/div>\n\t\t\t\t\t<\/div>\n\t\t<\/div>\n\t\t\t\t<div class=\"elementor-column elementor-col-50 elementor-top-column elementor-element elementor-element-8440551\" data-id=\"8440551\" data-element_type=\"column\">\n\t\t\t<div class=\"elementor-column-wrap elementor-element-populated\">\n\t\t\t\t\t\t\t<div class=\"elementor-widget-wrap\">\n\t\t\t\t\t\t<div class=\"elementor-element elementor-element-5527f49 elementor-align-center elementor-widget elementor-widget-button\" data-id=\"5527f49\" data-element_type=\"widget\" data-widget_type=\"button.default\">\n\t\t\t\t<div class=\"elementor-widget-container\">\n\t\t\t\t\t<div class=\"elementor-button-wrapper\">\n\t\t\t<a href=\"http:\/\/www.arnaudom.fr\/wordpress\/finirisold\" class=\"elementor-button-link elementor-button elementor-size-sm\" role=\"button\">\n\t\t\t\t\t\t<span class=\"elementor-button-content-wrapper\">\n\t\t\t\t\t\t\t<span class=\"elementor-button-icon elementor-align-icon-right\">\n\t\t\t\t<i aria-hidden=\"true\" class=\"fas fa-arrow-right\"><\/i>\t\t\t<\/span>\n\t\t\t\t\t\t<span class=\"elementor-button-text\">Suite<\/span>\n\t\t<\/span>\n\t\t\t\t\t<\/a>\n\t\t<\/div>\n\t\t\t\t<\/div>\n\t\t\t\t<\/div>\n\t\t\t\t\t\t<\/div>\n\t\t\t\t\t<\/div>\n\t\t<\/div>\n\t\t\t\t\t\t\t\t<\/div>\n\t\t\t\t\t<\/div>\n\t\t<\/section>\n\t\t\t\t\t\t\t\t\t<\/div>\n\t\t\t<\/div>\n\t\t\t\t\t<\/div>\n\t\t","protected":false},"excerpt":{"rendered":"<p>Images avec un reflex num\u00e9rique Traitement des images (suite) DEUXIEME PARTIE : TRAITEMENT ET ADDITION DES IMAGES. On attaque maintenant le traitement proprement dit. La premi\u00e8re chose \u00e0 faire consiste \u00e0 soustraire l&rsquo;Offset qu&rsquo;on a cr\u00e9\u00e9 des images brutes de l&rsquo;objet. Pour cela, on retourne dans le menu Photo Num\u00e9rique et on clique sur Soustraire &hellip;<\/p>\n<p class=\"read-more\"> <a class=\"\" href=\"https:\/\/www.arnaudom.fr\/wordpress\/addirisold\/\"> <span class=\"screen-reader-text\">addirisold<\/span> Lire la suite\u00a0\u00bb<\/a><\/p>\n","protected":false},"author":1,"featured_media":0,"parent":0,"menu_order":0,"comment_status":"closed","ping_status":"closed","template":"","meta":{"site-sidebar-layout":"default","site-content-layout":"default","ast-site-content-layout":"","site-content-style":"default","site-sidebar-style":"default","ast-global-header-display":"","ast-banner-title-visibility":"","ast-main-header-display":"","ast-hfb-above-header-display":"","ast-hfb-below-header-display":"","ast-hfb-mobile-header-display":"","site-post-title":"disabled","ast-breadcrumbs-content":"","ast-featured-img":"","footer-sml-layout":"","theme-transparent-header-meta":"default","adv-header-id-meta":"","stick-header-meta":"","header-above-stick-meta":"","header-main-stick-meta":"","header-below-stick-meta":"","astra-migrate-meta-layouts":"","ast-page-background-enabled":"default","ast-page-background-meta":{"desktop":{"background-color":"","background-image":"","background-repeat":"repeat","background-position":"center center","background-size":"auto","background-attachment":"scroll","background-type":"","background-media":"","overlay-type":"","overlay-color":"","overlay-gradient":""},"tablet":{"background-color":"","background-image":"","background-repeat":"repeat","background-position":"center center","background-size":"auto","background-attachment":"scroll","background-type":"","background-media":"","overlay-type":"","overlay-color":"","overlay-gradient":""},"mobile":{"background-color":"","background-image":"","background-repeat":"repeat","background-position":"center center","background-size":"auto","background-attachment":"scroll","background-type":"","background-media":"","overlay-type":"","overlay-color":"","overlay-gradient":""}},"ast-content-background-meta":{"desktop":{"background-color":"var(--ast-global-color-5)","background-image":"","background-repeat":"repeat","background-position":"center center","background-size":"auto","background-attachment":"scroll","background-type":"","background-media":"","overlay-type":"","overlay-color":"","overlay-gradient":""},"tablet":{"background-color":"var(--ast-global-color-5)","background-image":"","background-repeat":"repeat","background-position":"center center","background-size":"auto","background-attachment":"scroll","background-type":"","background-media":"","overlay-type":"","overlay-color":"","overlay-gradient":""},"mobile":{"background-color":"var(--ast-global-color-5)","background-image":"","background-repeat":"repeat","background-position":"center center","background-size":"auto","background-attachment":"scroll","background-type":"","background-media":"","overlay-type":"","overlay-color":"","overlay-gradient":""}},"footnotes":""},"class_list":["post-6509","page","type-page","status-publish","hentry"],"_links":{"self":[{"href":"https:\/\/www.arnaudom.fr\/wordpress\/wp-json\/wp\/v2\/pages\/6509","targetHints":{"allow":["GET"]}}],"collection":[{"href":"https:\/\/www.arnaudom.fr\/wordpress\/wp-json\/wp\/v2\/pages"}],"about":[{"href":"https:\/\/www.arnaudom.fr\/wordpress\/wp-json\/wp\/v2\/types\/page"}],"author":[{"embeddable":true,"href":"https:\/\/www.arnaudom.fr\/wordpress\/wp-json\/wp\/v2\/users\/1"}],"replies":[{"embeddable":true,"href":"https:\/\/www.arnaudom.fr\/wordpress\/wp-json\/wp\/v2\/comments?post=6509"}],"version-history":[{"count":14,"href":"https:\/\/www.arnaudom.fr\/wordpress\/wp-json\/wp\/v2\/pages\/6509\/revisions"}],"predecessor-version":[{"id":6525,"href":"https:\/\/www.arnaudom.fr\/wordpress\/wp-json\/wp\/v2\/pages\/6509\/revisions\/6525"}],"wp:attachment":[{"href":"https:\/\/www.arnaudom.fr\/wordpress\/wp-json\/wp\/v2\/media?parent=6509"}],"curies":[{"name":"wp","href":"https:\/\/api.w.org\/{rel}","templated":true}]}}