{"id":6495,"date":"2020-09-22T23:24:16","date_gmt":"2020-09-22T21:24:16","guid":{"rendered":"http:\/\/www.arnaudom.fr\/wordpress\/?page_id=6495"},"modified":"2021-02-11T22:32:41","modified_gmt":"2021-02-11T21:32:41","slug":"irisold","status":"publish","type":"page","link":"https:\/\/www.arnaudom.fr\/wordpress\/irisold\/","title":{"rendered":"irisold"},"content":{"rendered":"\t\t<div data-elementor-type=\"wp-page\" data-elementor-id=\"6495\" class=\"elementor elementor-6495\">\n\t\t\t\t\t\t<div class=\"elementor-inner\">\n\t\t\t\t<div class=\"elementor-section-wrap\">\n\t\t\t\t\t\t\t\t\t<section class=\"elementor-section elementor-top-section elementor-element elementor-element-ef5341b elementor-section-full_width elementor-section-height-default elementor-section-height-default\" data-id=\"ef5341b\" data-element_type=\"section\" data-settings=\"{&quot;background_background&quot;:&quot;classic&quot;}\">\n\t\t\t\t\t\t<div class=\"elementor-container elementor-column-gap-default\">\n\t\t\t\t\t\t\t<div class=\"elementor-row\">\n\t\t\t\t\t<div class=\"elementor-column elementor-col-100 elementor-top-column elementor-element elementor-element-2b85810\" data-id=\"2b85810\" data-element_type=\"column\" data-settings=\"{&quot;background_background&quot;:&quot;classic&quot;}\">\n\t\t\t<div class=\"elementor-column-wrap elementor-element-populated\">\n\t\t\t\t\t\t\t<div class=\"elementor-widget-wrap\">\n\t\t\t\t\t\t<div class=\"elementor-element elementor-element-175412b elementor-widget elementor-widget-heading\" data-id=\"175412b\" data-element_type=\"widget\" data-widget_type=\"heading.default\">\n\t\t\t\t<div class=\"elementor-widget-container\">\n\t\t\t<h1 class=\"elementor-heading-title elementor-size-default\">Images avec un reflex num\u00e9rique<\/h1>\t\t<\/div>\n\t\t\t\t<\/div>\n\t\t\t\t<div class=\"elementor-element elementor-element-27e2fe4 elementor-widget elementor-widget-heading\" data-id=\"27e2fe4\" data-element_type=\"widget\" data-widget_type=\"heading.default\">\n\t\t\t\t<div class=\"elementor-widget-container\">\n\t\t\t<h2 class=\"elementor-heading-title elementor-size-default\">Traitement des images<\/h2>\t\t<\/div>\n\t\t\t\t<\/div>\n\t\t\t\t<div class=\"elementor-element elementor-element-2e9dee6 elementor-widget elementor-widget-text-editor\" data-id=\"2e9dee6\" data-element_type=\"widget\" data-widget_type=\"text-editor.default\">\n\t\t\t\t<div class=\"elementor-widget-container\">\n\t\t\t\t\t\t\t\t<div class=\"elementor-text-editor elementor-clearfix\">\n\t\t\t\t<p>Nous allons passer au d\u00e9licat probl\u00e8me du traitement des images, qui peut sembler bien compliqu\u00e9 aux d\u00e9butants. J&rsquo;utilise pour cela le logiciel gratuit IRIS, t\u00e9l\u00e9chargeable ici : <a href=\"http:\/\/www.astrosurf.com\/buil\/iris\/iris.htm\">http:\/\/www.astrosurf.com\/buil\/iris\/iris.htm<\/a>.<\/p><p>Donc il s&rsquo;agit de disposer de photos brutes de l&rsquo;objet en question, ainsi que des images de \u00ab\u00a0Dark\u00a0\u00bb et des images d'\u00a0\u00bbOffset\u00a0\u00bb. En th\u00e9orie, on doit \u00e9galement faire l&rsquo;acquisition de \u00ab\u00a0Flat\u00a0\u00bb, mais ne m&rsquo;\u00e9tant pas attel\u00e9 \u00e0 l&rsquo;acquisition de ce type d&rsquo;images, je fais sans pour l&rsquo;instant. Dans mon exemple, je dispose donc de 39 acquisitions de l&rsquo;amas ouvert M11, de 5 images de Dark et de 4 images d&rsquo;Offset.<\/p><p class=\"gras\"><b>Le traitement global se d\u00e9roule en 3 parties :<\/b><\/p><p>&#8211; le pr\u00e9-traitement, qui consiste \u00e0 pr\u00e9parer les images de dark, flat et offset et \u00e0 convertir les images brutes dans un format utilisable par Iris<br \/>&#8211; l&rsquo;addition des images, qui consiste \u00e0 aligner puis empiler les images de l&rsquo;objet<br \/>&#8211; et enfin le traitement final, qui a pour but de faire ressortir les d\u00e9tails, de r\u00e9gler la luminosit\u00e9 du fond du ciel et d&rsquo;am\u00e9liorer l&rsquo;esth\u00e9tique de l&rsquo;image.<br \/>Vous allez voir, \u00e7a n&rsquo;est pas si compliqu\u00e9 &#8230; C&rsquo;est parti !<\/p><p class=\"col4 gras taille1 ita\"><strong><span style=\"color: #ff0000;\">PREMIERE PARTIE : PRETRAITEMENT.<\/span><\/strong><\/p><p>Lan\u00e7ons Iris. On commence par cr\u00e9er l&rsquo;image d&rsquo;Offset. Pour cela, on va dans le menu <strong><span class=\"gras\">Photo Num\u00e9rique<\/span><\/strong>, et on clique sur <strong><span class=\"gras\">D\u00e9codage des fichiers RAW&#8230;<\/span><\/strong> A ce moment-l\u00e0 Iris se r\u00e9duit et la fen\u00eatre \u00ab\u00a0D\u00e9codage de fichiers RAW\u00a0\u00bb appara\u00eet: on s\u00e9lectionne alors les images d&rsquo;Offset dans le dossier correspondant et, en laissant le bouton gauche de la souris enfonc\u00e9, on va les d\u00e9poser dans la fen\u00eatre de d\u00e9codage.<\/p><div class=\"centre\"><img decoding=\"async\" class=\"aligncenter\" src=\"http:\/\/www.arnaudom.fr\/Img\/tapn01.jpg\" alt=\"Iris\" \/><\/div><p>Une fois les fichiers d\u00e9pos\u00e9s, on entre un <strong><span class=\"gras\">nom<\/span> <\/strong>g\u00e9n\u00e9rique \u00e0 donner \u00e0 nos images (au hasard, offset), on clique sur le bouton<strong> <span class=\"gras\">CFA<\/span><\/strong> et Iris convertit alors les images dans un format qu&rsquo;il va pouvoir utiliser. Pour terminer, on clique sur le bouton <strong><span class=\"gras\">Fermer<\/span><\/strong>.<\/p><div class=\"centre\"><img decoding=\"async\" class=\"aligncenter\" src=\"http:\/\/www.arnaudom.fr\/Img\/tapn02.jpg\" alt=\"Iris\" \/><\/div><p>On se retrouve alors dans IRIS, avec 4 images nomm\u00e9es offset1, offset2, offset3 &#8230; On va dans le menu <strong><span class=\"gras\">Photo Num\u00e9rique<\/span><\/strong> et on clique sur <strong><span class=\"gras\">Faire un offset&#8230;<\/span><\/strong> Dans le fen\u00eatre qui appara\u00eet, on choisit un <strong><span class=\"gras\">nom<\/span><\/strong> (pas de raison de s&#8217;emb\u00eater, j&rsquo;ai tap\u00e9 offset), on entre le <strong><span class=\"gras\">nombre d&rsquo;images<\/span><\/strong>, ici 4, et on clique sur <strong><span class=\"gras\">OK<\/span><\/strong> : Iris cr\u00e9e alors l&rsquo;image d&rsquo;offset.<\/p><div class=\"centre\"><img decoding=\"async\" class=\"aligncenter\" src=\"http:\/\/www.arnaudom.fr\/Img\/tapn03.jpg\" alt=\"Iris\" \/><\/div><p><b><span class=\"gras\">Important :<\/span><\/b> ne pas oublier de sauvegarder l&rsquo;image ainsi cr\u00e9\u00e9e en tapant <b><span class=\"gras\">Save offset<\/span><\/b> (ou un autre nom&#8230;) dans la console d&rsquo;Iris.<\/p><p>Bien, maintenant on va cr\u00e9er notre image de Dark en proc\u00e9dant comme pour l&rsquo;Offset. Donc on retourne dans le menu <b><span class=\"gras\">Photo Num\u00e9rique<\/span><\/b>, on clique sur <b><span class=\"gras\">D\u00e9codage des fichiers RAW&#8230;<\/span><\/b>, et comme pr\u00e9c\u00e9demment on va s\u00e9lectionner nos images de Dark qu&rsquo;on va d\u00e9poser dans la fen\u00eatre de d\u00e9codage.<\/p><div class=\"centre\"><img decoding=\"async\" class=\"aligncenter\" src=\"http:\/\/www.arnaudom.fr\/Img\/tapn04.jpg\" alt=\"Iris\" \/><\/div><p>De m\u00eame, on tape un nom g\u00e9n\u00e9rique (toujours au hasard, dark par exemple&#8230;), on clique sur <b><span class=\"gras\">CFA<\/span><\/b> et sur <b><span class=\"gras\">Fermer<\/span><\/b>.<\/p><div class=\"centre\"><img decoding=\"async\" class=\"aligncenter\" src=\"http:\/\/www.arnaudom.fr\/Img\/tapn05.jpg\" alt=\"Iris\" \/><\/div><p>Dans Iris, on va dans <b><span class=\"gras\">Photo Num\u00e9rique<\/span><\/b> puis on clique sur <b><span class=\"gras\">Faire un dark&#8230;<\/span><\/b> On tape un <b><span class=\"gras\">nom<\/span><\/b> (dark par exemple &#8230;), puis on entre le <b><span class=\"gras\">nom<\/span><\/b> de notre image d&rsquo;offset cr\u00e9\u00e9e pr\u00e9c\u00e9demment (d&rsquo;o\u00f9 l&rsquo;importance de l&rsquo;avoir sauvegard\u00e9e), le <b><span class=\"gras\">nombre d&rsquo;images<\/span><\/b>, ici 5, on coche le bouton <b><span class=\"gras\">M\u00e9diane<\/span><\/b> et enfin <b><span class=\"gras\">OK<\/span><\/b>.<\/p><div class=\"centre\"><img decoding=\"async\" class=\"aligncenter\" src=\"http:\/\/www.arnaudom.fr\/Img\/tapn06.jpg\" alt=\"Iris\" \/><\/div><p>L\u00e0 aussi, ne pas oublier de sauvegarder l&rsquo;image obtenue en tapant par exemple, <b><span class=\"gras\">Save dark<\/span> &#8230;<\/b><\/p><p>Maintenant, on va utiliser une fonction d&rsquo;Iris qui permet d&rsquo;\u00e9liminer les \u00ab\u00a0pixels chauds\u00a0\u00bb, c&rsquo;est-\u00e0-dire des pixels color\u00e9s qui apparaissent sur l&rsquo;image et qui sont des d\u00e9fauts \u00e0 \u00e9liminer. Pour cela on charge le dark en tapant \u00ab\u00a0<b><span class=\"gras\">Load dark<\/span><\/b>\u00ab\u00a0, puis on tape la commande <b><span class=\"gras\">find_hot cosme 200<\/span><\/b> dans la console d&rsquo;Iris. Le premier param\u00e8tre est le nom de fichier que l&rsquo;on va cr\u00e9er (ici <b><span class=\"gras\">cosme<\/span><\/b>, abr\u00e9viation de cosm\u00e9tique, mais on peut choisir n&rsquo;importe quel nom) et <b><span class=\"gras\">200<\/span><\/b> un param\u00e8tre de seuil qui d\u00e9termine le nombre de pixels \u00e0 supprimer (faire des essais avec des param\u00e8tres variant entre 10 et 200, le but \u00e9tant qu&rsquo;Iris affiche un \u00ab\u00a0<span class=\"gras\">nombre de <b>points chauds<\/b><\/span>\u00a0\u00bb entre 100 et 500). Le fichier \u00ab\u00a0cosme\u00a0\u00bb ainsi cr\u00e9\u00e9 sera utilis\u00e9 lors de la deuxi\u00e8me partie du traitement.<\/p><div class=\"centre\"><img decoding=\"async\" class=\"aligncenter\" src=\"http:\/\/www.arnaudom.fr\/Img\/tapn07.jpg\" alt=\"Iris\" \/><\/div><p>Il nous reste maintenant \u00e0 d\u00e9coder les images brutes de l&rsquo;objet proprement dit. Donc m\u00eame proc\u00e9dure : menu <strong><span class=\"gras\">Photo num\u00e9rique<\/span><\/strong>, <b><span class=\"gras\">D\u00e9codage des fichiers RAW&#8230;<\/span><\/b>, et on va d\u00e9poser les images (ici 39 poses sur M11).<\/p><div class=\"centre\"><img decoding=\"async\" class=\"aligncenter\" src=\"http:\/\/www.arnaudom.fr\/Img\/tapn08.jpg\" alt=\"Iris\" \/><\/div><p>On tape un <b><span class=\"gras\">nom<\/span><\/b>, M11 par exemple, on clique sur <b><span class=\"gras\">CFA<\/span><\/b> et sur <b><span class=\"gras\">Fermer<\/span><\/b>, et Iris cr\u00e9e ici 39 images baptis\u00e9es M111, M112 etc&#8230; jusqu&rsquo;\u00e0 M1139.<\/p><div class=\"centre\"><img decoding=\"async\" class=\"aligncenter\" src=\"http:\/\/www.arnaudom.fr\/Img\/tapn09.jpg\" alt=\"Iris\" \/><\/div><p>Voil\u00e0, on a donc notre image d&rsquo;Offset, notre image de Dark et nos 39 images brutes pr\u00eates \u00e0 \u00eatre utilis\u00e9es par Iris, le pr\u00e9-traitement est termin\u00e9. C&rsquo;\u00e9tait pas si difficile que \u00e7a, non ? Allez, on passe \u00e0 la suite !!<\/p>\t\t\t\t\t<\/div>\n\t\t\t\t\t\t<\/div>\n\t\t\t\t<\/div>\n\t\t\t\t<div class=\"elementor-element elementor-element-61d4f04 elementor-align-center elementor-widget elementor-widget-button\" data-id=\"61d4f04\" data-element_type=\"widget\" data-widget_type=\"button.default\">\n\t\t\t\t<div class=\"elementor-widget-container\">\n\t\t\t\t\t<div class=\"elementor-button-wrapper\">\n\t\t\t<a href=\"http:\/\/www.arnaudom.fr\/wordpress\/addirisold\" class=\"elementor-button-link elementor-button elementor-size-sm\" role=\"button\">\n\t\t\t\t\t\t<span class=\"elementor-button-content-wrapper\">\n\t\t\t\t\t\t\t<span class=\"elementor-button-icon elementor-align-icon-right\">\n\t\t\t\t<i aria-hidden=\"true\" class=\"fas fa-arrow-right\"><\/i>\t\t\t<\/span>\n\t\t\t\t\t\t<span class=\"elementor-button-text\">Page 2<\/span>\n\t\t<\/span>\n\t\t\t\t\t<\/a>\n\t\t<\/div>\n\t\t\t\t<\/div>\n\t\t\t\t<\/div>\n\t\t\t\t\t\t<\/div>\n\t\t\t\t\t<\/div>\n\t\t<\/div>\n\t\t\t\t\t\t\t\t<\/div>\n\t\t\t\t\t<\/div>\n\t\t<\/section>\n\t\t\t\t\t\t\t\t\t<\/div>\n\t\t\t<\/div>\n\t\t\t\t\t<\/div>\n\t\t","protected":false},"excerpt":{"rendered":"<p>Images avec un reflex num\u00e9rique Traitement des images Nous allons passer au d\u00e9licat probl\u00e8me du traitement des images, qui peut sembler bien compliqu\u00e9 aux d\u00e9butants. J&rsquo;utilise pour cela le logiciel gratuit IRIS, t\u00e9l\u00e9chargeable ici : http:\/\/www.astrosurf.com\/buil\/iris\/iris.htm. Donc il s&rsquo;agit de disposer de photos brutes de l&rsquo;objet en question, ainsi que des images de \u00ab\u00a0Dark\u00a0\u00bb et &hellip;<\/p>\n<p class=\"read-more\"> <a class=\"\" href=\"https:\/\/www.arnaudom.fr\/wordpress\/irisold\/\"> <span class=\"screen-reader-text\">irisold<\/span> Lire la suite\u00a0\u00bb<\/a><\/p>\n","protected":false},"author":1,"featured_media":0,"parent":0,"menu_order":0,"comment_status":"closed","ping_status":"closed","template":"","meta":{"site-sidebar-layout":"default","site-content-layout":"default","ast-site-content-layout":"","site-content-style":"default","site-sidebar-style":"default","ast-global-header-display":"","ast-banner-title-visibility":"","ast-main-header-display":"","ast-hfb-above-header-display":"","ast-hfb-below-header-display":"","ast-hfb-mobile-header-display":"","site-post-title":"disabled","ast-breadcrumbs-content":"","ast-featured-img":"","footer-sml-layout":"","theme-transparent-header-meta":"default","adv-header-id-meta":"","stick-header-meta":"","header-above-stick-meta":"","header-main-stick-meta":"","header-below-stick-meta":"","astra-migrate-meta-layouts":"","ast-page-background-enabled":"default","ast-page-background-meta":{"desktop":{"background-color":"","background-image":"","background-repeat":"repeat","background-position":"center center","background-size":"auto","background-attachment":"scroll","background-type":"","background-media":"","overlay-type":"","overlay-color":"","overlay-gradient":""},"tablet":{"background-color":"","background-image":"","background-repeat":"repeat","background-position":"center center","background-size":"auto","background-attachment":"scroll","background-type":"","background-media":"","overlay-type":"","overlay-color":"","overlay-gradient":""},"mobile":{"background-color":"","background-image":"","background-repeat":"repeat","background-position":"center center","background-size":"auto","background-attachment":"scroll","background-type":"","background-media":"","overlay-type":"","overlay-color":"","overlay-gradient":""}},"ast-content-background-meta":{"desktop":{"background-color":"var(--ast-global-color-5)","background-image":"","background-repeat":"repeat","background-position":"center center","background-size":"auto","background-attachment":"scroll","background-type":"","background-media":"","overlay-type":"","overlay-color":"","overlay-gradient":""},"tablet":{"background-color":"var(--ast-global-color-5)","background-image":"","background-repeat":"repeat","background-position":"center center","background-size":"auto","background-attachment":"scroll","background-type":"","background-media":"","overlay-type":"","overlay-color":"","overlay-gradient":""},"mobile":{"background-color":"var(--ast-global-color-5)","background-image":"","background-repeat":"repeat","background-position":"center center","background-size":"auto","background-attachment":"scroll","background-type":"","background-media":"","overlay-type":"","overlay-color":"","overlay-gradient":""}},"footnotes":""},"class_list":["post-6495","page","type-page","status-publish","hentry"],"_links":{"self":[{"href":"https:\/\/www.arnaudom.fr\/wordpress\/wp-json\/wp\/v2\/pages\/6495","targetHints":{"allow":["GET"]}}],"collection":[{"href":"https:\/\/www.arnaudom.fr\/wordpress\/wp-json\/wp\/v2\/pages"}],"about":[{"href":"https:\/\/www.arnaudom.fr\/wordpress\/wp-json\/wp\/v2\/types\/page"}],"author":[{"embeddable":true,"href":"https:\/\/www.arnaudom.fr\/wordpress\/wp-json\/wp\/v2\/users\/1"}],"replies":[{"embeddable":true,"href":"https:\/\/www.arnaudom.fr\/wordpress\/wp-json\/wp\/v2\/comments?post=6495"}],"version-history":[{"count":9,"href":"https:\/\/www.arnaudom.fr\/wordpress\/wp-json\/wp\/v2\/pages\/6495\/revisions"}],"predecessor-version":[{"id":6516,"href":"https:\/\/www.arnaudom.fr\/wordpress\/wp-json\/wp\/v2\/pages\/6495\/revisions\/6516"}],"wp:attachment":[{"href":"https:\/\/www.arnaudom.fr\/wordpress\/wp-json\/wp\/v2\/media?parent=6495"}],"curies":[{"name":"wp","href":"https:\/\/api.w.org\/{rel}","templated":true}]}}