{"id":6476,"date":"2020-09-21T21:30:51","date_gmt":"2020-09-21T19:30:51","guid":{"rendered":"http:\/\/www.arnaudom.fr\/wordpress\/?page_id=6476"},"modified":"2020-09-21T21:45:35","modified_gmt":"2020-09-21T19:45:35","slug":"pollution","status":"publish","type":"page","link":"https:\/\/www.arnaudom.fr\/wordpress\/pollution\/","title":{"rendered":"pollution"},"content":{"rendered":"\t\t<div data-elementor-type=\"wp-page\" data-elementor-id=\"6476\" class=\"elementor elementor-6476\">\n\t\t\t\t\t\t<div class=\"elementor-inner\">\n\t\t\t\t<div class=\"elementor-section-wrap\">\n\t\t\t\t\t\t\t\t\t<section class=\"elementor-section elementor-top-section elementor-element elementor-element-6b61923 elementor-section-full_width elementor-section-height-default elementor-section-height-default\" data-id=\"6b61923\" data-element_type=\"section\" data-settings=\"{&quot;background_background&quot;:&quot;classic&quot;}\">\n\t\t\t\t\t\t<div class=\"elementor-container elementor-column-gap-default\">\n\t\t\t\t\t\t\t<div class=\"elementor-row\">\n\t\t\t\t\t<div class=\"elementor-column elementor-col-100 elementor-top-column elementor-element elementor-element-44e6eff\" data-id=\"44e6eff\" data-element_type=\"column\" data-settings=\"{&quot;background_background&quot;:&quot;classic&quot;}\">\n\t\t\t<div class=\"elementor-column-wrap elementor-element-populated\">\n\t\t\t\t\t\t\t<div class=\"elementor-widget-wrap\">\n\t\t\t\t\t\t<div class=\"elementor-element elementor-element-c34fcf9 elementor-widget elementor-widget-heading\" data-id=\"c34fcf9\" data-element_type=\"widget\" data-widget_type=\"heading.default\">\n\t\t\t\t<div class=\"elementor-widget-container\">\n\t\t\t<h1 class=\"elementor-heading-title elementor-size-default\">Traitement de la pollution lumineuse avec Iris<\/h1>\t\t<\/div>\n\t\t\t\t<\/div>\n\t\t\t\t<div class=\"elementor-element elementor-element-ee1ed54 elementor-widget elementor-widget-text-editor\" data-id=\"ee1ed54\" data-element_type=\"widget\" data-widget_type=\"text-editor.default\">\n\t\t\t\t<div class=\"elementor-widget-container\">\n\t\t\t\t\t\t\t\t<div class=\"elementor-text-editor elementor-clearfix\">\n\t\t\t\t<p><em>Ecrit le 29\/09\/12.<\/em><\/p>\t\t\t\t\t<\/div>\n\t\t\t\t\t\t<\/div>\n\t\t\t\t<\/div>\n\t\t\t\t<div class=\"elementor-element elementor-element-7eb35d7 elementor-widget elementor-widget-heading\" data-id=\"7eb35d7\" data-element_type=\"widget\" data-widget_type=\"heading.default\">\n\t\t\t\t<div class=\"elementor-widget-container\">\n\t\t\t<h2 class=\"elementor-heading-title elementor-size-default\">Traitement de la pollution lumineuse par l'exemple<\/h2>\t\t<\/div>\n\t\t\t\t<\/div>\n\t\t\t\t<div class=\"elementor-element elementor-element-3695624 elementor-widget elementor-widget-text-editor\" data-id=\"3695624\" data-element_type=\"widget\" data-widget_type=\"text-editor.default\">\n\t\t\t\t<div class=\"elementor-widget-container\">\n\t\t\t\t\t\t\t\t<div class=\"elementor-text-editor elementor-clearfix\">\n\t\t\t\t<p>Malheureusement, avec l&rsquo;omnipr\u00e9sence de lumi\u00e8re \u00e0 toute heure du jour et de la nuit dans nos villes et nos campagnes (et nos montagnes <span class=\"milieu2\"> <img decoding=\"async\" src=\"http:\/\/arnaudom.fr\/Img\/smclin.gif\" alt=\"clin d'oeil\" \/><\/span> !), il est de plus en plus difficile d&rsquo;\u00e9chapper \u00e0 la pr\u00e9sence de pollution lumineuse sur les photos astronomiques. L&rsquo;id\u00e9al est bien s\u00fbr de l&rsquo;\u00e9viter \u00e0 tout prix, mais c&rsquo;est parfois impossible.<\/p><p>C&rsquo;est le cas sur ce clich\u00e9 de l&rsquo;amas globulaire M92 que j&rsquo;ai fait depuis mon jardin, jardin lui-m\u00eame cern\u00e9 par deux gros lampadaires oranges qui m&rsquo;inondent de lumi\u00e8re toute la nuit. L&rsquo;image suivante est issue du traitement habituel (voir <a href=\"http:\/\/arnaudom.fr\/iris.php\">Traitement des images<\/a>) et est obtenue \u00e0 la fin de la seconde partie du traitement, apr\u00e8s avoir pr\u00e9trait\u00e9, align\u00e9 et additionn\u00e9 les images brutes de l&rsquo;objet (mais donc avant d&rsquo;\u00eatre pass\u00e9 \u00e0 la troisi\u00e8me partie, le traitement final).<\/p><div class=\"centre\"><img decoding=\"async\" class=\"aligncenter\" src=\"http:\/\/www.arnaudom.fr\/Img\/reflex18001.jpg\" alt=\"Iris\" \/><\/div><p>Comme on le voit, la pollution est s\u00e9v\u00e8re : non seulement le fond du ciel est orang\u00e9, mais en plus il n&rsquo;est pas d\u00e9grad\u00e9 de mani\u00e8re uniforme (le ciel est plus pollu\u00e9 \u00e0 gauche qu&rsquo;\u00e0 droite), ce qui en complique encore le traitement.<\/p><p>De plus, dans un traitement \u00ab\u00a0classique\u00a0\u00bb avec Iris, on va la plupart du temps utiliser la fonction <strong><span class=\"gras\">R\u00e9haussement de la dynamique<\/span><\/strong>, qui permet de faire ressortir des d\u00e9tails sur les images du ciel profond, mais cette fonction va du coup accentuer en m\u00eame temps la coloration du fond du ciel. Pour ne rien arranger, sur les amas globulaires, j&rsquo;utilise souvent cette fonction deux fois de suite &#8230;<\/p><p>Enfin, il y a \u00e0 gauche et en haut deux bandes noires (une verticale et une horizontale donc) qui r\u00e9sultent de l&rsquo;alignement des images. On va donc commencer par les retirer.<\/p><p><strong><span class=\"gras\">Remarque :<\/span><\/strong> il est vrai qu&rsquo;en utilisant un grand capteur comme celui d&rsquo;un APN, notamment pour capturer des objets relativement peu \u00e9tendus comme des amas globulaires, on peut s&rsquo;en sortir en ne gardant que la petite partie de l&rsquo;image qui contient l&rsquo;objet (si bien entendu cette partie en question \u00e9chappe \u00e0 la pollution lumineuse !).<\/p>\t\t\t\t\t<\/div>\n\t\t\t\t\t\t<\/div>\n\t\t\t\t<\/div>\n\t\t\t\t<div class=\"elementor-element elementor-element-e37aac9 elementor-widget elementor-widget-heading\" data-id=\"e37aac9\" data-element_type=\"widget\" data-widget_type=\"heading.default\">\n\t\t\t\t<div class=\"elementor-widget-container\">\n\t\t\t<h2 class=\"elementor-heading-title elementor-size-default\">Retrait des bandes noires issues de l'alignement<\/h2>\t\t<\/div>\n\t\t\t\t<\/div>\n\t\t\t\t<div class=\"elementor-element elementor-element-d51611f elementor-widget elementor-widget-text-editor\" data-id=\"d51611f\" data-element_type=\"widget\" data-widget_type=\"text-editor.default\">\n\t\t\t\t<div class=\"elementor-widget-container\">\n\t\t\t\t\t\t\t\t<div class=\"elementor-text-editor elementor-clearfix\">\n\t\t\t\t<p>On va donc commencer par retirer les bordures ind\u00e9sirables. Rien de plus simple : il faut d&rsquo;abord s&rsquo;assurer que l&rsquo;image est affich\u00e9e \u00e0 sa taille r\u00e9elle.<\/p><p>Pour cela, si besoin on clique sur le bouton <strong><span class=\"gras\">Zoom x1<\/span><\/strong> <span class=\"milieu5\"><img decoding=\"async\" src=\"http:\/\/www.arnaudom.fr\/Img\/reflex18002.jpg\" alt=\"Iris\" \/><\/span>.<\/p><p>Ensuite, on tape la commande <strong><span class=\"gras\">Win<\/span><\/strong> dans la console d&rsquo;IRIS <span class=\"milieu6\"><img decoding=\"async\" src=\"http:\/\/www.arnaudom.fr\/Img\/reflex18003.jpg\" alt=\"Iris\" \/><\/span>.<\/p><p>Il s&rsquo;agit de d\u00e9limiter la zone rectangulaire de l&rsquo;image que l&rsquo;on veut garder, en cliquant sur deux points qui vont repr\u00e9senter deux sommets oppos\u00e9s de ce rectangle (par exemple sur un point en haut \u00e0 gauche et un autre en bas \u00e0 droite).<\/p><div class=\"centre\"><img decoding=\"async\" class=\"aligncenter\" src=\"http:\/\/www.arnaudom.fr\/Img\/reflex18004.jpg\" alt=\"Iris\" \/><\/div><p>Voil\u00e0 un premier probl\u00e8me de r\u00e9solu ! Ne pas oublier de sauvegarder cette image sur laquelle on va maintenant travailler. Dans la suite, je l&rsquo;appellerai mon<strong> <span class=\"gras\">image de travail<\/span><\/strong>.<\/p><p>A partir de maintenant, selon le type d&rsquo;images que l&rsquo;on a, il y a diff\u00e9rentes m\u00e9thodes qui peuvent marcher pour supprimer (ou au moins r\u00e9duire) la pollution lumineuse. A ce stade il n&rsquo;y a pas de m\u00e9thode miracle qui fonctionnera \u00e0 tous les coups, il faudra donc faire des essais ou panacher diff\u00e9rentes m\u00e9thodes.<\/p>\t\t\t\t\t<\/div>\n\t\t\t\t\t\t<\/div>\n\t\t\t\t<\/div>\n\t\t\t\t<div class=\"elementor-element elementor-element-40070a4 elementor-widget elementor-widget-heading\" data-id=\"40070a4\" data-element_type=\"widget\" data-widget_type=\"heading.default\">\n\t\t\t\t<div class=\"elementor-widget-container\">\n\t\t\t<h2 class=\"elementor-heading-title elementor-size-default\">M\u00e9thode (1) : utilisation de la fonction Black<\/h2>\t\t<\/div>\n\t\t\t\t<\/div>\n\t\t\t\t<div class=\"elementor-element elementor-element-724c192 elementor-widget elementor-widget-text-editor\" data-id=\"724c192\" data-element_type=\"widget\" data-widget_type=\"text-editor.default\">\n\t\t\t\t<div class=\"elementor-widget-container\">\n\t\t\t\t\t\t\t\t<div class=\"elementor-text-editor elementor-clearfix\">\n\t\t\t\t<div class=\"centre\"><p>A partir de notre <span class=\"gras\"><strong>image de travai<\/strong>l<\/span>, on va faire un petit rectangle \u00e0 la souris dans une zone de l&rsquo;image cens\u00e9e \u00eatre noire.<\/p><div class=\"centre\"><img decoding=\"async\" class=\"aligncenter\" src=\"http:\/\/www.arnaudom.fr\/Img\/reflex18005.jpg\" alt=\"Iris\" \/><\/div><p>\u00a0<\/p><p>On tape alors la fonction <strong><span class=\"gras\">Black<\/span><\/strong> dans la console d&rsquo;IRIS <span class=\"milieu6\"><img decoding=\"async\" src=\"http:\/\/www.arnaudom.fr\/Img\/reflex18006.jpg\" alt=\"Iris\" \/><\/span>.<\/p><p>Cette fonction ajuste le fond de ciel \u00e0 z\u00e9ro sur une image couleur. Cliquons sur le bouton<strong> <span class=\"gras\">Auto<\/span><\/strong> des seuils de visualisation : on obtient une image avec un fond de ciel gris, la pollution lumineuse a en grande partie disparu.<\/p><div class=\"centre\"><img decoding=\"async\" class=\"aligncenter\" src=\"http:\/\/www.arnaudom.fr\/Img\/reflex18007.jpg\" alt=\"Iris\" \/><\/div><p>\u00a0<\/p><p>Le fond de ciel reste cependant peu uniforme&#8230;<\/p><p>Le probl\u00e8me est \u00e9galement que l&rsquo;image de mon amas est satur\u00e9e. Donc j&rsquo;essaie de diminuer le seuil <strong><span class=\"gras\">Haut<\/span><\/strong>, et je m&rsquo;aper\u00e7ois que mon amas (ainsi que les \u00e9toiles du ciel) s&rsquo;\u00e9teignent presque compl\u00e8tement&#8230; On va donc appliquer la fonction <strong><span class=\"gras\">R\u00e9haussement de la dynamique (DDP)<\/span><\/strong> du menu <strong><span class=\"gras\">Visualisation<\/span><\/strong>, en poussant le curseur <strong><span class=\"gras\">Intensit\u00e9<\/span><\/strong> au maximum (puis <strong><span class=\"gras\">OK<\/span><\/strong>). Comme je le disais plus haut, je l&rsquo;applique de la m\u00eame fa\u00e7on une deuxi\u00e8me fois, et enfin j&rsquo;abaisse le seuil <strong><span class=\"gras\">Haut<\/span><\/strong>, voici l&rsquo;image obtenue :<\/p><div class=\"centre\"><img decoding=\"async\" class=\"aligncenter\" src=\"http:\/\/www.arnaudom.fr\/Img\/reflex18008.jpg\" alt=\"Iris\" \/><\/div><p>Le r\u00e9sultat semble correct, cependant sur l&rsquo;image il reste une zone de ciel l\u00e9g\u00e8rement plus lumineuse \u00e0 gauche, ce qui n&rsquo;est donc pas tr\u00e8s satisfaisant, surtout si on veut garder l&rsquo;ensemble de l&rsquo;image. Cette m\u00e9thode peut cependant bien fonctionner dans d&rsquo;autres cas.<\/p><\/div>\t\t\t\t\t<\/div>\n\t\t\t\t\t\t<\/div>\n\t\t\t\t<\/div>\n\t\t\t\t<div class=\"elementor-element elementor-element-5356b99 elementor-widget elementor-widget-heading\" data-id=\"5356b99\" data-element_type=\"widget\" data-widget_type=\"heading.default\">\n\t\t\t\t<div class=\"elementor-widget-container\">\n\t\t\t<h2 class=\"elementor-heading-title elementor-size-default\">M\u00e9thode (2) : retrait du gradient automatique<\/h2>\t\t<\/div>\n\t\t\t\t<\/div>\n\t\t\t\t<div class=\"elementor-element elementor-element-754be58 elementor-widget elementor-widget-text-editor\" data-id=\"754be58\" data-element_type=\"widget\" data-widget_type=\"text-editor.default\">\n\t\t\t\t<div class=\"elementor-widget-container\">\n\t\t\t\t\t\t\t\t<div class=\"elementor-text-editor elementor-clearfix\">\n\t\t\t\t<p>Cette fonction est bien connue des utilisateurs habituels d&rsquo;IRIS, et elle est \u00e9galement tr\u00e8s simple \u00e0 mettre en oeuvre puisqu&rsquo;un clic suffit. Je repars donc de mon image de travail et \u00e0 partir de l\u00e0 on va simplement dans le menu <strong><span class=\"gras\">Traitement<\/span><\/strong> et on clique sur <strong><span class=\"gras\">Retrait du gradient (estimateur polynomial)&#8230;<\/span><\/strong> : la fen\u00eatre suivante appara\u00eet.<\/p><div class=\"centre\"><img decoding=\"async\" class=\"aligncenter\" src=\"http:\/\/www.arnaudom.fr\/Img\/reflex18009.jpg\" alt=\"Iris\" \/><\/div><p>Dans un premier temps, on laisse tous les param\u00e8tres coch\u00e9s par d\u00e9faut et on clique simplement sur <strong><span class=\"gras\">OK<\/span><\/strong>. Ensuite, on clique sur <strong><span class=\"gras\">Auto<\/span><\/strong> : comme pr\u00e9c\u00e9demment, le fond du ciel est maintenant plut\u00f4t gris et l&rsquo;amas est satur\u00e9.<\/p><p>De m\u00eame, je vais appliquer deux fois suite ma fonction de <strong><span class=\"gras\">R\u00e9haussement de la dynamique<\/span><\/strong>, toujours sans trop m&#8217;emb\u00eater : je pousse le curseur <strong><span class=\"gras\">Intensit\u00e9<\/span><\/strong> \u00e0 fond et je clique sur <strong><span class=\"gras\">OK<\/span><\/strong>. Enfin, je joue avec les seuils de l&rsquo;image.<\/p><div class=\"centre\"><img decoding=\"async\" class=\"aligncenter\" src=\"http:\/\/www.arnaudom.fr\/Img\/reflex18010.jpg\" alt=\"Iris\" \/><\/div><p>L&rsquo;image obtenue est cette fois bien d\u00e9barrass\u00e9e de toute pollution lumineuse. Le r\u00e9sultat est bien meilleure qu&rsquo;avec la fonction black, l&rsquo;amas ressort bien, montre des d\u00e9tails tandis que le fond du <strong>ciel reste noir.<\/strong><\/p><p><strong><span class=\"gras\">Remarques :<\/span><\/strong><br \/>&#8211; il peut \u00eatre parfois utile d&rsquo;effectuer deux fois de suite le retrait du gradient, une fois avec les param\u00e8tre coch\u00e9s par d\u00e9faut (ce qui a pour effet d&rsquo;uniformiser le fond du ciel), puis une seconde fois en cochant les param\u00e8tres <strong><span class=\"gras\">Haut<\/span><\/strong><br \/>&#8211; dans mon illustration j&rsquo;utilise deux fois de suite la fonction <strong><span class=\"gras\">Rehaussement de la dynamique<\/span><\/strong> car je trouve que cela fonctionne bien sur les amas globulaires, mais avec d&rsquo;autres objets une seule utilisation de cette fonction suffit la plupart du temps.<\/p><p>Alors maintenant, si les deux m\u00e9thodes pr\u00e9c\u00e9dentes n&rsquo;ont pas donn\u00e9 les r\u00e9sultats escompt\u00e9s, voici une troisi\u00e8me m\u00e9thode plus sophistiqu\u00e9e sur la page suivante &#8230;<\/p>\t\t\t\t\t<\/div>\n\t\t\t\t\t\t<\/div>\n\t\t\t\t<\/div>\n\t\t\t\t<div class=\"elementor-element elementor-element-c8c842a elementor-align-center elementor-widget elementor-widget-button\" data-id=\"c8c842a\" data-element_type=\"widget\" data-widget_type=\"button.default\">\n\t\t\t\t<div class=\"elementor-widget-container\">\n\t\t\t\t\t<div class=\"elementor-button-wrapper\">\n\t\t\t<a href=\"http:\/\/www.arnaudom.fr\/wordpress\/pollutionsuite\" class=\"elementor-button-link elementor-button elementor-size-sm\" role=\"button\">\n\t\t\t\t\t\t<span class=\"elementor-button-content-wrapper\">\n\t\t\t\t\t\t\t<span class=\"elementor-button-icon elementor-align-icon-right\">\n\t\t\t\t<i aria-hidden=\"true\" class=\"fas fa-arrow-right\"><\/i>\t\t\t<\/span>\n\t\t\t\t\t\t<span class=\"elementor-button-text\">Suite<\/span>\n\t\t<\/span>\n\t\t\t\t\t<\/a>\n\t\t<\/div>\n\t\t\t\t<\/div>\n\t\t\t\t<\/div>\n\t\t\t\t\t\t<\/div>\n\t\t\t\t\t<\/div>\n\t\t<\/div>\n\t\t\t\t\t\t\t\t<\/div>\n\t\t\t\t\t<\/div>\n\t\t<\/section>\n\t\t\t\t<section class=\"elementor-section elementor-top-section elementor-element elementor-element-4fcd7ee elementor-section-boxed elementor-section-height-default elementor-section-height-default\" data-id=\"4fcd7ee\" data-element_type=\"section\">\n\t\t\t\t\t\t<div class=\"elementor-container elementor-column-gap-default\">\n\t\t\t\t\t\t\t<div class=\"elementor-row\">\n\t\t\t\t\t<div class=\"elementor-column elementor-col-100 elementor-top-column elementor-element elementor-element-28a979a\" data-id=\"28a979a\" data-element_type=\"column\">\n\t\t\t<div class=\"elementor-column-wrap\">\n\t\t\t\t\t\t\t<div class=\"elementor-widget-wrap\">\n\t\t\t\t\t\t\t\t<\/div>\n\t\t\t\t\t<\/div>\n\t\t<\/div>\n\t\t\t\t\t\t\t\t<\/div>\n\t\t\t\t\t<\/div>\n\t\t<\/section>\n\t\t\t\t\t\t\t\t\t<\/div>\n\t\t\t<\/div>\n\t\t\t\t\t<\/div>\n\t\t","protected":false},"excerpt":{"rendered":"<p>Traitement de la pollution lumineuse avec Iris Ecrit le 29\/09\/12. Traitement de la pollution lumineuse par l&rsquo;exemple Malheureusement, avec l&rsquo;omnipr\u00e9sence de lumi\u00e8re \u00e0 toute heure du jour et de la nuit dans nos villes et nos campagnes (et nos montagnes !), il est de plus en plus difficile d&rsquo;\u00e9chapper \u00e0 la pr\u00e9sence de pollution lumineuse &hellip;<\/p>\n<p class=\"read-more\"> <a class=\"\" href=\"https:\/\/www.arnaudom.fr\/wordpress\/pollution\/\"> <span class=\"screen-reader-text\">pollution<\/span> Lire la suite\u00a0\u00bb<\/a><\/p>\n","protected":false},"author":1,"featured_media":0,"parent":0,"menu_order":0,"comment_status":"closed","ping_status":"closed","template":"","meta":{"site-sidebar-layout":"default","site-content-layout":"default","ast-site-content-layout":"","site-content-style":"default","site-sidebar-style":"default","ast-global-header-display":"","ast-banner-title-visibility":"","ast-main-header-display":"","ast-hfb-above-header-display":"","ast-hfb-below-header-display":"","ast-hfb-mobile-header-display":"","site-post-title":"disabled","ast-breadcrumbs-content":"","ast-featured-img":"","footer-sml-layout":"","theme-transparent-header-meta":"default","adv-header-id-meta":"","stick-header-meta":"","header-above-stick-meta":"","header-main-stick-meta":"","header-below-stick-meta":"","astra-migrate-meta-layouts":"","ast-page-background-enabled":"default","ast-page-background-meta":{"desktop":{"background-color":"","background-image":"","background-repeat":"repeat","background-position":"center center","background-size":"auto","background-attachment":"scroll","background-type":"","background-media":"","overlay-type":"","overlay-color":"","overlay-gradient":""},"tablet":{"background-color":"","background-image":"","background-repeat":"repeat","background-position":"center center","background-size":"auto","background-attachment":"scroll","background-type":"","background-media":"","overlay-type":"","overlay-color":"","overlay-gradient":""},"mobile":{"background-color":"","background-image":"","background-repeat":"repeat","background-position":"center center","background-size":"auto","background-attachment":"scroll","background-type":"","background-media":"","overlay-type":"","overlay-color":"","overlay-gradient":""}},"ast-content-background-meta":{"desktop":{"background-color":"var(--ast-global-color-5)","background-image":"","background-repeat":"repeat","background-position":"center center","background-size":"auto","background-attachment":"scroll","background-type":"","background-media":"","overlay-type":"","overlay-color":"","overlay-gradient":""},"tablet":{"background-color":"var(--ast-global-color-5)","background-image":"","background-repeat":"repeat","background-position":"center center","background-size":"auto","background-attachment":"scroll","background-type":"","background-media":"","overlay-type":"","overlay-color":"","overlay-gradient":""},"mobile":{"background-color":"var(--ast-global-color-5)","background-image":"","background-repeat":"repeat","background-position":"center center","background-size":"auto","background-attachment":"scroll","background-type":"","background-media":"","overlay-type":"","overlay-color":"","overlay-gradient":""}},"footnotes":""},"class_list":["post-6476","page","type-page","status-publish","hentry"],"_links":{"self":[{"href":"https:\/\/www.arnaudom.fr\/wordpress\/wp-json\/wp\/v2\/pages\/6476","targetHints":{"allow":["GET"]}}],"collection":[{"href":"https:\/\/www.arnaudom.fr\/wordpress\/wp-json\/wp\/v2\/pages"}],"about":[{"href":"https:\/\/www.arnaudom.fr\/wordpress\/wp-json\/wp\/v2\/types\/page"}],"author":[{"embeddable":true,"href":"https:\/\/www.arnaudom.fr\/wordpress\/wp-json\/wp\/v2\/users\/1"}],"replies":[{"embeddable":true,"href":"https:\/\/www.arnaudom.fr\/wordpress\/wp-json\/wp\/v2\/comments?post=6476"}],"version-history":[{"count":5,"href":"https:\/\/www.arnaudom.fr\/wordpress\/wp-json\/wp\/v2\/pages\/6476\/revisions"}],"predecessor-version":[{"id":6482,"href":"https:\/\/www.arnaudom.fr\/wordpress\/wp-json\/wp\/v2\/pages\/6476\/revisions\/6482"}],"wp:attachment":[{"href":"https:\/\/www.arnaudom.fr\/wordpress\/wp-json\/wp\/v2\/media?parent=6476"}],"curies":[{"name":"wp","href":"https:\/\/api.w.org\/{rel}","templated":true}]}}