{"id":6433,"date":"2020-09-15T08:37:15","date_gmt":"2020-09-15T06:37:15","guid":{"rendered":"http:\/\/www.arnaudom.fr\/wordpress\/?page_id=6433"},"modified":"2020-09-15T08:48:49","modified_gmt":"2020-09-15T06:48:49","slug":"traitiris","status":"publish","type":"page","link":"https:\/\/www.arnaudom.fr\/wordpress\/traitiris\/","title":{"rendered":"traitiris"},"content":{"rendered":"\t\t<div data-elementor-type=\"wp-page\" data-elementor-id=\"6433\" class=\"elementor elementor-6433\">\n\t\t\t\t\t\t<div class=\"elementor-inner\">\n\t\t\t\t<div class=\"elementor-section-wrap\">\n\t\t\t\t\t\t\t\t\t<section class=\"elementor-section elementor-top-section elementor-element elementor-element-68d6a5a elementor-section-boxed elementor-section-height-default elementor-section-height-default\" data-id=\"68d6a5a\" data-element_type=\"section\">\n\t\t\t\t\t\t<div class=\"elementor-container elementor-column-gap-default\">\n\t\t\t\t\t\t\t<div class=\"elementor-row\">\n\t\t\t\t\t<div class=\"elementor-column elementor-col-100 elementor-top-column elementor-element elementor-element-07c3685\" data-id=\"07c3685\" data-element_type=\"column\" data-settings=\"{&quot;background_background&quot;:&quot;classic&quot;}\">\n\t\t\t<div class=\"elementor-column-wrap elementor-element-populated\">\n\t\t\t\t\t\t\t<div class=\"elementor-widget-wrap\">\n\t\t\t\t\t\t<div class=\"elementor-element elementor-element-ba15293 elementor-widget elementor-widget-heading\" data-id=\"ba15293\" data-element_type=\"widget\" data-widget_type=\"heading.default\">\n\t\t\t\t<div class=\"elementor-widget-container\">\n\t\t\t<h1 class=\"elementor-heading-title elementor-size-default\">Images avec un reflex num\u00e9rique<\/h1>\t\t<\/div>\n\t\t\t\t<\/div>\n\t\t\t\t<div class=\"elementor-element elementor-element-ff62afe elementor-widget elementor-widget-heading\" data-id=\"ff62afe\" data-element_type=\"widget\" data-widget_type=\"heading.default\">\n\t\t\t\t<div class=\"elementor-widget-container\">\n\t\t\t<h2 class=\"elementor-heading-title elementor-size-default\">Traitement des images (5\/5)<\/h2>\t\t<\/div>\n\t\t\t\t<\/div>\n\t\t\t\t<div class=\"elementor-element elementor-element-acd7ed4 elementor-widget elementor-widget-text-editor\" data-id=\"acd7ed4\" data-element_type=\"widget\" data-widget_type=\"text-editor.default\">\n\t\t\t\t<div class=\"elementor-widget-container\">\n\t\t\t\t\t\t\t\t<div class=\"elementor-text-editor elementor-clearfix\">\n\t\t\t\t<p class=\"col4 gras taille1 ita\"><span style=\"color: #ff0000;\"><strong>TROISIEME PARTIE : TRAITEMENT FINAL.<\/strong><\/span><\/p><h5 class=\"gras taille1\"><strong>Traitement avec utilisation de la fonction Retrait du gradient :<br \/><\/strong><\/h5><p>je vais utiliser cette fois l&rsquo;image obtenue \u00e0 partir de l&rsquo;addition avec R\u00e9jection Min-Max.<\/p><div class=\"centre\"><img decoding=\"async\" class=\"aligncenter\" src=\"http:\/\/www.arnaudom.fr\/Img\/tapn48.jpg\" alt=\"Iris\" \/><\/div><p>Il semble qu&rsquo;il y ait beaucoup de d\u00e9tails pr\u00e9sents sur l&rsquo;image, mais le fond du ciel est tr\u00e8s lumineux, il va falloir corriger cela.<\/p><p>Comme dans la premi\u00e8re m\u00e9thode, on commence par corriger la balance des couleurs \u00e0 l&rsquo;aide du menu <strong><span class=\"gras\">Photo Num\u00e9rique<\/span><\/strong>, puis <strong><span class=\"gras\">Balance RGB&#8230;<\/span><\/strong>, on rentre les coefficients et on clique sur <span class=\"gras\">OK<\/span>.<\/p><div class=\"centre\"><img decoding=\"async\" class=\"aligncenter\" src=\"http:\/\/www.arnaudom.fr\/Img\/tapn18.jpg\" alt=\"Iris\" \/><\/div><p>La balance des couleurs est maintenant corrig\u00e9e, mais le ciel reste bien rouge et lumineux.<\/p><div class=\"centre\"><img decoding=\"async\" class=\"aligncenter\" src=\"http:\/\/www.arnaudom.fr\/Img\/tapn49.jpg\" alt=\"Iris\" \/><\/div><p>On va retirer ce fond de ciel rouge. Pour cela, il faut commencer par utiliser la fonction <strong><span class=\"gras\">win<\/span><\/strong> sur l&rsquo;image (voir m\u00e9thode pr\u00e9c\u00e9dente) pour ne garder de l&rsquo;image qu&rsquo;un zone rectangulaire avec un fond de ciel uniforme (mais rouge ici&#8230;), le but \u00e9tant de supprimer les artefacts de traitements comme les bandes noires qui apparaissent sur les bords apr\u00e8s l&#8217;empilement des images brutes.<br \/>On va ensuite dans le menu <strong><span class=\"gras\">Traitement<\/span><\/strong>, on clique sur <strong><span class=\"gras\">Retrait du gradient (estimateur polynomial)&#8230;<\/span> <\/strong>et on clique sur <strong><span class=\"gras\">OK<\/span><\/strong> (on ne touche pas aux param\u00e8tres de base).<\/p><div class=\"centre\"><img decoding=\"async\" class=\"aligncenter\" src=\"http:\/\/www.arnaudom.fr\/Img\/tapn50.jpg\" alt=\"Iris\" \/><\/div><p>Le fond de ciel rouge a bien disparu. Cependant l&rsquo;image est encore tr\u00e8s lumineuse. Cliquons simplement sur le bouton <strong><span class=\"gras\">Auto<\/span><\/strong> de la bo\u00eete des <strong><span class=\"gras\">Seuils de visualisation<\/span><\/strong> :<\/p><div class=\"centre\"><img decoding=\"async\" class=\"aligncenter\" src=\"http:\/\/www.arnaudom.fr\/Img\/tapn51.jpg\" alt=\"Iris\" \/><\/div><p>Voil\u00e0 enfin notre amas M37 qui appara\u00eet dans un ciel beaucoup plus sombre et uniforme. Bien entendu, rien n&#8217;emp\u00eache apr\u00e8s de jouer avec les r\u00e9glages des <strong><span class=\"gras\">Seuils de visualisation<\/span><\/strong> pour modifier la luminosit\u00e9 g\u00e9n\u00e9rale de l&rsquo;image, c&rsquo;est l\u00e0 que la subjectivit\u00e9 de chacun intervient. On peut ainsi redonner au ciel un aspect un peu moins sombre. Question de go\u00fbt !<\/p>\t\t\t\t\t<\/div>\n\t\t\t\t\t\t<\/div>\n\t\t\t\t<\/div>\n\t\t\t\t<div class=\"elementor-element elementor-element-8b7d771 elementor-widget elementor-widget-text-editor\" data-id=\"8b7d771\" data-element_type=\"widget\" data-widget_type=\"text-editor.default\">\n\t\t\t\t<div class=\"elementor-widget-container\">\n\t\t\t\t\t\t\t\t<div class=\"elementor-text-editor elementor-clearfix\">\n\t\t\t\t<h5 class=\"gras taille1\"><strong>Utilisation de la fonction R\u00e9haussement des couleurs :<br \/><\/strong><\/h5><p>une petite illustration de la fonction <strong><span class=\"gras\">R\u00e9haussement des couleurs<\/span><\/strong> d&rsquo;IRIS, qui peut avoir un certain int\u00e9r\u00eat esth\u00e9tique et\/ou scientifique (en toute modestie bien s\u00fbr&#8230;). Voil\u00e0 une image finale de M37 apr\u00e8s avoir appliqu\u00e9 le traitement de la m\u00e9thode classique :<\/p><div class=\"centre\"><img decoding=\"async\" class=\"aligncenter\" src=\"http:\/\/www.arnaudom.fr\/Img\/tapn52.jpg\" alt=\"Iris\" \/><\/div><p>On va dans le menu <strong><span class=\"gras\">Visualisation<\/span><\/strong> et on clique sur <strong><span class=\"gras\">R\u00e9haussement des couleurs &#8230;<\/span><\/strong> pour afficher la bo\u00eete suivante :<\/p><div class=\"centre\"><img decoding=\"async\" class=\"aligncenter\" src=\"http:\/\/www.arnaudom.fr\/Img\/tapn53.jpg\" alt=\"Iris\" \/><\/div><p>Il s&rsquo;agit ensuite de jouer avec les curseurs <strong><span class=\"gras\">Force<\/span><\/strong> et <strong><span class=\"gras\">Intensit\u00e9<\/span><\/strong>, l\u00e0 encore il ne faut pas h\u00e9siter \u00e0 faire des essais. Ici, le curseur <strong><span class=\"gras\">Force<\/span><\/strong> est mis \u00e0 0,0063 et <strong><span class=\"gras\">Intensit\u00e9<\/span><\/strong> au maximum, \u00e0 5. Et voil\u00e0 le r\u00e9sultat :<\/p><div class=\"centre\"><img decoding=\"async\" class=\"aligncenter\" src=\"http:\/\/www.arnaudom.fr\/Img\/tapn54.jpg\" alt=\"Iris\" \/><\/div><p>Ainsi, la fonction fait ressortir les diff\u00e9rences de couleur entre les diff\u00e9rentes \u00e9toiles qui composent l&rsquo;amas.<\/p><p><span class=\"gras\"><strong>Info pour les matheux<\/strong> <span class=\"milieu2\"> <img decoding=\"async\" src=\"http:\/\/arnaudom.fr\/Img\/smclin.gif\" alt=\"clin d'oeil\" \/><\/span> :<\/span> en fait l&rsquo;image est recod\u00e9e par une fonction asinh (arc sinus hyperbolique <span class=\"milieu2\"> <img decoding=\"async\" src=\"http:\/\/arnaudom.fr\/Img\/smoh.gif\" alt=\"clin d'oeil\" \/><\/span> ) qui produit cet effet sur les images en vraies couleurs du ciel profond (dixit le site d&rsquo;IRIS <span class=\"milieu2\"> <img decoding=\"async\" src=\"http:\/\/arnaudom.fr\/Img\/smrire.gif\" alt=\"clin d'oeil\" \/><\/span> &#8230;).<\/p><p>Comme je le disais plus haut, l&rsquo;int\u00e9r\u00eat d&rsquo;un telle manipulation peut \u00eatre purement esth\u00e9tique (personnellement l&rsquo;effet obtenu me pla\u00eet assez&#8230;).<br \/>Mais l&rsquo;int\u00e9r\u00eat est \u00e9galement scientifique dans le sens o\u00f9 l&rsquo;on met en \u00e9vidence le fait que l&rsquo;amas est compos\u00e9 de deux populations d&rsquo;\u00e9toiles diff\u00e9rentes, des \u00e9toiles bleut\u00e9es (et donc plut\u00f4t chaudes, signe de \u00ab\u00a0jeunesse\u00a0\u00bb de l&rsquo;\u00e9toile) et des \u00e9toiles orang\u00e9es (plut\u00f4t froides, indice d&rsquo;un \u00e2ge plus avanc\u00e9&#8230;).<br \/>Bref, c&rsquo;est donc une fonction int\u00e9ressante \u00e0 tester sur vos images !<\/p><p class=\"gras centre\" style=\"text-align: center;\"><strong>C&rsquo;est fini ! Normalement vous avez maintenant les bases pour traiter vos images, j&rsquo;esp\u00e8re que ces pages vous seront utiles et comme d&rsquo;habitude, maintenant, y&rsquo;a plus qu&rsquo;\u00e0 &#8230;<\/strong><\/p><p>\u00a0<\/p>\t\t\t\t\t<\/div>\n\t\t\t\t\t\t<\/div>\n\t\t\t\t<\/div>\n\t\t\t\t<div class=\"elementor-element elementor-element-1efb4ff elementor-align-center elementor-widget elementor-widget-button\" data-id=\"1efb4ff\" data-element_type=\"widget\" data-widget_type=\"button.default\">\n\t\t\t\t<div class=\"elementor-widget-container\">\n\t\t\t\t\t<div class=\"elementor-button-wrapper\">\n\t\t\t<a href=\"http:\/\/www.arnaudom.fr\/wordpress\/finiris\" class=\"elementor-button-link elementor-button elementor-size-sm\" role=\"button\">\n\t\t\t\t\t\t<span class=\"elementor-button-content-wrapper\">\n\t\t\t\t\t\t\t<span class=\"elementor-button-icon elementor-align-icon-left\">\n\t\t\t\t<i aria-hidden=\"true\" class=\"fas fa-arrow-left\"><\/i>\t\t\t<\/span>\n\t\t\t\t\t\t<span class=\"elementor-button-text\">Retour \u00e0 la page pr\u00e9c\u00e9dente<\/span>\n\t\t<\/span>\n\t\t\t\t\t<\/a>\n\t\t<\/div>\n\t\t\t\t<\/div>\n\t\t\t\t<\/div>\n\t\t\t\t\t\t<\/div>\n\t\t\t\t\t<\/div>\n\t\t<\/div>\n\t\t\t\t\t\t\t\t<\/div>\n\t\t\t\t\t<\/div>\n\t\t<\/section>\n\t\t\t\t<section class=\"elementor-section elementor-top-section elementor-element elementor-element-176436b elementor-section-boxed elementor-section-height-default elementor-section-height-default\" data-id=\"176436b\" data-element_type=\"section\">\n\t\t\t\t\t\t<div class=\"elementor-container elementor-column-gap-default\">\n\t\t\t\t\t\t\t<div class=\"elementor-row\">\n\t\t\t\t\t<div class=\"elementor-column elementor-col-100 elementor-top-column elementor-element elementor-element-ba381ac\" data-id=\"ba381ac\" data-element_type=\"column\">\n\t\t\t<div class=\"elementor-column-wrap\">\n\t\t\t\t\t\t\t<div class=\"elementor-widget-wrap\">\n\t\t\t\t\t\t\t\t<\/div>\n\t\t\t\t\t<\/div>\n\t\t<\/div>\n\t\t\t\t\t\t\t\t<\/div>\n\t\t\t\t\t<\/div>\n\t\t<\/section>\n\t\t\t\t\t\t\t\t\t<\/div>\n\t\t\t<\/div>\n\t\t\t\t\t<\/div>\n\t\t","protected":false},"excerpt":{"rendered":"<p>Images avec un reflex num\u00e9rique Traitement des images (5\/5) TROISIEME PARTIE : TRAITEMENT FINAL. Traitement avec utilisation de la fonction Retrait du gradient : je vais utiliser cette fois l&rsquo;image obtenue \u00e0 partir de l&rsquo;addition avec R\u00e9jection Min-Max. Il semble qu&rsquo;il y ait beaucoup de d\u00e9tails pr\u00e9sents sur l&rsquo;image, mais le fond du ciel est &hellip;<\/p>\n<p class=\"read-more\"> <a class=\"\" href=\"https:\/\/www.arnaudom.fr\/wordpress\/traitiris\/\"> <span class=\"screen-reader-text\">traitiris<\/span> Lire la suite\u00a0\u00bb<\/a><\/p>\n","protected":false},"author":1,"featured_media":0,"parent":0,"menu_order":0,"comment_status":"closed","ping_status":"closed","template":"","meta":{"site-sidebar-layout":"default","site-content-layout":"default","ast-site-content-layout":"","site-content-style":"default","site-sidebar-style":"default","ast-global-header-display":"","ast-banner-title-visibility":"","ast-main-header-display":"","ast-hfb-above-header-display":"","ast-hfb-below-header-display":"","ast-hfb-mobile-header-display":"","site-post-title":"disabled","ast-breadcrumbs-content":"","ast-featured-img":"","footer-sml-layout":"","theme-transparent-header-meta":"default","adv-header-id-meta":"","stick-header-meta":"","header-above-stick-meta":"","header-main-stick-meta":"","header-below-stick-meta":"","astra-migrate-meta-layouts":"","ast-page-background-enabled":"default","ast-page-background-meta":{"desktop":{"background-color":"","background-image":"","background-repeat":"repeat","background-position":"center center","background-size":"auto","background-attachment":"scroll","background-type":"","background-media":"","overlay-type":"","overlay-color":"","overlay-gradient":""},"tablet":{"background-color":"","background-image":"","background-repeat":"repeat","background-position":"center center","background-size":"auto","background-attachment":"scroll","background-type":"","background-media":"","overlay-type":"","overlay-color":"","overlay-gradient":""},"mobile":{"background-color":"","background-image":"","background-repeat":"repeat","background-position":"center center","background-size":"auto","background-attachment":"scroll","background-type":"","background-media":"","overlay-type":"","overlay-color":"","overlay-gradient":""}},"ast-content-background-meta":{"desktop":{"background-color":"var(--ast-global-color-5)","background-image":"","background-repeat":"repeat","background-position":"center center","background-size":"auto","background-attachment":"scroll","background-type":"","background-media":"","overlay-type":"","overlay-color":"","overlay-gradient":""},"tablet":{"background-color":"var(--ast-global-color-5)","background-image":"","background-repeat":"repeat","background-position":"center center","background-size":"auto","background-attachment":"scroll","background-type":"","background-media":"","overlay-type":"","overlay-color":"","overlay-gradient":""},"mobile":{"background-color":"var(--ast-global-color-5)","background-image":"","background-repeat":"repeat","background-position":"center center","background-size":"auto","background-attachment":"scroll","background-type":"","background-media":"","overlay-type":"","overlay-color":"","overlay-gradient":""}},"footnotes":""},"class_list":["post-6433","page","type-page","status-publish","hentry"],"_links":{"self":[{"href":"https:\/\/www.arnaudom.fr\/wordpress\/wp-json\/wp\/v2\/pages\/6433","targetHints":{"allow":["GET"]}}],"collection":[{"href":"https:\/\/www.arnaudom.fr\/wordpress\/wp-json\/wp\/v2\/pages"}],"about":[{"href":"https:\/\/www.arnaudom.fr\/wordpress\/wp-json\/wp\/v2\/types\/page"}],"author":[{"embeddable":true,"href":"https:\/\/www.arnaudom.fr\/wordpress\/wp-json\/wp\/v2\/users\/1"}],"replies":[{"embeddable":true,"href":"https:\/\/www.arnaudom.fr\/wordpress\/wp-json\/wp\/v2\/comments?post=6433"}],"version-history":[{"count":6,"href":"https:\/\/www.arnaudom.fr\/wordpress\/wp-json\/wp\/v2\/pages\/6433\/revisions"}],"predecessor-version":[{"id":6440,"href":"https:\/\/www.arnaudom.fr\/wordpress\/wp-json\/wp\/v2\/pages\/6433\/revisions\/6440"}],"wp:attachment":[{"href":"https:\/\/www.arnaudom.fr\/wordpress\/wp-json\/wp\/v2\/media?parent=6433"}],"curies":[{"name":"wp","href":"https:\/\/api.w.org\/{rel}","templated":true}]}}