{"id":6404,"date":"2020-09-12T09:20:40","date_gmt":"2020-09-12T07:20:40","guid":{"rendered":"http:\/\/www.arnaudom.fr\/wordpress\/?page_id=6404"},"modified":"2020-09-12T09:38:49","modified_gmt":"2020-09-12T07:38:49","slug":"finiris","status":"publish","type":"page","link":"https:\/\/www.arnaudom.fr\/wordpress\/finiris\/","title":{"rendered":"finiris"},"content":{"rendered":"\t\t<div data-elementor-type=\"wp-page\" data-elementor-id=\"6404\" class=\"elementor elementor-6404\">\n\t\t\t\t\t\t<div class=\"elementor-inner\">\n\t\t\t\t<div class=\"elementor-section-wrap\">\n\t\t\t\t\t\t\t\t\t<section class=\"elementor-section elementor-top-section elementor-element elementor-element-ee2656a elementor-section-boxed elementor-section-height-default elementor-section-height-default\" data-id=\"ee2656a\" data-element_type=\"section\">\n\t\t\t\t\t\t<div class=\"elementor-container elementor-column-gap-default\">\n\t\t\t\t\t\t\t<div class=\"elementor-row\">\n\t\t\t\t\t<div class=\"elementor-column elementor-col-100 elementor-top-column elementor-element elementor-element-57f634d\" data-id=\"57f634d\" data-element_type=\"column\" data-settings=\"{&quot;background_background&quot;:&quot;classic&quot;}\">\n\t\t\t<div class=\"elementor-column-wrap elementor-element-populated\">\n\t\t\t\t\t\t\t<div class=\"elementor-widget-wrap\">\n\t\t\t\t\t\t<div class=\"elementor-element elementor-element-80d19ee elementor-widget elementor-widget-heading\" data-id=\"80d19ee\" data-element_type=\"widget\" data-widget_type=\"heading.default\">\n\t\t\t\t<div class=\"elementor-widget-container\">\n\t\t\t<h1 class=\"elementor-heading-title elementor-size-default\">Images avec un reflex num\u00e9rique<\/h1>\t\t<\/div>\n\t\t\t\t<\/div>\n\t\t\t\t<div class=\"elementor-element elementor-element-becfa8e elementor-widget elementor-widget-heading\" data-id=\"becfa8e\" data-element_type=\"widget\" data-widget_type=\"heading.default\">\n\t\t\t\t<div class=\"elementor-widget-container\">\n\t\t\t<h2 class=\"elementor-heading-title elementor-size-default\">Traitement des images (4\/5)<\/h2>\t\t<\/div>\n\t\t\t\t<\/div>\n\t\t\t\t<div class=\"elementor-element elementor-element-c6701c7 elementor-widget elementor-widget-text-editor\" data-id=\"c6701c7\" data-element_type=\"widget\" data-widget_type=\"text-editor.default\">\n\t\t\t\t<div class=\"elementor-widget-container\">\n\t\t\t\t\t\t\t\t<div class=\"elementor-text-editor elementor-clearfix\">\n\t\t\t\t<p class=\"col4 gras taille1 ita\"><span style=\"color: #ff0000;\"><strong>TROISIEME PARTIE : TRAITEMENT FINAL.<\/strong><\/span><\/p><p>Le traitement final a pour but de faire ressortir des d\u00e9tails de l&rsquo;image, d&rsquo;en r\u00e9gler les couleurs et le contraste, d&rsquo;am\u00e9liorer le rendu du fond du ciel et de donner une touche esth\u00e9tique satisfaisante \u00e0 la photo finale. Bien entendu, ce qui est esth\u00e9tique pour certains ne l&rsquo;est pas pour d&rsquo;autres, donc le rendu de l&rsquo;image est aussi fonction des go\u00fbts de chacun. D&rsquo;autre part, le but d&rsquo;une image peut aussi \u00eatre d&rsquo;obtenir une information \u00ab\u00a0scientifique\u00a0\u00bb plut\u00f4t qu&rsquo;une belle photo, le traitement ne sera pas alors forc\u00e9ment le m\u00eame dans ce cas-l\u00e0. Il n&rsquo;y a donc pas de m\u00e9thode g\u00e9n\u00e9rale \u00e0 partir de maintenant, mais je vais vous proposer une m\u00e9thode classique de traitement qui permet d&rsquo;obtenir des images satisfaisantes dans la plupart des cas.<\/p><h5 class=\"gras taille1\"><strong>M\u00e9thode classique de traitement :<\/strong><\/h5><p>je vais partir de l&rsquo;image qu&rsquo;on a obtenue en faisant l&rsquo;addition arithm\u00e9tique. La voici :<\/p><div class=\"centre\"><img decoding=\"async\" class=\"aligncenter\" src=\"http:\/\/www.arnaudom.fr\/Img\/tapn43.jpg\" alt=\"Iris\" \/><\/div><p>On va utiliser la fonction <strong><span class=\"gras\">Rehaussement de la dynamique (DDP)&#8230;<\/span><\/strong>, qui se trouve dans le menu <strong><span class=\"gras\">Visualisation<\/span><\/strong>.<\/p><div class=\"centre\"><img decoding=\"async\" class=\"aligncenter\" src=\"http:\/\/www.arnaudom.fr\/Img\/tapn44.jpg\" alt=\"Iris\" \/><\/div><p>Il faut pousser le curseur <strong>Intensit\u00e9<\/strong> vers la droite, ce qui permet de faire ressortir des d\u00e9tails (s&rsquo;il y en a !) sur l&rsquo;image. Faites des essais pour essayer d&rsquo;obtenir un r\u00e9sultat satisfaisant. On voit que le nombre d&rsquo;\u00e9toiles visibles a augment\u00e9 apr\u00e8s \u00e7a.<\/p><div class=\"centre\"><img decoding=\"async\" class=\"aligncenter\" src=\"http:\/\/www.arnaudom.fr\/Img\/tapn45.jpg\" alt=\"Iris\" \/><\/div><p>Comme je le disais auparavant, l&rsquo;image obtenue pr\u00e9sente globalement une teinte un peu verd\u00e2tre. Nous allons essayer d&rsquo;am\u00e9liorer cela, en corrigeant la balance des couleurs de l&rsquo;image. Pour cela, on va dans le menu <strong><span class=\"gras\">Photo Num\u00e9rique<\/span><\/strong>, et on clique sur <strong><span class=\"gras\">Balance RGB&#8230;<\/span><\/strong> Dans la fen\u00eatre qui appara\u00eet, on va remplir les coefficients avec des valeurs qui vont permettre de r\u00e9\u00e9quilibrer les couleurs de l&rsquo;image. Ici je tape 1.930 dans <strong><span class=\"gras\">Coef.R<\/span><\/strong>, 1.000 dans <strong><span class=\"gras\">Coef.G<\/span><\/strong> et 1.230 dans <strong><span class=\"gras\">Coef.B<\/span><\/strong>. Ces valeurs me donnent de bons r\u00e9sultats avec mon APN, mais il faudra peut-\u00eatre les modifier pour obtenir un r\u00e9sultat satisfaisant avec le v\u00f4tre, car elles d\u00e9pendent de chaque appareil photo. On clique sur<strong> <span class=\"gras\">OK<\/span><\/strong>.<\/p><div class=\"centre\"><img decoding=\"async\" class=\"aligncenter\" src=\"http:\/\/www.arnaudom.fr\/Img\/tapn18.jpg\" alt=\"Iris\" \/><\/div><p>L\u00e0 j&rsquo;obtiens la photo suivante, avec des couleurs enfin plus conforme \u00e0 ce qu&rsquo;on \u00e9tait en droit d&rsquo;attendre <span class=\"milieu2\"> <img decoding=\"async\" src=\"http:\/\/arnaudom.fr\/Img\/smclin.gif\" alt=\"clin d'oeil\" \/><\/span> &#8230;<\/p><div class=\"centre\"><img decoding=\"async\" class=\"aligncenter\" src=\"http:\/\/www.arnaudom.fr\/Img\/tapn46.jpg\" alt=\"Iris\" \/><\/div><p>L&rsquo;image obtenue avec le reflex est en fait bien plus grande que celle que l&rsquo;on voit ci-dessus, qui n&rsquo;est en r\u00e9alit\u00e9 qu&rsquo;un aper\u00e7u du centre de l&rsquo;image. Il est pratique de ne conserver que la partie int\u00e9ressante de la photo. De plus la proc\u00e9dure d&rsquo;alignement produit souvent sur l&rsquo;image finale une bande noire sur un ou plusieurs de ses bords, qu&rsquo;il faut \u00e9liminer. Dans Iris, on peut utiliser la fonction<strong> <span class=\"gras\">win<\/span><\/strong> (\u00e0 taper directement dans la console) qui permet de s\u00e9lectionner une zone rectangulaire de l&rsquo;image.<\/p><div class=\"centre\"><img decoding=\"async\" class=\"aligncenter\" src=\"http:\/\/www.arnaudom.fr\/Img\/tapn47.jpg\" alt=\"Iris\" \/><\/div><p>Ensuite, on clique sur l&rsquo;un des sommets du rectangle de la zone choisie puis sur le sommet oppos\u00e9. On ne conserve ainsi que la partie de l&rsquo;image qui nous int\u00e9resse (attention il faut \u00eatre en zoom <strong><span class=\"gras\">x1<\/span><\/strong> pour pouvoir utiliser cette fonction).<\/p><p class=\"centre gras\" style=\"text-align: center;\"><strong>Voil\u00e0, le traitement \u00ab\u00a0de base\u00a0\u00bb est termin\u00e9 !<\/strong><\/p><p>A partir de l\u00e0, si vous voulez encore am\u00e9liorer votre image, il existe de nombreuses possibilit\u00e9s : redimensionner l&rsquo;image (r\u00e9duire un peu la taille de l&rsquo;image peut \u00eatre une bonne id\u00e9e, qui peut permettre aussi de cacher quelques petits d\u00e9fauts), appliquer un masque flou l\u00e9ger peut faire ressortir quelques d\u00e9tails, utiliser la fonction <strong><span class=\"gras\">Rehaussement des couleurs&#8230;<\/span><\/strong> du menu <strong><span class=\"gras\">Visualisation<\/span><\/strong> qui donne parfois de bons r\u00e9sultats, transf\u00e9rer l&rsquo;image dans un logiciel de traitement graphique (typiquement Photoshop) pour en am\u00e9liorer le contraste, utiliser la fonction <strong><span class=\"gras\">Retrait du gradient&#8230;<\/span><\/strong> qui permet de corriger, partiellement ou totalement, les probl\u00e8mes de pollution lumineuse. Bref, les possibilit\u00e9s sont (tr\u00e8s) nombreuses pour am\u00e9liorer encore les images finales.<\/p><p>Pour en finir avec \u00e7a, je vous propose une illustration simple de l&rsquo;utilisation des fonctions <strong><span class=\"gras\">Rehaussement des couleurs<\/span><\/strong> et <strong><span class=\"gras\">Retrait du gradient<\/span><\/strong>. C&rsquo;est par l\u00e0 &#8230;<\/p><p>\u00a0<\/p>\t\t\t\t\t<\/div>\n\t\t\t\t\t\t<\/div>\n\t\t\t\t<\/div>\n\t\t\t\t\t\t<\/div>\n\t\t\t\t\t<\/div>\n\t\t<\/div>\n\t\t\t\t\t\t\t\t<\/div>\n\t\t\t\t\t<\/div>\n\t\t<\/section>\n\t\t\t\t<section class=\"elementor-section elementor-top-section elementor-element elementor-element-cc990d4 elementor-section-boxed elementor-section-height-default elementor-section-height-default\" data-id=\"cc990d4\" data-element_type=\"section\" data-settings=\"{&quot;background_background&quot;:&quot;classic&quot;}\">\n\t\t\t\t\t\t<div class=\"elementor-container elementor-column-gap-default\">\n\t\t\t\t\t\t\t<div class=\"elementor-row\">\n\t\t\t\t\t<div class=\"elementor-column elementor-col-50 elementor-top-column elementor-element elementor-element-641d6ae\" data-id=\"641d6ae\" data-element_type=\"column\">\n\t\t\t<div class=\"elementor-column-wrap elementor-element-populated\">\n\t\t\t\t\t\t\t<div class=\"elementor-widget-wrap\">\n\t\t\t\t\t\t<div class=\"elementor-element elementor-element-3b243d1 elementor-align-center elementor-widget elementor-widget-button\" data-id=\"3b243d1\" data-element_type=\"widget\" data-widget_type=\"button.default\">\n\t\t\t\t<div class=\"elementor-widget-container\">\n\t\t\t\t\t<div class=\"elementor-button-wrapper\">\n\t\t\t<a href=\"http:\/\/www.arnaudom.fr\/wordpress\/addiris\" class=\"elementor-button-link elementor-button elementor-size-sm\" role=\"button\">\n\t\t\t\t\t\t<span class=\"elementor-button-content-wrapper\">\n\t\t\t\t\t\t\t<span class=\"elementor-button-icon elementor-align-icon-left\">\n\t\t\t\t<i aria-hidden=\"true\" class=\"fas fa-arrow-left\"><\/i>\t\t\t<\/span>\n\t\t\t\t\t\t<span class=\"elementor-button-text\">Retour \u00e0 la page pr\u00e9c\u00e9dente<\/span>\n\t\t<\/span>\n\t\t\t\t\t<\/a>\n\t\t<\/div>\n\t\t\t\t<\/div>\n\t\t\t\t<\/div>\n\t\t\t\t\t\t<\/div>\n\t\t\t\t\t<\/div>\n\t\t<\/div>\n\t\t\t\t<div class=\"elementor-column elementor-col-50 elementor-top-column elementor-element elementor-element-6542597\" data-id=\"6542597\" data-element_type=\"column\">\n\t\t\t<div class=\"elementor-column-wrap elementor-element-populated\">\n\t\t\t\t\t\t\t<div class=\"elementor-widget-wrap\">\n\t\t\t\t\t\t<div class=\"elementor-element elementor-element-d94ea19 elementor-align-center elementor-widget elementor-widget-button\" data-id=\"d94ea19\" data-element_type=\"widget\" data-widget_type=\"button.default\">\n\t\t\t\t<div class=\"elementor-widget-container\">\n\t\t\t\t\t<div class=\"elementor-button-wrapper\">\n\t\t\t<a href=\"http:\/\/www.arnaudom.fr\/wordpress\/traitiris\" class=\"elementor-button-link elementor-button elementor-size-sm\" role=\"button\">\n\t\t\t\t\t\t<span class=\"elementor-button-content-wrapper\">\n\t\t\t\t\t\t\t<span class=\"elementor-button-icon elementor-align-icon-right\">\n\t\t\t\t<i aria-hidden=\"true\" class=\"fas fa-arrow-right\"><\/i>\t\t\t<\/span>\n\t\t\t\t\t\t<span class=\"elementor-button-text\">Suite<\/span>\n\t\t<\/span>\n\t\t\t\t\t<\/a>\n\t\t<\/div>\n\t\t\t\t<\/div>\n\t\t\t\t<\/div>\n\t\t\t\t\t\t<\/div>\n\t\t\t\t\t<\/div>\n\t\t<\/div>\n\t\t\t\t\t\t\t\t<\/div>\n\t\t\t\t\t<\/div>\n\t\t<\/section>\n\t\t\t\t\t\t\t\t\t<\/div>\n\t\t\t<\/div>\n\t\t\t\t\t<\/div>\n\t\t","protected":false},"excerpt":{"rendered":"<p>Images avec un reflex num\u00e9rique Traitement des images (4\/5) TROISIEME PARTIE : TRAITEMENT FINAL. Le traitement final a pour but de faire ressortir des d\u00e9tails de l&rsquo;image, d&rsquo;en r\u00e9gler les couleurs et le contraste, d&rsquo;am\u00e9liorer le rendu du fond du ciel et de donner une touche esth\u00e9tique satisfaisante \u00e0 la photo finale. Bien entendu, ce &hellip;<\/p>\n<p class=\"read-more\"> <a class=\"\" href=\"https:\/\/www.arnaudom.fr\/wordpress\/finiris\/\"> <span class=\"screen-reader-text\">finiris<\/span> Lire la suite\u00a0\u00bb<\/a><\/p>\n","protected":false},"author":1,"featured_media":0,"parent":0,"menu_order":0,"comment_status":"closed","ping_status":"closed","template":"","meta":{"site-sidebar-layout":"default","site-content-layout":"default","ast-site-content-layout":"","site-content-style":"default","site-sidebar-style":"default","ast-global-header-display":"","ast-banner-title-visibility":"","ast-main-header-display":"","ast-hfb-above-header-display":"","ast-hfb-below-header-display":"","ast-hfb-mobile-header-display":"","site-post-title":"disabled","ast-breadcrumbs-content":"","ast-featured-img":"","footer-sml-layout":"","theme-transparent-header-meta":"default","adv-header-id-meta":"","stick-header-meta":"","header-above-stick-meta":"","header-main-stick-meta":"","header-below-stick-meta":"","astra-migrate-meta-layouts":"","ast-page-background-enabled":"default","ast-page-background-meta":{"desktop":{"background-color":"","background-image":"","background-repeat":"repeat","background-position":"center center","background-size":"auto","background-attachment":"scroll","background-type":"","background-media":"","overlay-type":"","overlay-color":"","overlay-gradient":""},"tablet":{"background-color":"","background-image":"","background-repeat":"repeat","background-position":"center center","background-size":"auto","background-attachment":"scroll","background-type":"","background-media":"","overlay-type":"","overlay-color":"","overlay-gradient":""},"mobile":{"background-color":"","background-image":"","background-repeat":"repeat","background-position":"center center","background-size":"auto","background-attachment":"scroll","background-type":"","background-media":"","overlay-type":"","overlay-color":"","overlay-gradient":""}},"ast-content-background-meta":{"desktop":{"background-color":"var(--ast-global-color-5)","background-image":"","background-repeat":"repeat","background-position":"center center","background-size":"auto","background-attachment":"scroll","background-type":"","background-media":"","overlay-type":"","overlay-color":"","overlay-gradient":""},"tablet":{"background-color":"var(--ast-global-color-5)","background-image":"","background-repeat":"repeat","background-position":"center center","background-size":"auto","background-attachment":"scroll","background-type":"","background-media":"","overlay-type":"","overlay-color":"","overlay-gradient":""},"mobile":{"background-color":"var(--ast-global-color-5)","background-image":"","background-repeat":"repeat","background-position":"center center","background-size":"auto","background-attachment":"scroll","background-type":"","background-media":"","overlay-type":"","overlay-color":"","overlay-gradient":""}},"footnotes":""},"class_list":["post-6404","page","type-page","status-publish","hentry"],"_links":{"self":[{"href":"https:\/\/www.arnaudom.fr\/wordpress\/wp-json\/wp\/v2\/pages\/6404","targetHints":{"allow":["GET"]}}],"collection":[{"href":"https:\/\/www.arnaudom.fr\/wordpress\/wp-json\/wp\/v2\/pages"}],"about":[{"href":"https:\/\/www.arnaudom.fr\/wordpress\/wp-json\/wp\/v2\/types\/page"}],"author":[{"embeddable":true,"href":"https:\/\/www.arnaudom.fr\/wordpress\/wp-json\/wp\/v2\/users\/1"}],"replies":[{"embeddable":true,"href":"https:\/\/www.arnaudom.fr\/wordpress\/wp-json\/wp\/v2\/comments?post=6404"}],"version-history":[{"count":5,"href":"https:\/\/www.arnaudom.fr\/wordpress\/wp-json\/wp\/v2\/pages\/6404\/revisions"}],"predecessor-version":[{"id":6410,"href":"https:\/\/www.arnaudom.fr\/wordpress\/wp-json\/wp\/v2\/pages\/6404\/revisions\/6410"}],"wp:attachment":[{"href":"https:\/\/www.arnaudom.fr\/wordpress\/wp-json\/wp\/v2\/media?parent=6404"}],"curies":[{"name":"wp","href":"https:\/\/api.w.org\/{rel}","templated":true}]}}