{"id":6382,"date":"2020-09-09T21:44:24","date_gmt":"2020-09-09T19:44:24","guid":{"rendered":"http:\/\/www.arnaudom.fr\/wordpress\/?page_id=6382"},"modified":"2020-09-12T09:19:37","modified_gmt":"2020-09-12T07:19:37","slug":"addiris","status":"publish","type":"page","link":"https:\/\/www.arnaudom.fr\/wordpress\/addiris\/","title":{"rendered":"addiris"},"content":{"rendered":"\t\t<div data-elementor-type=\"wp-page\" data-elementor-id=\"6382\" class=\"elementor elementor-6382\">\n\t\t\t\t\t\t<div class=\"elementor-inner\">\n\t\t\t\t<div class=\"elementor-section-wrap\">\n\t\t\t\t\t\t\t\t\t<section class=\"elementor-section elementor-top-section elementor-element elementor-element-3728b11 elementor-section-boxed elementor-section-height-default elementor-section-height-default\" data-id=\"3728b11\" data-element_type=\"section\">\n\t\t\t\t\t\t<div class=\"elementor-container elementor-column-gap-default\">\n\t\t\t\t\t\t\t<div class=\"elementor-row\">\n\t\t\t\t\t<div class=\"elementor-column elementor-col-100 elementor-top-column elementor-element elementor-element-ff1f513\" data-id=\"ff1f513\" data-element_type=\"column\" data-settings=\"{&quot;background_background&quot;:&quot;classic&quot;}\">\n\t\t\t<div class=\"elementor-column-wrap elementor-element-populated\">\n\t\t\t\t\t\t\t<div class=\"elementor-widget-wrap\">\n\t\t\t\t\t\t<div class=\"elementor-element elementor-element-420d36d elementor-widget elementor-widget-heading\" data-id=\"420d36d\" data-element_type=\"widget\" data-widget_type=\"heading.default\">\n\t\t\t\t<div class=\"elementor-widget-container\">\n\t\t\t<h1 class=\"elementor-heading-title elementor-size-default\">Images avec un reflex num\u00e9rique<\/h1>\t\t<\/div>\n\t\t\t\t<\/div>\n\t\t\t\t<div class=\"elementor-element elementor-element-a37d348 elementor-widget elementor-widget-heading\" data-id=\"a37d348\" data-element_type=\"widget\" data-widget_type=\"heading.default\">\n\t\t\t\t<div class=\"elementor-widget-container\">\n\t\t\t<h2 class=\"elementor-heading-title elementor-size-default\">Traitement des images (3\/5)<\/h2>\t\t<\/div>\n\t\t\t\t<\/div>\n\t\t\t\t<div class=\"elementor-element elementor-element-ac82b29 elementor-widget elementor-widget-text-editor\" data-id=\"ac82b29\" data-element_type=\"widget\" data-widget_type=\"text-editor.default\">\n\t\t\t\t<div class=\"elementor-widget-container\">\n\t\t\t\t\t\t\t\t<div class=\"elementor-text-editor elementor-clearfix\">\n\t\t\t\t<p class=\"col4 gras taille1 ita\"><span style=\"color: #ff0000;\"><strong>DEUXIEME PARTIE : TRAITEMENT ET ADDITION DES IMAGES.<\/strong><\/span><\/p><p>On attaque maintenant le traitement proprement dit. On commence par charger la premi\u00e8re image de la s\u00e9quence de M37 en tapant <strong><span class=\"gras\">Load M371<\/span><\/strong>. Ensuite il fauf tracer un rectangle de 300 \u00e0 500 pixels de large avec la souris sur l&rsquo;image, en choisissant une zone sans \u00e9toile brillante.<\/p><div class=\"centre\"><img decoding=\"async\" class=\"aligncenter\" src=\"http:\/\/www.arnaudom.fr\/Img\/tapn38.jpg\" alt=\"Iris\" \/><\/div><p>On retourne maintenant dans le menu<strong> <span class=\"gras\">Photo Num\u00e9rique<\/span><\/strong> et on clique sur <strong><span class=\"gras\">Pr\u00e9traitement&#8230;<\/span> <\/strong>: dans la fen\u00eatre qui appara\u00eet, il s&rsquo;agit maintenant de remplir chacune des rubriques pr\u00e9sentes, et Iris se chargera automatiquement de l&rsquo;utilisation des offset, dark et flat pour traiter les images brutes de l&rsquo;objet.<\/p><p>Donc, on entre le <strong>nom <span class=\"gras\">G\u00e9n\u00e9rique d&rsquo;entr\u00e9e<\/span><\/strong> (ici M37), le nom de l&rsquo;image d&rsquo;offset \u00e0 soustraire dans <strong><span class=\"gras\">Carte Offset<\/span><\/strong> (ici offset), le nom du dark dans <strong><span class=\"gras\">Carte Dar<\/span>k<\/strong> (ici dark), on coche la case <strong><span class=\"gras\">Optimisation<\/span><\/strong>, on entre le nom du flat dans <strong><span class=\"gras\">Carte Flat-field<\/span><\/strong> (flat&#8230;), le nom du<strong> <span class=\"gras\">Fichier cosm\u00e9tique<\/span><\/strong> cr\u00e9\u00e9 pr\u00e9c\u00e9demment (cosme), le nom <strong><span class=\"gras\">G\u00e9n\u00e9rique de sortie<\/span><\/strong> (ici M37p), le <strong><span class=\"gras\">nombre d&rsquo;images<\/span><\/strong> (50) et on clique sur <strong><span class=\"gras\">OK<\/span><\/strong>.<\/p><div class=\"centre\"><img decoding=\"async\" class=\"aligncenter\" src=\"http:\/\/www.arnaudom.fr\/Img\/tapn37.jpg\" alt=\"Iris\" \/><\/div><p><strong><span class=\"gras\">Remarque :<\/span><\/strong> j&rsquo;ai choisi M37p (comme \u00ab\u00a0M37 pr\u00e9trait\u00e9\u00a0\u00bb) comme nom de sortie, mais on peut garder le m\u00eame nom d&rsquo;entr\u00e9e et de sortie. Dans ce cas les anciennes images de la s\u00e9quence M37 sont \u00e9cras\u00e9es et remplac\u00e9es par les images pr\u00e9trait\u00e9es.<\/p><p>Une fois lanc\u00e9 le processus de pr\u00e9traitement (qui peut durer un certain temps), Iris soustrait l&rsquo;offset et le dark des images brutes de M37, les divise par le flat optimis\u00e9 et fait une correction cosm\u00e9tique sur l&rsquo;image dans le but de supprimer tous les pixels chauds.<\/p><p>Et voil\u00e0 : \u00e0 la fin du processus, on se retrouve avec la s\u00e9quence des 50 images nomm\u00e9es M37p1, M37p2, M37p3&#8230; qui sont les seules qu&rsquo;on va d\u00e9sormais utiliser par la suite.<\/p><p>On doit maintenant convertir les images en vraies images couleur : en effet, vous avez peut-\u00eatre remarqu\u00e9 que toutes les images sont en noir et blanc. Or le capteur de votre beau Reflex est pourtant bel et bien un capteur couleur <span class=\"milieu2\"> <img decoding=\"async\" src=\"http:\/\/arnaudom.fr\/Img\/smrire.gif\" alt=\"clin d'oeil\" \/><\/span> ! C&rsquo;est normal, car vos images sont toujours cod\u00e9es en format RAW (brutes donc&#8230;), et il faut en quelque sorte les \u00ab\u00a0recoder\u00a0\u00bb pour faire appara\u00eetre les couleurs. Pour cela, on retourne \u00e0 nouveau dans <strong><span class=\"gras\">Photo Num\u00e9rique<\/span><\/strong> et on clique sur <strong><span class=\"gras\">Conversion d&rsquo;une s\u00e9quence CFA&#8230;<\/span><\/strong> Ensuite on entre le<strong> <span class=\"gras\">nom g\u00e9n\u00e9rique d&rsquo;entr\u00e9e<\/span><\/strong> (M37p), le <strong><span class=\"gras\">nom g\u00e9n\u00e9rique de sortie<\/span> <\/strong>(M37c pour \u00ab\u00a0couleur\u00a0\u00bb, mais on peut garder le m\u00eame nom que celui de la s\u00e9quence d&rsquo;entr\u00e9e), le <strong><span class=\"gras\">nombre d&rsquo;images<\/span><\/strong> (50), on coche la case <span class=\"gras\">Couleur<\/span> et on clique sur <strong><span class=\"gras\">OK<\/span><\/strong>.<\/p><div class=\"centre\"><img decoding=\"async\" class=\"aligncenter\" src=\"http:\/\/www.arnaudom.fr\/Img\/tapn40.jpg\" alt=\"Iris\" \/><\/div><p>Normalement, vos images sont maintenant en couleur, mais avec une teinte verd\u00e2tre prononc\u00e9e&#8230; C&rsquo;est normal l\u00e0 encore, il faudra un peu plus tard r\u00e9\u00e9quilibrer la balance des couleurs, nous y reviendrons.<\/p><p>Il faut maintenant proc\u00e9der \u00e0 l&rsquo;alignement des images. On va pour cela dans le menu<strong> <span class=\"gras\">Traitement<\/span><\/strong>, on clique <strong><span class=\"gras\">Registration des images stellaires&#8230;<\/span><\/strong> et une fen\u00eatre appara\u00eet. On entre le <strong><span class=\"gras\">nom g\u00e9n\u00e9rique d&rsquo;entr\u00e9e<\/span><\/strong> (M37c), le <strong><span class=\"gras\">nom g\u00e9n\u00e9rique de sortie<\/span><\/strong> (ici M37r pour \u00ab\u00a0registr\u00e9es\u00a0\u00bb), et le <strong><span class=\"gras\">nombre d&rsquo;images<\/span><\/strong> (50). On doit ensuite cocher la m\u00e9thode d&rsquo;alignement : ici j&rsquo;ai coch\u00e9 \u00ab\u00a0<strong><span class=\"gras\">Appariement global<\/span><\/strong>\u00ab\u00a0. C&rsquo;est une m\u00e9thode d&rsquo;alignement assez longue et qui n\u00e9cessite la pr\u00e9sence de nombreuses \u00e9toiles sur l&rsquo;image, ce qui est le cas avec M37. J&rsquo;ai choisi cette m\u00e9thode car elle permet d&rsquo;aligner des images qui ont subi une rotation de champ, ce qui est le cas avec mes images de M37 car j&rsquo;ai malencontreusement faire tourner l&rsquo;APN dans le porte-oculaire au cours des prises de vues, d&rsquo;o\u00f9 ce choix. On clique ensuite sur <strong><span class=\"gras\">OK<\/span><\/strong>.<\/p><div class=\"centre\"><img decoding=\"async\" class=\"aligncenter\" src=\"http:\/\/www.arnaudom.fr\/Img\/tapn41.jpg\" alt=\"Iris\" \/><\/div><p><strong><span class=\"gras\">Remarque 1 :<\/span><\/strong> il arrive qu&rsquo;IRIS ne r\u00e9ussisse pas \u00e0 centrer les images du premier coup. Dans ce cas-l\u00e0 il faut refaire un alignement en changeant de m\u00e9thode ou en changeant la fa\u00e7on d&rsquo;appliquer la m\u00e9thode. Il est donc prudent que les noms d&rsquo;entr\u00e9e et de sortie soient diff\u00e9rents, afin de conserver la s\u00e9quence de d\u00e9part pour en retenter l&rsquo;alignement.<\/p><p><strong><span class=\"gras\">Remarque 2 :<\/span><\/strong> la m\u00e9thode la plus rapide est la premi\u00e8re, avec \u00ab\u00a0<strong><span class=\"gras\">Une \u00e9toile<\/span><\/strong>\u00ab\u00a0. Elle fonctionne bien si l&rsquo;image contient une (ou des) \u00e9toile(s) caract\u00e9ristique(s) qui peuvent servir de point de rep\u00e8re au logiciel pour aligner les images, et si ces derni\u00e8res ont subi une simple translation (ce qui est en g\u00e9n\u00e9ral le cas sur des images acquises avec un temps de pose relativement court). Dans ce cas-l\u00e0, on charge la premi\u00e8re image de la s\u00e9quence, on encadre \u00e0 la souris une \u00e9toile caract\u00e9ristique de l&rsquo;image puis on lance l&rsquo;alignement. La m\u00e9thode \u00ab\u00a0Appariement 1 zone\u00a0\u00bb fonctionne bien \u00e9galement pour des images ayant subi une simple translation, la m\u00e9thode \u00ab\u00a0Appariement 3 zones\u00a0\u00bb pouvant \u00eatre utilis\u00e9e si les deux pr\u00e9c\u00e9dentes ont \u00e9chou\u00e9.<\/p><p>Une fois l&rsquo;alignement effectu\u00e9 (ce qui prend un certain temps avec 50 images, un ordinateur pas trop rapide et la m\u00e9thode que j&rsquo;ai choisie&#8230;), on va additionner les images. On va dans le menu <strong><span class=\"gras\">Traitement<\/span><\/strong>, on clique <strong><span class=\"gras\">Addition d&rsquo;une s\u00e9quence&#8230;<\/span><\/strong>, puis on entre le <strong><span class=\"gras\">nom g\u00e9n\u00e9rique d&rsquo;entr\u00e9e<\/span><\/strong> (ici M37r), le <strong><span class=\"gras\">nombre d&rsquo;images<\/span><\/strong> (50), on peut cocher <strong><span class=\"gras\">Normalisation si d\u00e9passement<\/span>, <span class=\"gras\">Arithm\u00e9tique<\/span> <\/strong>et enfin on clique sur <strong><span class=\"gras\">OK<\/span><\/strong>.<\/p><div class=\"centre\"><img decoding=\"async\" class=\"aligncenter\" src=\"http:\/\/www.arnaudom.fr\/Img\/tapn42.jpg\" alt=\"Iris\" \/><\/div><p>A la fin de la proc\u00e9dure, Iris a additionn\u00e9 les 50 images align\u00e9es. Il se peut que l&rsquo;image soit tr\u00e8s lumineuse (voire toute blanche). Pas d&rsquo;affolement ! Si on veut, on peut r\u00e8gler les curseurs des seuils de visualisation, et normalement on obtient (enfin) une image qui ressemble \u00e0 notre objet. Mais pas de panique, les derniers ajustements vont se faire dans la derni\u00e8re partie.<\/p><div class=\"centre\"><img decoding=\"async\" class=\"aligncenter\" src=\"http:\/\/www.arnaudom.fr\/Img\/tapn43.jpg\" alt=\"Iris\" \/><\/div><p>Voil\u00e0, apr\u00e8s tout ce travail, pensez \u00e0 sauvegarder votre image finale, en tapant par exemple \u00ab\u00a0<strong><span class=\"gras\">save M37<\/span><\/strong>\u00a0\u00bb ou \u00ab\u00a0<strong><span class=\"gras\">save brute<\/span><\/strong>\u00a0\u00bb &#8230; Ca va, vous suivez toujours ? Maintenant, on ne va plus utiliser que cette image dans la suite. C&rsquo;est l&rsquo;objet de la derni\u00e8re partie du traitement. On continue page suivante !<\/p><p><strong><span class=\"gras taille1\">Variante :<\/span><\/strong><br \/>j&rsquo;aime \u00e9galement utiliser l&rsquo;addition R\u00e9jection min-Max, le r\u00e9sultat obtenu me semble souvent plus ais\u00e9 \u00e0 traiter qu&rsquo;avec l&rsquo;addition arithm\u00e9tique. Voil\u00e0 le r\u00e9sultat de cette addition sur M37, \u00e0 comparer avec l&rsquo;image ci-dessus :<\/p><div class=\"centre\"><img decoding=\"async\" class=\"aligncenter\" src=\"http:\/\/www.arnaudom.fr\/Img\/tapn48.jpg\" alt=\"Iris\" \/><\/div>\t\t\t\t\t<\/div>\n\t\t\t\t\t\t<\/div>\n\t\t\t\t<\/div>\n\t\t\t\t\t\t<\/div>\n\t\t\t\t\t<\/div>\n\t\t<\/div>\n\t\t\t\t\t\t\t\t<\/div>\n\t\t\t\t\t<\/div>\n\t\t<\/section>\n\t\t\t\t<section class=\"elementor-section elementor-top-section elementor-element elementor-element-eb121da elementor-section-boxed elementor-section-height-default elementor-section-height-default\" data-id=\"eb121da\" data-element_type=\"section\" data-settings=\"{&quot;background_background&quot;:&quot;classic&quot;}\">\n\t\t\t\t\t\t<div class=\"elementor-container elementor-column-gap-default\">\n\t\t\t\t\t\t\t<div class=\"elementor-row\">\n\t\t\t\t\t<div class=\"elementor-column elementor-col-50 elementor-top-column elementor-element elementor-element-bbd6c60\" data-id=\"bbd6c60\" data-element_type=\"column\">\n\t\t\t<div class=\"elementor-column-wrap elementor-element-populated\">\n\t\t\t\t\t\t\t<div class=\"elementor-widget-wrap\">\n\t\t\t\t\t\t<div class=\"elementor-element elementor-element-00d8587 elementor-align-center elementor-widget elementor-widget-button\" data-id=\"00d8587\" data-element_type=\"widget\" data-widget_type=\"button.default\">\n\t\t\t\t<div class=\"elementor-widget-container\">\n\t\t\t\t\t<div class=\"elementor-button-wrapper\">\n\t\t\t<a href=\"http:\/\/www.arnaudom.fr\/wordpress\/preiris\" class=\"elementor-button-link elementor-button elementor-size-sm\" role=\"button\">\n\t\t\t\t\t\t<span class=\"elementor-button-content-wrapper\">\n\t\t\t\t\t\t\t<span class=\"elementor-button-icon elementor-align-icon-left\">\n\t\t\t\t<i aria-hidden=\"true\" class=\"fas fa-arrow-left\"><\/i>\t\t\t<\/span>\n\t\t\t\t\t\t<span class=\"elementor-button-text\">Retour \u00e0 la page pr\u00e9c\u00e9dente<\/span>\n\t\t<\/span>\n\t\t\t\t\t<\/a>\n\t\t<\/div>\n\t\t\t\t<\/div>\n\t\t\t\t<\/div>\n\t\t\t\t\t\t<\/div>\n\t\t\t\t\t<\/div>\n\t\t<\/div>\n\t\t\t\t<div class=\"elementor-column elementor-col-50 elementor-top-column elementor-element elementor-element-413e77b\" data-id=\"413e77b\" data-element_type=\"column\">\n\t\t\t<div class=\"elementor-column-wrap elementor-element-populated\">\n\t\t\t\t\t\t\t<div class=\"elementor-widget-wrap\">\n\t\t\t\t\t\t<div class=\"elementor-element elementor-element-8100e0a elementor-align-center elementor-widget elementor-widget-button\" data-id=\"8100e0a\" data-element_type=\"widget\" data-widget_type=\"button.default\">\n\t\t\t\t<div class=\"elementor-widget-container\">\n\t\t\t\t\t<div class=\"elementor-button-wrapper\">\n\t\t\t<a href=\"http:\/\/www.arnaudom.fr\/wordpress\/finiris\" class=\"elementor-button-link elementor-button elementor-size-sm\" role=\"button\">\n\t\t\t\t\t\t<span class=\"elementor-button-content-wrapper\">\n\t\t\t\t\t\t\t<span class=\"elementor-button-icon elementor-align-icon-right\">\n\t\t\t\t<i aria-hidden=\"true\" class=\"fas fa-arrow-right\"><\/i>\t\t\t<\/span>\n\t\t\t\t\t\t<span class=\"elementor-button-text\">Suite<\/span>\n\t\t<\/span>\n\t\t\t\t\t<\/a>\n\t\t<\/div>\n\t\t\t\t<\/div>\n\t\t\t\t<\/div>\n\t\t\t\t\t\t<\/div>\n\t\t\t\t\t<\/div>\n\t\t<\/div>\n\t\t\t\t\t\t\t\t<\/div>\n\t\t\t\t\t<\/div>\n\t\t<\/section>\n\t\t\t\t\t\t\t\t\t<\/div>\n\t\t\t<\/div>\n\t\t\t\t\t<\/div>\n\t\t","protected":false},"excerpt":{"rendered":"<p>Images avec un reflex num\u00e9rique Traitement des images (3\/5) DEUXIEME PARTIE : TRAITEMENT ET ADDITION DES IMAGES. On attaque maintenant le traitement proprement dit. On commence par charger la premi\u00e8re image de la s\u00e9quence de M37 en tapant Load M371. Ensuite il fauf tracer un rectangle de 300 \u00e0 500 pixels de large avec la &hellip;<\/p>\n<p class=\"read-more\"> <a class=\"\" href=\"https:\/\/www.arnaudom.fr\/wordpress\/addiris\/\"> <span class=\"screen-reader-text\">addiris<\/span> Lire la suite\u00a0\u00bb<\/a><\/p>\n","protected":false},"author":1,"featured_media":0,"parent":0,"menu_order":0,"comment_status":"closed","ping_status":"closed","template":"","meta":{"site-sidebar-layout":"default","site-content-layout":"default","ast-site-content-layout":"","site-content-style":"default","site-sidebar-style":"default","ast-global-header-display":"","ast-banner-title-visibility":"","ast-main-header-display":"","ast-hfb-above-header-display":"","ast-hfb-below-header-display":"","ast-hfb-mobile-header-display":"","site-post-title":"disabled","ast-breadcrumbs-content":"","ast-featured-img":"","footer-sml-layout":"","theme-transparent-header-meta":"default","adv-header-id-meta":"","stick-header-meta":"","header-above-stick-meta":"","header-main-stick-meta":"","header-below-stick-meta":"","astra-migrate-meta-layouts":"","ast-page-background-enabled":"default","ast-page-background-meta":{"desktop":{"background-color":"","background-image":"","background-repeat":"repeat","background-position":"center center","background-size":"auto","background-attachment":"scroll","background-type":"","background-media":"","overlay-type":"","overlay-color":"","overlay-gradient":""},"tablet":{"background-color":"","background-image":"","background-repeat":"repeat","background-position":"center center","background-size":"auto","background-attachment":"scroll","background-type":"","background-media":"","overlay-type":"","overlay-color":"","overlay-gradient":""},"mobile":{"background-color":"","background-image":"","background-repeat":"repeat","background-position":"center center","background-size":"auto","background-attachment":"scroll","background-type":"","background-media":"","overlay-type":"","overlay-color":"","overlay-gradient":""}},"ast-content-background-meta":{"desktop":{"background-color":"var(--ast-global-color-5)","background-image":"","background-repeat":"repeat","background-position":"center center","background-size":"auto","background-attachment":"scroll","background-type":"","background-media":"","overlay-type":"","overlay-color":"","overlay-gradient":""},"tablet":{"background-color":"var(--ast-global-color-5)","background-image":"","background-repeat":"repeat","background-position":"center center","background-size":"auto","background-attachment":"scroll","background-type":"","background-media":"","overlay-type":"","overlay-color":"","overlay-gradient":""},"mobile":{"background-color":"var(--ast-global-color-5)","background-image":"","background-repeat":"repeat","background-position":"center center","background-size":"auto","background-attachment":"scroll","background-type":"","background-media":"","overlay-type":"","overlay-color":"","overlay-gradient":""}},"footnotes":""},"class_list":["post-6382","page","type-page","status-publish","hentry"],"_links":{"self":[{"href":"https:\/\/www.arnaudom.fr\/wordpress\/wp-json\/wp\/v2\/pages\/6382","targetHints":{"allow":["GET"]}}],"collection":[{"href":"https:\/\/www.arnaudom.fr\/wordpress\/wp-json\/wp\/v2\/pages"}],"about":[{"href":"https:\/\/www.arnaudom.fr\/wordpress\/wp-json\/wp\/v2\/types\/page"}],"author":[{"embeddable":true,"href":"https:\/\/www.arnaudom.fr\/wordpress\/wp-json\/wp\/v2\/users\/1"}],"replies":[{"embeddable":true,"href":"https:\/\/www.arnaudom.fr\/wordpress\/wp-json\/wp\/v2\/comments?post=6382"}],"version-history":[{"count":5,"href":"https:\/\/www.arnaudom.fr\/wordpress\/wp-json\/wp\/v2\/pages\/6382\/revisions"}],"predecessor-version":[{"id":6403,"href":"https:\/\/www.arnaudom.fr\/wordpress\/wp-json\/wp\/v2\/pages\/6382\/revisions\/6403"}],"wp:attachment":[{"href":"https:\/\/www.arnaudom.fr\/wordpress\/wp-json\/wp\/v2\/media?parent=6382"}],"curies":[{"name":"wp","href":"https:\/\/api.w.org\/{rel}","templated":true}]}}