{"id":6374,"date":"2020-09-09T15:31:34","date_gmt":"2020-09-09T13:31:34","guid":{"rendered":"http:\/\/www.arnaudom.fr\/wordpress\/?page_id=6374"},"modified":"2020-09-09T19:07:16","modified_gmt":"2020-09-09T17:07:16","slug":"preiris","status":"publish","type":"page","link":"https:\/\/www.arnaudom.fr\/wordpress\/preiris\/","title":{"rendered":"preiris"},"content":{"rendered":"\t\t<div data-elementor-type=\"wp-page\" data-elementor-id=\"6374\" class=\"elementor elementor-6374\">\n\t\t\t\t\t\t<div class=\"elementor-inner\">\n\t\t\t\t<div class=\"elementor-section-wrap\">\n\t\t\t\t\t\t\t\t\t<section class=\"elementor-section elementor-top-section elementor-element elementor-element-649ef0c elementor-section-boxed elementor-section-height-default elementor-section-height-default\" data-id=\"649ef0c\" data-element_type=\"section\">\n\t\t\t\t\t\t<div class=\"elementor-container elementor-column-gap-default\">\n\t\t\t\t\t\t\t<div class=\"elementor-row\">\n\t\t\t\t\t<div class=\"elementor-column elementor-col-100 elementor-top-column elementor-element elementor-element-fd2ad7f\" data-id=\"fd2ad7f\" data-element_type=\"column\" data-settings=\"{&quot;background_background&quot;:&quot;classic&quot;}\">\n\t\t\t<div class=\"elementor-column-wrap elementor-element-populated\">\n\t\t\t\t\t\t\t<div class=\"elementor-widget-wrap\">\n\t\t\t\t\t\t<div class=\"elementor-element elementor-element-f9e5d39 elementor-widget elementor-widget-heading\" data-id=\"f9e5d39\" data-element_type=\"widget\" data-widget_type=\"heading.default\">\n\t\t\t\t<div class=\"elementor-widget-container\">\n\t\t\t<h1 class=\"elementor-heading-title elementor-size-default\">Images avec un reflex num\u00e9rique<\/h1>\t\t<\/div>\n\t\t\t\t<\/div>\n\t\t\t\t<div class=\"elementor-element elementor-element-f5e5d8c elementor-widget elementor-widget-heading\" data-id=\"f5e5d8c\" data-element_type=\"widget\" data-widget_type=\"heading.default\">\n\t\t\t\t<div class=\"elementor-widget-container\">\n\t\t\t<h2 class=\"elementor-heading-title elementor-size-default\">Traitement des images (2\/5)<\/h2>\t\t<\/div>\n\t\t\t\t<\/div>\n\t\t\t\t<div class=\"elementor-element elementor-element-4b52093 elementor-widget elementor-widget-text-editor\" data-id=\"4b52093\" data-element_type=\"widget\" data-widget_type=\"text-editor.default\">\n\t\t\t\t<div class=\"elementor-widget-container\">\n\t\t\t\t\t\t\t\t<div class=\"elementor-text-editor elementor-clearfix\">\n\t\t\t\t<p class=\"col4 gras taille1 ita\"><span style=\"color: #ff0000;\"><strong>PREMIERE PARTIE : PRE-TRAITEMENT.<\/strong><\/span><\/p><p>Lan\u00e7ons Iris. On commence par cr\u00e9er l&rsquo;image d&rsquo;Offset. Pour cela, on va dans le menu <strong><span class=\"gras\">Photo Num\u00e9rique<\/span><\/strong>, et on clique sur <span class=\"gras\">D\u00e9codage des fichiers RAW&#8230;<\/span> A ce moment-l\u00e0 Iris se r\u00e9duit et la fen\u00eatre \u00ab\u00a0<strong>D\u00e9codage de fichiers RAW\u00a0\u00bb<\/strong> appara\u00eet: on s\u00e9lectionne alors les images d&rsquo;Offset dans le dossier correspondant et, en laissant le bouton gauche de la souris enfonc\u00e9, on va les d\u00e9poser dans la fen\u00eatre de d\u00e9codage.<\/p><div class=\"centre\"><img decoding=\"async\" class=\"aligncenter\" src=\"http:\/\/www.arnaudom.fr\/Img\/tapn26.jpg\" alt=\"Iris\" \/><\/div><p>Une fois les fichiers d\u00e9pos\u00e9s, on entre un <strong><span class=\"gras\">nom<\/span> <\/strong>g\u00e9n\u00e9rique \u00e0 donner \u00e0 nos images (au hasard, offset), on clique sur le bouton <strong><span class=\"gras\">CFA<\/span><\/strong> et Iris convertit alors les images dans un format qu&rsquo;il va pouvoir utiliser. Pour terminer, on clique sur le bouton<strong> <span class=\"gras\">Fermer<\/span><\/strong>.<\/p><div class=\"centre\"><img decoding=\"async\" class=\"aligncenter\" src=\"http:\/\/www.arnaudom.fr\/Img\/tapn27.jpg\" alt=\"Iris\" \/><\/div><p>On se retrouve alors dans IRIS, avec 10 images nomm\u00e9es offset1, offset2, offset3 &#8230; On va dans le menu <strong><span class=\"gras\">Photo Num\u00e9rique<\/span><\/strong> et on clique sur <strong><span class=\"gras\">Faire un offset&#8230;<\/span><\/strong> Dans le fen\u00eatre qui appara\u00eet, on choisit un<strong> <span class=\"gras\">nom<\/span><\/strong> (pas de raison de s&#8217;emb\u00eater, j&rsquo;ai tap\u00e9 offset), on entre le <strong><span class=\"gras\">nombre d&rsquo;images<\/span><\/strong>, ici 10, et on clique sur <strong><span class=\"gras\">OK<\/span><\/strong> : Iris cr\u00e9e alors l&rsquo;image d&rsquo;offset.<\/p><div class=\"centre\"><img decoding=\"async\" class=\"aligncenter\" src=\"http:\/\/www.arnaudom.fr\/Img\/tapn28.jpg\" alt=\"Iris\" \/><\/div><p><strong><span class=\"gras\">Important :<\/span><\/strong> ne pas oublier de sauvegarder l&rsquo;image ainsi cr\u00e9\u00e9e en tapant <strong><span class=\"gras\">Save offset<\/span><\/strong> (ou un autre nom&#8230;) dans la console d&rsquo;Iris.<\/p><p>Bien, maintenant on va cr\u00e9er notre image de Dark en proc\u00e9dant comme pour l&rsquo;Offset. Donc on retourne dans le menu <strong><span class=\"gras\">Photo Num\u00e9rique<\/span><\/strong>, on clique sur <strong><span class=\"gras\">D\u00e9codage des fichiers RAW&#8230;<\/span><\/strong>, et comme pr\u00e9c\u00e9demment on va s\u00e9lectionner nos images de Dark qu&rsquo;on va d\u00e9poser dans la fen\u00eatre de d\u00e9codage.<\/p><div class=\"centre\"><img decoding=\"async\" class=\"aligncenter\" src=\"http:\/\/www.arnaudom.fr\/Img\/tapn29.jpg\" alt=\"Iris\" \/><\/div><p>De m\u00eame, on tape un nom g\u00e9n\u00e9rique (toujours au hasard, dark par exemple&#8230;), on clique sur <strong><span class=\"gras\">CFA<\/span><\/strong> et sur <strong><span class=\"gras\">Fermer<\/span><\/strong>.<\/p><div class=\"centre\"><img decoding=\"async\" class=\"aligncenter\" src=\"http:\/\/www.arnaudom.fr\/Img\/tapn30.jpg\" alt=\"Iris\" \/><\/div><p>Dans Iris, on va dans<strong> <span class=\"gras\">Photo Num\u00e9rique<\/span><\/strong> puis on clique sur <strong><span class=\"gras\">Faire un dark&#8230;<\/span><\/strong> On tape un <strong><span class=\"gras\">nom<\/span> <\/strong>(dark par exemple &#8230;), puis on entre le <span class=\"gras\">nom<\/span> de notre image d&rsquo;offset cr\u00e9\u00e9e pr\u00e9c\u00e9demment (d&rsquo;o\u00f9 l&rsquo;importance de l&rsquo;avoir sauvegard\u00e9e), le <strong><span class=\"gras\">nombre d&rsquo;images<\/span><\/strong>, ici 9, on coche le bouton <strong><span class=\"gras\">M\u00e9diane<\/span> <\/strong>et enfin <strong><span class=\"gras\">OK<\/span><\/strong>.<\/p><div class=\"centre\"><img decoding=\"async\" class=\"aligncenter\" src=\"http:\/\/www.arnaudom.fr\/Img\/tapn31.jpg\" alt=\"Iris\" \/><\/div><p>L\u00e0 aussi, ne pas oublier de sauvegarder l&rsquo;image obtenue en tapant par exemple, <strong><span class=\"gras\">Save dark<\/span><\/strong> &#8230;<\/p><p>Maintenant, on va utiliser une fonction d&rsquo;Iris qui permet d&rsquo;\u00e9liminer les \u00ab\u00a0pixels chauds\u00a0\u00bb, c&rsquo;est-\u00e0-dire des pixels color\u00e9s qui apparaissent sur l&rsquo;image et qui sont des d\u00e9fauts \u00e0 \u00e9liminer. Pour cela on charge le dark en tapant \u00ab\u00a0<strong><span class=\"gras\">Load dark<\/span><\/strong>\u00ab\u00a0, puis on tape la commande <strong><span class=\"gras\">find_hot cosme 200<\/span><\/strong> dans la console d&rsquo;Iris. Le premier param\u00e8tre est le nom de fichier que l&rsquo;on va cr\u00e9er (ici <strong><span class=\"gras\">cosme<\/span><\/strong>, abr\u00e9viation de cosm\u00e9tique, mais on peut choisir n&rsquo;importe quel nom) et <strong><span class=\"gras\">200<\/span><\/strong> un param\u00e8tre de seuil qui d\u00e9termine le nombre de pixels \u00e0 supprimer (faire des essais avec des param\u00e8tres variant entre 10 et 200, le but \u00e9tant qu&rsquo;Iris affiche un \u00ab\u00a0<strong><span class=\"gras\">nombre de points chauds<\/span><\/strong>\u00a0\u00bb entre 100 et 500). Le fichier \u00ab\u00a0cosme\u00a0\u00bb ainsi cr\u00e9\u00e9 sera utilis\u00e9 lors de la deuxi\u00e8me partie du traitement.<\/p><div class=\"centre\"><img decoding=\"async\" class=\"aligncenter\" src=\"http:\/\/www.arnaudom.fr\/Img\/tapn32.jpg\" alt=\"Iris\" \/><\/div><p>On cr\u00e9e maintenant notre image de flat en proc\u00e9dant toujours de la m\u00eame fa\u00e7on. On retourne dans le menu <strong><span class=\"gras\">Photo Num\u00e9rique<\/span><\/strong>, on clique sur <strong><span class=\"gras\">D\u00e9codage des fichiers RAW&#8230;<\/span><\/strong>, et comme pr\u00e9c\u00e9demment on va s\u00e9lectionner nos images de flat qu&rsquo;on va d\u00e9poser dans la fen\u00eatre de d\u00e9codage.<\/p><p>De m\u00eame, on tape un nom g\u00e9n\u00e9rique (toujours au hasard, flat par exemple&#8230;), on clique sur <strong><span class=\"gras\">CFA<\/span><\/strong> et sur <strong><span class=\"gras\">Fermer<\/span><\/strong>.<\/p><div class=\"centre\"><img decoding=\"async\" class=\"aligncenter\" src=\"http:\/\/www.arnaudom.fr\/Img\/tapn33.jpg\" alt=\"Iris\" \/><\/div><p>Dans Iris, on va dans <strong><span class=\"gras\">Photo Num\u00e9rique<\/span><\/strong> puis on clique sur<strong> <span class=\"gras\">Faire un flat-field&#8230;<\/span><\/strong> On tape un <strong><span class=\"gras\">nom<\/span><\/strong> (flat par exemple &#8230;), puis on entre le <strong><span class=\"gras\">nom<\/span><\/strong> de notre image d&rsquo;offset, <span class=\"gras\">le<strong> nombre d&rsquo;images<\/strong><\/span>, ici 10 et on clique <strong><span class=\"gras\">OK<\/span><\/strong>.<\/p><div class=\"centre\"><img decoding=\"async\" class=\"aligncenter\" src=\"http:\/\/www.arnaudom.fr\/Img\/tapn34.jpg\" alt=\"Iris\" \/><\/div><p>Sauvegarder l&rsquo;image obtenue en tapant par exemple, <strong><span class=\"gras\">Save flat<\/span><\/strong> &#8230;<\/p><p>Il nous reste maintenant \u00e0 d\u00e9coder les images brutes de l&rsquo;objet proprement dit. Donc m\u00eame proc\u00e9dure : menu <strong><span class=\"gras\">Photo num\u00e9rique<\/span>, <span class=\"gras\">D\u00e9codage des fichiers RAW&#8230;<\/span><\/strong>, et on va d\u00e9poser les images (ici 50 poses de M37).<\/p><p>On tape un <strong><span class=\"gras\">nom<\/span><\/strong>, M37 par exemple, on clique sur <strong><span class=\"gras\">CFA<\/span><\/strong> et sur <strong><span class=\"gras\">Fermer<\/span><\/strong>, et Iris cr\u00e9e ici 50 images baptis\u00e9es M371, M372 etc&#8230; jusqu&rsquo;\u00e0 M3750.<\/p><div class=\"centre\"><img decoding=\"async\" class=\"aligncenter\" src=\"http:\/\/www.arnaudom.fr\/Img\/tapn35.jpg\" alt=\"Iris\" \/><\/div><p>Voil\u00e0, on a donc nos images d&rsquo;offset, de dark, de flat et nos 50 images brutes pr\u00eates \u00e0 \u00eatre utilis\u00e9es par Iris, le pr\u00e9-traitement est termin\u00e9. C&rsquo;\u00e9tait pas si difficile que \u00e7a, non <span class=\"milieu2\"> <img decoding=\"async\" src=\"http:\/\/arnaudom.fr\/Img\/smclin.gif\" alt=\"clin d'oeil\" \/><\/span> ? Allez, on passe \u00e0 la suite !!<\/p>\t\t\t\t\t<\/div>\n\t\t\t\t\t\t<\/div>\n\t\t\t\t<\/div>\n\t\t\t\t\t\t<\/div>\n\t\t\t\t\t<\/div>\n\t\t<\/div>\n\t\t\t\t\t\t\t\t<\/div>\n\t\t\t\t\t<\/div>\n\t\t<\/section>\n\t\t\t\t<section class=\"elementor-section elementor-top-section elementor-element elementor-element-7b50b7b elementor-section-boxed elementor-section-height-default elementor-section-height-default\" data-id=\"7b50b7b\" data-element_type=\"section\" data-settings=\"{&quot;background_background&quot;:&quot;classic&quot;}\">\n\t\t\t\t\t\t<div class=\"elementor-container elementor-column-gap-default\">\n\t\t\t\t\t\t\t<div class=\"elementor-row\">\n\t\t\t\t\t<div class=\"elementor-column elementor-col-50 elementor-top-column elementor-element elementor-element-e0b6c11\" data-id=\"e0b6c11\" data-element_type=\"column\">\n\t\t\t<div class=\"elementor-column-wrap elementor-element-populated\">\n\t\t\t\t\t\t\t<div class=\"elementor-widget-wrap\">\n\t\t\t\t\t\t<div class=\"elementor-element elementor-element-43ffd72 elementor-align-center elementor-widget elementor-widget-button\" data-id=\"43ffd72\" data-element_type=\"widget\" data-widget_type=\"button.default\">\n\t\t\t\t<div class=\"elementor-widget-container\">\n\t\t\t\t\t<div class=\"elementor-button-wrapper\">\n\t\t\t<a href=\"http:\/\/www.arnaudom.fr\/wordpress\/tiris2\" class=\"elementor-button-link elementor-button elementor-size-sm\" role=\"button\">\n\t\t\t\t\t\t<span class=\"elementor-button-content-wrapper\">\n\t\t\t\t\t\t\t<span class=\"elementor-button-icon elementor-align-icon-left\">\n\t\t\t\t<i aria-hidden=\"true\" class=\"fas fa-arrow-left\"><\/i>\t\t\t<\/span>\n\t\t\t\t\t\t<span class=\"elementor-button-text\">Retour au d\u00e9but de l'article <\/span>\n\t\t<\/span>\n\t\t\t\t\t<\/a>\n\t\t<\/div>\n\t\t\t\t<\/div>\n\t\t\t\t<\/div>\n\t\t\t\t\t\t<\/div>\n\t\t\t\t\t<\/div>\n\t\t<\/div>\n\t\t\t\t<div class=\"elementor-column elementor-col-50 elementor-top-column elementor-element elementor-element-4ecb45d\" data-id=\"4ecb45d\" data-element_type=\"column\">\n\t\t\t<div class=\"elementor-column-wrap elementor-element-populated\">\n\t\t\t\t\t\t\t<div class=\"elementor-widget-wrap\">\n\t\t\t\t\t\t<div class=\"elementor-element elementor-element-f30041d elementor-align-center elementor-widget elementor-widget-button\" data-id=\"f30041d\" data-element_type=\"widget\" data-widget_type=\"button.default\">\n\t\t\t\t<div class=\"elementor-widget-container\">\n\t\t\t\t\t<div class=\"elementor-button-wrapper\">\n\t\t\t<a href=\"http:\/\/www.arnaudom.fr\/wordpress\/addiris\" class=\"elementor-button-link elementor-button elementor-size-sm\" role=\"button\">\n\t\t\t\t\t\t<span class=\"elementor-button-content-wrapper\">\n\t\t\t\t\t\t\t<span class=\"elementor-button-icon elementor-align-icon-right\">\n\t\t\t\t<i aria-hidden=\"true\" class=\"fas fa-arrow-right\"><\/i>\t\t\t<\/span>\n\t\t\t\t\t\t<span class=\"elementor-button-text\">Suite<\/span>\n\t\t<\/span>\n\t\t\t\t\t<\/a>\n\t\t<\/div>\n\t\t\t\t<\/div>\n\t\t\t\t<\/div>\n\t\t\t\t\t\t<\/div>\n\t\t\t\t\t<\/div>\n\t\t<\/div>\n\t\t\t\t\t\t\t\t<\/div>\n\t\t\t\t\t<\/div>\n\t\t<\/section>\n\t\t\t\t\t\t\t\t\t<\/div>\n\t\t\t<\/div>\n\t\t\t\t\t<\/div>\n\t\t","protected":false},"excerpt":{"rendered":"<p>Images avec un reflex num\u00e9rique Traitement des images (2\/5) PREMIERE PARTIE : PRE-TRAITEMENT. Lan\u00e7ons Iris. On commence par cr\u00e9er l&rsquo;image d&rsquo;Offset. Pour cela, on va dans le menu Photo Num\u00e9rique, et on clique sur D\u00e9codage des fichiers RAW&#8230; A ce moment-l\u00e0 Iris se r\u00e9duit et la fen\u00eatre \u00ab\u00a0D\u00e9codage de fichiers RAW\u00a0\u00bb appara\u00eet: on s\u00e9lectionne alors &hellip;<\/p>\n<p class=\"read-more\"> <a class=\"\" href=\"https:\/\/www.arnaudom.fr\/wordpress\/preiris\/\"> <span class=\"screen-reader-text\">preiris<\/span> Lire la suite\u00a0\u00bb<\/a><\/p>\n","protected":false},"author":1,"featured_media":0,"parent":0,"menu_order":0,"comment_status":"closed","ping_status":"closed","template":"","meta":{"site-sidebar-layout":"default","site-content-layout":"default","ast-site-content-layout":"","site-content-style":"default","site-sidebar-style":"default","ast-global-header-display":"","ast-banner-title-visibility":"","ast-main-header-display":"","ast-hfb-above-header-display":"","ast-hfb-below-header-display":"","ast-hfb-mobile-header-display":"","site-post-title":"disabled","ast-breadcrumbs-content":"","ast-featured-img":"","footer-sml-layout":"","theme-transparent-header-meta":"default","adv-header-id-meta":"","stick-header-meta":"","header-above-stick-meta":"","header-main-stick-meta":"","header-below-stick-meta":"","astra-migrate-meta-layouts":"","ast-page-background-enabled":"default","ast-page-background-meta":{"desktop":{"background-color":"","background-image":"","background-repeat":"repeat","background-position":"center center","background-size":"auto","background-attachment":"scroll","background-type":"","background-media":"","overlay-type":"","overlay-color":"","overlay-gradient":""},"tablet":{"background-color":"","background-image":"","background-repeat":"repeat","background-position":"center center","background-size":"auto","background-attachment":"scroll","background-type":"","background-media":"","overlay-type":"","overlay-color":"","overlay-gradient":""},"mobile":{"background-color":"","background-image":"","background-repeat":"repeat","background-position":"center center","background-size":"auto","background-attachment":"scroll","background-type":"","background-media":"","overlay-type":"","overlay-color":"","overlay-gradient":""}},"ast-content-background-meta":{"desktop":{"background-color":"var(--ast-global-color-5)","background-image":"","background-repeat":"repeat","background-position":"center center","background-size":"auto","background-attachment":"scroll","background-type":"","background-media":"","overlay-type":"","overlay-color":"","overlay-gradient":""},"tablet":{"background-color":"var(--ast-global-color-5)","background-image":"","background-repeat":"repeat","background-position":"center center","background-size":"auto","background-attachment":"scroll","background-type":"","background-media":"","overlay-type":"","overlay-color":"","overlay-gradient":""},"mobile":{"background-color":"var(--ast-global-color-5)","background-image":"","background-repeat":"repeat","background-position":"center center","background-size":"auto","background-attachment":"scroll","background-type":"","background-media":"","overlay-type":"","overlay-color":"","overlay-gradient":""}},"footnotes":""},"class_list":["post-6374","page","type-page","status-publish","hentry"],"_links":{"self":[{"href":"https:\/\/www.arnaudom.fr\/wordpress\/wp-json\/wp\/v2\/pages\/6374","targetHints":{"allow":["GET"]}}],"collection":[{"href":"https:\/\/www.arnaudom.fr\/wordpress\/wp-json\/wp\/v2\/pages"}],"about":[{"href":"https:\/\/www.arnaudom.fr\/wordpress\/wp-json\/wp\/v2\/types\/page"}],"author":[{"embeddable":true,"href":"https:\/\/www.arnaudom.fr\/wordpress\/wp-json\/wp\/v2\/users\/1"}],"replies":[{"embeddable":true,"href":"https:\/\/www.arnaudom.fr\/wordpress\/wp-json\/wp\/v2\/comments?post=6374"}],"version-history":[{"count":6,"href":"https:\/\/www.arnaudom.fr\/wordpress\/wp-json\/wp\/v2\/pages\/6374\/revisions"}],"predecessor-version":[{"id":6381,"href":"https:\/\/www.arnaudom.fr\/wordpress\/wp-json\/wp\/v2\/pages\/6374\/revisions\/6381"}],"wp:attachment":[{"href":"https:\/\/www.arnaudom.fr\/wordpress\/wp-json\/wp\/v2\/media?parent=6374"}],"curies":[{"name":"wp","href":"https:\/\/api.w.org\/{rel}","templated":true}]}}