{"id":6325,"date":"2020-09-07T11:20:47","date_gmt":"2020-09-07T09:20:47","guid":{"rendered":"http:\/\/www.arnaudom.fr\/wordpress\/?page_id=6325"},"modified":"2020-09-07T11:34:36","modified_gmt":"2020-09-07T09:34:36","slug":"astrometrie","status":"publish","type":"page","link":"https:\/\/www.arnaudom.fr\/wordpress\/astrometrie\/","title":{"rendered":"astrometrie"},"content":{"rendered":"\t\t<div data-elementor-type=\"wp-page\" data-elementor-id=\"6325\" class=\"elementor elementor-6325\">\n\t\t\t\t\t\t<div class=\"elementor-inner\">\n\t\t\t\t<div class=\"elementor-section-wrap\">\n\t\t\t\t\t\t\t\t\t<section class=\"elementor-section elementor-top-section elementor-element elementor-element-a7b78e8 elementor-section-full_width elementor-section-height-default elementor-section-height-default\" data-id=\"a7b78e8\" data-element_type=\"section\" data-settings=\"{&quot;background_background&quot;:&quot;classic&quot;}\">\n\t\t\t\t\t\t<div class=\"elementor-container elementor-column-gap-default\">\n\t\t\t\t\t\t\t<div class=\"elementor-row\">\n\t\t\t\t\t<div class=\"elementor-column elementor-col-100 elementor-top-column elementor-element elementor-element-653ef14\" data-id=\"653ef14\" data-element_type=\"column\" data-settings=\"{&quot;background_background&quot;:&quot;classic&quot;}\">\n\t\t\t<div class=\"elementor-column-wrap elementor-element-populated\">\n\t\t\t\t\t\t\t<div class=\"elementor-widget-wrap\">\n\t\t\t\t\t\t<div class=\"elementor-element elementor-element-fc368b2 elementor-widget elementor-widget-heading\" data-id=\"fc368b2\" data-element_type=\"widget\" data-widget_type=\"heading.default\">\n\t\t\t\t<div class=\"elementor-widget-container\">\n\t\t\t<h1 class=\"elementor-heading-title elementor-size-default\">Astrom\u00e9trie<\/h1>\t\t<\/div>\n\t\t\t\t<\/div>\n\t\t\t\t<div class=\"elementor-element elementor-element-88e0bbb elementor-widget elementor-widget-text-editor\" data-id=\"88e0bbb\" data-element_type=\"widget\" data-widget_type=\"text-editor.default\">\n\t\t\t\t<div class=\"elementor-widget-container\">\n\t\t\t\t\t\t\t\t<div class=\"elementor-text-editor elementor-clearfix\">\n\t\t\t\t<p><em>Ecrit le 30\/04\/15.<\/em><\/p>\t\t\t\t\t<\/div>\n\t\t\t\t\t\t<\/div>\n\t\t\t\t<\/div>\n\t\t\t\t<div class=\"elementor-element elementor-element-6e10c91 elementor-widget elementor-widget-text-editor\" data-id=\"6e10c91\" data-element_type=\"widget\" data-widget_type=\"text-editor.default\">\n\t\t\t\t<div class=\"elementor-widget-container\">\n\t\t\t\t\t\t\t\t<div class=\"elementor-text-editor elementor-clearfix\">\n\t\t\t\t<p>Faire des images, c&rsquo;est bien&#8230; Pouvoir identifier et r\u00e9f\u00e9rencer les objets pr\u00e9sents sur ses propres clich\u00e9s, c&rsquo;est mieux ! Cela permet de donner une orientation un peu scientifique (sans trop de pr\u00e9tention) \u00e0 nos photos, plut\u00f4t que d&rsquo;en faire simplement des objets esth\u00e9tiques (ce qui bien entendu reste un objectif tout \u00e0 fait louable par ailleurs !).<\/p><p>PixInsight nous permet justement de faire cela de mani\u00e8re tout \u00e0 fait simple ! Voyons comment. A noter que la proc\u00e9dure suivante n\u00e9cessite d&rsquo;\u00eatre connect\u00e9 \u00e0 Internet.<\/p>\t\t\t\t\t<\/div>\n\t\t\t\t\t\t<\/div>\n\t\t\t\t<\/div>\n\t\t\t\t<div class=\"elementor-element elementor-element-fc78085 elementor-widget elementor-widget-heading\" data-id=\"fc78085\" data-element_type=\"widget\" data-widget_type=\"heading.default\">\n\t\t\t\t<div class=\"elementor-widget-container\">\n\t\t\t<h2 class=\"elementor-heading-title elementor-size-default\">1-Proc\u00e9dure<\/h2>\t\t<\/div>\n\t\t\t\t<\/div>\n\t\t\t\t<div class=\"elementor-element elementor-element-55f2589 elementor-widget elementor-widget-text-editor\" data-id=\"55f2589\" data-element_type=\"widget\" data-widget_type=\"text-editor.default\">\n\t\t\t\t<div class=\"elementor-widget-container\">\n\t\t\t\t\t\t\t\t<div class=\"elementor-text-editor elementor-clearfix\">\n\t\t\t\t<p>On commence par ouvrir une image de l&rsquo;objet souhait\u00e9. J&rsquo;ai pris par exemple mon image de l&rsquo;amas globulaire M3.<\/p><div class=\"centre\"><img decoding=\"async\" class=\"aligncenter\" src=\"http:\/\/www.arnaudom.fr\/Img\/Astro001.jpg\" alt=\"Pix\" \/><\/div><p>Attention, il faut que l&rsquo;image soit \u00e0 sa taille d&rsquo;acquisition. Si vous en avez modifi\u00e9 les dimensions, cela ne fonctionnera pas car le logiciel va calculer la position des objets en utilisant la focale de l&rsquo;instrument et la taille des pixels de l&rsquo;imageur que vous aurez utilis\u00e9.<\/p><p>On lance maintenant le script <strong><span class=\"gras\">Plate Solver<\/span><\/strong> qui se trouve dans le menu <strong><span class=\"gras\">Script\/Image Analysis<\/span><\/strong> :<\/p><div class=\"centre\"><img decoding=\"async\" class=\"aligncenter\" src=\"http:\/\/www.arnaudom.fr\/Img\/Astro002.jpg\" alt=\"Pix\" \/><\/div><p>Normalement l&rsquo;image \u00e9tant ouverte, le bouton <strong><span class=\"gras\">Active Window<\/span><\/strong> est coch\u00e9. On clique sur <strong><span class=\"gras\">Search<\/span><\/strong> (il va chercher sur Internet, donc il faut \u00eatre connect\u00e9&#8230;) puis, dans la nouvelle fen\u00eatre qui appara\u00eet, on tape <strong><span class=\"gras\">M3<\/span><\/strong> et on clique sur la <strong><span class=\"gras\">loupe<\/span><\/strong>.<\/p><p>Il trouve NGC 5272 (nom NGC de M3): on clique dessus puis sur <strong><span class=\"gras\">OK<\/span><\/strong>.<\/p><div class=\"centre\"><img decoding=\"async\" class=\"aligncenter\" src=\"http:\/\/www.arnaudom.fr\/Img\/Astro003.jpg\" alt=\"Pix\" \/><\/div><p>On retourne alors \u00e0 la fen\u00eatre pr\u00e9c\u00e9dente, qui contient maintenant les coordonn\u00e9es en <strong><span class=\"gras\">Ascension Droite<\/span><\/strong> (Right Ascension) et en <strong><span class=\"gras\">D\u00e9clinaison<\/span> <\/strong>(Declination) de M3. Dans la case <strong><span class=\"gras\">Focal Distance<\/span><\/strong> on entre maintenant la focale de l&rsquo;instrument (<strong><span class=\"gras\">800<\/span><\/strong> pour moi) et dans la case<strong> <span class=\"gras\">Pixel Size<\/span><\/strong> la taille des pixels du capteur utilis\u00e9 (<strong><span class=\"gras\">6,4<\/span> <\/strong>pour le Canon 350D. Information que vous trouverez sur Internet pour votre capteur). Ne reste plus qu&rsquo;\u00e0 cliquer sur <strong><span class=\"gras\">OK<\/span><\/strong>.<\/p><div class=\"centre\"><img decoding=\"async\" class=\"aligncenter\" src=\"http:\/\/www.arnaudom.fr\/Img\/Astro004.jpg\" alt=\"Pix\" \/><\/div><p>Le logiciel se met au travail pour identifier les \u00e9toiles contenues dans l&rsquo;image et les faire correspondre avec celles du catalogue. Normalement, la console affiche \u00e0 la fin les coordonn\u00e9es de l&rsquo;image (de son centre et de ses 4 coins). Dans mon exemple j&rsquo;ai d\u00fb m&rsquo;y reprendre \u00e0 deux fois pour que cela marche, il a fallu changer la valeur de la magnitude dans la case <strong><span class=\"gras\">Limit magnitude:<\/span><\/strong> et la mettre \u00e0 12.<\/p><div class=\"centre\"><img decoding=\"async\" class=\"aligncenter\" src=\"http:\/\/www.arnaudom.fr\/Img\/Astro005.jpg\" alt=\"Pix\" \/><\/div><p>Bref, le script a permis de d\u00e9terminer les coordonn\u00e9es de l&rsquo;image, le plus dur est fait.<\/p><p>On lance maintenant le script <strong><span class=\"gras\">Annotate Image<\/span><\/strong> dans le menu <strong><span class=\"gras\">Script\/Render<\/span><\/strong>.<\/p><div class=\"centre\"><img decoding=\"async\" class=\"aligncenter\" src=\"http:\/\/www.arnaudom.fr\/Img\/Astro006.jpg\" alt=\"Pix\" \/><\/div><p>Il y a une s\u00e9rie de catalogues d&rsquo;objets qui sont s\u00e9lectionn\u00e9s. J&rsquo;ai coch\u00e9 en plus le catalogue PGC qui contient un tr\u00e8s grand nombre de galaxies. On clique sur <strong><span class=\"gras\">OK<\/span><\/strong> et le logiciel cr\u00e8e une image avec le pr\u00e9fixe <strong><span class=\"gras\">Annotated<\/span><\/strong> dans laquelle sont rep\u00e9r\u00e9s tous les objets qui ont pu \u00eatre identifi\u00e9es \u00e0 partir des catalogues choisis.<\/p><div class=\"centre\"><img decoding=\"async\" class=\"aligncenter\" src=\"http:\/\/www.arnaudom.fr\/Img\/Astro007.jpg\" alt=\"Pix\" \/><\/div><p>Tous les cercles bleus sont des galaxies, il y en a plein l&rsquo;image <span class=\"milieu2\"> <img decoding=\"async\" src=\"http:\/\/arnaudom.fr\/Img\/smrire.gif\" alt=\"rire\" \/><\/span>&#8230;<\/p><div class=\"centre\"><img decoding=\"async\" class=\"aligncenter\" src=\"http:\/\/www.arnaudom.fr\/Img\/Astro008.jpg\" alt=\"Pix\" \/><\/div><p>Et une jolie petite NGC 5263 en bas de l&rsquo;image !!<\/p><div class=\"centre\"><img decoding=\"async\" class=\"aligncenter\" src=\"http:\/\/www.arnaudom.fr\/Img\/Astro009.jpg\" alt=\"Pix\" \/><\/div><p>Bref, on peut donc facilement identifier tous les objets pr\u00e9sents sur nos images. On peut s\u00e9lectionner le type d&rsquo;objets \u00e0 rep\u00e9rer en cochant ou d\u00e9cochant les catalogues qui nous int\u00e9ressent, on peut \u00e9galement en ajouter en cliquant sur la <strong><span class=\"gras\">croix verte<\/span> <\/strong>en-dessous de la liste des catalogues.<\/p><p>L&rsquo;affichage des annotations est enti\u00e8rement param\u00e9trable : on peut choisir la police, les couleurs et \u00e9galement la taille en d\u00e9pla\u00e7ant le curseur en face de <strong><span class=\"gras\">Graphics scale<\/span><\/strong>. On peut \u00e9galement faire une pr\u00e9visualisation du r\u00e9sultat en cliquant sur l&rsquo;ic\u00f4ne <strong><span class=\"gras\">Preview<\/span><\/strong>.<\/p>\t\t\t\t\t<\/div>\n\t\t\t\t\t\t<\/div>\n\t\t\t\t<\/div>\n\t\t\t\t<div class=\"elementor-element elementor-element-4bfc3f4 elementor-widget elementor-widget-heading\" data-id=\"4bfc3f4\" data-element_type=\"widget\" data-widget_type=\"heading.default\">\n\t\t\t\t<div class=\"elementor-widget-container\">\n\t\t\t<h2 class=\"elementor-heading-title elementor-size-default\">2-Autre exemple : la galaxie M33<\/h2>\t\t<\/div>\n\t\t\t\t<\/div>\n\t\t\t\t<div class=\"elementor-element elementor-element-c8ece3a elementor-widget elementor-widget-text-editor\" data-id=\"c8ece3a\" data-element_type=\"widget\" data-widget_type=\"text-editor.default\">\n\t\t\t\t<div class=\"elementor-widget-container\">\n\t\t\t\t\t\t\t\t<div class=\"elementor-text-editor elementor-clearfix\">\n\t\t\t\t<p>J&rsquo;ai appliqu\u00e9 la proc\u00e9dure sur ma photo de M33, c&rsquo;est un objet tr\u00e8s int\u00e9ressant car la galaxie contient elle-m\u00eame des objets identifiables.<\/p><div class=\"centre\"><img decoding=\"async\" class=\"aligncenter\" src=\"http:\/\/www.arnaudom.fr\/Img\/M33_Annotated.jpg\" alt=\"Pix\" \/><\/div><p>Et voil\u00e0, en gros plan on voit NGC 604 et NGC 595, qui sont des n\u00e9buleuses extragalactiques puisqu&rsquo;elles appartiennent \u00e0 M33 :<\/p><div class=\"centre\"><img decoding=\"async\" class=\"aligncenter\" src=\"http:\/\/www.arnaudom.fr\/Img\/M33crop.jpg\" alt=\"Pix\" \/><\/div><p>On peut y ajouter tous les IC &#8230; appartenant \u00e0 la galaxie.<\/p><p>Bref, on a donc l\u00e0 une fonctionnalit\u00e9 tr\u00e8s int\u00e9ressante de PixInsight, facile \u00e0 mettre en oeuvre et qui redonne un nouvel int\u00e9r\u00eat aux photos astronomiques que l&rsquo;on peut r\u00e9aliser en tant qu&rsquo;amateur !<\/p>\t\t\t\t\t<\/div>\n\t\t\t\t\t\t<\/div>\n\t\t\t\t<\/div>\n\t\t\t\t\t\t<\/div>\n\t\t\t\t\t<\/div>\n\t\t<\/div>\n\t\t\t\t\t\t\t\t<\/div>\n\t\t\t\t\t<\/div>\n\t\t<\/section>\n\t\t\t\t\t\t\t\t\t<\/div>\n\t\t\t<\/div>\n\t\t\t\t\t<\/div>\n\t\t","protected":false},"excerpt":{"rendered":"<p>Astrom\u00e9trie Ecrit le 30\/04\/15. Faire des images, c&rsquo;est bien&#8230; Pouvoir identifier et r\u00e9f\u00e9rencer les objets pr\u00e9sents sur ses propres clich\u00e9s, c&rsquo;est mieux ! Cela permet de donner une orientation un peu scientifique (sans trop de pr\u00e9tention) \u00e0 nos photos, plut\u00f4t que d&rsquo;en faire simplement des objets esth\u00e9tiques (ce qui bien entendu reste un objectif tout &hellip;<\/p>\n<p class=\"read-more\"> <a class=\"\" href=\"https:\/\/www.arnaudom.fr\/wordpress\/astrometrie\/\"> <span class=\"screen-reader-text\">astrometrie<\/span> Lire la suite\u00a0\u00bb<\/a><\/p>\n","protected":false},"author":1,"featured_media":0,"parent":0,"menu_order":0,"comment_status":"closed","ping_status":"closed","template":"","meta":{"site-sidebar-layout":"default","site-content-layout":"default","ast-site-content-layout":"","site-content-style":"default","site-sidebar-style":"default","ast-global-header-display":"","ast-banner-title-visibility":"","ast-main-header-display":"","ast-hfb-above-header-display":"","ast-hfb-below-header-display":"","ast-hfb-mobile-header-display":"","site-post-title":"disabled","ast-breadcrumbs-content":"","ast-featured-img":"","footer-sml-layout":"","theme-transparent-header-meta":"default","adv-header-id-meta":"","stick-header-meta":"","header-above-stick-meta":"","header-main-stick-meta":"","header-below-stick-meta":"","astra-migrate-meta-layouts":"","ast-page-background-enabled":"default","ast-page-background-meta":{"desktop":{"background-color":"","background-image":"","background-repeat":"repeat","background-position":"center center","background-size":"auto","background-attachment":"scroll","background-type":"","background-media":"","overlay-type":"","overlay-color":"","overlay-gradient":""},"tablet":{"background-color":"","background-image":"","background-repeat":"repeat","background-position":"center center","background-size":"auto","background-attachment":"scroll","background-type":"","background-media":"","overlay-type":"","overlay-color":"","overlay-gradient":""},"mobile":{"background-color":"","background-image":"","background-repeat":"repeat","background-position":"center center","background-size":"auto","background-attachment":"scroll","background-type":"","background-media":"","overlay-type":"","overlay-color":"","overlay-gradient":""}},"ast-content-background-meta":{"desktop":{"background-color":"var(--ast-global-color-5)","background-image":"","background-repeat":"repeat","background-position":"center center","background-size":"auto","background-attachment":"scroll","background-type":"","background-media":"","overlay-type":"","overlay-color":"","overlay-gradient":""},"tablet":{"background-color":"var(--ast-global-color-5)","background-image":"","background-repeat":"repeat","background-position":"center center","background-size":"auto","background-attachment":"scroll","background-type":"","background-media":"","overlay-type":"","overlay-color":"","overlay-gradient":""},"mobile":{"background-color":"var(--ast-global-color-5)","background-image":"","background-repeat":"repeat","background-position":"center center","background-size":"auto","background-attachment":"scroll","background-type":"","background-media":"","overlay-type":"","overlay-color":"","overlay-gradient":""}},"footnotes":""},"class_list":["post-6325","page","type-page","status-publish","hentry"],"_links":{"self":[{"href":"https:\/\/www.arnaudom.fr\/wordpress\/wp-json\/wp\/v2\/pages\/6325","targetHints":{"allow":["GET"]}}],"collection":[{"href":"https:\/\/www.arnaudom.fr\/wordpress\/wp-json\/wp\/v2\/pages"}],"about":[{"href":"https:\/\/www.arnaudom.fr\/wordpress\/wp-json\/wp\/v2\/types\/page"}],"author":[{"embeddable":true,"href":"https:\/\/www.arnaudom.fr\/wordpress\/wp-json\/wp\/v2\/users\/1"}],"replies":[{"embeddable":true,"href":"https:\/\/www.arnaudom.fr\/wordpress\/wp-json\/wp\/v2\/comments?post=6325"}],"version-history":[{"count":7,"href":"https:\/\/www.arnaudom.fr\/wordpress\/wp-json\/wp\/v2\/pages\/6325\/revisions"}],"predecessor-version":[{"id":6333,"href":"https:\/\/www.arnaudom.fr\/wordpress\/wp-json\/wp\/v2\/pages\/6325\/revisions\/6333"}],"wp:attachment":[{"href":"https:\/\/www.arnaudom.fr\/wordpress\/wp-json\/wp\/v2\/media?parent=6325"}],"curies":[{"name":"wp","href":"https:\/\/api.w.org\/{rel}","templated":true}]}}