{"id":6295,"date":"2020-09-05T07:57:24","date_gmt":"2020-09-05T05:57:24","guid":{"rendered":"http:\/\/www.arnaudom.fr\/wordpress\/?page_id=6295"},"modified":"2020-09-05T08:11:42","modified_gmt":"2020-09-05T06:11:42","slug":"masquerange","status":"publish","type":"page","link":"https:\/\/www.arnaudom.fr\/wordpress\/masquerange\/","title":{"rendered":"masquerange"},"content":{"rendered":"\t\t<div data-elementor-type=\"wp-page\" data-elementor-id=\"6295\" class=\"elementor elementor-6295\">\n\t\t\t\t\t\t<div class=\"elementor-inner\">\n\t\t\t\t<div class=\"elementor-section-wrap\">\n\t\t\t\t\t\t\t\t\t<section class=\"elementor-section elementor-top-section elementor-element elementor-element-13122c7 elementor-section-boxed elementor-section-height-default elementor-section-height-default\" data-id=\"13122c7\" data-element_type=\"section\">\n\t\t\t\t\t\t<div class=\"elementor-container elementor-column-gap-default\">\n\t\t\t\t\t\t\t<div class=\"elementor-row\">\n\t\t\t\t\t<div class=\"elementor-column elementor-col-100 elementor-top-column elementor-element elementor-element-7287f33\" data-id=\"7287f33\" data-element_type=\"column\" data-settings=\"{&quot;background_background&quot;:&quot;classic&quot;}\">\n\t\t\t<div class=\"elementor-column-wrap elementor-element-populated\">\n\t\t\t\t\t\t\t<div class=\"elementor-widget-wrap\">\n\t\t\t\t\t\t<div class=\"elementor-element elementor-element-1b42419 elementor-widget elementor-widget-heading\" data-id=\"1b42419\" data-element_type=\"widget\" data-widget_type=\"heading.default\">\n\t\t\t\t<div class=\"elementor-widget-container\">\n\t\t\t<h1 class=\"elementor-heading-title elementor-size-default\">Les masques (2\u00e8me partie - 3\/4)<\/h1>\t\t<\/div>\n\t\t\t\t<\/div>\n\t\t\t\t<div class=\"elementor-element elementor-element-c412ab2 elementor-widget elementor-widget-heading\" data-id=\"c412ab2\" data-element_type=\"widget\" data-widget_type=\"heading.default\">\n\t\t\t\t<div class=\"elementor-widget-container\">\n\t\t\t<h2 class=\"elementor-heading-title elementor-size-default\">3-Masque de l'objet \u00e0 l'aide du process RangeSelection<\/h2>\t\t<\/div>\n\t\t\t\t<\/div>\n\t\t\t\t<div class=\"elementor-element elementor-element-552b443 elementor-widget elementor-widget-text-editor\" data-id=\"552b443\" data-element_type=\"widget\" data-widget_type=\"text-editor.default\">\n\t\t\t\t<div class=\"elementor-widget-container\">\n\t\t\t\t\t\t\t\t<div class=\"elementor-text-editor elementor-clearfix\">\n\t\t\t\t<p>Voici une autre m\u00e9thode pour cr\u00e9er un masque de notre objet. L&rsquo;objectif est toujours le m\u00eame, \u00e0 savoir isoler notre objet du reste de l&rsquo;image, et comme pr\u00e9c\u00e9demment on va pour cela combiner deux masques pour en cr\u00e9er un seul. On va donc \u00e0 nouveau utiliser d&rsquo;une part un masque d&rsquo;\u00e9toiles et d&rsquo;autre part un masque qui cette fois sera cr\u00e9\u00e9 \u00e0 l&rsquo;aide du process RangeSelection plut\u00f4t qu&rsquo;\u00e0 partir d&rsquo;un masque de luminance.<\/p><p>Cette m\u00e9thode est utilis\u00e9e dans cet <a href=\"http:\/\/www.pixinsight.com.ar\/en\/info\/processing-examples\/3\/ngc-253-sculptor-galaxy.html\">exemple de traitement de la galaxie du sculpteur NGC 253<\/a> que j&rsquo;ai trouv\u00e9 sur le site officiel de PixInsight, dans la rubrique <a href=\"http:\/\/www.pixinsight.com.ar\/en\/processing-examples.html\">PixInsight Resources\/Processing Examples<\/a>. L&rsquo;auteur cr\u00e9e un masque de la galaxie de cette fa\u00e7on-l\u00e0.<\/p><p>On a donc toujours besoin de notre masque d&rsquo;\u00e9toiles <strong><span class=\"gras\">star_mask_2<\/span><\/strong>.<\/p><div class=\"centre\"><img decoding=\"async\" class=\"aligncenter\" src=\"http:\/\/www.arnaudom.fr\/Img\/pix366.jpg\" alt=\"Pix\" \/><\/div><p>On va maintenant utiliser le process <strong><span class=\"gras\">RangeSelection<\/span><\/strong> sur notre image pour cr\u00e9er un masque de notre image de M16. On lance le process et on ouvre le <strong><span class=\"gras\">Real-Time Preview<\/span><\/strong>. On obtient une image toute blanche.<\/p><div class=\"centre\"><img decoding=\"async\" class=\"aligncenter\" src=\"http:\/\/www.arnaudom.fr\/Img\/pix379.jpg\" alt=\"Pix\" \/><\/div><p>L&rsquo;utilisation du process est assez intuitif : on joue avec le curseur <strong><span class=\"gras\">Upper limit<\/span><\/strong> en le poussant vers la gauche, et le but est ici de faire apparaitre la n\u00e9buleuse et les \u00e9toiles, sans faire monter le fond de ciel.<\/p><div class=\"centre\"><img decoding=\"async\" class=\"aligncenter\" src=\"http:\/\/www.arnaudom.fr\/Img\/pix380.jpg\" alt=\"Pix\" \/><\/div><p>On peut ensuite pousser un peu le curseur <strong><span class=\"gras\">Smoothness<\/span><\/strong> vers la droite pour adoucir le masque.<\/p><div class=\"centre\"><img decoding=\"async\" class=\"aligncenter\" src=\"http:\/\/www.arnaudom.fr\/Img\/pix381.jpg\" alt=\"Pix\" \/><\/div><p>Une fois les r\u00e9glages termin\u00e9s, on applique maintenant le process sur l&rsquo;image et on cr\u00e9e ainsi un masque nomm\u00e9 <strong><span class=\"gras\">range_mask<\/span><\/strong>.<\/p><div class=\"centre\"><img decoding=\"async\" class=\"aligncenter\" src=\"http:\/\/www.arnaudom.fr\/Img\/pix382.jpg\" alt=\"Pix\" \/><\/div><p>On utilise maintenant le process <strong><span class=\"gras\">Pixelmath<\/span><\/strong> : \u00e0 la ligne <strong><span class=\"gras\">RGB\/K<\/span><\/strong> on va taper l&rsquo;op\u00e9ration <strong><span class=\"gras\">range_mask+stark_mask_2<\/span><\/strong> afin de combiner les deux masques. Dans le masque d&rsquo;\u00e9toiles les \u00e9toiles sont blanches, donc on va les additionner avec le \u00ab\u00a0range-mask\u00a0\u00bb dans lequel elles sont noires. Ainsi toutes les \u00e9toiles vont se retrouver blanches et vont se confondre avec le ciel. On aura donc ainsi isol\u00e9 notre n\u00e9buleuse.<\/p><div class=\"centre\"><img decoding=\"async\" class=\"aligncenter\" src=\"http:\/\/www.arnaudom.fr\/Img\/pix383.jpg\" alt=\"Pix\" \/><\/div><p>Dans la zone <strong><span class=\"gras\">Destination<\/span><\/strong> du process, on <strong><span class=\"gras\">d\u00e9coche<\/span><\/strong> la case <strong><span class=\"gras\">Rescale result<\/span><\/strong>. On <strong><span class=\"gras\">coche<\/span><\/strong> la case <strong><span class=\"gras\">Create new image<\/span><\/strong> et, dans la ligne <strong><span class=\"gras\">Image Id<\/span><\/strong>, on donne un nom \u00e0 notre masque, par exemple <strong><span class=\"gras\">Masque_objet<\/span><\/strong>. On clique sur le <strong><span class=\"gras\">carr\u00e9 bleu<\/span><\/strong> (l&rsquo;image \u00e0 traiter doit \u00eatre ouverte afin de cr\u00e9er un masque aux m\u00eames dimensions qu&rsquo;elle).<\/p><div class=\"centre\"><img decoding=\"async\" class=\"aligncenter\" src=\"http:\/\/www.arnaudom.fr\/Img\/pix369.jpg\" alt=\"Pix\" \/><\/div><p>Le masque est cr\u00e9\u00e9, cette fois la n\u00e9buleuse est noire et le ciel et les \u00e9toiles sont blanches. Il reste des aur\u00e9oles noires autour des \u00e9toiles, il faudra voir si cela est g\u00eanant lors de l&rsquo;utilisation du masque.<\/p><div class=\"centre\"><img decoding=\"async\" class=\"aligncenter\" src=\"http:\/\/www.arnaudom.fr\/Img\/pix384.jpg\" alt=\"Pix\" \/><\/div><p>On peut \u00e9ventuellement utiliser le process <strong><span class=\"gras\">HistogramTransformation<\/span><\/strong> en poussant le<strong> <span class=\"gras\">curseur du centre vers la gauche<\/span><\/strong> pour r\u00e9duire un peu la taille des aur\u00e9oles noires.<\/p><div class=\"centre\"><img decoding=\"async\" class=\"aligncenter\" src=\"http:\/\/www.arnaudom.fr\/Img\/pix385.jpg\" alt=\"Pix\" \/><\/div><p>Si on applique directement le masque, il prot\u00e8ge les zones rouges, donc la n\u00e9buleuse est ici prot\u00e9g\u00e9e.<\/p><div class=\"centre\"><img decoding=\"async\" class=\"aligncenter\" src=\"http:\/\/www.arnaudom.fr\/Img\/pix386.jpg\" alt=\"Pix\" \/><\/div><p>Pour traiter notre n\u00e9buleuse, il faut donc <strong><span class=\"gras\">inverser<\/span><\/strong> le masque.<\/p><div class=\"centre\"><img decoding=\"async\" class=\"aligncenter\" src=\"http:\/\/www.arnaudom.fr\/Img\/pix387.jpg\" alt=\"Pix\" \/><\/div><p>On peut utiliser le process <strong><span class=\"gras\">CurvesTransformation<\/span><\/strong> pour faire une saturation des couleurs. On s\u00e9lectionne la courbe Saturation (on clique sur <strong><span class=\"gras\">S<\/span><\/strong>), on lance le <strong><span class=\"gras\">Real-Time Preview<\/span><\/strong>, puis on remonte la courbe.<\/p><div class=\"centre\"><img decoding=\"async\" class=\"aligncenter\" src=\"http:\/\/www.arnaudom.fr\/Img\/pix388.jpg\" alt=\"Pix\" \/><\/div><p>Et on applique le process pour terminer.<\/p><div class=\"centre\"><img decoding=\"async\" class=\"aligncenter\" src=\"http:\/\/www.arnaudom.fr\/Img\/pix389.jpg\" alt=\"Pix\" \/><\/div><p>A comparer avec l&rsquo;image de d\u00e9part :<\/p><div class=\"centre\"><img decoding=\"async\" class=\"aligncenter\" src=\"http:\/\/www.arnaudom.fr\/Img\/pix377.jpg\" alt=\"Pix\" \/><\/div><p>On a donc vu deux m\u00e9thodes pour cr\u00e9er un masque de notre objet. Cependant, ces deux m\u00e9thodes ne donnent pas des masques avec les m\u00eames caract\u00e9ristiques.<\/p><p>Avec le masque de luminance, le centre de notre n\u00e9buleuse ressemble \u00e0 ceci :<\/p><div class=\"centre\"><img decoding=\"async\" class=\"aligncenter\" src=\"http:\/\/www.arnaudom.fr\/Img\/pix390.jpg\" alt=\"Pix\" \/><\/div><p>Tandis qu&rsquo;avec le \u00ab\u00a0range_mask\u00a0\u00bb, on voit cela :<\/p><div class=\"centre\"><img decoding=\"async\" class=\"aligncenter\" src=\"http:\/\/www.arnaudom.fr\/Img\/pix391.jpg\" alt=\"Pix\" \/><\/div><p>Donc dans le premier cas le masque est plus \u00ab\u00a0subtil\u00a0\u00bb, on voit plus de nuances, alors qu&rsquo;avec le second la n\u00e9buleuse est presque enti\u00e8rement noire, sans d\u00e9tail.<\/p><p>Par exemple avec le premier masque j&rsquo;ai juste pouss\u00e9 un peu la courbe des rouges avec <strong><span class=\"gras\">CurvesTransformation<\/span><\/strong> pour faire ressortir cette couleur. Mais lorsque j&rsquo;ai employ\u00e9 la m\u00eame m\u00e9thode avec le second masque, l&rsquo;ensemble de la n\u00e9buleuse est devenue rouge, sans aucune nuance, et le r\u00e9sultat obtenu semblait tr\u00e8s artificiel. C&rsquo;est pourquoi avec le second masque j&rsquo;ai pr\u00e9f\u00e9r\u00e9 plut\u00f4t pousser la saturation, le rouge ressort ainsi mais \u00e9galement les autres couleurs, ce qui conserve des nuances dans la n\u00e9buleuse et lui garde un aspect plus naturel.<\/p><p>Donc un m\u00eame traitement n&rsquo;aura pas le m\u00eame impact selon qu&rsquo;on utilisera l&rsquo;un ou l&rsquo;autre type de masque. C&rsquo;est \u00e0 tester selon les cas, le type d&rsquo;objet et le type de traitement qu&rsquo;on voudra employer !<\/p>\t\t\t\t\t<\/div>\n\t\t\t\t\t\t<\/div>\n\t\t\t\t<\/div>\n\t\t\t\t\t\t<\/div>\n\t\t\t\t\t<\/div>\n\t\t<\/div>\n\t\t\t\t\t\t\t\t<\/div>\n\t\t\t\t\t<\/div>\n\t\t<\/section>\n\t\t\t\t<section class=\"elementor-section elementor-top-section elementor-element elementor-element-8e42f51 elementor-section-boxed elementor-section-height-default elementor-section-height-default\" data-id=\"8e42f51\" data-element_type=\"section\" data-settings=\"{&quot;background_background&quot;:&quot;classic&quot;}\">\n\t\t\t\t\t\t<div class=\"elementor-container elementor-column-gap-default\">\n\t\t\t\t\t\t\t<div class=\"elementor-row\">\n\t\t\t\t\t<div class=\"elementor-column elementor-col-50 elementor-top-column elementor-element elementor-element-94ab9a8\" data-id=\"94ab9a8\" data-element_type=\"column\">\n\t\t\t<div class=\"elementor-column-wrap elementor-element-populated\">\n\t\t\t\t\t\t\t<div class=\"elementor-widget-wrap\">\n\t\t\t\t\t\t<div class=\"elementor-element elementor-element-83762ad elementor-align-center elementor-widget elementor-widget-button\" data-id=\"83762ad\" data-element_type=\"widget\" data-widget_type=\"button.default\">\n\t\t\t\t<div class=\"elementor-widget-container\">\n\t\t\t\t\t<div class=\"elementor-button-wrapper\">\n\t\t\t<a href=\"http:\/\/www.arnaudom.fr\/wordpress\/masquesobjet\" class=\"elementor-button-link elementor-button elementor-size-sm\" role=\"button\">\n\t\t\t\t\t\t<span class=\"elementor-button-content-wrapper\">\n\t\t\t\t\t\t\t<span class=\"elementor-button-icon elementor-align-icon-left\">\n\t\t\t\t<i aria-hidden=\"true\" class=\"fas fa-arrow-left\"><\/i>\t\t\t<\/span>\n\t\t\t\t\t\t<span class=\"elementor-button-text\">Page 2<\/span>\n\t\t<\/span>\n\t\t\t\t\t<\/a>\n\t\t<\/div>\n\t\t\t\t<\/div>\n\t\t\t\t<\/div>\n\t\t\t\t\t\t<\/div>\n\t\t\t\t\t<\/div>\n\t\t<\/div>\n\t\t\t\t<div class=\"elementor-column elementor-col-50 elementor-top-column elementor-element elementor-element-b444620\" data-id=\"b444620\" data-element_type=\"column\">\n\t\t\t<div class=\"elementor-column-wrap elementor-element-populated\">\n\t\t\t\t\t\t\t<div class=\"elementor-widget-wrap\">\n\t\t\t\t\t\t<div class=\"elementor-element elementor-element-e01df54 elementor-align-center elementor-widget elementor-widget-button\" data-id=\"e01df54\" data-element_type=\"widget\" data-widget_type=\"button.default\">\n\t\t\t\t<div class=\"elementor-widget-container\">\n\t\t\t\t\t<div class=\"elementor-button-wrapper\">\n\t\t\t<a href=\"http:\/\/www.arnaudom.fr\/wordpress\/masquepartie\" class=\"elementor-button-link elementor-button elementor-size-sm\" role=\"button\">\n\t\t\t\t\t\t<span class=\"elementor-button-content-wrapper\">\n\t\t\t\t\t\t\t<span class=\"elementor-button-icon elementor-align-icon-right\">\n\t\t\t\t<i aria-hidden=\"true\" class=\"fas fa-arrow-right\"><\/i>\t\t\t<\/span>\n\t\t\t\t\t\t<span class=\"elementor-button-text\">Page 4<\/span>\n\t\t<\/span>\n\t\t\t\t\t<\/a>\n\t\t<\/div>\n\t\t\t\t<\/div>\n\t\t\t\t<\/div>\n\t\t\t\t\t\t<\/div>\n\t\t\t\t\t<\/div>\n\t\t<\/div>\n\t\t\t\t\t\t\t\t<\/div>\n\t\t\t\t\t<\/div>\n\t\t<\/section>\n\t\t\t\t\t\t\t\t\t<\/div>\n\t\t\t<\/div>\n\t\t\t\t\t<\/div>\n\t\t","protected":false},"excerpt":{"rendered":"<p>Les masques (2\u00e8me partie &#8211; 3\/4) 3-Masque de l&rsquo;objet \u00e0 l&rsquo;aide du process RangeSelection Voici une autre m\u00e9thode pour cr\u00e9er un masque de notre objet. L&rsquo;objectif est toujours le m\u00eame, \u00e0 savoir isoler notre objet du reste de l&rsquo;image, et comme pr\u00e9c\u00e9demment on va pour cela combiner deux masques pour en cr\u00e9er un seul. On &hellip;<\/p>\n<p class=\"read-more\"> <a class=\"\" href=\"https:\/\/www.arnaudom.fr\/wordpress\/masquerange\/\"> <span class=\"screen-reader-text\">masquerange<\/span> Lire la suite\u00a0\u00bb<\/a><\/p>\n","protected":false},"author":1,"featured_media":0,"parent":0,"menu_order":0,"comment_status":"closed","ping_status":"closed","template":"","meta":{"site-sidebar-layout":"default","site-content-layout":"default","ast-site-content-layout":"","site-content-style":"default","site-sidebar-style":"default","ast-global-header-display":"","ast-banner-title-visibility":"","ast-main-header-display":"","ast-hfb-above-header-display":"","ast-hfb-below-header-display":"","ast-hfb-mobile-header-display":"","site-post-title":"disabled","ast-breadcrumbs-content":"","ast-featured-img":"","footer-sml-layout":"","theme-transparent-header-meta":"default","adv-header-id-meta":"","stick-header-meta":"","header-above-stick-meta":"","header-main-stick-meta":"","header-below-stick-meta":"","astra-migrate-meta-layouts":"","ast-page-background-enabled":"default","ast-page-background-meta":{"desktop":{"background-color":"","background-image":"","background-repeat":"repeat","background-position":"center center","background-size":"auto","background-attachment":"scroll","background-type":"","background-media":"","overlay-type":"","overlay-color":"","overlay-gradient":""},"tablet":{"background-color":"","background-image":"","background-repeat":"repeat","background-position":"center center","background-size":"auto","background-attachment":"scroll","background-type":"","background-media":"","overlay-type":"","overlay-color":"","overlay-gradient":""},"mobile":{"background-color":"","background-image":"","background-repeat":"repeat","background-position":"center center","background-size":"auto","background-attachment":"scroll","background-type":"","background-media":"","overlay-type":"","overlay-color":"","overlay-gradient":""}},"ast-content-background-meta":{"desktop":{"background-color":"var(--ast-global-color-5)","background-image":"","background-repeat":"repeat","background-position":"center center","background-size":"auto","background-attachment":"scroll","background-type":"","background-media":"","overlay-type":"","overlay-color":"","overlay-gradient":""},"tablet":{"background-color":"var(--ast-global-color-5)","background-image":"","background-repeat":"repeat","background-position":"center center","background-size":"auto","background-attachment":"scroll","background-type":"","background-media":"","overlay-type":"","overlay-color":"","overlay-gradient":""},"mobile":{"background-color":"var(--ast-global-color-5)","background-image":"","background-repeat":"repeat","background-position":"center center","background-size":"auto","background-attachment":"scroll","background-type":"","background-media":"","overlay-type":"","overlay-color":"","overlay-gradient":""}},"footnotes":""},"class_list":["post-6295","page","type-page","status-publish","hentry"],"_links":{"self":[{"href":"https:\/\/www.arnaudom.fr\/wordpress\/wp-json\/wp\/v2\/pages\/6295","targetHints":{"allow":["GET"]}}],"collection":[{"href":"https:\/\/www.arnaudom.fr\/wordpress\/wp-json\/wp\/v2\/pages"}],"about":[{"href":"https:\/\/www.arnaudom.fr\/wordpress\/wp-json\/wp\/v2\/types\/page"}],"author":[{"embeddable":true,"href":"https:\/\/www.arnaudom.fr\/wordpress\/wp-json\/wp\/v2\/users\/1"}],"replies":[{"embeddable":true,"href":"https:\/\/www.arnaudom.fr\/wordpress\/wp-json\/wp\/v2\/comments?post=6295"}],"version-history":[{"count":6,"href":"https:\/\/www.arnaudom.fr\/wordpress\/wp-json\/wp\/v2\/pages\/6295\/revisions"}],"predecessor-version":[{"id":6302,"href":"https:\/\/www.arnaudom.fr\/wordpress\/wp-json\/wp\/v2\/pages\/6295\/revisions\/6302"}],"wp:attachment":[{"href":"https:\/\/www.arnaudom.fr\/wordpress\/wp-json\/wp\/v2\/media?parent=6295"}],"curies":[{"name":"wp","href":"https:\/\/api.w.org\/{rel}","templated":true}]}}