{"id":6279,"date":"2020-09-04T06:44:41","date_gmt":"2020-09-04T04:44:41","guid":{"rendered":"http:\/\/www.arnaudom.fr\/wordpress\/?page_id=6279"},"modified":"2020-09-04T07:43:47","modified_gmt":"2020-09-04T05:43:47","slug":"masquesobjet","status":"publish","type":"page","link":"https:\/\/www.arnaudom.fr\/wordpress\/masquesobjet\/","title":{"rendered":"masquesobjet"},"content":{"rendered":"\t\t<div data-elementor-type=\"wp-page\" data-elementor-id=\"6279\" class=\"elementor elementor-6279\">\n\t\t\t\t\t\t<div class=\"elementor-inner\">\n\t\t\t\t<div class=\"elementor-section-wrap\">\n\t\t\t\t\t\t\t\t\t<section class=\"elementor-section elementor-top-section elementor-element elementor-element-48d6929 elementor-section-boxed elementor-section-height-default elementor-section-height-default\" data-id=\"48d6929\" data-element_type=\"section\">\n\t\t\t\t\t\t<div class=\"elementor-container elementor-column-gap-default\">\n\t\t\t\t\t\t\t<div class=\"elementor-row\">\n\t\t\t\t\t<div class=\"elementor-column elementor-col-100 elementor-top-column elementor-element elementor-element-5d4ac7c\" data-id=\"5d4ac7c\" data-element_type=\"column\" data-settings=\"{&quot;background_background&quot;:&quot;classic&quot;}\">\n\t\t\t<div class=\"elementor-column-wrap elementor-element-populated\">\n\t\t\t\t\t\t\t<div class=\"elementor-widget-wrap\">\n\t\t\t\t\t\t<div class=\"elementor-element elementor-element-8f555ff elementor-widget elementor-widget-heading\" data-id=\"8f555ff\" data-element_type=\"widget\" data-widget_type=\"heading.default\">\n\t\t\t\t<div class=\"elementor-widget-container\">\n\t\t\t<h1 class=\"elementor-heading-title elementor-size-default\">Les masques (2\u00e8me partie - 2\/4)<\/h1>\t\t<\/div>\n\t\t\t\t<\/div>\n\t\t\t\t<div class=\"elementor-element elementor-element-4d0cd55 elementor-widget elementor-widget-heading\" data-id=\"4d0cd55\" data-element_type=\"widget\" data-widget_type=\"heading.default\">\n\t\t\t\t<div class=\"elementor-widget-container\">\n\t\t\t<h2 class=\"elementor-heading-title elementor-size-default\">2-Masque de l'objet \u00e0 partir d'un masque de luminance<\/h2>\t\t<\/div>\n\t\t\t\t<\/div>\n\t\t\t\t<div class=\"elementor-element elementor-element-bec59f5 elementor-widget elementor-widget-text-editor\" data-id=\"bec59f5\" data-element_type=\"widget\" data-widget_type=\"text-editor.default\">\n\t\t\t\t<div class=\"elementor-widget-container\">\n\t\t\t\t\t\t\t\t<div class=\"elementor-text-editor elementor-clearfix\">\n\t\t\t\t<p>On va maintenant voir comment cr\u00e9er un masque contenant uniquement l&rsquo;objet lui-m\u00eame. En effet, on sait maintenant comment cr\u00e9er un masque d&rsquo;\u00e9toiles, c&rsquo;est-\u00e0-dire un masque permettant d&rsquo;isoler les \u00e9toiles du reste de l&rsquo;image, et un masque de luminance, qui permet d&rsquo;isoler le fond du ciel. On va donc maintenant essayer de cr\u00e9er un masque qui ne va contenir que l&rsquo;objet photographi\u00e9 (n\u00e9buleuse, galaxie&#8230;)<\/p><p>Pour cela, on a va avoir besoin de deux masques : un masque contenant l&rsquo;objet et les \u00e9toiles, comme le masque de luminance, et un masque d&rsquo;\u00e9toiles. Nous allons ensuite les combiner ensemble pour cr\u00e9er notre masque d&rsquo;objet.<\/p><p>L&rsquo;objectif va \u00eatre de se servir du masque d&rsquo;\u00e9toiles pour les supprimer. En particulier on va vouloir faire dispara\u00eetre les grosses \u00e9toiles. On commence donc par cr\u00e9er un masque d&rsquo;\u00e9toiles qui va contenir les plus brillantes, en faisant \u00e9galement en sorte qu&rsquo;il ne \u00ab\u00a0d\u00e9borde\u00a0\u00bb pas trop des \u00e9toiles afin d&rsquo;\u00e9viter l&rsquo;apparition d&rsquo;anneaux sombres autour au moment du traitement. Je vous invite \u00e0 ce sujet \u00e0 relire le <a href=\"http:\/\/arnaudom.fr\/masquesetoiles.php\">tutoriel sur les masques d&rsquo;\u00e9toiles<\/a>. J&rsquo;utilise g\u00e9n\u00e9ralement la troisi\u00e8me m\u00e9thode (sans StarMask) pour cr\u00e9er le masque d&rsquo;\u00e9toiles qui va servir maintenant. Plusieurs essais seront peut-\u00eatre n\u00e9cessaires pour obtenir le r\u00e9sultat souhait\u00e9.<\/p><p>Bref, on cr\u00e9e donc notre masque d&rsquo;\u00e9toiles, nomm\u00e9 ici <strong><span class=\"gras\">star_mask_2<\/span><\/strong>.<\/p><div class=\"centre\"><img decoding=\"async\" class=\"aligncenter\" src=\"http:\/\/www.arnaudom.fr\/Img\/pix366.jpg\" alt=\"Pix\" \/><\/div><p>On cr\u00e9e ensuite un masque de luminance, nomm\u00e9 ici&#8230; <strong><span class=\"gras\">luminance<\/span><\/strong>.<\/p><div class=\"centre\"><img decoding=\"async\" class=\"aligncenter\" src=\"http:\/\/www.arnaudom.fr\/Img\/pix367.jpg\" alt=\"Pix\" \/><\/div><p>On va maintenant utiliser le process <strong><span class=\"gras\">PixelMath<\/span><\/strong> afin de soustraire les \u00e9toiles du masque de luminance. On lance le process puis, \u00e0 la ligne <strong><span class=\"gras\">RGB\/K<\/span><\/strong>, on va taper l&rsquo;op\u00e9ration<strong> <span class=\"gras\">luminance-star_mask_2<\/span><\/strong>.<\/p><div class=\"centre\"><img decoding=\"async\" class=\"aligncenter\" src=\"http:\/\/www.arnaudom.fr\/Img\/pix368.jpg\" alt=\"Pix\" \/><\/div><p>Dans la zone <strong><span class=\"gras\">Destination<\/span><\/strong> du process, <strong><span class=\"gras\">d\u00e9cocher<\/span><\/strong> la case <strong><span class=\"gras\">Rescale result<\/span><\/strong>. <span class=\"gras\">Cocher<\/span> la case <strong><span class=\"gras\">Create new image<\/span><\/strong> et, dans la ligne <strong><span class=\"gras\">Image Id<\/span><\/strong>, donner un nom \u00e0 notre masque, par exemple <strong><span class=\"gras\">Masque_objet<\/span><\/strong>. Cliquer sur le <strong><span class=\"gras\">carr\u00e9 bleu<\/span><\/strong> (l&rsquo;image \u00e0 traiter doit \u00eatre ouverte afin de cr\u00e9er un masque aux m\u00eames dimensions qu&rsquo;elle).<\/p><div class=\"centre\"><img decoding=\"async\" class=\"aligncenter\" src=\"http:\/\/www.arnaudom.fr\/Img\/pix369.jpg\" alt=\"Pix\" \/><\/div><p>Notre masque est maintenant cr\u00e9\u00e9 : il contient notre objet sans les \u00e9toiles. Certes, il reste les contours des grosses \u00e9toiles mais ces structures-l\u00e0 ne vont pas forc\u00e9ment nous g\u00eaner car elles sont relativement fines.<\/p><div class=\"centre\"><img decoding=\"async\" class=\"aligncenter\" src=\"http:\/\/www.arnaudom.fr\/Img\/pix370.jpg\" alt=\"Pix\" \/><\/div><p>On peut \u00e9ventuellement utiliser le process <strong><span class=\"gras\">Convolution<\/span><\/strong> pour flouter un peu le masque afin de l&rsquo;adoucir, et r\u00e9duire un peu les contours des grosses \u00e9toiles qui restent.<\/p><div class=\"centre\"><img decoding=\"async\" class=\"aligncenter\" src=\"http:\/\/www.arnaudom.fr\/Img\/pix371.jpg\" alt=\"Pix\" \/><\/div><p>Voil\u00e0, si on applique notre masque d&rsquo;objet sur l&rsquo;image \u00e0 traiter, notre n\u00e9buleuse peut maintenant \u00eatre trait\u00e9e ind\u00e9pendamment du fond de ciel et des \u00e9toiles. Si on <strong><span class=\"gras\">inverse<\/span><\/strong> le masque pour bien comprendre ce qu&rsquo;il fait, voici ce que l&rsquo;on voit :<\/p><div class=\"centre\"><img decoding=\"async\" class=\"aligncenter\" src=\"http:\/\/www.arnaudom.fr\/Img\/pix372.jpg\" alt=\"Pix\" \/><\/div><p>La n\u00e9buleuse est rouge et donc prot\u00e9g\u00e9e par le masque (il reste aussi du rouge sur les pourtours des \u00e9toiles qu&rsquo;on a dans notre masque). Et donc pour traiter uniquement notre n\u00e9buleuse, on va <strong><span class=\"gras\">l&rsquo;inverser<\/span><\/strong> \u00e0 nouveau afin que ce soit le ciel et les \u00e9toiles qui soient prot\u00e9g\u00e9s.<\/p><div class=\"centre\"><img decoding=\"async\" class=\"aligncenter\" src=\"http:\/\/www.arnaudom.fr\/Img\/pix373.jpg\" alt=\"Pix\" \/><\/div><p>On peut par exemple r\u00e9hausser le rouge de la n\u00e9buleuse \u00e0 l&rsquo;aide du process <strong><span class=\"gras\">CurvesTransformation<\/span><\/strong>. On s\u00e9lectionne la courbe du rouge (on clique sur <strong><span class=\"gras\">R<\/span><\/strong>), on lance le <strong><span class=\"gras\">Real-Time Preview<\/span><\/strong>, puis on joue avec la courbe en la remontant un peu.<\/p><div class=\"centre\"><img decoding=\"async\" class=\"aligncenter\" src=\"http:\/\/www.arnaudom.fr\/Img\/pix374.jpg\" alt=\"Pix\" \/><\/div><p>Si on d\u00e9sactive le masque en cliquant sur le bouton <strong><span class=\"gras\">Show Mask Result<\/span><\/strong> dans la fen\u00eatre du <strong><span class=\"gras\">Real-Time Preview<\/span><\/strong> :<\/p><div class=\"centre\"><img decoding=\"async\" class=\"aligncenter\" src=\"http:\/\/www.arnaudom.fr\/Img\/pix378.jpg\" alt=\"Pix\" \/><\/div><p>on voit ce qui se passerait en l&rsquo;absence du masque : l&rsquo;image serait tout rouge. Gr\u00e2ce \u00e0 notre masque, on peut agir seulement sur la n\u00e9buleuse.<\/p><div class=\"centre\"><img decoding=\"async\" class=\"aligncenter\" src=\"http:\/\/www.arnaudom.fr\/Img\/pix375.jpg\" alt=\"Pix\" \/><\/div><p>Il ne reste plus qu&rsquo;\u00e0 appliquer le process directement sur l&rsquo;image une fois qu&rsquo;on a trouv\u00e9 les bons r\u00e9glages. Et voil\u00e0 !<\/p><div class=\"centre\"><img decoding=\"async\" class=\"aligncenter\" src=\"http:\/\/www.arnaudom.fr\/Img\/pix376.jpg\" alt=\"Pix\" \/><\/div><p>A comparer avec l&rsquo;image de d\u00e9part :<\/p><div class=\"centre\"><img decoding=\"async\" class=\"aligncenter\" src=\"http:\/\/www.arnaudom.fr\/Img\/pix377.jpg\" alt=\"Pix\" \/><\/div><p>Avec ce masque, on va donc pouvoir appliquer tous les traitements que l&rsquo;on souhaite uniquement sur notre n\u00e9buleuse, en particulier pour travailler les couleurs et le r\u00e9haussement des d\u00e9tails dans notre objet.<\/p>\t\t\t\t\t<\/div>\n\t\t\t\t\t\t<\/div>\n\t\t\t\t<\/div>\n\t\t\t\t\t\t<\/div>\n\t\t\t\t\t<\/div>\n\t\t<\/div>\n\t\t\t\t\t\t\t\t<\/div>\n\t\t\t\t\t<\/div>\n\t\t<\/section>\n\t\t\t\t<section class=\"elementor-section elementor-top-section elementor-element elementor-element-e0cbadf elementor-section-boxed elementor-section-height-default elementor-section-height-default\" data-id=\"e0cbadf\" data-element_type=\"section\" data-settings=\"{&quot;background_background&quot;:&quot;classic&quot;}\">\n\t\t\t\t\t\t<div class=\"elementor-container elementor-column-gap-default\">\n\t\t\t\t\t\t\t<div class=\"elementor-row\">\n\t\t\t\t\t<div class=\"elementor-column elementor-col-50 elementor-top-column elementor-element elementor-element-bb58ab9\" data-id=\"bb58ab9\" data-element_type=\"column\">\n\t\t\t<div class=\"elementor-column-wrap elementor-element-populated\">\n\t\t\t\t\t\t\t<div class=\"elementor-widget-wrap\">\n\t\t\t\t\t\t<div class=\"elementor-element elementor-element-d781c3b elementor-align-center elementor-widget elementor-widget-button\" data-id=\"d781c3b\" data-element_type=\"widget\" data-widget_type=\"button.default\">\n\t\t\t\t<div class=\"elementor-widget-container\">\n\t\t\t\t\t<div class=\"elementor-button-wrapper\">\n\t\t\t<a href=\"http:\/\/www.arnaudom.fr\/wordpress\/masques\" class=\"elementor-button-link elementor-button elementor-size-sm\" role=\"button\">\n\t\t\t\t\t\t<span class=\"elementor-button-content-wrapper\">\n\t\t\t\t\t\t\t<span class=\"elementor-button-icon elementor-align-icon-left\">\n\t\t\t\t<i aria-hidden=\"true\" class=\"fas fa-arrow-left\"><\/i>\t\t\t<\/span>\n\t\t\t\t\t\t<span class=\"elementor-button-text\">Page 1<\/span>\n\t\t<\/span>\n\t\t\t\t\t<\/a>\n\t\t<\/div>\n\t\t\t\t<\/div>\n\t\t\t\t<\/div>\n\t\t\t\t\t\t<\/div>\n\t\t\t\t\t<\/div>\n\t\t<\/div>\n\t\t\t\t<div class=\"elementor-column elementor-col-50 elementor-top-column elementor-element elementor-element-4de5594\" data-id=\"4de5594\" data-element_type=\"column\">\n\t\t\t<div class=\"elementor-column-wrap elementor-element-populated\">\n\t\t\t\t\t\t\t<div class=\"elementor-widget-wrap\">\n\t\t\t\t\t\t<div class=\"elementor-element elementor-element-c270dc0 elementor-align-center elementor-widget elementor-widget-button\" data-id=\"c270dc0\" data-element_type=\"widget\" data-widget_type=\"button.default\">\n\t\t\t\t<div class=\"elementor-widget-container\">\n\t\t\t\t\t<div class=\"elementor-button-wrapper\">\n\t\t\t<a href=\"http:\/\/www.arnaudom.fr\/wordpress\/masquerange\" class=\"elementor-button-link elementor-button elementor-size-sm\" role=\"button\">\n\t\t\t\t\t\t<span class=\"elementor-button-content-wrapper\">\n\t\t\t\t\t\t\t<span class=\"elementor-button-icon elementor-align-icon-right\">\n\t\t\t\t<i aria-hidden=\"true\" class=\"fas fa-arrow-right\"><\/i>\t\t\t<\/span>\n\t\t\t\t\t\t<span class=\"elementor-button-text\">Page 3<\/span>\n\t\t<\/span>\n\t\t\t\t\t<\/a>\n\t\t<\/div>\n\t\t\t\t<\/div>\n\t\t\t\t<\/div>\n\t\t\t\t\t\t<\/div>\n\t\t\t\t\t<\/div>\n\t\t<\/div>\n\t\t\t\t\t\t\t\t<\/div>\n\t\t\t\t\t<\/div>\n\t\t<\/section>\n\t\t\t\t\t\t\t\t\t<\/div>\n\t\t\t<\/div>\n\t\t\t\t\t<\/div>\n\t\t","protected":false},"excerpt":{"rendered":"<p>Les masques (2\u00e8me partie &#8211; 2\/4) 2-Masque de l&rsquo;objet \u00e0 partir d&rsquo;un masque de luminance On va maintenant voir comment cr\u00e9er un masque contenant uniquement l&rsquo;objet lui-m\u00eame. En effet, on sait maintenant comment cr\u00e9er un masque d&rsquo;\u00e9toiles, c&rsquo;est-\u00e0-dire un masque permettant d&rsquo;isoler les \u00e9toiles du reste de l&rsquo;image, et un masque de luminance, qui permet &hellip;<\/p>\n<p class=\"read-more\"> <a class=\"\" href=\"https:\/\/www.arnaudom.fr\/wordpress\/masquesobjet\/\"> <span class=\"screen-reader-text\">masquesobjet<\/span> Lire la suite\u00a0\u00bb<\/a><\/p>\n","protected":false},"author":1,"featured_media":0,"parent":0,"menu_order":0,"comment_status":"closed","ping_status":"closed","template":"","meta":{"site-sidebar-layout":"default","site-content-layout":"default","ast-site-content-layout":"","site-content-style":"default","site-sidebar-style":"default","ast-global-header-display":"","ast-banner-title-visibility":"","ast-main-header-display":"","ast-hfb-above-header-display":"","ast-hfb-below-header-display":"","ast-hfb-mobile-header-display":"","site-post-title":"disabled","ast-breadcrumbs-content":"","ast-featured-img":"","footer-sml-layout":"","theme-transparent-header-meta":"default","adv-header-id-meta":"","stick-header-meta":"","header-above-stick-meta":"","header-main-stick-meta":"","header-below-stick-meta":"","astra-migrate-meta-layouts":"","ast-page-background-enabled":"default","ast-page-background-meta":{"desktop":{"background-color":"","background-image":"","background-repeat":"repeat","background-position":"center center","background-size":"auto","background-attachment":"scroll","background-type":"","background-media":"","overlay-type":"","overlay-color":"","overlay-gradient":""},"tablet":{"background-color":"","background-image":"","background-repeat":"repeat","background-position":"center center","background-size":"auto","background-attachment":"scroll","background-type":"","background-media":"","overlay-type":"","overlay-color":"","overlay-gradient":""},"mobile":{"background-color":"","background-image":"","background-repeat":"repeat","background-position":"center center","background-size":"auto","background-attachment":"scroll","background-type":"","background-media":"","overlay-type":"","overlay-color":"","overlay-gradient":""}},"ast-content-background-meta":{"desktop":{"background-color":"var(--ast-global-color-5)","background-image":"","background-repeat":"repeat","background-position":"center center","background-size":"auto","background-attachment":"scroll","background-type":"","background-media":"","overlay-type":"","overlay-color":"","overlay-gradient":""},"tablet":{"background-color":"var(--ast-global-color-5)","background-image":"","background-repeat":"repeat","background-position":"center center","background-size":"auto","background-attachment":"scroll","background-type":"","background-media":"","overlay-type":"","overlay-color":"","overlay-gradient":""},"mobile":{"background-color":"var(--ast-global-color-5)","background-image":"","background-repeat":"repeat","background-position":"center center","background-size":"auto","background-attachment":"scroll","background-type":"","background-media":"","overlay-type":"","overlay-color":"","overlay-gradient":""}},"footnotes":""},"class_list":["post-6279","page","type-page","status-publish","hentry"],"_links":{"self":[{"href":"https:\/\/www.arnaudom.fr\/wordpress\/wp-json\/wp\/v2\/pages\/6279","targetHints":{"allow":["GET"]}}],"collection":[{"href":"https:\/\/www.arnaudom.fr\/wordpress\/wp-json\/wp\/v2\/pages"}],"about":[{"href":"https:\/\/www.arnaudom.fr\/wordpress\/wp-json\/wp\/v2\/types\/page"}],"author":[{"embeddable":true,"href":"https:\/\/www.arnaudom.fr\/wordpress\/wp-json\/wp\/v2\/users\/1"}],"replies":[{"embeddable":true,"href":"https:\/\/www.arnaudom.fr\/wordpress\/wp-json\/wp\/v2\/comments?post=6279"}],"version-history":[{"count":7,"href":"https:\/\/www.arnaudom.fr\/wordpress\/wp-json\/wp\/v2\/pages\/6279\/revisions"}],"predecessor-version":[{"id":6288,"href":"https:\/\/www.arnaudom.fr\/wordpress\/wp-json\/wp\/v2\/pages\/6279\/revisions\/6288"}],"wp:attachment":[{"href":"https:\/\/www.arnaudom.fr\/wordpress\/wp-json\/wp\/v2\/media?parent=6279"}],"curies":[{"name":"wp","href":"https:\/\/api.w.org\/{rel}","templated":true}]}}