{"id":6229,"date":"2020-09-01T06:24:42","date_gmt":"2020-09-01T04:24:42","guid":{"rendered":"http:\/\/www.arnaudom.fr\/wordpress\/?page_id=6229"},"modified":"2020-09-01T06:37:38","modified_gmt":"2020-09-01T04:37:38","slug":"masqueetoiles","status":"publish","type":"page","link":"https:\/\/www.arnaudom.fr\/wordpress\/masqueetoiles\/","title":{"rendered":"masqueetoiles"},"content":{"rendered":"\t\t<div data-elementor-type=\"wp-page\" data-elementor-id=\"6229\" class=\"elementor elementor-6229\">\n\t\t\t\t\t\t<div class=\"elementor-inner\">\n\t\t\t\t<div class=\"elementor-section-wrap\">\n\t\t\t\t\t\t\t\t\t<section class=\"elementor-section elementor-top-section elementor-element elementor-element-b52b34f elementor-section-full_width elementor-section-height-default elementor-section-height-default\" data-id=\"b52b34f\" data-element_type=\"section\" data-settings=\"{&quot;background_background&quot;:&quot;classic&quot;}\">\n\t\t\t\t\t\t<div class=\"elementor-container elementor-column-gap-default\">\n\t\t\t\t\t\t\t<div class=\"elementor-row\">\n\t\t\t\t\t<div class=\"elementor-column elementor-col-100 elementor-top-column elementor-element elementor-element-5ded791\" data-id=\"5ded791\" data-element_type=\"column\" data-settings=\"{&quot;background_background&quot;:&quot;classic&quot;}\">\n\t\t\t<div class=\"elementor-column-wrap elementor-element-populated\">\n\t\t\t\t\t\t\t<div class=\"elementor-widget-wrap\">\n\t\t\t\t\t\t<div class=\"elementor-element elementor-element-2ce18f5 elementor-widget elementor-widget-heading\" data-id=\"2ce18f5\" data-element_type=\"widget\" data-widget_type=\"heading.default\">\n\t\t\t\t<div class=\"elementor-widget-container\">\n\t\t\t<h1 class=\"elementor-heading-title elementor-size-default\">Les masques (1\u00e8re partie) : les masques d'\u00e9toiles (1\/3)<\/h1>\t\t<\/div>\n\t\t\t\t<\/div>\n\t\t\t\t<div class=\"elementor-element elementor-element-5e5c57e elementor-widget elementor-widget-text-editor\" data-id=\"5e5c57e\" data-element_type=\"widget\" data-widget_type=\"text-editor.default\">\n\t\t\t\t<div class=\"elementor-widget-container\">\n\t\t\t\t\t\t\t\t<div class=\"elementor-text-editor elementor-clearfix\">\n\t\t\t\t<p><em>Ecrit le 01\/11\/14.<\/em><\/p>\t\t\t\t\t<\/div>\n\t\t\t\t\t\t<\/div>\n\t\t\t\t<\/div>\n\t\t\t\t<div class=\"elementor-element elementor-element-7f6f4ab elementor-widget elementor-widget-text-editor\" data-id=\"7f6f4ab\" data-element_type=\"widget\" data-widget_type=\"text-editor.default\">\n\t\t\t\t<div class=\"elementor-widget-container\">\n\t\t\t\t\t\t\t\t<div class=\"elementor-text-editor elementor-clearfix\">\n\t\t\t\t<p>Dans PixInsight on va souvent avoir besoin d&rsquo;utiliser des masques afin de prot\u00e9ger une partie de l&rsquo;image de certains traitements, ou au contraire pour appliquer un traitement sur des zones cibl\u00e9es de l&rsquo;image.<\/p><p>Plusieurs sortes de masque peuvent nous \u00eatre utiles selon ce qu&rsquo;on voudra faire, mais on peut dire qu&rsquo;il y a trois types de masques qui vont nous servir : le masque de luminance, le masque d&rsquo;\u00e9toiles et le masque de l&rsquo;objet lui-m\u00eame.<\/p><p>Dans cette premi\u00e8re partie sur les masques, nous allons parler sp\u00e9cifiquement des masques d&rsquo;\u00e9toiles, car ce type de masque, bien utile dans plusieurs cas, n&rsquo;est pas forc\u00e9ment tr\u00e8s facile \u00e0 cr\u00e9er, notamment parce que le process d\u00e9di\u00e9 \u00e0 cette t\u00e2che, \u00e0 savoir le fameux <strong><span class=\"gras\">StarMask<\/span><\/strong>, n&rsquo;est pas tr\u00e8s ais\u00e9 \u00e0 param\u00e9trer. Je vais vous pr\u00e9senter les quelques m\u00e9thodes que j&rsquo;utilise pour cr\u00e9er un masque d&rsquo;\u00e9toiles, y compris sans l&rsquo;utilisation de StarMask.<\/p><p>Toutes ces m\u00e9thodes sont issues d&rsquo;informations que j&rsquo;ai plu glaner sur Internet, l\u00e0 encore je ne pr\u00e9tends pas avoir tout compris mais simplement montrer comment je proc\u00e8de. Voici les trois m\u00e9thodes que j&rsquo;utilise g\u00e9n\u00e9ralement :<\/p><ol><li>M\u00e9thode directe avec le process StarMask.<\/li><li>M\u00e9thode optimis\u00e9e avec le process StarMask.<\/li><li>M\u00e9thode sans StarMask.<\/li><\/ol><p>Si vous le souhaitez, vous pouvez t\u00e9l\u00e9charger les process icons que je vais utiliser en cliquant ici : <a href=\"http:\/\/www.arnaudom.fr\/MasqueEtoiles.zip\">Masque d&rsquo;\u00e9toiles<\/a> ou vous contenter de cliquer sur les diff\u00e9rents process au fur et \u00e0 mesure que je m&rsquo;en servirai.<\/p><p>Je vais utiliser mes images de M16 dans cette d\u00e9monstration : j&rsquo;ai une image lin\u00e9aire et une image non lin\u00e9aire.<\/p>\t\t\t\t\t<\/div>\n\t\t\t\t\t\t<\/div>\n\t\t\t\t<\/div>\n\t\t\t\t<div class=\"elementor-element elementor-element-300d6a6 elementor-widget elementor-widget-heading\" data-id=\"300d6a6\" data-element_type=\"widget\" data-widget_type=\"heading.default\">\n\t\t\t\t<div class=\"elementor-widget-container\">\n\t\t\t<h2 class=\"elementor-heading-title elementor-size-default\">1-M\u00e9thode directe avec le process StarMask<\/h2>\t\t<\/div>\n\t\t\t\t<\/div>\n\t\t\t\t<div class=\"elementor-element elementor-element-1440b84 elementor-widget elementor-widget-text-editor\" data-id=\"1440b84\" data-element_type=\"widget\" data-widget_type=\"text-editor.default\">\n\t\t\t\t<div class=\"elementor-widget-container\">\n\t\t\t\t\t\t\t\t<div class=\"elementor-text-editor elementor-clearfix\">\n\t\t\t\t<p>On commence avec l&rsquo;image lin\u00e9aire. Cette derni\u00e8re est donc presque enti\u00e8rement noire.<\/p><div class=\"centre\"><img decoding=\"async\" class=\"aligncenter\" src=\"http:\/\/www.arnaudom.fr\/Img\/pix324.jpg\" alt=\"Pix\" \/><\/div><p>Nous allons lancer le process <strong><span class=\"gras\">Statistics<\/span><\/strong> qui va nous aider \u00e0 choisir les param\u00e8tres du process <strong><span class=\"gras\">StarMask<\/span><\/strong>. On n&rsquo;oublie pas de s\u00e9lectionner le nom de notre image dans le menu d\u00e9roulant en haut de la fen\u00eatre (il faut cliquer sur le process dans l&rsquo;onglet <strong><span class=\"gras\">Process Explorer<\/span><\/strong>, celui-ci ne pouvant \u00eatre d\u00e9pos\u00e9 sur l&rsquo;espace de travail comme les autres process).<\/p><div class=\"centre\"><img decoding=\"async\" class=\"aligncenter\" src=\"http:\/\/www.arnaudom.fr\/Img\/pix323.jpg\" alt=\"Pix\" \/><\/div><p>On va retenir maintenant deux valeurs :<br \/>&#8211; la plus petite valeur du <strong><span class=\"gras\">minimum<\/span><\/strong>. Ici c&rsquo;est <strong><span class=\"gras\">0.0004779<\/span><\/strong>;<br \/>&#8211; la plus grande valeur des lignes<strong> <span class=\"gras\">mean<\/span><\/strong> et <strong><span class=\"gras\">median<\/span><\/strong>. Ici on lit <strong><span class=\"gras\">0.0077358<\/span><\/strong>.<\/p><p>On lance maintenant le process <strong><span class=\"gras\">StarMask<\/span><\/strong>. Dans mes process icons j&rsquo;ai mis par d\u00e9faut le <strong><span class=\"gras\">Noise threshold<\/span><\/strong> \u00e0 <strong><span class=\"gras\">0.20000<\/span><\/strong> et le <strong><span class=\"gras\">Smoothness<\/span><\/strong> \u00e0<strong> <span class=\"gras\">8<\/span><\/strong>. Le <strong><span class=\"gras\">Noise threshold<\/span><\/strong> est une valeur en-dessous de laquelle chaque pixel est remplac\u00e9 par 0, quand au <strong><span class=\"gras\">Smoothness<\/span><\/strong> on augmente sa valeur pour avoir un masque plus flou et on la baisse sinon. Ces deux valeurs semblent une bonne base de d\u00e9part.<\/p><div class=\"centre\"><img decoding=\"async\" class=\"aligncenter\" src=\"http:\/\/www.arnaudom.fr\/Img\/pix325.jpg\" alt=\"Pix\" \/><\/div><p>Il y a aussi le param\u00e8tre <strong><span class=\"gras\">Scale<\/span><\/strong> qui, quand on augmente sa valeur, augmente la taille des \u00e9toiles prises en compte dans le masque. On en reparlera plus loin.<\/p><p>Maintenant on va rentrer la valeur du minimum dans le param\u00e8tre <strong><span class=\"gras\">Shadows<\/span><\/strong> et l&rsquo;autre valeur correspondant au mean ou au median dans le param\u00e8tre <strong><span class=\"gras\">Midtones<\/span><\/strong>.<\/p><div class=\"centre\"><img decoding=\"async\" class=\"aligncenter\" src=\"http:\/\/www.arnaudom.fr\/Img\/pix326.jpg\" alt=\"Pix\" \/><\/div><p>Il ne reste plus qu&rsquo;\u00e0 appliquer le process <strong><span class=\"gras\">StarMask<\/span><\/strong> sur l&rsquo;image et on obtient notre masque d&rsquo;\u00e9toiles.<\/p><div class=\"centre\"><img decoding=\"async\" class=\"aligncenter\" src=\"http:\/\/www.arnaudom.fr\/Img\/pix327.jpg\" alt=\"Pix\" \/><\/div><p>Ici, on observe typiquement un masque d&rsquo;\u00e9toiles dans lequel le param\u00e8tre <strong><span class=\"gras\">Noise Threshold<\/span><\/strong> a une valeur trop basse : le fond de ciel a \u00e9t\u00e9 pris en compte dans le calcul du masque. On peut faire l&rsquo;essai et l&rsquo;appliquer sur l&rsquo;image (on d\u00e9pose l&rsquo;onglet du masque sur l&rsquo;image).<\/p><p>L&rsquo;image \u00e9tant lin\u00e9aire, il faut lui appliquer une <strong><span class=\"gras\">STF<\/span><\/strong> pour voir le r\u00e9sultat.<\/p><div class=\"centre\"><img decoding=\"async\" class=\"aligncenter\" src=\"http:\/\/www.arnaudom.fr\/Img\/pix328.jpg\" alt=\"Pix\" \/><\/div><p>On voit mieux la qualit\u00e9 du masque en l&rsquo;inversant : pour cela, on fait un clic droit sur l&rsquo;image puis on va sur <strong><span class=\"gras\">Mask\/Invert Mask<\/span><\/strong>.<\/p><div class=\"centre\"><img decoding=\"async\" class=\"aligncenter\" src=\"http:\/\/www.arnaudom.fr\/Img\/pix329.jpg\" alt=\"Pix\" \/><\/div><p>Si on grossit une portion de l&rsquo;image avec la loupe, on s&rsquo;aper\u00e7oit en effet que le fond de ciel (en rouge) se confond avec les \u00e9toiles et a \u00e9t\u00e9 pris en compte dans la construction du masque.<\/p><div class=\"centre\"><img decoding=\"async\" class=\"aligncenter\" src=\"http:\/\/www.arnaudom.fr\/Img\/pix330.jpg\" alt=\"Pix\" \/><\/div><p>On va donc refaire un second masque mais cette fois en montant le <strong><span class=\"gras\">Noise threshold<\/span><\/strong> \u00e0 <strong><span class=\"gras\">0.40000<\/span><\/strong> par exemple. On applique \u00e0 nouveau le process <strong><span class=\"gras\">StarMask<\/span><\/strong> sur l&rsquo;image et voil\u00e0 le r\u00e9sultat obtenu.<\/p><div class=\"centre\"><img decoding=\"async\" class=\"aligncenter\" src=\"http:\/\/www.arnaudom.fr\/Img\/pix331.jpg\" alt=\"Pix\" \/><\/div><p>Le r\u00e9sultat est meilleur, le fond du ciel est moins bruit\u00e9. On peut appliquer le masque et le grossir apr\u00e8s l&rsquo;avoir invers\u00e9 afin de voir le r\u00e9sultat. On peut ensuite essayer de l&rsquo;affiner le r\u00e9sultat en modifiant encore le <strong><span class=\"gras\">Noise threshold<\/span><\/strong>.<\/p><p>On peut maintenant faire la m\u00eame chose sur une image non lin\u00e9aire, on ouvre \u00e0 nouveau le process <span class=\"gras\">Statistics<\/span> et on s\u00e9lectionne notre image dans le menu d\u00e9roulant.<\/p><div class=\"centre\"><img decoding=\"async\" class=\"aligncenter\" src=\"http:\/\/www.arnaudom.fr\/Img\/pix332.jpg\" alt=\"Pix\" \/><\/div><p>On observe maintenant une valeur de <strong><span class=\"gras\">0.0944837<\/span><\/strong> pour le <strong><span class=\"gras\">minimum<\/span><\/strong> et on va prendre la valeur <strong><span class=\"gras\">0.2427090<\/span><\/strong> en observant les lignes <strong><span class=\"gras\">mean<\/span><\/strong> et <strong><span class=\"gras\">median<\/span><\/strong>. On entre ces valeurs en <strong><span class=\"gras\">Shadows<\/span><\/strong> et en <strong><span class=\"gras\">Midtones<\/span><\/strong> dans <strong><span class=\"gras\">Starmask<\/span><\/strong>. La valeur <strong><span class=\"gras\">Noise threshold<\/span><\/strong> est \u00e0 <strong><span class=\"gras\">0.20000<\/span><\/strong> et celle du <span class=\"gras\">Smoothness<\/span> \u00e0<strong> <span class=\"gras\">8<\/span><\/strong>.<\/p><div class=\"centre\"><img decoding=\"async\" class=\"aligncenter\" src=\"http:\/\/www.arnaudom.fr\/Img\/pix333.jpg\" alt=\"Pix\" \/><\/div><p>On applique le process \u00e0 notre image et voil\u00e0 le r\u00e9sultat.<\/p><div class=\"centre\"><img decoding=\"async\" class=\"aligncenter\" src=\"http:\/\/www.arnaudom.fr\/Img\/pix334.jpg\" alt=\"Pix\" \/><\/div><p>Si on applique le masque et qu&rsquo;on l&rsquo;inverse, on peut l\u00e0 aussi examiner le r\u00e9sultat obtenu sur nos \u00e9toiles.<\/p><div class=\"centre\"><img decoding=\"async\" class=\"aligncenter\" src=\"http:\/\/www.arnaudom.fr\/Img\/pix335.jpg\" alt=\"Pix\" \/><\/div><p>On peut constater que les petites \u00e9toiles sont bien s\u00e9lectionn\u00e9es, cependant les \u00ab\u00a0moyennes\u00a0\u00bb sont un peu moins bien prot\u00e9g\u00e9es (le masque est moins rouge sur elles), et les plus grosses ne le sont pas du tout. Une fa\u00e7on de renforcer le masque est de rabaisser le <strong><span class=\"gras\">Noise threshold<\/span><\/strong> \u00e0 <strong><span class=\"gras\">0.1000<\/span><\/strong>. On obtient alors le r\u00e9sultat suivant :<\/p><div class=\"centre\"><img decoding=\"async\" class=\"aligncenter\" src=\"http:\/\/www.arnaudom.fr\/Img\/pix336.jpg\" alt=\"Pix\" \/><\/div><p>Si on compare les deux images pr\u00e9c\u00e9dentes, le second masque est plus \u00ab\u00a0rouge\u00a0\u00bb, il a \u00e9t\u00e9 renforc\u00e9. Cependant les \u00e9toiles les plus grosses ne sont toujours pas prises en compte. Si on veut les s\u00e9lectionner, on va modifier la valeur du param\u00e8tre <strong><span class=\"gras\">Scale<\/span> <\/strong>en le mettant \u00e0 <strong><span class=\"gras\">7<\/span><\/strong> par exemple, ce qui permet d&rsquo;englober des \u00e9toiles plus grandes.<\/p><div class=\"centre\"><img decoding=\"async\" class=\"aligncenter\" src=\"http:\/\/www.arnaudom.fr\/Img\/pix337.jpg\" alt=\"Pix\" \/><\/div><p>On applique \u00e0 nouveau notre process et on obtient le r\u00e9sultat suivant :<\/p><div class=\"centre\"><img decoding=\"async\" class=\"aligncenter\" src=\"http:\/\/www.arnaudom.fr\/Img\/pix338.jpg\" alt=\"Pix\" \/><\/div><p>Cette fois, les grosses \u00e9toiles sont incluses dans notre masque. Bref, il s&rsquo;agit de jouer avec les param\u00e8tres <span class=\"gras\">Scale<\/span> et <span class=\"gras\">Noise threshold<\/span> pour essayer d&rsquo;obtenir un masque satisfaisant, ce qui n&rsquo;est pas toujours facile !<\/p><p>Cette m\u00e9thode permet normalement d&rsquo;obtenir un masque d&rsquo;\u00e9toiles correct aussi bien sur une image lin\u00e9aire que non lin\u00e9aire, bien que parfois l&rsquo;on soit oblig\u00e9 de multiplier les essais pour y arriver&#8230; Et comme on le voit, elle permet de bien s\u00e9lectionner les petites \u00e9toiles mais oublie parfois les plus grosses. Enfin il peut \u00eatre parfois n\u00e9cessaire de peaufiner encore le masque (en appliquant par exemple un histogramme) afin de supprimer des traces \u00e9ventuelles de l&rsquo;objet qui seraient rest\u00e9es pr\u00e9sentes dans le masque d&rsquo;\u00e9toiles.<\/p>\t\t\t\t\t<\/div>\n\t\t\t\t\t\t<\/div>\n\t\t\t\t<\/div>\n\t\t\t\t<div class=\"elementor-element elementor-element-2e599c4 elementor-align-center elementor-widget elementor-widget-button\" data-id=\"2e599c4\" data-element_type=\"widget\" data-widget_type=\"button.default\">\n\t\t\t\t<div class=\"elementor-widget-container\">\n\t\t\t\t\t<div class=\"elementor-button-wrapper\">\n\t\t\t<a href=\"http:\/\/www.arnaudom.fr\/wordpress\/etoilesoptimise\" class=\"elementor-button-link elementor-button elementor-size-sm\" role=\"button\">\n\t\t\t\t\t\t<span class=\"elementor-button-content-wrapper\">\n\t\t\t\t\t\t\t<span class=\"elementor-button-icon elementor-align-icon-right\">\n\t\t\t\t<i aria-hidden=\"true\" class=\"fas fa-arrow-right\"><\/i>\t\t\t<\/span>\n\t\t\t\t\t\t<span class=\"elementor-button-text\">Page 2<\/span>\n\t\t<\/span>\n\t\t\t\t\t<\/a>\n\t\t<\/div>\n\t\t\t\t<\/div>\n\t\t\t\t<\/div>\n\t\t\t\t\t\t<\/div>\n\t\t\t\t\t<\/div>\n\t\t<\/div>\n\t\t\t\t\t\t\t\t<\/div>\n\t\t\t\t\t<\/div>\n\t\t<\/section>\n\t\t\t\t\t\t\t\t\t<\/div>\n\t\t\t<\/div>\n\t\t\t\t\t<\/div>\n\t\t","protected":false},"excerpt":{"rendered":"<p>Les masques (1\u00e8re partie) : les masques d&rsquo;\u00e9toiles (1\/3) Ecrit le 01\/11\/14. Dans PixInsight on va souvent avoir besoin d&rsquo;utiliser des masques afin de prot\u00e9ger une partie de l&rsquo;image de certains traitements, ou au contraire pour appliquer un traitement sur des zones cibl\u00e9es de l&rsquo;image. Plusieurs sortes de masque peuvent nous \u00eatre utiles selon ce &hellip;<\/p>\n<p class=\"read-more\"> <a class=\"\" href=\"https:\/\/www.arnaudom.fr\/wordpress\/masqueetoiles\/\"> <span class=\"screen-reader-text\">masqueetoiles<\/span> Lire la suite\u00a0\u00bb<\/a><\/p>\n","protected":false},"author":1,"featured_media":0,"parent":0,"menu_order":0,"comment_status":"closed","ping_status":"closed","template":"","meta":{"site-sidebar-layout":"default","site-content-layout":"default","ast-site-content-layout":"","site-content-style":"default","site-sidebar-style":"default","ast-global-header-display":"","ast-banner-title-visibility":"","ast-main-header-display":"","ast-hfb-above-header-display":"","ast-hfb-below-header-display":"","ast-hfb-mobile-header-display":"","site-post-title":"disabled","ast-breadcrumbs-content":"","ast-featured-img":"","footer-sml-layout":"","theme-transparent-header-meta":"default","adv-header-id-meta":"","stick-header-meta":"","header-above-stick-meta":"","header-main-stick-meta":"","header-below-stick-meta":"","astra-migrate-meta-layouts":"","ast-page-background-enabled":"default","ast-page-background-meta":{"desktop":{"background-color":"","background-image":"","background-repeat":"repeat","background-position":"center center","background-size":"auto","background-attachment":"scroll","background-type":"","background-media":"","overlay-type":"","overlay-color":"","overlay-gradient":""},"tablet":{"background-color":"","background-image":"","background-repeat":"repeat","background-position":"center center","background-size":"auto","background-attachment":"scroll","background-type":"","background-media":"","overlay-type":"","overlay-color":"","overlay-gradient":""},"mobile":{"background-color":"","background-image":"","background-repeat":"repeat","background-position":"center center","background-size":"auto","background-attachment":"scroll","background-type":"","background-media":"","overlay-type":"","overlay-color":"","overlay-gradient":""}},"ast-content-background-meta":{"desktop":{"background-color":"var(--ast-global-color-5)","background-image":"","background-repeat":"repeat","background-position":"center center","background-size":"auto","background-attachment":"scroll","background-type":"","background-media":"","overlay-type":"","overlay-color":"","overlay-gradient":""},"tablet":{"background-color":"var(--ast-global-color-5)","background-image":"","background-repeat":"repeat","background-position":"center center","background-size":"auto","background-attachment":"scroll","background-type":"","background-media":"","overlay-type":"","overlay-color":"","overlay-gradient":""},"mobile":{"background-color":"var(--ast-global-color-5)","background-image":"","background-repeat":"repeat","background-position":"center center","background-size":"auto","background-attachment":"scroll","background-type":"","background-media":"","overlay-type":"","overlay-color":"","overlay-gradient":""}},"footnotes":""},"class_list":["post-6229","page","type-page","status-publish","hentry"],"_links":{"self":[{"href":"https:\/\/www.arnaudom.fr\/wordpress\/wp-json\/wp\/v2\/pages\/6229","targetHints":{"allow":["GET"]}}],"collection":[{"href":"https:\/\/www.arnaudom.fr\/wordpress\/wp-json\/wp\/v2\/pages"}],"about":[{"href":"https:\/\/www.arnaudom.fr\/wordpress\/wp-json\/wp\/v2\/types\/page"}],"author":[{"embeddable":true,"href":"https:\/\/www.arnaudom.fr\/wordpress\/wp-json\/wp\/v2\/users\/1"}],"replies":[{"embeddable":true,"href":"https:\/\/www.arnaudom.fr\/wordpress\/wp-json\/wp\/v2\/comments?post=6229"}],"version-history":[{"count":4,"href":"https:\/\/www.arnaudom.fr\/wordpress\/wp-json\/wp\/v2\/pages\/6229\/revisions"}],"predecessor-version":[{"id":6234,"href":"https:\/\/www.arnaudom.fr\/wordpress\/wp-json\/wp\/v2\/pages\/6229\/revisions\/6234"}],"wp:attachment":[{"href":"https:\/\/www.arnaudom.fr\/wordpress\/wp-json\/wp\/v2\/media?parent=6229"}],"curies":[{"name":"wp","href":"https:\/\/api.w.org\/{rel}","templated":true}]}}