{"id":6171,"date":"2020-08-30T15:50:20","date_gmt":"2020-08-30T13:50:20","guid":{"rendered":"http:\/\/www.arnaudom.fr\/wordpress\/?page_id=6171"},"modified":"2020-08-30T15:56:22","modified_gmt":"2020-08-30T13:56:22","slug":"contraste","status":"publish","type":"page","link":"https:\/\/www.arnaudom.fr\/wordpress\/contraste\/","title":{"rendered":"contraste"},"content":{"rendered":"\t\t<div data-elementor-type=\"wp-page\" data-elementor-id=\"6171\" class=\"elementor elementor-6171\">\n\t\t\t\t\t\t<div class=\"elementor-inner\">\n\t\t\t\t<div class=\"elementor-section-wrap\">\n\t\t\t\t\t\t\t\t\t<section class=\"elementor-section elementor-top-section elementor-element elementor-element-277dfba elementor-section-boxed elementor-section-height-default elementor-section-height-default\" data-id=\"277dfba\" data-element_type=\"section\">\n\t\t\t\t\t\t<div class=\"elementor-container elementor-column-gap-default\">\n\t\t\t\t\t\t\t<div class=\"elementor-row\">\n\t\t\t\t\t<div class=\"elementor-column elementor-col-100 elementor-top-column elementor-element elementor-element-6d78676\" data-id=\"6d78676\" data-element_type=\"column\" data-settings=\"{&quot;background_background&quot;:&quot;classic&quot;}\">\n\t\t\t<div class=\"elementor-column-wrap elementor-element-populated\">\n\t\t\t\t\t\t\t<div class=\"elementor-widget-wrap\">\n\t\t\t\t\t\t<div class=\"elementor-element elementor-element-3abb122 elementor-widget elementor-widget-heading\" data-id=\"3abb122\" data-element_type=\"widget\" data-widget_type=\"heading.default\">\n\t\t\t\t<div class=\"elementor-widget-container\">\n\t\t\t<h1 class=\"elementor-heading-title elementor-size-default\">Traitement des images non lin\u00e9aires avec PixInsight (4\/6)<\/h1>\t\t<\/div>\n\t\t\t\t<\/div>\n\t\t\t\t<div class=\"elementor-element elementor-element-1d9823d elementor-widget elementor-widget-heading\" data-id=\"1d9823d\" data-element_type=\"widget\" data-widget_type=\"heading.default\">\n\t\t\t\t<div class=\"elementor-widget-container\">\n\t\t\t<h2 class=\"elementor-heading-title elementor-size-default\">5 \u2013 R\u00e9gler le contraste.<\/h2>\t\t<\/div>\n\t\t\t\t<\/div>\n\t\t\t\t<div class=\"elementor-element elementor-element-0a94370 elementor-widget elementor-widget-text-editor\" data-id=\"0a94370\" data-element_type=\"widget\" data-widget_type=\"text-editor.default\">\n\t\t\t\t<div class=\"elementor-widget-container\">\n\t\t\t\t\t\t\t\t<div class=\"elementor-text-editor elementor-clearfix\">\n\t\t\t\t<p>A l&rsquo;\u00e9tape pr\u00e9c\u00e9dente on a fait ressortir des d\u00e9tails sur M51, mais on a assombri notre image. On va donc essayer d&rsquo;am\u00e9liorer son contraste.<\/p><p>Pour cela on va utiliser le process <strong><span class=\"gras\">CurvesTransformation<\/span><\/strong> ou, si vous utilisez mes process icons, on va aller sur l&rsquo;ic\u00f4ne <strong><span class=\"gras\">Reglage_du_contraste<\/span><\/strong>.<\/p><div class=\"centre\"><img decoding=\"async\" class=\"aligncenter\" src=\"http:\/\/www.arnaudom.fr\/Img\/pix271.jpg\" alt=\"Pix\" \/><\/div><p>On fait un preview sur notre galaxie afin de pouvoir voir de plus pr\u00e8s les effets du process.<\/p><div class=\"centre\"><img decoding=\"async\" class=\"aligncenter\" src=\"http:\/\/www.arnaudom.fr\/Img\/pix272.jpg\" alt=\"Pix\" \/><\/div><p>On s\u00e9lectionne le preview puis on clique sur le cercle bleu du <strong><span class=\"gras\">Real-Time Preview<\/span><\/strong> afin de pouvoir travailler en direct sur notre image.<br \/>L&rsquo;utilisation du process est relativement intuitive : il s&rsquo;agit de cliquer sur la courbe et de la bouger pour faire varier le contraste et la luminosit\u00e9 de l&rsquo;image.<br \/>Par exemple, on commence par cliquer au milieu de la courbe (un petit carr\u00e9 appara\u00eet) puis on va d\u00e9placer le carr\u00e9 pour voir l&rsquo;effet obtenu. Quand on monte on augmente la quantit\u00e9 de lumi\u00e8re et inversement. On peut aussi d\u00e9placer le carr\u00e9 \u00e0 gauche ou droite pour modifier l&rsquo;image.<\/p><div class=\"centre\"><img decoding=\"async\" class=\"aligncenter\" src=\"http:\/\/www.arnaudom.fr\/Img\/pix273.jpg\" alt=\"Pix\" \/><\/div><p>On peut toujours cliquer sur l&rsquo;ic\u00f4ne <strong><span class=\"gras\">Reset<\/span><\/strong> pour revenir au point de d\u00e9part.<\/p><p>Si on veut modifier une zone particuli\u00e8re de l&rsquo;image, on peut cliquer \u00e0 cet endroit-l\u00e0 avec la souris. Par exemple, je clique sur une partie du ciel en-dessous de ma galaxie :<\/p><div class=\"centre\"><img decoding=\"async\" class=\"aligncenter\" src=\"http:\/\/www.arnaudom.fr\/Img\/pix274.jpg\" alt=\"Pix\" \/><\/div><p>A ce moment-l\u00e0, des traits verticaux apparaissent dans le fen\u00eatre du process pour indiquer \u00e0 quelle partie de la courbe correspond la zone sur laquelle j&rsquo;ai cliqu\u00e9e.<\/p><div class=\"centre\"><img decoding=\"async\" class=\"aligncenter\" src=\"http:\/\/www.arnaudom.fr\/Img\/pix275.jpg\" alt=\"Pix\" \/><\/div><p>Je peux alors cliquer sur ma courbe \u00e0 cet endroit-l\u00e0 pour y mettre un nouveau carr\u00e9 que je peux ensuite d\u00e9placer pour r\u00e9gler la luminosit\u00e9 de mon image.<\/p><div class=\"centre\"><img decoding=\"async\" class=\"aligncenter\" src=\"http:\/\/www.arnaudom.fr\/Img\/pix276.jpg\" alt=\"Pix\" \/><\/div><p>Je peux aussi cliquer au centre de ma galaxie, l\u00e0 o\u00f9 la luminosit\u00e9 est la plus importante.<\/p><div class=\"centre\"><img decoding=\"async\" class=\"aligncenter\" src=\"http:\/\/www.arnaudom.fr\/Img\/pix277.jpg\" alt=\"Pix\" \/><\/div><p>Je vois que cette zone correspond \u00e0 la partie haute de ma courbe.<\/p><div class=\"centre\"><img decoding=\"async\" class=\"aligncenter\" src=\"http:\/\/www.arnaudom.fr\/Img\/pix278.jpg\" alt=\"Pix\" \/><\/div><p>De la m\u00eame fa\u00e7on, je peux placer un petit carr\u00e9 sur le haut de ma courbe et le d\u00e9placer pour r\u00e9gler plus sp\u00e9cifiquement les zones les plus lumineuses de l&rsquo;image.<\/p><p>G\u00e9n\u00e9ralement, une courbe en forme de S permet d&rsquo;am\u00e9liorer le contraste g\u00e9n\u00e9ral de l&rsquo;image.<\/p><div class=\"centre\"><img decoding=\"async\" class=\"aligncenter\" src=\"http:\/\/www.arnaudom.fr\/Img\/pix279.jpg\" alt=\"Pix\" \/><\/div><p>On peut placer autant de petit carr\u00e9s que l&rsquo;on veut. L\u00e0 aussi, il faut faire des essais, jouer avec la courbe et ne pas h\u00e9siter \u00e0 cliquer sur l&rsquo;ic\u00f4ne <span class=\"gras\"><strong>Show transformed<\/strong> image<\/span> pour voir le r\u00e9sultat avant\/apr\u00e8s.<\/p><p>N&rsquo;oublions pas que nous sommes en train de travailler sur le preview, mais que les changements que nous faisons vont s&rsquo;appliquer sur l&rsquo;ensemble de l&rsquo;image, il faut donc aussi en surveiller l&rsquo;aspect global. Pour cela on ferme la fen\u00eatre du <strong><span class=\"gras\">Real-Time Preview<\/span><\/strong>, on va cliquer sur l&rsquo;onglet de notre image et on relance \u00e0 nouveau le <strong><span class=\"gras\">Real-Time Preview<\/span><\/strong>.<\/p><div class=\"centre\"><img decoding=\"async\" class=\"aligncenter\" src=\"http:\/\/www.arnaudom.fr\/Img\/pix281.jpg\" alt=\"Pix\" \/><\/div><p>Le but est ainsi de jongler entre le preview qui nous montre M51 en gros plan et l&rsquo;image dans son ensemble, afin d&rsquo;obtenir un r\u00e9sultat convenable dans les deux cas.<\/p><p>Quand le r\u00e9sultat est satisfaisant, il ne reste plus qu&rsquo;\u00e0 l&rsquo;appliquer sur l&rsquo;ensemble de l&rsquo;image et \u00e0 supprimer notre preview.<\/p><div class=\"centre\"><img decoding=\"async\" class=\"aligncenter\" src=\"http:\/\/www.arnaudom.fr\/Img\/pix280.jpg\" alt=\"Pix\" \/><\/div>\t\t\t\t\t<\/div>\n\t\t\t\t\t\t<\/div>\n\t\t\t\t<\/div>\n\t\t\t\t\t\t<\/div>\n\t\t\t\t\t<\/div>\n\t\t<\/div>\n\t\t\t\t\t\t\t\t<\/div>\n\t\t\t\t\t<\/div>\n\t\t<\/section>\n\t\t\t\t<section class=\"elementor-section elementor-top-section elementor-element elementor-element-4880d07 elementor-section-boxed elementor-section-height-default elementor-section-height-default\" data-id=\"4880d07\" data-element_type=\"section\" data-settings=\"{&quot;background_background&quot;:&quot;classic&quot;}\">\n\t\t\t\t\t\t<div class=\"elementor-container elementor-column-gap-default\">\n\t\t\t\t\t\t\t<div class=\"elementor-row\">\n\t\t\t\t\t<div class=\"elementor-column elementor-col-50 elementor-top-column elementor-element elementor-element-5388203\" data-id=\"5388203\" data-element_type=\"column\">\n\t\t\t<div class=\"elementor-column-wrap elementor-element-populated\">\n\t\t\t\t\t\t\t<div class=\"elementor-widget-wrap\">\n\t\t\t\t\t\t<div class=\"elementor-element elementor-element-489ea0e elementor-align-center elementor-widget elementor-widget-button\" data-id=\"489ea0e\" data-element_type=\"widget\" data-widget_type=\"button.default\">\n\t\t\t\t<div class=\"elementor-widget-container\">\n\t\t\t\t\t<div class=\"elementor-button-wrapper\">\n\t\t\t<a href=\"http:\/\/www.arnaudom.fr\/wordpress\/details\" class=\"elementor-button-link elementor-button elementor-size-sm\" role=\"button\">\n\t\t\t\t\t\t<span class=\"elementor-button-content-wrapper\">\n\t\t\t\t\t\t\t<span class=\"elementor-button-icon elementor-align-icon-left\">\n\t\t\t\t<i aria-hidden=\"true\" class=\"fas fa-arrow-left\"><\/i>\t\t\t<\/span>\n\t\t\t\t\t\t<span class=\"elementor-button-text\">Page 3<\/span>\n\t\t<\/span>\n\t\t\t\t\t<\/a>\n\t\t<\/div>\n\t\t\t\t<\/div>\n\t\t\t\t<\/div>\n\t\t\t\t\t\t<\/div>\n\t\t\t\t\t<\/div>\n\t\t<\/div>\n\t\t\t\t<div class=\"elementor-column elementor-col-50 elementor-top-column elementor-element elementor-element-e7f7801\" data-id=\"e7f7801\" data-element_type=\"column\">\n\t\t\t<div class=\"elementor-column-wrap elementor-element-populated\">\n\t\t\t\t\t\t\t<div class=\"elementor-widget-wrap\">\n\t\t\t\t\t\t<div class=\"elementor-element elementor-element-f0482cf elementor-align-center elementor-widget elementor-widget-button\" data-id=\"f0482cf\" data-element_type=\"widget\" data-widget_type=\"button.default\">\n\t\t\t\t<div class=\"elementor-widget-container\">\n\t\t\t\t\t<div class=\"elementor-button-wrapper\">\n\t\t\t<a href=\"http:\/\/www.arnaudom.fr\/wordpress\/saturation\" class=\"elementor-button-link elementor-button elementor-size-sm\" role=\"button\">\n\t\t\t\t\t\t<span class=\"elementor-button-content-wrapper\">\n\t\t\t\t\t\t\t<span class=\"elementor-button-icon elementor-align-icon-right\">\n\t\t\t\t<i aria-hidden=\"true\" class=\"fas fa-arrow-right\"><\/i>\t\t\t<\/span>\n\t\t\t\t\t\t<span class=\"elementor-button-text\">Page 5<\/span>\n\t\t<\/span>\n\t\t\t\t\t<\/a>\n\t\t<\/div>\n\t\t\t\t<\/div>\n\t\t\t\t<\/div>\n\t\t\t\t\t\t<\/div>\n\t\t\t\t\t<\/div>\n\t\t<\/div>\n\t\t\t\t\t\t\t\t<\/div>\n\t\t\t\t\t<\/div>\n\t\t<\/section>\n\t\t\t\t\t\t\t\t\t<\/div>\n\t\t\t<\/div>\n\t\t\t\t\t<\/div>\n\t\t","protected":false},"excerpt":{"rendered":"<p>Traitement des images non lin\u00e9aires avec PixInsight (4\/6) 5 \u2013 R\u00e9gler le contraste. A l&rsquo;\u00e9tape pr\u00e9c\u00e9dente on a fait ressortir des d\u00e9tails sur M51, mais on a assombri notre image. On va donc essayer d&rsquo;am\u00e9liorer son contraste. Pour cela on va utiliser le process CurvesTransformation ou, si vous utilisez mes process icons, on va aller &hellip;<\/p>\n<p class=\"read-more\"> <a class=\"\" href=\"https:\/\/www.arnaudom.fr\/wordpress\/contraste\/\"> <span class=\"screen-reader-text\">contraste<\/span> Lire la suite\u00a0\u00bb<\/a><\/p>\n","protected":false},"author":1,"featured_media":0,"parent":0,"menu_order":0,"comment_status":"closed","ping_status":"closed","template":"","meta":{"site-sidebar-layout":"default","site-content-layout":"default","ast-site-content-layout":"","site-content-style":"default","site-sidebar-style":"default","ast-global-header-display":"","ast-banner-title-visibility":"","ast-main-header-display":"","ast-hfb-above-header-display":"","ast-hfb-below-header-display":"","ast-hfb-mobile-header-display":"","site-post-title":"disabled","ast-breadcrumbs-content":"","ast-featured-img":"","footer-sml-layout":"","theme-transparent-header-meta":"default","adv-header-id-meta":"","stick-header-meta":"","header-above-stick-meta":"","header-main-stick-meta":"","header-below-stick-meta":"","astra-migrate-meta-layouts":"","ast-page-background-enabled":"default","ast-page-background-meta":{"desktop":{"background-color":"","background-image":"","background-repeat":"repeat","background-position":"center center","background-size":"auto","background-attachment":"scroll","background-type":"","background-media":"","overlay-type":"","overlay-color":"","overlay-gradient":""},"tablet":{"background-color":"","background-image":"","background-repeat":"repeat","background-position":"center center","background-size":"auto","background-attachment":"scroll","background-type":"","background-media":"","overlay-type":"","overlay-color":"","overlay-gradient":""},"mobile":{"background-color":"","background-image":"","background-repeat":"repeat","background-position":"center center","background-size":"auto","background-attachment":"scroll","background-type":"","background-media":"","overlay-type":"","overlay-color":"","overlay-gradient":""}},"ast-content-background-meta":{"desktop":{"background-color":"var(--ast-global-color-5)","background-image":"","background-repeat":"repeat","background-position":"center center","background-size":"auto","background-attachment":"scroll","background-type":"","background-media":"","overlay-type":"","overlay-color":"","overlay-gradient":""},"tablet":{"background-color":"var(--ast-global-color-5)","background-image":"","background-repeat":"repeat","background-position":"center center","background-size":"auto","background-attachment":"scroll","background-type":"","background-media":"","overlay-type":"","overlay-color":"","overlay-gradient":""},"mobile":{"background-color":"var(--ast-global-color-5)","background-image":"","background-repeat":"repeat","background-position":"center center","background-size":"auto","background-attachment":"scroll","background-type":"","background-media":"","overlay-type":"","overlay-color":"","overlay-gradient":""}},"footnotes":""},"class_list":["post-6171","page","type-page","status-publish","hentry"],"_links":{"self":[{"href":"https:\/\/www.arnaudom.fr\/wordpress\/wp-json\/wp\/v2\/pages\/6171","targetHints":{"allow":["GET"]}}],"collection":[{"href":"https:\/\/www.arnaudom.fr\/wordpress\/wp-json\/wp\/v2\/pages"}],"about":[{"href":"https:\/\/www.arnaudom.fr\/wordpress\/wp-json\/wp\/v2\/types\/page"}],"author":[{"embeddable":true,"href":"https:\/\/www.arnaudom.fr\/wordpress\/wp-json\/wp\/v2\/users\/1"}],"replies":[{"embeddable":true,"href":"https:\/\/www.arnaudom.fr\/wordpress\/wp-json\/wp\/v2\/comments?post=6171"}],"version-history":[{"count":7,"href":"https:\/\/www.arnaudom.fr\/wordpress\/wp-json\/wp\/v2\/pages\/6171\/revisions"}],"predecessor-version":[{"id":6179,"href":"https:\/\/www.arnaudom.fr\/wordpress\/wp-json\/wp\/v2\/pages\/6171\/revisions\/6179"}],"wp:attachment":[{"href":"https:\/\/www.arnaudom.fr\/wordpress\/wp-json\/wp\/v2\/media?parent=6171"}],"curies":[{"name":"wp","href":"https:\/\/api.w.org\/{rel}","templated":true}]}}