{"id":6158,"date":"2020-08-30T15:32:00","date_gmt":"2020-08-30T13:32:00","guid":{"rendered":"http:\/\/www.arnaudom.fr\/wordpress\/?page_id=6158"},"modified":"2020-08-30T15:49:47","modified_gmt":"2020-08-30T13:49:47","slug":"details","status":"publish","type":"page","link":"https:\/\/www.arnaudom.fr\/wordpress\/details\/","title":{"rendered":"details"},"content":{"rendered":"\t\t<div data-elementor-type=\"wp-page\" data-elementor-id=\"6158\" class=\"elementor elementor-6158\">\n\t\t\t\t\t\t<div class=\"elementor-inner\">\n\t\t\t\t<div class=\"elementor-section-wrap\">\n\t\t\t\t\t\t\t\t\t<section class=\"elementor-section elementor-top-section elementor-element elementor-element-5ab0c1f elementor-section-boxed elementor-section-height-default elementor-section-height-default\" data-id=\"5ab0c1f\" data-element_type=\"section\">\n\t\t\t\t\t\t<div class=\"elementor-container elementor-column-gap-default\">\n\t\t\t\t\t\t\t<div class=\"elementor-row\">\n\t\t\t\t\t<div class=\"elementor-column elementor-col-100 elementor-top-column elementor-element elementor-element-530846b\" data-id=\"530846b\" data-element_type=\"column\" data-settings=\"{&quot;background_background&quot;:&quot;classic&quot;}\">\n\t\t\t<div class=\"elementor-column-wrap elementor-element-populated\">\n\t\t\t\t\t\t\t<div class=\"elementor-widget-wrap\">\n\t\t\t\t\t\t<div class=\"elementor-element elementor-element-f4c1ee1 elementor-widget elementor-widget-heading\" data-id=\"f4c1ee1\" data-element_type=\"widget\" data-widget_type=\"heading.default\">\n\t\t\t\t<div class=\"elementor-widget-container\">\n\t\t\t<h1 class=\"elementor-heading-title elementor-size-default\">Traitement des images non lin\u00e9aires avec PixInsight (3\/6)<\/h1>\t\t<\/div>\n\t\t\t\t<\/div>\n\t\t\t\t<div class=\"elementor-element elementor-element-976f6f3 elementor-widget elementor-widget-heading\" data-id=\"976f6f3\" data-element_type=\"widget\" data-widget_type=\"heading.default\">\n\t\t\t\t<div class=\"elementor-widget-container\">\n\t\t\t<h2 class=\"elementor-heading-title elementor-size-default\">4-Augmenter les d\u00e9tails.<\/h2>\t\t<\/div>\n\t\t\t\t<\/div>\n\t\t\t\t<div class=\"elementor-element elementor-element-810f198 elementor-widget elementor-widget-text-editor\" data-id=\"810f198\" data-element_type=\"widget\" data-widget_type=\"text-editor.default\">\n\t\t\t\t<div class=\"elementor-widget-container\">\n\t\t\t\t\t\t\t\t<div class=\"elementor-text-editor elementor-clearfix\">\n\t\t\t\t<p>Notre image commence \u00eatre sympathique, on peut avoir envie maintenant d&rsquo;essayer d&rsquo;en faire ressortir des d\u00e9tails. Comme on le voit, il y a diff\u00e9rentes plages de luminosit\u00e9 : le centre de M51 et de sa compagne sont tr\u00e8s brillants, tandis que d&rsquo;autres zones sont bien plus sombres.<\/p><p>Pour cela, on va utiliser le process <strong><span class=\"gras\">HDRMultiscaleTransform<\/span> <\/strong>(celui qu&rsquo;on a employ\u00e9 pr\u00e9c\u00e9demment pour nous aider \u00e0 cr\u00e9er un masque d&rsquo;\u00e9toiles) ou, si vous utilisez mes process icons, on va aller sur l&rsquo;ic\u00f4ne <strong><span class=\"gras\">Augmentation_des_d\u00e9tails<\/span><\/strong>.<\/p><p>Ce process va nous permettre de compresser la dynamique de l&rsquo;image, donc d&rsquo;am\u00e9liorer la vision des zones lumineuses avec les zones plus sombres. Le param\u00e8tre le plus important \u00e0 r\u00e9gler est <strong><span class=\"gras\">Number of layers<\/span> :<\/strong> il s&rsquo;agit d&rsquo;indiquer au process sur combien de \u00ab couches \u00bb de l&rsquo;image il doit travailler. Plus on augmente cette valeur et plus on travaille \u00e0 grande \u00e9chelle. Inversement plus on baisse ce param\u00e8tre et plus on travaille sur les fins d\u00e9tails de l&rsquo;image.<\/p><p><img loading=\"lazy\" decoding=\"async\" class=\"aligncenter size-full wp-image-6163\" src=\"http:\/\/www.arnaudom.fr\/wordpress\/wp-content\/uploads\/2020\/08\/pix251.jpg\" alt=\"\" width=\"402\" height=\"253\" srcset=\"https:\/\/www.arnaudom.fr\/wordpress\/wp-content\/uploads\/2020\/08\/pix251.jpg 402w, https:\/\/www.arnaudom.fr\/wordpress\/wp-content\/uploads\/2020\/08\/pix251-300x189.jpg 300w\" sizes=\"auto, (max-width: 402px) 100vw, 402px\" \/><\/p><p>Une fa\u00e7on de voir ce que fait le process, c&rsquo;est d&rsquo;aller dans le menu<strong> <span class=\"gras\">Script<\/span><\/strong> et de cliquer sur <strong><span class=\"gras\">Image Analysis\/ExtractWaveletLayers<\/span><\/strong>, ou alors, si vous utilisez mes process icons, d&rsquo;aller sur l&rsquo;ic\u00f4ne <strong><span class=\"gras\">Affichage_des_layers<\/span><\/strong> puis de cliquer sur le disque bleu. Dans la fen\u00eatre qui appara\u00eet, on va s\u00e9lectionner le nom de notre image dans le menu d\u00e9roulant <strong><span class=\"gras\">Target image<\/span><\/strong>, mettre par exemple la valeur <strong><span class=\"gras\">8<\/span><\/strong> au param\u00e8tre <strong><span class=\"gras\">Number of layers<\/span><\/strong> et on clique sur <strong><span class=\"gras\">OK<\/span><\/strong>.<\/p><div class=\"centre\"><img decoding=\"async\" class=\"aligncenter\" src=\"http:\/\/www.arnaudom.fr\/Img\/pix252.jpg\" alt=\"Pix\" \/><\/div><p>Le script travaille puis finalement affiche une s\u00e9rie d&rsquo;images appel\u00e9es <span class=\"gras\"><strong>layer00<\/strong>, <strong>layer01<\/strong>&#8230;<\/span> jusqu&rsquo;\u00e0 <strong><span class=\"gras\">layer07<\/span><\/strong> et une derni\u00e8re image nomm\u00e9e <strong><span class=\"gras\">residual<\/span><\/strong>. En observant ces images, on voit \u00e0 quel niveau le process va travailler. Par exemple sur le <strong><span class=\"gras\">layer3<\/span><\/strong> on voit toute la structure de la galaxie.<\/p><div class=\"centre\"><img decoding=\"async\" class=\"aligncenter\" src=\"http:\/\/www.arnaudom.fr\/Img\/pix253.jpg\" alt=\"Pix\" \/><\/div><p>Sur le <strong><span class=\"gras\">layer04<\/span><\/strong> on voit toujours la structure de la galaxie mais moins finement.<\/p><div class=\"centre\"><img decoding=\"async\" class=\"aligncenter\" src=\"http:\/\/www.arnaudom.fr\/Img\/pix254.jpg\" alt=\"Pix\" \/><\/div><p>Sur le<strong> <span class=\"gras\">layer06<\/span> <\/strong>on observe les grandes structures de l&rsquo;image mais plus aucun d\u00e9tail.<\/p><div class=\"centre\"><img decoding=\"async\" class=\"aligncenter\" src=\"http:\/\/www.arnaudom.fr\/Img\/pix255.jpg\" alt=\"Pix\" \/><\/div><p>Bref, une petite valeur fera ressortir les petits d\u00e9tails tandis qu&rsquo;une grande accentuera les plus grandes structures de l&rsquo;image. Pour choisir la bonne valeur, nous allons donc faire comme souvent des essais sur un <strong><span class=\"gras\">preview<\/span><\/strong> de notre galaxie.<\/p><p>On s\u00e9lectionne notre preview et on va maintenant lui appliquer le process avec par exemple, la valeur de 7 et observer le r\u00e9sultat. Le param\u00e8tre <strong><span class=\"gras\">Lightness mask<\/span><\/strong> a \u00e9t\u00e9 coch\u00e9, il sert \u00e0 prot\u00e9ger les zones sombres de l&rsquo;image qui g\u00e9n\u00e9ralement ne n\u00e9cessitent pas une compression de leur dynamique.<\/p><p><img loading=\"lazy\" decoding=\"async\" class=\"aligncenter size-full wp-image-6164\" src=\"http:\/\/www.arnaudom.fr\/wordpress\/wp-content\/uploads\/2020\/08\/pix257.jpg\" alt=\"\" width=\"400\" height=\"254\" srcset=\"https:\/\/www.arnaudom.fr\/wordpress\/wp-content\/uploads\/2020\/08\/pix257.jpg 400w, https:\/\/www.arnaudom.fr\/wordpress\/wp-content\/uploads\/2020\/08\/pix257-300x191.jpg 300w\" sizes=\"auto, (max-width: 400px) 100vw, 400px\" \/><\/p><div class=\"centre\" style=\"text-align: center;\"><strong><span class=\"gras\">Le r\u00e9sultat avec une valeur de 7 :<\/span><\/strong><br \/><img decoding=\"async\" src=\"http:\/\/www.arnaudom.fr\/Img\/pix258.jpg\" alt=\"Pix\" \/><\/div><div class=\"centre\" style=\"text-align: center;\"><strong><span class=\"gras\">Ici, avec une valeur de 6 :<\/span><\/strong><br \/><strong><img decoding=\"async\" class=\"aligncenter\" src=\"http:\/\/www.arnaudom.fr\/Img\/pix259.jpg\" alt=\"Pix\" \/><\/strong><\/div><div class=\"centre\" style=\"text-align: center;\"><strong><span class=\"gras\">La valeur 4 :<\/span><\/strong><br \/><img decoding=\"async\" src=\"http:\/\/www.arnaudom.fr\/Img\/pix260.jpg\" alt=\"Pix\" \/><\/div><div class=\"centre\" style=\"text-align: center;\"><strong><span class=\"gras\">La valeur 3 :<\/span><\/strong><br \/><img decoding=\"async\" src=\"http:\/\/www.arnaudom.fr\/Img\/pix261.jpg\" alt=\"Pix\" \/><\/div><div class=\"centre\" style=\"text-align: center;\"><strong><span class=\"gras\">Et enfin la valeur 2 :<\/span><\/strong><br \/><img decoding=\"async\" src=\"http:\/\/www.arnaudom.fr\/Img\/pix262.jpg\" alt=\"Pix\" \/><\/div><p>On observe donc que plus la valeur diminue, plus ce sont les petits d\u00e9tails qui apparaissent.<\/p><p>C&rsquo;est maintenant \u00e0 l&rsquo;utilisateur que vous \u00eates de choisir ce qui vous pla\u00eet le plus. Personnellement la valeur 4 me donne un r\u00e9sultat qui me pla\u00eet assez.<\/p><p>La valeur 3 est aussi int\u00e9ressante car on voit bien tous les d\u00e9tails dans les galaxies, cependant il y a un probl\u00e8me. Sur les quelques \u00e9toiles tr\u00e8s brillantes pr\u00e9sentes dans le champ, le process a provoqu\u00e9 l&rsquo;apparition d&rsquo;un trou noir au centre, ce qui n&rsquo;est pas tr\u00e8s joli ! <img loading=\"lazy\" decoding=\"async\" class=\"aligncenter size-full wp-image-6165\" src=\"http:\/\/www.arnaudom.fr\/wordpress\/wp-content\/uploads\/2020\/08\/pix263.jpg\" alt=\"\" width=\"323\" height=\"283\" srcset=\"https:\/\/www.arnaudom.fr\/wordpress\/wp-content\/uploads\/2020\/08\/pix263.jpg 323w, https:\/\/www.arnaudom.fr\/wordpress\/wp-content\/uploads\/2020\/08\/pix263-300x263.jpg 300w\" sizes=\"auto, (max-width: 323px) 100vw, 323px\" \/><\/p><p><strong><span class=\"gras\">Remarque :<\/span><\/strong> pour r\u00e9gler ce probl\u00e8me, j&rsquo;ai voulu cr\u00e9er un masque ne prenant en compte que la galaxie, ce qui m&rsquo;aurait permis de n&rsquo;appliquer le traitement que sur M51 et ainsi ne pas toucher aux \u00e9toiles. Mais je ne suis parvenu qu&rsquo;\u00e0 cr\u00e9er un masque contenant la galaxie et, justement, mes quelques \u00e9toiles tr\u00e8s brillantes que je n&rsquo;ai pas r\u00e9ussi \u00e0 s\u00e9parer de M51. Si quelqu&rsquo;un a une solution \u00e0 ce probl\u00e8me, je suis preneur &#8230;<\/p><p>J&rsquo;ai trouv\u00e9 qu&rsquo;on pouvait att\u00e9nuer ce ph\u00e9nom\u00e8ne de \u00ab trou noir \u00bb en cochant l&rsquo;option <strong><span class=\"gras\">Deringing<\/span><\/strong> et en r\u00e9glant le param\u00e8tre <strong><span class=\"gras\">Small-scale<\/span><\/strong> \u00e0 <strong><span class=\"gras\">0.020<\/span><\/strong>.<\/p><div class=\"centre\"><img decoding=\"async\" class=\"aligncenter\" src=\"http:\/\/www.arnaudom.fr\/Img\/pix264.jpg\" alt=\"Pix\" \/><\/div><p>Le r\u00e9sultat sur la galaxie est moins prononc\u00e9 mais relativement agr\u00e9able aussi.<\/p><div class=\"centre\"><img decoding=\"async\" class=\"aligncenter\" src=\"http:\/\/www.arnaudom.fr\/Img\/pix265.jpg\" alt=\"Pix\" \/><\/div><p>Surtout, les trous noirs sur mes \u00e9toiles brillantes, sans avoir totalement disparu, ont \u00e9t\u00e9 sensiblement r\u00e9duits.<\/p><p><img loading=\"lazy\" decoding=\"async\" class=\"aligncenter size-full wp-image-6166\" src=\"http:\/\/www.arnaudom.fr\/wordpress\/wp-content\/uploads\/2020\/08\/pix266.jpg\" alt=\"\" width=\"349\" height=\"283\" srcset=\"https:\/\/www.arnaudom.fr\/wordpress\/wp-content\/uploads\/2020\/08\/pix266.jpg 349w, https:\/\/www.arnaudom.fr\/wordpress\/wp-content\/uploads\/2020\/08\/pix266-300x243.jpg 300w\" sizes=\"auto, (max-width: 349px) 100vw, 349px\" \/><\/p><p>On peut \u00e9galement (comme cela est montr\u00e9 sur le tutorial suivant que l&rsquo;on trouve sur le site de PixInsight: <a href=\"http:\/\/pixinsight.com\/examples\/HDRWT\/M101\/en.html\">http:\/\/pixinsight.com\/examples\/HDRWT\/M101\/en.html)<\/a> appliquer deux fois de suite notre process sur l&rsquo;objet. Une premi\u00e8re fois pour faire ressortir des parties plus grandes de l&rsquo;image puis une seconde fois pour faire ressortir des d\u00e9tails plus fins.<\/p><p>Par exemple, j&rsquo;ai fait l&rsquo;essai sur mon image en appliquant tout d&rsquo;abord mon process avec les param\u00e8tres suivants :<br \/>&#8211; <b><span class=\"gras\">Number of layers<\/span><\/b> \u00e0 <b><span class=\"gras\">6<\/span><\/b><br \/>&#8211; <b><span class=\"gras\">Lightness mask<\/span><\/b> est toujours coch\u00e9e<br \/>&#8211; L&rsquo;option <b><span class=\"gras\">Deringing<\/span><\/b> est coch\u00e9e avec <b><span class=\"gras\">Small-scale<\/span><\/b> \u00e0 <b><span class=\"gras\">0.020<\/span><\/b>.<\/p><p><img loading=\"lazy\" decoding=\"async\" class=\"aligncenter size-full wp-image-6168\" src=\"http:\/\/www.arnaudom.fr\/wordpress\/wp-content\/uploads\/2020\/08\/pix269.jpg\" alt=\"\" width=\"402\" height=\"323\" srcset=\"https:\/\/www.arnaudom.fr\/wordpress\/wp-content\/uploads\/2020\/08\/pix269.jpg 402w, https:\/\/www.arnaudom.fr\/wordpress\/wp-content\/uploads\/2020\/08\/pix269-300x241.jpg 300w\" sizes=\"auto, (max-width: 402px) 100vw, 402px\" \/><\/p><p>Voil\u00e0 le premier r\u00e9sultat :<\/p><div class=\"centre\"><img decoding=\"async\" class=\"aligncenter\" src=\"http:\/\/www.arnaudom.fr\/Img\/pix268.jpg\" alt=\"Pix\" \/><\/div><p>Ensuite, je r\u00e9applique une seconde fois mon process (avec mes process icons, je vais sur <strong><span class=\"gras\">Seconde_augmentation_si_besoin<\/span><\/strong>) avec les m\u00eames param\u00e8tres qu&rsquo;avant, sauf <strong><span class=\"gras\">Number of layers<\/span><\/strong> qui est \u00e0<strong> <span class=\"gras\">4<\/span><\/strong> :<\/p><div class=\"centre\"><img decoding=\"async\" class=\"aligncenter\" src=\"http:\/\/www.arnaudom.fr\/Img\/pix270.jpg\" alt=\"Pix\" \/><\/div><p>Voil\u00e0 le r\u00e9sultat avec la seconde application de mon process :<\/p><div class=\"centre\"><img decoding=\"async\" class=\"aligncenter\" src=\"http:\/\/www.arnaudom.fr\/Img\/pix267.jpg\" alt=\"Pix\" \/><\/div><p>Bref, il me semble que l&rsquo;on se trouve l\u00e0 au c\u0153ur de la partie suggestive du traitement avec notre <strong><span class=\"gras\">HDRMultiscaleTransform<\/span><\/strong> : c&rsquo;est l&rsquo;utilisateur seul qui va d\u00e9cider s&rsquo;il veut obtenir une image avec des d\u00e9tails plus ou moins prononc\u00e9s, c&rsquo;est \u00e0 lui de faire des essais (choisir le nombre de layers, faire une application ou deux du process&#8230;) et de d\u00e9cider du r\u00e9sultat qui sera le plus \u00e0 sa convenance.<\/p><p>Il faut faire des essais, il n&rsquo;y a pas de m\u00e9thode miracle !<\/p><p>Dans mon cas, j&rsquo;ai d\u00e9cid\u00e9 de conserver l&rsquo;image \u00e0 laquelle j&rsquo;ai simplement appliqu\u00e9 mon process avec le param\u00e8tre <strong><span class=\"gras\">Number of layers<\/span> <\/strong>\u00e0 <strong><span class=\"gras\">4<\/span><\/strong> et l&rsquo;option <strong><span class=\"gras\">Lightness Mask<\/span> coch\u00e9e<\/strong>.<\/p>\t\t\t\t\t<\/div>\n\t\t\t\t\t\t<\/div>\n\t\t\t\t<\/div>\n\t\t\t\t\t\t<\/div>\n\t\t\t\t\t<\/div>\n\t\t<\/div>\n\t\t\t\t\t\t\t\t<\/div>\n\t\t\t\t\t<\/div>\n\t\t<\/section>\n\t\t\t\t<section class=\"elementor-section elementor-top-section elementor-element elementor-element-4538d02 elementor-section-boxed elementor-section-height-default elementor-section-height-default\" data-id=\"4538d02\" data-element_type=\"section\" data-settings=\"{&quot;background_background&quot;:&quot;classic&quot;}\">\n\t\t\t\t\t\t<div class=\"elementor-container elementor-column-gap-default\">\n\t\t\t\t\t\t\t<div class=\"elementor-row\">\n\t\t\t\t\t<div class=\"elementor-column elementor-col-50 elementor-top-column elementor-element elementor-element-8c855d4\" data-id=\"8c855d4\" data-element_type=\"column\">\n\t\t\t<div class=\"elementor-column-wrap elementor-element-populated\">\n\t\t\t\t\t\t\t<div class=\"elementor-widget-wrap\">\n\t\t\t\t\t\t<div class=\"elementor-element elementor-element-f0308d4 elementor-align-center elementor-widget elementor-widget-button\" data-id=\"f0308d4\" data-element_type=\"widget\" data-widget_type=\"button.default\">\n\t\t\t\t<div class=\"elementor-widget-container\">\n\t\t\t\t\t<div class=\"elementor-button-wrapper\">\n\t\t\t<a href=\"http:\/\/www.arnaudom.fr\/wordpress\/reduction\" class=\"elementor-button-link elementor-button elementor-size-sm\" role=\"button\">\n\t\t\t\t\t\t<span class=\"elementor-button-content-wrapper\">\n\t\t\t\t\t\t\t<span class=\"elementor-button-icon elementor-align-icon-left\">\n\t\t\t\t<i aria-hidden=\"true\" class=\"fas fa-arrow-left\"><\/i>\t\t\t<\/span>\n\t\t\t\t\t\t<span class=\"elementor-button-text\">Page 2<\/span>\n\t\t<\/span>\n\t\t\t\t\t<\/a>\n\t\t<\/div>\n\t\t\t\t<\/div>\n\t\t\t\t<\/div>\n\t\t\t\t\t\t<\/div>\n\t\t\t\t\t<\/div>\n\t\t<\/div>\n\t\t\t\t<div class=\"elementor-column elementor-col-50 elementor-top-column elementor-element elementor-element-bfc9875\" data-id=\"bfc9875\" data-element_type=\"column\">\n\t\t\t<div class=\"elementor-column-wrap elementor-element-populated\">\n\t\t\t\t\t\t\t<div class=\"elementor-widget-wrap\">\n\t\t\t\t\t\t<div class=\"elementor-element elementor-element-a9eafb9 elementor-align-center elementor-widget elementor-widget-button\" data-id=\"a9eafb9\" data-element_type=\"widget\" data-widget_type=\"button.default\">\n\t\t\t\t<div class=\"elementor-widget-container\">\n\t\t\t\t\t<div class=\"elementor-button-wrapper\">\n\t\t\t<a href=\"http:\/\/www.arnaudom.fr\/wordpress\/contraste\" class=\"elementor-button-link elementor-button elementor-size-sm\" role=\"button\">\n\t\t\t\t\t\t<span class=\"elementor-button-content-wrapper\">\n\t\t\t\t\t\t\t<span class=\"elementor-button-icon elementor-align-icon-right\">\n\t\t\t\t<i aria-hidden=\"true\" class=\"fas fa-arrow-right\"><\/i>\t\t\t<\/span>\n\t\t\t\t\t\t<span class=\"elementor-button-text\">Page 4<\/span>\n\t\t<\/span>\n\t\t\t\t\t<\/a>\n\t\t<\/div>\n\t\t\t\t<\/div>\n\t\t\t\t<\/div>\n\t\t\t\t\t\t<\/div>\n\t\t\t\t\t<\/div>\n\t\t<\/div>\n\t\t\t\t\t\t\t\t<\/div>\n\t\t\t\t\t<\/div>\n\t\t<\/section>\n\t\t\t\t\t\t\t\t\t<\/div>\n\t\t\t<\/div>\n\t\t\t\t\t<\/div>\n\t\t","protected":false},"excerpt":{"rendered":"<p>Traitement des images non lin\u00e9aires avec PixInsight (3\/6) 4-Augmenter les d\u00e9tails. Notre image commence \u00eatre sympathique, on peut avoir envie maintenant d&rsquo;essayer d&rsquo;en faire ressortir des d\u00e9tails. Comme on le voit, il y a diff\u00e9rentes plages de luminosit\u00e9 : le centre de M51 et de sa compagne sont tr\u00e8s brillants, tandis que d&rsquo;autres zones sont &hellip;<\/p>\n<p class=\"read-more\"> <a class=\"\" href=\"https:\/\/www.arnaudom.fr\/wordpress\/details\/\"> <span class=\"screen-reader-text\">details<\/span> Lire la suite\u00a0\u00bb<\/a><\/p>\n","protected":false},"author":1,"featured_media":0,"parent":0,"menu_order":0,"comment_status":"closed","ping_status":"closed","template":"","meta":{"site-sidebar-layout":"default","site-content-layout":"default","ast-site-content-layout":"","site-content-style":"default","site-sidebar-style":"default","ast-global-header-display":"","ast-banner-title-visibility":"","ast-main-header-display":"","ast-hfb-above-header-display":"","ast-hfb-below-header-display":"","ast-hfb-mobile-header-display":"","site-post-title":"disabled","ast-breadcrumbs-content":"","ast-featured-img":"","footer-sml-layout":"","theme-transparent-header-meta":"default","adv-header-id-meta":"","stick-header-meta":"","header-above-stick-meta":"","header-main-stick-meta":"","header-below-stick-meta":"","astra-migrate-meta-layouts":"","ast-page-background-enabled":"default","ast-page-background-meta":{"desktop":{"background-color":"","background-image":"","background-repeat":"repeat","background-position":"center center","background-size":"auto","background-attachment":"scroll","background-type":"","background-media":"","overlay-type":"","overlay-color":"","overlay-gradient":""},"tablet":{"background-color":"","background-image":"","background-repeat":"repeat","background-position":"center center","background-size":"auto","background-attachment":"scroll","background-type":"","background-media":"","overlay-type":"","overlay-color":"","overlay-gradient":""},"mobile":{"background-color":"","background-image":"","background-repeat":"repeat","background-position":"center center","background-size":"auto","background-attachment":"scroll","background-type":"","background-media":"","overlay-type":"","overlay-color":"","overlay-gradient":""}},"ast-content-background-meta":{"desktop":{"background-color":"var(--ast-global-color-5)","background-image":"","background-repeat":"repeat","background-position":"center center","background-size":"auto","background-attachment":"scroll","background-type":"","background-media":"","overlay-type":"","overlay-color":"","overlay-gradient":""},"tablet":{"background-color":"var(--ast-global-color-5)","background-image":"","background-repeat":"repeat","background-position":"center center","background-size":"auto","background-attachment":"scroll","background-type":"","background-media":"","overlay-type":"","overlay-color":"","overlay-gradient":""},"mobile":{"background-color":"var(--ast-global-color-5)","background-image":"","background-repeat":"repeat","background-position":"center center","background-size":"auto","background-attachment":"scroll","background-type":"","background-media":"","overlay-type":"","overlay-color":"","overlay-gradient":""}},"footnotes":""},"class_list":["post-6158","page","type-page","status-publish","hentry"],"_links":{"self":[{"href":"https:\/\/www.arnaudom.fr\/wordpress\/wp-json\/wp\/v2\/pages\/6158","targetHints":{"allow":["GET"]}}],"collection":[{"href":"https:\/\/www.arnaudom.fr\/wordpress\/wp-json\/wp\/v2\/pages"}],"about":[{"href":"https:\/\/www.arnaudom.fr\/wordpress\/wp-json\/wp\/v2\/types\/page"}],"author":[{"embeddable":true,"href":"https:\/\/www.arnaudom.fr\/wordpress\/wp-json\/wp\/v2\/users\/1"}],"replies":[{"embeddable":true,"href":"https:\/\/www.arnaudom.fr\/wordpress\/wp-json\/wp\/v2\/comments?post=6158"}],"version-history":[{"count":6,"href":"https:\/\/www.arnaudom.fr\/wordpress\/wp-json\/wp\/v2\/pages\/6158\/revisions"}],"predecessor-version":[{"id":6170,"href":"https:\/\/www.arnaudom.fr\/wordpress\/wp-json\/wp\/v2\/pages\/6158\/revisions\/6170"}],"wp:attachment":[{"href":"https:\/\/www.arnaudom.fr\/wordpress\/wp-json\/wp\/v2\/media?parent=6158"}],"curies":[{"name":"wp","href":"https:\/\/api.w.org\/{rel}","templated":true}]}}