{"id":6151,"date":"2020-08-30T15:21:47","date_gmt":"2020-08-30T13:21:47","guid":{"rendered":"http:\/\/www.arnaudom.fr\/wordpress\/?page_id=6151"},"modified":"2020-08-30T15:31:07","modified_gmt":"2020-08-30T13:31:07","slug":"reduction","status":"publish","type":"page","link":"https:\/\/www.arnaudom.fr\/wordpress\/reduction\/","title":{"rendered":"reduction"},"content":{"rendered":"\t\t<div data-elementor-type=\"wp-page\" data-elementor-id=\"6151\" class=\"elementor elementor-6151\">\n\t\t\t\t\t\t<div class=\"elementor-inner\">\n\t\t\t\t<div class=\"elementor-section-wrap\">\n\t\t\t\t\t\t\t\t\t<section class=\"elementor-section elementor-top-section elementor-element elementor-element-5ea0e18 elementor-section-boxed elementor-section-height-default elementor-section-height-default\" data-id=\"5ea0e18\" data-element_type=\"section\">\n\t\t\t\t\t\t<div class=\"elementor-container elementor-column-gap-default\">\n\t\t\t\t\t\t\t<div class=\"elementor-row\">\n\t\t\t\t\t<div class=\"elementor-column elementor-col-100 elementor-top-column elementor-element elementor-element-9a696be\" data-id=\"9a696be\" data-element_type=\"column\" data-settings=\"{&quot;background_background&quot;:&quot;classic&quot;}\">\n\t\t\t<div class=\"elementor-column-wrap elementor-element-populated\">\n\t\t\t\t\t\t\t<div class=\"elementor-widget-wrap\">\n\t\t\t\t\t\t<div class=\"elementor-element elementor-element-fb329a9 elementor-widget elementor-widget-heading\" data-id=\"fb329a9\" data-element_type=\"widget\" data-widget_type=\"heading.default\">\n\t\t\t\t<div class=\"elementor-widget-container\">\n\t\t\t<h1 class=\"elementor-heading-title elementor-size-default\">Traitement des images non lin\u00e9aires avec PixInsight (2\/6)<\/h1>\t\t<\/div>\n\t\t\t\t<\/div>\n\t\t\t\t<div class=\"elementor-element elementor-element-34f3c65 elementor-widget elementor-widget-text-editor\" data-id=\"34f3c65\" data-element_type=\"widget\" data-widget_type=\"text-editor.default\">\n\t\t\t\t<div class=\"elementor-widget-container\">\n\t\t\t\t\t\t\t\t<div class=\"elementor-text-editor elementor-clearfix\">\n\t\t\t\t<p>On commence tout d&rsquo;abord par cr\u00e9er un clone de l&rsquo;image en d\u00e9pla\u00e7ant son onglet sur l&rsquo;espace de travail. On obtient l&rsquo;image nomm\u00e9e <strong><span class=\"gras\">M51nonlineaire_clone<\/span><\/strong>.<\/p><div class=\"centre\"><img decoding=\"async\" class=\"aligncenter\" src=\"http:\/\/www.arnaudom.fr\/Img\/pix236.jpg\" alt=\"Pix\" \/><\/div><p>Sur cette image, je vais appliquer le process <strong><span class=\"gras\">HDRMultiscaleTransform<\/span><\/strong> ou, si vous utilisez mes process icons, allez sur l&rsquo;ic\u00f4ne <strong><span class=\"gras\">Accentuer_les_d\u00e9tails_du_clone<\/span><\/strong>.<\/p><p>On r\u00e8gle le param\u00e8tre <strong><span class=\"gras\">Number of layers<\/span><\/strong> \u00e0 <strong><span class=\"gras\">4<\/span><\/strong>, <strong><span class=\"gras\">Number of iterations<\/span><\/strong> \u00e0 <strong><span class=\"gras\">3<\/span><\/strong> et on laisse les autres param\u00e8tres par d\u00e9faut.<\/p><div class=\"centre\"><img decoding=\"async\" class=\"aligncenter\" src=\"http:\/\/www.arnaudom.fr\/Img\/pix237.jpg\" alt=\"Pix\" \/><\/div><p>On applique le process en le d\u00e9posant sur l&rsquo;image.<\/p><div class=\"centre\"><img decoding=\"async\" class=\"aligncenter\" src=\"http:\/\/www.arnaudom.fr\/Img\/pix238.jpg\" alt=\"Pix\" \/><\/div><p>Le process a ainsi fortement accentu\u00e9 les d\u00e9tails de l&rsquo;image (nous reviendrons plus loin dans le traitement sur l&rsquo;utilisation et l&rsquo;utilit\u00e9 de ce process).<\/p><p>On utilise maintenant le process <strong><span class=\"gras\">MorphologicalTransformation<\/span><\/strong> ou, si vous utilisez mes process icons, on va sur l&rsquo;ic\u00f4ne <strong><span class=\"gras\">Reduction_du_bruit_sur_le_clone<\/span><\/strong>.<\/p><div class=\"centre\"><img decoding=\"async\" class=\"aligncenter\" src=\"http:\/\/www.arnaudom.fr\/Img\/pix239.jpg\" alt=\"Pix\" \/><\/div><p>Dans le menu d\u00e9roulant <strong><span class=\"gras\">Operator :<\/span><\/strong> on a s\u00e9lectionn\u00e9 l&rsquo;option <strong><span class=\"gras\">Morphological Median<\/span><\/strong>. On l&rsquo;applique sur notre clone afin d&rsquo;en supprimer le bruit.<\/p><p>Maintenant on reprend le process <strong><span class=\"gras\">StarMask<\/span><\/strong> ou, si vous utilisez mes process icons, on va sur <strong><span class=\"gras\">Masque_d_etoiles_a_appliquer_sur_le_clone<\/span><\/strong>. On r\u00e8gle comme tout \u00e0 l&rsquo;heure le <strong><span class=\"gras\">Noise treshhold<\/span><\/strong> \u00e0 <strong><span class=\"gras\">0.40000<\/span><\/strong> et on l&rsquo;applique cette fois sur le clone.<\/p><div class=\"centre\"><img decoding=\"async\" class=\"aligncenter\" src=\"http:\/\/www.arnaudom.fr\/Img\/pix240.jpg\" alt=\"Pix\" \/><\/div><p>Le r\u00e9sultat obtenu me para\u00eet cette fois tout \u00e0 fait bien, les petites \u00ab pseudo-\u00e9toiles \u00bb qui se trouvaient en bas \u00e0 droite de mon masque pr\u00e9c\u00e9dent ont disparu.<\/p><div class=\"centre\"><img decoding=\"async\" class=\"aligncenter\" src=\"http:\/\/www.arnaudom.fr\/Img\/pix241.jpg\" alt=\"Pix\" \/><\/div><p>J&rsquo;applique mon masque \u00e0 l&rsquo;image et je l&rsquo;inverse (<strong><span class=\"gras\">Mask\/Invert Mask<\/span><\/strong>) pour le v\u00e9rifier.<\/p><div class=\"centre\"><img decoding=\"async\" class=\"aligncenter\" src=\"http:\/\/www.arnaudom.fr\/Img\/pix242.jpg\" alt=\"Pix\" \/><\/div><p>Si on observe le coin inf\u00e9rieur droit de l&rsquo;image, seules les \u00e9toiles sont maintenant recouvertes par le masque.<\/p><div class=\"centre\"><img decoding=\"async\" class=\"aligncenter\" src=\"http:\/\/www.arnaudom.fr\/Img\/pix243.jpg\" alt=\"Pix\" \/><\/div><p>Voil\u00e0, maintenant que je suis content de mon masque, le plus dur est fait, je vais pouvoir r\u00e9duire facilement mes \u00e9toiles.<\/p><p>On n&rsquo;oublie pas <strong><span class=\"gras\">d&rsquo;inverser<\/span><\/strong> \u00e0 nouveau le masque avant de passer \u00e0 la suite.<\/p><div class=\"centre\"><img decoding=\"async\" class=\"aligncenter\" src=\"http:\/\/www.arnaudom.fr\/Img\/pix244.jpg\" alt=\"Pix\" \/><\/div><p>Pour r\u00e9duire nos \u00e9toiles on va utiliser \u00e0 nouveau le process <strong><span class=\"gras\">MorphologicalTransformation<\/span><\/strong> ou, si vous utilisez mes process icons, aller sur l&rsquo;ic\u00f4ne <strong><span class=\"gras\">R\u00e9duction_des_\u00e9toiles<\/span><\/strong>.<\/p><div class=\"centre\"><img decoding=\"async\" class=\"aligncenter\" src=\"http:\/\/www.arnaudom.fr\/Img\/pix245.jpg\" alt=\"Pix\" \/><\/div><p>Cette fois on a s\u00e9lectionn\u00e9 l&rsquo;option <strong><span class=\"gras\">Erosion (minimum)<\/span><\/strong> dans le menu <strong><span class=\"gras\">Operator :<\/span><\/strong> afin de r\u00e9duire les \u00e9toiles. On cache le masque (mais il reste toujours actif) en faisant un clic droit et allant sur <strong><span class=\"gras\">Mask\/Show Mask<\/span><\/strong>.<\/p><p>On fait ensuite un <strong><span class=\"gras\">preview<\/span> <\/strong>sur l&rsquo;image, en choisissant bien entendu une zone de l&rsquo;image contenant plusieurs \u00e9toiles relativement brillantes.<\/p><p>On n&rsquo;a plus qu&rsquo;\u00e0 d\u00e9poser le process sur le <span class=\"gras\">preview<\/span> pour voir l&rsquo;effet obtenu.<\/p><div class=\"centre\" style=\"text-align: center;\"><strong><span class=\"gras\">Preview avant<\/span><\/strong><br \/><img decoding=\"async\" src=\"http:\/\/www.arnaudom.fr\/Img\/pix246.jpg\" alt=\"Pix\" \/><\/div><div class=\"centre\" style=\"text-align: center;\"><strong><span class=\"gras\">Preview apr\u00e8s<\/span><\/strong><br \/><img decoding=\"async\" src=\"http:\/\/www.arnaudom.fr\/Img\/pix247.jpg\" alt=\"Pix\" \/><\/div><p>Si le r\u00e9sultat est convenable, on peut supprimer le <span class=\"gras\">preview<\/span> puis appliquer maintenant le process directement sur l&rsquo;ensemble de l&rsquo;image.<\/p><div class=\"centre\"><img decoding=\"async\" class=\"aligncenter\" src=\"http:\/\/www.arnaudom.fr\/Img\/pix248.jpg\" alt=\"Pix\" \/><\/div><p>L&rsquo;utilisation des fl\u00e8ches <strong><span class=\"gras\">Undo\/Redo<\/span><\/strong> permettent une nouvelle fois de v\u00e9rifier l&rsquo;aspect de l&rsquo;image avant et apr\u00e8s la r\u00e9duction.<\/p><p>On peut refaire une seconde r\u00e9duction si on le souhaite, l\u00e0 aussi c&rsquo;est ensuite au go\u00fbt de chacun de voir si l&rsquo;on pr\u00e9f\u00e8re voir plus ou moins d&rsquo;\u00e9toiles sur l&rsquo;ensemble de l&rsquo;image.<\/p><div class=\"centre\" style=\"text-align: center;\"><strong><span class=\"gras\">Voici l&rsquo;image centr\u00e9e sur M51 avant la r\u00e9duction d&rsquo;\u00e9toiles :<\/span><\/strong><br \/><img decoding=\"async\" src=\"http:\/\/www.arnaudom.fr\/Img\/pix249.jpg\" alt=\"Pix\" \/><\/div><div class=\"centre\" style=\"text-align: center;\"><strong><span class=\"gras\">Et la m\u00eame apr\u00e8s la r\u00e9duction :<\/span><\/strong><br \/><img decoding=\"async\" src=\"http:\/\/www.arnaudom.fr\/Img\/pix250.jpg\" alt=\"Pix\" \/><\/div>\t\t\t\t\t<\/div>\n\t\t\t\t\t\t<\/div>\n\t\t\t\t<\/div>\n\t\t\t\t\t\t<\/div>\n\t\t\t\t\t<\/div>\n\t\t<\/div>\n\t\t\t\t\t\t\t\t<\/div>\n\t\t\t\t\t<\/div>\n\t\t<\/section>\n\t\t\t\t<section class=\"elementor-section elementor-top-section elementor-element elementor-element-fab8fbd elementor-section-boxed elementor-section-height-default elementor-section-height-default\" data-id=\"fab8fbd\" data-element_type=\"section\" data-settings=\"{&quot;background_background&quot;:&quot;classic&quot;}\">\n\t\t\t\t\t\t<div class=\"elementor-container elementor-column-gap-default\">\n\t\t\t\t\t\t\t<div class=\"elementor-row\">\n\t\t\t\t\t<div class=\"elementor-column elementor-col-50 elementor-top-column elementor-element elementor-element-0553312\" data-id=\"0553312\" data-element_type=\"column\">\n\t\t\t<div class=\"elementor-column-wrap elementor-element-populated\">\n\t\t\t\t\t\t\t<div class=\"elementor-widget-wrap\">\n\t\t\t\t\t\t<div class=\"elementor-element elementor-element-fa3175f elementor-align-center elementor-widget elementor-widget-button\" data-id=\"fa3175f\" data-element_type=\"widget\" data-widget_type=\"button.default\">\n\t\t\t\t<div class=\"elementor-widget-container\">\n\t\t\t\t\t<div class=\"elementor-button-wrapper\">\n\t\t\t<a href=\"http:\/\/www.arnaudom.fr\/wordpress\/nonlineaire\" class=\"elementor-button-link elementor-button elementor-size-sm\" role=\"button\">\n\t\t\t\t\t\t<span class=\"elementor-button-content-wrapper\">\n\t\t\t\t\t\t\t<span class=\"elementor-button-icon elementor-align-icon-left\">\n\t\t\t\t<i aria-hidden=\"true\" class=\"fas fa-arrow-left\"><\/i>\t\t\t<\/span>\n\t\t\t\t\t\t<span class=\"elementor-button-text\">Page 1<\/span>\n\t\t<\/span>\n\t\t\t\t\t<\/a>\n\t\t<\/div>\n\t\t\t\t<\/div>\n\t\t\t\t<\/div>\n\t\t\t\t\t\t<\/div>\n\t\t\t\t\t<\/div>\n\t\t<\/div>\n\t\t\t\t<div class=\"elementor-column elementor-col-50 elementor-top-column elementor-element elementor-element-661fbe5\" data-id=\"661fbe5\" data-element_type=\"column\">\n\t\t\t<div class=\"elementor-column-wrap elementor-element-populated\">\n\t\t\t\t\t\t\t<div class=\"elementor-widget-wrap\">\n\t\t\t\t\t\t<div class=\"elementor-element elementor-element-361bfab elementor-align-center elementor-widget elementor-widget-button\" data-id=\"361bfab\" data-element_type=\"widget\" data-widget_type=\"button.default\">\n\t\t\t\t<div class=\"elementor-widget-container\">\n\t\t\t\t\t<div class=\"elementor-button-wrapper\">\n\t\t\t<a href=\"http:\/\/www.arnaudom.fr\/wordpress\/details\" class=\"elementor-button-link elementor-button elementor-size-sm\" role=\"button\">\n\t\t\t\t\t\t<span class=\"elementor-button-content-wrapper\">\n\t\t\t\t\t\t\t<span class=\"elementor-button-icon elementor-align-icon-right\">\n\t\t\t\t<i aria-hidden=\"true\" class=\"fas fa-arrow-right\"><\/i>\t\t\t<\/span>\n\t\t\t\t\t\t<span class=\"elementor-button-text\">Page 3<\/span>\n\t\t<\/span>\n\t\t\t\t\t<\/a>\n\t\t<\/div>\n\t\t\t\t<\/div>\n\t\t\t\t<\/div>\n\t\t\t\t\t\t<\/div>\n\t\t\t\t\t<\/div>\n\t\t<\/div>\n\t\t\t\t\t\t\t\t<\/div>\n\t\t\t\t\t<\/div>\n\t\t<\/section>\n\t\t\t\t\t\t\t\t\t<\/div>\n\t\t\t<\/div>\n\t\t\t\t\t<\/div>\n\t\t","protected":false},"excerpt":{"rendered":"<p>Traitement des images non lin\u00e9aires avec PixInsight (2\/6) On commence tout d&rsquo;abord par cr\u00e9er un clone de l&rsquo;image en d\u00e9pla\u00e7ant son onglet sur l&rsquo;espace de travail. On obtient l&rsquo;image nomm\u00e9e M51nonlineaire_clone. Sur cette image, je vais appliquer le process HDRMultiscaleTransform ou, si vous utilisez mes process icons, allez sur l&rsquo;ic\u00f4ne Accentuer_les_d\u00e9tails_du_clone. On r\u00e8gle le param\u00e8tre &hellip;<\/p>\n<p class=\"read-more\"> <a class=\"\" href=\"https:\/\/www.arnaudom.fr\/wordpress\/reduction\/\"> <span class=\"screen-reader-text\">reduction<\/span> Lire la suite\u00a0\u00bb<\/a><\/p>\n","protected":false},"author":1,"featured_media":0,"parent":0,"menu_order":0,"comment_status":"closed","ping_status":"closed","template":"","meta":{"site-sidebar-layout":"default","site-content-layout":"default","ast-site-content-layout":"","site-content-style":"default","site-sidebar-style":"default","ast-global-header-display":"","ast-banner-title-visibility":"","ast-main-header-display":"","ast-hfb-above-header-display":"","ast-hfb-below-header-display":"","ast-hfb-mobile-header-display":"","site-post-title":"disabled","ast-breadcrumbs-content":"","ast-featured-img":"","footer-sml-layout":"","theme-transparent-header-meta":"default","adv-header-id-meta":"","stick-header-meta":"","header-above-stick-meta":"","header-main-stick-meta":"","header-below-stick-meta":"","astra-migrate-meta-layouts":"","ast-page-background-enabled":"default","ast-page-background-meta":{"desktop":{"background-color":"","background-image":"","background-repeat":"repeat","background-position":"center center","background-size":"auto","background-attachment":"scroll","background-type":"","background-media":"","overlay-type":"","overlay-color":"","overlay-gradient":""},"tablet":{"background-color":"","background-image":"","background-repeat":"repeat","background-position":"center center","background-size":"auto","background-attachment":"scroll","background-type":"","background-media":"","overlay-type":"","overlay-color":"","overlay-gradient":""},"mobile":{"background-color":"","background-image":"","background-repeat":"repeat","background-position":"center center","background-size":"auto","background-attachment":"scroll","background-type":"","background-media":"","overlay-type":"","overlay-color":"","overlay-gradient":""}},"ast-content-background-meta":{"desktop":{"background-color":"var(--ast-global-color-5)","background-image":"","background-repeat":"repeat","background-position":"center center","background-size":"auto","background-attachment":"scroll","background-type":"","background-media":"","overlay-type":"","overlay-color":"","overlay-gradient":""},"tablet":{"background-color":"var(--ast-global-color-5)","background-image":"","background-repeat":"repeat","background-position":"center center","background-size":"auto","background-attachment":"scroll","background-type":"","background-media":"","overlay-type":"","overlay-color":"","overlay-gradient":""},"mobile":{"background-color":"var(--ast-global-color-5)","background-image":"","background-repeat":"repeat","background-position":"center center","background-size":"auto","background-attachment":"scroll","background-type":"","background-media":"","overlay-type":"","overlay-color":"","overlay-gradient":""}},"footnotes":""},"class_list":["post-6151","page","type-page","status-publish","hentry"],"_links":{"self":[{"href":"https:\/\/www.arnaudom.fr\/wordpress\/wp-json\/wp\/v2\/pages\/6151","targetHints":{"allow":["GET"]}}],"collection":[{"href":"https:\/\/www.arnaudom.fr\/wordpress\/wp-json\/wp\/v2\/pages"}],"about":[{"href":"https:\/\/www.arnaudom.fr\/wordpress\/wp-json\/wp\/v2\/types\/page"}],"author":[{"embeddable":true,"href":"https:\/\/www.arnaudom.fr\/wordpress\/wp-json\/wp\/v2\/users\/1"}],"replies":[{"embeddable":true,"href":"https:\/\/www.arnaudom.fr\/wordpress\/wp-json\/wp\/v2\/comments?post=6151"}],"version-history":[{"count":5,"href":"https:\/\/www.arnaudom.fr\/wordpress\/wp-json\/wp\/v2\/pages\/6151\/revisions"}],"predecessor-version":[{"id":6157,"href":"https:\/\/www.arnaudom.fr\/wordpress\/wp-json\/wp\/v2\/pages\/6151\/revisions\/6157"}],"wp:attachment":[{"href":"https:\/\/www.arnaudom.fr\/wordpress\/wp-json\/wp\/v2\/media?parent=6151"}],"curies":[{"name":"wp","href":"https:\/\/api.w.org\/{rel}","templated":true}]}}