{"id":6141,"date":"2020-08-30T15:05:06","date_gmt":"2020-08-30T13:05:06","guid":{"rendered":"http:\/\/www.arnaudom.fr\/wordpress\/?page_id=6141"},"modified":"2020-08-30T15:21:25","modified_gmt":"2020-08-30T13:21:25","slug":"nonlineaire","status":"publish","type":"page","link":"https:\/\/www.arnaudom.fr\/wordpress\/nonlineaire\/","title":{"rendered":"nonlineaire"},"content":{"rendered":"\t\t<div data-elementor-type=\"wp-page\" data-elementor-id=\"6141\" class=\"elementor elementor-6141\">\n\t\t\t\t\t\t<div class=\"elementor-inner\">\n\t\t\t\t<div class=\"elementor-section-wrap\">\n\t\t\t\t\t\t\t\t\t<section class=\"elementor-section elementor-top-section elementor-element elementor-element-c4038e3 elementor-section-full_width elementor-section-height-default elementor-section-height-default\" data-id=\"c4038e3\" data-element_type=\"section\" data-settings=\"{&quot;background_background&quot;:&quot;classic&quot;}\">\n\t\t\t\t\t\t<div class=\"elementor-container elementor-column-gap-default\">\n\t\t\t\t\t\t\t<div class=\"elementor-row\">\n\t\t\t\t\t<div class=\"elementor-column elementor-col-100 elementor-top-column elementor-element elementor-element-1a1cb6d\" data-id=\"1a1cb6d\" data-element_type=\"column\" data-settings=\"{&quot;background_background&quot;:&quot;classic&quot;}\">\n\t\t\t<div class=\"elementor-column-wrap elementor-element-populated\">\n\t\t\t\t\t\t\t<div class=\"elementor-widget-wrap\">\n\t\t\t\t\t\t<div class=\"elementor-element elementor-element-3704c76 elementor-widget elementor-widget-heading\" data-id=\"3704c76\" data-element_type=\"widget\" data-widget_type=\"heading.default\">\n\t\t\t\t<div class=\"elementor-widget-container\">\n\t\t\t<h1 class=\"elementor-heading-title elementor-size-default\">Traitement des images non lin\u00e9aires avec PixInsight (1\/6)<\/h1>\t\t<\/div>\n\t\t\t\t<\/div>\n\t\t\t\t<div class=\"elementor-element elementor-element-8f2d1df elementor-widget elementor-widget-text-editor\" data-id=\"8f2d1df\" data-element_type=\"widget\" data-widget_type=\"text-editor.default\">\n\t\t\t\t<div class=\"elementor-widget-container\">\n\t\t\t\t\t\t\t\t<div class=\"elementor-text-editor elementor-clearfix\">\n\t\t\t\t<p><em>Ecrit le 19\/01\/14.<\/em><\/p>\t\t\t\t\t<\/div>\n\t\t\t\t\t\t<\/div>\n\t\t\t\t<\/div>\n\t\t\t\t<div class=\"elementor-element elementor-element-c95edca elementor-widget elementor-widget-text-editor\" data-id=\"c95edca\" data-element_type=\"widget\" data-widget_type=\"text-editor.default\">\n\t\t\t\t<div class=\"elementor-widget-container\">\n\t\t\t\t\t\t\t\t<div class=\"elementor-text-editor elementor-clearfix\">\n\t\t\t\t<p>Apr\u00e8s avoir termin\u00e9 le traitement de notre image lin\u00e9aire, nous allons maintenant la transformer en image non lin\u00e9aire, ce qui va nous permettre de la visualiser sans avoir recours \u00e0 une STF.<\/p><p>Si vous souhaitez utiliser mes process icons personnels, il vous faut les t\u00e9l\u00e9charger ici : <a href=\"http:\/\/www.arnaudom.fr\/nonlineaire.zip\">Traitement non lin\u00e9aire<\/a>.<\/p><p>Une fois que notre image sera devenue non lin\u00e9aire, il y a plusieurs possibilit\u00e9s de traitement qui lui seront applicables. L\u00e0 aussi, comme pour le traitement des images lin\u00e9aires, il n&rsquo;y a pas de recette g\u00e9n\u00e9rale, car le traitement va d\u00e9pendre de l&rsquo;image en elle-m\u00eame, du go\u00fbt personnel de l&rsquo;utilisateur et de ce qu&rsquo;on va vouloir mettre en \u00e9vidence. Donc toutes les \u00e9tapes de traitement ne sont pas forc\u00e9ment \u00e0 appliquer, c&rsquo;est \u00e0 vous de voir !<\/p><p>Voici ce qu&rsquo;on peut faire sur notre image :<\/p><ol><li>Transformer l&rsquo;image en image non-lin\u00e9aire.<\/li><li>Supprimer la dominante verte.<\/li><li>Faire une r\u00e9duction d&rsquo;\u00e9toiles.<\/li><li>Augmenter les d\u00e9tails.<\/li><li>R\u00e9gler le contraste.<\/li><li>Faire une r\u00e9duction de bruit.<\/li><li>Faire une saturation des couleurs.<\/li><\/ol>\t\t\t\t\t<\/div>\n\t\t\t\t\t\t<\/div>\n\t\t\t\t<\/div>\n\t\t\t\t<div class=\"elementor-element elementor-element-41e2bb0 elementor-widget elementor-widget-heading\" data-id=\"41e2bb0\" data-element_type=\"widget\" data-widget_type=\"heading.default\">\n\t\t\t\t<div class=\"elementor-widget-container\">\n\t\t\t<h2 class=\"elementor-heading-title elementor-size-default\">1-Transformer l'image en image non-lin\u00e9aire.<\/h2>\t\t<\/div>\n\t\t\t\t<\/div>\n\t\t\t\t<div class=\"elementor-element elementor-element-217c28c elementor-widget elementor-widget-text-editor\" data-id=\"217c28c\" data-element_type=\"widget\" data-widget_type=\"text-editor.default\">\n\t\t\t\t<div class=\"elementor-widget-container\">\n\t\t\t\t\t\t\t\t<div class=\"elementor-text-editor elementor-clearfix\">\n\t\t\t\t<p>Il s&rsquo;agit l\u00e0 de la premi\u00e8re \u00e9tape obligatoire !<\/p><p>On repart donc de notre image de M51 (nomm\u00e9e ici <strong><span class=\"gras\">M51lineaire<\/span><\/strong>) qui, normalement, est toute noire puisqu&rsquo;il s&rsquo;agit d&rsquo;une image lin\u00e9aire.<br \/>Si \u00e7a n&rsquo;est pas le cas, cela veut dire qu&rsquo;on lui a appliqu\u00e9 une <strong><span class=\"gras\">STF<\/span><\/strong>. Dans ce cas-l\u00e0, il faut remettre la <strong><span class=\"gras\">STF<\/span><\/strong> \u00e0 z\u00e9ro en cliquant sur <strong><span class=\"gras\">Reset<\/span><\/strong> (l&rsquo;image redevient noire).<\/p><div class=\"centre\"><img decoding=\"async\" class=\"aligncenter\" src=\"http:\/\/www.arnaudom.fr\/Img\/pix182.jpg\" alt=\"Pix\" \/><\/div><p>On va maintenant utiliser le process <strong><span class=\"gras\">HistogramTransformation<\/span><\/strong> ou, si vous utilisez mes process icons, on va sur l&rsquo;ic\u00f4ne <strong><span class=\"gras\">Histogramme_pour_passer_en_image_non_linaire<\/span><\/strong>.<\/p><p>Dans le menu d\u00e9roulant du process, on choisit le nom de notre image, <strong><span class=\"gras\">M51lineaire<\/span><\/strong>, puis on va cliquer sur le cercle bleu afin d&rsquo;afficher l&rsquo;\u00e9cran du <strong><span class=\"gras\">Real-Time Preview<\/span><\/strong>.<\/p><p>Maintenant, on va jouer avec le <strong><span class=\"gras\">curseur central<\/span><\/strong> et le pousser vers la<strong> <span class=\"gras\">gauche<\/span><\/strong> pour faire appara\u00eetre le contenu de notre image<\/p><p><img loading=\"lazy\" decoding=\"async\" class=\"aligncenter size-full wp-image-6147\" src=\"http:\/\/www.arnaudom.fr\/wordpress\/wp-content\/uploads\/2020\/08\/pix224.jpg\" alt=\"\" width=\"500\" height=\"663\" srcset=\"https:\/\/www.arnaudom.fr\/wordpress\/wp-content\/uploads\/2020\/08\/pix224.jpg 500w, https:\/\/www.arnaudom.fr\/wordpress\/wp-content\/uploads\/2020\/08\/pix224-226x300.jpg 226w\" sizes=\"auto, (max-width: 500px) 100vw, 500px\" \/><\/p><p>Quand le curseur est tout proche de celui de gauche, il ne faut pas h\u00e9siter \u00e0 zoomer sur la fen\u00eatre de l&rsquo;histogramme d&rsquo;entr\u00e9e en cliquant sur le menu <strong><span class=\"gras\">Horizontal zoom, input histogram<\/span><\/strong>.<\/p><div class=\"centre\"><img decoding=\"async\" class=\"aligncenter\" src=\"http:\/\/www.arnaudom.fr\/Img\/pix186.jpg\" alt=\"Pix\" \/><\/div><p>Ainsi on peut continuer \u00e0 d\u00e9placer nos curseurs de mani\u00e8re plus pr\u00e9cise. On peut \u00e9ventuellement pousser le<strong> <span class=\"gras\">curseur gauche vers la droite<\/span><\/strong> si on d\u00e9sire assombrir un peu le ciel, mais avec mod\u00e9ration car cela entra\u00eene une perte de signal dans le fond de ciel et, sur l&rsquo;image qui nous sert d&rsquo;exemple, il y a plusieurs petites galaxies pr\u00e9sentes. Il serait dommage d&rsquo;en faire dispara\u00eetre une !<\/p><p>Le but est d&rsquo;avoir une belle image !<\/p><div class=\"centre\"><img decoding=\"async\" class=\"aligncenter\" src=\"http:\/\/www.arnaudom.fr\/Img\/pix225.jpg\" alt=\"Pix\" \/><\/div><p>Une fois que le r\u00e9sultat est satisfaisant, on peut fermer la fen\u00eatre du <strong><span class=\"gras\">Real-Time Preview<\/span><\/strong> et on va appliquer notre histogramme sur l&rsquo;image, en y d\u00e9posant le triangle bleu du process.<\/p><div class=\"centre\"><img decoding=\"async\" class=\"aligncenter\" src=\"http:\/\/www.arnaudom.fr\/Img\/pix226.jpg\" alt=\"Pix\" \/><\/div><p>Voil\u00e0, notre image est devenue non-lin\u00e9aire, on visualise maintenant directement son contenu. Accessoirement je sauvegarde mon image en la nommant (au hasard&#8230;) <strong><span class=\"gras\">M51nonlineaire<\/span><\/strong>, ce qui pourra me permettre \u00e9ventuellement de reprendre son traitement \u00e0 ce stade-l\u00e0.<\/p><p>On peut passer \u00e0 la suite !<\/p>\t\t\t\t\t<\/div>\n\t\t\t\t\t\t<\/div>\n\t\t\t\t<\/div>\n\t\t\t\t<div class=\"elementor-element elementor-element-d035ec2 elementor-widget elementor-widget-heading\" data-id=\"d035ec2\" data-element_type=\"widget\" data-widget_type=\"heading.default\">\n\t\t\t\t<div class=\"elementor-widget-container\">\n\t\t\t<h2 class=\"elementor-heading-title elementor-size-default\">2-Supprimer la dominante verte.<\/h2>\t\t<\/div>\n\t\t\t\t<\/div>\n\t\t\t\t<div class=\"elementor-element elementor-element-5044b7f elementor-widget elementor-widget-text-editor\" data-id=\"5044b7f\" data-element_type=\"widget\" data-widget_type=\"text-editor.default\">\n\t\t\t\t<div class=\"elementor-widget-container\">\n\t\t\t\t\t\t\t\t<div class=\"elementor-text-editor elementor-clearfix\">\n\t\t\t\t<p>En observant maintenant votre image, il se peut que vous ayez l&rsquo;impression que les couleurs tendent un peu vers le vert. Avec les images faites avec un APN, cela est courant car le capteur contient deux fois plus de pixels verts que de pixels rouges et bleus. En cas de besoin, on peut facilement supprimer cette dominante verte.<\/p><p>Sur mon image, cela n&rsquo;est pas vraiment n\u00e9cessaire, donc je peux me passer de cette \u00e9tape. Cependant, voici comment proc\u00e9der.<\/p><p>Pour cela, il suffit d&rsquo;utiliser le process <strong><span class=\"gras\">SCNR<\/span><\/strong> ou, si vous utilisez mes process icons, d&rsquo;aller sur l&rsquo;ic\u00f4ne <strong><span class=\"gras\">Suppression_de_la_dominante_verte<\/span><\/strong>.<\/p><div class=\"centre\"><img decoding=\"async\" class=\"aligncenter\" src=\"http:\/\/www.arnaudom.fr\/Img\/pix227.jpg\" alt=\"Pix\" \/><\/div><p>On laisse les param\u00e8tres par d\u00e9faut et on applique directement le process sur l&rsquo;image en y d\u00e9posant le petit triangle bleu. On peut jouer ensuite avec les fl\u00e8ches <strong><span class=\"gras\">Undo\/Redo<\/span><\/strong> pour voir l&rsquo;aspect de l&rsquo;image avant\/apr\u00e8s la correction.<\/p><div class=\"centre\"><img decoding=\"async\" class=\"aligncenter\" src=\"http:\/\/www.arnaudom.fr\/Img\/pix228.jpg\" alt=\"Pix\" \/><\/div><p>Encore une fois, dans le cas particulier de mon image de M51, cette \u00e9tape n&rsquo;est pas vraiment n\u00e9cessaire car on voit qu&rsquo;il n&rsquo;y a pas vraiment de diff\u00e9rence entre avant et apr\u00e8s l&rsquo;application du process. Cependant dans d&rsquo;autres cas on pourra corriger ainsi l&rsquo;aspect g\u00e9n\u00e9ral de l&rsquo;image.<\/p>\t\t\t\t\t<\/div>\n\t\t\t\t\t\t<\/div>\n\t\t\t\t<\/div>\n\t\t\t\t<div class=\"elementor-element elementor-element-824c6a8 elementor-widget elementor-widget-heading\" data-id=\"824c6a8\" data-element_type=\"widget\" data-widget_type=\"heading.default\">\n\t\t\t\t<div class=\"elementor-widget-container\">\n\t\t\t<h2 class=\"elementor-heading-title elementor-size-default\">3-Faire une r\u00e9duction d'\u00e9toiles.<\/h2>\t\t<\/div>\n\t\t\t\t<\/div>\n\t\t\t\t<div class=\"elementor-element elementor-element-7935657 elementor-widget elementor-widget-text-editor\" data-id=\"7935657\" data-element_type=\"widget\" data-widget_type=\"text-editor.default\">\n\t\t\t\t<div class=\"elementor-widget-container\">\n\t\t\t\t\t\t\t\t<div class=\"elementor-text-editor elementor-clearfix\">\n\t\t\t\t<p>On va maintenant voir comment faire une r\u00e9duction d&rsquo;\u00e9toiles, c&rsquo;est-\u00e0-dire diminuer la luminosit\u00e9 des \u00e9toiles sur l&rsquo;image. Ceci peut-\u00eatre tr\u00e8s utile quand par exemple on photographie une n\u00e9buleuse situ\u00e9e dans la voie lact\u00e9e. Elle peut \u00eatre en partie masqu\u00e9e par le grand nombre d&rsquo;\u00e9toiles pr\u00e9sentes, il est alors quasiment indispensable de faire une r\u00e9duction d&rsquo;\u00e9toiles pour la distinguer correctement. Ce peut \u00eatre aussi tout simplement un choix esth\u00e9tique personnel de ne pas vouloir trop voir les \u00e9toiles sur une image.<\/p><p>Il faut commencer par cr\u00e9er un masque d&rsquo;\u00e9toiles, afin que notre r\u00e9duction ne s&rsquo;applique qu&rsquo;\u00e0 elles. Pour cela, on utilise le process <strong><span class=\"gras\">StarMask<\/span><\/strong> ou, si vous utilisez mes process icons, on va sur l&rsquo;ic\u00f4ne <strong><span class=\"gras\">Masque_d_etoiles<\/span><\/strong>.<\/p><div class=\"centre\"><img decoding=\"async\" class=\"aligncenter\" src=\"http:\/\/www.arnaudom.fr\/Img\/pix178.jpg\" alt=\"Pix\" \/><\/div><p>J&rsquo;applique mon process sur l&rsquo;image avec les param\u00e8tres par d\u00e9faut, sauf le param\u00e8tre<strong> <span class=\"gras\">Smoothness<\/span><\/strong> que j&rsquo;ai r\u00e9gl\u00e9 \u00e0 <strong><span class=\"gras\">8<\/span><\/strong> (plus la valeur est \u00e9lev\u00e9e, plus le masque est flou, et plus il est bas, plus le masque est net. 8 semble un juste milieu, \u00e0 tester selon les cas!).<br \/>Voil\u00e0 le r\u00e9sultat obtenu :<\/p><div class=\"centre\"><img decoding=\"async\" class=\"aligncenter\" src=\"http:\/\/www.arnaudom.fr\/Img\/pix229.jpg\" alt=\"Pix\" \/><\/div><p>Le r\u00e9sultat n&rsquo;est pas bon ! Le masque a pris toutes les \u00e9toiles, mais \u00e9galement beaucoup du fond du ciel ! Je vais donc supprimer ce masque, et en refaire un autre mais cette fois, en augmentant le param\u00e8tre <strong><span class=\"gras\">Noise threshold<\/span><\/strong> : en effet, sa valeur d\u00e9finit un seuil en-dessous duquel tout signal est consid\u00e9r\u00e9 comme du bruit de l&rsquo;image, et mis \u00e0 la valeur 0 (donc remplac\u00e9 par du noir) dans le masque. Ainsi, plus on augmente le param\u00e8tre et moins il y a du signal de l&rsquo;image qui est pris en compte pour faire le masque (on pourrait dire qu&rsquo;en dessous de cette valeur, le signal est rejet\u00e9).<\/p><div class=\"centre\"><img decoding=\"async\" class=\"aligncenter\" src=\"http:\/\/www.arnaudom.fr\/Img\/pix230.jpg\" alt=\"Pix\" \/><\/div><p>J&rsquo;ai donc mis cette fois le <strong><span class=\"gras\">Noise threshold<\/span><\/strong> \u00e0 <strong><span class=\"gras\">0.40000<\/span><\/strong> et applique \u00e0 nouveau le process sur mon image pour cr\u00e9er un nouveau masque.<\/p><div class=\"centre\"><img decoding=\"async\" class=\"aligncenter\" src=\"http:\/\/www.arnaudom.fr\/Img\/pix231.jpg\" alt=\"Pix\" \/><\/div><p>Le r\u00e9sultat est bien meilleur, le fond de ciel a disparu et les \u00e9toiles semblent bien prises en compte.<\/p><p>Pour v\u00e9rifier la qualit\u00e9 du masque, on va l&rsquo;appliquer sur l&rsquo;image (en d\u00e9posant l&rsquo;onglet du masque sous celui de l&rsquo;image).<\/p><div class=\"centre\"><img decoding=\"async\" class=\"aligncenter\" src=\"http:\/\/www.arnaudom.fr\/Img\/pix232.jpg\" alt=\"Pix\" \/><\/div><p>Maintenant, nous allons l&rsquo;inverser en faisant un clic droit puis en allant sur <strong><span class=\"gras\">Mask\/Invert Mask<\/span><\/strong>. On peut ensuite examiner toutes les portions de l&rsquo;image, pour cela il ne faut pas h\u00e9siter \u00e0 la grossir en cliquant par exemple sur la loupe.<\/p><div class=\"centre\"><img decoding=\"async\" class=\"aligncenter\" src=\"http:\/\/www.arnaudom.fr\/Img\/pix233.jpg\" alt=\"Pix\" \/><\/div><p>Il se trouve que je ne suis pas tr\u00e8s satisfait du r\u00e9sultat final : en effet, dans le coin en bas \u00e0 droite de l&rsquo;image le masque a cr\u00e9\u00e9 comme de petites \u00e9toiles, alors que sur l&rsquo;image il n&rsquo;y a pas autant d&rsquo;\u00e9toiles visibles \u00e0 cet endroit-l\u00e0.<\/p><div class=\"centre\" style=\"text-align: center;\"><strong><span class=\"gras\">Coin inf\u00e9rieur droit de l&rsquo;image sans le masque :<\/span><\/strong><br \/><img decoding=\"async\" src=\"http:\/\/www.arnaudom.fr\/Img\/pix234.jpg\" alt=\"Pix\" \/><\/div><p>\u00a0<\/p><div class=\"centre\" style=\"text-align: center;\"><strong><span class=\"gras\">Coin inf\u00e9rieur droit de l&rsquo;image avec le masque :<\/span><\/strong><br \/><img decoding=\"async\" src=\"http:\/\/www.arnaudom.fr\/Img\/pix235.jpg\" alt=\"Pix\" \/><\/div><p>Dans la zone entour\u00e9e en orange on voit des points rouges que le masque consid\u00e8re comme des \u00e9toiles, alors que sur l&rsquo;image il n&rsquo;y en a pas. Il y a donc un d\u00e9faut dans mon masque (peut-\u00eatre caus\u00e9 par mon fond de ciel que je n&rsquo;ai pas tr\u00e8s bien trait\u00e9 lorsque mon image \u00e9tait en mode lin\u00e9aire).<\/p><p>A ce stade-l\u00e0, l&rsquo;utilisateur que je suis doit faire un choix : soit j&rsquo;utilise tout de m\u00eame mon masque tel qu&rsquo;il est en acceptant qu&rsquo;il soit imparfait, car je consid\u00e8re que malgr\u00e9 tout sa qualit\u00e9 est suffisante pour le traitement que je veux faire (\u00e9tant donn\u00e9 que l&rsquo;image n&rsquo;est pas d&rsquo;une tr\u00e8s grande qualit\u00e9), soit j&rsquo;ai envie d&rsquo;\u00eatre pointilleux et je d\u00e9cide que ce masque ne me convient pas. Ici \u00e0 nouveau, c&rsquo;est l&rsquo;utilisateur qui va d\u00e9cider en fonction de ses exigences !<\/p><p>Finalement, je d\u00e9cide de refaire un nouveau masque encore plus pr\u00e9cis (je mets donc celui-ci \u00e0 la poubelle). Pour cela, je vais suivre la m\u00e9thode d\u00e9crite sur le forum de PixInsight (m\u00e9thode que l&rsquo;on trouvera ici : <a href=\"http:\/\/pixinsight.com\/forum\/index.php?topic=6001.msg40792#msg40792\">http:\/\/pixinsight.com\/forum\/index.php?topic=6001.msg40792#msg40792<\/a>). Dans mes process icons c&rsquo;est ce que j&rsquo;ai appel\u00e9 la <strong><span class=\"gras\">m\u00e9thode optimis\u00e9e<\/span><\/strong>.<\/p>\t\t\t\t\t<\/div>\n\t\t\t\t\t\t<\/div>\n\t\t\t\t<\/div>\n\t\t\t\t<div class=\"elementor-element elementor-element-5cee7de elementor-align-center elementor-widget elementor-widget-button\" data-id=\"5cee7de\" data-element_type=\"widget\" data-widget_type=\"button.default\">\n\t\t\t\t<div class=\"elementor-widget-container\">\n\t\t\t\t\t<div class=\"elementor-button-wrapper\">\n\t\t\t<a href=\"http:\/\/www.arnaudom.fr\/wordpress\/reduction\" class=\"elementor-button-link elementor-button elementor-size-sm\" role=\"button\">\n\t\t\t\t\t\t<span class=\"elementor-button-content-wrapper\">\n\t\t\t\t\t\t\t<span class=\"elementor-button-icon elementor-align-icon-right\">\n\t\t\t\t<i aria-hidden=\"true\" class=\"fas fa-arrow-right\"><\/i>\t\t\t<\/span>\n\t\t\t\t\t\t<span class=\"elementor-button-text\">Page 2<\/span>\n\t\t<\/span>\n\t\t\t\t\t<\/a>\n\t\t<\/div>\n\t\t\t\t<\/div>\n\t\t\t\t<\/div>\n\t\t\t\t\t\t<\/div>\n\t\t\t\t\t<\/div>\n\t\t<\/div>\n\t\t\t\t\t\t\t\t<\/div>\n\t\t\t\t\t<\/div>\n\t\t<\/section>\n\t\t\t\t\t\t\t\t\t<\/div>\n\t\t\t<\/div>\n\t\t\t\t\t<\/div>\n\t\t","protected":false},"excerpt":{"rendered":"<p>Traitement des images non lin\u00e9aires avec PixInsight (1\/6) Ecrit le 19\/01\/14. Apr\u00e8s avoir termin\u00e9 le traitement de notre image lin\u00e9aire, nous allons maintenant la transformer en image non lin\u00e9aire, ce qui va nous permettre de la visualiser sans avoir recours \u00e0 une STF. Si vous souhaitez utiliser mes process icons personnels, il vous faut les &hellip;<\/p>\n<p class=\"read-more\"> <a class=\"\" href=\"https:\/\/www.arnaudom.fr\/wordpress\/nonlineaire\/\"> <span class=\"screen-reader-text\">nonlineaire<\/span> Lire la suite\u00a0\u00bb<\/a><\/p>\n","protected":false},"author":1,"featured_media":0,"parent":0,"menu_order":0,"comment_status":"closed","ping_status":"closed","template":"","meta":{"site-sidebar-layout":"default","site-content-layout":"default","ast-site-content-layout":"","site-content-style":"default","site-sidebar-style":"default","ast-global-header-display":"","ast-banner-title-visibility":"","ast-main-header-display":"","ast-hfb-above-header-display":"","ast-hfb-below-header-display":"","ast-hfb-mobile-header-display":"","site-post-title":"disabled","ast-breadcrumbs-content":"","ast-featured-img":"","footer-sml-layout":"","theme-transparent-header-meta":"default","adv-header-id-meta":"","stick-header-meta":"","header-above-stick-meta":"","header-main-stick-meta":"","header-below-stick-meta":"","astra-migrate-meta-layouts":"","ast-page-background-enabled":"default","ast-page-background-meta":{"desktop":{"background-color":"","background-image":"","background-repeat":"repeat","background-position":"center center","background-size":"auto","background-attachment":"scroll","background-type":"","background-media":"","overlay-type":"","overlay-color":"","overlay-gradient":""},"tablet":{"background-color":"","background-image":"","background-repeat":"repeat","background-position":"center center","background-size":"auto","background-attachment":"scroll","background-type":"","background-media":"","overlay-type":"","overlay-color":"","overlay-gradient":""},"mobile":{"background-color":"","background-image":"","background-repeat":"repeat","background-position":"center center","background-size":"auto","background-attachment":"scroll","background-type":"","background-media":"","overlay-type":"","overlay-color":"","overlay-gradient":""}},"ast-content-background-meta":{"desktop":{"background-color":"var(--ast-global-color-5)","background-image":"","background-repeat":"repeat","background-position":"center center","background-size":"auto","background-attachment":"scroll","background-type":"","background-media":"","overlay-type":"","overlay-color":"","overlay-gradient":""},"tablet":{"background-color":"var(--ast-global-color-5)","background-image":"","background-repeat":"repeat","background-position":"center center","background-size":"auto","background-attachment":"scroll","background-type":"","background-media":"","overlay-type":"","overlay-color":"","overlay-gradient":""},"mobile":{"background-color":"var(--ast-global-color-5)","background-image":"","background-repeat":"repeat","background-position":"center center","background-size":"auto","background-attachment":"scroll","background-type":"","background-media":"","overlay-type":"","overlay-color":"","overlay-gradient":""}},"footnotes":""},"class_list":["post-6141","page","type-page","status-publish","hentry"],"_links":{"self":[{"href":"https:\/\/www.arnaudom.fr\/wordpress\/wp-json\/wp\/v2\/pages\/6141","targetHints":{"allow":["GET"]}}],"collection":[{"href":"https:\/\/www.arnaudom.fr\/wordpress\/wp-json\/wp\/v2\/pages"}],"about":[{"href":"https:\/\/www.arnaudom.fr\/wordpress\/wp-json\/wp\/v2\/types\/page"}],"author":[{"embeddable":true,"href":"https:\/\/www.arnaudom.fr\/wordpress\/wp-json\/wp\/v2\/users\/1"}],"replies":[{"embeddable":true,"href":"https:\/\/www.arnaudom.fr\/wordpress\/wp-json\/wp\/v2\/comments?post=6141"}],"version-history":[{"count":7,"href":"https:\/\/www.arnaudom.fr\/wordpress\/wp-json\/wp\/v2\/pages\/6141\/revisions"}],"predecessor-version":[{"id":6150,"href":"https:\/\/www.arnaudom.fr\/wordpress\/wp-json\/wp\/v2\/pages\/6141\/revisions\/6150"}],"wp:attachment":[{"href":"https:\/\/www.arnaudom.fr\/wordpress\/wp-json\/wp\/v2\/media?parent=6141"}],"curies":[{"name":"wp","href":"https:\/\/api.w.org\/{rel}","templated":true}]}}