{"id":6092,"date":"2020-08-30T08:46:19","date_gmt":"2020-08-30T06:46:19","guid":{"rendered":"http:\/\/www.arnaudom.fr\/wordpress\/?page_id=6092"},"modified":"2020-08-30T08:58:06","modified_gmt":"2020-08-30T06:58:06","slug":"calibration","status":"publish","type":"page","link":"https:\/\/www.arnaudom.fr\/wordpress\/calibration\/","title":{"rendered":"calibration"},"content":{"rendered":"\t\t<div data-elementor-type=\"wp-page\" data-elementor-id=\"6092\" class=\"elementor elementor-6092\">\n\t\t\t\t\t\t<div class=\"elementor-inner\">\n\t\t\t\t<div class=\"elementor-section-wrap\">\n\t\t\t\t\t\t\t\t\t<section class=\"elementor-section elementor-top-section elementor-element elementor-element-b7ac2cb elementor-section-full_width elementor-section-height-default elementor-section-height-default\" data-id=\"b7ac2cb\" data-element_type=\"section\" data-settings=\"{&quot;background_background&quot;:&quot;classic&quot;}\">\n\t\t\t\t\t\t<div class=\"elementor-container elementor-column-gap-default\">\n\t\t\t\t\t\t\t<div class=\"elementor-row\">\n\t\t\t\t\t<div class=\"elementor-column elementor-col-100 elementor-top-column elementor-element elementor-element-c439033\" data-id=\"c439033\" data-element_type=\"column\" data-settings=\"{&quot;background_background&quot;:&quot;classic&quot;}\">\n\t\t\t<div class=\"elementor-column-wrap elementor-element-populated\">\n\t\t\t\t\t\t\t<div class=\"elementor-widget-wrap\">\n\t\t\t\t\t\t<div class=\"elementor-element elementor-element-b9c7dab elementor-widget elementor-widget-heading\" data-id=\"b9c7dab\" data-element_type=\"widget\" data-widget_type=\"heading.default\">\n\t\t\t\t<div class=\"elementor-widget-container\">\n\t\t\t<h1 class=\"elementor-heading-title elementor-size-default\">Traitement des images lin\u00e9aires avec PixInsight (4\/4)<\/h1>\t\t<\/div>\n\t\t\t\t<\/div>\n\t\t\t\t<div class=\"elementor-element elementor-element-cea0cce elementor-widget elementor-widget-heading\" data-id=\"cea0cce\" data-element_type=\"widget\" data-widget_type=\"heading.default\">\n\t\t\t\t<div class=\"elementor-widget-container\">\n\t\t\t<h2 class=\"elementor-heading-title elementor-size-default\">4-Calibrer les couleurs<\/h2>\t\t<\/div>\n\t\t\t\t<\/div>\n\t\t\t\t<div class=\"elementor-element elementor-element-7bcb9f9 elementor-widget elementor-widget-text-editor\" data-id=\"7bcb9f9\" data-element_type=\"widget\" data-widget_type=\"text-editor.default\">\n\t\t\t\t<div class=\"elementor-widget-container\">\n\t\t\t\t\t\t\t\t<div class=\"elementor-text-editor elementor-clearfix\">\n\t\t\t\t<p>Pour calibrer les couleurs, il faut tout d&rsquo;abord proc\u00e9der \u00e0 une neutralisation du fond du ciel. Pour cela, on va utiliser le process <strong><span class=\"gras\">BackgroundNeutralization<\/span><\/strong> ou, si vous utilisez mes process icons, aller sur l&rsquo;ic\u00f4ne <strong><span class=\"gras\">Neutralisation_du_fond_de_ciel<\/span><\/strong>.<\/p><p>Pour commencer, il faut faire un preview sur une zone \u00ab neutre \u00bb de notre image, \u00e0 savoir sur une zone relativement noire, ne contenant pas ou peu d&rsquo;\u00e9toiles brillantes.<\/p><div class=\"centre\"><img decoding=\"async\" class=\"aligncenter\" src=\"http:\/\/www.arnaudom.fr\/Img\/pix216.jpg\" alt=\"Pix\" \/><\/div><p>\u00a0<\/p><p>On lance le process et dans la zone <span class=\"gras\"><strong>Reference image<\/strong> :<\/span> il faut entrer le nom de notre preview.<\/p><div class=\"centre\"><img decoding=\"async\" class=\"aligncenter\" src=\"http:\/\/www.arnaudom.fr\/Img\/pix215.jpg\" alt=\"Pix\" \/><\/div><p>\u00a0<\/p><p>On clique sur l&rsquo;ic\u00f4ne \u00e0 droite de <span class=\"gras\"><strong>Reference image :<\/strong> <\/span> <span class=\"milieu2\"><img decoding=\"async\" src=\"http:\/\/www.arnaudom.fr\/Img\/pix218.jpg\" \/><\/span> ce qui a pour effet d&rsquo;ouvrir la fen\u00eatre <strong><span class=\"gras\">Select Reference Image<\/span><\/strong>.<\/p><div class=\"centre\"><img decoding=\"async\" class=\"aligncenter\" src=\"http:\/\/www.arnaudom.fr\/Img\/pix217.jpg\" alt=\"Pix\" \/><\/div><p>On ouvre le menu d\u00e9roulant et on va choisir notre preview, en cliquant sur <strong><span class=\"gras\">M51finale-&gt;Preview01<\/span><\/strong>.<\/p><div class=\"centre\"><img decoding=\"async\" class=\"aligncenter\" src=\"http:\/\/www.arnaudom.fr\/Img\/pix219.jpg\" alt=\"Pix\" \/><\/div><p>\u00a0<\/p><p>On fait <strong><span class=\"gras\">OK<\/span><\/strong> et le nom du preview se retrouve en r\u00e9f\u00e9rence dans notre process. On n&rsquo;a plus qu&rsquo;\u00e0 l&rsquo;appliquer sur notre image en y d\u00e9posant le triangle bleu.<\/p><div class=\"centre\"><img decoding=\"async\" class=\"aligncenter\" src=\"http:\/\/www.arnaudom.fr\/Img\/pix220.jpg\" alt=\"Pix\" \/><\/div><p>\u00a0<\/p><p>On va maintenant utiliser le process <strong><span class=\"gras\">ColorCalibration<\/span><\/strong> ou, si vous utilisez mes process ic\u00f4ne, on va aller sur l&rsquo;ic\u00f4ne <strong><span class=\"gras\">Calibration_des_couleurs<\/span><\/strong>. Pour l&rsquo;utiliser, il faut faire un second preview qui va englober M51.<\/p><div class=\"centre\"><img decoding=\"async\" class=\"aligncenter\" src=\"http:\/\/www.arnaudom.fr\/Img\/pix221.jpg\" alt=\"Pix\" \/><\/div><p>\u00a0<\/p><p>Maintenant on va entrer le nom de notre <strong><span class=\"gras\">Preview02<\/span> <\/strong>dans <strong><span class=\"gras\">Reference image :<\/span><\/strong> dans la zone <strong><span class=\"gras\">White Reference<\/span><\/strong>, comme on l&rsquo;a fait pr\u00e9c\u00e9demment dans le process <span class=\"gras\"><strong>BackgroundNeutralization<\/strong><\/span>.<\/p><p><img loading=\"lazy\" decoding=\"async\" class=\"aligncenter size-full wp-image-6099\" src=\"http:\/\/www.arnaudom.fr\/wordpress\/wp-content\/uploads\/2020\/08\/pix222.jpg\" alt=\"\" width=\"464\" height=\"635\" srcset=\"https:\/\/www.arnaudom.fr\/wordpress\/wp-content\/uploads\/2020\/08\/pix222.jpg 464w, https:\/\/www.arnaudom.fr\/wordpress\/wp-content\/uploads\/2020\/08\/pix222-219x300.jpg 219w\" sizes=\"auto, (max-width: 464px) 100vw, 464px\" \/><\/p><p>Et dans <strong><span class=\"gras\">Reference image :<\/span> <\/strong>dans la zone <strong><span class=\"gras\">Background Reference<\/span><\/strong> on entre le nom de notre <strong><span class=\"gras\">Preview01<\/span><\/strong>.<\/p><p>Il ne reste plus qu&rsquo;\u00e0 appliquer le process sur l&rsquo;image, et la calibration des couleurs est termin\u00e9e !<\/p><div class=\"centre\"><img decoding=\"async\" class=\"aligncenter\" src=\"http:\/\/www.arnaudom.fr\/Img\/pix223.jpg\" alt=\"Pix\" \/><\/div><p>\u00a0<\/p><p>Voil\u00e0, le traitement de l&rsquo;image lin\u00e9aire est termin\u00e9.<\/p><p>Nous la transformerons ensuite en image non-lin\u00e9aire, ceci sera l&rsquo;objet du prochain tutoriel qui parlera du traitement des images non-lin\u00e9aires.<\/p>\t\t\t\t\t<\/div>\n\t\t\t\t\t\t<\/div>\n\t\t\t\t<\/div>\n\t\t\t\t<div class=\"elementor-element elementor-element-3f6c1db elementor-align-center elementor-widget elementor-widget-button\" data-id=\"3f6c1db\" data-element_type=\"widget\" data-widget_type=\"button.default\">\n\t\t\t\t<div class=\"elementor-widget-container\">\n\t\t\t\t\t<div class=\"elementor-button-wrapper\">\n\t\t\t<a href=\"http:\/\/www.arnaudom.fr\/wordpress\/bruitfond\" class=\"elementor-button-link elementor-button elementor-size-sm\" role=\"button\">\n\t\t\t\t\t\t<span class=\"elementor-button-content-wrapper\">\n\t\t\t\t\t\t\t<span class=\"elementor-button-icon elementor-align-icon-left\">\n\t\t\t\t<i aria-hidden=\"true\" class=\"fas fa-arrow-left\"><\/i>\t\t\t<\/span>\n\t\t\t\t\t\t<span class=\"elementor-button-text\">Page 3<\/span>\n\t\t<\/span>\n\t\t\t\t\t<\/a>\n\t\t<\/div>\n\t\t\t\t<\/div>\n\t\t\t\t<\/div>\n\t\t\t\t\t\t<\/div>\n\t\t\t\t\t<\/div>\n\t\t<\/div>\n\t\t\t\t\t\t\t\t<\/div>\n\t\t\t\t\t<\/div>\n\t\t<\/section>\n\t\t\t\t\t\t\t\t\t<\/div>\n\t\t\t<\/div>\n\t\t\t\t\t<\/div>\n\t\t","protected":false},"excerpt":{"rendered":"<p>Traitement des images lin\u00e9aires avec PixInsight (4\/4) 4-Calibrer les couleurs Pour calibrer les couleurs, il faut tout d&rsquo;abord proc\u00e9der \u00e0 une neutralisation du fond du ciel. Pour cela, on va utiliser le process BackgroundNeutralization ou, si vous utilisez mes process icons, aller sur l&rsquo;ic\u00f4ne Neutralisation_du_fond_de_ciel. Pour commencer, il faut faire un preview sur une zone &hellip;<\/p>\n<p class=\"read-more\"> <a class=\"\" href=\"https:\/\/www.arnaudom.fr\/wordpress\/calibration\/\"> <span class=\"screen-reader-text\">calibration<\/span> Lire la suite\u00a0\u00bb<\/a><\/p>\n","protected":false},"author":1,"featured_media":0,"parent":0,"menu_order":0,"comment_status":"closed","ping_status":"closed","template":"","meta":{"site-sidebar-layout":"default","site-content-layout":"default","ast-site-content-layout":"","site-content-style":"default","site-sidebar-style":"default","ast-global-header-display":"","ast-banner-title-visibility":"","ast-main-header-display":"","ast-hfb-above-header-display":"","ast-hfb-below-header-display":"","ast-hfb-mobile-header-display":"","site-post-title":"disabled","ast-breadcrumbs-content":"","ast-featured-img":"","footer-sml-layout":"","theme-transparent-header-meta":"default","adv-header-id-meta":"","stick-header-meta":"","header-above-stick-meta":"","header-main-stick-meta":"","header-below-stick-meta":"","astra-migrate-meta-layouts":"","ast-page-background-enabled":"default","ast-page-background-meta":{"desktop":{"background-color":"","background-image":"","background-repeat":"repeat","background-position":"center center","background-size":"auto","background-attachment":"scroll","background-type":"","background-media":"","overlay-type":"","overlay-color":"","overlay-gradient":""},"tablet":{"background-color":"","background-image":"","background-repeat":"repeat","background-position":"center center","background-size":"auto","background-attachment":"scroll","background-type":"","background-media":"","overlay-type":"","overlay-color":"","overlay-gradient":""},"mobile":{"background-color":"","background-image":"","background-repeat":"repeat","background-position":"center center","background-size":"auto","background-attachment":"scroll","background-type":"","background-media":"","overlay-type":"","overlay-color":"","overlay-gradient":""}},"ast-content-background-meta":{"desktop":{"background-color":"var(--ast-global-color-5)","background-image":"","background-repeat":"repeat","background-position":"center center","background-size":"auto","background-attachment":"scroll","background-type":"","background-media":"","overlay-type":"","overlay-color":"","overlay-gradient":""},"tablet":{"background-color":"var(--ast-global-color-5)","background-image":"","background-repeat":"repeat","background-position":"center center","background-size":"auto","background-attachment":"scroll","background-type":"","background-media":"","overlay-type":"","overlay-color":"","overlay-gradient":""},"mobile":{"background-color":"var(--ast-global-color-5)","background-image":"","background-repeat":"repeat","background-position":"center center","background-size":"auto","background-attachment":"scroll","background-type":"","background-media":"","overlay-type":"","overlay-color":"","overlay-gradient":""}},"footnotes":""},"class_list":["post-6092","page","type-page","status-publish","hentry"],"_links":{"self":[{"href":"https:\/\/www.arnaudom.fr\/wordpress\/wp-json\/wp\/v2\/pages\/6092","targetHints":{"allow":["GET"]}}],"collection":[{"href":"https:\/\/www.arnaudom.fr\/wordpress\/wp-json\/wp\/v2\/pages"}],"about":[{"href":"https:\/\/www.arnaudom.fr\/wordpress\/wp-json\/wp\/v2\/types\/page"}],"author":[{"embeddable":true,"href":"https:\/\/www.arnaudom.fr\/wordpress\/wp-json\/wp\/v2\/users\/1"}],"replies":[{"embeddable":true,"href":"https:\/\/www.arnaudom.fr\/wordpress\/wp-json\/wp\/v2\/comments?post=6092"}],"version-history":[{"count":7,"href":"https:\/\/www.arnaudom.fr\/wordpress\/wp-json\/wp\/v2\/pages\/6092\/revisions"}],"predecessor-version":[{"id":6101,"href":"https:\/\/www.arnaudom.fr\/wordpress\/wp-json\/wp\/v2\/pages\/6092\/revisions\/6101"}],"wp:attachment":[{"href":"https:\/\/www.arnaudom.fr\/wordpress\/wp-json\/wp\/v2\/media?parent=6092"}],"curies":[{"name":"wp","href":"https:\/\/api.w.org\/{rel}","templated":true}]}}