{"id":6064,"date":"2020-08-30T07:45:41","date_gmt":"2020-08-30T05:45:41","guid":{"rendered":"http:\/\/www.arnaudom.fr\/wordpress\/?page_id=6064"},"modified":"2020-08-30T08:28:45","modified_gmt":"2020-08-30T06:28:45","slug":"deconvolution","status":"publish","type":"page","link":"https:\/\/www.arnaudom.fr\/wordpress\/deconvolution\/","title":{"rendered":"deconvolution"},"content":{"rendered":"\t\t<div data-elementor-type=\"wp-page\" data-elementor-id=\"6064\" class=\"elementor elementor-6064\">\n\t\t\t\t\t\t<div class=\"elementor-inner\">\n\t\t\t\t<div class=\"elementor-section-wrap\">\n\t\t\t\t\t\t\t\t\t<section class=\"elementor-section elementor-top-section elementor-element elementor-element-d12f872 elementor-section-boxed elementor-section-height-default elementor-section-height-default\" data-id=\"d12f872\" data-element_type=\"section\">\n\t\t\t\t\t\t<div class=\"elementor-container elementor-column-gap-default\">\n\t\t\t\t\t\t\t<div class=\"elementor-row\">\n\t\t\t\t\t<div class=\"elementor-column elementor-col-100 elementor-top-column elementor-element elementor-element-bd551b4\" data-id=\"bd551b4\" data-element_type=\"column\" data-settings=\"{&quot;background_background&quot;:&quot;classic&quot;}\">\n\t\t\t<div class=\"elementor-column-wrap elementor-element-populated\">\n\t\t\t\t\t\t\t<div class=\"elementor-widget-wrap\">\n\t\t\t\t\t\t<div class=\"elementor-element elementor-element-d645ea9 elementor-widget elementor-widget-heading\" data-id=\"d645ea9\" data-element_type=\"widget\" data-widget_type=\"heading.default\">\n\t\t\t\t<div class=\"elementor-widget-container\">\n\t\t\t<h1 class=\"elementor-heading-title elementor-size-default\">Traitement des images lin\u00e9aires avec PixInsight (2\/4)<\/h1>\t\t<\/div>\n\t\t\t\t<\/div>\n\t\t\t\t<div class=\"elementor-element elementor-element-c247247 elementor-widget elementor-widget-heading\" data-id=\"c247247\" data-element_type=\"widget\" data-widget_type=\"heading.default\">\n\t\t\t\t<div class=\"elementor-widget-container\">\n\t\t\t<h2 class=\"elementor-heading-title elementor-size-default\">2-Faire une d\u00e9convolution<\/h2>\t\t<\/div>\n\t\t\t\t<\/div>\n\t\t\t\t<div class=\"elementor-element elementor-element-1ff861b elementor-widget elementor-widget-text-editor\" data-id=\"1ff861b\" data-element_type=\"widget\" data-widget_type=\"text-editor.default\">\n\t\t\t\t<div class=\"elementor-widget-container\">\n\t\t\t\t\t\t\t\t<div class=\"elementor-text-editor elementor-clearfix\">\n\t\t\t\t<p>On va maintenant voir comment faire une petite d\u00e9convolution des \u00e9toiles.<\/p><p>Cette op\u00e9ration a plusieurs utilit\u00e9s : d&rsquo;une part redonner un peu plus de nettet\u00e9 et de piqu\u00e9 aux \u00e9toiles et d&rsquo;autre part, dans certains cas, les rendre un peu plus rondes quand leur forme est un peu allong\u00e9e.<\/p><p>Sur mon image de M51 la d\u00e9convolution n&rsquo;est pas forc\u00e9ment n\u00e9cessaire (c&rsquo;est une question de go\u00fbt), mais on va la faire quand m\u00eame afin de comprendre la technique \u00e0 employer, technique qui s&rsquo;av\u00e9rera utile sur de nombreuses images.<\/p><p>La premi\u00e8re chose \u00e0 faire est de cr\u00e9er un masque d&rsquo;\u00e9toiles qui va nous servir \u00e0 appliquer notre traitement sur les \u00e9toiles seulement, et pas sur toute l&rsquo;image.<\/p><p>On utilise pour cela le process<strong> <span class=\"gras\">StarMask<\/span><\/strong> ou, si vous utilisez mes process icons, on va aller sur <strong><span class=\"gras\">Masque_d_etoiles<\/span><\/strong>.<\/p><div class=\"centre\"><img decoding=\"async\" class=\"aligncenter\" src=\"http:\/\/www.arnaudom.fr\/Img\/pix178.jpg\" alt=\"Pix\" \/><\/div><p>On peut appliquer directement le process sur l&rsquo;image, mais si on fait cela, voil\u00e0 le r\u00e9sultat :<\/p><div class=\"centre\"><img decoding=\"async\" class=\"aligncenter\" src=\"http:\/\/www.arnaudom.fr\/Img\/pix179.jpg\" alt=\"Pix\" \/><\/div><p>Le masque ne contient que quelques \u00e9toiles, les plus brillantes (cela \u00e9tant dit, il peut servir si on veut travailler seulement ces \u00e9toiles-l\u00e0). En fait, n&rsquo;oubliez pas que l&rsquo;image est visualis\u00e9e \u00e0 l&rsquo;aide d&rsquo;une STF, mais qu&rsquo;en r\u00e9alit\u00e9 elle est beaucoup plus sombre. Si on veut faire un masque avec plus d&rsquo;\u00e9toiles, il va falloir utiliser une image qui les affiche r\u00e9ellement.<\/p><p>Pour cela, on va d&rsquo;abord dupliquer notre image : on va aller sur l&rsquo;onglet contenant le nom de notre image puis, en laissant le bouton gauche de la souris enfonc\u00e9, on va le d\u00e9placer sur une zone libre de l&rsquo;espace de travail.<\/p><div class=\"centre\"><img decoding=\"async\" class=\"aligncenter\" src=\"http:\/\/www.arnaudom.fr\/Img\/pix180.jpg\" alt=\"Pix\" \/><\/div><p>On obtient alors une nouvelle image nomm\u00e9e <strong><span class=\"gras\">M51finale_DBE_ABE_clone<\/span><\/strong>.<\/p><div class=\"centre\"><img decoding=\"async\" class=\"aligncenter\" src=\"http:\/\/www.arnaudom.fr\/Img\/pix181.jpg\" alt=\"Pix\" \/><\/div><p>On remet la <strong><span class=\"gras\">STF<\/span><\/strong> \u00e0 z\u00e9ro sur le clone en cliquant sur l&rsquo;ic\u00f4ne <strong><span class=\"gras\">Reset<\/span><\/strong>, l&rsquo;image devient noire.<\/p><div class=\"centre\"><img decoding=\"async\" class=\"aligncenter\" src=\"http:\/\/www.arnaudom.fr\/Img\/pix182.jpg\" alt=\"Pix\" \/><\/div><p>On va maintenant utiliser le process <strong><span class=\"gras\">HistogramTransformation<\/span> <\/strong>ou, si vous utilisez mes process icons, on va sur l&rsquo;ic\u00f4ne <strong><span class=\"gras\">Histogramme_a_appliquer_sur_le_clone<\/span><\/strong>.<\/p><div class=\"centre\"><img decoding=\"async\" class=\"aligncenter\" src=\"http:\/\/www.arnaudom.fr\/Img\/pix183.jpg\" alt=\"Pix\" \/><\/div><p>Dans le menu d\u00e9roulant (o\u00f9 par d\u00e9faut est \u00e9crit <strong><span class=\"gras\">No View Selected<\/span><\/strong>), on choisit le nom de notre image, <strong><span class=\"gras\">M51finale_DBE_ABE_clone<\/span><\/strong>.<\/p><div class=\"centre\"><img decoding=\"async\" class=\"aligncenter\" src=\"http:\/\/www.arnaudom.fr\/Img\/pix184.jpg\" alt=\"Pix\" \/><\/div><p>Cliquons sur le cercle bleu afin d&rsquo;afficher le <strong><span class=\"gras\">Real-Time Preview<\/span><\/strong>. On pousse maintenant le <strong><span class=\"gras\">curseur du milieu vers la gauche<\/span><\/strong> pour faire appara\u00eetre les d\u00e9tails dans l&rsquo;image. Le but est d&rsquo;avoir le plus d&rsquo;\u00e9toiles possible. On peut \u00e9galement d\u00e9placer le <strong><span class=\"gras\">curseur de gauche vers la droite<\/span><\/strong> pour assombrir le ciel, tout en \u00e9vitant de trop faire appara\u00eetre la galaxie et en essayant de bien faire ressortir les \u00e9toiles. Le but n&rsquo;est pas d&rsquo;obtenir une image esth\u00e9tique !<\/p><p><img loading=\"lazy\" decoding=\"async\" class=\"aligncenter size-full wp-image-6074\" src=\"http:\/\/www.arnaudom.fr\/wordpress\/wp-content\/uploads\/2020\/08\/pix185.jpg\" alt=\"\" width=\"341\" height=\"260\" srcset=\"https:\/\/www.arnaudom.fr\/wordpress\/wp-content\/uploads\/2020\/08\/pix185.jpg 341w, https:\/\/www.arnaudom.fr\/wordpress\/wp-content\/uploads\/2020\/08\/pix185-300x229.jpg 300w\" sizes=\"auto, (max-width: 341px) 100vw, 341px\" \/><\/p><p>On peut agrandir la fen\u00eatre de l&rsquo;histogramme d&rsquo;entr\u00e9e en cliquant sur le menu <strong><span class=\"gras\">Horizontal zoom, input histogram<\/span><\/strong>. Ainsi on peut continuer \u00e0 d\u00e9placer nos curseurs plus pr\u00e9cis\u00e9ment.<\/p><div class=\"centre\"><img decoding=\"async\" class=\"aligncenter\" src=\"http:\/\/www.arnaudom.fr\/Img\/pix186.jpg\" alt=\"Pix\" \/><\/div><p>Une fois que le r\u00e9sultat est satisfaisant, on peut fermer la fen\u00eatre du <span class=\"gras\">Real-Time Preview<\/span> et on va appliquer notre histogramme sur notre clone, en y d\u00e9posant le triangle bleu du process.<\/p><div class=\"centre\"><img decoding=\"async\" class=\"aligncenter\" src=\"http:\/\/www.arnaudom.fr\/Img\/pix187.jpg\" alt=\"Pix\" \/><\/div><p>On peut maintenant fermer l&rsquo;histogramme puis utiliser le process <strong><span class=\"gras\">StarMask<\/span><\/strong> (nomm\u00e9 <strong><span class=\"gras\">Masque_d_etoiles<\/span><\/strong> dans mes process icons).<\/p><p>On d\u00e9pose le triangle bleu sur le clone afin de cr\u00e9er le masque.<\/p><div class=\"centre\"><img decoding=\"async\" class=\"aligncenter\" src=\"http:\/\/www.arnaudom.fr\/Img\/pix188.jpg\" alt=\"Pix\" \/><\/div><p>Le masque obtenu semble correct, on va pouvoir l&rsquo;utiliser. On peut supprimer notre clone (mais attention, pas le masque). Maintenant, pour appliquer notre masque, on va prendre son onglet et aller le d\u00e9poser sur notre image <strong><span class=\"gras\">M51_finale_DBE_ABE<\/span><\/strong> avec la souris.<\/p><div class=\"centre\"><img decoding=\"async\" class=\"aligncenter\" src=\"http:\/\/www.arnaudom.fr\/Img\/pix189.jpg\" alt=\"Pix\" \/><\/div><p>L&rsquo;image devient rouge : les zones rouges sont celles qui vont \u00eatre prot\u00e9g\u00e9es, tandis que les zones blanches sont celles qui vont \u00eatre trait\u00e9es.<\/p><div class=\"centre\"><img decoding=\"async\" class=\"aligncenter\" src=\"http:\/\/www.arnaudom.fr\/Img\/pix190.jpg\" alt=\"Pix\" \/><\/div><p>On peut cliquer sur l&rsquo;image avec le bouton droit, puis aller dans <strong><span class=\"gras\">Mask<\/span><\/strong> et cliquer sur <strong><span class=\"gras\">Show Mask<\/span><\/strong> : le masque n&rsquo;est plus affich\u00e9 (<strong><span class=\"gras\">mais il est toujours actif<\/span><\/strong>), notez l&rsquo;onglet de l&rsquo;image qui est rouge.<\/p><div class=\"centre\"><img decoding=\"async\" class=\"aligncenter\" src=\"http:\/\/www.arnaudom.fr\/Img\/pix191.jpg\" alt=\"Pix\" \/><\/div><p>Faisons un <strong><span class=\"gras\">preview<\/span><\/strong> sur une petite zone de l&rsquo;image pour pouvoir faire des essais de d\u00e9convolution :<\/p><div class=\"centre\"><img decoding=\"async\" class=\"aligncenter\" src=\"http:\/\/www.arnaudom.fr\/Img\/pix192.jpg\" alt=\"Pix\" \/><\/div><p>On clique sur l&rsquo;onglet du <strong><span class=\"gras\">preview<\/span><\/strong> pour l&rsquo;afficher, puis on utilise le process <strong><span class=\"gras\">Deconvolution<\/span><\/strong> ou, si vous utilisez mes process icons, on va sur l&rsquo;ic\u00f4ne <strong><span class=\"gras\">Deconvolution_des_etoiles<\/span><\/strong>.<\/p><p>Pour d\u00e9marrer on met les r\u00e9glages suivants dans la zone PSF : <strong><span class=\"gras\">StdDev<\/span><\/strong> \u00e0 <strong><span class=\"gras\">1,80 <\/span><\/strong>et <strong><span class=\"gras\">Shape<\/span><\/strong> \u00e0 <strong><span class=\"gras\">2,70<\/span><\/strong>.<\/p><p><img loading=\"lazy\" decoding=\"async\" class=\"aligncenter size-full wp-image-6077\" src=\"http:\/\/www.arnaudom.fr\/wordpress\/wp-content\/uploads\/2020\/08\/pix193.jpg\" alt=\"\" width=\"460\" height=\"166\" srcset=\"https:\/\/www.arnaudom.fr\/wordpress\/wp-content\/uploads\/2020\/08\/pix193.jpg 460w, https:\/\/www.arnaudom.fr\/wordpress\/wp-content\/uploads\/2020\/08\/pix193-300x108.jpg 300w\" sizes=\"auto, (max-width: 460px) 100vw, 460px\" \/><\/p><table><tbody><tr><td>Dans la zone <strong>Algorithm<\/strong>, \u00e0 <strong><span class=\"gras\">Iterations<\/span><\/strong>, on r\u00e8gle sur 1.<\/td><td><img decoding=\"async\" src=\"http:\/\/www.arnaudom.fr\/Img\/pix194.jpg\" alt=\"Pix\" \/><\/td><\/tr><\/tbody><\/table><p>On applique le process sur le preview en y d\u00e9posant le petit triangle bleu.<\/p><p>On peut faire un clic droit sur le preview et aller cliquer tout en haut du menu sur <strong><span class=\"gras\">Undo : Deconvolution<\/span><\/strong> pour revenir \u00e0 l&rsquo;image de d\u00e9part. En cliquant \u00e0 nouveau sur le preview, on trouve cette fois tout en haut du menu<strong> <span class=\"gras\">Redo : Deconvolution<\/span><\/strong> . En alternant les clics sur <strong><span class=\"gras\">Undo\/ Redo<\/span><\/strong> on peut observer l&rsquo;effet de notre d\u00e9convolution.<\/p><p><img loading=\"lazy\" decoding=\"async\" class=\"aligncenter size-full wp-image-6080\" src=\"http:\/\/www.arnaudom.fr\/wordpress\/wp-content\/uploads\/2020\/08\/pix195.jpg\" alt=\"\" width=\"283\" height=\"186\" \/><\/p><p>L&rsquo;effet n&rsquo;est pas forc\u00e9ment tr\u00e8s spectaculaire mais les \u00e9toiles sont un peu plus petites et un peu plus nettes.<\/p><p class=\"centre gras\" style=\"text-align: center;\"><strong>Image avant la d\u00e9convolution :<\/strong><span class=\"milieu2\"><img decoding=\"async\" class=\"aligncenter\" src=\"http:\/\/www.arnaudom.fr\/Img\/pix196.jpg\" alt=\"Pix\" \/><\/span><\/p><div class=\"centre\" style=\"text-align: center;\"><strong><span class=\"milieu2\">Image apr\u00e8s :<\/span><\/strong> <img decoding=\"async\" class=\"aligncenter\" src=\"http:\/\/www.arnaudom.fr\/Img\/pix197.jpg\" alt=\"Pix\" \/><\/div><p>On peut jouer avec le param\u00e8tre <strong><span class=\"gras\">StdDev<\/span><\/strong> (en l&rsquo;augmentant on fait une d\u00e9convolution plus importante) mais il faut alors augmenter aussi le param\u00e8tre <strong><span class=\"gras\">Shape<\/span><\/strong> pour \u00e9viter l&rsquo;apparition d&rsquo;aur\u00e9oles trop marqu\u00e9es autour des \u00e9toiles. Il faut faire des essais (\u00e7a n&rsquo;est pas toujours \u00e9vident) jusqu&rsquo;\u00e0 trouver des param\u00e8tres qui vous conviennent. Dans mon cas, j&rsquo;ai finalement appliqu\u00e9 une d\u00e9convolution avec <strong><span class=\"gras\">StdDev<\/span><\/strong> \u00e0 2,20 et <strong><span class=\"gras\">Shape<\/span><\/strong> \u00e0 6,00.<\/p><div class=\"centre\"><img decoding=\"async\" class=\"aligncenter\" src=\"http:\/\/www.arnaudom.fr\/Img\/pix198.jpg\" alt=\"Pix\" \/><\/div><p>On va maintenant appliquer le process \u00e0 l&rsquo;ensemble de l&rsquo;image en d\u00e9posant dessus le triangle bleu.<\/p><div class=\"centre\"><img decoding=\"async\" class=\"aligncenter\" src=\"http:\/\/www.arnaudom.fr\/Img\/pix199.jpg\" alt=\"Pix\" \/><\/div><p>\u00a0<\/p><p>Le r\u00e9sultat ne saute pas forc\u00e9ment aux yeux, mais l\u00e0 aussi on peut aller dans la barre d&rsquo;outils et jouer avec les fl\u00e8ches<strong> <span class=\"gras\">Undo\/Redo<\/span><\/strong> (en dessous de <strong><span class=\"gras\">FILE<\/span><\/strong>) pour supprimer\/refaire la d\u00e9convolution sur l&rsquo;image. Ne pas h\u00e9siter \u00e0 utiliser les loupes pour mieux voir ce qui se passe.<\/p><p><img loading=\"lazy\" decoding=\"async\" class=\"aligncenter size-full wp-image-6083\" src=\"http:\/\/www.arnaudom.fr\/wordpress\/wp-content\/uploads\/2020\/08\/pix201.jpg\" alt=\"\" width=\"151\" height=\"73\" \/><\/p><p>ll se peut finalement que l&rsquo;effet soit trop prononc\u00e9 (on voit des \u00e9toiles trop nettes avec des aur\u00e9oles), ce qui n&rsquo;est pas tr\u00e8s esth\u00e9tique. Ne pas h\u00e9siter alors \u00e0 refaire une d\u00e9convolution avec d&rsquo;autres param\u00e8tres.<\/p><p>Une fois cette t\u00e2che termin\u00e9e, on supprime le preview et le masque en faisant un clic droit sur l&rsquo;image puis en allant sur <strong><span class=\"gras\">Mask\/Remove Mask<\/span><\/strong>.<\/p><div class=\"centre\"><img decoding=\"async\" class=\"aligncenter\" src=\"http:\/\/www.arnaudom.fr\/Img\/pix200.jpg\" alt=\"Pix\" \/><\/div>\t\t\t\t\t<\/div>\n\t\t\t\t\t\t<\/div>\n\t\t\t\t<\/div>\n\t\t\t\t\t\t<\/div>\n\t\t\t\t\t<\/div>\n\t\t<\/div>\n\t\t\t\t\t\t\t\t<\/div>\n\t\t\t\t\t<\/div>\n\t\t<\/section>\n\t\t\t\t<section class=\"elementor-section elementor-top-section elementor-element elementor-element-eaf71c5 elementor-section-boxed elementor-section-height-default elementor-section-height-default\" data-id=\"eaf71c5\" data-element_type=\"section\" data-settings=\"{&quot;background_background&quot;:&quot;classic&quot;}\">\n\t\t\t\t\t\t<div class=\"elementor-container elementor-column-gap-default\">\n\t\t\t\t\t\t\t<div class=\"elementor-row\">\n\t\t\t\t\t<div class=\"elementor-column elementor-col-50 elementor-top-column elementor-element elementor-element-f08c444\" data-id=\"f08c444\" data-element_type=\"column\">\n\t\t\t<div class=\"elementor-column-wrap elementor-element-populated\">\n\t\t\t\t\t\t\t<div class=\"elementor-widget-wrap\">\n\t\t\t\t\t\t<div class=\"elementor-element elementor-element-d935ddb elementor-align-center elementor-widget elementor-widget-button\" data-id=\"d935ddb\" data-element_type=\"widget\" data-widget_type=\"button.default\">\n\t\t\t\t<div class=\"elementor-widget-container\">\n\t\t\t\t\t<div class=\"elementor-button-wrapper\">\n\t\t\t<a href=\"http:\/\/www.arnaudom.fr\/wordpress\/lineaire\" class=\"elementor-button-link elementor-button elementor-size-sm\" role=\"button\">\n\t\t\t\t\t\t<span class=\"elementor-button-content-wrapper\">\n\t\t\t\t\t\t\t<span class=\"elementor-button-icon elementor-align-icon-left\">\n\t\t\t\t<i aria-hidden=\"true\" class=\"fas fa-arrow-left\"><\/i>\t\t\t<\/span>\n\t\t\t\t\t\t<span class=\"elementor-button-text\">Page 1<\/span>\n\t\t<\/span>\n\t\t\t\t\t<\/a>\n\t\t<\/div>\n\t\t\t\t<\/div>\n\t\t\t\t<\/div>\n\t\t\t\t\t\t<\/div>\n\t\t\t\t\t<\/div>\n\t\t<\/div>\n\t\t\t\t<div class=\"elementor-column elementor-col-50 elementor-top-column elementor-element elementor-element-0283d46\" data-id=\"0283d46\" data-element_type=\"column\">\n\t\t\t<div class=\"elementor-column-wrap elementor-element-populated\">\n\t\t\t\t\t\t\t<div class=\"elementor-widget-wrap\">\n\t\t\t\t\t\t<div class=\"elementor-element elementor-element-48174bc elementor-align-center elementor-widget elementor-widget-button\" data-id=\"48174bc\" data-element_type=\"widget\" data-widget_type=\"button.default\">\n\t\t\t\t<div class=\"elementor-widget-container\">\n\t\t\t\t\t<div class=\"elementor-button-wrapper\">\n\t\t\t<a href=\"http:\/\/www.arnaudom.fr\/wordpress\/bruitfond\" class=\"elementor-button-link elementor-button elementor-size-sm\" role=\"button\">\n\t\t\t\t\t\t<span class=\"elementor-button-content-wrapper\">\n\t\t\t\t\t\t\t<span class=\"elementor-button-icon elementor-align-icon-right\">\n\t\t\t\t<i aria-hidden=\"true\" class=\"fas fa-arrow-right\"><\/i>\t\t\t<\/span>\n\t\t\t\t\t\t<span class=\"elementor-button-text\">Page 3<\/span>\n\t\t<\/span>\n\t\t\t\t\t<\/a>\n\t\t<\/div>\n\t\t\t\t<\/div>\n\t\t\t\t<\/div>\n\t\t\t\t\t\t<\/div>\n\t\t\t\t\t<\/div>\n\t\t<\/div>\n\t\t\t\t\t\t\t\t<\/div>\n\t\t\t\t\t<\/div>\n\t\t<\/section>\n\t\t\t\t\t\t\t\t\t<\/div>\n\t\t\t<\/div>\n\t\t\t\t\t<\/div>\n\t\t","protected":false},"excerpt":{"rendered":"<p>Traitement des images lin\u00e9aires avec PixInsight (2\/4) 2-Faire une d\u00e9convolution On va maintenant voir comment faire une petite d\u00e9convolution des \u00e9toiles. Cette op\u00e9ration a plusieurs utilit\u00e9s : d&rsquo;une part redonner un peu plus de nettet\u00e9 et de piqu\u00e9 aux \u00e9toiles et d&rsquo;autre part, dans certains cas, les rendre un peu plus rondes quand leur forme &hellip;<\/p>\n<p class=\"read-more\"> <a class=\"\" href=\"https:\/\/www.arnaudom.fr\/wordpress\/deconvolution\/\"> <span class=\"screen-reader-text\">deconvolution<\/span> Lire la suite\u00a0\u00bb<\/a><\/p>\n","protected":false},"author":1,"featured_media":0,"parent":0,"menu_order":0,"comment_status":"closed","ping_status":"closed","template":"","meta":{"site-sidebar-layout":"default","site-content-layout":"default","ast-site-content-layout":"","site-content-style":"default","site-sidebar-style":"default","ast-global-header-display":"","ast-banner-title-visibility":"","ast-main-header-display":"","ast-hfb-above-header-display":"","ast-hfb-below-header-display":"","ast-hfb-mobile-header-display":"","site-post-title":"disabled","ast-breadcrumbs-content":"","ast-featured-img":"","footer-sml-layout":"","theme-transparent-header-meta":"default","adv-header-id-meta":"","stick-header-meta":"","header-above-stick-meta":"","header-main-stick-meta":"","header-below-stick-meta":"","astra-migrate-meta-layouts":"","ast-page-background-enabled":"default","ast-page-background-meta":{"desktop":{"background-color":"","background-image":"","background-repeat":"repeat","background-position":"center center","background-size":"auto","background-attachment":"scroll","background-type":"","background-media":"","overlay-type":"","overlay-color":"","overlay-gradient":""},"tablet":{"background-color":"","background-image":"","background-repeat":"repeat","background-position":"center center","background-size":"auto","background-attachment":"scroll","background-type":"","background-media":"","overlay-type":"","overlay-color":"","overlay-gradient":""},"mobile":{"background-color":"","background-image":"","background-repeat":"repeat","background-position":"center center","background-size":"auto","background-attachment":"scroll","background-type":"","background-media":"","overlay-type":"","overlay-color":"","overlay-gradient":""}},"ast-content-background-meta":{"desktop":{"background-color":"var(--ast-global-color-5)","background-image":"","background-repeat":"repeat","background-position":"center center","background-size":"auto","background-attachment":"scroll","background-type":"","background-media":"","overlay-type":"","overlay-color":"","overlay-gradient":""},"tablet":{"background-color":"var(--ast-global-color-5)","background-image":"","background-repeat":"repeat","background-position":"center center","background-size":"auto","background-attachment":"scroll","background-type":"","background-media":"","overlay-type":"","overlay-color":"","overlay-gradient":""},"mobile":{"background-color":"var(--ast-global-color-5)","background-image":"","background-repeat":"repeat","background-position":"center center","background-size":"auto","background-attachment":"scroll","background-type":"","background-media":"","overlay-type":"","overlay-color":"","overlay-gradient":""}},"footnotes":""},"class_list":["post-6064","page","type-page","status-publish","hentry"],"_links":{"self":[{"href":"https:\/\/www.arnaudom.fr\/wordpress\/wp-json\/wp\/v2\/pages\/6064","targetHints":{"allow":["GET"]}}],"collection":[{"href":"https:\/\/www.arnaudom.fr\/wordpress\/wp-json\/wp\/v2\/pages"}],"about":[{"href":"https:\/\/www.arnaudom.fr\/wordpress\/wp-json\/wp\/v2\/types\/page"}],"author":[{"embeddable":true,"href":"https:\/\/www.arnaudom.fr\/wordpress\/wp-json\/wp\/v2\/users\/1"}],"replies":[{"embeddable":true,"href":"https:\/\/www.arnaudom.fr\/wordpress\/wp-json\/wp\/v2\/comments?post=6064"}],"version-history":[{"count":14,"href":"https:\/\/www.arnaudom.fr\/wordpress\/wp-json\/wp\/v2\/pages\/6064\/revisions"}],"predecessor-version":[{"id":6084,"href":"https:\/\/www.arnaudom.fr\/wordpress\/wp-json\/wp\/v2\/pages\/6064\/revisions\/6084"}],"wp:attachment":[{"href":"https:\/\/www.arnaudom.fr\/wordpress\/wp-json\/wp\/v2\/media?parent=6064"}],"curies":[{"name":"wp","href":"https:\/\/api.w.org\/{rel}","templated":true}]}}