{"id":6037,"date":"2020-08-28T17:01:32","date_gmt":"2020-08-28T15:01:32","guid":{"rendered":"http:\/\/www.arnaudom.fr\/wordpress\/?page_id=6037"},"modified":"2020-08-28T17:26:58","modified_gmt":"2020-08-28T15:26:58","slug":"croper","status":"publish","type":"page","link":"https:\/\/www.arnaudom.fr\/wordpress\/croper\/","title":{"rendered":"croper"},"content":{"rendered":"\t\t<div data-elementor-type=\"wp-page\" data-elementor-id=\"6037\" class=\"elementor elementor-6037\">\n\t\t\t\t\t\t<div class=\"elementor-inner\">\n\t\t\t\t<div class=\"elementor-section-wrap\">\n\t\t\t\t\t\t\t\t\t<section class=\"elementor-section elementor-top-section elementor-element elementor-element-b356a04 elementor-section-boxed elementor-section-height-default elementor-section-height-default\" data-id=\"b356a04\" data-element_type=\"section\">\n\t\t\t\t\t\t<div class=\"elementor-container elementor-column-gap-default\">\n\t\t\t\t\t\t\t<div class=\"elementor-row\">\n\t\t\t\t\t<div class=\"elementor-column elementor-col-100 elementor-top-column elementor-element elementor-element-543760d\" data-id=\"543760d\" data-element_type=\"column\" data-settings=\"{&quot;background_background&quot;:&quot;classic&quot;}\">\n\t\t\t<div class=\"elementor-column-wrap elementor-element-populated\">\n\t\t\t\t\t\t\t<div class=\"elementor-widget-wrap\">\n\t\t\t\t\t\t<div class=\"elementor-element elementor-element-bf43bd7 elementor-widget elementor-widget-heading\" data-id=\"bf43bd7\" data-element_type=\"widget\" data-widget_type=\"heading.default\">\n\t\t\t\t<div class=\"elementor-widget-container\">\n\t\t\t<h1 class=\"elementor-heading-title elementor-size-default\">Addition des images avec PixInsight (3\/4)<\/h1>\t\t<\/div>\n\t\t\t\t<\/div>\n\t\t\t\t<div class=\"elementor-element elementor-element-fb83edc elementor-widget elementor-widget-heading\" data-id=\"fb83edc\" data-element_type=\"widget\" data-widget_type=\"heading.default\">\n\t\t\t\t<div class=\"elementor-widget-container\">\n\t\t\t<h2 class=\"elementor-heading-title elementor-size-default\">4- Croper les bandes noires de l'image finale<\/h2>\t\t<\/div>\n\t\t\t\t<\/div>\n\t\t\t\t<div class=\"elementor-element elementor-element-fca3b7c elementor-widget elementor-widget-text-editor\" data-id=\"fca3b7c\" data-element_type=\"widget\" data-widget_type=\"text-editor.default\">\n\t\t\t\t<div class=\"elementor-widget-container\">\n\t\t\t\t\t\t\t\t<div class=\"elementor-text-editor elementor-clearfix\">\n\t\t\t\t<p>On va maintenant \u00ab croper \u00bb ces bandes noires, c&rsquo;est-\u00e0-dire couper une partie de l&rsquo;image pour en retirer les bordures noires.<\/p>\n<p>On garde bien l&rsquo;image integration ouverte puis on va utiliser le process <b><span class=\"gras\">DynamicCrop<\/span><\/b> ou, si vous utilisez mes process icons, on va sur <b><span class=\"gras\">Crop<\/span><\/b>.<\/p>\n<p>Une fois le process lanc\u00e9, un cadre bleu appara\u00eet \u00e0 l&rsquo;int\u00e9rieur de l&rsquo;image. On va modifier la taille de ce cadre avec la souris pour qu&rsquo;il ne contienne que la partie de l&rsquo;image que l&rsquo;on veut conserver.<\/p>\n<div class=\"centre\"><img decoding=\"async\" class=\"aligncenter\" src=\"http:\/\/www.arnaudom.fr\/Img\/pix135.jpg\" alt=\"Pix\"><\/div>\n<p><\/p>\n<p>Notez le bouton du DynamicCrop qui est apparu et activ\u00e9. <span class=\"milieu8\"><img decoding=\"async\" src=\"http:\/\/www.arnaudom.fr\/Img\/pix136.jpg\" alt=\"Pix\"><\/span><\/p>\n<p>On peut agrandir l&rsquo;image avec le bouton Zoom In Mode <span class=\"milieu9\"><img decoding=\"async\" src=\"http:\/\/www.arnaudom.fr\/Img\/pix137.jpg\" alt=\"Pix\"><\/span> pour voir avec plus de pr\u00e9cision o\u00f9 positionner le cadre.<\/p>\n<div class=\"centre\"><img decoding=\"async\" class=\"aligncenter\" src=\"http:\/\/www.arnaudom.fr\/Img\/pix139.jpg\" alt=\"Pix\"><\/div>\n<p><\/p>\n<p>Ne pas oublier de recliquer sur le bouton du <strong><span class=\"gras\">DynamicCrop<\/span><\/strong> pour pouvoir \u00e0 nouveau manipuler le cadre avec la souris.<\/p>\n<p>Le mieux est d&rsquo;examiner tous les coins de l&rsquo;image pour v\u00e9rifier le positionnement pr\u00e9cis du cadre.<\/p>\n<div class=\"centre\"><img decoding=\"async\" class=\"aligncenter\" src=\"http:\/\/www.arnaudom.fr\/Img\/pix138.jpg\" alt=\"Pix\"><\/div>\n<p>Une fois qu&rsquo;il est plac\u00e9 de mani\u00e8re satisfaisante, on va avoir besoin de conserver les param\u00e8tres du crop pour pouvoir l&rsquo;appliquer \u00e0 toutes nos images.<\/p>\n<div class=\"centre\"><img decoding=\"async\" class=\"aligncenter\" src=\"http:\/\/www.arnaudom.fr\/Img\/pix140.jpg\" alt=\"Pix\"><\/div>\n<table>\n<tbody>\n<tr>\n<td>Pour cela, on va prendre le petit triangle du process avec la souris et le d\u00e9poser sur l&rsquo;espace de travail.<\/td>\n<td><img decoding=\"async\" src=\"http:\/\/www.arnaudom.fr\/Img\/pix141.jpg\" alt=\"Pix\"><\/td>\n<\/tr>\n<\/tbody>\n<\/table>\n<p>On peut maintenant fermer l&rsquo;image et le process <strong><span class=\"gras\">DynamicCrop<\/span><\/strong>, on n&rsquo;en a plus besoin. On va utiliser maintenant le process <strong><span class=\"gras\">ImageContainer<\/span><\/strong> que vous allez d\u00e9poser ou, si vous utilisez mes process icons, on va aller sur l&rsquo;ic\u00f4ne <strong><span class=\"gras\">Pour_croper_les_images_en_s\u00e9rie<\/span><\/strong>.<\/p>\n<div class=\"centre\"><img decoding=\"async\" class=\"aligncenter\" src=\"http:\/\/www.arnaudom.fr\/Img\/pix142.jpg\" alt=\"Pix\"><\/div>\n<p><\/p>\n<p>On va cliquer sur l&rsquo;ic\u00f4ne <span class=\"gras\">Add Files<\/span> <span class=\"milieu2\"><img decoding=\"async\" src=\"http:\/\/www.arnaudom.fr\/Img\/pix143.jpg\" alt=\"Pix\"><\/span> pour entrer nos images du type <span class=\"gras\">debayer_M510001_c_cc_r.fit<\/span>.<\/p>\n<div class=\"centre\"><img decoding=\"async\" class=\"aligncenter\" src=\"http:\/\/www.arnaudom.fr\/Img\/pix144.jpg\" alt=\"Pix\"><\/div>\n<p>Et on peut toujours entrer dans <strong><span class=\"gras\">Output directory<\/span><\/strong> le nom du dossier o\u00f9 l&rsquo;on va sauvegarder nos nouvelles images.<\/p>\n<p>Noter la case <strong><span class=\"gras\">Output template<\/span><\/strong> qui indique comment vont \u00eatre nomm\u00e9es les images sauvegard\u00e9es : par d\u00e9faut, le nom suivi de la date, l&rsquo;heure et de l&rsquo;extension du fichier.<\/p>\n<p>Il y a maintenant une petite manipulation particuli\u00e8re \u00e0 faire : on va prendre le petit triangle du process <strong><span class=\"gras\">ImageContainer<\/span><\/strong> avec la souris et on va aller le d\u00e9poser sur l&rsquo;ic\u00f4ne du process du <strong><span class=\"gras\">DynamicCrop<\/span> <\/strong>que l&rsquo;on a mis sur l&rsquo;espace de travail pr\u00e9c\u00e9demment.<\/p>\n<div class=\"centre\"><img decoding=\"async\" class=\"aligncenter\" src=\"http:\/\/www.arnaudom.fr\/Img\/pix145.jpg\" alt=\"Pix\"><\/div>\n<p>Ainsi toutes nos images vont se voir appliquer un crop avec les param\u00e8tres sauvegard\u00e9s auparavant, et donc on va cr\u00e9er ainsi une s\u00e9rie de nouvelles images desquelles on aura retir\u00e9 les zones qui produisent les bandes noires.<\/p>\n<p>Si on va faire un tour dans le dossier M51, on y trouvera normalement de nouvelles images nomm\u00e9es par exemple <b><span class=\"gras\">debayer_M51001_c_cc_r_20131121205308.fit<\/span><\/b>, donc le nom des images originales suivi de la date et de l&rsquo;heure de sa cr\u00e9ation. On va donc maintenant utiliser ces images pour la suite.<\/p>\n<p><img loading=\"lazy\" decoding=\"async\" class=\"aligncenter size-full wp-image-6042\" src=\"http:\/\/www.arnaudom.fr\/wordpress\/wp-content\/uploads\/2020\/08\/pix146.jpg\" alt=\"\" width=\"323\" height=\"409\" srcset=\"https:\/\/www.arnaudom.fr\/wordpress\/wp-content\/uploads\/2020\/08\/pix146.jpg 323w, https:\/\/www.arnaudom.fr\/wordpress\/wp-content\/uploads\/2020\/08\/pix146-237x300.jpg 237w\" sizes=\"auto, (max-width: 323px) 100vw, 323px\" \/><\/p>\n<p><\/p>\t\t\t\t\t<\/div>\n\t\t\t\t\t\t<\/div>\n\t\t\t\t<\/div>\n\t\t\t\t<div class=\"elementor-element elementor-element-e6485bd elementor-widget elementor-widget-heading\" data-id=\"e6485bd\" data-element_type=\"widget\" data-widget_type=\"heading.default\">\n\t\t\t\t<div class=\"elementor-widget-container\">\n\t\t\t<h2 class=\"elementor-heading-title elementor-size-default\">5-Faire une seconde addition pour en d\u00e9terminer le rapport signal\/bruit maximum<\/h2>\t\t<\/div>\n\t\t\t\t<\/div>\n\t\t\t\t<div class=\"elementor-element elementor-element-ffd85a8 elementor-widget elementor-widget-text-editor\" data-id=\"ffd85a8\" data-element_type=\"widget\" data-widget_type=\"text-editor.default\">\n\t\t\t\t<div class=\"elementor-widget-container\">\n\t\t\t\t\t\t\t\t<div class=\"elementor-text-editor elementor-clearfix\">\n\t\t\t\t<p>Voici une \u00e9tape qu&rsquo;on peut \u00e9ventuellement sauter ! En fait nous allons faire une nouvelle addition de nos images crop\u00e9es, qui va nous servir \u00e0 d\u00e9terminer le rapport signal\/bruit maximum que l&rsquo;on peut potentiellement obtenir et \u00e0 v\u00e9rifier si notre crop a \u00e9t\u00e9 bien fait.<\/p><p>On utilise donc \u00e0 nouveau le process<strong> <span class=\"gras\">ImageIntegration<\/span><\/strong> ou, si vous utilisez mes process icons, on va aller sur <strong><span class=\"gras\">Addition_servant_\u00e0_d\u00e9terminer_le rapport_signal_bruit<\/span><\/strong>.<br \/>On entre nos nouvelles images du type <strong><span class=\"gras\">debayer_M51001_c_cc_r_20131121205308.fit<\/span> &#8230;<\/strong> dans le process avec <strong><span class=\"gras\">Add Files<\/span>.<\/strong><\/p><div class=\"centre\"><img decoding=\"async\" class=\"aligncenter\" src=\"http:\/\/www.arnaudom.fr\/Img\/pix147.jpg\" alt=\"Pix\" \/><\/div><p>Dans <strong><span class=\"gras\">Image Integration<\/span><\/strong>, on a les param\u00e8tres suivants :<br \/>&#8211; <strong><span class=\"gras\">Combination<\/span> : <span class=\"gras\">Average<\/span><\/strong><br \/>&#8211; <strong><span class=\"gras\">Normalization<\/span> : <span class=\"gras\">Additive with scaling<\/span><\/strong><br \/>&#8211; <strong><span class=\"gras\">Weights<\/span> : <span class=\"gras\">Noise evaluation<\/span><\/strong><br \/>&#8211; <strong><span class=\"gras\">Scale estimator<\/span> : <span class=\"gras\">iterative k-sigma\/biweight midvariance<\/span><\/strong><br \/>&#8211; les cases <strong><span class=\"gras\">Generated integrated image<\/span><\/strong> et <span class=\"gras\"><strong>Evaluate noise<\/strong> sont coch\u00e9es<\/span>.<\/p><div class=\"centre\"><img decoding=\"async\" class=\"aligncenter\" src=\"http:\/\/www.arnaudom.fr\/Img\/pix148.jpg\" alt=\"Pix\" \/><\/div><p>Dans <span class=\"gras\"><strong>Pixel Rejection (1)<\/strong>,<\/span> on a <strong><span class=\"gras\">Rejection algorithm<\/span><\/strong> : <strong><span class=\"gras\">No rejection<\/span><\/strong> car on ne veut rejeter aucun pixel mais au contraire tous les utiliser, afin de d\u00e9terminer le potentiel maximum de l&rsquo;image en terme de rapport signal\/bruit. Il ne reste plus qu&rsquo;\u00e0 lancer le process en cliquant sur le disque bleu et, au bout de 583,9 s on obtient l&rsquo;image integration.<\/p><p>Dans la console on peut noter les valeurs du rapport signal\/bruit de notre image.<\/p><div class=\"centre\"><img decoding=\"async\" class=\"aligncenter\" src=\"http:\/\/www.arnaudom.fr\/Img\/pix149.jpg\" alt=\"Pix\" \/><\/div><p>Avec mon image, on lit sur la ligne <strong><span class=\"gras\">M\u00e9dian noise reduction<\/span><\/strong> les valeurs de 2,0189 &#8211; 1,8870 &#8211; 1,5683. Notons ces valeurs. Il faudra, lors de l&rsquo;addition finale, essayer de s&rsquo;en rapprocher le plus possible.<\/p><p>On peut faire un <strong><span class=\"gras\">Auto Stretch<\/span><\/strong> sur l&rsquo;image pour voir \u00e0 quoi elle ressemble, et on observe normalement, si notre crop a \u00e9t\u00e9 bien fait, que les bandes noires ont bien disparues.<\/p><div class=\"centre\"><img decoding=\"async\" class=\"aligncenter\" src=\"http:\/\/www.arnaudom.fr\/Img\/pix150.jpg\" alt=\"Pix\" \/><\/div><p>On peut cliquer sur <strong><span class=\"gras\">Link RGB Channels<\/span><\/strong> et \u00e0 nouveau sur <strong><span class=\"gras\">Auto Stretch<\/span><\/strong> pour d\u00e9faire le lien entre les 3 canaux de couleur et obtenir une image plus r\u00e9aliste. On observe notamment sur l&rsquo;image finale les traces des avions et \u00e9galement le reflet parasite en bas \u00e0 droite. Tout ceci pourra cependant \u00eatre \u00e9limin\u00e9 lors de la derni\u00e8re \u00e9tape que voici !<\/p><div class=\"centre\"><img decoding=\"async\" class=\"aligncenter\" src=\"http:\/\/www.arnaudom.fr\/Img\/pix151.jpg\" alt=\"Pix\" \/><\/div>\t\t\t\t\t<\/div>\n\t\t\t\t\t\t<\/div>\n\t\t\t\t<\/div>\n\t\t\t\t\t\t<\/div>\n\t\t\t\t\t<\/div>\n\t\t<\/div>\n\t\t\t\t\t\t\t\t<\/div>\n\t\t\t\t\t<\/div>\n\t\t<\/section>\n\t\t\t\t<section class=\"elementor-section elementor-top-section elementor-element elementor-element-24d562d elementor-section-boxed elementor-section-height-default elementor-section-height-default\" data-id=\"24d562d\" data-element_type=\"section\" data-settings=\"{&quot;background_background&quot;:&quot;classic&quot;}\">\n\t\t\t\t\t\t<div class=\"elementor-container elementor-column-gap-default\">\n\t\t\t\t\t\t\t<div class=\"elementor-row\">\n\t\t\t\t\t<div class=\"elementor-column elementor-col-50 elementor-top-column elementor-element elementor-element-aa903e1\" data-id=\"aa903e1\" data-element_type=\"column\">\n\t\t\t<div class=\"elementor-column-wrap elementor-element-populated\">\n\t\t\t\t\t\t\t<div class=\"elementor-widget-wrap\">\n\t\t\t\t\t\t<div class=\"elementor-element elementor-element-6b5b1ac elementor-align-center elementor-widget elementor-widget-button\" data-id=\"6b5b1ac\" data-element_type=\"widget\" data-widget_type=\"button.default\">\n\t\t\t\t<div class=\"elementor-widget-container\">\n\t\t\t\t\t<div class=\"elementor-button-wrapper\">\n\t\t\t<a href=\"http:\/\/www.arnaudom.fr\/wordpress\/alignerpix\" class=\"elementor-button-link elementor-button elementor-size-sm\" role=\"button\">\n\t\t\t\t\t\t<span class=\"elementor-button-content-wrapper\">\n\t\t\t\t\t\t\t<span class=\"elementor-button-icon elementor-align-icon-left\">\n\t\t\t\t<i aria-hidden=\"true\" class=\"fas fa-arrow-left\"><\/i>\t\t\t<\/span>\n\t\t\t\t\t\t<span class=\"elementor-button-text\">Page 2<\/span>\n\t\t<\/span>\n\t\t\t\t\t<\/a>\n\t\t<\/div>\n\t\t\t\t<\/div>\n\t\t\t\t<\/div>\n\t\t\t\t\t\t<\/div>\n\t\t\t\t\t<\/div>\n\t\t<\/div>\n\t\t\t\t<div class=\"elementor-column elementor-col-50 elementor-top-column elementor-element elementor-element-c685e4e\" data-id=\"c685e4e\" data-element_type=\"column\">\n\t\t\t<div class=\"elementor-column-wrap elementor-element-populated\">\n\t\t\t\t\t\t\t<div class=\"elementor-widget-wrap\">\n\t\t\t\t\t\t<div class=\"elementor-element elementor-element-0436108 elementor-align-center elementor-widget elementor-widget-button\" data-id=\"0436108\" data-element_type=\"widget\" data-widget_type=\"button.default\">\n\t\t\t\t<div class=\"elementor-widget-container\">\n\t\t\t\t\t<div class=\"elementor-button-wrapper\">\n\t\t\t<a href=\"http:\/\/www.arnaudom.fr\/wordpress\/finaddition\" class=\"elementor-button-link elementor-button elementor-size-sm\" role=\"button\">\n\t\t\t\t\t\t<span class=\"elementor-button-content-wrapper\">\n\t\t\t\t\t\t\t<span class=\"elementor-button-icon elementor-align-icon-right\">\n\t\t\t\t<i aria-hidden=\"true\" class=\"fas fa-arrow-right\"><\/i>\t\t\t<\/span>\n\t\t\t\t\t\t<span class=\"elementor-button-text\">Page 4<\/span>\n\t\t<\/span>\n\t\t\t\t\t<\/a>\n\t\t<\/div>\n\t\t\t\t<\/div>\n\t\t\t\t<\/div>\n\t\t\t\t\t\t<\/div>\n\t\t\t\t\t<\/div>\n\t\t<\/div>\n\t\t\t\t\t\t\t\t<\/div>\n\t\t\t\t\t<\/div>\n\t\t<\/section>\n\t\t\t\t\t\t\t\t\t<\/div>\n\t\t\t<\/div>\n\t\t\t\t\t<\/div>\n\t\t","protected":false},"excerpt":{"rendered":"<p>Addition des images avec PixInsight (3\/4) 4- Croper les bandes noires de l&rsquo;image finale On va maintenant \u00ab croper \u00bb ces bandes noires, c&rsquo;est-\u00e0-dire couper une partie de l&rsquo;image pour en retirer les bordures noires. On garde bien l&rsquo;image integration ouverte puis on va utiliser le process DynamicCrop ou, si vous utilisez mes process icons, &hellip;<\/p>\n<p class=\"read-more\"> <a class=\"\" href=\"https:\/\/www.arnaudom.fr\/wordpress\/croper\/\"> <span class=\"screen-reader-text\">croper<\/span> Lire la suite\u00a0\u00bb<\/a><\/p>\n","protected":false},"author":1,"featured_media":0,"parent":0,"menu_order":0,"comment_status":"closed","ping_status":"closed","template":"","meta":{"site-sidebar-layout":"default","site-content-layout":"default","ast-site-content-layout":"","site-content-style":"default","site-sidebar-style":"default","ast-global-header-display":"","ast-banner-title-visibility":"","ast-main-header-display":"","ast-hfb-above-header-display":"","ast-hfb-below-header-display":"","ast-hfb-mobile-header-display":"","site-post-title":"disabled","ast-breadcrumbs-content":"","ast-featured-img":"","footer-sml-layout":"","theme-transparent-header-meta":"default","adv-header-id-meta":"","stick-header-meta":"","header-above-stick-meta":"","header-main-stick-meta":"","header-below-stick-meta":"","astra-migrate-meta-layouts":"","ast-page-background-enabled":"default","ast-page-background-meta":{"desktop":{"background-color":"","background-image":"","background-repeat":"repeat","background-position":"center center","background-size":"auto","background-attachment":"scroll","background-type":"","background-media":"","overlay-type":"","overlay-color":"","overlay-gradient":""},"tablet":{"background-color":"","background-image":"","background-repeat":"repeat","background-position":"center center","background-size":"auto","background-attachment":"scroll","background-type":"","background-media":"","overlay-type":"","overlay-color":"","overlay-gradient":""},"mobile":{"background-color":"","background-image":"","background-repeat":"repeat","background-position":"center center","background-size":"auto","background-attachment":"scroll","background-type":"","background-media":"","overlay-type":"","overlay-color":"","overlay-gradient":""}},"ast-content-background-meta":{"desktop":{"background-color":"var(--ast-global-color-5)","background-image":"","background-repeat":"repeat","background-position":"center center","background-size":"auto","background-attachment":"scroll","background-type":"","background-media":"","overlay-type":"","overlay-color":"","overlay-gradient":""},"tablet":{"background-color":"var(--ast-global-color-5)","background-image":"","background-repeat":"repeat","background-position":"center center","background-size":"auto","background-attachment":"scroll","background-type":"","background-media":"","overlay-type":"","overlay-color":"","overlay-gradient":""},"mobile":{"background-color":"var(--ast-global-color-5)","background-image":"","background-repeat":"repeat","background-position":"center center","background-size":"auto","background-attachment":"scroll","background-type":"","background-media":"","overlay-type":"","overlay-color":"","overlay-gradient":""}},"footnotes":""},"class_list":["post-6037","page","type-page","status-publish","hentry"],"_links":{"self":[{"href":"https:\/\/www.arnaudom.fr\/wordpress\/wp-json\/wp\/v2\/pages\/6037","targetHints":{"allow":["GET"]}}],"collection":[{"href":"https:\/\/www.arnaudom.fr\/wordpress\/wp-json\/wp\/v2\/pages"}],"about":[{"href":"https:\/\/www.arnaudom.fr\/wordpress\/wp-json\/wp\/v2\/types\/page"}],"author":[{"embeddable":true,"href":"https:\/\/www.arnaudom.fr\/wordpress\/wp-json\/wp\/v2\/users\/1"}],"replies":[{"embeddable":true,"href":"https:\/\/www.arnaudom.fr\/wordpress\/wp-json\/wp\/v2\/comments?post=6037"}],"version-history":[{"count":7,"href":"https:\/\/www.arnaudom.fr\/wordpress\/wp-json\/wp\/v2\/pages\/6037\/revisions"}],"predecessor-version":[{"id":6046,"href":"https:\/\/www.arnaudom.fr\/wordpress\/wp-json\/wp\/v2\/pages\/6037\/revisions\/6046"}],"wp:attachment":[{"href":"https:\/\/www.arnaudom.fr\/wordpress\/wp-json\/wp\/v2\/media?parent=6037"}],"curies":[{"name":"wp","href":"https:\/\/api.w.org\/{rel}","templated":true}]}}