{"id":6023,"date":"2020-08-28T16:21:45","date_gmt":"2020-08-28T14:21:45","guid":{"rendered":"http:\/\/www.arnaudom.fr\/wordpress\/?page_id=6023"},"modified":"2020-08-28T17:00:22","modified_gmt":"2020-08-28T15:00:22","slug":"alignerpix","status":"publish","type":"page","link":"https:\/\/www.arnaudom.fr\/wordpress\/alignerpix\/","title":{"rendered":"alignerpix"},"content":{"rendered":"\t\t<div data-elementor-type=\"wp-page\" data-elementor-id=\"6023\" class=\"elementor elementor-6023\">\n\t\t\t\t\t\t<div class=\"elementor-inner\">\n\t\t\t\t<div class=\"elementor-section-wrap\">\n\t\t\t\t\t\t\t\t\t<section class=\"elementor-section elementor-top-section elementor-element elementor-element-7bcf6e1 elementor-section-boxed elementor-section-height-default elementor-section-height-default\" data-id=\"7bcf6e1\" data-element_type=\"section\">\n\t\t\t\t\t\t<div class=\"elementor-container elementor-column-gap-default\">\n\t\t\t\t\t\t\t<div class=\"elementor-row\">\n\t\t\t\t\t<div class=\"elementor-column elementor-col-100 elementor-top-column elementor-element elementor-element-dcff048\" data-id=\"dcff048\" data-element_type=\"column\" data-settings=\"{&quot;background_background&quot;:&quot;classic&quot;}\">\n\t\t\t<div class=\"elementor-column-wrap elementor-element-populated\">\n\t\t\t\t\t\t\t<div class=\"elementor-widget-wrap\">\n\t\t\t\t\t\t<div class=\"elementor-element elementor-element-9597b5f elementor-widget elementor-widget-heading\" data-id=\"9597b5f\" data-element_type=\"widget\" data-widget_type=\"heading.default\">\n\t\t\t\t<div class=\"elementor-widget-container\">\n\t\t\t<h1 class=\"elementor-heading-title elementor-size-default\">Addition des images avec PixInsight (2\/4)<\/h1>\t\t<\/div>\n\t\t\t\t<\/div>\n\t\t\t\t<div class=\"elementor-element elementor-element-42b7a9a elementor-widget elementor-widget-heading\" data-id=\"42b7a9a\" data-element_type=\"widget\" data-widget_type=\"heading.default\">\n\t\t\t\t<div class=\"elementor-widget-container\">\n\t\t\t<h2 class=\"elementor-heading-title elementor-size-default\">2-Aligner les images<\/h2>\t\t<\/div>\n\t\t\t\t<\/div>\n\t\t\t\t<div class=\"elementor-element elementor-element-a8a6b7f elementor-widget elementor-widget-text-editor\" data-id=\"a8a6b7f\" data-element_type=\"widget\" data-widget_type=\"text-editor.default\">\n\t\t\t\t<div class=\"elementor-widget-container\">\n\t\t\t\t\t\t\t\t<div class=\"elementor-text-editor elementor-clearfix\">\n\t\t\t\t<p>On va pour cela utiliser le process <strong><span class=\"gras\">StarAlignment<\/span><\/strong> que vous allez d\u00e9poser sur le bureau ou, si vous utilisez mes process icons, on va aller sur <span class=\"gras\"><strong>Alignement_des_images_calibrees_et_debayerisee<\/strong>s<\/span>.<\/p><div class=\"centre\"><img decoding=\"async\" class=\"aligncenter\" src=\"http:\/\/www.arnaudom.fr\/Img\/pix124.jpg\" alt=\"Pix\" \/><\/div><p>On va d&rsquo;abord entrer notre image de r\u00e9f\u00e9rence dans la zone <strong><span class=\"gras\">Reference image<\/span><\/strong> : pour cela, on clique sur le petit menu d\u00e9roulant \u00e0 droite et on s\u00e9lectionne <strong><span class=\"gras\">File<\/span><\/strong>.<\/p><p><img loading=\"lazy\" decoding=\"async\" class=\"aligncenter size-full wp-image-1719\" src=\"http:\/\/www.arnaudom.fr\/wordpress\/wp-content\/uploads\/2018\/08\/pix125.jpg\" alt=\"\" width=\"446\" height=\"65\" srcset=\"https:\/\/www.arnaudom.fr\/wordpress\/wp-content\/uploads\/2018\/08\/pix125.jpg 446w, https:\/\/www.arnaudom.fr\/wordpress\/wp-content\/uploads\/2018\/08\/pix125-300x44.jpg 300w\" sizes=\"auto, (max-width: 446px) 100vw, 446px\" \/><\/p><p>En cliquant sur la fl\u00e8che noire \u00e0 droite du menu d\u00e9roulant, on va pouvoir aller s\u00e9lectionner l&rsquo;image voulue, <b><span class=\"gras\">debayer_M51003_c_cc.fit<\/span><\/b> dans mon cas.<\/p><div class=\"centre\"><img decoding=\"async\" class=\"aligncenter\" src=\"http:\/\/www.arnaudom.fr\/Img\/pix126.jpg\" alt=\"Pix\" \/><\/div><p>On va laisser toutes les options par d\u00e9faut, et on va aller dans la zone <b><span class=\"gras\">Target Images<\/span><\/b> et, toujours avec <b><span class=\"gras\">Add Files<\/span><\/b>, on entre nos 31 images dans le process.<\/p><div class=\"centre\"><img decoding=\"async\" class=\"aligncenter\" src=\"http:\/\/www.arnaudom.fr\/Img\/pix127.jpg\" alt=\"Pix\" \/><\/div><p>Ne pas oublier d&rsquo;entrer dans la zone <b><span class=\"gras\">Output Images<\/span><\/b>, dans <b><span class=\"gras\">Output directory<\/span><\/b> le nom du dossier qui va contenir les images align\u00e9es.<\/p><div class=\"centre\"><img decoding=\"async\" class=\"aligncenter\" src=\"http:\/\/www.arnaudom.fr\/Img\/pix128.jpg\" alt=\"Pix\" \/><\/div><p>On note au passage que par d\u00e9faut, les images que l&rsquo;on va cr\u00e9er se termineront par le Postfix <b><span class=\"gras\">_r<\/span><\/b>. Il ne reste plus qu&rsquo;\u00e0 lancer le process en cliquant sur le disque bleu.<\/p><p>Une fois le process termin\u00e9, on peut aller voir dans le dossier de nos images, et on va normalement y trouver nos images nomm\u00e9es <strong><span class=\"gras\">debayer_M510001_c_cc_r.fit<\/span><\/strong> jusqu&rsquo;\u00e0 <strong><span class=\"gras\">debayer_M510031_c_cc_r.fit<\/span><\/strong>, l&rsquo;extension <strong><span class=\"gras\">_r<\/span><\/strong> d\u00e9signant ici les images align\u00e9es entre elles.<\/p>\t\t\t\t\t<\/div>\n\t\t\t\t\t\t<\/div>\n\t\t\t\t<\/div>\n\t\t\t\t<div class=\"elementor-element elementor-element-e9f08d2 elementor-widget elementor-widget-heading\" data-id=\"e9f08d2\" data-element_type=\"widget\" data-widget_type=\"heading.default\">\n\t\t\t\t<div class=\"elementor-widget-container\">\n\t\t\t<h2 class=\"elementor-heading-title elementor-size-default\">3- Faire une premi\u00e8re addition pour faire appara\u00eetre les bandes noires autour de l'image finale<\/h2>\t\t<\/div>\n\t\t\t\t<\/div>\n\t\t\t\t<div class=\"elementor-element elementor-element-db2b110 elementor-widget elementor-widget-text-editor\" data-id=\"db2b110\" data-element_type=\"widget\" data-widget_type=\"text-editor.default\">\n\t\t\t\t<div class=\"elementor-widget-container\">\n\t\t\t\t\t\t\t\t<div class=\"elementor-text-editor elementor-clearfix\">\n\t\t\t\t<p>Dans cette \u00e9tape, on va faire une simple addition de nos images align\u00e9es afin de faire appara\u00eetre sur l&rsquo;image finale les bordures noires qui r\u00e9sultent de leur alignement.<\/p><p>On va pouvoir ensuite \u00e9liminer ces bandes noires, ce qui a une utilit\u00e9 \u00e0 la fois esth\u00e9tique mais \u00e9galement pour le calcul du rapport signal\/bruit de l&rsquo;image finale, on en reparlera plus loin.<\/p><p>On utilise donc le process <strong><span class=\"gras\">ImageIntegration<\/span><\/strong> ou, si vous utilisez mes process icons, on va sur <strong><span class=\"gras\">Addition_des_images_alignees_pour_eliminer_les_bordures_noires<\/span><\/strong>.<\/p><p>Avec <strong><span class=\"gras\">Add Files<\/span><\/strong>, on entre nos 30 images (j&rsquo;ai d\u00e9cid\u00e9 de ne plus utiliser la 31\u00e8me) nomm\u00e9es <span class=\"gras\"><b>debayer_M510001_c_cc_r.fi<\/b>t<\/span> jusqu&rsquo;\u00e0 <b><span class=\"gras\">debayer_M510030_c_cc_r.fit<\/span><\/b> dans le process (bien choisir les images portant l&rsquo;extension <b><span class=\"gras\">_r<\/span><\/b>).<\/p><p>Dans <b><span class=\"gras\">Image Integration<\/span><\/b>, on a les param\u00e8tres suivants :<\/p><p>&#8211; <b><span class=\"gras\">Combination<\/span> : <span class=\"gras\">Minimum<\/span><\/b><br \/>&#8211; <b><span class=\"gras\">Normalization<\/span> : <span class=\"gras\">No normalization<\/span><\/b><br \/>&#8211; Et seule la case <b><span class=\"gras\">Generated integrated image<\/span><\/b> est coch\u00e9e.<\/p><p><img loading=\"lazy\" decoding=\"async\" class=\"aligncenter size-full wp-image-6034\" src=\"http:\/\/www.arnaudom.fr\/wordpress\/wp-content\/uploads\/2020\/08\/pix130.jpg\" alt=\"\" width=\"449\" height=\"611\" srcset=\"https:\/\/www.arnaudom.fr\/wordpress\/wp-content\/uploads\/2020\/08\/pix130.jpg 449w, https:\/\/www.arnaudom.fr\/wordpress\/wp-content\/uploads\/2020\/08\/pix130-220x300.jpg 220w\" sizes=\"auto, (max-width: 449px) 100vw, 449px\" \/><\/p><p>Dans <span class=\"gras\">Pixel<b> Rejection (1)<\/b><\/span>, on a <b><span class=\"gras\">Rejection algorithm<\/span> : <span class=\"gras\">No rejection<\/span><\/b>.<\/p><div class=\"centre\"><img decoding=\"async\" class=\"aligncenter\" src=\"http:\/\/www.arnaudom.fr\/Img\/pix131.jpg\" alt=\"Pix\" \/><\/div><p>Il ne reste plus qu&rsquo;\u00e0 lancer le process en cliquant sur le disque bleu. On obtient une image nomm\u00e9e integration, dont on peut visualiser le contenu en lui appliquant un <b><span class=\"gras\">Auto Stretch<\/span><\/b>.<\/p><p><b><span class=\"gras\">Remarque :<\/span><\/b> l&rsquo;image a une teinte jaune, parce que l&rsquo;Auto Stretch est appliqu\u00e9 sur les 3 couches couleurs de l&rsquo;image li\u00e9es entre elles. On peut cliquer sur l&rsquo;ic\u00f4ne <b><span class=\"gras\">Link RGB Channels<\/span><\/b> <span class=\"milieu9\"><img decoding=\"async\" src=\"http:\/\/www.arnaudom.fr\/Img\/pix132.jpg\" alt=\"Pix\" \/><\/span> afin de la d\u00e9selectionner : ainsi les couches RGB de l&rsquo;image ne sont plus li\u00e9es entre elles.<\/p><p>En cliquant ensuite une nouvelle fois sur <b><span class=\"gras\">Auto Stretch<\/span><\/b>, l&rsquo;image s&rsquo;affiche \u00e0 nouveau mais l&rsquo;Auto Stretch s&rsquo;est appliqu\u00e9 sur chacune des couches s\u00e9par\u00e9ment, donnant une couleur plus r\u00e9aliste \u00e0 l&rsquo;ensemble de l&rsquo;image.<\/p><div class=\"centre\"><img decoding=\"async\" class=\"aligncenter\" src=\"http:\/\/www.arnaudom.fr\/Img\/pix133.jpg\" alt=\"Pix\" \/><\/div><p>On observe sur les bords (en haut,\u00e0 gauche et en bas) les bandes noires \u00e0 \u00e9liminer. Cela se voit mieux sur l&rsquo;image \u00ab jaune \u00bb, on va plut\u00f4t utiliser celle-ci pour la suite.<\/p><div class=\"centre\"><img decoding=\"async\" class=\"aligncenter\" src=\"http:\/\/www.arnaudom.fr\/Img\/pix134.jpg\" alt=\"Pix\" \/><\/div>\t\t\t\t\t<\/div>\n\t\t\t\t\t\t<\/div>\n\t\t\t\t<\/div>\n\t\t\t\t\t\t<\/div>\n\t\t\t\t\t<\/div>\n\t\t<\/div>\n\t\t\t\t\t\t\t\t<\/div>\n\t\t\t\t\t<\/div>\n\t\t<\/section>\n\t\t\t\t<section class=\"elementor-section elementor-top-section elementor-element elementor-element-b99d8de elementor-section-boxed elementor-section-height-default elementor-section-height-default\" data-id=\"b99d8de\" data-element_type=\"section\" data-settings=\"{&quot;background_background&quot;:&quot;classic&quot;}\">\n\t\t\t\t\t\t<div class=\"elementor-container elementor-column-gap-default\">\n\t\t\t\t\t\t\t<div class=\"elementor-row\">\n\t\t\t\t\t<div class=\"elementor-column elementor-col-50 elementor-top-column elementor-element elementor-element-9f584c2\" data-id=\"9f584c2\" data-element_type=\"column\">\n\t\t\t<div class=\"elementor-column-wrap elementor-element-populated\">\n\t\t\t\t\t\t\t<div class=\"elementor-widget-wrap\">\n\t\t\t\t\t\t<div class=\"elementor-element elementor-element-b12b4d3 elementor-align-center elementor-widget elementor-widget-button\" data-id=\"b12b4d3\" data-element_type=\"widget\" data-widget_type=\"button.default\">\n\t\t\t\t<div class=\"elementor-widget-container\">\n\t\t\t\t\t<div class=\"elementor-button-wrapper\">\n\t\t\t<a href=\"http:\/\/www.arnaudom.fr\/wordpress\/addition\" class=\"elementor-button-link elementor-button elementor-size-sm\" role=\"button\">\n\t\t\t\t\t\t<span class=\"elementor-button-content-wrapper\">\n\t\t\t\t\t\t\t<span class=\"elementor-button-icon elementor-align-icon-left\">\n\t\t\t\t<i aria-hidden=\"true\" class=\"fas fa-arrow-left\"><\/i>\t\t\t<\/span>\n\t\t\t\t\t\t<span class=\"elementor-button-text\">Page 1<\/span>\n\t\t<\/span>\n\t\t\t\t\t<\/a>\n\t\t<\/div>\n\t\t\t\t<\/div>\n\t\t\t\t<\/div>\n\t\t\t\t\t\t<\/div>\n\t\t\t\t\t<\/div>\n\t\t<\/div>\n\t\t\t\t<div class=\"elementor-column elementor-col-50 elementor-top-column elementor-element elementor-element-1916ea7\" data-id=\"1916ea7\" data-element_type=\"column\">\n\t\t\t<div class=\"elementor-column-wrap elementor-element-populated\">\n\t\t\t\t\t\t\t<div class=\"elementor-widget-wrap\">\n\t\t\t\t\t\t<div class=\"elementor-element elementor-element-ddda0cc elementor-align-center elementor-widget elementor-widget-button\" data-id=\"ddda0cc\" data-element_type=\"widget\" data-widget_type=\"button.default\">\n\t\t\t\t<div class=\"elementor-widget-container\">\n\t\t\t\t\t<div class=\"elementor-button-wrapper\">\n\t\t\t<a href=\"http:\/\/www.arnaudom.fr\/wordpress\/croper\" class=\"elementor-button-link elementor-button elementor-size-sm\" role=\"button\">\n\t\t\t\t\t\t<span class=\"elementor-button-content-wrapper\">\n\t\t\t\t\t\t\t<span class=\"elementor-button-icon elementor-align-icon-right\">\n\t\t\t\t<i aria-hidden=\"true\" class=\"fas fa-arrow-right\"><\/i>\t\t\t<\/span>\n\t\t\t\t\t\t<span class=\"elementor-button-text\">Page 3<\/span>\n\t\t<\/span>\n\t\t\t\t\t<\/a>\n\t\t<\/div>\n\t\t\t\t<\/div>\n\t\t\t\t<\/div>\n\t\t\t\t\t\t<\/div>\n\t\t\t\t\t<\/div>\n\t\t<\/div>\n\t\t\t\t\t\t\t\t<\/div>\n\t\t\t\t\t<\/div>\n\t\t<\/section>\n\t\t\t\t\t\t\t\t\t<\/div>\n\t\t\t<\/div>\n\t\t\t\t\t<\/div>\n\t\t","protected":false},"excerpt":{"rendered":"<p>Addition des images avec PixInsight (2\/4) 2-Aligner les images On va pour cela utiliser le process StarAlignment que vous allez d\u00e9poser sur le bureau ou, si vous utilisez mes process icons, on va aller sur Alignement_des_images_calibrees_et_debayerisees. On va d&rsquo;abord entrer notre image de r\u00e9f\u00e9rence dans la zone Reference image : pour cela, on clique sur &hellip;<\/p>\n<p class=\"read-more\"> <a class=\"\" href=\"https:\/\/www.arnaudom.fr\/wordpress\/alignerpix\/\"> <span class=\"screen-reader-text\">alignerpix<\/span> Lire la suite\u00a0\u00bb<\/a><\/p>\n","protected":false},"author":1,"featured_media":0,"parent":0,"menu_order":0,"comment_status":"closed","ping_status":"closed","template":"","meta":{"site-sidebar-layout":"default","site-content-layout":"default","ast-site-content-layout":"","site-content-style":"default","site-sidebar-style":"default","ast-global-header-display":"","ast-banner-title-visibility":"","ast-main-header-display":"","ast-hfb-above-header-display":"","ast-hfb-below-header-display":"","ast-hfb-mobile-header-display":"","site-post-title":"disabled","ast-breadcrumbs-content":"","ast-featured-img":"","footer-sml-layout":"","theme-transparent-header-meta":"default","adv-header-id-meta":"","stick-header-meta":"","header-above-stick-meta":"","header-main-stick-meta":"","header-below-stick-meta":"","astra-migrate-meta-layouts":"","ast-page-background-enabled":"default","ast-page-background-meta":{"desktop":{"background-color":"","background-image":"","background-repeat":"repeat","background-position":"center center","background-size":"auto","background-attachment":"scroll","background-type":"","background-media":"","overlay-type":"","overlay-color":"","overlay-gradient":""},"tablet":{"background-color":"","background-image":"","background-repeat":"repeat","background-position":"center center","background-size":"auto","background-attachment":"scroll","background-type":"","background-media":"","overlay-type":"","overlay-color":"","overlay-gradient":""},"mobile":{"background-color":"","background-image":"","background-repeat":"repeat","background-position":"center center","background-size":"auto","background-attachment":"scroll","background-type":"","background-media":"","overlay-type":"","overlay-color":"","overlay-gradient":""}},"ast-content-background-meta":{"desktop":{"background-color":"var(--ast-global-color-5)","background-image":"","background-repeat":"repeat","background-position":"center center","background-size":"auto","background-attachment":"scroll","background-type":"","background-media":"","overlay-type":"","overlay-color":"","overlay-gradient":""},"tablet":{"background-color":"var(--ast-global-color-5)","background-image":"","background-repeat":"repeat","background-position":"center center","background-size":"auto","background-attachment":"scroll","background-type":"","background-media":"","overlay-type":"","overlay-color":"","overlay-gradient":""},"mobile":{"background-color":"var(--ast-global-color-5)","background-image":"","background-repeat":"repeat","background-position":"center center","background-size":"auto","background-attachment":"scroll","background-type":"","background-media":"","overlay-type":"","overlay-color":"","overlay-gradient":""}},"footnotes":""},"class_list":["post-6023","page","type-page","status-publish","hentry"],"_links":{"self":[{"href":"https:\/\/www.arnaudom.fr\/wordpress\/wp-json\/wp\/v2\/pages\/6023","targetHints":{"allow":["GET"]}}],"collection":[{"href":"https:\/\/www.arnaudom.fr\/wordpress\/wp-json\/wp\/v2\/pages"}],"about":[{"href":"https:\/\/www.arnaudom.fr\/wordpress\/wp-json\/wp\/v2\/types\/page"}],"author":[{"embeddable":true,"href":"https:\/\/www.arnaudom.fr\/wordpress\/wp-json\/wp\/v2\/users\/1"}],"replies":[{"embeddable":true,"href":"https:\/\/www.arnaudom.fr\/wordpress\/wp-json\/wp\/v2\/comments?post=6023"}],"version-history":[{"count":8,"href":"https:\/\/www.arnaudom.fr\/wordpress\/wp-json\/wp\/v2\/pages\/6023\/revisions"}],"predecessor-version":[{"id":6036,"href":"https:\/\/www.arnaudom.fr\/wordpress\/wp-json\/wp\/v2\/pages\/6023\/revisions\/6036"}],"wp:attachment":[{"href":"https:\/\/www.arnaudom.fr\/wordpress\/wp-json\/wp\/v2\/media?parent=6023"}],"curies":[{"name":"wp","href":"https:\/\/api.w.org\/{rel}","templated":true}]}}