{"id":6017,"date":"2020-08-28T16:10:30","date_gmt":"2020-08-28T14:10:30","guid":{"rendered":"http:\/\/www.arnaudom.fr\/wordpress\/?page_id=6017"},"modified":"2020-08-28T16:19:02","modified_gmt":"2020-08-28T14:19:02","slug":"addition","status":"publish","type":"page","link":"https:\/\/www.arnaudom.fr\/wordpress\/addition\/","title":{"rendered":"addition"},"content":{"rendered":"\t\t<div data-elementor-type=\"wp-page\" data-elementor-id=\"6017\" class=\"elementor elementor-6017\">\n\t\t\t\t\t\t<div class=\"elementor-inner\">\n\t\t\t\t<div class=\"elementor-section-wrap\">\n\t\t\t\t\t\t\t\t\t<section class=\"elementor-section elementor-top-section elementor-element elementor-element-a5b8ba9 elementor-section-full_width elementor-section-height-default elementor-section-height-default\" data-id=\"a5b8ba9\" data-element_type=\"section\" data-settings=\"{&quot;background_background&quot;:&quot;classic&quot;}\">\n\t\t\t\t\t\t<div class=\"elementor-container elementor-column-gap-default\">\n\t\t\t\t\t\t\t<div class=\"elementor-row\">\n\t\t\t\t\t<div class=\"elementor-column elementor-col-100 elementor-top-column elementor-element elementor-element-bfd862c\" data-id=\"bfd862c\" data-element_type=\"column\" data-settings=\"{&quot;background_background&quot;:&quot;classic&quot;}\">\n\t\t\t<div class=\"elementor-column-wrap elementor-element-populated\">\n\t\t\t\t\t\t\t<div class=\"elementor-widget-wrap\">\n\t\t\t\t\t\t<div class=\"elementor-element elementor-element-4ed4fa8 elementor-widget elementor-widget-heading\" data-id=\"4ed4fa8\" data-element_type=\"widget\" data-widget_type=\"heading.default\">\n\t\t\t\t<div class=\"elementor-widget-container\">\n\t\t\t<h1 class=\"elementor-heading-title elementor-size-default\">Addition des images avec PixInsight (1\/4)<\/h1>\t\t<\/div>\n\t\t\t\t<\/div>\n\t\t\t\t<div class=\"elementor-element elementor-element-07c8bff elementor-widget elementor-widget-text-editor\" data-id=\"07c8bff\" data-element_type=\"widget\" data-widget_type=\"text-editor.default\">\n\t\t\t\t<div class=\"elementor-widget-container\">\n\t\t\t\t\t\t\t\t<div class=\"elementor-text-editor elementor-clearfix\">\n\t\t\t\t<p><em>Ecrit le 29\/11\/13.<\/em><\/p>\t\t\t\t\t<\/div>\n\t\t\t\t\t\t<\/div>\n\t\t\t\t<\/div>\n\t\t\t\t<div class=\"elementor-element elementor-element-5af1e0c elementor-widget elementor-widget-text-editor\" data-id=\"5af1e0c\" data-element_type=\"widget\" data-widget_type=\"text-editor.default\">\n\t\t\t\t<div class=\"elementor-widget-container\">\n\t\t\t\t\t\t\t\t<div class=\"elementor-text-editor elementor-clearfix\">\n\t\t\t\t<p>A l&rsquo;issue du pr\u00e9traitement, nous avons obtenu 31 images de M51 nomm\u00e9es <strong><span class=\"gras\">debayer_M510001_c_cc.fit<\/span> <\/strong>jusqu&rsquo;\u00e0 <strong><span class=\"gras\">debayer_M510031_c_cc.fit<\/span><\/strong>.<\/p><p>Nous allons maintenant additionner toutes ces images \u00ab propres \u00bb afin d&rsquo;obtenir une seule image finale de notre objet, sur laquelle nous pourrons ensuite appliquer le traitement final.<\/p><p>Si vous souhaitez utiliser mes process icons personnels, il vous faut les t\u00e9l\u00e9charger ici : <a href=\"http:\/\/www.arnaudom.fr\/Addition.zip\">Addition APN<\/a>.<\/p><p>Concr\u00e8tement, nous allons suivre les \u00e9tapes suivantes :<\/p><ol><li>S\u00e9lectionner une image de r\u00e9f\u00e9rence<\/li><li>Aligner les images<\/li><li>Faire une premi\u00e8re addition pour faire appara\u00eetre les bandes noires autour de l&rsquo;image finale<\/li><li>Croper les bandes noires de l&rsquo;image finale<\/li><li>Faire une seconde addition pour en d\u00e9terminer le rapport signal\/bruit maximum<\/li><li>Faire une troisi\u00e8me addition pour obtenir l&rsquo;image finale.<\/li><\/ol>\t\t\t\t\t<\/div>\n\t\t\t\t\t\t<\/div>\n\t\t\t\t<\/div>\n\t\t\t\t<div class=\"elementor-element elementor-element-4813bdb elementor-widget elementor-widget-heading\" data-id=\"4813bdb\" data-element_type=\"widget\" data-widget_type=\"heading.default\">\n\t\t\t\t<div class=\"elementor-widget-container\">\n\t\t\t<h2 class=\"elementor-heading-title elementor-size-default\">1-S\u00e9lectionner une image de r\u00e9f\u00e9rence<\/h2>\t\t<\/div>\n\t\t\t\t<\/div>\n\t\t\t\t<div class=\"elementor-element elementor-element-0e2a5bf elementor-widget elementor-widget-text-editor\" data-id=\"0e2a5bf\" data-element_type=\"widget\" data-widget_type=\"text-editor.default\">\n\t\t\t\t<div class=\"elementor-widget-container\">\n\t\t\t\t\t\t\t\t<div class=\"elementor-text-editor elementor-clearfix\">\n\t\t\t\t<p>Pour commencer, il nous faut d\u00e9terminer une image qui va servir de r\u00e9f\u00e9rence pour l&rsquo;alignement de toutes nos images.<\/p><p>Ce qu&rsquo;on peut d\u00e9j\u00e0 faire, c&rsquo;est visualiser toutes les images pour voir \u00e0 quoi elles ressemblent. Pour cela, on peut utiliser le process <strong><span class=\"gras\">Blink<\/span><\/strong>.<\/p><p>Bizarrement celui-ci ne peut \u00eatre sauvegard\u00e9 comme les autres dans une liste de process icons, on va donc \u00eatre oblig\u00e9 d&rsquo;aller le chercher dans l&rsquo;onglet <strong><span class=\"gras\">Process Explorer<\/span><\/strong> et on l&rsquo;ouvre en faisant un double-clic dessus.<\/p><div class=\"centre\"><img decoding=\"async\" class=\"aligncenter\" src=\"http:\/\/www.arnaudom.fr\/Img\/pix113.jpg\" alt=\"Pix\" \/><\/div><p>Une fois le process ouvert, on va cliquer sur l&rsquo;ic\u00f4ne <strong><span class=\"gras\">Add Image<\/span><\/strong> <span class=\"milieu2\"><img decoding=\"async\" src=\"http:\/\/www.arnaudom.fr\/Img\/pix114.jpg\" \/><\/span> et entrer nos 31 images.<\/p><p>Cela peut prendre un certain temps &#8230;<\/p><div class=\"centre\"><img decoding=\"async\" class=\"aligncenter\" src=\"http:\/\/www.arnaudom.fr\/Img\/pix115.jpg\" alt=\"Pix\" \/><\/div><p>Ensuite, on va utiliser les fl\u00e8ches noires pour faire d\u00e9filer les images. On peut soit les faire d\u00e9filer manuellement avec les fl\u00e8ches avant et arri\u00e8re, soit les faire d\u00e9filer automatiquement en utilisant la fl\u00e8che du milieu.<\/p><div class=\"centre\"><img decoding=\"async\" class=\"aligncenter\" src=\"http:\/\/www.arnaudom.fr\/Img\/pix116.jpg\" alt=\"Pix\" \/><\/div><p class=\"centre\" style=\"text-align: center;\">On retrouve sur la premi\u00e8re image le reflet parasite qu&rsquo;on avait observ\u00e9 lors du pr\u00e9traitement.<\/p><div class=\"centre\"><img decoding=\"async\" class=\"aligncenter\" src=\"http:\/\/www.arnaudom.fr\/Img\/pix117.jpg\" alt=\"Pix\" \/><\/div><p class=\"centre\" style=\"text-align: center;\">L&rsquo;image 8 contient un beau passage d&rsquo;avion (et un passage de satellite en haut)&#8230;<\/p><div class=\"centre\"><img decoding=\"async\" class=\"aligncenter\" src=\"http:\/\/www.arnaudom.fr\/Img\/pix118.jpg\" alt=\"Pix\" \/><\/div><p class=\"centre\" style=\"text-align: center;\">L&rsquo;image 9 \u00e9galement&#8230;<\/p><div class=\"centre\"><img decoding=\"async\" class=\"aligncenter\" src=\"http:\/\/www.arnaudom.fr\/Img\/pix119.jpg\" alt=\"Pix\" \/><\/div><p class=\"centre\" style=\"text-align: center;\">Et encore une trace sur l&rsquo;image 16.<\/p><div class=\"centre\"><img decoding=\"async\" class=\"aligncenter\" src=\"http:\/\/www.arnaudom.fr\/Img\/pix120.jpg\" alt=\"Pix\" \/><\/div><p>A cette occasion, je d\u00e9couvre que mon image 31 est presque compl\u00e8tement noire. Il faudra absolument \u00e9viter de l&rsquo;utiliser dans la suite !<\/p><p>Bref, mes images 1, 8, 9, 16 et 31 sont \u00e0 \u00e9viter pour faire l&rsquo;alignement. On peut donc \u00e0 cette occasion avoir un premier aper\u00e7u des images de mauvaise qualit\u00e9, \u00e0 \u00e9viter voire \u00e0 supprimer carr\u00e9ment !<\/p><p>On va maintenant d\u00e9terminer de mani\u00e8re plus pr\u00e9cise notre image de r\u00e9f\u00e9rence.<\/p><p>Si vous utilisez mes process icons, on va aller sur l&rsquo;ic\u00f4ne <strong><span class=\"gras\">Determiner_l_image_de_reference<\/span><\/strong>, sinon d\u00e9posez l&rsquo;ic\u00f4ne du script <strong><span class=\"gras\">SubFrameSelector<\/span><\/strong> sur l&rsquo;espace de travail \u00e0 partir de <strong><span class=\"gras\">Process Explorer<\/span><\/strong>. En double-cliquant sur l&rsquo;ic\u00f4ne on ouvre la fen\u00eatre suivante :<\/p><div class=\"centre\"><img decoding=\"async\" class=\"aligncenter\" src=\"http:\/\/www.arnaudom.fr\/Img\/pix121.jpg\" alt=\"Pix\" \/><\/div><p>On clique ensuite sur le disque bleu pour faire appara\u00eetre la fen\u00eatre du script :<\/p><table><tbody><tr><td>Avec <strong><span class=\"gras\">Add Files<\/span><\/strong> on entre nos images dans le process puis on clique simplement sur le bouton <strong><span class=\"gras\">Measure<\/span><\/strong>.<\/td><td><img decoding=\"async\" src=\"http:\/\/www.arnaudom.fr\/Img\/pix122.jpg\" alt=\"Pix\" \/><\/td><\/tr><\/tbody><\/table><p>Au bout de 852,3 s, le process est termin\u00e9. On peut alors ouvrir la zone <strong><span class=\"gras\">Plots<\/span><\/strong> qui nous donne un graphique avec la FWHM mesur\u00e9e sur chacune de nos images.<\/p><div class=\"centre\"><img decoding=\"async\" class=\"aligncenter\" src=\"http:\/\/www.arnaudom.fr\/Img\/pix123.jpg\" alt=\"Pix\" \/><\/div><p>On va alors choisir comme image de r\u00e9f\u00e9rence celle qui a la plus petite FWHM, en l&rsquo;occurrence ici l&rsquo;image num\u00e9ro 3. On peut passer \u00e0 l&rsquo;alignement.<\/p>\t\t\t\t\t<\/div>\n\t\t\t\t\t\t<\/div>\n\t\t\t\t<\/div>\n\t\t\t\t<div class=\"elementor-element elementor-element-ad79ce5 elementor-align-center elementor-widget elementor-widget-button\" data-id=\"ad79ce5\" data-element_type=\"widget\" data-widget_type=\"button.default\">\n\t\t\t\t<div class=\"elementor-widget-container\">\n\t\t\t\t\t<div class=\"elementor-button-wrapper\">\n\t\t\t<a href=\"http:\/\/www.arnaudom.fr\/wordpress\/alignerpix\" class=\"elementor-button-link elementor-button elementor-size-sm\" role=\"button\">\n\t\t\t\t\t\t<span class=\"elementor-button-content-wrapper\">\n\t\t\t\t\t\t\t<span class=\"elementor-button-icon elementor-align-icon-right\">\n\t\t\t\t<i aria-hidden=\"true\" class=\"fas fa-arrow-right\"><\/i>\t\t\t<\/span>\n\t\t\t\t\t\t<span class=\"elementor-button-text\">Page 2<\/span>\n\t\t<\/span>\n\t\t\t\t\t<\/a>\n\t\t<\/div>\n\t\t\t\t<\/div>\n\t\t\t\t<\/div>\n\t\t\t\t\t\t<\/div>\n\t\t\t\t\t<\/div>\n\t\t<\/div>\n\t\t\t\t\t\t\t\t<\/div>\n\t\t\t\t\t<\/div>\n\t\t<\/section>\n\t\t\t\t\t\t\t\t\t<\/div>\n\t\t\t<\/div>\n\t\t\t\t\t<\/div>\n\t\t","protected":false},"excerpt":{"rendered":"<p>Addition des images avec PixInsight (1\/4) Ecrit le 29\/11\/13. A l&rsquo;issue du pr\u00e9traitement, nous avons obtenu 31 images de M51 nomm\u00e9es debayer_M510001_c_cc.fit jusqu&rsquo;\u00e0 debayer_M510031_c_cc.fit. Nous allons maintenant additionner toutes ces images \u00ab propres \u00bb afin d&rsquo;obtenir une seule image finale de notre objet, sur laquelle nous pourrons ensuite appliquer le traitement final. Si vous souhaitez &hellip;<\/p>\n<p class=\"read-more\"> <a class=\"\" href=\"https:\/\/www.arnaudom.fr\/wordpress\/addition\/\"> <span class=\"screen-reader-text\">addition<\/span> Lire la suite\u00a0\u00bb<\/a><\/p>\n","protected":false},"author":1,"featured_media":0,"parent":0,"menu_order":0,"comment_status":"closed","ping_status":"closed","template":"","meta":{"site-sidebar-layout":"default","site-content-layout":"default","ast-site-content-layout":"","site-content-style":"default","site-sidebar-style":"default","ast-global-header-display":"","ast-banner-title-visibility":"","ast-main-header-display":"","ast-hfb-above-header-display":"","ast-hfb-below-header-display":"","ast-hfb-mobile-header-display":"","site-post-title":"disabled","ast-breadcrumbs-content":"","ast-featured-img":"","footer-sml-layout":"","theme-transparent-header-meta":"default","adv-header-id-meta":"","stick-header-meta":"","header-above-stick-meta":"","header-main-stick-meta":"","header-below-stick-meta":"","astra-migrate-meta-layouts":"","ast-page-background-enabled":"default","ast-page-background-meta":{"desktop":{"background-color":"","background-image":"","background-repeat":"repeat","background-position":"center center","background-size":"auto","background-attachment":"scroll","background-type":"","background-media":"","overlay-type":"","overlay-color":"","overlay-gradient":""},"tablet":{"background-color":"","background-image":"","background-repeat":"repeat","background-position":"center center","background-size":"auto","background-attachment":"scroll","background-type":"","background-media":"","overlay-type":"","overlay-color":"","overlay-gradient":""},"mobile":{"background-color":"","background-image":"","background-repeat":"repeat","background-position":"center center","background-size":"auto","background-attachment":"scroll","background-type":"","background-media":"","overlay-type":"","overlay-color":"","overlay-gradient":""}},"ast-content-background-meta":{"desktop":{"background-color":"var(--ast-global-color-5)","background-image":"","background-repeat":"repeat","background-position":"center center","background-size":"auto","background-attachment":"scroll","background-type":"","background-media":"","overlay-type":"","overlay-color":"","overlay-gradient":""},"tablet":{"background-color":"var(--ast-global-color-5)","background-image":"","background-repeat":"repeat","background-position":"center center","background-size":"auto","background-attachment":"scroll","background-type":"","background-media":"","overlay-type":"","overlay-color":"","overlay-gradient":""},"mobile":{"background-color":"var(--ast-global-color-5)","background-image":"","background-repeat":"repeat","background-position":"center center","background-size":"auto","background-attachment":"scroll","background-type":"","background-media":"","overlay-type":"","overlay-color":"","overlay-gradient":""}},"footnotes":""},"class_list":["post-6017","page","type-page","status-publish","hentry"],"_links":{"self":[{"href":"https:\/\/www.arnaudom.fr\/wordpress\/wp-json\/wp\/v2\/pages\/6017","targetHints":{"allow":["GET"]}}],"collection":[{"href":"https:\/\/www.arnaudom.fr\/wordpress\/wp-json\/wp\/v2\/pages"}],"about":[{"href":"https:\/\/www.arnaudom.fr\/wordpress\/wp-json\/wp\/v2\/types\/page"}],"author":[{"embeddable":true,"href":"https:\/\/www.arnaudom.fr\/wordpress\/wp-json\/wp\/v2\/users\/1"}],"replies":[{"embeddable":true,"href":"https:\/\/www.arnaudom.fr\/wordpress\/wp-json\/wp\/v2\/comments?post=6017"}],"version-history":[{"count":4,"href":"https:\/\/www.arnaudom.fr\/wordpress\/wp-json\/wp\/v2\/pages\/6017\/revisions"}],"predecessor-version":[{"id":6022,"href":"https:\/\/www.arnaudom.fr\/wordpress\/wp-json\/wp\/v2\/pages\/6017\/revisions\/6022"}],"wp:attachment":[{"href":"https:\/\/www.arnaudom.fr\/wordpress\/wp-json\/wp\/v2\/media?parent=6017"}],"curies":[{"name":"wp","href":"https:\/\/api.w.org\/{rel}","templated":true}]}}