{"id":5978,"date":"2020-08-28T13:19:39","date_gmt":"2020-08-28T11:19:39","guid":{"rendered":"http:\/\/www.arnaudom.fr\/wordpress\/?page_id=5978"},"modified":"2022-01-16T14:05:24","modified_gmt":"2022-01-16T13:05:24","slug":"traitement301","status":"publish","type":"page","link":"https:\/\/www.arnaudom.fr\/wordpress\/traitement301\/","title":{"rendered":"traitement301"},"content":{"rendered":"\t\t<div data-elementor-type=\"wp-page\" data-elementor-id=\"5978\" class=\"elementor elementor-5978\">\n\t\t\t\t\t\t<div class=\"elementor-inner\">\n\t\t\t\t<div class=\"elementor-section-wrap\">\n\t\t\t\t\t\t\t\t\t<section class=\"elementor-section elementor-top-section elementor-element elementor-element-d43a2c2 elementor-section-full_width elementor-section-height-default elementor-section-height-default\" data-id=\"d43a2c2\" data-element_type=\"section\" data-settings=\"{&quot;background_background&quot;:&quot;classic&quot;}\">\n\t\t\t\t\t\t<div class=\"elementor-container elementor-column-gap-default\">\n\t\t\t\t\t\t\t<div class=\"elementor-row\">\n\t\t\t\t\t<div class=\"elementor-column elementor-col-100 elementor-top-column elementor-element elementor-element-378d9ae\" data-id=\"378d9ae\" data-element_type=\"column\" data-settings=\"{&quot;background_background&quot;:&quot;classic&quot;}\">\n\t\t\t<div class=\"elementor-column-wrap elementor-element-populated\">\n\t\t\t\t\t\t\t<div class=\"elementor-widget-wrap\">\n\t\t\t\t\t\t<div class=\"elementor-element elementor-element-571b233 elementor-widget elementor-widget-heading\" data-id=\"571b233\" data-element_type=\"widget\" data-widget_type=\"heading.default\">\n\t\t\t\t<div class=\"elementor-widget-container\">\n\t\t\t<h1 class=\"elementor-heading-title elementor-size-default\">D\u00e9convolution (1\/2)<\/h1>\t\t<\/div>\n\t\t\t\t<\/div>\n\t\t\t\t<div class=\"elementor-element elementor-element-82e1d9d elementor-widget elementor-widget-text-editor\" data-id=\"82e1d9d\" data-element_type=\"widget\" data-widget_type=\"text-editor.default\">\n\t\t\t\t<div class=\"elementor-widget-container\">\n\t\t\t\t\t\t\t\t<div class=\"elementor-text-editor elementor-clearfix\">\n\t\t\t\t<p><em>Ecrit le 20\/03\/19.<\/em><\/p>\t\t\t\t\t<\/div>\n\t\t\t\t\t\t<\/div>\n\t\t\t\t<\/div>\n\t\t\t\t<div class=\"elementor-element elementor-element-9425dff elementor-position-right elementor-vertical-align-middle elementor-widget elementor-widget-image-box\" data-id=\"9425dff\" data-element_type=\"widget\" data-widget_type=\"image-box.default\">\n\t\t\t\t<div class=\"elementor-widget-container\">\n\t\t\t<div class=\"elementor-image-box-wrapper\"><figure class=\"elementor-image-box-img\"><a href=\"http:\/\/www.arnaudom.fr\/Deconvolution.zip\"><img loading=\"lazy\" decoding=\"async\" width=\"50\" height=\"50\" src=\"https:\/\/www.arnaudom.fr\/wordpress\/wp-content\/uploads\/2018\/08\/pdf.jpg\" class=\"attachment-full size-full wp-image-978\" alt=\"\" \/><\/a><\/figure><div class=\"elementor-image-box-content\"><p class=\"elementor-image-box-description\">Pour t\u00e9l\u00e9charger cet article en version PDF cliquer ici ==><\/p><\/div><\/div>\t\t<\/div>\n\t\t\t\t<\/div>\n\t\t\t\t<div class=\"elementor-element elementor-element-fca7aba elementor-widget elementor-widget-text-editor\" data-id=\"fca7aba\" data-element_type=\"widget\" data-widget_type=\"text-editor.default\">\n\t\t\t\t<div class=\"elementor-widget-container\">\n\t\t\t\t\t\t\t\t<div class=\"elementor-text-editor elementor-clearfix\">\n\t\t\t\t<p>Quand on traite les images, il est tr\u00e8s souvent int\u00e9ressant de leur appliquer une d\u00e9convolution, car il s&rsquo;agit d&rsquo;une op\u00e9ration qui va permettre de \u00ab\u00a0r\u00e9cup\u00e9rer\u00a0\u00bb un certain nombre de d\u00e9tails dans l&rsquo;image et d&rsquo;en am\u00e9liorer la nettet\u00e9. PixInsight poss\u00e8de un process \u00ab\u00a0Deconvolution\u00a0\u00bb qui, pour \u00eatre utilis\u00e9 dans les r\u00e8gles de l&rsquo;art, n\u00e9cessite quelques \u00e9tapes de pr\u00e9paration. A noter que cette op\u00e9ration est \u00e0 appliquer uniquement sur les images lin\u00e9aires, dans lesquelles les relations entre les valeurs originales des pixels sont conserv\u00e9es, ce qui n&rsquo;est plus le cas avec les images non-lin\u00e9aires, typiquement apr\u00e8s une mont\u00e9e d&rsquo;histogramme&#8230; Elle s&rsquo;int\u00e8gre bien dans le processus de traitement juste apr\u00e8s la calibration des couleurs par exemple. Si vous le souhaitez vous pouvez t\u00e9l\u00e9charger mes process icons de traitement des images lin\u00e9aires <a href=\"http:\/\/www.arnaudom.fr\/traitementlineaireversion2.zip\">en cliquant ici<\/a>. Voici maintenant comment j&rsquo;ai proc\u00e9d\u00e9 sur mon image de la galaxie NGC 3184.<\/p><p>Pour bien fonctionner, le process n\u00e9cessite trois images particuli\u00e8res :<br \/>&#8211; un masque de luminance<br \/>&#8211; un masque d&rsquo;\u00e9toiles pour prot\u00e9ger les grosses \u00e9toiles<br \/>&#8211; une image PSF qui sert \u00e0 mod\u00e9liser la forme des \u00e9toiles de l&rsquo;image.<\/p><p>Nous allons donc commencer par cr\u00e9er ces trois images.<\/p>\t\t\t\t\t<\/div>\n\t\t\t\t\t\t<\/div>\n\t\t\t\t<\/div>\n\t\t\t\t<div class=\"elementor-element elementor-element-65be64e elementor-widget elementor-widget-heading\" data-id=\"65be64e\" data-element_type=\"widget\" data-widget_type=\"heading.default\">\n\t\t\t\t<div class=\"elementor-widget-container\">\n\t\t\t<h2 class=\"elementor-heading-title elementor-size-default\">1-Masque de luminance.<\/h2>\t\t<\/div>\n\t\t\t\t<\/div>\n\t\t\t\t<div class=\"elementor-element elementor-element-c04dd9d elementor-widget elementor-widget-text-editor\" data-id=\"c04dd9d\" data-element_type=\"widget\" data-widget_type=\"text-editor.default\">\n\t\t\t\t<div class=\"elementor-widget-container\">\n\t\t\t\t\t\t\t\t<div class=\"elementor-text-editor elementor-clearfix\">\n\t\t\t\t<p>J&rsquo;utilise donc l&rsquo;image suivante de la galaxie NGC 3184, qui est le r\u00e9sultat de la somme de 24 poses de 5 minutes qui ont \u00e9t\u00e9 pr\u00e9trait\u00e9es de mani\u00e8re classique. J&rsquo;ai fait un retrait des gradients avec le process <strong><span class=\"gras\">DBE<\/span><\/strong> puis une calibration des couleurs avec le process <strong><span class=\"gras\">PCC<\/span><\/strong> et voici l&rsquo;image qui est visualis\u00e9e \u00e0 l&rsquo;aide de la <strong><span class=\"gras\">STF<\/span><\/strong> :<\/p><div class=\"centre\"><img decoding=\"async\" class=\"aligncenter\" src=\"http:\/\/www.arnaudom.fr\/Img\/pix445.jpg\" alt=\"Pix\" \/><\/div><p>On commence donc par cr\u00e9er un masque de luminance \u00e0 partir de cette image. Je ne reviens pas sur la mani\u00e8re de le faire, je vous invite \u00e0 lire \u00e0 ce sujet l&rsquo;article suivant : <a href=\"http:\/\/www.arnaudom.fr\/wordpress\/masques\/\">les masques (2\u00e8me partie).<\/a> Voici le r\u00e9sultat obtenu :<\/p><div class=\"centre\"><img decoding=\"async\" class=\"aligncenter\" src=\"http:\/\/www.arnaudom.fr\/Img\/pix446.jpg\" alt=\"Pix\" \/><\/div><p>On peut maintenant appliquer le masque en faisant glisser son onglet sur l&rsquo;image de NGC 3184. Il va servir \u00e0 prot\u00e9ger le fond du ciel des effets de la d\u00e9convolution, car l&rsquo;application du process ne devra se faire que sur les zones brillantes (galaxies et \u00e9toiles), et pas sur le ciel o\u00f9 il risque de faire ressortir uniquement le bruit qui s&rsquo;y trouve.<\/p><div class=\"centre\"><img decoding=\"async\" class=\"aligncenter\" src=\"http:\/\/www.arnaudom.fr\/Img\/pix447.jpg\" alt=\"Pix\" \/><\/div><p>Le masque est appliqu\u00e9, on le voit \u00e0 la couleur marron de l&rsquo;onglet de l&rsquo;image (en haut \u00e0 gauche). Notre fond de ciel est bien prot\u00e9g\u00e9. Il est possible de faire un clic droit sur l&rsquo;image puis d&rsquo;aller dans le menu contextuel sur <strong><span class=\"gras\">Mask\/Show Mask<\/span><\/strong> pour cacher le masque, ce qui rend la visualisation de l&rsquo;image plus facile. Mais il est toujours en place comme l&rsquo;indique la couleur de l&rsquo;onglet.<\/p>\t\t\t\t\t<\/div>\n\t\t\t\t\t\t<\/div>\n\t\t\t\t<\/div>\n\t\t\t\t<div class=\"elementor-element elementor-element-6b05a2a elementor-widget elementor-widget-heading\" data-id=\"6b05a2a\" data-element_type=\"widget\" data-widget_type=\"heading.default\">\n\t\t\t\t<div class=\"elementor-widget-container\">\n\t\t\t<h2 class=\"elementor-heading-title elementor-size-default\">2-Masque d'\u00e9toiles.<\/h2>\t\t<\/div>\n\t\t\t\t<\/div>\n\t\t\t\t<div class=\"elementor-element elementor-element-d5f75d9 elementor-widget elementor-widget-text-editor\" data-id=\"d5f75d9\" data-element_type=\"widget\" data-widget_type=\"text-editor.default\">\n\t\t\t\t<div class=\"elementor-widget-container\">\n\t\t\t\t\t\t\t\t<div class=\"elementor-text-editor elementor-clearfix\">\n\t\t\t\t<p>Il nous faut maintenant cr\u00e9er un masque d&rsquo;\u00e9toiles, mais un masque particulier : en effet, le process de d\u00e9convolution produit des artefacts qui affectent les \u00e9toiles brillantes, et ceci se traduit sur l&rsquo;image par des anneaux qui apparaissent autour d&rsquo;elles (le fameux effet de \u00ab\u00a0ringing\u00a0\u00bb). Pour \u00e9viter cela, on va prot\u00e9ger les grosses \u00e9toiles \u00e0 l&rsquo;aide d&rsquo;un masque d&rsquo;\u00e9toiles, qui doit cependant prot\u00e9ger uniquement les \u00e9toiles les plus brillantes. C&rsquo;est pour cela que l&rsquo;on va se contenter <strong>d&rsquo;appliquer le process <span class=\"gras\">StarMask<\/span><\/strong> directement sur notre image, avec les param\u00e8tres par d\u00e9faut. Ainsi, l&rsquo;image \u00e9tant lin\u00e9aire, le masque produit ne va justement contenir que les plus grosses \u00e9toiles. Ca tombe bien, car c&rsquo;est exactement ce que l&rsquo;on veut ! On applique donc le process <strong><span class=\"gras\">StarMask<\/span><\/strong> sur notre image, et voil\u00e0 le r\u00e9sultat obtenu :<\/p><div class=\"centre\"><img decoding=\"async\" class=\"aligncenter\" src=\"http:\/\/www.arnaudom.fr\/Img\/pix448.jpg\" alt=\"Pix\" \/><\/div><p>On constate bien que seules les \u00e9toiles les plus brillantes ont \u00e9t\u00e9 prises en compte dans la cr\u00e9ation du masque. On peut d&rsquo;ailleurs l&rsquo;appliquer pour v\u00e9rifier son efficacit\u00e9 :<\/p><div class=\"centre\"><img decoding=\"async\" class=\"aligncenter\" src=\"http:\/\/www.arnaudom.fr\/Img\/pix449.jpg\" alt=\"Pix\" \/><\/div><p>Un bon moyen de v\u00e9rifier un masque d&rsquo;\u00e9toiles consiste \u00e0 l&rsquo;inverser (clic droit sur l&rsquo;image puis menu <strong><span class=\"gras\">Mask\/Invert Mask<\/span><\/strong>). On peut voir alors en agrandissant l&rsquo;image si la protection sur les \u00e9toiles est satisfaisante. Si les grosses \u00e9toiles ne semblent pas suffisamment prot\u00e9g\u00e9es ou prises en compte, on peut refaire un nouveau masque en augmentant la valeur du param\u00e8tre <span class=\"gras\">Scale<\/span> (en le montant \u00e0 7 ou 8 par exemple) pour obliger le process \u00e0 mieux d\u00e9tecter les \u00e9toiles brillantes.<\/p><div class=\"centre\"><img decoding=\"async\" class=\"aligncenter\" src=\"http:\/\/www.arnaudom.fr\/Img\/pix450.jpg\" alt=\"Pix\" \/><\/div>\t\t\t\t\t<\/div>\n\t\t\t\t\t\t<\/div>\n\t\t\t\t<\/div>\n\t\t\t\t<div class=\"elementor-element elementor-element-47720a7 elementor-align-center elementor-widget elementor-widget-button\" data-id=\"47720a7\" data-element_type=\"widget\" data-widget_type=\"button.default\">\n\t\t\t\t<div class=\"elementor-widget-container\">\n\t\t\t\t\t<div class=\"elementor-button-wrapper\">\n\t\t\t<a href=\"http:\/\/www.arnaudom.fr\/wordpress\/traitement301suite\/\" class=\"elementor-button-link elementor-button elementor-size-sm\" role=\"button\">\n\t\t\t\t\t\t<span class=\"elementor-button-content-wrapper\">\n\t\t\t\t\t\t\t<span class=\"elementor-button-icon elementor-align-icon-right\">\n\t\t\t\t<i aria-hidden=\"true\" class=\"fas fa-arrow-right\"><\/i>\t\t\t<\/span>\n\t\t\t\t\t\t<span class=\"elementor-button-text\">D\u00e9convolution suite... <\/span>\n\t\t<\/span>\n\t\t\t\t\t<\/a>\n\t\t<\/div>\n\t\t\t\t<\/div>\n\t\t\t\t<\/div>\n\t\t\t\t\t\t<\/div>\n\t\t\t\t\t<\/div>\n\t\t<\/div>\n\t\t\t\t\t\t\t\t<\/div>\n\t\t\t\t\t<\/div>\n\t\t<\/section>\n\t\t\t\t\t\t\t\t\t<\/div>\n\t\t\t<\/div>\n\t\t\t\t\t<\/div>\n\t\t","protected":false},"excerpt":{"rendered":"<p>D\u00e9convolution (1\/2) Ecrit le 20\/03\/19. Pour t\u00e9l\u00e9charger cet article en version PDF cliquer ici ==> Quand on traite les images, il est tr\u00e8s souvent int\u00e9ressant de leur appliquer une d\u00e9convolution, car il s&rsquo;agit d&rsquo;une op\u00e9ration qui va permettre de \u00ab\u00a0r\u00e9cup\u00e9rer\u00a0\u00bb un certain nombre de d\u00e9tails dans l&rsquo;image et d&rsquo;en am\u00e9liorer la nettet\u00e9. PixInsight poss\u00e8de un &hellip;<\/p>\n<p class=\"read-more\"> <a class=\"\" href=\"https:\/\/www.arnaudom.fr\/wordpress\/traitement301\/\"> <span class=\"screen-reader-text\">traitement301<\/span> Lire la suite\u00a0\u00bb<\/a><\/p>\n","protected":false},"author":1,"featured_media":0,"parent":0,"menu_order":0,"comment_status":"closed","ping_status":"closed","template":"","meta":{"site-sidebar-layout":"default","site-content-layout":"default","ast-site-content-layout":"","site-content-style":"default","site-sidebar-style":"default","ast-global-header-display":"","ast-banner-title-visibility":"","ast-main-header-display":"","ast-hfb-above-header-display":"","ast-hfb-below-header-display":"","ast-hfb-mobile-header-display":"","site-post-title":"disabled","ast-breadcrumbs-content":"","ast-featured-img":"","footer-sml-layout":"","theme-transparent-header-meta":"default","adv-header-id-meta":"","stick-header-meta":"","header-above-stick-meta":"","header-main-stick-meta":"","header-below-stick-meta":"","astra-migrate-meta-layouts":"","ast-page-background-enabled":"default","ast-page-background-meta":{"desktop":{"background-color":"","background-image":"","background-repeat":"repeat","background-position":"center center","background-size":"auto","background-attachment":"scroll","background-type":"","background-media":"","overlay-type":"","overlay-color":"","overlay-gradient":""},"tablet":{"background-color":"","background-image":"","background-repeat":"repeat","background-position":"center center","background-size":"auto","background-attachment":"scroll","background-type":"","background-media":"","overlay-type":"","overlay-color":"","overlay-gradient":""},"mobile":{"background-color":"","background-image":"","background-repeat":"repeat","background-position":"center center","background-size":"auto","background-attachment":"scroll","background-type":"","background-media":"","overlay-type":"","overlay-color":"","overlay-gradient":""}},"ast-content-background-meta":{"desktop":{"background-color":"var(--ast-global-color-5)","background-image":"","background-repeat":"repeat","background-position":"center center","background-size":"auto","background-attachment":"scroll","background-type":"","background-media":"","overlay-type":"","overlay-color":"","overlay-gradient":""},"tablet":{"background-color":"var(--ast-global-color-5)","background-image":"","background-repeat":"repeat","background-position":"center center","background-size":"auto","background-attachment":"scroll","background-type":"","background-media":"","overlay-type":"","overlay-color":"","overlay-gradient":""},"mobile":{"background-color":"var(--ast-global-color-5)","background-image":"","background-repeat":"repeat","background-position":"center center","background-size":"auto","background-attachment":"scroll","background-type":"","background-media":"","overlay-type":"","overlay-color":"","overlay-gradient":""}},"footnotes":""},"class_list":["post-5978","page","type-page","status-publish","hentry"],"_links":{"self":[{"href":"https:\/\/www.arnaudom.fr\/wordpress\/wp-json\/wp\/v2\/pages\/5978","targetHints":{"allow":["GET"]}}],"collection":[{"href":"https:\/\/www.arnaudom.fr\/wordpress\/wp-json\/wp\/v2\/pages"}],"about":[{"href":"https:\/\/www.arnaudom.fr\/wordpress\/wp-json\/wp\/v2\/types\/page"}],"author":[{"embeddable":true,"href":"https:\/\/www.arnaudom.fr\/wordpress\/wp-json\/wp\/v2\/users\/1"}],"replies":[{"embeddable":true,"href":"https:\/\/www.arnaudom.fr\/wordpress\/wp-json\/wp\/v2\/comments?post=5978"}],"version-history":[{"count":9,"href":"https:\/\/www.arnaudom.fr\/wordpress\/wp-json\/wp\/v2\/pages\/5978\/revisions"}],"predecessor-version":[{"id":7904,"href":"https:\/\/www.arnaudom.fr\/wordpress\/wp-json\/wp\/v2\/pages\/5978\/revisions\/7904"}],"wp:attachment":[{"href":"https:\/\/www.arnaudom.fr\/wordpress\/wp-json\/wp\/v2\/media?parent=5978"}],"curies":[{"name":"wp","href":"https:\/\/api.w.org\/{rel}","templated":true}]}}