{"id":5961,"date":"2020-08-28T09:31:50","date_gmt":"2020-08-28T07:31:50","guid":{"rendered":"http:\/\/www.arnaudom.fr\/wordpress\/?page_id=5961"},"modified":"2020-08-28T09:41:00","modified_gmt":"2020-08-28T07:41:00","slug":"traitement201suite","status":"publish","type":"page","link":"https:\/\/www.arnaudom.fr\/wordpress\/traitement201suite\/","title":{"rendered":"traitement201suite"},"content":{"rendered":"\t\t<div data-elementor-type=\"wp-page\" data-elementor-id=\"5961\" class=\"elementor elementor-5961\">\n\t\t\t\t\t\t<div class=\"elementor-inner\">\n\t\t\t\t<div class=\"elementor-section-wrap\">\n\t\t\t\t\t\t\t\t\t<section class=\"elementor-section elementor-top-section elementor-element elementor-element-240b162 elementor-section-boxed elementor-section-height-default elementor-section-height-default\" data-id=\"240b162\" data-element_type=\"section\">\n\t\t\t\t\t\t<div class=\"elementor-container elementor-column-gap-default\">\n\t\t\t\t\t\t\t<div class=\"elementor-row\">\n\t\t\t\t\t<div class=\"elementor-column elementor-col-100 elementor-top-column elementor-element elementor-element-d9d2f8e\" data-id=\"d9d2f8e\" data-element_type=\"column\" data-settings=\"{&quot;background_background&quot;:&quot;classic&quot;}\">\n\t\t\t<div class=\"elementor-column-wrap elementor-element-populated\">\n\t\t\t\t\t\t\t<div class=\"elementor-widget-wrap\">\n\t\t\t\t\t\t<div class=\"elementor-element elementor-element-513cd6f elementor-widget elementor-widget-heading\" data-id=\"513cd6f\" data-element_type=\"widget\" data-widget_type=\"heading.default\">\n\t\t\t\t<div class=\"elementor-widget-container\">\n\t\t\t<h1 class=\"elementor-heading-title elementor-size-default\">Calibration des couleurs avec PhotometricColorCalibration (2\/2)<\/h1>\t\t<\/div>\n\t\t\t\t<\/div>\n\t\t\t\t<div class=\"elementor-element elementor-element-079add2 elementor-widget elementor-widget-text-editor\" data-id=\"079add2\" data-element_type=\"widget\" data-widget_type=\"text-editor.default\">\n\t\t\t\t<div class=\"elementor-widget-container\">\n\t\t\t\t\t\t\t\t<div class=\"elementor-text-editor elementor-clearfix\">\n\t\t\t\t<p><em>Ecrit le 27\/12\/18.<\/em><\/p>\t\t\t\t\t<\/div>\n\t\t\t\t\t\t<\/div>\n\t\t\t\t<\/div>\n\t\t\t\t<div class=\"elementor-element elementor-element-00d851b elementor-widget elementor-widget-heading\" data-id=\"00d851b\" data-element_type=\"widget\" data-widget_type=\"heading.default\">\n\t\t\t\t<div class=\"elementor-widget-container\">\n\t\t\t<h2 class=\"elementor-heading-title elementor-size-default\">3-Saturation des \u00e9toiles.<\/h2>\t\t<\/div>\n\t\t\t\t<\/div>\n\t\t\t\t<div class=\"elementor-element elementor-element-39cfeff elementor-widget elementor-widget-text-editor\" data-id=\"39cfeff\" data-element_type=\"widget\" data-widget_type=\"text-editor.default\">\n\t\t\t\t<div class=\"elementor-widget-container\">\n\t\t\t\t\t\t\t\t<div class=\"elementor-text-editor elementor-clearfix\">\n\t\t\t\t<p>A la lecture du tutoriel sur le site de Pixinsight (<a href=\"http:\/\/pixinsight.com\/tutorials\/PCC\/\">\u00e0 lire ici<\/a>), il semble important d&rsquo;\u00e9viter de prendre en compte des \u00e9toiles satur\u00e9es dans l&rsquo;application du process <strong><span class=\"gras\">PCC<\/span><\/strong>. On va donc se promener dans l&rsquo;image avec la souris sur les \u00e9toiles satur\u00e9es, afin de lire les valeurs <strong><span class=\"gras\">RGB<\/span><\/strong> du centre de ces \u00e9toiles. Il faut avoir activ\u00e9 le mode <span class=\"gras\">\u00ab\u00a0<strong>Readout Mode<\/strong>\u00ab\u00a0<\/span> en cliquant sur l&rsquo;ic\u00f4ne suivante :<span class=\"milieu4\"><img decoding=\"async\" src=\"http:\/\/www.arnaudom.fr\/Img\/pix435.jpg\" alt=\"Pix\" \/><\/span> dans la barre des t\u00e2ches.<\/p><p>Ensuite on prom\u00e8ne la souris en laissant le <strong><span class=\"gras\">bouton gauche enfonc\u00e9<\/span><\/strong>, et une fen\u00eatre nous affiche les valeurs R, G et B de la zone point\u00e9e. J&rsquo;ai pris une \u00e9toile brillante sur mon image et affich\u00e9e les valeurs correspondantes :<\/p><div class=\"centre\"><img decoding=\"async\" class=\"aligncenter\" src=\"http:\/\/www.arnaudom.fr\/Img\/pix436.jpg\" alt=\"Pix\" \/><\/div><p>On lit les valeurs <strong><span class=\"gras\">R = 0.8395 G = 0.8158 et B = 0.8325<\/span><\/strong>. On va donc choisir une valeur juste en-dessous de la plus basse, par exemple <strong><span class=\"gras\">0.81<\/span><\/strong>, et entrer cette valeur dans la zone <strong><span class=\"gras\">Photometry Parameters<\/span><\/strong>, dans la valeur <strong><span class=\"gras\">Saturation threshold<\/span> <\/strong>:<\/p><div class=\"centre\"><img decoding=\"async\" class=\"aligncenter\" src=\"http:\/\/www.arnaudom.fr\/Img\/pix437.jpg\" alt=\"Pix\" \/><\/div>\t\t\t\t\t<\/div>\n\t\t\t\t\t\t<\/div>\n\t\t\t\t<\/div>\n\t\t\t\t<div class=\"elementor-element elementor-element-1f49c44 elementor-widget elementor-widget-heading\" data-id=\"1f49c44\" data-element_type=\"widget\" data-widget_type=\"heading.default\">\n\t\t\t\t<div class=\"elementor-widget-container\">\n\t\t\t<h2 class=\"elementor-heading-title elementor-size-default\">4-Neutralisation du fond du ciel.<\/h2>\t\t<\/div>\n\t\t\t\t<\/div>\n\t\t\t\t<div class=\"elementor-element elementor-element-1ee0abb elementor-widget elementor-widget-text-editor\" data-id=\"1ee0abb\" data-element_type=\"widget\" data-widget_type=\"text-editor.default\">\n\t\t\t\t<div class=\"elementor-widget-container\">\n\t\t\t\t\t\t\t\t<div class=\"elementor-text-editor elementor-clearfix\">\n\t\t\t\t<p>Le process <strong><span class=\"gras\">PCC<\/span><\/strong> permet une neutralisation du fond du ciel en m\u00eame temps qu&rsquo;une calibration des couleurs, ce que faisait auparavant le process <strong><span class=\"gras\">BackgroundNeutralization<\/span><\/strong>. Pour cela on peut, comme on le faisait avec ce dernier, commencer par faire un preview sur une zone du ciel ne contenant pas d&rsquo;\u00e9toiles. Dans le cas de NGC 7380 il y a beaucoup d&rsquo;\u00e9toiles pr\u00e9sentes, j&rsquo;ai donc fait un petit preview en bas \u00e0 droite de l&rsquo;image pour trouver une zone relativement vide, qui va me servir de r\u00e9f\u00e9rence pour le fond de ciel.<\/p><div class=\"centre\"><img decoding=\"async\" class=\"aligncenter\" src=\"http:\/\/www.arnaudom.fr\/Img\/pix438.jpg\" alt=\"Pix\" \/><\/div><p>On va ensuite dans la zone <span class=\"gras\">B<strong>ackground Neutralization<\/strong><\/span> pour cocher la case <strong><span class=\"gras\">Region of Interest<\/span><\/strong>, puis on clique sur <strong><span class=\"gras\">From Preview<\/span><\/strong>.<\/p><div class=\"centre\"><img decoding=\"async\" class=\"aligncenter\" src=\"http:\/\/www.arnaudom.fr\/Img\/pix439.jpg\" alt=\"Pix\" \/><\/div><p>Enfin, on s\u00e9lectionne le preview en question et on clique sur <strong><span class=\"gras\">OK<\/span> <\/strong>: notre zone de fond de ciel est s\u00e9lectionn\u00e9e.<\/p><div class=\"centre\"><img decoding=\"async\" class=\"aligncenter\" src=\"http:\/\/www.arnaudom.fr\/Img\/pix440.jpg\" alt=\"Pix\" \/><\/div><p>Il ne reste plus qu&rsquo;\u00e0 appliquer le process sur l&rsquo;image. Le logiciel va mouliner un certain temps, il se connecte au catalogue APASS pour faire ses calculs. Voici le r\u00e9sultat :<\/p><div class=\"centre\"><img decoding=\"async\" class=\"aligncenter\" src=\"http:\/\/www.arnaudom.fr\/Img\/pix441.jpg\" alt=\"Pix\" \/><\/div><p>On peut comparer les deux images.<\/p><p class=\"centre\" style=\"text-align: center;\"><strong><span class=\"gras\">Avant :<\/span><\/strong><\/p><div class=\"centre\"><img decoding=\"async\" class=\"aligncenter\" src=\"http:\/\/www.arnaudom.fr\/Img\/pix429.jpg\" alt=\"Pix\" \/><\/div><p class=\"centre\" style=\"text-align: center;\"><strong><span class=\"gras\">Apr\u00e8s :<\/span><\/strong><\/p><div class=\"centre\"><img decoding=\"async\" class=\"aligncenter\" src=\"http:\/\/www.arnaudom.fr\/Img\/pix444.jpg\" alt=\"Pix\" \/><\/div><p>A la fin on obtient \u00e9galement un graphique qui fournit des informations sur l&rsquo;issue du processus.<\/p><div class=\"centre\"><img decoding=\"async\" class=\"aligncenter\" src=\"http:\/\/www.arnaudom.fr\/Img\/pix442.jpg\" alt=\"Pix\" \/><\/div><p>De ce que je pense en avoir compris, les points verts repr\u00e9sentent la mesure des index des \u00e9toiles utilis\u00e9es par le process, et plus ils sont proches des droites trac\u00e9es et plus la calibration des couleurs est fid\u00e8le aux r\u00e9f\u00e9rences du catalogue. Dans le cas de mon image le r\u00e9sultat semble excellent.<\/p><p>Pour information, le process utilise une r\u00e9f\u00e9rence de blanc intitul\u00e9 <strong><span class=\"gras\">Average Spiral Galaxy<\/span><\/strong>, param\u00e8tre par d\u00e9faut que l&rsquo;on trouve dans <strong><span class=\"gras\">White Reference<\/span><\/strong> en haut de la fen\u00eatre du process et qui est le param\u00e8tre recommand\u00e9. On peut toutefois ouvrir le menu d\u00e9roulant et choisir d&rsquo;autres r\u00e9f\u00e9rences (<strong><span class=\"gras\">Elliptical galaxy, G2V Stars<\/span>&#8230;<\/strong>) pour tester le r\u00e9sultat obtenu. Dans certains cas \u00e7a ne change rien, dans d&rsquo;autres les couleurs peuvent \u00eatre assez diff\u00e9rentes. A essayer !<\/p><div class=\"centre\"><img decoding=\"async\" class=\"aligncenter\" src=\"http:\/\/www.arnaudom.fr\/Img\/pix443.jpg\" alt=\"Pix\" \/><\/div><p>Voil\u00e0 donc pour l&rsquo;utilisation de <strong><span class=\"gras\">PCC<\/span><\/strong>, qui permet une calibration des couleurs en utilisant un seul process et qui en th\u00e9orie permet d&rsquo;obtenir des couleurs calibr\u00e9es plus proche des \u00ab\u00a0couleurs r\u00e9elles\u00a0\u00bb (notion dont on pourrait beaucoup discuter&#8230;) des objets !<\/p>\t\t\t\t\t<\/div>\n\t\t\t\t\t\t<\/div>\n\t\t\t\t<\/div>\n\t\t\t\t<div class=\"elementor-element elementor-element-e48bf0b elementor-align-center elementor-widget elementor-widget-button\" data-id=\"e48bf0b\" data-element_type=\"widget\" data-widget_type=\"button.default\">\n\t\t\t\t<div class=\"elementor-widget-container\">\n\t\t\t\t\t<div class=\"elementor-button-wrapper\">\n\t\t\t<a href=\"http:\/\/www.arnaudom.fr\/wordpress\/traitement201\" class=\"elementor-button-link elementor-button elementor-size-sm\" role=\"button\">\n\t\t\t\t\t\t<span class=\"elementor-button-content-wrapper\">\n\t\t\t\t\t\t\t<span class=\"elementor-button-icon elementor-align-icon-left\">\n\t\t\t\t<i aria-hidden=\"true\" class=\"fas fa-arrow-left\"><\/i>\t\t\t<\/span>\n\t\t\t\t\t\t<span class=\"elementor-button-text\">Pr\u00e9traitement page pr\u00e9c\u00e9dente<\/span>\n\t\t<\/span>\n\t\t\t\t\t<\/a>\n\t\t<\/div>\n\t\t\t\t<\/div>\n\t\t\t\t<\/div>\n\t\t\t\t\t\t<\/div>\n\t\t\t\t\t<\/div>\n\t\t<\/div>\n\t\t\t\t\t\t\t\t<\/div>\n\t\t\t\t\t<\/div>\n\t\t<\/section>\n\t\t\t\t\t\t\t\t\t<\/div>\n\t\t\t<\/div>\n\t\t\t\t\t<\/div>\n\t\t","protected":false},"excerpt":{"rendered":"<p>Calibration des couleurs avec PhotometricColorCalibration (2\/2) Ecrit le 27\/12\/18. 3-Saturation des \u00e9toiles. A la lecture du tutoriel sur le site de Pixinsight (\u00e0 lire ici), il semble important d&rsquo;\u00e9viter de prendre en compte des \u00e9toiles satur\u00e9es dans l&rsquo;application du process PCC. On va donc se promener dans l&rsquo;image avec la souris sur les \u00e9toiles satur\u00e9es, &hellip;<\/p>\n<p class=\"read-more\"> <a class=\"\" href=\"https:\/\/www.arnaudom.fr\/wordpress\/traitement201suite\/\"> <span class=\"screen-reader-text\">traitement201suite<\/span> Lire la suite\u00a0\u00bb<\/a><\/p>\n","protected":false},"author":1,"featured_media":0,"parent":0,"menu_order":0,"comment_status":"closed","ping_status":"closed","template":"","meta":{"site-sidebar-layout":"default","site-content-layout":"default","ast-site-content-layout":"","site-content-style":"default","site-sidebar-style":"default","ast-global-header-display":"","ast-banner-title-visibility":"","ast-main-header-display":"","ast-hfb-above-header-display":"","ast-hfb-below-header-display":"","ast-hfb-mobile-header-display":"","site-post-title":"disabled","ast-breadcrumbs-content":"","ast-featured-img":"","footer-sml-layout":"","theme-transparent-header-meta":"default","adv-header-id-meta":"","stick-header-meta":"","header-above-stick-meta":"","header-main-stick-meta":"","header-below-stick-meta":"","astra-migrate-meta-layouts":"","ast-page-background-enabled":"default","ast-page-background-meta":{"desktop":{"background-color":"","background-image":"","background-repeat":"repeat","background-position":"center center","background-size":"auto","background-attachment":"scroll","background-type":"","background-media":"","overlay-type":"","overlay-color":"","overlay-gradient":""},"tablet":{"background-color":"","background-image":"","background-repeat":"repeat","background-position":"center center","background-size":"auto","background-attachment":"scroll","background-type":"","background-media":"","overlay-type":"","overlay-color":"","overlay-gradient":""},"mobile":{"background-color":"","background-image":"","background-repeat":"repeat","background-position":"center center","background-size":"auto","background-attachment":"scroll","background-type":"","background-media":"","overlay-type":"","overlay-color":"","overlay-gradient":""}},"ast-content-background-meta":{"desktop":{"background-color":"var(--ast-global-color-5)","background-image":"","background-repeat":"repeat","background-position":"center center","background-size":"auto","background-attachment":"scroll","background-type":"","background-media":"","overlay-type":"","overlay-color":"","overlay-gradient":""},"tablet":{"background-color":"var(--ast-global-color-5)","background-image":"","background-repeat":"repeat","background-position":"center center","background-size":"auto","background-attachment":"scroll","background-type":"","background-media":"","overlay-type":"","overlay-color":"","overlay-gradient":""},"mobile":{"background-color":"var(--ast-global-color-5)","background-image":"","background-repeat":"repeat","background-position":"center center","background-size":"auto","background-attachment":"scroll","background-type":"","background-media":"","overlay-type":"","overlay-color":"","overlay-gradient":""}},"footnotes":""},"class_list":["post-5961","page","type-page","status-publish","hentry"],"_links":{"self":[{"href":"https:\/\/www.arnaudom.fr\/wordpress\/wp-json\/wp\/v2\/pages\/5961","targetHints":{"allow":["GET"]}}],"collection":[{"href":"https:\/\/www.arnaudom.fr\/wordpress\/wp-json\/wp\/v2\/pages"}],"about":[{"href":"https:\/\/www.arnaudom.fr\/wordpress\/wp-json\/wp\/v2\/types\/page"}],"author":[{"embeddable":true,"href":"https:\/\/www.arnaudom.fr\/wordpress\/wp-json\/wp\/v2\/users\/1"}],"replies":[{"embeddable":true,"href":"https:\/\/www.arnaudom.fr\/wordpress\/wp-json\/wp\/v2\/comments?post=5961"}],"version-history":[{"count":7,"href":"https:\/\/www.arnaudom.fr\/wordpress\/wp-json\/wp\/v2\/pages\/5961\/revisions"}],"predecessor-version":[{"id":5969,"href":"https:\/\/www.arnaudom.fr\/wordpress\/wp-json\/wp\/v2\/pages\/5961\/revisions\/5969"}],"wp:attachment":[{"href":"https:\/\/www.arnaudom.fr\/wordpress\/wp-json\/wp\/v2\/media?parent=5961"}],"curies":[{"name":"wp","href":"https:\/\/api.w.org\/{rel}","templated":true}]}}