{"id":5952,"date":"2020-08-28T09:02:35","date_gmt":"2020-08-28T07:02:35","guid":{"rendered":"http:\/\/www.arnaudom.fr\/wordpress\/?page_id=5952"},"modified":"2021-02-18T08:40:23","modified_gmt":"2021-02-18T07:40:23","slug":"traitement201","status":"publish","type":"page","link":"https:\/\/www.arnaudom.fr\/wordpress\/traitement201\/","title":{"rendered":"traitement201"},"content":{"rendered":"\t\t<div data-elementor-type=\"wp-page\" data-elementor-id=\"5952\" class=\"elementor elementor-5952\">\n\t\t\t\t\t\t<div class=\"elementor-inner\">\n\t\t\t\t<div class=\"elementor-section-wrap\">\n\t\t\t\t\t\t\t\t\t<section class=\"elementor-section elementor-top-section elementor-element elementor-element-a1be251 elementor-section-full_width elementor-section-height-default elementor-section-height-default\" data-id=\"a1be251\" data-element_type=\"section\" data-settings=\"{&quot;background_background&quot;:&quot;classic&quot;}\">\n\t\t\t\t\t\t<div class=\"elementor-container elementor-column-gap-default\">\n\t\t\t\t\t\t\t<div class=\"elementor-row\">\n\t\t\t\t\t<div class=\"elementor-column elementor-col-100 elementor-top-column elementor-element elementor-element-ec6de76\" data-id=\"ec6de76\" data-element_type=\"column\" data-settings=\"{&quot;background_background&quot;:&quot;classic&quot;}\">\n\t\t\t<div class=\"elementor-column-wrap elementor-element-populated\">\n\t\t\t\t\t\t\t<div class=\"elementor-widget-wrap\">\n\t\t\t\t\t\t<div class=\"elementor-element elementor-element-d5388c5 elementor-widget elementor-widget-heading\" data-id=\"d5388c5\" data-element_type=\"widget\" data-widget_type=\"heading.default\">\n\t\t\t\t<div class=\"elementor-widget-container\">\n\t\t\t<h1 class=\"elementor-heading-title elementor-size-default\">Calibration des couleurs avec PhotometricColorCalibration (1\/2)<\/h1>\t\t<\/div>\n\t\t\t\t<\/div>\n\t\t\t\t<div class=\"elementor-element elementor-element-1dcd60d elementor-widget elementor-widget-text-editor\" data-id=\"1dcd60d\" data-element_type=\"widget\" data-widget_type=\"text-editor.default\">\n\t\t\t\t<div class=\"elementor-widget-container\">\n\t\t\t\t\t\t\t\t<div class=\"elementor-text-editor elementor-clearfix\">\n\t\t\t\t<p><em>Ecrit le 27\/12\/18.<\/em><\/p>\t\t\t\t\t<\/div>\n\t\t\t\t\t\t<\/div>\n\t\t\t\t<\/div>\n\t\t\t\t<div class=\"elementor-element elementor-element-773ddf1 elementor-position-right elementor-vertical-align-middle elementor-widget elementor-widget-image-box\" data-id=\"773ddf1\" data-element_type=\"widget\" data-widget_type=\"image-box.default\">\n\t\t\t\t<div class=\"elementor-widget-container\">\n\t\t\t<div class=\"elementor-image-box-wrapper\"><figure class=\"elementor-image-box-img\"><a href=\"http:\/\/www.arnaudom.fr\/PCC.zip\"><img loading=\"lazy\" decoding=\"async\" width=\"50\" height=\"50\" src=\"https:\/\/www.arnaudom.fr\/wordpress\/wp-content\/uploads\/2018\/08\/pdf.jpg\" class=\"attachment-full size-full wp-image-978\" alt=\"\" \/><\/a><\/figure><div class=\"elementor-image-box-content\"><p class=\"elementor-image-box-description\">Pour t\u00e9l\u00e9charger cet article en version PDF cliquer ici ==><\/p><\/div><\/div>\t\t<\/div>\n\t\t\t\t<\/div>\n\t\t\t\t<div class=\"elementor-element elementor-element-cae36eb elementor-widget elementor-widget-text-editor\" data-id=\"cae36eb\" data-element_type=\"widget\" data-widget_type=\"text-editor.default\">\n\t\t\t\t<div class=\"elementor-widget-container\">\n\t\t\t\t\t\t\t\t<div class=\"elementor-text-editor elementor-clearfix\">\n\t\t\t\t<p>Dans les versions pr\u00e9c\u00e9dentes de Pixinsight, la calibration des couleurs se faisait par l&rsquo;utilisation successive des process <strong><span class=\"gras\">BackgroundNeutralization<\/span><\/strong> et <strong><span class=\"gras\">ColorCalibration<\/span><\/strong> (voir \u00e0 ce sujet la page <a href=\"http:\/\/www.arnaudom.fr\/wordpress\/calibration\/\">Calibrer les couleurs<\/a>). Un nouveau process nomm\u00e9 <strong><span class=\"gras\">PhotometricColorCalibration<\/span><\/strong> (ou <strong><span class=\"gras\">PCC<\/span><\/strong> pour les intimes<span class=\"milieu2\"> <img decoding=\"async\" src=\"http:\/\/arnaudom.fr\/Img\/smrire.gif\" alt=\"clin d'oeil\" \/><\/span>) a d\u00e9sormais vu le jour et peut \u00eatre utilis\u00e9 \u00e0 cette fin. La m\u00e9thode pr\u00e9c\u00e9dente impliquait de s\u00e9lectionner une r\u00e9f\u00e9rence de blanc dans l&rsquo;image (ce qui suppose qu&rsquo;une telle r\u00e9f\u00e9rence soit effectivement pr\u00e9sente) pour le r\u00e9glage des couleurs, tandis que <strong><span class=\"gras\">PCC<\/span><\/strong> va utiliser les \u00e9toiles pr\u00e9sentes dans l&rsquo;image. Il va d\u00e9terminer leurs index de couleur et les comparer avec leurs index r\u00e9pertori\u00e9s dans un catalogue de r\u00e9f\u00e9rence, le catalogue APASS. Il n&rsquo;est donc pas n\u00e9cessaire que l&rsquo;image contienne une r\u00e9f\u00e9rence de blanc. On trouvera sur le site de Pixinsight un tutoriel tr\u00e8s complet (mais en anglais bien s\u00fbr) de cet outil dont je me suis largement inspir\u00e9 pour \u00e9crire cette page : <a href=\"http:\/\/pixinsight.com\/tutorials\/PCC\/\"> \u00e0 lire ici<\/a>.<\/p>\t\t\t\t\t<\/div>\n\t\t\t\t\t\t<\/div>\n\t\t\t\t<\/div>\n\t\t\t\t<div class=\"elementor-element elementor-element-e29fa30 elementor-widget elementor-widget-heading\" data-id=\"e29fa30\" data-element_type=\"widget\" data-widget_type=\"heading.default\">\n\t\t\t\t<div class=\"elementor-widget-container\">\n\t\t\t<h2 class=\"elementor-heading-title elementor-size-default\">1-Lancement de PhotometricColorCalibration.<\/h2>\t\t<\/div>\n\t\t\t\t<\/div>\n\t\t\t\t<div class=\"elementor-element elementor-element-b0f490d elementor-widget elementor-widget-text-editor\" data-id=\"b0f490d\" data-element_type=\"widget\" data-widget_type=\"text-editor.default\">\n\t\t\t\t<div class=\"elementor-widget-container\">\n\t\t\t\t\t\t\t\t<div class=\"elementor-text-editor elementor-clearfix\">\n\t\t\t\t<p>Le process <strong><span class=\"gras\">PhotometricColorCalibration<\/span><\/strong> peut \u00eatre lanc\u00e9 directement \u00e0 partir de l&rsquo;onglet <strong><span class=\"gras\">Format Explorer<\/span><\/strong> ou, mieux, d\u00e9pos\u00e9 sur le bureau du logiciel pour une utilisation dans les process icons.<\/p><div class=\"centre\"><img decoding=\"async\" class=\"aligncenter\" src=\"http:\/\/www.arnaudom.fr\/Img\/pix427.jpg\" alt=\"Pix\" \/><\/div><p>Je l&rsquo;ai int\u00e9gr\u00e9 dans mes process icons que j&rsquo;utilise pour le traitement des images lin\u00e9aires, si vous le souhaitez vous pouvez les t\u00e9l\u00e9charger <a href=\"http:\/\/www.arnaudom.fr\/traitementlineaireversion2.zip\">en cliquant ici<\/a>.<\/p><div class=\"centre\"><img decoding=\"async\" class=\"aligncenter\" src=\"http:\/\/www.arnaudom.fr\/Img\/pix428.jpg\" alt=\"Pix\" \/><\/div><p>J&rsquo;ai conserv\u00e9 les process <strong><span class=\"gras\">BackgroundNeutralization<\/span><\/strong> (\u00ab\u00a0neutralisation du fond de ciel\u00a0\u00bb) et <strong><span class=\"gras\">ColorCalibration<\/span> <\/strong>(\u00ab\u00a0calibration des couleurs\u00a0\u00bb) mais le process <strong><span class=\"gras\">PhotometricColorCalibration<\/span> <\/strong>(\u00ab\u00a0calibration photom\u00e9trique\u00a0\u00bb) va remplacer leur utilisation dans le processus de traitement. Il peut \u00eatre int\u00e9ressant de tester les deux m\u00e9thodes sur les images pour pouvoir comparer les r\u00e9sultats obtenus.<\/p><p>Pour fonctionner <strong><span class=\"gras\">PCC<\/span><\/strong> n\u00e9cessite l&rsquo;utilisation d&rsquo;une connexion internet. Il s&rsquo;applique sur une image <strong><span class=\"gras\">lin\u00e9aire<\/span><\/strong> et, comme on peut le voir dans la liste des process icons, sur une image de laquelle on aura tout d&rsquo;abord supprim\u00e9 les \u00e9ventuels gradients \u00e0 l&rsquo;aide des process <strong><span class=\"gras\">ABE<\/span><\/strong> et\/ou <strong><span class=\"gras\">DBE<\/span><\/strong> de Pixinsight. Dans mon exemple, je vais utiliser une image de NGC 7380, la n\u00e9buleuse du sorcier, que j&rsquo;avais faite l&rsquo;ann\u00e9e derni\u00e8re.<\/p><div class=\"centre\"><img decoding=\"async\" class=\"aligncenter\" src=\"http:\/\/www.arnaudom.fr\/Img\/pix429.jpg\" alt=\"Pix\" \/><\/div><p>On ouvre l&rsquo;image, qui est donc une image lin\u00e9aire (visualis\u00e9e \u00e0 l&rsquo;aide de la <strong><span class=\"gras\">STF<\/span><\/strong>), issue du stacking des poses brutes de l&rsquo;objet qui ont \u00e9t\u00e9 pr\u00e9trait\u00e9es de mani\u00e8re classique, et sur laquelle on a supprim\u00e9 les gradients. On lance le process <strong><span class=\"gras\">PCC<\/span><\/strong>.<\/p><div class=\"centre\"><img decoding=\"async\" class=\"aligncenter\" src=\"http:\/\/www.arnaudom.fr\/Img\/pix430.jpg\" alt=\"Pix\" \/><\/div>\t\t\t\t\t<\/div>\n\t\t\t\t\t\t<\/div>\n\t\t\t\t<\/div>\n\t\t\t\t<div class=\"elementor-element elementor-element-343a3db elementor-widget elementor-widget-heading\" data-id=\"343a3db\" data-element_type=\"widget\" data-widget_type=\"heading.default\">\n\t\t\t\t<div class=\"elementor-widget-container\">\n\t\t\t<h2 class=\"elementor-heading-title elementor-size-default\">2-Coordonn\u00e9es de l'image.<\/h2>\t\t<\/div>\n\t\t\t\t<\/div>\n\t\t\t\t<div class=\"elementor-element elementor-element-9051845 elementor-widget elementor-widget-text-editor\" data-id=\"9051845\" data-element_type=\"widget\" data-widget_type=\"text-editor.default\">\n\t\t\t\t<div class=\"elementor-widget-container\">\n\t\t\t\t\t\t\t\t<div class=\"elementor-text-editor elementor-clearfix\">\n\t\t\t\t<p>La premi\u00e8re chose \u00e0 faire est de d\u00e9terminer les coordonn\u00e9es \u00e9quatoriales de l&rsquo;objet. Pour cela, on va aller dans la zone<strong> <span class=\"gras\">Images Parameters<\/span><\/strong>, puis on va cliquer sur le bouton <strong><span class=\"gras\">Search Coordinates<\/span>.<\/strong><\/p><div class=\"centre\"><img decoding=\"async\" class=\"aligncenter\" src=\"http:\/\/www.arnaudom.fr\/Img\/pix431.jpg\" alt=\"Pix\" \/><\/div><p>C&rsquo;est ici que le process va utiliser internet pour aller se connecter sur la base de donn\u00e9es de Strasbourg afin de d\u00e9terminer les coordonn\u00e9es qui nous int\u00e9ressent.<\/p><div class=\"centre\"><img decoding=\"async\" class=\"aligncenter\" src=\"http:\/\/www.arnaudom.fr\/Img\/pix432.jpg\" alt=\"Pix\" \/><\/div><p>Si la connexion fonctionne, une fen\u00eatre appara\u00eet dans laquelle on va pouvoir entrer le nom de notre objet (ici <strong><span class=\"gras\">NGC 7380<\/span><\/strong>) puis, en cliquant sur<strong> <span class=\"gras\">Search<\/span><\/strong>, une requ\u00eate est lanc\u00e9e dans la base de donn\u00e9es pour y retrouver notre n\u00e9buleuse. Une fois l&rsquo;objet trouv\u00e9, on clique en bas sur le bouton <strong><span class=\"gras\">Get<\/span><\/strong> pour retourner dans notre process et cette fois on va retrouver l&rsquo;ascension droite et la d\u00e9clinaison de notre objet dans les cases correspondantes (<strong><span class=\"gras\">Right ascension<\/span><\/strong> et <strong><span class=\"gras\">Declination<\/span><\/strong>).<\/p><div class=\"centre\"><img decoding=\"async\" class=\"aligncenter\" src=\"http:\/\/www.arnaudom.fr\/Img\/pix433.jpg\" alt=\"Pix\" \/><\/div><p>En dessous dans les cases <strong><span class=\"gras\">Focal length<\/span><\/strong> et <strong><span class=\"gras\">Pixel size<\/span><\/strong> on va entrer la focale de l&rsquo;instrument utilis\u00e9 (en l&rsquo;occurence pour moi <strong><span class=\"gras\">800<\/span><\/strong> pour la focale correspondant \u00e0 mon Newton 200\/800) et la taille des pixels de l&rsquo;appareil de prise de vue (ici <strong><span class=\"gras\">5,2<\/span> <\/strong>microm\u00e8tres qui correspondent \u00e0 la taille des pixels du Canon 450D). Les valeurs n&rsquo;ont pas besoin d&rsquo;\u00eatre extr\u00eamement pr\u00e9cises.<\/p><div class=\"centre\"><img decoding=\"async\" class=\"aligncenter\" src=\"http:\/\/www.arnaudom.fr\/Img\/pix434.jpg\" alt=\"Pix\" \/><\/div>\t\t\t\t\t<\/div>\n\t\t\t\t\t\t<\/div>\n\t\t\t\t<\/div>\n\t\t\t\t<div class=\"elementor-element elementor-element-38f9644 elementor-align-center elementor-widget elementor-widget-button\" data-id=\"38f9644\" data-element_type=\"widget\" data-widget_type=\"button.default\">\n\t\t\t\t<div class=\"elementor-widget-container\">\n\t\t\t\t\t<div class=\"elementor-button-wrapper\">\n\t\t\t<a href=\"http:\/\/www.arnaudom.fr\/wordpress\/traitement201suite\/\" class=\"elementor-button-link elementor-button elementor-size-sm\" role=\"button\">\n\t\t\t\t\t\t<span class=\"elementor-button-content-wrapper\">\n\t\t\t\t\t\t\t<span class=\"elementor-button-icon elementor-align-icon-right\">\n\t\t\t\t<i aria-hidden=\"true\" class=\"fas fa-arrow-right\"><\/i>\t\t\t<\/span>\n\t\t\t\t\t\t<span class=\"elementor-button-text\">PCC suite... <\/span>\n\t\t<\/span>\n\t\t\t\t\t<\/a>\n\t\t<\/div>\n\t\t\t\t<\/div>\n\t\t\t\t<\/div>\n\t\t\t\t\t\t<\/div>\n\t\t\t\t\t<\/div>\n\t\t<\/div>\n\t\t\t\t\t\t\t\t<\/div>\n\t\t\t\t\t<\/div>\n\t\t<\/section>\n\t\t\t\t\t\t\t\t\t<\/div>\n\t\t\t<\/div>\n\t\t\t\t\t<\/div>\n\t\t","protected":false},"excerpt":{"rendered":"<p>Calibration des couleurs avec PhotometricColorCalibration (1\/2) Ecrit le 27\/12\/18. Pour t\u00e9l\u00e9charger cet article en version PDF cliquer ici ==> Dans les versions pr\u00e9c\u00e9dentes de Pixinsight, la calibration des couleurs se faisait par l&rsquo;utilisation successive des process BackgroundNeutralization et ColorCalibration (voir \u00e0 ce sujet la page Calibrer les couleurs). Un nouveau process nomm\u00e9 PhotometricColorCalibration (ou PCC &hellip;<\/p>\n<p class=\"read-more\"> <a class=\"\" href=\"https:\/\/www.arnaudom.fr\/wordpress\/traitement201\/\"> <span class=\"screen-reader-text\">traitement201<\/span> Lire la suite\u00a0\u00bb<\/a><\/p>\n","protected":false},"author":1,"featured_media":0,"parent":0,"menu_order":0,"comment_status":"closed","ping_status":"closed","template":"","meta":{"site-sidebar-layout":"default","site-content-layout":"default","ast-site-content-layout":"","site-content-style":"default","site-sidebar-style":"default","ast-global-header-display":"","ast-banner-title-visibility":"","ast-main-header-display":"","ast-hfb-above-header-display":"","ast-hfb-below-header-display":"","ast-hfb-mobile-header-display":"","site-post-title":"disabled","ast-breadcrumbs-content":"","ast-featured-img":"","footer-sml-layout":"","theme-transparent-header-meta":"default","adv-header-id-meta":"","stick-header-meta":"","header-above-stick-meta":"","header-main-stick-meta":"","header-below-stick-meta":"","astra-migrate-meta-layouts":"","ast-page-background-enabled":"default","ast-page-background-meta":{"desktop":{"background-color":"","background-image":"","background-repeat":"repeat","background-position":"center center","background-size":"auto","background-attachment":"scroll","background-type":"","background-media":"","overlay-type":"","overlay-color":"","overlay-gradient":""},"tablet":{"background-color":"","background-image":"","background-repeat":"repeat","background-position":"center center","background-size":"auto","background-attachment":"scroll","background-type":"","background-media":"","overlay-type":"","overlay-color":"","overlay-gradient":""},"mobile":{"background-color":"","background-image":"","background-repeat":"repeat","background-position":"center center","background-size":"auto","background-attachment":"scroll","background-type":"","background-media":"","overlay-type":"","overlay-color":"","overlay-gradient":""}},"ast-content-background-meta":{"desktop":{"background-color":"var(--ast-global-color-5)","background-image":"","background-repeat":"repeat","background-position":"center center","background-size":"auto","background-attachment":"scroll","background-type":"","background-media":"","overlay-type":"","overlay-color":"","overlay-gradient":""},"tablet":{"background-color":"var(--ast-global-color-5)","background-image":"","background-repeat":"repeat","background-position":"center center","background-size":"auto","background-attachment":"scroll","background-type":"","background-media":"","overlay-type":"","overlay-color":"","overlay-gradient":""},"mobile":{"background-color":"var(--ast-global-color-5)","background-image":"","background-repeat":"repeat","background-position":"center center","background-size":"auto","background-attachment":"scroll","background-type":"","background-media":"","overlay-type":"","overlay-color":"","overlay-gradient":""}},"footnotes":""},"class_list":["post-5952","page","type-page","status-publish","hentry"],"_links":{"self":[{"href":"https:\/\/www.arnaudom.fr\/wordpress\/wp-json\/wp\/v2\/pages\/5952","targetHints":{"allow":["GET"]}}],"collection":[{"href":"https:\/\/www.arnaudom.fr\/wordpress\/wp-json\/wp\/v2\/pages"}],"about":[{"href":"https:\/\/www.arnaudom.fr\/wordpress\/wp-json\/wp\/v2\/types\/page"}],"author":[{"embeddable":true,"href":"https:\/\/www.arnaudom.fr\/wordpress\/wp-json\/wp\/v2\/users\/1"}],"replies":[{"embeddable":true,"href":"https:\/\/www.arnaudom.fr\/wordpress\/wp-json\/wp\/v2\/comments?post=5952"}],"version-history":[{"count":7,"href":"https:\/\/www.arnaudom.fr\/wordpress\/wp-json\/wp\/v2\/pages\/5952\/revisions"}],"predecessor-version":[{"id":6979,"href":"https:\/\/www.arnaudom.fr\/wordpress\/wp-json\/wp\/v2\/pages\/5952\/revisions\/6979"}],"wp:attachment":[{"href":"https:\/\/www.arnaudom.fr\/wordpress\/wp-json\/wp\/v2\/media?parent=5952"}],"curies":[{"name":"wp","href":"https:\/\/api.w.org\/{rel}","templated":true}]}}