{"id":5897,"date":"2020-08-27T07:09:36","date_gmt":"2020-08-27T05:09:36","guid":{"rendered":"http:\/\/www.arnaudom.fr\/wordpress\/?page_id=5897"},"modified":"2021-02-18T09:04:37","modified_gmt":"2021-02-18T08:04:37","slug":"reflexbye","status":"publish","type":"page","link":"https:\/\/www.arnaudom.fr\/wordpress\/reflexbye\/","title":{"rendered":"reflexbye"},"content":{"rendered":"\t\t<div data-elementor-type=\"wp-page\" data-elementor-id=\"5897\" class=\"elementor elementor-5897\">\n\t\t\t\t\t\t<div class=\"elementor-inner\">\n\t\t\t\t<div class=\"elementor-section-wrap\">\n\t\t\t\t\t\t\t\t\t<section class=\"elementor-section elementor-top-section elementor-element elementor-element-c3a3098 elementor-section-full_width elementor-section-height-default elementor-section-height-default\" data-id=\"c3a3098\" data-element_type=\"section\">\n\t\t\t\t\t\t<div class=\"elementor-container elementor-column-gap-default\">\n\t\t\t\t\t\t\t<div class=\"elementor-row\">\n\t\t\t\t\t<div class=\"elementor-column elementor-col-100 elementor-top-column elementor-element elementor-element-09d3709\" data-id=\"09d3709\" data-element_type=\"column\" data-settings=\"{&quot;background_background&quot;:&quot;classic&quot;}\">\n\t\t\t<div class=\"elementor-column-wrap elementor-element-populated\">\n\t\t\t\t\t\t\t<div class=\"elementor-widget-wrap\">\n\t\t\t\t\t\t<div class=\"elementor-element elementor-element-0693cdb elementor-widget elementor-widget-heading\" data-id=\"0693cdb\" data-element_type=\"widget\" data-widget_type=\"heading.default\">\n\t\t\t\t<div class=\"elementor-widget-container\">\n\t\t\t<h1 class=\"elementor-heading-title elementor-size-default\">Utilisation du logiciel BackyardEOS<\/h1>\t\t<\/div>\n\t\t\t\t<\/div>\n\t\t\t\t<div class=\"elementor-element elementor-element-2bb0780 elementor-widget elementor-widget-text-editor\" data-id=\"2bb0780\" data-element_type=\"widget\" data-widget_type=\"text-editor.default\">\n\t\t\t\t<div class=\"elementor-widget-container\">\n\t\t\t\t\t\t\t\t<div class=\"elementor-text-editor elementor-clearfix\">\n\t\t\t\t<p><em>Ecrit le 30\/09\/13.<\/em><\/p>\t\t\t\t\t<\/div>\n\t\t\t\t\t\t<\/div>\n\t\t\t\t<\/div>\n\t\t\t\t<div class=\"elementor-element elementor-element-5bcc734 elementor-widget elementor-widget-text-editor\" data-id=\"5bcc734\" data-element_type=\"widget\" data-widget_type=\"text-editor.default\">\n\t\t\t\t<div class=\"elementor-widget-container\">\n\t\t\t\t\t\t\t\t<div class=\"elementor-text-editor elementor-clearfix\">\n\t\t\t\t<p style=\"text-align: center;\"><strong><span style=\"color: #3366ff;\">Pr\u00e9sentation<\/span> <\/strong><\/p>\t\t\t\t\t<\/div>\n\t\t\t\t\t\t<\/div>\n\t\t\t\t<\/div>\n\t\t\t\t<div class=\"elementor-element elementor-element-79112c1 elementor-widget elementor-widget-text-editor\" data-id=\"79112c1\" data-element_type=\"widget\" data-widget_type=\"text-editor.default\">\n\t\t\t\t<div class=\"elementor-widget-container\">\n\t\t\t\t\t\t\t\t<div class=\"elementor-text-editor elementor-clearfix\">\n\t\t\t\t<p>Voici quelques mois que j&rsquo;utilise BackyardEOS (BYE pour les intimes&#8230;) pour faire mes acquisitions, et devant sa facilit\u00e9 d&rsquo;utilisation, \u00e0 laquelle s&rsquo;ajoute quelques fonctions tr\u00e8s utiles, j&rsquo;ai d\u00e9cid\u00e9 d&rsquo;en faire une petite pr\u00e9sentation. Comme son nom l&rsquo;indique, ce logiciel permet de g\u00e9rer une s\u00e9ance de photographie astronomique avec un reflex Canon EOS, ce qui tombe bien vu que 90% des amateurs qui pratiquent l&rsquo;astrophotographie avec un appareil photo num\u00e9rique utilisent un Canon&#8230;<br \/>Le logiciel peut \u00eatre t\u00e9l\u00e9charg\u00e9 <a href=\"https:\/\/www.otelescope.com\/store\/category\/2-backyardeos\/\">sur cette page<\/a>. Il est certes payant (35 $ la derni\u00e8re version classique, soit moins de 30 euros), mais pour ce prix-l\u00e0 on se retrouve avec un excellent outil qui va nous faciliter grandement la vie lors de nos s\u00e9ances photos.<br \/>Il est \u00e0 noter que j&rsquo;utilise BYE pour piloter mon Canon 350D, ce qui me prive des fonctions du logiciel qui n\u00e9cessitent l&#8217;emploi du Live View, ce dernier n&rsquo;existant pas sur le 350D.<\/p>\t\t\t\t\t<\/div>\n\t\t\t\t\t\t<\/div>\n\t\t\t\t<\/div>\n\t\t\t\t<div class=\"elementor-element elementor-element-4fd8b69 elementor-widget elementor-widget-text-editor\" data-id=\"4fd8b69\" data-element_type=\"widget\" data-widget_type=\"text-editor.default\">\n\t\t\t\t<div class=\"elementor-widget-container\">\n\t\t\t\t\t\t\t\t<div class=\"elementor-text-editor elementor-clearfix\">\n\t\t\t\t<p style=\"text-align: center;\"><strong><span style=\"color: #3366ff;\">D\u00e9roulement d&rsquo;une s\u00e9ance photo avec BackyardEOS<\/span> <\/strong><\/p>\t\t\t\t\t<\/div>\n\t\t\t\t\t\t<\/div>\n\t\t\t\t<\/div>\n\t\t\t\t<div class=\"elementor-element elementor-element-f1e5130 elementor-widget elementor-widget-text-editor\" data-id=\"f1e5130\" data-element_type=\"widget\" data-widget_type=\"text-editor.default\">\n\t\t\t\t<div class=\"elementor-widget-container\">\n\t\t\t\t\t\t\t\t<div class=\"elementor-text-editor elementor-clearfix\">\n\t\t\t\t<p>1- Au lancement du logiciel, on se retrouve avec l&rsquo;\u00e9cran suivant :<\/p><div class=\"centre\"><img decoding=\"async\" class=\"aligncenter\" src=\"http:\/\/www.arnaudom.fr\/Img\/bye01.jpg\" alt=\"BYE\" \/><\/div><p>2- On va cliquer sur le bouton <strong><span class=\"gras\">Connecter<\/span><\/strong> et si tout va bien une s\u00e9rie d&rsquo;information s&rsquo;affiche sur l&rsquo;appareil photo dans le <strong><span class=\"gras\">centre d&rsquo;information<\/span><\/strong>.<\/p><div class=\"centre\"><img decoding=\"async\" class=\"aligncenter\" src=\"http:\/\/www.arnaudom.fr\/Img\/bye02.jpg\" alt=\"BYE\" \/><\/div><p>3- Sur la droite de l&rsquo;\u00e9cran on a alors acc\u00e8s au <strong><span class=\"gras\">centre de programmation des captures<\/span><\/strong>.<\/p><div class=\"centre\"><img decoding=\"async\" class=\"aligncenter\" src=\"http:\/\/www.arnaudom.fr\/Img\/bye03.jpg\" alt=\"BYE\" \/><\/div><p>4- On va maintenant programmer nos images. Dans la liste d\u00e9roulante \u00ab\u00a0Type d&rsquo;image\u00a0\u00bb se trouve s\u00e9lectionn\u00e9e par d\u00e9faut l&rsquo;option<strong> <span class=\"gras\">LIGHTS<\/span><\/strong> (pour \u00ab\u00a0lumi\u00e8res\u00a0\u00bb) qui va servir \u00e0 nommer les images de l&rsquo;objet que l&rsquo;on va capturer (on en reparle plus loin). On entre le nom de l&rsquo;objet, ici dans mon exemple <strong><span class=\"gras\">NGC 6819<\/span><\/strong>. Ensuite on va programmer nos acquisitions : dans mon exemple je fais une s\u00e9rie de <strong><span class=\"gras\">20<\/span><\/strong> images, l&rsquo;obturateur est en mode <strong><span class=\"gras\">BULB<\/span><\/strong> (pour les poses de plus de trente secondes), la dur\u00e9e de chaque pose est de <strong><span class=\"gras\">180 s<\/span><\/strong> et j&rsquo;ai choisi de mettre <strong><span class=\"gras\">800<\/span> <\/strong>ISO.<\/p><div class=\"centre\"><img decoding=\"async\" class=\"aligncenter\" src=\"http:\/\/www.arnaudom.fr\/Img\/bye04.jpg\" alt=\"BYE\" \/><\/div><p>Il est \u00e0 noter que l&rsquo;on pourrait programmer diff\u00e9rentes s\u00e9ries de captures, avec des temps de pose diff\u00e9rents (par exemple 10 poses de 3 minutes puis 5 poses de 4 minutes etc &#8230;). Deuxi\u00e8me remarque, BYE effectue automatiquement les captures au format RAW, ce qui est pratique si on a par m\u00e9garde laiss\u00e9 le r\u00e9glage de l&rsquo;APN en JPEG.<\/p><p>5- Il ne reste plus qu&rsquo;\u00e0 cliquer sur le bouton <strong><span class=\"gras\">Capturer<\/span><\/strong> pour lancer les acquisitions. Le centre de programmation est alors remplac\u00e9 par le<strong> <span class=\"gras\">centre du progr\u00e8s<\/span><\/strong> (marrant comme non, hein <span class=\"milieu2\"> <img decoding=\"async\" src=\"http:\/\/arnaudom.fr\/Img\/smrire.gif\" alt=\"clin d'oeil\" \/>?) qui indique en fait la progression de la s\u00e9ance photo.<\/span><\/p><div class=\"centre\"><img decoding=\"async\" class=\"aligncenter\" src=\"http:\/\/www.arnaudom.fr\/Img\/bye05.jpg\" alt=\"BYE\" \/><\/div><p>On peut voir la pose en cours (1 sur 20) et son temps de pose (31 s sur 180). Le message \u00ab\u00a0Ech\u00e9ance estim\u00e9e\u00a0\u00bb indique une approximation de l&rsquo;heure \u00e0 laquelle se terminera la s\u00e9rie de captures (oui je sais, sur la photo il est indiqu\u00e9e 18h48, mais c&rsquo;est parce que c&rsquo;est une simulation et pas une capture d&rsquo;\u00e9cran prise sur le terrain <span class=\"milieu2\"> <img decoding=\"async\" src=\"http:\/\/arnaudom.fr\/Img\/smclin.gif\" alt=\"clin d'oeil\" \/>&#8230; Accessoirement sur mon logiciel il y a un petit bug puisqu&rsquo;il y a un message en espagnol \u00e0 l&rsquo;\u00e9cran &#8230;)<\/span><\/p><p>6- Une fois la pose termin\u00e9e, l&rsquo;image s&rsquo;affiche dans l&rsquo;\u00e9cran sur la gauche, et \u00e0 droite son histogramme appara\u00eet.<\/p><div class=\"centre\"><img decoding=\"async\" class=\"aligncenter\" src=\"http:\/\/www.arnaudom.fr\/Img\/bye06.jpg\" alt=\"BYE\" \/><\/div><p>Le nom de l&rsquo;image s&rsquo;affiche au-dessus d&rsquo;elle, notez la fa\u00e7on dont elle est nomm\u00e9e :<\/p><div class=\"centre\"><img decoding=\"async\" class=\"aligncenter\" src=\"http:\/\/www.arnaudom.fr\/Img\/bye07.jpg\" alt=\"BYE\" \/><\/div><p>En plus du nom de l&rsquo;objet, le nom de l&rsquo;image contient l&rsquo;information <strong><span class=\"gras\">LIGHT<\/span><\/strong>, la dur\u00e9e de la pose, l&rsquo;ISO, la date et l&rsquo;heure de son acquisition. Certes, c&rsquo;est long, mais cela permet de se retrouver facilement et instantan\u00e9ment parmi tous les fichiers qui remplissent le disque dur une fois qu&rsquo;on a fait les images de l&rsquo;objet, les dark, les flat et les offset &#8230; C&rsquo;est l\u00e0 aussi l&rsquo;un des c\u00f4t\u00e9s tr\u00e8s pratique de BYE. A noter que l&rsquo;on peut modifier dans les param\u00e8tres du logiciel la fa\u00e7on dont il enregistre les noms des images.<\/p><p>7- Voil\u00e0, une fois que toutes les acquisitions de l&rsquo;objet auront \u00e9t\u00e9 faites, il faut passer \u00e0 la capture des images de calibration. On va g\u00e9n\u00e9ralement commencer par les darks, qui doivent \u00eatre faits \u00e0 la m\u00eame dur\u00e9e que les images de l&rsquo;objet lui-m\u00eame. Pour cela on retourne dans le <strong><span class=\"gras\">centre de programmation des captures<\/span><\/strong>, et dans la liste d\u00e9roulante \u00ab\u00a0Type d&rsquo;image\u00a0\u00bb, on va maintenant choisir <strong><span class=\"gras\">Darks<\/span><\/strong>, puis le nombre d&rsquo;images \u00e0 faire, le reste des param\u00e8tres restant inchang\u00e9s.<\/p><div class=\"centre\"><img decoding=\"async\" class=\"aligncenter\" src=\"http:\/\/www.arnaudom.fr\/Img\/bye08.jpg\" alt=\"BYE\" \/><\/div><p>On cliquera ensuite sur le bouton<strong> <span class=\"gras\">Capturer<\/span><\/strong> pour lancer les acquisitions (apr\u00e8s avoir mis le bouchon du t\u00e9lescope bien s\u00fbr !), et \u00e0 la fin on va r\u00e9cup\u00e9rer nos images de darks dont le nom commencera par <strong><span class=\"gras\">NGC 6819_DARK_180s_&#8230;<\/span> <\/strong>ce qui \u00e0 nouveau permettra de les rep\u00e9rer et de les classer facilement parmi les autres fichiers.<\/p><p>8- On peut ensuite faire une s\u00e9rie d&rsquo;images d&rsquo;offset, ou images de <strong><span class=\"gras\">Bias<\/span><\/strong> comme le disent les anglo-saxons, et c&rsquo;est d&rsquo;ailleurs la d\u00e9nomination utilis\u00e9e dans BYE. On va donc s\u00e9lectionner Bias dans la liste \u00ab\u00a0Type d&rsquo;image\u00a0\u00bb puis, comme ces captures doivent \u00eatre faites avec la dur\u00e9e la plus courte possible, on va dans la liste d\u00e9roulante \u00ab\u00a0Obturateur\u00a0\u00bb pour choisir la dur\u00e9e la plus courte possible, en l&rsquo;occurence 1-4000 \u00e8me pour le 350D.<\/p><div class=\"centre\"><img decoding=\"async\" class=\"aligncenter\" src=\"http:\/\/www.arnaudom.fr\/Img\/bye09.jpg\" alt=\"BYE\" \/><\/div><p>Dans mon exemple j&rsquo;ai choisi de faire 11 offset, on va cette fois r\u00e9cup\u00e9rer 11 images dont le nom commencera par <strong><span class=\"gras\">NGC 6819_BIAS_180s_&#8230;<\/span><\/strong><\/p><div class=\"centre\"><img decoding=\"async\" class=\"aligncenter\" src=\"http:\/\/www.arnaudom.fr\/Img\/bye10.jpg\" alt=\"BYE\" \/><\/div><p>9- Pour finir, il reste normalement \u00e0 faire les images de <strong><span class=\"gras\">Flats<\/span><\/strong> . Dans mon cas, j&rsquo;utilise ma bo\u00eete \u00e0 flats et je fais mes images avec un dur\u00e9e de 1-60\u00e8me de seconde. Dans \u00ab\u00a0Type d&rsquo;image\u00a0\u00bb je choisis cette fois Flats, leur nombre puis dans \u00ab\u00a0Obturateur\u00a0\u00bb, je s\u00e9lectionne 1-60.<\/p><div class=\"centre\"><img decoding=\"async\" class=\"aligncenter\" src=\"http:\/\/www.arnaudom.fr\/Img\/bye11.jpg\" alt=\"BYE\" \/><\/div><p>On va donc cette fois obtenir 11 images nomm\u00e9es <strong><span class=\"gras\">NGC 6819_FLAT_180s_&#8230;<\/span><\/strong><\/p><p>Comme on le voit, l&rsquo;utilisation du logiciel est extr\u00eamement simple et gr\u00e2ce \u00e0 la m\u00e9thode qu&rsquo;il utilise pour nommer les fichiers, c&rsquo;est un jeu d&rsquo;enfant de s&rsquo;y retrouver parmi les diff\u00e9rents types d&rsquo;images captur\u00e9es.<\/p>\t\t\t\t\t<\/div>\n\t\t\t\t\t\t<\/div>\n\t\t\t\t<\/div>\n\t\t\t\t<div class=\"elementor-element elementor-element-50dd1af elementor-widget elementor-widget-text-editor\" data-id=\"50dd1af\" data-element_type=\"widget\" data-widget_type=\"text-editor.default\">\n\t\t\t\t<div class=\"elementor-widget-container\">\n\t\t\t\t\t\t\t\t<div class=\"elementor-text-editor elementor-clearfix\">\n\t\t\t\t<p style=\"text-align: center;\"><strong><span style=\"color: #3366ff;\">Du dithering avec BackyardEOS et PHD Guiding<\/span> <\/strong><\/p>\t\t\t\t\t<\/div>\n\t\t\t\t\t\t<\/div>\n\t\t\t\t<\/div>\n\t\t\t\t<div class=\"elementor-element elementor-element-df133d9 elementor-widget elementor-widget-text-editor\" data-id=\"df133d9\" data-element_type=\"widget\" data-widget_type=\"text-editor.default\">\n\t\t\t\t<div class=\"elementor-widget-container\">\n\t\t\t\t\t\t\t\t<div class=\"elementor-text-editor elementor-clearfix\">\n\t\t\t\t<p>Une des raisons qui m&rsquo;a fait \u00e9galement choisir ce logiciel est la possibilit\u00e9 de pouvoir faire du dithering si on le couple avec PHD Guiding. Le dithering est une technique qui consiste, entre diff\u00e9rents clich\u00e9s d&rsquo;un m\u00eame objet, \u00e0 d\u00e9placer la prise de vue de quelques pixels, ce qui a pour effet d&rsquo;\u00e9liminer les trames qui apparaissent sur l&rsquo;image finale lorsqu&rsquo;on fait l&rsquo;addition des brutes.<br \/>Pour cela, il faut bien entendu avoir lanc\u00e9 PHD Guiding et aller dans le menu <strong><span class=\"gras\">Tools<\/span><\/strong> du logiciel. L\u00e0 on va cliquer sur <strong><span class=\"gras\">Enable Server<\/span><\/strong>, afin de permettre \u00e0 BYE de communiquer avec PHD.<\/p><div class=\"centre\"><img decoding=\"async\" class=\"aligncenter\" src=\"http:\/\/www.arnaudom.fr\/Img\/bye12.jpg\" alt=\"BYE\" \/><\/div><p>Maintenant il faut retourner dans BYE, puis cliquer en haut \u00e0 droite sur le bouton <strong><span class=\"gras\">PHD<\/span><\/strong>.<span class=\"milieu4\"><img decoding=\"async\" src=\"http:\/\/www.arnaudom.fr\/Img\/bye13.jpg\" alt=\"BYE\" \/><\/span><\/p><p>Dans les messages d&rsquo;information appara\u00eet alors normalement le message \u00ab\u00a0<strong><span class=\"gras\">PHD dithering activ\u00e9<\/span><\/strong>\u00ab\u00a0.<\/p><div class=\"centre\"><img decoding=\"async\" class=\"aligncenter\" src=\"http:\/\/www.arnaudom.fr\/Img\/bye14.jpg\" alt=\"BYE\" \/><\/div><p>Il ne reste plus maintenant qu&rsquo;\u00e0 lancer une s\u00e9ance de captures comme expliqu\u00e9 pr\u00e9c\u00e9demment, et l&rsquo;on verra que, \u00e0 intervalle r\u00e9gulier, BYE interrompt les acquisitions quelques secondes en affichant le message <strong><span class=\"gras\">Dithering<\/span><\/strong> puis <strong><span class=\"gras\">Stabilisation<\/span><\/strong>. Durant cette p\u00e9riode, il d\u00e9place automatiquement la monture afin de faire bouger la prise de vue de quelques pixels puis, une fois ceci fait, il fait une petite pause pour attendre la stabilisation de l&rsquo;autoguidage et la s\u00e9ance de photos reprend normalement. Tout cela se fait donc automatiquement, sans aucune intervention de l&rsquo;utilisateur.<\/p><p>Par d\u00e9faut, BYE fait du dithering toutes les 4 poses. On peut modifier cela en cliquant sur le bouton <strong><span class=\"gras\">Param\u00e8tres<\/span><\/strong>. Dans la rubrique <strong><span class=\"gras\">Tramage PHD<\/span><\/strong>, on peut changer la valeur en face de \u00ab\u00a0<strong><span class=\"gras\">Tramer toutes les X images<\/span><\/strong>\u00a0\u00bb qui est donc \u00e0 4 par d\u00e9faut. Ne pas oublier de cliquer sur <strong><span class=\"gras\">Sauvegarder<\/span><\/strong> ou<strong> <span class=\"gras\">Appliquer<\/span><\/strong> pour pouvoir utiliser le nouveau param\u00e8tre.<\/p><div class=\"centre\"><img decoding=\"async\" class=\"aligncenter\" src=\"http:\/\/www.arnaudom.fr\/Img\/bye15.jpg\" alt=\"BYE\" \/><\/div>\t\t\t\t\t<\/div>\n\t\t\t\t\t\t<\/div>\n\t\t\t\t<\/div>\n\t\t\t\t<div class=\"elementor-element elementor-element-dd940e5 elementor-widget elementor-widget-text-editor\" data-id=\"dd940e5\" data-element_type=\"widget\" data-widget_type=\"text-editor.default\">\n\t\t\t\t<div class=\"elementor-widget-container\">\n\t\t\t\t\t\t\t\t<div class=\"elementor-text-editor elementor-clearfix\">\n\t\t\t\t<p style=\"text-align: center;\"><strong><span style=\"color: #3366ff;\">Conclusion<\/span> <\/strong><\/p>\t\t\t\t\t<\/div>\n\t\t\t\t\t\t<\/div>\n\t\t\t\t<\/div>\n\t\t\t\t<div class=\"elementor-element elementor-element-985b8a1 elementor-widget elementor-widget-text-editor\" data-id=\"985b8a1\" data-element_type=\"widget\" data-widget_type=\"text-editor.default\">\n\t\t\t\t<div class=\"elementor-widget-container\">\n\t\t\t\t\t\t\t\t<div class=\"elementor-text-editor elementor-clearfix\">\n\t\t\t\t<p>BYE est donc un logiciel simple d&rsquo;utilisation et tr\u00e8s astucieux, parfaitement adapt\u00e9 \u00e0 la photographie astronomique \u00e0 l&rsquo;aide d&rsquo;un reflex Canon. De nombreux param\u00e8tres sont modifiables, et il poss\u00e8dent bien d&rsquo;autres fonctionnalit\u00e9s que celles que je viens d&rsquo;expliquer ici. D&rsquo;autres pages seraient donc sans doute n\u00e9cessaires pour d\u00e9tailler toutes les possibilit\u00e9s offertes par cet excellent logiciel.<\/p>\t\t\t\t\t<\/div>\n\t\t\t\t\t\t<\/div>\n\t\t\t\t<\/div>\n\t\t\t\t\t\t<\/div>\n\t\t\t\t\t<\/div>\n\t\t<\/div>\n\t\t\t\t\t\t\t\t<\/div>\n\t\t\t\t\t<\/div>\n\t\t<\/section>\n\t\t\t\t\t\t\t\t\t<\/div>\n\t\t\t<\/div>\n\t\t\t\t\t<\/div>\n\t\t","protected":false},"excerpt":{"rendered":"<p>Utilisation du logiciel BackyardEOS Ecrit le 30\/09\/13. Pr\u00e9sentation Voici quelques mois que j&rsquo;utilise BackyardEOS (BYE pour les intimes&#8230;) pour faire mes acquisitions, et devant sa facilit\u00e9 d&rsquo;utilisation, \u00e0 laquelle s&rsquo;ajoute quelques fonctions tr\u00e8s utiles, j&rsquo;ai d\u00e9cid\u00e9 d&rsquo;en faire une petite pr\u00e9sentation. Comme son nom l&rsquo;indique, ce logiciel permet de g\u00e9rer une s\u00e9ance de photographie astronomique &hellip;<\/p>\n<p class=\"read-more\"> <a class=\"\" href=\"https:\/\/www.arnaudom.fr\/wordpress\/reflexbye\/\"> <span class=\"screen-reader-text\">reflexbye<\/span> Lire la suite\u00a0\u00bb<\/a><\/p>\n","protected":false},"author":1,"featured_media":0,"parent":0,"menu_order":0,"comment_status":"closed","ping_status":"closed","template":"","meta":{"site-sidebar-layout":"default","site-content-layout":"default","ast-site-content-layout":"","site-content-style":"default","site-sidebar-style":"default","ast-global-header-display":"","ast-banner-title-visibility":"","ast-main-header-display":"","ast-hfb-above-header-display":"","ast-hfb-below-header-display":"","ast-hfb-mobile-header-display":"","site-post-title":"disabled","ast-breadcrumbs-content":"","ast-featured-img":"","footer-sml-layout":"","theme-transparent-header-meta":"default","adv-header-id-meta":"","stick-header-meta":"","header-above-stick-meta":"","header-main-stick-meta":"","header-below-stick-meta":"","astra-migrate-meta-layouts":"","ast-page-background-enabled":"default","ast-page-background-meta":{"desktop":{"background-color":"","background-image":"","background-repeat":"repeat","background-position":"center center","background-size":"auto","background-attachment":"scroll","background-type":"","background-media":"","overlay-type":"","overlay-color":"","overlay-gradient":""},"tablet":{"background-color":"","background-image":"","background-repeat":"repeat","background-position":"center center","background-size":"auto","background-attachment":"scroll","background-type":"","background-media":"","overlay-type":"","overlay-color":"","overlay-gradient":""},"mobile":{"background-color":"","background-image":"","background-repeat":"repeat","background-position":"center center","background-size":"auto","background-attachment":"scroll","background-type":"","background-media":"","overlay-type":"","overlay-color":"","overlay-gradient":""}},"ast-content-background-meta":{"desktop":{"background-color":"var(--ast-global-color-5)","background-image":"","background-repeat":"repeat","background-position":"center center","background-size":"auto","background-attachment":"scroll","background-type":"","background-media":"","overlay-type":"","overlay-color":"","overlay-gradient":""},"tablet":{"background-color":"var(--ast-global-color-5)","background-image":"","background-repeat":"repeat","background-position":"center center","background-size":"auto","background-attachment":"scroll","background-type":"","background-media":"","overlay-type":"","overlay-color":"","overlay-gradient":""},"mobile":{"background-color":"var(--ast-global-color-5)","background-image":"","background-repeat":"repeat","background-position":"center center","background-size":"auto","background-attachment":"scroll","background-type":"","background-media":"","overlay-type":"","overlay-color":"","overlay-gradient":""}},"footnotes":""},"class_list":["post-5897","page","type-page","status-publish","hentry"],"_links":{"self":[{"href":"https:\/\/www.arnaudom.fr\/wordpress\/wp-json\/wp\/v2\/pages\/5897","targetHints":{"allow":["GET"]}}],"collection":[{"href":"https:\/\/www.arnaudom.fr\/wordpress\/wp-json\/wp\/v2\/pages"}],"about":[{"href":"https:\/\/www.arnaudom.fr\/wordpress\/wp-json\/wp\/v2\/types\/page"}],"author":[{"embeddable":true,"href":"https:\/\/www.arnaudom.fr\/wordpress\/wp-json\/wp\/v2\/users\/1"}],"replies":[{"embeddable":true,"href":"https:\/\/www.arnaudom.fr\/wordpress\/wp-json\/wp\/v2\/comments?post=5897"}],"version-history":[{"count":7,"href":"https:\/\/www.arnaudom.fr\/wordpress\/wp-json\/wp\/v2\/pages\/5897\/revisions"}],"predecessor-version":[{"id":6986,"href":"https:\/\/www.arnaudom.fr\/wordpress\/wp-json\/wp\/v2\/pages\/5897\/revisions\/6986"}],"wp:attachment":[{"href":"https:\/\/www.arnaudom.fr\/wordpress\/wp-json\/wp\/v2\/media?parent=5897"}],"curies":[{"name":"wp","href":"https:\/\/api.w.org\/{rel}","templated":true}]}}