{"id":5882,"date":"2020-08-27T06:51:16","date_gmt":"2020-08-27T04:51:16","guid":{"rendered":"http:\/\/www.arnaudom.fr\/wordpress\/?page_id=5882"},"modified":"2020-08-27T06:59:25","modified_gmt":"2020-08-27T04:59:25","slug":"reflexflat","status":"publish","type":"page","link":"https:\/\/www.arnaudom.fr\/wordpress\/reflexflat\/","title":{"rendered":"reflexflat"},"content":{"rendered":"\t\t<div data-elementor-type=\"wp-page\" data-elementor-id=\"5882\" class=\"elementor elementor-5882\">\n\t\t\t\t\t\t<div class=\"elementor-inner\">\n\t\t\t\t<div class=\"elementor-section-wrap\">\n\t\t\t\t\t\t\t\t\t<section class=\"elementor-section elementor-top-section elementor-element elementor-element-06a72e3 elementor-section-full_width elementor-section-height-default elementor-section-height-default\" data-id=\"06a72e3\" data-element_type=\"section\">\n\t\t\t\t\t\t<div class=\"elementor-container elementor-column-gap-default\">\n\t\t\t\t\t\t\t<div class=\"elementor-row\">\n\t\t\t\t\t<div class=\"elementor-column elementor-col-100 elementor-top-column elementor-element elementor-element-8a37ff3\" data-id=\"8a37ff3\" data-element_type=\"column\" data-settings=\"{&quot;background_background&quot;:&quot;classic&quot;}\">\n\t\t\t<div class=\"elementor-column-wrap elementor-element-populated\">\n\t\t\t\t\t\t\t<div class=\"elementor-widget-wrap\">\n\t\t\t\t\t\t<div class=\"elementor-element elementor-element-6b9d511 elementor-widget elementor-widget-heading\" data-id=\"6b9d511\" data-element_type=\"widget\" data-widget_type=\"heading.default\">\n\t\t\t\t<div class=\"elementor-widget-container\">\n\t\t\t<h1 class=\"elementor-heading-title elementor-size-default\">Images avec un reflex num\u00e9rique<\/h1>\t\t<\/div>\n\t\t\t\t<\/div>\n\t\t\t\t<div class=\"elementor-element elementor-element-82301f4 elementor-widget elementor-widget-heading\" data-id=\"82301f4\" data-element_type=\"widget\" data-widget_type=\"heading.default\">\n\t\t\t\t<div class=\"elementor-widget-container\">\n\t\t\t<h2 class=\"elementor-heading-title elementor-size-default\">Bo\u00eete \u00e0 flats<\/h2>\t\t<\/div>\n\t\t\t\t<\/div>\n\t\t\t\t<div class=\"elementor-element elementor-element-a91864d elementor-widget elementor-widget-text-editor\" data-id=\"a91864d\" data-element_type=\"widget\" data-widget_type=\"text-editor.default\">\n\t\t\t\t<div class=\"elementor-widget-container\">\n\t\t\t\t\t\t\t\t<div class=\"elementor-text-editor elementor-clearfix\">\n\t\t\t\t<p><em>Ecrit le 29\/12\/11.<\/em><\/p>\t\t\t\t\t<\/div>\n\t\t\t\t\t\t<\/div>\n\t\t\t\t<\/div>\n\t\t\t\t<div class=\"elementor-element elementor-element-879cddb elementor-widget elementor-widget-text-editor\" data-id=\"879cddb\" data-element_type=\"widget\" data-widget_type=\"text-editor.default\">\n\t\t\t\t<div class=\"elementor-widget-container\">\n\t\t\t\t\t\t\t\t<div class=\"elementor-text-editor elementor-clearfix\">\n\t\t\t\t<p>Comme d\u00e9j\u00e0 \u00e9voqu\u00e9 dans certains articles pr\u00e9c\u00e9dents, le traitement correct des images astronomiques n\u00e9cessitent l&rsquo;acquisition de plusieurs images n\u00e9cessaires au pr\u00e9traitement, et en particulier des images dites de \u00ab<strong> <span class=\"gras\">flat<\/span><\/strong> \u00bb, ou pour parler fran\u00e7ais, de <strong><span class=\"gras\">PLU<\/span> <\/strong>(abr\u00e9viation de Plage de Lumi\u00e8re Uniforme).<\/p><p>Plusieurs techniques existent, la plus pratique selon moi \u00e9tant l&rsquo;utilisation d&rsquo;une \u00ab bo\u00eete \u00e0 flats \u00bb (ou \u00ab bo\u00eete \u00e0 PLU \u00bb donc) qui se place devant l&rsquo;objectif du t\u00e9l\u00e9scope et permet la r\u00e9alisation de telles images. La plupart de ces bo\u00eetes sont fabriqu\u00e9s par les astronomes amateurs eux-m\u00eames, et on trouve sur le net de nombreux exemples de telles r\u00e9alisations.<\/p><p>Je me suis donc lanc\u00e9 cet \u00e9t\u00e9 dans la fabrication d&rsquo;une telle bo\u00eete. Pour cela, j&rsquo;ai en fait suivi presque \u00e0 la lettre l&rsquo;excellente page du <a href=\"http:\/\/jluccolas.free.fr\/\">site de Jean-Luc Colas<\/a> sur ce sujet, qui concerne la fabrication d&rsquo;une bo\u00eete pour un t\u00e9l\u00e9scope de 200 mm de diam\u00e8tre comme le mien. Du coup j&rsquo;ai utilis\u00e9 directement les dimensions indiqu\u00e9es, mais Jean-Luc explique sur sa page comment adapter les dimensions de ses plans \u00e0 n&rsquo;importe quel diam\u00e8tre. Comme je ne vais pas d\u00e9crire en d\u00e9tail la fabrication de la bo\u00eete (puisque tout est sur le site de Jean-Luc Colas), je vous invite plut\u00f4t \u00e0 en lire les d\u00e9tails sur son site :<\/p><p class=\"col5 centre gras\" style=\"text-align: center;\"><a href=\"http:\/\/jluccolas.free.fr\/BoiteFlats_a_moi\/boitealumiere240.htm\">Fabrication d&rsquo;une bo\u00eete \u00e0 FLATS par Jean-Luc Colas.<\/a><\/p><p class=\"centre gras\" style=\"text-align: center;\"><strong>Voici donc quelques photos de la \u00ab b\u00eate \u00bb :<\/strong><\/p><table class=\"flat\"><tbody><tr><td class=\"centre\" style=\"text-align: center;\"><img decoding=\"async\" class=\"aligncenter\" src=\"http:\/\/www.arnaudom.fr\/Img\/boitaplu01.jpg\" alt=\"Flat\" \/><br \/>la bo\u00eete assembl\u00e9e<\/td><td class=\"centre\" style=\"text-align: center;\"><img decoding=\"async\" class=\"aligncenter\" src=\"http:\/\/www.arnaudom.fr\/Img\/boitaplu02.jpg\" alt=\"Flat\" \/><br \/>L&#8217;embase et le d\u00e9flecteur<\/td><\/tr><tr><td class=\"centre\" style=\"text-align: center;\"><img decoding=\"async\" class=\"aligncenter\" src=\"http:\/\/www.arnaudom.fr\/Img\/boitaplu03.jpg\" alt=\"Flat\" \/><br \/>Vue arri\u00e8re avec le couvercle<\/td><td class=\"centre\" style=\"text-align: center;\"><img decoding=\"async\" class=\"aligncenter\" src=\"http:\/\/www.arnaudom.fr\/Img\/boitaplu04.jpg\" alt=\"Flat\" \/><br \/>Vue avant du manchon avec les led dans les coins<\/td><\/tr><\/tbody><\/table><p>Pour le circuit \u00e9lectrique, j&rsquo;ai fait un peu \u00ab \u00e0 ma sauce \u00bb, \u00e9tant un handicap\u00e9 du fer \u00e0 souder. Donc c&rsquo;est du garantie sans soudure (c&rsquo;est vraiment du bricolage \u00e0 deux balles <span class=\"milieu2\"> <img decoding=\"async\" src=\"http:\/\/arnaudom.fr\/Img\/smrire.gif\" alt=\"clin d'oeil\" \/><\/span> &#8230;).<\/p><p>D&rsquo;une part j&rsquo;utilise une pile de 9V pour l&rsquo;alimentation des Led, j&rsquo;ai trouv\u00e9 sur le site de Conrad (pub gratuite <span class=\"milieu2\"> <img decoding=\"async\" src=\"http:\/\/arnaudom.fr\/Img\/smrire.gif\" alt=\"clin d'oeil\" \/><\/span> &#8230;) un petit boitier qui permet de loger directement une pile de 9V avec interrupteur on\/off inclus, tr\u00e8s pratique :<\/p><div class=\"centre\"><img decoding=\"async\" class=\"aligncenter\" src=\"http:\/\/www.arnaudom.fr\/Img\/boitaplu05.jpg\" alt=\"Flat\" \/><\/div><p>D&rsquo;autre part les fils d&rsquo;alimentation et les pattes des led sont simplement torsad\u00e9s ensembles, et j&rsquo;ai prot\u00e9g\u00e9 les connexions par de la gaine thermo-r\u00e9tractable, \u00e7a marche bien mais attention aux faux-contact (bien serrer les fils sur les connexions) !<\/p><div class=\"centre\"><img decoding=\"async\" class=\"aligncenter\" src=\"http:\/\/www.arnaudom.fr\/Img\/boitaplu06.jpg\" alt=\"Flat\" \/><\/div><p>Bref, il manque encore quelques finitions (&#8230;) mais la boite est fonctionnelle :<\/p><div class=\"centre\"><img decoding=\"async\" class=\"aligncenter\" src=\"http:\/\/www.arnaudom.fr\/Img\/boitaplu07.jpg\" alt=\"Flat\" \/><\/div>\t\t\t\t\t<\/div>\n\t\t\t\t\t\t<\/div>\n\t\t\t\t<\/div>\n\t\t\t\t<div class=\"elementor-element elementor-element-70c24f8 elementor-widget elementor-widget-text-editor\" data-id=\"70c24f8\" data-element_type=\"widget\" data-widget_type=\"text-editor.default\">\n\t\t\t\t<div class=\"elementor-widget-container\">\n\t\t\t\t\t\t\t\t<div class=\"elementor-text-editor elementor-clearfix\">\n\t\t\t\t<p style=\"text-align: center;\"><strong><span style=\"color: #3366ff;\">Utilisation :<\/span> <\/strong><\/p>\t\t\t\t\t<\/div>\n\t\t\t\t\t\t<\/div>\n\t\t\t\t<\/div>\n\t\t\t\t<div class=\"elementor-element elementor-element-45f4ce8 elementor-widget elementor-widget-text-editor\" data-id=\"45f4ce8\" data-element_type=\"widget\" data-widget_type=\"text-editor.default\">\n\t\t\t\t<div class=\"elementor-widget-container\">\n\t\t\t\t\t\t\t\t<div class=\"elementor-text-editor elementor-clearfix\">\n\t\t\t\t<p>La bo\u00eete se pose donc directement sur le tube du t\u00e9l\u00e9scope. On allume les diodes et on fait une s\u00e9rie de 10-15 poses pour acqu\u00e9rir ces fameuses images de flats. J&rsquo;ai fait mes premiers essais au mois de d\u00e9cembre, et il semblerait qu&rsquo;un temps de pose de 1\/30\u00e8me de seconde avec le 200\/800 et le Canon 350D me donne des flats satisfaisants.<\/p><div>La bo\u00eete pr\u00eate \u00e0 l&rsquo;utilisation, sans le couvercle de protection <span class=\"milieu3\"><img decoding=\"async\" src=\"http:\/\/www.arnaudom.fr\/Img\/boitaplu08.jpg\" alt=\"Flat\" \/><\/span><\/div><p>\u00a0<\/p><div>Et la bo\u00eete en place sur le t\u00e9l\u00e9scope : <span class=\"milieu7\"><img decoding=\"async\" src=\"http:\/\/www.arnaudom.fr\/Img\/boitaplu09.jpg\" alt=\"Flat\" \/><\/span><\/div>\t\t\t\t\t<\/div>\n\t\t\t\t\t\t<\/div>\n\t\t\t\t<\/div>\n\t\t\t\t<div class=\"elementor-element elementor-element-8ed2ed7 elementor-widget elementor-widget-text-editor\" data-id=\"8ed2ed7\" data-element_type=\"widget\" data-widget_type=\"text-editor.default\">\n\t\t\t\t<div class=\"elementor-widget-container\">\n\t\t\t\t\t\t\t\t<div class=\"elementor-text-editor elementor-clearfix\">\n\t\t\t\t<p style=\"text-align: center;\"><strong><span style=\"color: #3366ff;\">Image de flat :<\/span> <\/strong><\/p>\t\t\t\t\t<\/div>\n\t\t\t\t\t\t<\/div>\n\t\t\t\t<\/div>\n\t\t\t\t<div class=\"elementor-element elementor-element-aaac0e2 elementor-widget elementor-widget-text-editor\" data-id=\"aaac0e2\" data-element_type=\"widget\" data-widget_type=\"text-editor.default\">\n\t\t\t\t<div class=\"elementor-widget-container\">\n\t\t\t\t\t\t\t\t<div class=\"elementor-text-editor elementor-clearfix\">\n\t\t\t\t<p>voil\u00e0 ce que donne une image de flat.<\/p><div class=\"centre\" style=\"text-align: center;\">Image de flat cr\u00e9\u00e9e sous IRIS \u00e0 partir de 10 flats brutes :<br \/><img decoding=\"async\" class=\"aligncenter\" src=\"http:\/\/www.arnaudom.fr\/Img\/flat01.jpg\" alt=\"Flat\" \/><\/div><p>\u00a0<\/p><div class=\"centre\" style=\"text-align: center;\">Et ici la m\u00eame en modifiant les seuils de visualisation :<br \/><img decoding=\"async\" class=\"aligncenter\" src=\"http:\/\/www.arnaudom.fr\/Img\/flat02.jpg\" alt=\"Flat\" \/><\/div><p>on voit bien alors l&rsquo;assombrissement de l&rsquo;image sur les bords et les poussi\u00e8res sur le capteur du Canon. Ces d\u00e9fauts sont donc bien enregistr\u00e9s dans l&rsquo;image de flat&#8230; et vont par cons\u00e9quent pouvoir \u00eatre corrig\u00e9s par le traitement informatique. Et voil\u00e0 !<\/p>\t\t\t\t\t<\/div>\n\t\t\t\t\t\t<\/div>\n\t\t\t\t<\/div>\n\t\t\t\t\t\t<\/div>\n\t\t\t\t\t<\/div>\n\t\t<\/div>\n\t\t\t\t\t\t\t\t<\/div>\n\t\t\t\t\t<\/div>\n\t\t<\/section>\n\t\t\t\t\t\t\t\t\t<\/div>\n\t\t\t<\/div>\n\t\t\t\t\t<\/div>\n\t\t","protected":false},"excerpt":{"rendered":"<p>Images avec un reflex num\u00e9rique Bo\u00eete \u00e0 flats Ecrit le 29\/12\/11. Comme d\u00e9j\u00e0 \u00e9voqu\u00e9 dans certains articles pr\u00e9c\u00e9dents, le traitement correct des images astronomiques n\u00e9cessitent l&rsquo;acquisition de plusieurs images n\u00e9cessaires au pr\u00e9traitement, et en particulier des images dites de \u00ab flat \u00bb, ou pour parler fran\u00e7ais, de PLU (abr\u00e9viation de Plage de Lumi\u00e8re Uniforme). Plusieurs &hellip;<\/p>\n<p class=\"read-more\"> <a class=\"\" href=\"https:\/\/www.arnaudom.fr\/wordpress\/reflexflat\/\"> <span class=\"screen-reader-text\">reflexflat<\/span> Lire la suite\u00a0\u00bb<\/a><\/p>\n","protected":false},"author":1,"featured_media":0,"parent":0,"menu_order":0,"comment_status":"closed","ping_status":"closed","template":"","meta":{"site-sidebar-layout":"default","site-content-layout":"default","ast-site-content-layout":"","site-content-style":"default","site-sidebar-style":"default","ast-global-header-display":"","ast-banner-title-visibility":"","ast-main-header-display":"","ast-hfb-above-header-display":"","ast-hfb-below-header-display":"","ast-hfb-mobile-header-display":"","site-post-title":"disabled","ast-breadcrumbs-content":"","ast-featured-img":"","footer-sml-layout":"","theme-transparent-header-meta":"default","adv-header-id-meta":"","stick-header-meta":"","header-above-stick-meta":"","header-main-stick-meta":"","header-below-stick-meta":"","astra-migrate-meta-layouts":"","ast-page-background-enabled":"default","ast-page-background-meta":{"desktop":{"background-color":"","background-image":"","background-repeat":"repeat","background-position":"center center","background-size":"auto","background-attachment":"scroll","background-type":"","background-media":"","overlay-type":"","overlay-color":"","overlay-gradient":""},"tablet":{"background-color":"","background-image":"","background-repeat":"repeat","background-position":"center center","background-size":"auto","background-attachment":"scroll","background-type":"","background-media":"","overlay-type":"","overlay-color":"","overlay-gradient":""},"mobile":{"background-color":"","background-image":"","background-repeat":"repeat","background-position":"center center","background-size":"auto","background-attachment":"scroll","background-type":"","background-media":"","overlay-type":"","overlay-color":"","overlay-gradient":""}},"ast-content-background-meta":{"desktop":{"background-color":"var(--ast-global-color-5)","background-image":"","background-repeat":"repeat","background-position":"center center","background-size":"auto","background-attachment":"scroll","background-type":"","background-media":"","overlay-type":"","overlay-color":"","overlay-gradient":""},"tablet":{"background-color":"var(--ast-global-color-5)","background-image":"","background-repeat":"repeat","background-position":"center center","background-size":"auto","background-attachment":"scroll","background-type":"","background-media":"","overlay-type":"","overlay-color":"","overlay-gradient":""},"mobile":{"background-color":"var(--ast-global-color-5)","background-image":"","background-repeat":"repeat","background-position":"center center","background-size":"auto","background-attachment":"scroll","background-type":"","background-media":"","overlay-type":"","overlay-color":"","overlay-gradient":""}},"footnotes":""},"class_list":["post-5882","page","type-page","status-publish","hentry"],"_links":{"self":[{"href":"https:\/\/www.arnaudom.fr\/wordpress\/wp-json\/wp\/v2\/pages\/5882","targetHints":{"allow":["GET"]}}],"collection":[{"href":"https:\/\/www.arnaudom.fr\/wordpress\/wp-json\/wp\/v2\/pages"}],"about":[{"href":"https:\/\/www.arnaudom.fr\/wordpress\/wp-json\/wp\/v2\/types\/page"}],"author":[{"embeddable":true,"href":"https:\/\/www.arnaudom.fr\/wordpress\/wp-json\/wp\/v2\/users\/1"}],"replies":[{"embeddable":true,"href":"https:\/\/www.arnaudom.fr\/wordpress\/wp-json\/wp\/v2\/comments?post=5882"}],"version-history":[{"count":5,"href":"https:\/\/www.arnaudom.fr\/wordpress\/wp-json\/wp\/v2\/pages\/5882\/revisions"}],"predecessor-version":[{"id":5888,"href":"https:\/\/www.arnaudom.fr\/wordpress\/wp-json\/wp\/v2\/pages\/5882\/revisions\/5888"}],"wp:attachment":[{"href":"https:\/\/www.arnaudom.fr\/wordpress\/wp-json\/wp\/v2\/media?parent=5882"}],"curies":[{"name":"wp","href":"https:\/\/api.w.org\/{rel}","templated":true}]}}