{"id":5809,"date":"2020-08-26T19:29:10","date_gmt":"2020-08-26T17:29:10","guid":{"rendered":"http:\/\/www.arnaudom.fr\/wordpress\/?page_id=5809"},"modified":"2020-08-26T19:39:26","modified_gmt":"2020-08-26T17:39:26","slug":"reflexfocus","status":"publish","type":"page","link":"https:\/\/www.arnaudom.fr\/wordpress\/reflexfocus\/","title":{"rendered":"reflexfocus"},"content":{"rendered":"\t\t<div data-elementor-type=\"wp-page\" data-elementor-id=\"5809\" class=\"elementor elementor-5809\">\n\t\t\t\t\t\t<div class=\"elementor-inner\">\n\t\t\t\t<div class=\"elementor-section-wrap\">\n\t\t\t\t\t\t\t\t\t<section class=\"elementor-section elementor-top-section elementor-element elementor-element-198b3c3 elementor-section-full_width elementor-section-height-default elementor-section-height-default\" data-id=\"198b3c3\" data-element_type=\"section\">\n\t\t\t\t\t\t<div class=\"elementor-container elementor-column-gap-default\">\n\t\t\t\t\t\t\t<div class=\"elementor-row\">\n\t\t\t\t\t<div class=\"elementor-column elementor-col-100 elementor-top-column elementor-element elementor-element-bbba73c\" data-id=\"bbba73c\" data-element_type=\"column\" data-settings=\"{&quot;background_background&quot;:&quot;classic&quot;}\">\n\t\t\t<div class=\"elementor-column-wrap elementor-element-populated\">\n\t\t\t\t\t\t\t<div class=\"elementor-widget-wrap\">\n\t\t\t\t\t\t<div class=\"elementor-element elementor-element-80e944f elementor-widget elementor-widget-heading\" data-id=\"80e944f\" data-element_type=\"widget\" data-widget_type=\"heading.default\">\n\t\t\t\t<div class=\"elementor-widget-container\">\n\t\t\t<h1 class=\"elementor-heading-title elementor-size-default\">Images avec un reflex num\u00e9rique<\/h1>\t\t<\/div>\n\t\t\t\t<\/div>\n\t\t\t\t<div class=\"elementor-element elementor-element-dd7364e elementor-widget elementor-widget-heading\" data-id=\"dd7364e\" data-element_type=\"widget\" data-widget_type=\"heading.default\">\n\t\t\t\t<div class=\"elementor-widget-container\">\n\t\t\t<h2 class=\"elementor-heading-title elementor-size-default\">Le logiciel APN Focus<\/h2>\t\t<\/div>\n\t\t\t\t<\/div>\n\t\t\t\t<div class=\"elementor-element elementor-element-da3811c elementor-widget elementor-widget-text-editor\" data-id=\"da3811c\" data-element_type=\"widget\" data-widget_type=\"text-editor.default\">\n\t\t\t\t<div class=\"elementor-widget-container\">\n\t\t\t\t\t\t\t\t<div class=\"elementor-text-editor elementor-clearfix\">\n\t\t\t\t<p>Ce logiciel, con\u00e7u par Jean-Philippe Cazard, est une aide tr\u00e8s pr\u00e9cieuse \u00e0 la mise au point lors d&rsquo;une s\u00e9ance d&rsquo;astrophoto. Il est gratuit et on peut le t\u00e9l\u00e9charger ici : <a href=\"http:\/\/astrosurf.com\/apnfocus\/\">http:\/\/astrosurf.com\/apnfocus<\/a>. Il suffit de d\u00e9compresser l&rsquo;archive puis de cliquer sur \u00ab\u00a0Setup\u00a0\u00bb pour l&rsquo;installation.<\/p><p>Gr\u00e2ce \u00e0 lui et au logiciel fourni avec le Canon, on va pouvoir automatiser une s\u00e9rie de prises de vue qui vont nous servir \u00e0 am\u00e9liorer la mise au point. Donc je suppose que vous avez install\u00e9 les logiciels Canon et APN Focus sur votre ordinateur, vous avez branch\u00e9 l&rsquo;appareil photo \u00e0 l&rsquo;aide du c\u00e2ble fourni au PC et vous pointez la cible choisie.<\/p><p>Bref, donc on met l&rsquo;appareil photo en marche : on a un \u00e9cran comme celui-ci qui appara\u00eet.<\/p><div class=\"centre\"><img decoding=\"async\" class=\"aligncenter\" src=\"http:\/\/www.arnaudom.fr\/Img\/AF1.jpg\" alt=\"APNFocus\" \/><\/div><p>On choisit l&rsquo;onglet Remote Shooting puis on clique sur le bouton correspondant.<\/p><div class=\"centre\"><img decoding=\"async\" class=\"aligncenter\" src=\"http:\/\/www.arnaudom.fr\/Img\/AF2.jpg\" alt=\"APNFocus\" \/><\/div><p>Il faut alors choisir un r\u00e9pertoire pour enregistrer les photos : j&rsquo;ai cr\u00e9\u00e9 un r\u00e9pertoire nomm\u00e9 \u00ab\u00a0Photos\u00a0\u00bb (&#8230;) pour stocker mes images puis on clique sur OK.<\/p><div class=\"centre\"><img decoding=\"async\" class=\"aligncenter\" src=\"http:\/\/www.arnaudom.fr\/Img\/AF3.jpg\" alt=\"APNFocus\" \/><\/div><p>Alors maintenant on obtient la fen\u00eatre suivante :<\/p><div class=\"centre\"><img decoding=\"async\" class=\"aligncenter\" src=\"http:\/\/www.arnaudom.fr\/Img\/AF4.jpg\" alt=\"APNFocus\" \/><\/div><p>A partir de l\u00e0, on peut r\u00e9gler les param\u00e8tres de l&rsquo;APN. Assurez-vous d&rsquo;avoir mis la mollette en mode manuel (un <strong><span class=\"gras\">M<\/span><\/strong> doit s&rsquo;afficher).<br \/>En cliquant sur chaque param\u00e8tre directement sur l&rsquo;\u00e9cran et \u00e0 l&rsquo;aide des fl\u00e8ches <span class=\"milieu2\"><img decoding=\"async\" src=\"http:\/\/www.arnaudom.fr\/Img\/AF5.jpg\" alt=\"APNFocus\" \/><\/span> , r\u00e9gler le temps de pose sur 10 secondes (<strong><span class=\"gras\">10&Prime;<\/span><\/strong> ), choisir <strong><span class=\"gras\">400 iso<\/span><\/strong> et format<strong> <span class=\"gras\">L<\/span><\/strong> non compress\u00e9.<\/p><p>A pr\u00e9sent, cliquer sur <strong><span class=\"gras\">Fichier<\/span><\/strong>, puis remplir la fen\u00eatre qui appara\u00eet : r\u00e9pertoire de destination, le nom des photos (ici j&rsquo;ai mis Test) et le num\u00e9ro de d\u00e9part (ben &#8230; 1 !) puis<strong> <span class=\"gras\">OK<\/span><\/strong>. On aura un s\u00e9rie de photos appel\u00e9es Test1, Test2, etc &#8230;<\/p><div class=\"centre\"><img decoding=\"async\" class=\"aligncenter\" src=\"http:\/\/www.arnaudom.fr\/Img\/AF6.jpg\" alt=\"APNFocus\" \/><\/div><p>Aller maintenant sur<strong> <span class=\"gras\">Outils<\/span><\/strong>, pour r\u00e9gler les prises \u00e0 retardement : le d\u00e9lai correspond au temps avant le d\u00e9but de la s\u00e9rie de pose (j&rsquo;ai laiss\u00e9 10 secondes), l&rsquo;intervalle correspond au temps entre chaque prise (ici, j&rsquo;ai mis 20 secondes car chaque photo a un temps de pose de 10 secondes, et comme mon ordinateur est un peu lent, il lui faut un certain temps pour rapatrier la photo sur le PC, donc j&rsquo;ai ajout\u00e9 encore 10 secondes pour \u00eatre tranquille) et on indique le nombre de prises \u00e0 faire (ici j&rsquo;ai mis 100, normalement au bout d&rsquo;une trentaine maximum la MAP est faite). Bien entendu, vous pouvez changer ces param\u00e8tres en fonction de votre mat\u00e9riel, faites des essais.<br \/>Bref, il ne reste plus qu&rsquo;\u00e0 cliquer sur <strong><span class=\"gras\">D\u00e9marrer<\/span>.<\/strong><\/p><div class=\"centre\"><img decoding=\"async\" class=\"aligncenter\" src=\"http:\/\/www.arnaudom.fr\/Img\/AF7.jpg\" alt=\"APNFocus\" \/><\/div>\t\t\t\t\t<\/div>\n\t\t\t\t\t\t<\/div>\n\t\t\t\t<\/div>\n\t\t\t\t<div class=\"elementor-element elementor-element-e5f011a elementor-align-center elementor-widget elementor-widget-button\" data-id=\"e5f011a\" data-element_type=\"widget\" data-widget_type=\"button.default\">\n\t\t\t\t<div class=\"elementor-widget-container\">\n\t\t\t\t\t<div class=\"elementor-button-wrapper\">\n\t\t\t<a href=\"http:\/\/www.arnaudom.fr\/wordpress\/focusuite\" class=\"elementor-button-link elementor-button elementor-size-sm\" role=\"button\">\n\t\t\t\t\t\t<span class=\"elementor-button-content-wrapper\">\n\t\t\t\t\t\t\t<span class=\"elementor-button-icon elementor-align-icon-right\">\n\t\t\t\t<i aria-hidden=\"true\" class=\"fas fa-arrow-right\"><\/i>\t\t\t<\/span>\n\t\t\t\t\t\t<span class=\"elementor-button-text\">Suite<\/span>\n\t\t<\/span>\n\t\t\t\t\t<\/a>\n\t\t<\/div>\n\t\t\t\t<\/div>\n\t\t\t\t<\/div>\n\t\t\t\t\t\t<\/div>\n\t\t\t\t\t<\/div>\n\t\t<\/div>\n\t\t\t\t\t\t\t\t<\/div>\n\t\t\t\t\t<\/div>\n\t\t<\/section>\n\t\t\t\t\t\t\t\t\t<\/div>\n\t\t\t<\/div>\n\t\t\t\t\t<\/div>\n\t\t","protected":false},"excerpt":{"rendered":"<p>Images avec un reflex num\u00e9rique Le logiciel APN Focus Ce logiciel, con\u00e7u par Jean-Philippe Cazard, est une aide tr\u00e8s pr\u00e9cieuse \u00e0 la mise au point lors d&rsquo;une s\u00e9ance d&rsquo;astrophoto. Il est gratuit et on peut le t\u00e9l\u00e9charger ici : http:\/\/astrosurf.com\/apnfocus. Il suffit de d\u00e9compresser l&rsquo;archive puis de cliquer sur \u00ab\u00a0Setup\u00a0\u00bb pour l&rsquo;installation. Gr\u00e2ce \u00e0 lui &hellip;<\/p>\n<p class=\"read-more\"> <a class=\"\" href=\"https:\/\/www.arnaudom.fr\/wordpress\/reflexfocus\/\"> <span class=\"screen-reader-text\">reflexfocus<\/span> Lire la suite\u00a0\u00bb<\/a><\/p>\n","protected":false},"author":1,"featured_media":0,"parent":0,"menu_order":0,"comment_status":"closed","ping_status":"closed","template":"","meta":{"site-sidebar-layout":"default","site-content-layout":"default","ast-site-content-layout":"","site-content-style":"default","site-sidebar-style":"default","ast-global-header-display":"","ast-banner-title-visibility":"","ast-main-header-display":"","ast-hfb-above-header-display":"","ast-hfb-below-header-display":"","ast-hfb-mobile-header-display":"","site-post-title":"disabled","ast-breadcrumbs-content":"","ast-featured-img":"","footer-sml-layout":"","theme-transparent-header-meta":"default","adv-header-id-meta":"","stick-header-meta":"","header-above-stick-meta":"","header-main-stick-meta":"","header-below-stick-meta":"","astra-migrate-meta-layouts":"","ast-page-background-enabled":"default","ast-page-background-meta":{"desktop":{"background-color":"","background-image":"","background-repeat":"repeat","background-position":"center center","background-size":"auto","background-attachment":"scroll","background-type":"","background-media":"","overlay-type":"","overlay-color":"","overlay-gradient":""},"tablet":{"background-color":"","background-image":"","background-repeat":"repeat","background-position":"center center","background-size":"auto","background-attachment":"scroll","background-type":"","background-media":"","overlay-type":"","overlay-color":"","overlay-gradient":""},"mobile":{"background-color":"","background-image":"","background-repeat":"repeat","background-position":"center center","background-size":"auto","background-attachment":"scroll","background-type":"","background-media":"","overlay-type":"","overlay-color":"","overlay-gradient":""}},"ast-content-background-meta":{"desktop":{"background-color":"var(--ast-global-color-5)","background-image":"","background-repeat":"repeat","background-position":"center center","background-size":"auto","background-attachment":"scroll","background-type":"","background-media":"","overlay-type":"","overlay-color":"","overlay-gradient":""},"tablet":{"background-color":"var(--ast-global-color-5)","background-image":"","background-repeat":"repeat","background-position":"center center","background-size":"auto","background-attachment":"scroll","background-type":"","background-media":"","overlay-type":"","overlay-color":"","overlay-gradient":""},"mobile":{"background-color":"var(--ast-global-color-5)","background-image":"","background-repeat":"repeat","background-position":"center center","background-size":"auto","background-attachment":"scroll","background-type":"","background-media":"","overlay-type":"","overlay-color":"","overlay-gradient":""}},"footnotes":""},"class_list":["post-5809","page","type-page","status-publish","hentry"],"_links":{"self":[{"href":"https:\/\/www.arnaudom.fr\/wordpress\/wp-json\/wp\/v2\/pages\/5809","targetHints":{"allow":["GET"]}}],"collection":[{"href":"https:\/\/www.arnaudom.fr\/wordpress\/wp-json\/wp\/v2\/pages"}],"about":[{"href":"https:\/\/www.arnaudom.fr\/wordpress\/wp-json\/wp\/v2\/types\/page"}],"author":[{"embeddable":true,"href":"https:\/\/www.arnaudom.fr\/wordpress\/wp-json\/wp\/v2\/users\/1"}],"replies":[{"embeddable":true,"href":"https:\/\/www.arnaudom.fr\/wordpress\/wp-json\/wp\/v2\/comments?post=5809"}],"version-history":[{"count":7,"href":"https:\/\/www.arnaudom.fr\/wordpress\/wp-json\/wp\/v2\/pages\/5809\/revisions"}],"predecessor-version":[{"id":5818,"href":"https:\/\/www.arnaudom.fr\/wordpress\/wp-json\/wp\/v2\/pages\/5809\/revisions\/5818"}],"wp:attachment":[{"href":"https:\/\/www.arnaudom.fr\/wordpress\/wp-json\/wp\/v2\/media?parent=5809"}],"curies":[{"name":"wp","href":"https:\/\/api.w.org\/{rel}","templated":true}]}}