{"id":5718,"date":"2020-08-20T12:52:03","date_gmt":"2020-08-20T10:52:03","guid":{"rendered":"http:\/\/www.arnaudom.fr\/wordpress\/?page_id=5718"},"modified":"2020-08-20T13:03:53","modified_gmt":"2020-08-20T11:03:53","slug":"autoauto","status":"publish","type":"page","link":"https:\/\/www.arnaudom.fr\/wordpress\/autoauto\/","title":{"rendered":"autoauto"},"content":{"rendered":"\t\t<div data-elementor-type=\"wp-page\" data-elementor-id=\"5718\" class=\"elementor elementor-5718\">\n\t\t\t\t\t\t<div class=\"elementor-inner\">\n\t\t\t\t<div class=\"elementor-section-wrap\">\n\t\t\t\t\t\t\t\t\t<section class=\"elementor-section elementor-top-section elementor-element elementor-element-170864a elementor-section-full_width elementor-section-height-default elementor-section-height-default\" data-id=\"170864a\" data-element_type=\"section\">\n\t\t\t\t\t\t<div class=\"elementor-container elementor-column-gap-default\">\n\t\t\t\t\t\t\t<div class=\"elementor-row\">\n\t\t\t\t\t<div class=\"elementor-column elementor-col-100 elementor-top-column elementor-element elementor-element-7628e82\" data-id=\"7628e82\" data-element_type=\"column\" data-settings=\"{&quot;background_background&quot;:&quot;classic&quot;}\">\n\t\t\t<div class=\"elementor-column-wrap elementor-element-populated\">\n\t\t\t\t\t\t\t<div class=\"elementor-widget-wrap\">\n\t\t\t\t\t\t<div class=\"elementor-element elementor-element-1090384 elementor-widget elementor-widget-heading\" data-id=\"1090384\" data-element_type=\"widget\" data-widget_type=\"heading.default\">\n\t\t\t\t<div class=\"elementor-widget-container\">\n\t\t\t<h1 class=\"elementor-heading-title elementor-size-default\">Images avec un reflex num\u00e9rique<\/h1>\t\t<\/div>\n\t\t\t\t<\/div>\n\t\t\t\t<div class=\"elementor-element elementor-element-f8beba7 elementor-widget elementor-widget-text-editor\" data-id=\"f8beba7\" data-element_type=\"widget\" data-widget_type=\"text-editor.default\">\n\t\t\t\t<div class=\"elementor-widget-container\">\n\t\t\t\t\t\t\t\t<div class=\"elementor-text-editor elementor-clearfix\">\n\t\t\t\t<p><em>Ecrit le 30\/09\/11.<\/em><\/p>\t\t\t\t\t<\/div>\n\t\t\t\t\t\t<\/div>\n\t\t\t\t<\/div>\n\t\t\t\t<div class=\"elementor-element elementor-element-aa59f63 elementor-widget elementor-widget-heading\" data-id=\"aa59f63\" data-element_type=\"widget\" data-widget_type=\"heading.default\">\n\t\t\t\t<div class=\"elementor-widget-container\">\n\t\t\t<h2 class=\"elementor-heading-title elementor-size-default\">Solution d'autoguidage<\/h2>\t\t<\/div>\n\t\t\t\t<\/div>\n\t\t\t\t<div class=\"elementor-element elementor-element-f682a8e elementor-widget elementor-widget-text-editor\" data-id=\"f682a8e\" data-element_type=\"widget\" data-widget_type=\"text-editor.default\">\n\t\t\t\t<div class=\"elementor-widget-container\">\n\t\t\t\t\t\t\t\t<div class=\"elementor-text-editor elementor-clearfix\">\n\t\t\t\t<p style=\"text-align: center;\"><strong><span style=\"color: #0000ff;\">Principe g\u00e9n\u00e9ral :<\/span><\/strong><\/p>\t\t\t\t\t<\/div>\n\t\t\t\t\t\t<\/div>\n\t\t\t\t<\/div>\n\t\t\t\t<div class=\"elementor-element elementor-element-9e42a24 elementor-widget elementor-widget-text-editor\" data-id=\"9e42a24\" data-element_type=\"widget\" data-widget_type=\"text-editor.default\">\n\t\t\t\t<div class=\"elementor-widget-container\">\n\t\t\t\t\t\t\t\t<div class=\"elementor-text-editor elementor-clearfix\">\n\t\t\t\t<p>Afin de pouvoir progresser en astrophoto, il est n\u00e9cessaire de pouvoir acc\u00e9der \u00e0 des poses de plusieurs minutes, ce qui implique une solution d&rsquo;autoguidage pour la monture.<br \/>Le principe de l&rsquo;autoguidage consiste \u00e0 corriger les impr\u00e9cisions de suivi de la monture durant les longues poses afin que l&rsquo;image reste nette, cette correction \u00e9tant effectu\u00e9e automatiquement par le biais d&rsquo;un instrument secondaire et d&rsquo;un logiciel qui calcule les corrections n\u00e9cessaires et envoie les ordres correspondants \u00e0 la monture.<\/p><p>Le principe g\u00e9n\u00e9ral est simple (attention, je parle bien du principe, pas de la mise en oeuvre pratique qui est une toute autre paire de manches <span class=\"milieu2\"> <img decoding=\"async\" src=\"http:\/\/arnaudom.fr\/Img\/smclin.gif\" alt=\"clin d'oeil\" \/><\/span>) et bien connu des astrophotographes chevronn\u00e9s :<br \/>&#8211; un instrument secondaire est fix\u00e9 en parall\u00e8le de l&rsquo;instrument principal qui sert \u00e0 faire la photographie<br \/>&#8211; sur l&rsquo;instrument secondaire est install\u00e9 une cam\u00e9ra qui va filmer une \u00e9toile qui sera utilis\u00e9e comme point de rep\u00e8re pour le guidage (on parle donc d&rsquo;\u00e9toile-guide)<br \/>&#8211; la cam\u00e9ra est reli\u00e9e \u00e0 la monture (soit directement par le fameux port ST4 destin\u00e9 \u00e0 l&rsquo;autoguidage des montures, soit par l&rsquo;interm\u00e9daire d&rsquo;un ordinateur) et reli\u00e9e \u00e0 un PC qui enregistre, via un logiciel appropri\u00e9, les mouvements de l&rsquo;\u00e9toile-guide. En cas de d\u00e9rive de l&rsquo;\u00e9toile, le logiciel envoie \u00e0 la monture les ordres n\u00e9cessaires \u00e0 la correction du suivi.<\/p><p><strong><span class=\"gras\">Remarques :<\/span><\/strong><br \/>Il existe des variantes qui permettent soit de se passer d&rsquo;un instrument secondaire (on utilise un diviseur optique qui permet de fixer la cam\u00e9ra sur le porte-oculaire en m\u00eame temps que l&rsquo;appareil de photographie, ou alors on utilise certaines cam\u00e9ras CCD qui poss\u00e8dent un capteur pour faire la photo proprement dite et un second capteur qui lui est destin\u00e9 \u00e0 l&rsquo;autoguidage, mais c&rsquo;est une solution plut\u00f4t on\u00e9reuse <span class=\"milieu2\"> <img decoding=\"async\" src=\"http:\/\/arnaudom.fr\/Img\/smpleure.gif\" alt=\"clin d'oeil\" \/><\/span>&#8230;), soit de se passer d&rsquo;ordinateur (il existe d\u00e9sormais sur le march\u00e9 plusieurs sortes de cam\u00e9ra de guidage \u00ab\u00a0autonome\u00a0\u00bb, qui pilotent le suivi de la monture sans l&rsquo;aide d&rsquo;un PC), mais je ne ma\u00eetrise pas ces techniques donc je ne m&rsquo;\u00e9tendrai pas sur le sujet.<\/p><div class=\"centre\" style=\"text-align: center;\"><img decoding=\"async\" src=\"http:\/\/www.arnaudom.fr\/Img\/synguider.jpg\" alt=\"Synguider\" \/><br \/><strong><span class=\"gras\">Exemple de cam\u00e9ra autonome : la synguider<\/span><\/strong><\/div>\t\t\t\t\t<\/div>\n\t\t\t\t\t\t<\/div>\n\t\t\t\t<\/div>\n\t\t\t\t<div class=\"elementor-element elementor-element-aa4d206 elementor-widget elementor-widget-text-editor\" data-id=\"aa4d206\" data-element_type=\"widget\" data-widget_type=\"text-editor.default\">\n\t\t\t\t<div class=\"elementor-widget-container\">\n\t\t\t\t\t\t\t\t<div class=\"elementor-text-editor elementor-clearfix\">\n\t\t\t\t<p style=\"text-align: center;\"><strong><span style=\"color: #0000ff;\">Premi\u00e8re id\u00e9e :<\/span><\/strong><\/p>\t\t\t\t\t<\/div>\n\t\t\t\t\t\t<\/div>\n\t\t\t\t<\/div>\n\t\t\t\t<div class=\"elementor-element elementor-element-8618fff elementor-widget elementor-widget-text-editor\" data-id=\"8618fff\" data-element_type=\"widget\" data-widget_type=\"text-editor.default\">\n\t\t\t\t<div class=\"elementor-widget-container\">\n\t\t\t\t\t\t\t\t<div class=\"elementor-text-editor elementor-clearfix\">\n\t\t\t\t<p>possesseur d&rsquo;un petit Mak 127, la premi\u00e8re id\u00e9e qui m&rsquo;est venue \u00e9tait de l&rsquo;utiliser comme instrument de guidage avec le Newton 200\/800, et de me servir de ma webcam Atik 1-C comme cam\u00e9ra. La monture EQ6 peut porter sans probl\u00e8me les deux instruments, mais il me fallait une solution pour fixer le Mak en parall\u00e8le. En g\u00e9n\u00e9ral on fixe l&rsquo;instrument secondaire avec des anneaux de guidage sur le premier, mais les colliers du 200\/800 ne sont pas pr\u00e9vus pour en recevoir (pas de filetage pr\u00e9sents), donc \u00e7a impliquait soit de changer les colliers du 200\/800, soit de les percer moi-m\u00eame pour pouvoir y fixer les anneaux de guidage, dans tous les cas c&rsquo;\u00e9tait encore pas mal d&rsquo;argent \u00e0 d\u00e9penser ou de bricolage \u00e0 faire.<\/p><p>Une autre solution est de fixer les deux instruments sur une platine double, j&rsquo;ai donc achet\u00e9 une telle platine (pas donn\u00e9e non plus<span class=\"milieu2\"> <img decoding=\"async\" src=\"http:\/\/arnaudom.fr\/Img\/smpleure.gif\" alt=\"clin d'oeil\" \/><\/span>) pour faire quelques essais : la monture porte le tout sans souci, mais l&rsquo;\u00e9quilibrage m&rsquo;a sembl\u00e9 assez compliqu\u00e9 (bien que faisable), et surtout l&rsquo;installation est assez p\u00e9nible (mais bien s\u00fbr faisable l\u00e0 aussi).<\/p><div class=\"centre\" style=\"text-align: center;\"><img decoding=\"async\" class=\"aligncenter\" src=\"http:\/\/www.arnaudom.fr\/Img\/duomount.jpg\" alt=\"Duomount\" \/><br \/><strong><span class=\"gras\">Platine Duomount<\/span><\/strong><\/div><p>Apr\u00e8s il me fallait une interface pour relier la monture au PC et \u00e0 la webcam, et aussi un logiciel de guidage.<\/p><p>Enfin un dernier probl\u00e8me est apparu : le Mak poss\u00e8de une focale de 1500 mm, beaucoup trop longue pour guider. L\u00e0 aussi j&rsquo;ai pu r\u00e9gler ce probl\u00e8me en utilisant mon r\u00e9ducteur de focale pour webcam, qui permet de diviser la focale du Mak par deux. Comme je le disais plus haut, beaucoup de complications apparaissent dans la mise oeuvre <span class=\"milieu2\"> <img decoding=\"async\" src=\"http:\/\/arnaudom.fr\/Img\/smoh.gif\" alt=\"clin d'oeil\" \/><\/span>!<\/p><p>J&rsquo;ai fait quelques essais l&rsquo;ann\u00e9e derni\u00e8re avec ce syst\u00e8me, il semble pouvoir fonctionner mais le champ de la webcam associ\u00e9e au Mak est vraiment tr\u00e8s r\u00e8duit, et sa petitesse associ\u00e9e au manque de sensibilit\u00e9 du capteur couleur de la cam\u00e9ra me fait craindre de ne pas pouvoir trouver d&rsquo;\u00e9toile-guide suffisamment lumineuse \u00e0 chaque fois pour que l&rsquo;autoguidage fonctionne.<\/p><p>Bref, devant la complexit\u00e9 de l&rsquo;installation du mat\u00e9riel et le manque de performance de mon syst\u00e8me de guidage, j&rsquo;ai renonc\u00e9 dans un premier temps \u00e0 l&rsquo;autoguidage&#8230;<\/p>\t\t\t\t\t<\/div>\n\t\t\t\t\t\t<\/div>\n\t\t\t\t<\/div>\n\t\t\t\t<div class=\"elementor-element elementor-element-0f43571 elementor-widget elementor-widget-text-editor\" data-id=\"0f43571\" data-element_type=\"widget\" data-widget_type=\"text-editor.default\">\n\t\t\t\t<div class=\"elementor-widget-container\">\n\t\t\t\t\t\t\t\t<div class=\"elementor-text-editor elementor-clearfix\">\n\t\t\t\t<p style=\"text-align: center;\"><strong><span style=\"color: #0000ff;\">Ma solution :<\/span><\/strong><\/p>\t\t\t\t\t<\/div>\n\t\t\t\t\t\t<\/div>\n\t\t\t\t<\/div>\n\t\t\t\t<div class=\"elementor-element elementor-element-7009315 elementor-widget elementor-widget-text-editor\" data-id=\"7009315\" data-element_type=\"widget\" data-widget_type=\"text-editor.default\">\n\t\t\t\t<div class=\"elementor-widget-container\">\n\t\t\t\t\t\t\t\t<div class=\"elementor-text-editor elementor-clearfix\">\n\t\t\t\t<div id=\"page\"><div id=\"corps\"><p>finalement j&rsquo;ai d\u00e9couvert sur Internet cette ann\u00e9e que des astronomes amateurs utilisaient leur chercheur comme instrument de guidage ce qui a relanc\u00e9 mon int\u00e9r\u00eat pour l&rsquo;autoguidage. En effet, cette solution semble pouvoir s&rsquo;adapter pour des instruments allant jusqu&rsquo;\u00e0 1000 mm de focale (donc parfait pour mon 200\/800).<\/p><p>Utiliser le chercheur comme instrument-guide permet de se d\u00e9barasser de plusieurs des contraintes qui m&rsquo;indisposaient pr\u00e9c\u00e9demment : le probl\u00e8me de la fixation de l&rsquo;instrument-guide est r\u00e9gl\u00e9, le chercheur offre un tr\u00e8s grand champ donc permet de trouver plus facilement une \u00e9toile-guide, et l&rsquo;ensemble est \u00e9videmment d&rsquo;une l\u00e9g\u00e8ret\u00e9 maximale.<\/p><p>Ensuite je me suis fait un petit plaisir : j&rsquo;ai investi dans une cam\u00e9ra sp\u00e9cialement d\u00e9di\u00e9e \u00e0 l&rsquo;autoguidage, l&rsquo;Orion Starshoot Autoguider, qui poss\u00e8de l&rsquo;avantage de poss\u00e9der un tr\u00e8s grand capteur (beaucoup plus grand que celui de la webcam) et qui est noir et blanc, donc plus sensible que le capteur couleur. Ainsi je maximise les chances de trouver une \u00e9toile-guide \u00e0 chaque fois.<\/p><div class=\"centre\" style=\"text-align: center;\"><img decoding=\"async\" class=\"aligncenter\" src=\"http:\/\/www.arnaudom.fr\/Img\/ssag.jpg\" alt=\"Starshoot\" \/><br \/><strong><span class=\"gras\">Cam\u00e9ra Orion StarShoot Autoguider<\/span><\/strong><\/div><p>Puis j&rsquo;ai trouv\u00e9 chez <a href=\"http:\/\/www.pierro-astro.com\/\">Pierre-Astro<\/a> une bague qui permet de relier la StarShoot au chercheur apr\u00e8s avoir d\u00e9viss\u00e9 la partie arri\u00e8re du 8&#215;50. Mon ensemble de guidage est donc simplement constitu\u00e9 du chercheur, dans lequel est viss\u00e9e la bague qui est elle-m\u00eame viss\u00e9e \u00e0 la cam\u00e9ra.<\/p><div class=\"centre\" style=\"text-align: center;\"><img decoding=\"async\" class=\"aligncenter\" src=\"http:\/\/www.arnaudom.fr\/Img\/bcher.jpg\" alt=\"Starshoot\" \/><br \/><strong><span class=\"gras\">Bague de liaison pour chercheur GSO<\/span><\/strong><\/div><p>\u00a0<\/p><div class=\"centre\" style=\"text-align: center;\"><img decoding=\"async\" class=\"aligncenter\" src=\"http:\/\/www.arnaudom.fr\/Img\/chplssag.jpg\" alt=\"Starshoot\" \/><br \/><strong><span class=\"gras\">Cam\u00e9ra fix\u00e9e au chercheur 8&#215;50 par l&rsquo;interm\u00e9daire de la bague<\/span><\/strong><\/div><p>Enfin, la cam\u00e9ra est livr\u00e9e avec le logiciel PHD Guiding qui est tr\u00e8s simple \u00e0 mettre en oeuvre et permet donc d&rsquo;autoguider la monture, et de deux c\u00e2bles, un c\u00e2ble USB pour la brancher \u00e0 l&rsquo;ordinateur et une c\u00e2ble qui relie directement la cam\u00e9ra \u00e0 la monture par son port ST4 et permet donc de commander directement les mouvements de la monture par l&rsquo;interm\u00e9diaire du logiciel.<\/p><div class=\"centre\" style=\"text-align: center;\"><img decoding=\"async\" class=\"aligncenter\" src=\"http:\/\/www.arnaudom.fr\/Img\/setup01.jpg\" alt=\"Setup d'autoguidage\" \/><br \/><strong><span class=\"gras\">L&rsquo;ensemble connect\u00e9 avec le t\u00e9lescope<\/span><\/strong><\/div><p>\u00a0<\/p><div class=\"centre\" style=\"text-align: center;\"><img decoding=\"async\" class=\"aligncenter\" src=\"http:\/\/www.arnaudom.fr\/Img\/setup02.jpg\" alt=\"Port d'autoguidage\" \/><br \/><strong><span class=\"gras\">Le port ST4 Auto Guider en gros plan&#8230;<\/span><\/strong><\/div><p>Les premiers essais sont tr\u00e8s encourageants, l&rsquo;ensemble chercheur + cam\u00e9ra permet d&rsquo;obtenir facilement un autoguidage satisfaisant avec un minimum de contraintes mat\u00e9riels. J&rsquo;essaierai de d\u00e9tailler plus longuement l&rsquo;utilisation du logiciel et de la cam\u00e9ra lors des prochains mois.<\/p><p>Voici ma premi\u00e8re photo faite en autoguidage avec cette configuration : <a href=\"http:\/\/www.arnaudom.fr\/wordpress\/m13apn\/\">l&rsquo;amas globulaire M13<\/a>.<\/p><\/div><\/div><div id=\"bas\"><div id=\"droits\">\u00a0<\/div><\/div>\t\t\t\t\t<\/div>\n\t\t\t\t\t\t<\/div>\n\t\t\t\t<\/div>\n\t\t\t\t\t\t<\/div>\n\t\t\t\t\t<\/div>\n\t\t<\/div>\n\t\t\t\t\t\t\t\t<\/div>\n\t\t\t\t\t<\/div>\n\t\t<\/section>\n\t\t\t\t\t\t\t\t\t<\/div>\n\t\t\t<\/div>\n\t\t\t\t\t<\/div>\n\t\t","protected":false},"excerpt":{"rendered":"<p>Images avec un reflex num\u00e9rique Ecrit le 30\/09\/11. Solution d&rsquo;autoguidage Principe g\u00e9n\u00e9ral : Afin de pouvoir progresser en astrophoto, il est n\u00e9cessaire de pouvoir acc\u00e9der \u00e0 des poses de plusieurs minutes, ce qui implique une solution d&rsquo;autoguidage pour la monture.Le principe de l&rsquo;autoguidage consiste \u00e0 corriger les impr\u00e9cisions de suivi de la monture durant les &hellip;<\/p>\n<p class=\"read-more\"> <a class=\"\" href=\"https:\/\/www.arnaudom.fr\/wordpress\/autoauto\/\"> <span class=\"screen-reader-text\">autoauto<\/span> Lire la suite\u00a0\u00bb<\/a><\/p>\n","protected":false},"author":1,"featured_media":0,"parent":0,"menu_order":0,"comment_status":"closed","ping_status":"closed","template":"","meta":{"site-sidebar-layout":"default","site-content-layout":"default","ast-site-content-layout":"","site-content-style":"default","site-sidebar-style":"default","ast-global-header-display":"","ast-banner-title-visibility":"","ast-main-header-display":"","ast-hfb-above-header-display":"","ast-hfb-below-header-display":"","ast-hfb-mobile-header-display":"","site-post-title":"disabled","ast-breadcrumbs-content":"","ast-featured-img":"","footer-sml-layout":"","theme-transparent-header-meta":"default","adv-header-id-meta":"","stick-header-meta":"","header-above-stick-meta":"","header-main-stick-meta":"","header-below-stick-meta":"","astra-migrate-meta-layouts":"","ast-page-background-enabled":"default","ast-page-background-meta":{"desktop":{"background-color":"","background-image":"","background-repeat":"repeat","background-position":"center center","background-size":"auto","background-attachment":"scroll","background-type":"","background-media":"","overlay-type":"","overlay-color":"","overlay-gradient":""},"tablet":{"background-color":"","background-image":"","background-repeat":"repeat","background-position":"center center","background-size":"auto","background-attachment":"scroll","background-type":"","background-media":"","overlay-type":"","overlay-color":"","overlay-gradient":""},"mobile":{"background-color":"","background-image":"","background-repeat":"repeat","background-position":"center center","background-size":"auto","background-attachment":"scroll","background-type":"","background-media":"","overlay-type":"","overlay-color":"","overlay-gradient":""}},"ast-content-background-meta":{"desktop":{"background-color":"var(--ast-global-color-5)","background-image":"","background-repeat":"repeat","background-position":"center center","background-size":"auto","background-attachment":"scroll","background-type":"","background-media":"","overlay-type":"","overlay-color":"","overlay-gradient":""},"tablet":{"background-color":"var(--ast-global-color-5)","background-image":"","background-repeat":"repeat","background-position":"center center","background-size":"auto","background-attachment":"scroll","background-type":"","background-media":"","overlay-type":"","overlay-color":"","overlay-gradient":""},"mobile":{"background-color":"var(--ast-global-color-5)","background-image":"","background-repeat":"repeat","background-position":"center center","background-size":"auto","background-attachment":"scroll","background-type":"","background-media":"","overlay-type":"","overlay-color":"","overlay-gradient":""}},"footnotes":""},"class_list":["post-5718","page","type-page","status-publish","hentry"],"_links":{"self":[{"href":"https:\/\/www.arnaudom.fr\/wordpress\/wp-json\/wp\/v2\/pages\/5718","targetHints":{"allow":["GET"]}}],"collection":[{"href":"https:\/\/www.arnaudom.fr\/wordpress\/wp-json\/wp\/v2\/pages"}],"about":[{"href":"https:\/\/www.arnaudom.fr\/wordpress\/wp-json\/wp\/v2\/types\/page"}],"author":[{"embeddable":true,"href":"https:\/\/www.arnaudom.fr\/wordpress\/wp-json\/wp\/v2\/users\/1"}],"replies":[{"embeddable":true,"href":"https:\/\/www.arnaudom.fr\/wordpress\/wp-json\/wp\/v2\/comments?post=5718"}],"version-history":[{"count":8,"href":"https:\/\/www.arnaudom.fr\/wordpress\/wp-json\/wp\/v2\/pages\/5718\/revisions"}],"predecessor-version":[{"id":5727,"href":"https:\/\/www.arnaudom.fr\/wordpress\/wp-json\/wp\/v2\/pages\/5718\/revisions\/5727"}],"wp:attachment":[{"href":"https:\/\/www.arnaudom.fr\/wordpress\/wp-json\/wp\/v2\/media?parent=5718"}],"curies":[{"name":"wp","href":"https:\/\/api.w.org\/{rel}","templated":true}]}}