{"id":5683,"date":"2020-08-20T09:03:13","date_gmt":"2020-08-20T07:03:13","guid":{"rendered":"http:\/\/www.arnaudom.fr\/wordpress\/?page_id=5683"},"modified":"2020-08-20T09:10:51","modified_gmt":"2020-08-20T07:10:51","slug":"autoalim","status":"publish","type":"page","link":"https:\/\/www.arnaudom.fr\/wordpress\/autoalim\/","title":{"rendered":"autoalim"},"content":{"rendered":"\t\t<div data-elementor-type=\"wp-page\" data-elementor-id=\"5683\" class=\"elementor elementor-5683\">\n\t\t\t\t\t\t<div class=\"elementor-inner\">\n\t\t\t\t<div class=\"elementor-section-wrap\">\n\t\t\t\t\t\t\t\t\t<section class=\"elementor-section elementor-top-section elementor-element elementor-element-4935773 elementor-section-full_width elementor-section-height-default elementor-section-height-default\" data-id=\"4935773\" data-element_type=\"section\">\n\t\t\t\t\t\t<div class=\"elementor-container elementor-column-gap-default\">\n\t\t\t\t\t\t\t<div class=\"elementor-row\">\n\t\t\t\t\t<div class=\"elementor-column elementor-col-100 elementor-top-column elementor-element elementor-element-17e8cec\" data-id=\"17e8cec\" data-element_type=\"column\" data-settings=\"{&quot;background_background&quot;:&quot;classic&quot;}\">\n\t\t\t<div class=\"elementor-column-wrap elementor-element-populated\">\n\t\t\t\t\t\t\t<div class=\"elementor-widget-wrap\">\n\t\t\t\t\t\t<div class=\"elementor-element elementor-element-31f20e1 elementor-widget elementor-widget-heading\" data-id=\"31f20e1\" data-element_type=\"widget\" data-widget_type=\"heading.default\">\n\t\t\t\t<div class=\"elementor-widget-container\">\n\t\t\t<h1 class=\"elementor-heading-title elementor-size-default\">Images avec un reflex num\u00e9rique<\/h1>\t\t<\/div>\n\t\t\t\t<\/div>\n\t\t\t\t<div class=\"elementor-element elementor-element-6ccfad1 elementor-widget elementor-widget-heading\" data-id=\"6ccfad1\" data-element_type=\"widget\" data-widget_type=\"heading.default\">\n\t\t\t\t<div class=\"elementor-widget-container\">\n\t\t\t<h2 class=\"elementor-heading-title elementor-size-default\">Alimentation de l'ordinateur portable<\/h2>\t\t<\/div>\n\t\t\t\t<\/div>\n\t\t\t\t<div class=\"elementor-element elementor-element-62de6e0 elementor-widget elementor-widget-text-editor\" data-id=\"62de6e0\" data-element_type=\"widget\" data-widget_type=\"text-editor.default\">\n\t\t\t\t<div class=\"elementor-widget-container\">\n\t\t\t\t\t\t\t\t<div class=\"elementor-text-editor elementor-clearfix\">\n\t\t\t\t<div id=\"page\">\n<div id=\"corps\">\n<p>Comme beaucoup d&rsquo;amateurs qui utilisent l&rsquo;ordinateur (entre autre !) dans leur s\u00e9ance d&rsquo;imagerie, je me retrouve avec le probl\u00e8me de l&rsquo;autonomie en \u00e9nergie. Certes, avec la batterie de l&rsquo;ordinateur charg\u00e9e \u00e0 bloc on peut tenir un certain moment, mais autant une s\u00e9ance de prise de vue en plan\u00e9taire peut \u00eatre rapide, autant en ciel profond il faut pouvoir avoir plusieurs heures d&rsquo;autonomie pour \u00eatre tranquille.<\/p>\n<p>J&rsquo;ai donc opt\u00e9 pour l&rsquo;utilisation d&rsquo;une batterie de voiture achet\u00e9e dans une grande surface.<\/p>\n<div class=\"centre\"><img decoding=\"async\" class=\"aligncenter\" src=\"http:\/\/www.arnaudom.fr\/Img\/Alim1.jpg\" alt=\"Crayford\"><\/div>\n<p>Ensuite il faut relier tout cela \u00e0 l&rsquo;ordinateur portable. N&rsquo;\u00e9tant pas tr\u00e8s connaisseur en \u00e9lectronique ni adepte du fer \u00e0 souder, j&rsquo;ai cherch\u00e9 une solution \u00ab\u00a0clef en main\u00a0\u00bb : je me suis donc procur\u00e9 chez <a href=\"http:\/\/www.astronome.fr\/default.asp\">l&rsquo;astronome<\/a> ce c\u00e2ble dot\u00e9 d&rsquo;une prise allume cigare femelle et deux pinces crocos :<\/p>\n<div class=\"centre\"><img decoding=\"async\" class=\"aligncenter\" src=\"http:\/\/www.arnaudom.fr\/Img\/Alim2.jpg\" alt=\"Crayford\"><\/div>\n<p>D&rsquo;autre part j&rsquo;ai achet\u00e9 cette alimentation avec prise allume cigare m\u00e2le pour mon ordinateur portable..<\/p>\n<div class=\"centre\"><img decoding=\"async\" class=\"aligncenter\" src=\"http:\/\/www.arnaudom.fr\/Img\/Alim3.jpg\" alt=\"Crayford\"><\/div>\n<p>Du coup, le montage devient tr\u00e8s simple : je branche l&rsquo;alimentation sur mon ordinateur, je relie le c\u00e2ble par l&rsquo;interm\u00e9diaire des prises allume-cigare et je n&rsquo;ai plus qu&rsquo;\u00e0 pincer la batterie. Et voil\u00e0, le tour est jou\u00e9. Avec ce syst\u00e8me je dispose de toute l&rsquo;autonomie que je veux avec mon ordinateur portable..<\/p>\n<div class=\"centre\"><img decoding=\"async\" class=\"aligncenter\" src=\"http:\/\/www.arnaudom.fr\/Img\/Alim4.jpg\" alt=\"Crayford\"><\/div>\n<p>Pour information, comme les batteries de voiture n&rsquo;aiment pas rester d\u00e9charg\u00e9es, j&rsquo;utilise un chargeur. D\u00e9s que je suis rentr\u00e9 au chaud apr\u00e8s ma s\u00e9ance de photo, je vais brancher ma batterie sur le chargeur et j&rsquo;essaie de penser \u00e0 la recharger de temps en temps.<\/p>\n<div class=\"centre\"><img decoding=\"async\" class=\"aligncenter\" src=\"http:\/\/www.arnaudom.fr\/Img\/Alim5.jpg\" alt=\"Autoguidage\"><\/div>\n<\/div>\n<\/div>\n<div id=\"bas\">\n<div id=\"droits\">&nbsp;<\/div>\n<\/div>\t\t\t\t\t<\/div>\n\t\t\t\t\t\t<\/div>\n\t\t\t\t<\/div>\n\t\t\t\t\t\t<\/div>\n\t\t\t\t\t<\/div>\n\t\t<\/div>\n\t\t\t\t\t\t\t\t<\/div>\n\t\t\t\t\t<\/div>\n\t\t<\/section>\n\t\t\t\t\t\t\t\t\t<\/div>\n\t\t\t<\/div>\n\t\t\t\t\t<\/div>\n\t\t","protected":false},"excerpt":{"rendered":"<p>Images avec un reflex num\u00e9rique Alimentation de l&rsquo;ordinateur portable Comme beaucoup d&rsquo;amateurs qui utilisent l&rsquo;ordinateur (entre autre !) dans leur s\u00e9ance d&rsquo;imagerie, je me retrouve avec le probl\u00e8me de l&rsquo;autonomie en \u00e9nergie. Certes, avec la batterie de l&rsquo;ordinateur charg\u00e9e \u00e0 bloc on peut tenir un certain moment, mais autant une s\u00e9ance de prise de vue &hellip;<\/p>\n<p class=\"read-more\"> <a class=\"\" href=\"https:\/\/www.arnaudom.fr\/wordpress\/autoalim\/\"> <span class=\"screen-reader-text\">autoalim<\/span> Lire la suite\u00a0\u00bb<\/a><\/p>\n","protected":false},"author":1,"featured_media":0,"parent":0,"menu_order":0,"comment_status":"closed","ping_status":"closed","template":"","meta":{"site-sidebar-layout":"default","site-content-layout":"default","ast-site-content-layout":"","site-content-style":"default","site-sidebar-style":"default","ast-global-header-display":"","ast-banner-title-visibility":"","ast-main-header-display":"","ast-hfb-above-header-display":"","ast-hfb-below-header-display":"","ast-hfb-mobile-header-display":"","site-post-title":"disabled","ast-breadcrumbs-content":"","ast-featured-img":"","footer-sml-layout":"","theme-transparent-header-meta":"default","adv-header-id-meta":"","stick-header-meta":"","header-above-stick-meta":"","header-main-stick-meta":"","header-below-stick-meta":"","astra-migrate-meta-layouts":"","ast-page-background-enabled":"default","ast-page-background-meta":{"desktop":{"background-color":"","background-image":"","background-repeat":"repeat","background-position":"center center","background-size":"auto","background-attachment":"scroll","background-type":"","background-media":"","overlay-type":"","overlay-color":"","overlay-gradient":""},"tablet":{"background-color":"","background-image":"","background-repeat":"repeat","background-position":"center center","background-size":"auto","background-attachment":"scroll","background-type":"","background-media":"","overlay-type":"","overlay-color":"","overlay-gradient":""},"mobile":{"background-color":"","background-image":"","background-repeat":"repeat","background-position":"center center","background-size":"auto","background-attachment":"scroll","background-type":"","background-media":"","overlay-type":"","overlay-color":"","overlay-gradient":""}},"ast-content-background-meta":{"desktop":{"background-color":"var(--ast-global-color-5)","background-image":"","background-repeat":"repeat","background-position":"center center","background-size":"auto","background-attachment":"scroll","background-type":"","background-media":"","overlay-type":"","overlay-color":"","overlay-gradient":""},"tablet":{"background-color":"var(--ast-global-color-5)","background-image":"","background-repeat":"repeat","background-position":"center center","background-size":"auto","background-attachment":"scroll","background-type":"","background-media":"","overlay-type":"","overlay-color":"","overlay-gradient":""},"mobile":{"background-color":"var(--ast-global-color-5)","background-image":"","background-repeat":"repeat","background-position":"center center","background-size":"auto","background-attachment":"scroll","background-type":"","background-media":"","overlay-type":"","overlay-color":"","overlay-gradient":""}},"footnotes":""},"class_list":["post-5683","page","type-page","status-publish","hentry"],"_links":{"self":[{"href":"https:\/\/www.arnaudom.fr\/wordpress\/wp-json\/wp\/v2\/pages\/5683","targetHints":{"allow":["GET"]}}],"collection":[{"href":"https:\/\/www.arnaudom.fr\/wordpress\/wp-json\/wp\/v2\/pages"}],"about":[{"href":"https:\/\/www.arnaudom.fr\/wordpress\/wp-json\/wp\/v2\/types\/page"}],"author":[{"embeddable":true,"href":"https:\/\/www.arnaudom.fr\/wordpress\/wp-json\/wp\/v2\/users\/1"}],"replies":[{"embeddable":true,"href":"https:\/\/www.arnaudom.fr\/wordpress\/wp-json\/wp\/v2\/comments?post=5683"}],"version-history":[{"count":6,"href":"https:\/\/www.arnaudom.fr\/wordpress\/wp-json\/wp\/v2\/pages\/5683\/revisions"}],"predecessor-version":[{"id":5690,"href":"https:\/\/www.arnaudom.fr\/wordpress\/wp-json\/wp\/v2\/pages\/5683\/revisions\/5690"}],"wp:attachment":[{"href":"https:\/\/www.arnaudom.fr\/wordpress\/wp-json\/wp\/v2\/media?parent=5683"}],"curies":[{"name":"wp","href":"https:\/\/api.w.org\/{rel}","templated":true}]}}