{"id":5670,"date":"2020-08-20T08:43:12","date_gmt":"2020-08-20T06:43:12","guid":{"rendered":"http:\/\/www.arnaudom.fr\/wordpress\/?page_id=5670"},"modified":"2020-08-20T08:49:16","modified_gmt":"2020-08-20T06:49:16","slug":"reflexave","status":"publish","type":"page","link":"https:\/\/www.arnaudom.fr\/wordpress\/reflexave\/","title":{"rendered":"reflexave"},"content":{"rendered":"\t\t<div data-elementor-type=\"wp-page\" data-elementor-id=\"5670\" class=\"elementor elementor-5670\">\n\t\t\t\t\t\t<div class=\"elementor-inner\">\n\t\t\t\t<div class=\"elementor-section-wrap\">\n\t\t\t\t\t\t\t\t\t<section class=\"elementor-section elementor-top-section elementor-element elementor-element-1ff29bd elementor-section-full_width elementor-section-height-default elementor-section-height-default\" data-id=\"1ff29bd\" data-element_type=\"section\">\n\t\t\t\t\t\t<div class=\"elementor-container elementor-column-gap-default\">\n\t\t\t\t\t\t\t<div class=\"elementor-row\">\n\t\t\t\t\t<div class=\"elementor-column elementor-col-100 elementor-top-column elementor-element elementor-element-5c11b35\" data-id=\"5c11b35\" data-element_type=\"column\" data-settings=\"{&quot;background_background&quot;:&quot;classic&quot;}\">\n\t\t\t<div class=\"elementor-column-wrap elementor-element-populated\">\n\t\t\t\t\t\t\t<div class=\"elementor-widget-wrap\">\n\t\t\t\t\t\t<div class=\"elementor-element elementor-element-2d659f9 elementor-widget elementor-widget-heading\" data-id=\"2d659f9\" data-element_type=\"widget\" data-widget_type=\"heading.default\">\n\t\t\t\t<div class=\"elementor-widget-container\">\n\t\t\t<h1 class=\"elementor-heading-title elementor-size-default\">Images avec un reflex num\u00e9rique<\/h1>\t\t<\/div>\n\t\t\t\t<\/div>\n\t\t\t\t<div class=\"elementor-element elementor-element-7d48cad elementor-widget elementor-widget-image\" data-id=\"7d48cad\" data-element_type=\"widget\" data-widget_type=\"image.default\">\n\t\t\t\t<div class=\"elementor-widget-container\">\n\t\t\t\t\t\t\t\t<div class=\"elementor-image\">\n\t\t\t\t\t\t\t\t\t\t\t\t<img loading=\"lazy\" decoding=\"async\" width=\"300\" height=\"204\" src=\"https:\/\/www.arnaudom.fr\/wordpress\/wp-content\/uploads\/2018\/08\/Canon350D.jpg\" class=\"attachment-large size-large wp-image-1057\" alt=\"\" \/>\t\t\t\t\t\t\t\t\t\t\t\t\t\t<\/div>\n\t\t\t\t\t\t<\/div>\n\t\t\t\t<\/div>\n\t\t\t\t<div class=\"elementor-element elementor-element-1b6d8d1 elementor-widget elementor-widget-heading\" data-id=\"1b6d8d1\" data-element_type=\"widget\" data-widget_type=\"heading.default\">\n\t\t\t\t<div class=\"elementor-widget-container\">\n\t\t\t<h2 class=\"elementor-heading-title elementor-size-default\">A l'avenir...<\/h2>\t\t<\/div>\n\t\t\t\t<\/div>\n\t\t\t\t<div class=\"elementor-element elementor-element-4ea4ccf elementor-widget elementor-widget-text-editor\" data-id=\"4ea4ccf\" data-element_type=\"widget\" data-widget_type=\"text-editor.default\">\n\t\t\t\t<div class=\"elementor-widget-container\">\n\t\t\t\t\t\t\t\t<div class=\"elementor-text-editor elementor-clearfix\">\n\t\t\t\t<p>Pourquoi cet article ? En fait, je me suis pos\u00e9 la question de savoir comment il m&rsquo;\u00e9tait possible de progresser dans le domaine de l&rsquo;astrophotographie. Et il s&rsquo;av\u00e8re (et c&rsquo;est tant mieux !) qu&rsquo;il me reste encore de nombreuses voies \u00e0 explorer et donc, sans doute encore de longues ann\u00e9es (enfin j&rsquo;esp\u00e8re &#8230;) de photographie astronomique \u00e0 pratiquer pour arriver \u00e0 ce que j&rsquo;imagine \u00eatre mon \u00ab\u00a0niveau ultime\u00a0\u00bb de ma\u00eetrise dans ce domaine &#8230;<\/p><p>En r\u00e9alit\u00e9, une progression en astrophographie implique d&rsquo;am\u00e9liorer chacun des trois \u00e9l\u00e9ments principaux qui composent la \u00ab\u00a0cha\u00eene\u00a0\u00bb n\u00e9cessaire \u00e0 la r\u00e9alisation d&rsquo;un clich\u00e9 astronomique, \u00e0 savoir :<br \/>&#8211; l&rsquo;instrument qui capte les images de l&rsquo;objet (le t\u00e9lescope ou la lunette, dans mon cas ce bon vieux 200\/800)<br \/>&#8211; l&rsquo;appareil qui prend les clich\u00e9s (webcam, APN, cam\u00e9ra CCD, et pour moi le Canon 350 D)<br \/>&#8211; et enfin la monture qui permet un suivi plus ou moins long et donc une dur\u00e9e de pose plus ou moins longue.<\/p><p>Evidemment, si je gagnais au loto demain (ce qui va s&rsquo;av\u00e9rer compliqu\u00e9, d&rsquo;autant plus que je n&rsquo;y joue jamais <span class=\"milieu2\"> <img decoding=\"async\" src=\"http:\/\/arnaudom.fr\/Img\/smrire.gif\" alt=\"clin d'oeil\" \/><\/span> &#8230;), j&rsquo;irais de ce pas m&rsquo;offrir la monstrueuse monture capable de porter sans sourciller des dizaines de kilo tout en offrant un suivi parfait, sur laquelle j&rsquo;installerais une magnifique lunette de 150 mm de diam\u00e8tre accompagn\u00e9e du dernier cri en mati\u00e8re de cam\u00e9ra CCD existante, le tout install\u00e9 dans mon observatoire personnel &#8230; Evidemment, ma r\u00e9flexion ne se situe pas sur ce plan-l\u00e0, mais reste dans le domaine de l&rsquo;astronome amateur de base, qui va tenter de tirer le meilleur parti de son mat\u00e9riel sans poss\u00e9der un budget illimit\u00e9&#8230;<\/p><p>Donc retour \u00e0 la r\u00e9alit\u00e9 <span class=\"milieu2\"> <img decoding=\"async\" src=\"http:\/\/arnaudom.fr\/Img\/smclin.gif\" alt=\"clin d'oeil\" \/><\/span> &#8230; Voyons ce qu&rsquo;il est possible d&rsquo;am\u00e9liorer pour chacun des trois \u00e9l\u00e9ments cit\u00e9s plus haut :<\/p><p class=\"gras\"><strong>1. Am\u00e9liorer l&rsquo;instrument.<\/strong><\/p><p>Pour \u00eatre pr\u00e9cis, je devrais plut\u00f4t dire \u00ab\u00a0<span class=\"gras\">am\u00e9liorer les images qu&rsquo;on peut obtenir avec l&rsquo;instrument<\/span>\u00ab\u00a0.<\/p><p>Le premier point \u00e0 examiner est le probl\u00e8me du rapport F\/D 4 du 200\/800. Avec un rapport F\/D court, un t\u00e9lescope de Newton produit beaucoup de \u00ab\u00a0coma\u00a0\u00bb, d\u00e9faut optique qui d\u00e9grade l&rsquo;image, on voit alors les \u00e9toiles allong\u00e9es en bord de champ. Le rem\u00e8de est connu, il faut utiliser un correcteur de champ type \u00ab\u00a0Paracorr\u00a0\u00bb qui supprime en grande partie ce probl\u00e8me.<\/p><p>Un second point pourrait \u00eatre de tenter d&rsquo;am\u00e9liorer la finesse de la mise au point, qui l\u00e0 aussi est sensible avec un F\/D aussi court. Mon t\u00e9lescope poss\u00e8de un porte-oculaire de type Crayford, qui permet une mise au point tr\u00e8s douce. Cependant il existe des Crayford avec d\u00e9multiplication : en fait une molette suppl\u00e9mentaire sur le porte-oculaire permet une mise au point encore plus pr\u00e9cise. Mon Crayford d&rsquo;origine est sans d\u00e9multiplication, il serait sans doute utile de le remplacer par un Crayford d\u00e9multipli\u00e9, ce qui faciliterait l&rsquo;obtention d&rsquo;une mise au point la plus fine possible..<\/p><div class=\"centre\"><img decoding=\"async\" class=\"aligncenter\" src=\"http:\/\/www.arnaudom.fr\/Img\/crayfd.jpg\" alt=\"Crayford\" \/><\/div><div><div id=\"page\"><div id=\"corps\"><p>Le dernier point (qui n&rsquo;est en fait pas li\u00e9 directement au t\u00e9lescope) concerne l&rsquo;utilisation d&rsquo;une \u00ab\u00a0bo\u00eete \u00e0 flats\u00a0\u00bb. En effet, normalement lorsqu&rsquo;on proc\u00e8de \u00e0 des prises de vue, il est n\u00e9cessaire de faire l&rsquo;acquisition d&rsquo;images de flats. La plupart des astronomes amateurs utilise pour ce faire ce qu&rsquo;on appelle une \u00ab\u00a0bo\u00eete \u00e0 flats\u00a0\u00bb, qui se fixe \u00e0 l&rsquo;avant de l&rsquo;instrument et permet d&rsquo;obtenir ces fameuses images qui permettent ensuite de corriger certains d\u00e9fauts et de supprimer les poussi\u00e8res \u00e9ventuelles qui se trouveraient sur le capteur de l&rsquo;APN ou de la cam\u00e9ra.<\/p><p class=\"gras\"><strong>2. Am\u00e9liorer l&rsquo;appareil photographique.<\/strong><\/p><p>La premi\u00e8re chose \u00e0 faire consiste \u00e0 utiliser le mode \u00ab\u00a0longue pose\u00a0\u00bb du 350 D, afin de pouvoir faire des poses de plus de 30 secondes. L\u00e0 aussi le probl\u00e8me est facile \u00e0 r\u00e9gler, il suffit de se procurer une interface (peu on\u00e9reuse) qui permet de piloter la longue pose de l&rsquo;APN et donc d&rsquo;acc\u00e9der \u00e0 des poses sup\u00e9rieures \u00e0 30 secondes. Le probl\u00e8me risque de venir ensuite de la capacit\u00e9 de suivi de la monture, car rien ne sert de poser deux minutes si la monture n&rsquo;est plus capable de suivre la cible au bout de 50 secondes &#8230; Ceci sera le sujet du point num\u00e9ro 3 &#8230;<\/p><p>La seconde chose qu&rsquo;on peut faire concernant l&rsquo;APN est le \u00ab\u00a0d\u00e9filtrage\u00a0\u00bb, c&rsquo;est une op\u00e9ration qui consiste \u00e0 enlever le filtre d&rsquo;origine qui se trouve devant le capteur, ce qui rend l&rsquo;appareil beaucoup plus sensible notamment dans le rouge, qui est la couleur qu&rsquo;on retrouve sur de tr\u00e8s nombreuses n\u00e9buleuses. L&rsquo;appareil ainsi d\u00e9filtr\u00e9 capte donc beaucoup plus de signal lors des poses photographiques.<\/p><p class=\"gras\"><strong>3. Am\u00e9liorer la monture.<\/strong><\/p><p>J&rsquo;aime beaucoup la monture Sky View Pro qui porte de mani\u00e8re tr\u00e8s convenable mon 200\/800, et me permet des poses photographiques courtes, cependant je doute de pouvoir atteindre des poses vraiment beaucoup plus longues avec elle.<\/p><p>En effet, d&rsquo;une part la charge du t\u00e9l\u00e9scope me semble d\u00e9j\u00e0 \u00eatre \u00e0 la limite des capacit\u00e9s de portage de la monture (j&rsquo;utilise 10 kg de contrepoids), ce qui n&rsquo;est jamais bon pour esp\u00e9rer un suivi impeccable !<\/p><p>D&rsquo;autre part, le moteur de suivi n&rsquo;est sans doute pas d&rsquo;une pr\u00e9cision absolue. Suffisante pour des poses courtes, de l&rsquo;ordre de 30 secondes, mais au-del\u00e0, j&rsquo;ai de s\u00e9rieux doutes.<\/p><p>Enfin, quelque soit la monture utilis\u00e9e, \u00e0 un moment ou un autre, si on veut vraiment faire des poses longues, de l&rsquo;ordre de plusieurs minutes, il semble n\u00e9cessaire de passer \u00e0 une solution d&rsquo;autoguidage, ce qui signifie qu&rsquo;il faut pouvoir mettre en parall\u00e8le du t\u00e9l\u00e9scope un second instrument destin\u00e9 au suivi, reli\u00e9 \u00e0 un ordinateur qui lui-m\u00eame pilotera la monture par l&rsquo;interm\u00e9diaire d&rsquo;un port d&rsquo;autoguidage (pour faire simple&#8230;).<\/p><div class=\"centre\"><img decoding=\"async\" class=\"aligncenter\" src=\"http:\/\/www.arnaudom.fr\/Img\/autoguidage.jpg\" alt=\"Autoguidage\" \/><\/div><p class=\"centre gras\" style=\"text-align: center;\"><strong>Un exemple d&rsquo;instrument par\u00e9 pour l&rsquo;autoguidage<\/strong><\/p><p>Or comme je le disais pr\u00e9c\u00e9demment, la Sky View Pro me semble d\u00e9j\u00e0 \u00e0 la limite de ce qu&rsquo;elle peut supporter en terme de charge, donc je ne la vois pas porter un second instrument. Plus probl\u00e9matique encore, elle n&rsquo;est pas con\u00e7ue \u00e0 la base pour le suivi photographique et ne poss\u00e8de donc pas le fameux port d&rsquo;autoguidage, donc ne peut \u00eatre pilot\u00e9e par informatique.<\/p><p>Bref, j&rsquo;ai beau tourner le probl\u00e8me dans tous les sens, \u00e0 moins d&rsquo;\u00eatre suffisamment cal\u00e9 en technique et en \u00e9lectronique pour \u00eatre capable de bricoler soi-m\u00eame cette monture pour en am\u00e9liorer la pr\u00e9cision et le suivi (ce qui n&rsquo;est pas dans mes capacit\u00e9s je le crains&#8230;), je pense qu&rsquo;il faudra me r\u00e9soudre \u00e0 changer de monture \u00e0 l&rsquo;avenir si je veux esp\u00e9rer atteindre des poses plus longues en photographie, et cela me semble m\u00eame carr\u00e9ment n\u00e9cessaire si un jour je d\u00e9cide de me mettre \u00e0 l&rsquo;autoguidage.<\/p><p class=\"col5 centre gras\" style=\"text-align: center;\"><strong><span style=\"color: #3366ff;\">Conclusion :<\/span><\/strong><\/p><p>comme on le voit, plusieurs pistes sont \u00e0 suivre pour progresser en astrophotographie, mais la conclusion, qui n&rsquo;a \u00e9videmment absolument rien d&rsquo;originale, est que pour r\u00e9ussir de bonnes photographies du ciel profond, il est avant tout n\u00e9cessaire de pouvoir poser le plus longtemps possible, et que comme toujours dans ce domaine, l&rsquo;acteur essentiel reste la monture, qui doit pouvoir porter tranquillement le (ou les) instruments d&rsquo;astronomie accompagn\u00e9 de l&rsquo;appareil photo ou la cam\u00e9ra et poss\u00e9der une motorisation suffisamment pr\u00e9cise pour assurer un suivi impeccable pendant de longs temps de pose.<\/p><\/div><\/div><div id=\"bas\"><div id=\"droits\">\u00a0<\/div><\/div><\/div>\t\t\t\t\t<\/div>\n\t\t\t\t\t\t<\/div>\n\t\t\t\t<\/div>\n\t\t\t\t\t\t<\/div>\n\t\t\t\t\t<\/div>\n\t\t<\/div>\n\t\t\t\t\t\t\t\t<\/div>\n\t\t\t\t\t<\/div>\n\t\t<\/section>\n\t\t\t\t\t\t\t\t\t<\/div>\n\t\t\t<\/div>\n\t\t\t\t\t<\/div>\n\t\t","protected":false},"excerpt":{"rendered":"<p>Images avec un reflex num\u00e9rique A l&rsquo;avenir&#8230; Pourquoi cet article ? En fait, je me suis pos\u00e9 la question de savoir comment il m&rsquo;\u00e9tait possible de progresser dans le domaine de l&rsquo;astrophotographie. Et il s&rsquo;av\u00e8re (et c&rsquo;est tant mieux !) qu&rsquo;il me reste encore de nombreuses voies \u00e0 explorer et donc, sans doute encore de &hellip;<\/p>\n<p class=\"read-more\"> <a class=\"\" href=\"https:\/\/www.arnaudom.fr\/wordpress\/reflexave\/\"> <span class=\"screen-reader-text\">reflexave<\/span> Lire la suite\u00a0\u00bb<\/a><\/p>\n","protected":false},"author":1,"featured_media":0,"parent":0,"menu_order":0,"comment_status":"closed","ping_status":"closed","template":"","meta":{"site-sidebar-layout":"default","site-content-layout":"default","ast-site-content-layout":"","site-content-style":"default","site-sidebar-style":"default","ast-global-header-display":"","ast-banner-title-visibility":"","ast-main-header-display":"","ast-hfb-above-header-display":"","ast-hfb-below-header-display":"","ast-hfb-mobile-header-display":"","site-post-title":"disabled","ast-breadcrumbs-content":"","ast-featured-img":"","footer-sml-layout":"","theme-transparent-header-meta":"default","adv-header-id-meta":"","stick-header-meta":"","header-above-stick-meta":"","header-main-stick-meta":"","header-below-stick-meta":"","astra-migrate-meta-layouts":"","ast-page-background-enabled":"default","ast-page-background-meta":{"desktop":{"background-color":"","background-image":"","background-repeat":"repeat","background-position":"center center","background-size":"auto","background-attachment":"scroll","background-type":"","background-media":"","overlay-type":"","overlay-color":"","overlay-gradient":""},"tablet":{"background-color":"","background-image":"","background-repeat":"repeat","background-position":"center center","background-size":"auto","background-attachment":"scroll","background-type":"","background-media":"","overlay-type":"","overlay-color":"","overlay-gradient":""},"mobile":{"background-color":"","background-image":"","background-repeat":"repeat","background-position":"center center","background-size":"auto","background-attachment":"scroll","background-type":"","background-media":"","overlay-type":"","overlay-color":"","overlay-gradient":""}},"ast-content-background-meta":{"desktop":{"background-color":"var(--ast-global-color-5)","background-image":"","background-repeat":"repeat","background-position":"center center","background-size":"auto","background-attachment":"scroll","background-type":"","background-media":"","overlay-type":"","overlay-color":"","overlay-gradient":""},"tablet":{"background-color":"var(--ast-global-color-5)","background-image":"","background-repeat":"repeat","background-position":"center center","background-size":"auto","background-attachment":"scroll","background-type":"","background-media":"","overlay-type":"","overlay-color":"","overlay-gradient":""},"mobile":{"background-color":"var(--ast-global-color-5)","background-image":"","background-repeat":"repeat","background-position":"center center","background-size":"auto","background-attachment":"scroll","background-type":"","background-media":"","overlay-type":"","overlay-color":"","overlay-gradient":""}},"footnotes":""},"class_list":["post-5670","page","type-page","status-publish","hentry"],"_links":{"self":[{"href":"https:\/\/www.arnaudom.fr\/wordpress\/wp-json\/wp\/v2\/pages\/5670","targetHints":{"allow":["GET"]}}],"collection":[{"href":"https:\/\/www.arnaudom.fr\/wordpress\/wp-json\/wp\/v2\/pages"}],"about":[{"href":"https:\/\/www.arnaudom.fr\/wordpress\/wp-json\/wp\/v2\/types\/page"}],"author":[{"embeddable":true,"href":"https:\/\/www.arnaudom.fr\/wordpress\/wp-json\/wp\/v2\/users\/1"}],"replies":[{"embeddable":true,"href":"https:\/\/www.arnaudom.fr\/wordpress\/wp-json\/wp\/v2\/comments?post=5670"}],"version-history":[{"count":6,"href":"https:\/\/www.arnaudom.fr\/wordpress\/wp-json\/wp\/v2\/pages\/5670\/revisions"}],"predecessor-version":[{"id":5677,"href":"https:\/\/www.arnaudom.fr\/wordpress\/wp-json\/wp\/v2\/pages\/5670\/revisions\/5677"}],"wp:attachment":[{"href":"https:\/\/www.arnaudom.fr\/wordpress\/wp-json\/wp\/v2\/media?parent=5670"}],"curies":[{"name":"wp","href":"https:\/\/api.w.org\/{rel}","templated":true}]}}