{"id":5653,"date":"2020-08-20T08:14:15","date_gmt":"2020-08-20T06:14:15","guid":{"rendered":"http:\/\/www.arnaudom.fr\/wordpress\/?page_id=5653"},"modified":"2020-08-20T08:24:37","modified_gmt":"2020-08-20T06:24:37","slug":"reflexder","status":"publish","type":"page","link":"https:\/\/www.arnaudom.fr\/wordpress\/reflexder\/","title":{"rendered":"reflexder"},"content":{"rendered":"\t\t<div data-elementor-type=\"wp-page\" data-elementor-id=\"5653\" class=\"elementor elementor-5653\">\n\t\t\t\t\t\t<div class=\"elementor-inner\">\n\t\t\t\t<div class=\"elementor-section-wrap\">\n\t\t\t\t\t\t\t\t\t<section class=\"elementor-section elementor-top-section elementor-element elementor-element-11ff434 elementor-section-full_width elementor-section-height-default elementor-section-height-default\" data-id=\"11ff434\" data-element_type=\"section\">\n\t\t\t\t\t\t<div class=\"elementor-container elementor-column-gap-default\">\n\t\t\t\t\t\t\t<div class=\"elementor-row\">\n\t\t\t\t\t<div class=\"elementor-column elementor-col-100 elementor-top-column elementor-element elementor-element-23dc546\" data-id=\"23dc546\" data-element_type=\"column\" data-settings=\"{&quot;background_background&quot;:&quot;classic&quot;}\">\n\t\t\t<div class=\"elementor-column-wrap elementor-element-populated\">\n\t\t\t\t\t\t\t<div class=\"elementor-widget-wrap\">\n\t\t\t\t\t\t<div class=\"elementor-element elementor-element-b1c996a elementor-widget elementor-widget-heading\" data-id=\"b1c996a\" data-element_type=\"widget\" data-widget_type=\"heading.default\">\n\t\t\t\t<div class=\"elementor-widget-container\">\n\t\t\t<h1 class=\"elementor-heading-title elementor-size-default\">Images avec un reflex num\u00e9rique<\/h1>\t\t<\/div>\n\t\t\t\t<\/div>\n\t\t\t\t<div class=\"elementor-element elementor-element-4328a51 elementor-widget elementor-widget-image\" data-id=\"4328a51\" data-element_type=\"widget\" data-widget_type=\"image.default\">\n\t\t\t\t<div class=\"elementor-widget-container\">\n\t\t\t\t\t\t\t\t<div class=\"elementor-image\">\n\t\t\t\t\t\t\t\t\t\t\t\t<img loading=\"lazy\" decoding=\"async\" width=\"300\" height=\"204\" src=\"https:\/\/www.arnaudom.fr\/wordpress\/wp-content\/uploads\/2018\/08\/Canon350D.jpg\" class=\"attachment-large size-large wp-image-1057\" alt=\"\" \/>\t\t\t\t\t\t\t\t\t\t\t\t\t\t<\/div>\n\t\t\t\t\t\t<\/div>\n\t\t\t\t<\/div>\n\t\t\t\t<div class=\"elementor-element elementor-element-3e91627 elementor-widget elementor-widget-heading\" data-id=\"3e91627\" data-element_type=\"widget\" data-widget_type=\"heading.default\">\n\t\t\t\t<div class=\"elementor-widget-container\">\n\t\t\t<h2 class=\"elementor-heading-title elementor-size-default\">D\u00e9roulement d'une sc\u00e9ance de prise de vue<\/h2>\t\t<\/div>\n\t\t\t\t<\/div>\n\t\t\t\t<div class=\"elementor-element elementor-element-efbf1c7 elementor-widget elementor-widget-text-editor\" data-id=\"efbf1c7\" data-element_type=\"widget\" data-widget_type=\"text-editor.default\">\n\t\t\t\t<div class=\"elementor-widget-container\">\n\t\t\t\t\t\t\t\t<div class=\"elementor-text-editor elementor-clearfix\">\n\t\t\t\t<p>Voici un petit r\u00e9sum\u00e9, sous forme de liste, du d\u00e9roulement d&rsquo;une sc\u00e9ance de prise de vue telle que je la pratique avec le Canon 350 D.<\/p><p class=\"gras col7\"><strong><span style=\"color: #ff6600;\">1. Installation et mise en station.<\/span><\/strong><\/p><p>Je commence donc par installer le mat\u00e9riel et, comme il s&rsquo;agit de faire de longues poses, je fais une mise en station la plus pr\u00e9cise possible en utilisant le viseur polaire de la Sky View Pro.<\/p><p class=\"gras col7\"><strong><span style=\"color: #ff6600;\">2. Pointage de l&rsquo;objet choisi.<\/span><\/strong><\/p><p>Je pointe l&rsquo;objet \u00e0 imager, soit par un rep\u00e9rage visuel soit en utilisant les cercles de coordonn\u00e9es de la monture. J&rsquo;utilise en g\u00e9n\u00e9ral l&rsquo;oculaire Hyp\u00e9rion de 17 mm. Quand l&rsquo;objet est dans le champ de l&rsquo;oculaire, je serre les freins de la monture et je lance le moteur de suivi.<\/p><p class=\"gras col7\"><strong><span style=\"color: #ff6600;\">3. Centrage de l&rsquo;objet dans l&rsquo;oculaire.<\/span><\/strong><\/p><p>Je centre bien l&rsquo;objet dans l&rsquo;oculaire, afin d&rsquo;\u00eatre s\u00fbr qu&rsquo;il sera pr\u00e9sent sur le capteur de l&rsquo;APN (ce qui, vu la taille du capteur, est quasiment certain) mais aussi (et surtout) pour minimiser les effets de la coma sur l&rsquo;image.<\/p><p class=\"gras col7\"><strong><span style=\"color: #ff6600;\">4. Installation de l&rsquo;ordinateur.<\/span><\/strong><\/p><p>L&rsquo;objet \u00e9tant maintenant suivi par le t\u00e9lescope, j&rsquo;installe l&rsquo;ordinateur que je relie \u00e0 la batterie destin\u00e9e \u00e0 son alimentation. J&rsquo;allume l&rsquo;ordinateur.<\/p><p class=\"gras col7\"><strong><span style=\"color: #ff6600;\">5. Retrait de l&rsquo;oculaire et de la bague allonge.<\/span><\/strong><\/p><p>Je retire l&rsquo;oculaire mais dans mon cas je dois aussi retirer la bague allonge pr\u00e9sente sur mon porte-oculaire qui sert \u00e0 faire la mise au point en visuel. Sinon je ne peux faire la mise au point avec le 350 D.<\/p><p class=\"gras col7\"><strong><span style=\"color: #ff6600;\">6. Insertion de l&rsquo;APN et mise au point grossi\u00e8re.<\/span><\/strong><\/p><p>J&rsquo;ins\u00e8re l&rsquo;appareil-photo (muni de la bague T et de l&rsquo;adaptateur photographique) dans le porte-oculaire et je fais une mise au point grossi\u00e8re en amenant le porte-oculaire en face d&rsquo;un trait de rep\u00e8re que j&rsquo;ai trac\u00e9 au feutre sur son tube , apr\u00e8s avoir rep\u00e9r\u00e9 grossi\u00e8rement de jour la position qui correspond \u00e0 la mise au point.<\/p><p class=\"gras col7\"><strong><span style=\"color: #ff6600;\">7. Branchement de l&rsquo;APN \u00e0 l&rsquo;ordinateur et lancement de la fonction \u00ab\u00a0Remote Shooting\u00a0\u00bb du logiciel Canon.<\/span><\/strong><\/p><p>Je branche le c\u00e2ble qui permet de relier le 350 D \u00e0 l&rsquo;ordinateur, j&rsquo;allume l&rsquo;appareil-photo et normalement l&rsquo;ordinateur d\u00e9tecte sa pr\u00e9sence et lance automatiquement le logiciel Canon. Je clique sur la fonction \u00ab\u00a0Remote Shooting\u00a0\u00bb, qui permet de contr\u00f4ler l&rsquo;APN gr\u00e2ce \u00e0 l&rsquo;ordinateur et de lancer des s\u00e9ries de poses.<\/p><p class=\"gras col7\"><strong><span style=\"color: #ff6600;\">8. Param\u00e9trage d&rsquo;une s\u00e9rie d&rsquo;acquisitions destin\u00e9es \u00e0 faire la mise au point.<\/span><\/strong><\/p><p>Je lance une s\u00e9rie d&rsquo;acquisitions avec les param\u00e8tres suivants : Format L, 10 secondes de pose, 400 ISO, 100 poses nomm\u00e9es \u00ab\u00a0Test\u00a0\u00bb et un intervalle de 20 secondes entre chaque pose. Ces poses vont servir \u00e0 peaufiner la mise au point.<\/p><p class=\"gras col7\"><strong><span style=\"color: #ff6600;\">9. Lancement du logiciel APN Focus et r\u00e9glage de la mise au point.<\/span><\/strong><\/p><p>Je lance maintenant APN Focus, et j&rsquo;am\u00e9liore petit \u00e0 petit la mise au point. En g\u00e9n\u00e9ral, au bout d&rsquo;une trentaine de poses, la mise au point est satisfaisante.<\/p><p class=\"gras col7\"><strong><span style=\"color: #ff6600;\">10. Arr\u00eat des poses une fois la mise au point satisfaisante.<\/span><\/strong><\/p><p>J&rsquo;arr\u00eate APN Focus et la s\u00e9rie de poses.<\/p><p class=\"gras col7\"><strong><span style=\"color: #ff6600;\">11. Param\u00e9trage et lancement des \u00ab\u00a0vraies\u00a0\u00bb acquistions.<\/span><\/strong><\/p><p>Je passe maintenant \u00e0 l&rsquo;acquisition proprement dite des images brutes de l&rsquo;objet choisi. Pour cela, je relance une s\u00e9rie de poses, cette fois avec les param\u00e8tres suivants : Format RAW, 30 secondes de pose, 400 ou 800 ISO, 140 poses nomm\u00e9es du nom de l&rsquo;objet et un intervalle de 50 secondes entre chaque pose. J&rsquo;ai choisi 140 poses car, avec 30 seconde de pose unitaire, on aboutit \u00e0 un total de 70 minutes, soit un peu plus d&rsquo;une heure au total, ce qui para\u00eet n\u00e9cessaire pour un objet du ciel profond. On peut sans doute poser moins sur des objets types amas ouverts ou amas globulaires qui sont en g\u00e9n\u00e9ral plus brillants que des galaxies et des n\u00e9buleuses.<\/p><p class=\"gras col7\"><strong><span style=\"color: #ff6600;\">12. Une fois les images de l&rsquo;objet obtenues, acquistions de quelques poses de dark.<\/span><\/strong><\/p><p>Pour cela, on remet le couvercle du t\u00e9l\u00e9scope et, tout en gardant les m\u00eames r\u00e9glages, je fais une s\u00e9rie de 5 \u00e0 10 poses que je nomme&#8230; Dark.<\/p><p class=\"gras col7\"><strong><span style=\"color: #ff6600;\">13. Enfin, acquisition de quelques poses d&rsquo;offset.<\/span><\/strong><\/p><p>Je termine par une s\u00e9rie de 5 \u00e0 10 offset, qu&rsquo;on obtient en gardant les m\u00eames r\u00e9glages (et le couvercle sur le tube), sauf en ce qui concerne le temps de pose qui doit \u00eatre plus cout possible, donc ici je prends 1\/4000\u00e8me de seconde.<\/p><p class=\"centre gras ita\" style=\"text-align: center;\"><strong><span style=\"color: #000000;\">Et voil\u00e0, c&rsquo;est termin\u00e9 ! Il ne restera \u00ab\u00a0plus qu&rsquo;\u00e0\u00a0\u00bb s&rsquo;attabler devant son ordinateur et traiter tout \u00e7a pour obtenir enfin le pr\u00e9cieux clich\u00e9&#8230; Ceci sera l&rsquo;objet d&rsquo;un autre article !<\/span><\/strong><\/p><p><strong><span class=\"gras\">Quelques remarques :<\/span><\/strong><br \/>&#8211; il est normalement n\u00e9cessaire de faire l&rsquo;acquistion de quelques poses de \u00ab\u00a0Flat\u00a0\u00bb afin d&rsquo;am\u00e9liorer le traitement de l&rsquo;image, je ne me suis pas encore attel\u00e9 \u00e0 ce probl\u00e8me donc pour l&rsquo;instant mes images sont faites sans<br \/>&#8211; au cours d&rsquo;une sc\u00e9ance, je dois changer au moins une fois la batterie de l&rsquo;APN (souvent deux fois), donc pr\u00e9voir des batteries suppl\u00e9mentaires pour l&rsquo;appareil-photo ou une alimentation externe !<br \/>&#8211; si comme moi vous utilisez un ordinateur pour les prises de vue, il est assez pratique d&rsquo;avoir une petite table \u00e0 port\u00e9e de main pour y poser \u00ab\u00a0tout le bazar\u00a0\u00bb, ordinateur, accessoires divers &#8230;<\/p>\t\t\t\t\t<\/div>\n\t\t\t\t\t\t<\/div>\n\t\t\t\t<\/div>\n\t\t\t\t\t\t<\/div>\n\t\t\t\t\t<\/div>\n\t\t<\/div>\n\t\t\t\t\t\t\t\t<\/div>\n\t\t\t\t\t<\/div>\n\t\t<\/section>\n\t\t\t\t\t\t\t\t\t<\/div>\n\t\t\t<\/div>\n\t\t\t\t\t<\/div>\n\t\t","protected":false},"excerpt":{"rendered":"<p>Images avec un reflex num\u00e9rique D\u00e9roulement d&rsquo;une sc\u00e9ance de prise de vue Voici un petit r\u00e9sum\u00e9, sous forme de liste, du d\u00e9roulement d&rsquo;une sc\u00e9ance de prise de vue telle que je la pratique avec le Canon 350 D. 1. Installation et mise en station. Je commence donc par installer le mat\u00e9riel et, comme il s&rsquo;agit &hellip;<\/p>\n<p class=\"read-more\"> <a class=\"\" href=\"https:\/\/www.arnaudom.fr\/wordpress\/reflexder\/\"> <span class=\"screen-reader-text\">reflexder<\/span> Lire la suite\u00a0\u00bb<\/a><\/p>\n","protected":false},"author":1,"featured_media":0,"parent":0,"menu_order":0,"comment_status":"closed","ping_status":"closed","template":"","meta":{"site-sidebar-layout":"default","site-content-layout":"default","ast-site-content-layout":"","site-content-style":"default","site-sidebar-style":"default","ast-global-header-display":"","ast-banner-title-visibility":"","ast-main-header-display":"","ast-hfb-above-header-display":"","ast-hfb-below-header-display":"","ast-hfb-mobile-header-display":"","site-post-title":"disabled","ast-breadcrumbs-content":"","ast-featured-img":"","footer-sml-layout":"","theme-transparent-header-meta":"default","adv-header-id-meta":"","stick-header-meta":"","header-above-stick-meta":"","header-main-stick-meta":"","header-below-stick-meta":"","astra-migrate-meta-layouts":"","ast-page-background-enabled":"default","ast-page-background-meta":{"desktop":{"background-color":"","background-image":"","background-repeat":"repeat","background-position":"center center","background-size":"auto","background-attachment":"scroll","background-type":"","background-media":"","overlay-type":"","overlay-color":"","overlay-gradient":""},"tablet":{"background-color":"","background-image":"","background-repeat":"repeat","background-position":"center center","background-size":"auto","background-attachment":"scroll","background-type":"","background-media":"","overlay-type":"","overlay-color":"","overlay-gradient":""},"mobile":{"background-color":"","background-image":"","background-repeat":"repeat","background-position":"center center","background-size":"auto","background-attachment":"scroll","background-type":"","background-media":"","overlay-type":"","overlay-color":"","overlay-gradient":""}},"ast-content-background-meta":{"desktop":{"background-color":"var(--ast-global-color-5)","background-image":"","background-repeat":"repeat","background-position":"center center","background-size":"auto","background-attachment":"scroll","background-type":"","background-media":"","overlay-type":"","overlay-color":"","overlay-gradient":""},"tablet":{"background-color":"var(--ast-global-color-5)","background-image":"","background-repeat":"repeat","background-position":"center center","background-size":"auto","background-attachment":"scroll","background-type":"","background-media":"","overlay-type":"","overlay-color":"","overlay-gradient":""},"mobile":{"background-color":"var(--ast-global-color-5)","background-image":"","background-repeat":"repeat","background-position":"center center","background-size":"auto","background-attachment":"scroll","background-type":"","background-media":"","overlay-type":"","overlay-color":"","overlay-gradient":""}},"footnotes":""},"class_list":["post-5653","page","type-page","status-publish","hentry"],"_links":{"self":[{"href":"https:\/\/www.arnaudom.fr\/wordpress\/wp-json\/wp\/v2\/pages\/5653","targetHints":{"allow":["GET"]}}],"collection":[{"href":"https:\/\/www.arnaudom.fr\/wordpress\/wp-json\/wp\/v2\/pages"}],"about":[{"href":"https:\/\/www.arnaudom.fr\/wordpress\/wp-json\/wp\/v2\/types\/page"}],"author":[{"embeddable":true,"href":"https:\/\/www.arnaudom.fr\/wordpress\/wp-json\/wp\/v2\/users\/1"}],"replies":[{"embeddable":true,"href":"https:\/\/www.arnaudom.fr\/wordpress\/wp-json\/wp\/v2\/comments?post=5653"}],"version-history":[{"count":7,"href":"https:\/\/www.arnaudom.fr\/wordpress\/wp-json\/wp\/v2\/pages\/5653\/revisions"}],"predecessor-version":[{"id":5661,"href":"https:\/\/www.arnaudom.fr\/wordpress\/wp-json\/wp\/v2\/pages\/5653\/revisions\/5661"}],"wp:attachment":[{"href":"https:\/\/www.arnaudom.fr\/wordpress\/wp-json\/wp\/v2\/media?parent=5653"}],"curies":[{"name":"wp","href":"https:\/\/api.w.org\/{rel}","templated":true}]}}