{"id":5552,"date":"2020-08-18T08:18:47","date_gmt":"2020-08-18T06:18:47","guid":{"rendered":"http:\/\/www.arnaudom.fr\/wordpress\/?page_id=5552"},"modified":"2020-08-18T08:23:25","modified_gmt":"2020-08-18T06:23:25","slug":"reflexref","status":"publish","type":"page","link":"https:\/\/www.arnaudom.fr\/wordpress\/reflexref\/","title":{"rendered":"reflexref"},"content":{"rendered":"\t\t<div data-elementor-type=\"wp-page\" data-elementor-id=\"5552\" class=\"elementor elementor-5552\">\n\t\t\t\t\t\t<div class=\"elementor-inner\">\n\t\t\t\t<div class=\"elementor-section-wrap\">\n\t\t\t\t\t\t\t\t\t<section class=\"elementor-section elementor-top-section elementor-element elementor-element-5a2f6ac elementor-section-full_width elementor-section-height-default elementor-section-height-default\" data-id=\"5a2f6ac\" data-element_type=\"section\">\n\t\t\t\t\t\t<div class=\"elementor-container elementor-column-gap-default\">\n\t\t\t\t\t\t\t<div class=\"elementor-row\">\n\t\t\t\t\t<div class=\"elementor-column elementor-col-100 elementor-top-column elementor-element elementor-element-1e7585c\" data-id=\"1e7585c\" data-element_type=\"column\" data-settings=\"{&quot;background_background&quot;:&quot;classic&quot;}\">\n\t\t\t<div class=\"elementor-column-wrap elementor-element-populated\">\n\t\t\t\t\t\t\t<div class=\"elementor-widget-wrap\">\n\t\t\t\t\t\t<div class=\"elementor-element elementor-element-5a89843 elementor-widget elementor-widget-heading\" data-id=\"5a89843\" data-element_type=\"widget\" data-widget_type=\"heading.default\">\n\t\t\t\t<div class=\"elementor-widget-container\">\n\t\t\t<h1 class=\"elementor-heading-title elementor-size-default\">Images avec un reflex num\u00e9rique<\/h1>\t\t<\/div>\n\t\t\t\t<\/div>\n\t\t\t\t<div class=\"elementor-element elementor-element-227c16f elementor-widget elementor-widget-image\" data-id=\"227c16f\" data-element_type=\"widget\" data-widget_type=\"image.default\">\n\t\t\t\t<div class=\"elementor-widget-container\">\n\t\t\t\t\t\t\t\t<div class=\"elementor-image\">\n\t\t\t\t\t\t\t\t\t\t\t\t<img loading=\"lazy\" decoding=\"async\" width=\"300\" height=\"204\" src=\"https:\/\/www.arnaudom.fr\/wordpress\/wp-content\/uploads\/2018\/08\/Canon350D.jpg\" class=\"attachment-large size-large wp-image-1057\" alt=\"\" \/>\t\t\t\t\t\t\t\t\t\t\t\t\t\t<\/div>\n\t\t\t\t\t\t<\/div>\n\t\t\t\t<\/div>\n\t\t\t\t<div class=\"elementor-element elementor-element-33cd99a elementor-widget elementor-widget-heading\" data-id=\"33cd99a\" data-element_type=\"widget\" data-widget_type=\"heading.default\">\n\t\t\t\t<div class=\"elementor-widget-container\">\n\t\t\t<h2 class=\"elementor-heading-title elementor-size-default\">Petites r\u00e9flexions tr\u00e8s g\u00e9n\u00e9rales sur le sujet.<\/h2>\t\t<\/div>\n\t\t\t\t<\/div>\n\t\t\t\t<div class=\"elementor-element elementor-element-f363514 elementor-widget elementor-widget-text-editor\" data-id=\"f363514\" data-element_type=\"widget\" data-widget_type=\"text-editor.default\">\n\t\t\t\t<div class=\"elementor-widget-container\">\n\t\t\t\t\t\t\t\t<div class=\"elementor-text-editor elementor-clearfix\">\n\t\t\t\t<p>Le reflex num\u00e9rique, en l&rsquo;occurence un Canon 350 D pour moi, permet de s&rsquo;initier tr\u00e8s s\u00e9rieusement \u00e0 la photographie du ciel profond.<\/p><p>Mon but est de faire de la photographie du ciel profond au foyer du t\u00e9l\u00e9scope, c&rsquo;est-\u00e0-dire qu&rsquo;on photographie en mettant l&rsquo;appareil de prise de vue (appareil photo, webcam, cam\u00e9ra CCD&#8230;) directement \u00e0 la place de l&rsquo;oculaire. Cette discipline constitue l&rsquo;un des domaines les plus compliqu\u00e9s \u00e0 ma\u00eetriser en astronomie (\u00e7a fait bien de dire \u00e7a <span class=\"milieu2\"> <img decoding=\"async\" src=\"http:\/\/arnaudom.fr\/Img\/smclin.gif\" alt=\"clin d'oeil\" \/><\/span> &#8230;), et l&rsquo;on d\u00e9conseille souvent aux d\u00e9butants de commencer par l\u00e0, mais comme il faut bien d\u00e9marrer un jour, je ne dirais qu&rsquo;une chose : lancez-vous !<\/p><p>Il faut cependant \u00eatre conscient de ce qu&rsquo;est la photographie du ciel profond : il ne s&rsquo;agit pas de pointer un objet, installer l&rsquo;appareil puis appuyer sur le bouton ! En pratiquant ainsi, le seul r\u00e9sultat sera invariablement une image toute noire (avec \u00e9ventuellement quelques \u00e9toiles dessus &#8230;). Le probl\u00e8me principal vient du fait que l&rsquo;on photographie des objets tr\u00e8s peu lumineux, et qu&rsquo;il est donc n\u00e9cessaire de pouvoir poser plusieurs secondes (en r\u00e9alit\u00e9 dans l&rsquo;id\u00e9al, plusieurs minutes) afin d&#8217;emmagasiner le plus de lumi\u00e8re possible en provenance de l&rsquo;objet vis\u00e9.<\/p><p>La premi\u00e8re cons\u00e9quence de cela est qu&rsquo;il faut un appareil capable de poser plusieurs secondes (et m\u00eame plusieurs minutes), donc soit un appareil photo reflex, soit une webcam modifi\u00e9e soit encore une cam\u00e9ra CCD.<\/p><p>La seconde cons\u00e9quence est que pendant que l&rsquo;appareil est en pose, il faut pouvoir suivre l&rsquo;objet qui se d\u00e9place (du fait de la rotation de la Terre) pendant la pose, d&rsquo;o\u00fa la n\u00e9cessit\u00e9 de poss\u00e9der une monture suffisamment robuste et pr\u00e9cise pour pouvoir effectuer correctement ce suivi. En r\u00e9alit\u00e9, en photographie du ciel profond au foyer, <span class=\"gras\">la monture est quasiment l&rsquo;\u00e9l\u00e9ment le plus important de la cha\u00eene<\/span>, plus que le diam\u00e8tre du t\u00e9l\u00e9scope ou que l&rsquo;imageur utilis\u00e9.<\/p><p>La troisi\u00e8me cons\u00e9quence est que m\u00eame en ayant effectu\u00e9 une photographie longue pose, le clich\u00e9 n&rsquo;est pas suffisant pour faire ressortir des d\u00e9tails de l&rsquo;objet vis\u00e9. Il faut alors faire toute une s\u00e9rie de clich\u00e9s (des dizaines et parfois des centaines) du m\u00eame objet qui seront ensuite additionn\u00e9s et trait\u00e9s par ordinateur, avant d&rsquo;obtenir un r\u00e9sultat satisfaisants.<\/p><p>Bref, c&rsquo;est un peu moins simple que de faire une simple photo. Cependant avec un peu m\u00e9thode et de pratique (et de pers\u00e9v\u00e9rance !), on y arrive, la preuve, j&rsquo;y arrive <span class=\"milieu2\"> <img decoding=\"async\" src=\"http:\/\/arnaudom.fr\/Img\/smrire.gif\" alt=\"clin d'oeil\" \/><\/span>)! Il est vrai cependant que j&rsquo;ai tat\u00e9 de la photographie du ciel profond au foyer avec ma webcam Atik 1-C, et je pense que cela m&rsquo;a pas mal aid\u00e9&#8230; mais enfin, si apr\u00e8s ce qui vient d&rsquo;\u00eatre dit, l&rsquo;envie de photographier le ciel profond ne vous a pas pass\u00e9, je ne peux que vous encourager \u00e0 vous lancer dans l&rsquo;aventure !<\/p>\t\t\t\t\t<\/div>\n\t\t\t\t\t\t<\/div>\n\t\t\t\t<\/div>\n\t\t\t\t\t\t<\/div>\n\t\t\t\t\t<\/div>\n\t\t<\/div>\n\t\t\t\t\t\t\t\t<\/div>\n\t\t\t\t\t<\/div>\n\t\t<\/section>\n\t\t\t\t\t\t\t\t\t<\/div>\n\t\t\t<\/div>\n\t\t\t\t\t<\/div>\n\t\t","protected":false},"excerpt":{"rendered":"<p>Images avec un reflex num\u00e9rique Petites r\u00e9flexions tr\u00e8s g\u00e9n\u00e9rales sur le sujet. Le reflex num\u00e9rique, en l&rsquo;occurence un Canon 350 D pour moi, permet de s&rsquo;initier tr\u00e8s s\u00e9rieusement \u00e0 la photographie du ciel profond. Mon but est de faire de la photographie du ciel profond au foyer du t\u00e9l\u00e9scope, c&rsquo;est-\u00e0-dire qu&rsquo;on photographie en mettant l&rsquo;appareil &hellip;<\/p>\n<p class=\"read-more\"> <a class=\"\" href=\"https:\/\/www.arnaudom.fr\/wordpress\/reflexref\/\"> <span class=\"screen-reader-text\">reflexref<\/span> Lire la suite\u00a0\u00bb<\/a><\/p>\n","protected":false},"author":1,"featured_media":0,"parent":0,"menu_order":0,"comment_status":"closed","ping_status":"closed","template":"","meta":{"site-sidebar-layout":"default","site-content-layout":"default","ast-site-content-layout":"","site-content-style":"default","site-sidebar-style":"default","ast-global-header-display":"","ast-banner-title-visibility":"","ast-main-header-display":"","ast-hfb-above-header-display":"","ast-hfb-below-header-display":"","ast-hfb-mobile-header-display":"","site-post-title":"disabled","ast-breadcrumbs-content":"","ast-featured-img":"","footer-sml-layout":"","theme-transparent-header-meta":"default","adv-header-id-meta":"","stick-header-meta":"","header-above-stick-meta":"","header-main-stick-meta":"","header-below-stick-meta":"","astra-migrate-meta-layouts":"","ast-page-background-enabled":"default","ast-page-background-meta":{"desktop":{"background-color":"","background-image":"","background-repeat":"repeat","background-position":"center center","background-size":"auto","background-attachment":"scroll","background-type":"","background-media":"","overlay-type":"","overlay-color":"","overlay-gradient":""},"tablet":{"background-color":"","background-image":"","background-repeat":"repeat","background-position":"center center","background-size":"auto","background-attachment":"scroll","background-type":"","background-media":"","overlay-type":"","overlay-color":"","overlay-gradient":""},"mobile":{"background-color":"","background-image":"","background-repeat":"repeat","background-position":"center center","background-size":"auto","background-attachment":"scroll","background-type":"","background-media":"","overlay-type":"","overlay-color":"","overlay-gradient":""}},"ast-content-background-meta":{"desktop":{"background-color":"var(--ast-global-color-5)","background-image":"","background-repeat":"repeat","background-position":"center center","background-size":"auto","background-attachment":"scroll","background-type":"","background-media":"","overlay-type":"","overlay-color":"","overlay-gradient":""},"tablet":{"background-color":"var(--ast-global-color-5)","background-image":"","background-repeat":"repeat","background-position":"center center","background-size":"auto","background-attachment":"scroll","background-type":"","background-media":"","overlay-type":"","overlay-color":"","overlay-gradient":""},"mobile":{"background-color":"var(--ast-global-color-5)","background-image":"","background-repeat":"repeat","background-position":"center center","background-size":"auto","background-attachment":"scroll","background-type":"","background-media":"","overlay-type":"","overlay-color":"","overlay-gradient":""}},"footnotes":""},"class_list":["post-5552","page","type-page","status-publish","hentry"],"_links":{"self":[{"href":"https:\/\/www.arnaudom.fr\/wordpress\/wp-json\/wp\/v2\/pages\/5552","targetHints":{"allow":["GET"]}}],"collection":[{"href":"https:\/\/www.arnaudom.fr\/wordpress\/wp-json\/wp\/v2\/pages"}],"about":[{"href":"https:\/\/www.arnaudom.fr\/wordpress\/wp-json\/wp\/v2\/types\/page"}],"author":[{"embeddable":true,"href":"https:\/\/www.arnaudom.fr\/wordpress\/wp-json\/wp\/v2\/users\/1"}],"replies":[{"embeddable":true,"href":"https:\/\/www.arnaudom.fr\/wordpress\/wp-json\/wp\/v2\/comments?post=5552"}],"version-history":[{"count":6,"href":"https:\/\/www.arnaudom.fr\/wordpress\/wp-json\/wp\/v2\/pages\/5552\/revisions"}],"predecessor-version":[{"id":5561,"href":"https:\/\/www.arnaudom.fr\/wordpress\/wp-json\/wp\/v2\/pages\/5552\/revisions\/5561"}],"wp:attachment":[{"href":"https:\/\/www.arnaudom.fr\/wordpress\/wp-json\/wp\/v2\/media?parent=5552"}],"curies":[{"name":"wp","href":"https:\/\/api.w.org\/{rel}","templated":true}]}}