{"id":540,"date":"2018-08-06T00:27:56","date_gmt":"2018-08-05T22:27:56","guid":{"rendered":"http:\/\/www.arnaudom.fr\/wordpress\/?page_id=540"},"modified":"2021-08-02T23:56:17","modified_gmt":"2021-08-02T21:56:17","slug":"presentation","status":"publish","type":"page","link":"https:\/\/www.arnaudom.fr\/wordpress\/presentation\/","title":{"rendered":"Le site"},"content":{"rendered":"\t\t<div data-elementor-type=\"wp-post\" data-elementor-id=\"540\" class=\"elementor elementor-540\">\n\t\t\t\t\t\t<div class=\"elementor-inner\">\n\t\t\t\t<div class=\"elementor-section-wrap\">\n\t\t\t\t\t\t\t\t\t<section class=\"elementor-section elementor-top-section elementor-element elementor-element-d298f29 elementor-section-full_width elementor-section-height-default elementor-section-height-default\" data-id=\"d298f29\" data-element_type=\"section\" data-settings=\"{&quot;background_background&quot;:&quot;classic&quot;}\">\n\t\t\t\t\t\t<div class=\"elementor-container elementor-column-gap-default\">\n\t\t\t\t\t\t\t<div class=\"elementor-row\">\n\t\t\t\t\t<div class=\"elementor-column elementor-col-100 elementor-top-column elementor-element elementor-element-4ddebd4\" data-id=\"4ddebd4\" data-element_type=\"column\" data-settings=\"{&quot;background_background&quot;:&quot;classic&quot;}\">\n\t\t\t<div class=\"elementor-column-wrap elementor-element-populated\">\n\t\t\t\t\t\t\t<div class=\"elementor-widget-wrap\">\n\t\t\t\t\t\t<div class=\"elementor-element elementor-element-1b42000 elementor-widget elementor-widget-heading\" data-id=\"1b42000\" data-element_type=\"widget\" data-widget_type=\"heading.default\">\n\t\t\t\t<div class=\"elementor-widget-container\">\n\t\t\t<h1 class=\"elementor-heading-title elementor-size-default\">Pr\u00e9sentation du site<\/h1>\t\t<\/div>\n\t\t\t\t<\/div>\n\t\t\t\t<div class=\"elementor-element elementor-element-52d4d5b elementor-widget elementor-widget-heading\" data-id=\"52d4d5b\" data-element_type=\"widget\" data-widget_type=\"heading.default\">\n\t\t\t\t<div class=\"elementor-widget-container\">\n\t\t\t<h2 class=\"elementor-heading-title elementor-size-default\">G\u00e9n\u00e9ralit\u00e9s<\/h2>\t\t<\/div>\n\t\t\t\t<\/div>\n\t\t\t\t<div class=\"elementor-element elementor-element-e7d136a elementor-drop-cap-yes elementor-drop-cap-view-default elementor-widget elementor-widget-text-editor\" data-id=\"e7d136a\" data-element_type=\"widget\" data-settings=\"{&quot;drop_cap&quot;:&quot;yes&quot;}\" data-widget_type=\"text-editor.default\">\n\t\t\t\t<div class=\"elementor-widget-container\">\n\t\t\t\t\t\t\t\t<div class=\"elementor-text-editor elementor-clearfix\">\n\t\t\t\t<p><span style=\"color: #000000;\">Ce site est consacr\u00e9 \u00e0 l&rsquo;astronomie amateur et a pour but de vous pr\u00e9senter ma petite exp\u00e9rience dans ce domaine.<\/span><\/p><p><span style=\"color: #000000;\">Il contient <b>aussi bien des rubriques destin\u00e9es aux d\u00e9butants<\/b>, comme celles qui parlent de l&rsquo;utilisation basique d&rsquo;un t\u00e9lescope ou des objets observables dans le ciel, que <b>des rubriques pour les amateurs un peu plus confirm\u00e9s<\/b>, en particulier celles o\u00f9 je d\u00e9cris mes activit\u00e9s avec un t\u00e9lescope un peu plus cons\u00e9quent, un Newton 200\/800 et toutes celles consacr\u00e9es \u00e0 la photographie et au traitement d&rsquo;images.<\/span><\/p><p><span style=\"color: #000000;\">L&rsquo;astronomie amateur est une activit\u00e9 qui m&rsquo;a attir\u00e9 pendant de nombreuses ann\u00e9es et que j&rsquo;ai r\u00e9ellement d\u00e9but\u00e9e en F\u00e9vrier 2004, suite \u00e0 la lecture de divers ouvrages sur le sujet, puis \u00e0 l&rsquo;achat de jumelles (instrument que je recommande fortement aux d\u00e9butants ou aux gens int\u00e9ress\u00e9s par l&rsquo;observation du ciel \u00e9toil\u00e9) et enfin \u00e0 l&rsquo;acquisition d&rsquo;un petit t\u00e9lescope, le Skywatcher 130\/900.<\/span><\/p><p><span style=\"color: #000000;\">On trouvera dans ce site les observations et les images que j&rsquo;ai pu effectivement r\u00e9aliser en tant que d\u00e9butant, avec ce petit mat\u00e9riel, ce qui je l&rsquo;esp\u00e8re pourra aider et encourager les amateurs d\u00e9butants qui voudraient se lancer dans ce loisir passionnant.<\/span><\/p><p><span style=\"color: #000000;\">Depuis ce temps le virus ne m&rsquo;a pas l\u00e2ch\u00e9, et j&rsquo;ai d\u00e9sormais un mat\u00e9riel un peu plus cons\u00e9quent \u00e0 la fois pour observer et pour photographier. J&rsquo;utilise maintenant un Newton 200\/800 sur une monture EQ6, je pratique la photo avec un Reflex Canon 450D (successeur du valeureux 350D qui a rendu l&rsquo;\u00e2me), et je poss\u00e8de en compl\u00e9ment un Mak 127\/1500 et une paire de jumelles 20&#215;80. J&rsquo;ai \u00e9galement fait l&rsquo;acquisition tout r\u00e9cemment d&rsquo;une cam\u00e9ro ZWO 1600 sp\u00e9cialement d\u00e9di\u00e9e \u00e0 la photographie du ciel profond. J&rsquo;essaierai donc sur ce site de d\u00e9crire l&rsquo;utilisation de ce mat\u00e9riel qui, sans \u00eatre du haut de gamme, me permet de me faire \u00e9norm\u00e9ment plaisir en astronomie.<\/span><\/p>\t\t\t\t\t<\/div>\n\t\t\t\t\t\t<\/div>\n\t\t\t\t<\/div>\n\t\t\t\t<div class=\"elementor-element elementor-element-6c28f63 elementor-widget elementor-widget-heading\" data-id=\"6c28f63\" data-element_type=\"widget\" data-widget_type=\"heading.default\">\n\t\t\t\t<div class=\"elementor-widget-container\">\n\t\t\t<h2 class=\"elementor-heading-title elementor-size-default\">Rubriques<\/h2>\t\t<\/div>\n\t\t\t\t<\/div>\n\t\t\t\t<div class=\"elementor-element elementor-element-0ea521d elementor-widget elementor-widget-text-editor\" data-id=\"0ea521d\" data-element_type=\"widget\" data-widget_type=\"text-editor.default\">\n\t\t\t\t<div class=\"elementor-widget-container\">\n\t\t\t\t\t\t\t\t<div class=\"elementor-text-editor elementor-clearfix\">\n\t\t\t\t<p class=\"gras\"><span style=\"color: #000000;\">La barre de navigation du haut contient les rubriques suivantes :<br \/><\/span><\/p><p><span style=\"color: #000000;\">&#8211; <\/span><span style=\"color: #000000;\"><b>Mat\u00e9riel :<\/b> les notions de base pour utiliser un t\u00e9lescope, les notions plus avanc\u00e9es et deux rubriques plus particuli\u00e8res consacr\u00e9es \u00e0 l&rsquo;utilisation d&rsquo;une monture EQ6 et du projet EQMOD, qui permet le pilotage de cette m\u00eame monture par un ordinateur.<\/span><span style=\"color: #000000;\"><b><br \/><\/b><\/span><\/p><p><span style=\"color: #000000;\">&#8211;<b> Observer <\/b>: pr\u00e9sentation du ciel du mois, diff\u00e9rents conseils d&rsquo;observation, l&rsquo;observation du syst\u00e8me solaire et les observations du ciel profond que j&rsquo;ai r\u00e9alis\u00e9es (la plupart avec le 130\/900), class\u00e9es par saison.<\/span><\/p><p><span style=\"color: #000000;\"><b>\u00a0<\/b><\/span><span style=\"color: #000000;\">&#8211; <b>Astrophotographie :<\/b> mes galeries d&rsquo;images du ciel profond, diff\u00e9rents aspects de la photographie du ciel profond et les tutoriels sur le traitement des images.<\/span><\/p><p><span style=\"color: #000000;\">&#8211; <b>C<\/b><\/span><span style=\"color: #000000;\"><b>ontenu <\/b><\/span><span style=\"color: #000000;\"><b>du site :<\/b> pr\u00e9sentation g\u00e9n\u00e9rale du site et de moi-m\u00eame, une rubrique visant \u00e0 montrer aux d\u00e9butants ce qu&rsquo;il faut s&rsquo;attendre \u00e0 voir dans un t\u00e9lescope et diff\u00e9rents moyens pour me contacter \u00e0 travers ce site.<\/span><\/p><p><span style=\"color: #000000;\">&#8211; <b>Ressources :<\/b> liste des livres et magazines que j&rsquo;utilise, et liens vers les forums, logiciels, boutiques et sites d&rsquo;astronomie qui me servent de r\u00e9f\u00e9rence.<br \/><\/span><\/p>\t\t\t\t\t<\/div>\n\t\t\t\t\t\t<\/div>\n\t\t\t\t<\/div>\n\t\t\t\t\t\t<\/div>\n\t\t\t\t\t<\/div>\n\t\t<\/div>\n\t\t\t\t\t\t\t\t<\/div>\n\t\t\t\t\t<\/div>\n\t\t<\/section>\n\t\t\t\t\t\t\t\t\t<\/div>\n\t\t\t<\/div>\n\t\t\t\t\t<\/div>\n\t\t","protected":false},"excerpt":{"rendered":"<p>Pr\u00e9sentation du site G\u00e9n\u00e9ralit\u00e9s Ce site est consacr\u00e9 \u00e0 l&rsquo;astronomie amateur et a pour but de vous pr\u00e9senter ma petite exp\u00e9rience dans ce domaine. Il contient aussi bien des rubriques destin\u00e9es aux d\u00e9butants, comme celles qui parlent de l&rsquo;utilisation basique d&rsquo;un t\u00e9lescope ou des objets observables dans le ciel, que des rubriques pour les amateurs &hellip;<\/p>\n<p class=\"read-more\"> <a class=\"\" href=\"https:\/\/www.arnaudom.fr\/wordpress\/presentation\/\"> <span class=\"screen-reader-text\">Le site<\/span> Lire la suite\u00a0\u00bb<\/a><\/p>\n","protected":false},"author":1,"featured_media":0,"parent":0,"menu_order":0,"comment_status":"closed","ping_status":"closed","template":"","meta":{"site-sidebar-layout":"default","site-content-layout":"default","ast-site-content-layout":"","site-content-style":"default","site-sidebar-style":"default","ast-global-header-display":"","ast-banner-title-visibility":"","ast-main-header-display":"","ast-hfb-above-header-display":"","ast-hfb-below-header-display":"","ast-hfb-mobile-header-display":"","site-post-title":"disabled","ast-breadcrumbs-content":"","ast-featured-img":"","footer-sml-layout":"","theme-transparent-header-meta":"default","adv-header-id-meta":"","stick-header-meta":"","header-above-stick-meta":"","header-main-stick-meta":"","header-below-stick-meta":"","astra-migrate-meta-layouts":"","ast-page-background-enabled":"default","ast-page-background-meta":{"desktop":{"background-color":"","background-image":"","background-repeat":"repeat","background-position":"center center","background-size":"auto","background-attachment":"scroll","background-type":"","background-media":"","overlay-type":"","overlay-color":"","overlay-gradient":""},"tablet":{"background-color":"","background-image":"","background-repeat":"repeat","background-position":"center center","background-size":"auto","background-attachment":"scroll","background-type":"","background-media":"","overlay-type":"","overlay-color":"","overlay-gradient":""},"mobile":{"background-color":"","background-image":"","background-repeat":"repeat","background-position":"center center","background-size":"auto","background-attachment":"scroll","background-type":"","background-media":"","overlay-type":"","overlay-color":"","overlay-gradient":""}},"ast-content-background-meta":{"desktop":{"background-color":"var(--ast-global-color-5)","background-image":"","background-repeat":"repeat","background-position":"center center","background-size":"auto","background-attachment":"scroll","background-type":"","background-media":"","overlay-type":"","overlay-color":"","overlay-gradient":""},"tablet":{"background-color":"var(--ast-global-color-5)","background-image":"","background-repeat":"repeat","background-position":"center center","background-size":"auto","background-attachment":"scroll","background-type":"","background-media":"","overlay-type":"","overlay-color":"","overlay-gradient":""},"mobile":{"background-color":"var(--ast-global-color-5)","background-image":"","background-repeat":"repeat","background-position":"center center","background-size":"auto","background-attachment":"scroll","background-type":"","background-media":"","overlay-type":"","overlay-color":"","overlay-gradient":""}},"footnotes":""},"class_list":["post-540","page","type-page","status-publish","hentry"],"_links":{"self":[{"href":"https:\/\/www.arnaudom.fr\/wordpress\/wp-json\/wp\/v2\/pages\/540","targetHints":{"allow":["GET"]}}],"collection":[{"href":"https:\/\/www.arnaudom.fr\/wordpress\/wp-json\/wp\/v2\/pages"}],"about":[{"href":"https:\/\/www.arnaudom.fr\/wordpress\/wp-json\/wp\/v2\/types\/page"}],"author":[{"embeddable":true,"href":"https:\/\/www.arnaudom.fr\/wordpress\/wp-json\/wp\/v2\/users\/1"}],"replies":[{"embeddable":true,"href":"https:\/\/www.arnaudom.fr\/wordpress\/wp-json\/wp\/v2\/comments?post=540"}],"version-history":[{"count":49,"href":"https:\/\/www.arnaudom.fr\/wordpress\/wp-json\/wp\/v2\/pages\/540\/revisions"}],"predecessor-version":[{"id":7306,"href":"https:\/\/www.arnaudom.fr\/wordpress\/wp-json\/wp\/v2\/pages\/540\/revisions\/7306"}],"wp:attachment":[{"href":"https:\/\/www.arnaudom.fr\/wordpress\/wp-json\/wp\/v2\/media?parent=540"}],"curies":[{"name":"wp","href":"https:\/\/api.w.org\/{rel}","templated":true}]}}