{"id":4251,"date":"2020-02-19T07:18:31","date_gmt":"2020-02-19T06:18:31","guid":{"rendered":"http:\/\/www.arnaudom.fr\/wordpress\/?page_id=4251"},"modified":"2025-08-31T07:51:23","modified_gmt":"2025-08-31T05:51:23","slug":"ngc7331","status":"publish","type":"page","link":"https:\/\/www.arnaudom.fr\/wordpress\/ngc7331\/","title":{"rendered":"ngc7331"},"content":{"rendered":"\t\t<div data-elementor-type=\"wp-post\" data-elementor-id=\"4251\" class=\"elementor elementor-4251\">\n\t\t\t\t\t\t<div class=\"elementor-inner\">\n\t\t\t\t<div class=\"elementor-section-wrap\">\n\t\t\t\t\t\t\t\t\t<section class=\"elementor-section elementor-top-section elementor-element elementor-element-1dfc4ef5 elementor-section-full_width elementor-section-height-default elementor-section-height-default\" data-id=\"1dfc4ef5\" data-element_type=\"section\" data-settings=\"{&quot;background_background&quot;:&quot;classic&quot;}\">\n\t\t\t\t\t\t<div class=\"elementor-container elementor-column-gap-default\">\n\t\t\t\t\t\t\t<div class=\"elementor-row\">\n\t\t\t\t\t<div class=\"elementor-column elementor-col-100 elementor-top-column elementor-element elementor-element-2423ee82\" data-id=\"2423ee82\" data-element_type=\"column\" data-settings=\"{&quot;background_background&quot;:&quot;classic&quot;}\">\n\t\t\t<div class=\"elementor-column-wrap elementor-element-populated\">\n\t\t\t\t\t\t\t<div class=\"elementor-widget-wrap\">\n\t\t\t\t\t\t<div class=\"elementor-element elementor-element-7cb4ef4b elementor-widget elementor-widget-heading\" data-id=\"7cb4ef4b\" data-element_type=\"widget\" data-widget_type=\"heading.default\">\n\t\t\t\t<div class=\"elementor-widget-container\">\n\t\t\t<h1 class=\"elementor-heading-title elementor-size-default\">La galaxie NGC 7331 dans P\u00e9gase<\/h1>\t\t<\/div>\n\t\t\t\t<\/div>\n\t\t\t\t<div class=\"elementor-element elementor-element-f2853c9 elementor-widget elementor-widget-text-editor\" data-id=\"f2853c9\" data-element_type=\"widget\" data-widget_type=\"text-editor.default\">\n\t\t\t\t<div class=\"elementor-widget-container\">\n\t\t\t\t\t\t\t\t<div class=\"elementor-text-editor elementor-clearfix\">\n\t\t\t\t<p style=\"text-align: center;\">Deux images sur cette page.<br \/>Les images sont class\u00e9es de la plus r\u00e9cente \u00e0 la moins r\u00e9cente.<\/p>\t\t\t\t\t<\/div>\n\t\t\t\t\t\t<\/div>\n\t\t\t\t<\/div>\n\t\t\t\t<div class=\"elementor-element elementor-element-60d8a07 elementor-widget-divider--view-line elementor-widget elementor-widget-divider\" data-id=\"60d8a07\" data-element_type=\"widget\" data-widget_type=\"divider.default\">\n\t\t\t\t<div class=\"elementor-widget-container\">\n\t\t\t\t\t<div class=\"elementor-divider\">\n\t\t\t<span class=\"elementor-divider-separator\">\n\t\t\t\t\t\t<\/span>\n\t\t<\/div>\n\t\t\t\t<\/div>\n\t\t\t\t<\/div>\n\t\t\t\t<div class=\"elementor-element elementor-element-7d88206 elementor-widget elementor-widget-text-editor\" data-id=\"7d88206\" data-element_type=\"widget\" data-widget_type=\"text-editor.default\">\n\t\t\t\t<div class=\"elementor-widget-container\">\n\t\t\t\t\t\t\t\t<div class=\"elementor-text-editor elementor-clearfix\">\n\t\t\t\t<p style=\"text-align: center;\">Photographi\u00e9e en ao\u00fbt 2025.<\/p>\t\t\t\t\t<\/div>\n\t\t\t\t\t\t<\/div>\n\t\t\t\t<\/div>\n\t\t\t\t<div class=\"elementor-element elementor-element-f5e715e elementor-widget elementor-widget-image\" data-id=\"f5e715e\" data-element_type=\"widget\" data-widget_type=\"image.default\">\n\t\t\t\t<div class=\"elementor-widget-container\">\n\t\t\t\t\t\t\t\t<div class=\"elementor-image\">\n\t\t\t\t\t\t\t\t\t\t\t\t<img loading=\"lazy\" decoding=\"async\" width=\"1024\" height=\"753\" src=\"https:\/\/www.arnaudom.fr\/wordpress\/wp-content\/uploads\/2025\/08\/Finale1-1024x753.jpg\" class=\"attachment-large size-large wp-image-16481\" alt=\"\" srcset=\"https:\/\/www.arnaudom.fr\/wordpress\/wp-content\/uploads\/2025\/08\/Finale1-1024x753.jpg 1024w, https:\/\/www.arnaudom.fr\/wordpress\/wp-content\/uploads\/2025\/08\/Finale1-300x221.jpg 300w, https:\/\/www.arnaudom.fr\/wordpress\/wp-content\/uploads\/2025\/08\/Finale1-768x565.jpg 768w, https:\/\/www.arnaudom.fr\/wordpress\/wp-content\/uploads\/2025\/08\/Finale1-1536x1130.jpg 1536w, https:\/\/www.arnaudom.fr\/wordpress\/wp-content\/uploads\/2025\/08\/Finale1-2048x1506.jpg 2048w\" sizes=\"auto, (max-width: 1024px) 100vw, 1024px\" \/>\t\t\t\t\t\t\t\t\t\t\t\t\t\t<\/div>\n\t\t\t\t\t\t<\/div>\n\t\t\t\t<\/div>\n\t\t\t\t<div class=\"elementor-element elementor-element-7d065b5 elementor-widget elementor-widget-text-editor\" data-id=\"7d065b5\" data-element_type=\"widget\" data-widget_type=\"text-editor.default\">\n\t\t\t\t<div class=\"elementor-widget-container\">\n\t\t\t\t\t\t\t\t<div class=\"elementor-text-editor elementor-clearfix\">\n\t\t\t\t<p style=\"text-align: center;\"><strong><span style=\"color: #00cece;\">Newton TS Carbone 200\/800 + Monture EQ6-R + ZWO 1600 Pro + Paracorr Televue + Filtre LRGB<br \/>Autoguidage : lunette Skywatcher 80\/400 + Zwo 120 mini<br \/>28 x 3 minutes en L + 7 x 3 min R + 7 x 3 min G + 7 x 3 min B + 15 dark + 15 flat par filtre<\/span><\/strong><\/p>\t\t\t\t\t<\/div>\n\t\t\t\t\t\t<\/div>\n\t\t\t\t<\/div>\n\t\t\t\t<div class=\"elementor-element elementor-element-0a21b56 elementor-widget elementor-widget-heading\" data-id=\"0a21b56\" data-element_type=\"widget\" data-widget_type=\"heading.default\">\n\t\t\t\t<div class=\"elementor-widget-container\">\n\t\t\t<h2 class=\"elementor-heading-title elementor-size-default\">Gros plan sur NGC 7331<\/h2>\t\t<\/div>\n\t\t\t\t<\/div>\n\t\t\t\t<div class=\"elementor-element elementor-element-919d0bf elementor-widget elementor-widget-image\" data-id=\"919d0bf\" data-element_type=\"widget\" data-widget_type=\"image.default\">\n\t\t\t\t<div class=\"elementor-widget-container\">\n\t\t\t\t\t\t\t\t<div class=\"elementor-image\">\n\t\t\t\t\t\t\t\t\t\t\t\t<img loading=\"lazy\" decoding=\"async\" width=\"1024\" height=\"758\" src=\"https:\/\/www.arnaudom.fr\/wordpress\/wp-content\/uploads\/2025\/08\/Crop-galaxie-1024x758.jpg\" class=\"attachment-large size-large wp-image-16482\" alt=\"\" srcset=\"https:\/\/www.arnaudom.fr\/wordpress\/wp-content\/uploads\/2025\/08\/Crop-galaxie-1024x758.jpg 1024w, https:\/\/www.arnaudom.fr\/wordpress\/wp-content\/uploads\/2025\/08\/Crop-galaxie-300x222.jpg 300w, https:\/\/www.arnaudom.fr\/wordpress\/wp-content\/uploads\/2025\/08\/Crop-galaxie-768x569.jpg 768w, https:\/\/www.arnaudom.fr\/wordpress\/wp-content\/uploads\/2025\/08\/Crop-galaxie-1536x1137.jpg 1536w, https:\/\/www.arnaudom.fr\/wordpress\/wp-content\/uploads\/2025\/08\/Crop-galaxie-2048x1516.jpg 2048w\" sizes=\"auto, (max-width: 1024px) 100vw, 1024px\" \/>\t\t\t\t\t\t\t\t\t\t\t\t\t\t<\/div>\n\t\t\t\t\t\t<\/div>\n\t\t\t\t<\/div>\n\t\t\t\t<div class=\"elementor-element elementor-element-520996b elementor-widget elementor-widget-heading\" data-id=\"520996b\" data-element_type=\"widget\" data-widget_type=\"heading.default\">\n\t\t\t\t<div class=\"elementor-widget-container\">\n\t\t\t<h2 class=\"elementor-heading-title elementor-size-default\">Gros plan sur le quintet de Stephan<\/h2>\t\t<\/div>\n\t\t\t\t<\/div>\n\t\t\t\t<div class=\"elementor-element elementor-element-013cf93 elementor-widget elementor-widget-image\" data-id=\"013cf93\" data-element_type=\"widget\" data-widget_type=\"image.default\">\n\t\t\t\t<div class=\"elementor-widget-container\">\n\t\t\t\t\t\t\t\t<div class=\"elementor-image\">\n\t\t\t\t\t\t\t\t\t\t\t\t<img loading=\"lazy\" decoding=\"async\" width=\"1024\" height=\"909\" src=\"https:\/\/www.arnaudom.fr\/wordpress\/wp-content\/uploads\/2025\/08\/Crop-quintet-1024x909.jpg\" class=\"attachment-large size-large wp-image-16483\" alt=\"\" srcset=\"https:\/\/www.arnaudom.fr\/wordpress\/wp-content\/uploads\/2025\/08\/Crop-quintet-1024x909.jpg 1024w, https:\/\/www.arnaudom.fr\/wordpress\/wp-content\/uploads\/2025\/08\/Crop-quintet-300x266.jpg 300w, https:\/\/www.arnaudom.fr\/wordpress\/wp-content\/uploads\/2025\/08\/Crop-quintet-768x682.jpg 768w, https:\/\/www.arnaudom.fr\/wordpress\/wp-content\/uploads\/2025\/08\/Crop-quintet.jpg 1340w\" sizes=\"auto, (max-width: 1024px) 100vw, 1024px\" \/>\t\t\t\t\t\t\t\t\t\t\t\t\t\t<\/div>\n\t\t\t\t\t\t<\/div>\n\t\t\t\t<\/div>\n\t\t\t\t<div class=\"elementor-element elementor-element-e66bfd1 elementor-widget elementor-widget-heading\" data-id=\"e66bfd1\" data-element_type=\"widget\" data-widget_type=\"heading.default\">\n\t\t\t\t<div class=\"elementor-widget-container\">\n\t\t\t<h2 class=\"elementor-heading-title elementor-size-default\">Astrom\u00e9trie<\/h2>\t\t<\/div>\n\t\t\t\t<\/div>\n\t\t\t\t<div class=\"elementor-element elementor-element-6a3f321 elementor-widget elementor-widget-image\" data-id=\"6a3f321\" data-element_type=\"widget\" data-widget_type=\"image.default\">\n\t\t\t\t<div class=\"elementor-widget-container\">\n\t\t\t\t\t\t\t\t<div class=\"elementor-image\">\n\t\t\t\t\t\t\t\t\t\t\t\t<img loading=\"lazy\" decoding=\"async\" width=\"1024\" height=\"753\" src=\"https:\/\/www.arnaudom.fr\/wordpress\/wp-content\/uploads\/2025\/08\/RVB_Annotated-1024x753.jpg\" class=\"attachment-large size-large wp-image-16484\" alt=\"\" srcset=\"https:\/\/www.arnaudom.fr\/wordpress\/wp-content\/uploads\/2025\/08\/RVB_Annotated-1024x753.jpg 1024w, https:\/\/www.arnaudom.fr\/wordpress\/wp-content\/uploads\/2025\/08\/RVB_Annotated-300x221.jpg 300w, https:\/\/www.arnaudom.fr\/wordpress\/wp-content\/uploads\/2025\/08\/RVB_Annotated-768x565.jpg 768w, https:\/\/www.arnaudom.fr\/wordpress\/wp-content\/uploads\/2025\/08\/RVB_Annotated-1536x1130.jpg 1536w, https:\/\/www.arnaudom.fr\/wordpress\/wp-content\/uploads\/2025\/08\/RVB_Annotated-2048x1506.jpg 2048w\" sizes=\"auto, (max-width: 1024px) 100vw, 1024px\" \/>\t\t\t\t\t\t\t\t\t\t\t\t\t\t<\/div>\n\t\t\t\t\t\t<\/div>\n\t\t\t\t<\/div>\n\t\t\t\t<div class=\"elementor-element elementor-element-dca396d elementor-widget elementor-widget-text-editor\" data-id=\"dca396d\" data-element_type=\"widget\" data-widget_type=\"text-editor.default\">\n\t\t\t\t<div class=\"elementor-widget-container\">\n\t\t\t\t\t\t\t\t<div class=\"elementor-text-editor elementor-clearfix\">\n\t\t\t\t<p style=\"text-align: center;\"><span style=\"color: #ffffff;\">Aux abords du carr\u00e9 de P\u00e9gase on trouve la belle galaxie NGC 7331, et le champ photographi\u00e9e montre ce bel objet accompagn\u00e9 du quintet de Stephan, un regroupement visuel de galaxies dont certaines montrent des signes d&rsquo;interactions gravitationnelles .<\/span><\/p>\t\t\t\t\t<\/div>\n\t\t\t\t\t\t<\/div>\n\t\t\t\t<\/div>\n\t\t\t\t<div class=\"elementor-element elementor-element-6f46d4e elementor-widget-divider--view-line elementor-widget elementor-widget-divider\" data-id=\"6f46d4e\" data-element_type=\"widget\" data-widget_type=\"divider.default\">\n\t\t\t\t<div class=\"elementor-widget-container\">\n\t\t\t\t\t<div class=\"elementor-divider\">\n\t\t\t<span class=\"elementor-divider-separator\">\n\t\t\t\t\t\t<\/span>\n\t\t<\/div>\n\t\t\t\t<\/div>\n\t\t\t\t<\/div>\n\t\t\t\t<div class=\"elementor-element elementor-element-d54374e elementor-widget elementor-widget-text-editor\" data-id=\"d54374e\" data-element_type=\"widget\" data-widget_type=\"text-editor.default\">\n\t\t\t\t<div class=\"elementor-widget-container\">\n\t\t\t\t\t\t\t\t<div class=\"elementor-text-editor elementor-clearfix\">\n\t\t\t\t<p style=\"text-align: center;\">Photographi\u00e9e en octobre 2014.<\/p>\t\t\t\t\t<\/div>\n\t\t\t\t\t\t<\/div>\n\t\t\t\t<\/div>\n\t\t\t\t<div class=\"elementor-element elementor-element-3a11e465 elementor-widget elementor-widget-image\" data-id=\"3a11e465\" data-element_type=\"widget\" data-widget_type=\"image.default\">\n\t\t\t\t<div class=\"elementor-widget-container\">\n\t\t\t\t\t\t\t\t<div class=\"elementor-image\">\n\t\t\t\t\t\t\t\t\t\t\t\t<img loading=\"lazy\" decoding=\"async\" width=\"1000\" height=\"650\" src=\"https:\/\/www.arnaudom.fr\/wordpress\/wp-content\/uploads\/2020\/02\/ngc7331001.jpg\" class=\"attachment-large size-large wp-image-4253\" alt=\"\" srcset=\"https:\/\/www.arnaudom.fr\/wordpress\/wp-content\/uploads\/2020\/02\/ngc7331001.jpg 1000w, https:\/\/www.arnaudom.fr\/wordpress\/wp-content\/uploads\/2020\/02\/ngc7331001-300x195.jpg 300w, https:\/\/www.arnaudom.fr\/wordpress\/wp-content\/uploads\/2020\/02\/ngc7331001-768x499.jpg 768w\" sizes=\"auto, (max-width: 1000px) 100vw, 1000px\" \/>\t\t\t\t\t\t\t\t\t\t\t\t\t\t<\/div>\n\t\t\t\t\t\t<\/div>\n\t\t\t\t<\/div>\n\t\t\t\t<div class=\"elementor-element elementor-element-2108e0c1 elementor-widget elementor-widget-heading\" data-id=\"2108e0c1\" data-element_type=\"widget\" data-widget_type=\"heading.default\">\n\t\t\t\t<div class=\"elementor-widget-container\">\n\t\t\t<h2 class=\"elementor-heading-title elementor-size-default\">Plan rapproch\u00e9<\/h2>\t\t<\/div>\n\t\t\t\t<\/div>\n\t\t\t\t<div class=\"elementor-element elementor-element-71ed9487 elementor-widget elementor-widget-image\" data-id=\"71ed9487\" data-element_type=\"widget\" data-widget_type=\"image.default\">\n\t\t\t\t<div class=\"elementor-widget-container\">\n\t\t\t\t\t\t\t\t<div class=\"elementor-image\">\n\t\t\t\t\t\t\t\t\t\t\t\t<img loading=\"lazy\" decoding=\"async\" width=\"1001\" height=\"645\" src=\"https:\/\/www.arnaudom.fr\/wordpress\/wp-content\/uploads\/2020\/02\/ngc7331003.jpg\" class=\"attachment-large size-large wp-image-4254\" alt=\"\" srcset=\"https:\/\/www.arnaudom.fr\/wordpress\/wp-content\/uploads\/2020\/02\/ngc7331003.jpg 1001w, https:\/\/www.arnaudom.fr\/wordpress\/wp-content\/uploads\/2020\/02\/ngc7331003-300x193.jpg 300w, https:\/\/www.arnaudom.fr\/wordpress\/wp-content\/uploads\/2020\/02\/ngc7331003-768x495.jpg 768w\" sizes=\"auto, (max-width: 1001px) 100vw, 1001px\" \/>\t\t\t\t\t\t\t\t\t\t\t\t\t\t<\/div>\n\t\t\t\t\t\t<\/div>\n\t\t\t\t<\/div>\n\t\t\t\t<div class=\"elementor-element elementor-element-7d22fadb elementor-widget elementor-widget-text-editor\" data-id=\"7d22fadb\" data-element_type=\"widget\" data-widget_type=\"text-editor.default\">\n\t\t\t\t<div class=\"elementor-widget-container\">\n\t\t\t\t\t\t\t\t<div class=\"elementor-text-editor elementor-clearfix\">\n\t\t\t\t<p style=\"text-align: center;\"><strong><span style=\"color: #00cece;\">Newton TS Carbone 200\/800 + Monture EQ6 Pro + Canon EOS 450D d\u00e9filtr\u00e9 + Paracorr Televue + Filtre CLS<br \/>Autoguidage : chercheur 8&#215;50 + bague + Orion Starshoot Autoguider<br \/>24 poses de 5 minutes + 100 offset + 11 dark + 14 flat<\/span><\/strong><\/p>\t\t\t\t\t<\/div>\n\t\t\t\t\t\t<\/div>\n\t\t\t\t<\/div>\n\t\t\t\t<div class=\"elementor-element elementor-element-4ff75970 elementor-widget elementor-widget-heading\" data-id=\"4ff75970\" data-element_type=\"widget\" data-widget_type=\"heading.default\">\n\t\t\t\t<div class=\"elementor-widget-container\">\n\t\t\t<h2 class=\"elementor-heading-title elementor-size-default\">Astrom\u00e9trie sur l'image\n<\/h2>\t\t<\/div>\n\t\t\t\t<\/div>\n\t\t\t\t<div class=\"elementor-element elementor-element-6fc5c11d elementor-widget elementor-widget-image\" data-id=\"6fc5c11d\" data-element_type=\"widget\" data-widget_type=\"image.default\">\n\t\t\t\t<div class=\"elementor-widget-container\">\n\t\t\t\t\t\t\t\t<div class=\"elementor-image\">\n\t\t\t\t\t\t\t\t\t\t\t\t<img loading=\"lazy\" decoding=\"async\" width=\"1000\" height=\"650\" src=\"https:\/\/www.arnaudom.fr\/wordpress\/wp-content\/uploads\/2020\/02\/ngc7331004.jpg\" class=\"attachment-large size-large wp-image-4255\" alt=\"\" srcset=\"https:\/\/www.arnaudom.fr\/wordpress\/wp-content\/uploads\/2020\/02\/ngc7331004.jpg 1000w, https:\/\/www.arnaudom.fr\/wordpress\/wp-content\/uploads\/2020\/02\/ngc7331004-300x195.jpg 300w, https:\/\/www.arnaudom.fr\/wordpress\/wp-content\/uploads\/2020\/02\/ngc7331004-768x499.jpg 768w\" sizes=\"auto, (max-width: 1000px) 100vw, 1000px\" \/>\t\t\t\t\t\t\t\t\t\t\t\t\t\t<\/div>\n\t\t\t\t\t\t<\/div>\n\t\t\t\t<\/div>\n\t\t\t\t<div class=\"elementor-element elementor-element-c314b6d elementor-widget elementor-widget-heading\" data-id=\"c314b6d\" data-element_type=\"widget\" data-widget_type=\"heading.default\">\n\t\t\t\t<div class=\"elementor-widget-container\">\n\t\t\t<h2 class=\"elementor-heading-title elementor-size-default\">Quintet de Stephan<\/h2>\t\t<\/div>\n\t\t\t\t<\/div>\n\t\t\t\t<div class=\"elementor-element elementor-element-99ac3c4 elementor-widget elementor-widget-image\" data-id=\"99ac3c4\" data-element_type=\"widget\" data-widget_type=\"image.default\">\n\t\t\t\t<div class=\"elementor-widget-container\">\n\t\t\t\t\t\t\t\t<div class=\"elementor-image\">\n\t\t\t\t\t\t\t\t\t\t\t\t<img loading=\"lazy\" decoding=\"async\" width=\"537\" height=\"425\" src=\"https:\/\/www.arnaudom.fr\/wordpress\/wp-content\/uploads\/2020\/02\/Quintet001.jpg\" class=\"attachment-large size-large wp-image-4256\" alt=\"\" srcset=\"https:\/\/www.arnaudom.fr\/wordpress\/wp-content\/uploads\/2020\/02\/Quintet001.jpg 537w, https:\/\/www.arnaudom.fr\/wordpress\/wp-content\/uploads\/2020\/02\/Quintet001-300x237.jpg 300w\" sizes=\"auto, (max-width: 537px) 100vw, 537px\" \/>\t\t\t\t\t\t\t\t\t\t\t\t\t\t<\/div>\n\t\t\t\t\t\t<\/div>\n\t\t\t\t<\/div>\n\t\t\t\t<div class=\"elementor-element elementor-element-fb01739 elementor-widget elementor-widget-heading\" data-id=\"fb01739\" data-element_type=\"widget\" data-widget_type=\"heading.default\">\n\t\t\t\t<div class=\"elementor-widget-container\">\n\t\t\t<h2 class=\"elementor-heading-title elementor-size-default\">Astrom\u00e9trie...<\/h2>\t\t<\/div>\n\t\t\t\t<\/div>\n\t\t\t\t<div class=\"elementor-element elementor-element-13e212d elementor-widget elementor-widget-image\" data-id=\"13e212d\" data-element_type=\"widget\" data-widget_type=\"image.default\">\n\t\t\t\t<div class=\"elementor-widget-container\">\n\t\t\t\t\t\t\t\t<div class=\"elementor-image\">\n\t\t\t\t\t\t\t\t\t\t\t\t<img loading=\"lazy\" decoding=\"async\" width=\"518\" height=\"411\" src=\"https:\/\/www.arnaudom.fr\/wordpress\/wp-content\/uploads\/2020\/02\/Quintet002.jpg\" class=\"attachment-large size-large wp-image-4257\" alt=\"\" srcset=\"https:\/\/www.arnaudom.fr\/wordpress\/wp-content\/uploads\/2020\/02\/Quintet002.jpg 518w, https:\/\/www.arnaudom.fr\/wordpress\/wp-content\/uploads\/2020\/02\/Quintet002-300x238.jpg 300w\" sizes=\"auto, (max-width: 518px) 100vw, 518px\" \/>\t\t\t\t\t\t\t\t\t\t\t\t\t\t<\/div>\n\t\t\t\t\t\t<\/div>\n\t\t\t\t<\/div>\n\t\t\t\t<div class=\"elementor-element elementor-element-3c3d09b1 elementor-widget elementor-widget-text-editor\" data-id=\"3c3d09b1\" data-element_type=\"widget\" data-widget_type=\"text-editor.default\">\n\t\t\t\t<div class=\"elementor-widget-container\">\n\t\t\t\t\t\t\t\t<div class=\"elementor-text-editor elementor-clearfix\">\n\t\t\t\t<p style=\"text-align: center;\">NGC 7331 est une grande galaxie qui se situe dans la constellation de P\u00e9gase. J&rsquo;esp\u00e9rais pouvoir en sortir un peu plus de d\u00e9tails mais les conditions d&rsquo;acquisition n&rsquo;\u00e9taient pas tr\u00e8s bonnes et cela reste une cible un peu petite pour ma courte focale et le grand capteur de l&rsquo;APN. Je pensais n\u00e9anmoins pouvoir faire une meilleure photo. Cependant l&rsquo;avantage du grand champ est de montrer un grand nombre de galaxies pr\u00e9sents sur cette image, et notamment en bas \u00e0 gauche le Quintet de Stephan, qui est un amas de galaxies que l&rsquo;on distingue (plus qu&rsquo;on ne le voit) sur la photo. Un petit coup d&rsquo;astrom\u00e9trie avec PixInsight nous montre le nombre de galaxies pr\u00e9sents sur la photo. Je me suis amus\u00e9 \u00e0 faire un petit crop sur le Quintet, m\u00eame si on ne voit pas grand chose (\u00e0 part un probl\u00e8me d&rsquo;optique avec des \u00e9toiles bien allong\u00e9s en bas \u00e0 gauche de l&rsquo;image ! &#8230;)<\/p>\t\t\t\t\t<\/div>\n\t\t\t\t\t\t<\/div>\n\t\t\t\t<\/div>\n\t\t\t\t<div class=\"elementor-element elementor-element-4984f5fb elementor-align-center elementor-widget elementor-widget-button\" data-id=\"4984f5fb\" data-element_type=\"widget\" data-widget_type=\"button.default\">\n\t\t\t\t<div class=\"elementor-widget-container\">\n\t\t\t\t\t<div class=\"elementor-button-wrapper\">\n\t\t\t<a href=\"http:\/\/www.arnaudom.fr\/wordpress\/profondgalaxies\" class=\"elementor-button-link elementor-button elementor-size-sm\" role=\"button\">\n\t\t\t\t\t\t<span class=\"elementor-button-content-wrapper\">\n\t\t\t\t\t\t\t<span class=\"elementor-button-icon elementor-align-icon-right\">\n\t\t\t\t\t\t\t\t\t<i class=\"fa fa-camera\" aria-hidden=\"true\"><\/i>\n\t\t\t\t\t\t\t<\/span>\n\t\t\t\t\t\t<span class=\"elementor-button-text\">Retour \u00e0 la galerie<\/span>\n\t\t<\/span>\n\t\t\t\t\t<\/a>\n\t\t<\/div>\n\t\t\t\t<\/div>\n\t\t\t\t<\/div>\n\t\t\t\t<div class=\"elementor-element elementor-element-abf3ebd elementor-widget elementor-widget-text-editor\" data-id=\"abf3ebd\" data-element_type=\"widget\" data-widget_type=\"text-editor.default\">\n\t\t\t\t<div class=\"elementor-widget-container\">\n\t\t\t\t\t\t\t\t<div class=\"elementor-text-editor elementor-clearfix\">\n\t\t\t\t<p style=\"text-align: center;\">Photographi\u00e9e en mars 2019.<\/p>\t\t\t\t\t<\/div>\n\t\t\t\t\t\t<\/div>\n\t\t\t\t<\/div>\n\t\t\t\t<div class=\"elementor-element elementor-element-92c1b3b elementor-widget elementor-widget-text-editor\" data-id=\"92c1b3b\" data-element_type=\"widget\" data-widget_type=\"text-editor.default\">\n\t\t\t\t<div class=\"elementor-widget-container\">\n\t\t\t\t\t\t\t\t<div class=\"elementor-text-editor elementor-clearfix\">\n\t\t\t\t<p style=\"text-align: center;\"><strong><span style=\"color: #00cece;\">Newton TS Carbone 200\/800 + Monture EQ6 Pro + ZWO 1600 Pro + Paracorr Televue + Filtre LRGB<br \/>Autoguidage : lunette Skywatcher 80\/400 + Zwo 120 mini<br \/>20 x 3 minutes en L + 3 min R + 3 min G + 3 min B + 15 dark + 15 flat par filtre<\/span><\/strong><\/p>\t\t\t\t\t<\/div>\n\t\t\t\t\t\t<\/div>\n\t\t\t\t<\/div>\n\t\t\t\t\t\t<\/div>\n\t\t\t\t\t<\/div>\n\t\t<\/div>\n\t\t\t\t\t\t\t\t<\/div>\n\t\t\t\t\t<\/div>\n\t\t<\/section>\n\t\t\t\t\t\t\t\t\t<\/div>\n\t\t\t<\/div>\n\t\t\t\t\t<\/div>\n\t\t","protected":false},"excerpt":{"rendered":"<p>La galaxie NGC 7331 dans P\u00e9gase Deux images sur cette page.Les images sont class\u00e9es de la plus r\u00e9cente \u00e0 la moins r\u00e9cente. Photographi\u00e9e en ao\u00fbt 2025. Newton TS Carbone 200\/800 + Monture EQ6-R + ZWO 1600 Pro + Paracorr Televue + Filtre LRGBAutoguidage : lunette Skywatcher 80\/400 + Zwo 120 mini28 x 3 minutes en &hellip;<\/p>\n<p class=\"read-more\"> <a class=\"\" href=\"https:\/\/www.arnaudom.fr\/wordpress\/ngc7331\/\"> <span class=\"screen-reader-text\">ngc7331<\/span> Lire la suite\u00a0\u00bb<\/a><\/p>\n","protected":false},"author":1,"featured_media":0,"parent":0,"menu_order":0,"comment_status":"closed","ping_status":"closed","template":"","meta":{"site-sidebar-layout":"default","site-content-layout":"default","ast-site-content-layout":"","site-content-style":"default","site-sidebar-style":"default","ast-global-header-display":"","ast-banner-title-visibility":"","ast-main-header-display":"","ast-hfb-above-header-display":"","ast-hfb-below-header-display":"","ast-hfb-mobile-header-display":"","site-post-title":"disabled","ast-breadcrumbs-content":"","ast-featured-img":"","footer-sml-layout":"","theme-transparent-header-meta":"default","adv-header-id-meta":"","stick-header-meta":"","header-above-stick-meta":"","header-main-stick-meta":"","header-below-stick-meta":"","astra-migrate-meta-layouts":"","ast-page-background-enabled":"default","ast-page-background-meta":{"desktop":{"background-color":"","background-image":"","background-repeat":"repeat","background-position":"center center","background-size":"auto","background-attachment":"scroll","background-type":"","background-media":"","overlay-type":"","overlay-color":"","overlay-gradient":""},"tablet":{"background-color":"","background-image":"","background-repeat":"repeat","background-position":"center center","background-size":"auto","background-attachment":"scroll","background-type":"","background-media":"","overlay-type":"","overlay-color":"","overlay-gradient":""},"mobile":{"background-color":"","background-image":"","background-repeat":"repeat","background-position":"center center","background-size":"auto","background-attachment":"scroll","background-type":"","background-media":"","overlay-type":"","overlay-color":"","overlay-gradient":""}},"ast-content-background-meta":{"desktop":{"background-color":"var(--ast-global-color-5)","background-image":"","background-repeat":"repeat","background-position":"center center","background-size":"auto","background-attachment":"scroll","background-type":"","background-media":"","overlay-type":"","overlay-color":"","overlay-gradient":""},"tablet":{"background-color":"var(--ast-global-color-5)","background-image":"","background-repeat":"repeat","background-position":"center center","background-size":"auto","background-attachment":"scroll","background-type":"","background-media":"","overlay-type":"","overlay-color":"","overlay-gradient":""},"mobile":{"background-color":"var(--ast-global-color-5)","background-image":"","background-repeat":"repeat","background-position":"center center","background-size":"auto","background-attachment":"scroll","background-type":"","background-media":"","overlay-type":"","overlay-color":"","overlay-gradient":""}},"footnotes":""},"class_list":["post-4251","page","type-page","status-publish","hentry"],"_links":{"self":[{"href":"https:\/\/www.arnaudom.fr\/wordpress\/wp-json\/wp\/v2\/pages\/4251","targetHints":{"allow":["GET"]}}],"collection":[{"href":"https:\/\/www.arnaudom.fr\/wordpress\/wp-json\/wp\/v2\/pages"}],"about":[{"href":"https:\/\/www.arnaudom.fr\/wordpress\/wp-json\/wp\/v2\/types\/page"}],"author":[{"embeddable":true,"href":"https:\/\/www.arnaudom.fr\/wordpress\/wp-json\/wp\/v2\/users\/1"}],"replies":[{"embeddable":true,"href":"https:\/\/www.arnaudom.fr\/wordpress\/wp-json\/wp\/v2\/comments?post=4251"}],"version-history":[{"count":11,"href":"https:\/\/www.arnaudom.fr\/wordpress\/wp-json\/wp\/v2\/pages\/4251\/revisions"}],"predecessor-version":[{"id":16496,"href":"https:\/\/www.arnaudom.fr\/wordpress\/wp-json\/wp\/v2\/pages\/4251\/revisions\/16496"}],"wp:attachment":[{"href":"https:\/\/www.arnaudom.fr\/wordpress\/wp-json\/wp\/v2\/media?parent=4251"}],"curies":[{"name":"wp","href":"https:\/\/api.w.org\/{rel}","templated":true}]}}