{"id":3638,"date":"2019-08-27T08:24:59","date_gmt":"2019-08-27T06:24:59","guid":{"rendered":"http:\/\/www.arnaudom.fr\/wordpress\/?page_id=3638"},"modified":"2020-08-27T06:50:41","modified_gmt":"2020-08-27T04:50:41","slug":"reflexsuite","status":"publish","type":"page","link":"https:\/\/www.arnaudom.fr\/wordpress\/reflexsuite\/","title":{"rendered":"reflexsuite"},"content":{"rendered":"\t\t<div data-elementor-type=\"wp-post\" data-elementor-id=\"3638\" class=\"elementor elementor-3638\">\n\t\t\t\t\t\t<div class=\"elementor-inner\">\n\t\t\t\t<div class=\"elementor-section-wrap\">\n\t\t\t\t\t\t\t\t\t<section class=\"elementor-section elementor-top-section elementor-element elementor-element-a35ecda elementor-section-full_width elementor-section-height-default elementor-section-height-default\" data-id=\"a35ecda\" data-element_type=\"section\">\n\t\t\t\t\t\t<div class=\"elementor-container elementor-column-gap-default\">\n\t\t\t\t\t\t\t<div class=\"elementor-row\">\n\t\t\t\t\t<div class=\"elementor-column elementor-col-100 elementor-top-column elementor-element elementor-element-40a9f12\" data-id=\"40a9f12\" data-element_type=\"column\" data-settings=\"{&quot;background_background&quot;:&quot;classic&quot;}\">\n\t\t\t<div class=\"elementor-column-wrap elementor-element-populated\">\n\t\t\t\t\t\t\t<div class=\"elementor-widget-wrap\">\n\t\t\t\t\t\t<div class=\"elementor-element elementor-element-cf8d87f elementor-widget elementor-widget-heading\" data-id=\"cf8d87f\" data-element_type=\"widget\" data-widget_type=\"heading.default\">\n\t\t\t\t<div class=\"elementor-widget-container\">\n\t\t\t<h1 class=\"elementor-heading-title elementor-size-default\">Images avec un reflex num\u00e9rique<\/h1>\t\t<\/div>\n\t\t\t\t<\/div>\n\t\t\t\t<div class=\"elementor-element elementor-element-5c53cda elementor-widget elementor-widget-image\" data-id=\"5c53cda\" data-element_type=\"widget\" data-widget_type=\"image.default\">\n\t\t\t\t<div class=\"elementor-widget-container\">\n\t\t\t\t\t\t\t\t<div class=\"elementor-image\">\n\t\t\t\t\t\t\t\t\t\t\t\t<img loading=\"lazy\" decoding=\"async\" width=\"300\" height=\"204\" src=\"https:\/\/www.arnaudom.fr\/wordpress\/wp-content\/uploads\/2018\/08\/Canon350D.jpg\" class=\"attachment-large size-large wp-image-1057\" alt=\"\" \/>\t\t\t\t\t\t\t\t\t\t\t\t\t\t<\/div>\n\t\t\t\t\t\t<\/div>\n\t\t\t\t<\/div>\n\t\t\t\t<div class=\"elementor-element elementor-element-97ab568 elementor-widget elementor-widget-text-editor\" data-id=\"97ab568\" data-element_type=\"widget\" data-widget_type=\"text-editor.default\">\n\t\t\t\t<div class=\"elementor-widget-container\">\n\t\t\t\t\t\t\t\t<div class=\"elementor-text-editor elementor-clearfix\">\n\t\t\t\t<p class=\"col11 gras\"><strong>Les articles suivants traitent des \u00ab\u00a0aides\u00a0\u00bb diverses qui permettent de se faciliter la t\u00e2che (complexe) qui consiste \u00e0 faire une photo astronomique, aides aussi bien mat\u00e9riel que logiciel.<\/strong><\/p><p>L&rsquo;utilisation du logiciel APN Focus et d&rsquo;un masque de Bathinov permet de grandement simplifier le probl\u00e8me de la mise au point, la bo\u00eete \u00e0 flats et le Paracorr am\u00e9liorent sensiblement la qualit\u00e9 des images, un logiciel comme BackYardEos permet la simplification d&rsquo;une s\u00e9ance de photographie. Quand au filtre CLS, il permet de lutter contre la pollution lumineuse.<\/p><ol><li><a href=\"http:\/\/www.arnaudom.fr\/wordpress\/reflexfocus\">Le logiciel APN Focus.<\/a><\/li><li><a href=\"http:\/\/www.arnaudom.fr\/wordpress\/reflexflat\">Bo\u00eete \u00e0 flats.<\/a><\/li><li><a href=\"http:\/\/www.arnaudom.fr\/wordpress\/reflexpara\">Utilisation du Paracorr.<\/a><\/li><li><a href=\"http:\/\/www.arnaudom.fr\/wordpress\/reflexbye\">Utilisation du logiciel BackYardEOS.<\/a><\/li><li><a href=\"http:\/\/www.arnaudom.fr\/wordpress\/reflexcls\">Test du filtre CLS.<\/a><\/li><li><a href=\"http:\/\/www.arnaudom.fr\/wordpress\/reflexbath\">Mise au point avec un masque de Bathinov.<\/a><\/li><li><a href=\"http:\/\/www.arnaudom.fr\/wordpress\/reflexha\">Test du filtre H-Alpha.<\/a><\/li><\/ol>\t\t\t\t\t<\/div>\n\t\t\t\t\t\t<\/div>\n\t\t\t\t<\/div>\n\t\t\t\t\t\t<\/div>\n\t\t\t\t\t<\/div>\n\t\t<\/div>\n\t\t\t\t\t\t\t\t<\/div>\n\t\t\t\t\t<\/div>\n\t\t<\/section>\n\t\t\t\t\t\t\t\t\t<\/div>\n\t\t\t<\/div>\n\t\t\t\t\t<\/div>\n\t\t","protected":false},"excerpt":{"rendered":"<p>Images avec un reflex num\u00e9rique Les articles suivants traitent des \u00ab\u00a0aides\u00a0\u00bb diverses qui permettent de se faciliter la t\u00e2che (complexe) qui consiste \u00e0 faire une photo astronomique, aides aussi bien mat\u00e9riel que logiciel. L&rsquo;utilisation du logiciel APN Focus et d&rsquo;un masque de Bathinov permet de grandement simplifier le probl\u00e8me de la mise au point, la &hellip;<\/p>\n<p class=\"read-more\"> <a class=\"\" href=\"https:\/\/www.arnaudom.fr\/wordpress\/reflexsuite\/\"> <span class=\"screen-reader-text\">reflexsuite<\/span> Lire la suite\u00a0\u00bb<\/a><\/p>\n","protected":false},"author":1,"featured_media":0,"parent":0,"menu_order":0,"comment_status":"closed","ping_status":"closed","template":"","meta":{"site-sidebar-layout":"default","site-content-layout":"default","ast-site-content-layout":"","site-content-style":"default","site-sidebar-style":"default","ast-global-header-display":"","ast-banner-title-visibility":"","ast-main-header-display":"","ast-hfb-above-header-display":"","ast-hfb-below-header-display":"","ast-hfb-mobile-header-display":"","site-post-title":"disabled","ast-breadcrumbs-content":"","ast-featured-img":"","footer-sml-layout":"","theme-transparent-header-meta":"default","adv-header-id-meta":"","stick-header-meta":"","header-above-stick-meta":"","header-main-stick-meta":"","header-below-stick-meta":"","astra-migrate-meta-layouts":"","ast-page-background-enabled":"default","ast-page-background-meta":{"desktop":{"background-color":"","background-image":"","background-repeat":"repeat","background-position":"center center","background-size":"auto","background-attachment":"scroll","background-type":"","background-media":"","overlay-type":"","overlay-color":"","overlay-gradient":""},"tablet":{"background-color":"","background-image":"","background-repeat":"repeat","background-position":"center center","background-size":"auto","background-attachment":"scroll","background-type":"","background-media":"","overlay-type":"","overlay-color":"","overlay-gradient":""},"mobile":{"background-color":"","background-image":"","background-repeat":"repeat","background-position":"center center","background-size":"auto","background-attachment":"scroll","background-type":"","background-media":"","overlay-type":"","overlay-color":"","overlay-gradient":""}},"ast-content-background-meta":{"desktop":{"background-color":"var(--ast-global-color-5)","background-image":"","background-repeat":"repeat","background-position":"center center","background-size":"auto","background-attachment":"scroll","background-type":"","background-media":"","overlay-type":"","overlay-color":"","overlay-gradient":""},"tablet":{"background-color":"var(--ast-global-color-5)","background-image":"","background-repeat":"repeat","background-position":"center center","background-size":"auto","background-attachment":"scroll","background-type":"","background-media":"","overlay-type":"","overlay-color":"","overlay-gradient":""},"mobile":{"background-color":"var(--ast-global-color-5)","background-image":"","background-repeat":"repeat","background-position":"center center","background-size":"auto","background-attachment":"scroll","background-type":"","background-media":"","overlay-type":"","overlay-color":"","overlay-gradient":""}},"footnotes":""},"class_list":["post-3638","page","type-page","status-publish","hentry"],"_links":{"self":[{"href":"https:\/\/www.arnaudom.fr\/wordpress\/wp-json\/wp\/v2\/pages\/3638","targetHints":{"allow":["GET"]}}],"collection":[{"href":"https:\/\/www.arnaudom.fr\/wordpress\/wp-json\/wp\/v2\/pages"}],"about":[{"href":"https:\/\/www.arnaudom.fr\/wordpress\/wp-json\/wp\/v2\/types\/page"}],"author":[{"embeddable":true,"href":"https:\/\/www.arnaudom.fr\/wordpress\/wp-json\/wp\/v2\/users\/1"}],"replies":[{"embeddable":true,"href":"https:\/\/www.arnaudom.fr\/wordpress\/wp-json\/wp\/v2\/comments?post=3638"}],"version-history":[{"count":9,"href":"https:\/\/www.arnaudom.fr\/wordpress\/wp-json\/wp\/v2\/pages\/3638\/revisions"}],"predecessor-version":[{"id":5881,"href":"https:\/\/www.arnaudom.fr\/wordpress\/wp-json\/wp\/v2\/pages\/3638\/revisions\/5881"}],"wp:attachment":[{"href":"https:\/\/www.arnaudom.fr\/wordpress\/wp-json\/wp\/v2\/media?parent=3638"}],"curies":[{"name":"wp","href":"https:\/\/api.w.org\/{rel}","templated":true}]}}