{"id":3634,"date":"2019-08-27T08:24:39","date_gmt":"2019-08-27T06:24:39","guid":{"rendered":"http:\/\/www.arnaudom.fr\/wordpress\/?page_id=3634"},"modified":"2020-08-26T19:24:13","modified_gmt":"2020-08-26T17:24:13","slug":"autoguidage","status":"publish","type":"page","link":"https:\/\/www.arnaudom.fr\/wordpress\/autoguidage\/","title":{"rendered":"autoguidage"},"content":{"rendered":"\t\t<div data-elementor-type=\"wp-post\" data-elementor-id=\"3634\" class=\"elementor elementor-3634\">\n\t\t\t\t\t\t<div class=\"elementor-inner\">\n\t\t\t\t<div class=\"elementor-section-wrap\">\n\t\t\t\t\t\t\t\t\t<section class=\"elementor-section elementor-top-section elementor-element elementor-element-ab0127e elementor-section-full_width elementor-section-height-default elementor-section-height-default\" data-id=\"ab0127e\" data-element_type=\"section\">\n\t\t\t\t\t\t<div class=\"elementor-container elementor-column-gap-default\">\n\t\t\t\t\t\t\t<div class=\"elementor-row\">\n\t\t\t\t\t<div class=\"elementor-column elementor-col-100 elementor-top-column elementor-element elementor-element-f59b952\" data-id=\"f59b952\" data-element_type=\"column\" data-settings=\"{&quot;background_background&quot;:&quot;classic&quot;}\">\n\t\t\t<div class=\"elementor-column-wrap elementor-element-populated\">\n\t\t\t\t\t\t\t<div class=\"elementor-widget-wrap\">\n\t\t\t\t\t\t<div class=\"elementor-element elementor-element-6052ae7 elementor-widget elementor-widget-heading\" data-id=\"6052ae7\" data-element_type=\"widget\" data-widget_type=\"heading.default\">\n\t\t\t\t<div class=\"elementor-widget-container\">\n\t\t\t<h1 class=\"elementor-heading-title elementor-size-default\">Images avec un reflex num\u00e9rique<\/h1>\t\t<\/div>\n\t\t\t\t<\/div>\n\t\t\t\t<div class=\"elementor-element elementor-element-173a2e5 elementor-widget elementor-widget-image\" data-id=\"173a2e5\" data-element_type=\"widget\" data-widget_type=\"image.default\">\n\t\t\t\t<div class=\"elementor-widget-container\">\n\t\t\t\t\t\t\t\t<div class=\"elementor-image\">\n\t\t\t\t\t\t\t\t\t\t\t\t<img loading=\"lazy\" decoding=\"async\" width=\"300\" height=\"204\" src=\"https:\/\/www.arnaudom.fr\/wordpress\/wp-content\/uploads\/2018\/08\/Canon350D.jpg\" class=\"attachment-large size-large wp-image-1057\" alt=\"\" \/>\t\t\t\t\t\t\t\t\t\t\t\t\t\t<\/div>\n\t\t\t\t\t\t<\/div>\n\t\t\t\t<\/div>\n\t\t\t\t<div class=\"elementor-element elementor-element-6c32ac6 elementor-widget elementor-widget-text-editor\" data-id=\"6c32ac6\" data-element_type=\"widget\" data-widget_type=\"text-editor.default\">\n\t\t\t\t<div class=\"elementor-widget-container\">\n\t\t\t\t\t\t\t\t<div class=\"elementor-text-editor elementor-clearfix\">\n\t\t\t\t<p class=\"col11 gras\"><b>Pour franchir un pas important en astrophographie, il est n\u00e9cessaire \u00e0 un moment ou \u00e0 un autre de passer \u00e0 l&rsquo;autoguidage.<\/b><\/p>\n<p class=\"col11 gras\">Ayant acquis une monture, l&rsquo;EQ6 en l&rsquo;occurence, qui peut \u00eatre pilot\u00e9e avec un tel syst\u00e8me, j&rsquo;ai donc suivi cette \u00e9volution logique dans la pratique de la photo astronomique.<\/p>\n<p class=\"col11 gras\">Il m&rsquo;a fallu pour cela r\u00e9soudre certains probl\u00e8mes, comme l&rsquo;alimentation en \u00e9nergie de l&rsquo;ordinateur portable et de la monture, le contr\u00f4le de la longue pose de l&rsquo;APN et bien entendu la mise en place concr\u00e8te d&rsquo;un syst\u00e8me d&rsquo;autoguidage. Les articles suivants vous montreront mes diverses cogitations dans tous ces domaines&#8230;<\/p>\n<ol>\n<li><a href=\"http:\/\/www.arnaudom.fr\/wordpress\/autoalim\">Alimentation de l&rsquo;ordinateur portable.<\/a><\/li>\n<li><a href=\"http:\/\/www.arnaudom.fr\/wordpress\/autolongue\">Interface longue pose<\/a><\/li>\n<li><a href=\"http:\/\/www.arnaudom.fr\/wordpress\/autoauto\">Solution d&rsquo;autoguidage.<\/a><\/li>\n<li><a href=\"http:\/\/www.arnaudom.fr\/wordpress\/autophd\">Utilisation du logiciel PHD Guiding.<\/a><\/li>\n<li><a href=\"http:\/\/www.arnaudom.fr\/wordpress\/autoboite\">Bo\u00eete d&rsquo;alimentation pour l&rsquo;astrophotographie.<\/a><\/li>\n<li><a href=\"http:\/\/www.arnaudom.fr\/wordpress\/autoplatine\">Platine d&rsquo;autoguidage maison.<\/a><\/li>\n<\/ol>\t\t\t\t\t<\/div>\n\t\t\t\t\t\t<\/div>\n\t\t\t\t<\/div>\n\t\t\t\t\t\t<\/div>\n\t\t\t\t\t<\/div>\n\t\t<\/div>\n\t\t\t\t\t\t\t\t<\/div>\n\t\t\t\t\t<\/div>\n\t\t<\/section>\n\t\t\t\t\t\t\t\t\t<\/div>\n\t\t\t<\/div>\n\t\t\t\t\t<\/div>\n\t\t","protected":false},"excerpt":{"rendered":"<p>Images avec un reflex num\u00e9rique Pour franchir un pas important en astrophographie, il est n\u00e9cessaire \u00e0 un moment ou \u00e0 un autre de passer \u00e0 l&rsquo;autoguidage. Ayant acquis une monture, l&rsquo;EQ6 en l&rsquo;occurence, qui peut \u00eatre pilot\u00e9e avec un tel syst\u00e8me, j&rsquo;ai donc suivi cette \u00e9volution logique dans la pratique de la photo astronomique. Il &hellip;<\/p>\n<p class=\"read-more\"> <a class=\"\" href=\"https:\/\/www.arnaudom.fr\/wordpress\/autoguidage\/\"> <span class=\"screen-reader-text\">autoguidage<\/span> Lire la suite\u00a0\u00bb<\/a><\/p>\n","protected":false},"author":1,"featured_media":0,"parent":0,"menu_order":0,"comment_status":"closed","ping_status":"closed","template":"","meta":{"site-sidebar-layout":"default","site-content-layout":"default","ast-site-content-layout":"","site-content-style":"default","site-sidebar-style":"default","ast-global-header-display":"","ast-banner-title-visibility":"","ast-main-header-display":"","ast-hfb-above-header-display":"","ast-hfb-below-header-display":"","ast-hfb-mobile-header-display":"","site-post-title":"disabled","ast-breadcrumbs-content":"","ast-featured-img":"","footer-sml-layout":"","theme-transparent-header-meta":"default","adv-header-id-meta":"","stick-header-meta":"","header-above-stick-meta":"","header-main-stick-meta":"","header-below-stick-meta":"","astra-migrate-meta-layouts":"","ast-page-background-enabled":"default","ast-page-background-meta":{"desktop":{"background-color":"","background-image":"","background-repeat":"repeat","background-position":"center center","background-size":"auto","background-attachment":"scroll","background-type":"","background-media":"","overlay-type":"","overlay-color":"","overlay-gradient":""},"tablet":{"background-color":"","background-image":"","background-repeat":"repeat","background-position":"center center","background-size":"auto","background-attachment":"scroll","background-type":"","background-media":"","overlay-type":"","overlay-color":"","overlay-gradient":""},"mobile":{"background-color":"","background-image":"","background-repeat":"repeat","background-position":"center center","background-size":"auto","background-attachment":"scroll","background-type":"","background-media":"","overlay-type":"","overlay-color":"","overlay-gradient":""}},"ast-content-background-meta":{"desktop":{"background-color":"var(--ast-global-color-5)","background-image":"","background-repeat":"repeat","background-position":"center center","background-size":"auto","background-attachment":"scroll","background-type":"","background-media":"","overlay-type":"","overlay-color":"","overlay-gradient":""},"tablet":{"background-color":"var(--ast-global-color-5)","background-image":"","background-repeat":"repeat","background-position":"center center","background-size":"auto","background-attachment":"scroll","background-type":"","background-media":"","overlay-type":"","overlay-color":"","overlay-gradient":""},"mobile":{"background-color":"var(--ast-global-color-5)","background-image":"","background-repeat":"repeat","background-position":"center center","background-size":"auto","background-attachment":"scroll","background-type":"","background-media":"","overlay-type":"","overlay-color":"","overlay-gradient":""}},"footnotes":""},"class_list":["post-3634","page","type-page","status-publish","hentry"],"_links":{"self":[{"href":"https:\/\/www.arnaudom.fr\/wordpress\/wp-json\/wp\/v2\/pages\/3634","targetHints":{"allow":["GET"]}}],"collection":[{"href":"https:\/\/www.arnaudom.fr\/wordpress\/wp-json\/wp\/v2\/pages"}],"about":[{"href":"https:\/\/www.arnaudom.fr\/wordpress\/wp-json\/wp\/v2\/types\/page"}],"author":[{"embeddable":true,"href":"https:\/\/www.arnaudom.fr\/wordpress\/wp-json\/wp\/v2\/users\/1"}],"replies":[{"embeddable":true,"href":"https:\/\/www.arnaudom.fr\/wordpress\/wp-json\/wp\/v2\/comments?post=3634"}],"version-history":[{"count":13,"href":"https:\/\/www.arnaudom.fr\/wordpress\/wp-json\/wp\/v2\/pages\/3634\/revisions"}],"predecessor-version":[{"id":5800,"href":"https:\/\/www.arnaudom.fr\/wordpress\/wp-json\/wp\/v2\/pages\/3634\/revisions\/5800"}],"wp:attachment":[{"href":"https:\/\/www.arnaudom.fr\/wordpress\/wp-json\/wp\/v2\/media?parent=3634"}],"curies":[{"name":"wp","href":"https:\/\/api.w.org\/{rel}","templated":true}]}}