{"id":3630,"date":"2019-08-27T08:24:16","date_gmt":"2019-08-27T06:24:16","guid":{"rendered":"http:\/\/www.arnaudom.fr\/wordpress\/?page_id=3630"},"modified":"2020-08-20T08:42:39","modified_gmt":"2020-08-20T06:42:39","slug":"reflex","status":"publish","type":"page","link":"https:\/\/www.arnaudom.fr\/wordpress\/reflex\/","title":{"rendered":"reflex"},"content":{"rendered":"\t\t<div data-elementor-type=\"wp-post\" data-elementor-id=\"3630\" class=\"elementor elementor-3630\">\n\t\t\t\t\t\t<div class=\"elementor-inner\">\n\t\t\t\t<div class=\"elementor-section-wrap\">\n\t\t\t\t\t\t\t\t\t<section class=\"elementor-section elementor-top-section elementor-element elementor-element-6d6e744 elementor-section-full_width elementor-section-height-default elementor-section-height-default\" data-id=\"6d6e744\" data-element_type=\"section\">\n\t\t\t\t\t\t<div class=\"elementor-container elementor-column-gap-default\">\n\t\t\t\t\t\t\t<div class=\"elementor-row\">\n\t\t\t\t\t<div class=\"elementor-column elementor-col-100 elementor-top-column elementor-element elementor-element-50502f6\" data-id=\"50502f6\" data-element_type=\"column\" data-settings=\"{&quot;background_background&quot;:&quot;classic&quot;}\">\n\t\t\t<div class=\"elementor-column-wrap elementor-element-populated\">\n\t\t\t\t\t\t\t<div class=\"elementor-widget-wrap\">\n\t\t\t\t\t\t<div class=\"elementor-element elementor-element-3e2742c elementor-widget elementor-widget-heading\" data-id=\"3e2742c\" data-element_type=\"widget\" data-widget_type=\"heading.default\">\n\t\t\t\t<div class=\"elementor-widget-container\">\n\t\t\t<h1 class=\"elementor-heading-title elementor-size-default\">Images avec un reflex num\u00e9rique<\/h1>\t\t<\/div>\n\t\t\t\t<\/div>\n\t\t\t\t<div class=\"elementor-element elementor-element-66d9e1a elementor-widget elementor-widget-image\" data-id=\"66d9e1a\" data-element_type=\"widget\" data-widget_type=\"image.default\">\n\t\t\t\t<div class=\"elementor-widget-container\">\n\t\t\t\t\t\t\t\t<div class=\"elementor-image\">\n\t\t\t\t\t\t\t\t\t\t\t\t<img loading=\"lazy\" decoding=\"async\" width=\"300\" height=\"204\" src=\"https:\/\/www.arnaudom.fr\/wordpress\/wp-content\/uploads\/2018\/08\/Canon350D.jpg\" class=\"attachment-large size-large wp-image-1057\" alt=\"\" \/>\t\t\t\t\t\t\t\t\t\t\t\t\t\t<\/div>\n\t\t\t\t\t\t<\/div>\n\t\t\t\t<\/div>\n\t\t\t\t<div class=\"elementor-element elementor-element-03101c7 elementor-widget elementor-widget-text-editor\" data-id=\"03101c7\" data-element_type=\"widget\" data-widget_type=\"text-editor.default\">\n\t\t\t\t<div class=\"elementor-widget-container\">\n\t\t\t\t\t\t\t\t<div class=\"elementor-text-editor elementor-clearfix\">\n\t\t\t\t<p class=\"col11 gras\"><strong>Les articles suivants relatent ma petite exp\u00e9rience lorsque j&rsquo;ai effectu\u00e9 mes d\u00e9buts en astrophotographie avec un reflex et un mat\u00e9riel simple, qui ne permettait pas alors de faire d&rsquo;autoguidage.<\/strong><br \/><em>Note : ces articles sont class\u00e9s dans l&rsquo;ordre chronologique de leur \u00e9criture, certains ne sont donc plus forc\u00e9ment d&rsquo;actualit\u00e9&#8230;<\/em><\/p><ol><li><a href=\"http:\/\/www.arnaudom.fr\/wordpress\/reflexref\">Petites r\u00e9flexions tr\u00e8s g\u00e9n\u00e9rales sur le sujet.<\/a><\/li><li><a href=\"http:\/\/www.arnaudom.fr\/wordpress\/reflexmat\">Mat\u00e9riel utilis\u00e9.<\/a><\/li><li><a href=\"http:\/\/www.arnaudom.fr\/wordpress\/reflexpro\">Probl\u00e8mes rencontr\u00e9s.<\/a><\/li><li><a href=\"http:\/\/www.arnaudom.fr\/wordpress\/reflexordi\">Utiliser un ordinateur portable ou pas ?<\/a><\/li><li><a href=\"http:\/\/www.arnaudom.fr\/wordpress\/reflexcon\">Contraintes rencontr\u00e9es avec mon mat\u00e9riel.<\/a><\/li><li><a href=\"http:\/\/www.arnaudom.fr\/wordpress\/reflexder\">D\u00e9roulement d&rsquo;une s\u00e9ance de prise de vue.<\/a><\/li><li><a href=\"http:\/\/www.arnaudom.fr\/wordpress\/reflexave\">A l&rsquo;avenir&#8230;<\/a><\/li><\/ol>\t\t\t\t\t<\/div>\n\t\t\t\t\t\t<\/div>\n\t\t\t\t<\/div>\n\t\t\t\t\t\t<\/div>\n\t\t\t\t\t<\/div>\n\t\t<\/div>\n\t\t\t\t\t\t\t\t<\/div>\n\t\t\t\t\t<\/div>\n\t\t<\/section>\n\t\t\t\t\t\t\t\t\t<\/div>\n\t\t\t<\/div>\n\t\t\t\t\t<\/div>\n\t\t","protected":false},"excerpt":{"rendered":"<p>Images avec un reflex num\u00e9rique Les articles suivants relatent ma petite exp\u00e9rience lorsque j&rsquo;ai effectu\u00e9 mes d\u00e9buts en astrophotographie avec un reflex et un mat\u00e9riel simple, qui ne permettait pas alors de faire d&rsquo;autoguidage.Note : ces articles sont class\u00e9s dans l&rsquo;ordre chronologique de leur \u00e9criture, certains ne sont donc plus forc\u00e9ment d&rsquo;actualit\u00e9&#8230; Petites r\u00e9flexions tr\u00e8s &hellip;<\/p>\n<p class=\"read-more\"> <a class=\"\" href=\"https:\/\/www.arnaudom.fr\/wordpress\/reflex\/\"> <span class=\"screen-reader-text\">reflex<\/span> Lire la suite\u00a0\u00bb<\/a><\/p>\n","protected":false},"author":1,"featured_media":0,"parent":0,"menu_order":0,"comment_status":"closed","ping_status":"closed","template":"","meta":{"site-sidebar-layout":"default","site-content-layout":"default","ast-site-content-layout":"","site-content-style":"default","site-sidebar-style":"default","ast-global-header-display":"","ast-banner-title-visibility":"","ast-main-header-display":"","ast-hfb-above-header-display":"","ast-hfb-below-header-display":"","ast-hfb-mobile-header-display":"","site-post-title":"disabled","ast-breadcrumbs-content":"","ast-featured-img":"","footer-sml-layout":"","theme-transparent-header-meta":"default","adv-header-id-meta":"","stick-header-meta":"","header-above-stick-meta":"","header-main-stick-meta":"","header-below-stick-meta":"","astra-migrate-meta-layouts":"","ast-page-background-enabled":"default","ast-page-background-meta":{"desktop":{"background-color":"","background-image":"","background-repeat":"repeat","background-position":"center center","background-size":"auto","background-attachment":"scroll","background-type":"","background-media":"","overlay-type":"","overlay-color":"","overlay-gradient":""},"tablet":{"background-color":"","background-image":"","background-repeat":"repeat","background-position":"center center","background-size":"auto","background-attachment":"scroll","background-type":"","background-media":"","overlay-type":"","overlay-color":"","overlay-gradient":""},"mobile":{"background-color":"","background-image":"","background-repeat":"repeat","background-position":"center center","background-size":"auto","background-attachment":"scroll","background-type":"","background-media":"","overlay-type":"","overlay-color":"","overlay-gradient":""}},"ast-content-background-meta":{"desktop":{"background-color":"var(--ast-global-color-5)","background-image":"","background-repeat":"repeat","background-position":"center center","background-size":"auto","background-attachment":"scroll","background-type":"","background-media":"","overlay-type":"","overlay-color":"","overlay-gradient":""},"tablet":{"background-color":"var(--ast-global-color-5)","background-image":"","background-repeat":"repeat","background-position":"center center","background-size":"auto","background-attachment":"scroll","background-type":"","background-media":"","overlay-type":"","overlay-color":"","overlay-gradient":""},"mobile":{"background-color":"var(--ast-global-color-5)","background-image":"","background-repeat":"repeat","background-position":"center center","background-size":"auto","background-attachment":"scroll","background-type":"","background-media":"","overlay-type":"","overlay-color":"","overlay-gradient":""}},"footnotes":""},"class_list":["post-3630","page","type-page","status-publish","hentry"],"_links":{"self":[{"href":"https:\/\/www.arnaudom.fr\/wordpress\/wp-json\/wp\/v2\/pages\/3630","targetHints":{"allow":["GET"]}}],"collection":[{"href":"https:\/\/www.arnaudom.fr\/wordpress\/wp-json\/wp\/v2\/pages"}],"about":[{"href":"https:\/\/www.arnaudom.fr\/wordpress\/wp-json\/wp\/v2\/types\/page"}],"author":[{"embeddable":true,"href":"https:\/\/www.arnaudom.fr\/wordpress\/wp-json\/wp\/v2\/users\/1"}],"replies":[{"embeddable":true,"href":"https:\/\/www.arnaudom.fr\/wordpress\/wp-json\/wp\/v2\/comments?post=3630"}],"version-history":[{"count":14,"href":"https:\/\/www.arnaudom.fr\/wordpress\/wp-json\/wp\/v2\/pages\/3630\/revisions"}],"predecessor-version":[{"id":5669,"href":"https:\/\/www.arnaudom.fr\/wordpress\/wp-json\/wp\/v2\/pages\/3630\/revisions\/5669"}],"wp:attachment":[{"href":"https:\/\/www.arnaudom.fr\/wordpress\/wp-json\/wp\/v2\/media?parent=3630"}],"curies":[{"name":"wp","href":"https:\/\/api.w.org\/{rel}","templated":true}]}}