{"id":3600,"date":"2019-08-26T12:23:37","date_gmt":"2019-08-26T10:23:37","guid":{"rendered":"http:\/\/www.arnaudom.fr\/wordpress\/?page_id=3600"},"modified":"2020-08-17T17:55:47","modified_gmt":"2020-08-17T15:55:47","slug":"bofhiver","status":"publish","type":"page","link":"https:\/\/www.arnaudom.fr\/wordpress\/bofhiver\/","title":{"rendered":"bofhiver"},"content":{"rendered":"\t\t<div data-elementor-type=\"wp-post\" data-elementor-id=\"3600\" class=\"elementor elementor-3600\">\n\t\t\t\t\t\t<div class=\"elementor-inner\">\n\t\t\t\t<div class=\"elementor-section-wrap\">\n\t\t\t\t\t\t\t\t\t<section class=\"elementor-section elementor-top-section elementor-element elementor-element-96c3bd6 elementor-section-full_width elementor-section-height-default elementor-section-height-default\" data-id=\"96c3bd6\" data-element_type=\"section\" data-settings=\"{&quot;background_background&quot;:&quot;classic&quot;}\">\n\t\t\t\t\t\t<div class=\"elementor-container elementor-column-gap-default\">\n\t\t\t\t\t\t\t<div class=\"elementor-row\">\n\t\t\t\t\t<div class=\"elementor-column elementor-col-100 elementor-top-column elementor-element elementor-element-7b7d758\" data-id=\"7b7d758\" data-element_type=\"column\" data-settings=\"{&quot;background_background&quot;:&quot;classic&quot;}\">\n\t\t\t<div class=\"elementor-column-wrap elementor-element-populated\">\n\t\t\t\t\t\t\t<div class=\"elementor-widget-wrap\">\n\t\t\t\t\t\t<div class=\"elementor-element elementor-element-2b0d300 elementor-widget elementor-widget-heading\" data-id=\"2b0d300\" data-element_type=\"widget\" data-widget_type=\"heading.default\">\n\t\t\t\t<div class=\"elementor-widget-container\">\n\t\t\t<h1 class=\"elementor-heading-title elementor-size-default\">LE BEST-OF DE l'HIVER<\/h1>\t\t<\/div>\n\t\t\t\t<\/div>\n\t\t\t\t<div class=\"elementor-element elementor-element-82e52de elementor-widget elementor-widget-text-editor\" data-id=\"82e52de\" data-element_type=\"widget\" data-widget_type=\"text-editor.default\">\n\t\t\t\t<div class=\"elementor-widget-container\">\n\t\t\t\t\t\t\t\t<div class=\"elementor-text-editor elementor-clearfix\">\n\t\t\t\t<p>Si vous ne devez regardez que quelques objets du ciel profond cet \u00e9t\u00e9, que ce soit ceux-l\u00e0&#8230; Petite liste tr\u00e8s suggestive des objets \u00e0 ne pas manquer !<\/p>\t\t\t\t\t<\/div>\n\t\t\t\t\t\t<\/div>\n\t\t\t\t<\/div>\n\t\t\t\t<div class=\"elementor-element elementor-element-f47f0a6 elementor-widget elementor-widget-text-editor\" data-id=\"f47f0a6\" data-element_type=\"widget\" data-widget_type=\"text-editor.default\">\n\t\t\t\t<div class=\"elementor-widget-container\">\n\t\t\t\t\t\t\t\t<div class=\"elementor-text-editor elementor-clearfix\">\n\t\t\t\t<ul><li>M36, amas ouvert dans le Cocher.<\/li><li>M37, amas ouvert dans le Cocher, le plus beau des trois !<\/li><li>M38, amas ouvert dans le Cocher.<\/li><li>M41, amas ouvert dans le Grand Chien.<\/li><li>M46, amas ouvert dans la Poupe, \u00e0 retrouver dans l&rsquo;observation du Grand Chien.<\/li><li>M47, amas ouvert dans la Poupe, \u00e0 retrouver dans l&rsquo;observation du Grand Chien.<\/li><li>M93, amas ouvert dans la Poupe, \u00e0 retrouver dans l&rsquo;observation du Grand Chien.<\/li><li>M42, n\u00e9buleuse diffuse dans Orion.<\/li><li>Th\u00e9ta, \u00e9toile quadruple dans Orion.<\/li><li>M78, n\u00e9buleuse diffuse dans Orion.<\/li><li>M45, amas ouvert dans le Taureau.<\/li><li>M1, reste de supernova dans le Taureau.<\/li><li>M35, amas ouvert dans les G\u00e9meaux.<\/li><li>M44, amas ouvert dans le Cancer (*).<\/li><li>M67, amas ouvert dans le Cancer (*).<\/li><li>Iota, \u00e9toile double jaune et bleue dans le Cancer (*).<\/li><\/ul>\t\t\t\t\t<\/div>\n\t\t\t\t\t\t<\/div>\n\t\t\t\t<\/div>\n\t\t\t\t<div class=\"elementor-element elementor-element-54cb7d0 elementor-widget elementor-widget-text-editor\" data-id=\"54cb7d0\" data-element_type=\"widget\" data-widget_type=\"text-editor.default\">\n\t\t\t\t<div class=\"elementor-widget-container\">\n\t\t\t\t\t\t\t\t<div class=\"elementor-text-editor elementor-clearfix\">\n\t\t\t\t<p>(*) : le Cancer est une contellation visible en hiver \u00e0 partir de Janvier et au d\u00e9but du printemps. Vous trouverez son observation avec M44, M67 et Iota dans les observations de Printemps.<\/p>\t\t\t\t\t<\/div>\n\t\t\t\t\t\t<\/div>\n\t\t\t\t<\/div>\n\t\t\t\t\t\t<\/div>\n\t\t\t\t\t<\/div>\n\t\t<\/div>\n\t\t\t\t\t\t\t\t<\/div>\n\t\t\t\t\t<\/div>\n\t\t<\/section>\n\t\t\t\t\t\t\t\t\t<\/div>\n\t\t\t<\/div>\n\t\t\t\t\t<\/div>\n\t\t","protected":false},"excerpt":{"rendered":"<p>LE BEST-OF DE l&rsquo;HIVER Si vous ne devez regardez que quelques objets du ciel profond cet \u00e9t\u00e9, que ce soit ceux-l\u00e0&#8230; Petite liste tr\u00e8s suggestive des objets \u00e0 ne pas manquer ! M36, amas ouvert dans le Cocher. M37, amas ouvert dans le Cocher, le plus beau des trois ! M38, amas ouvert dans le &hellip;<\/p>\n<p class=\"read-more\"> <a class=\"\" href=\"https:\/\/www.arnaudom.fr\/wordpress\/bofhiver\/\"> <span class=\"screen-reader-text\">bofhiver<\/span> Lire la suite\u00a0\u00bb<\/a><\/p>\n","protected":false},"author":1,"featured_media":0,"parent":0,"menu_order":0,"comment_status":"closed","ping_status":"closed","template":"","meta":{"site-sidebar-layout":"default","site-content-layout":"default","ast-site-content-layout":"","site-content-style":"default","site-sidebar-style":"default","ast-global-header-display":"","ast-banner-title-visibility":"","ast-main-header-display":"","ast-hfb-above-header-display":"","ast-hfb-below-header-display":"","ast-hfb-mobile-header-display":"","site-post-title":"disabled","ast-breadcrumbs-content":"","ast-featured-img":"","footer-sml-layout":"","theme-transparent-header-meta":"default","adv-header-id-meta":"","stick-header-meta":"","header-above-stick-meta":"","header-main-stick-meta":"","header-below-stick-meta":"","astra-migrate-meta-layouts":"","ast-page-background-enabled":"default","ast-page-background-meta":{"desktop":{"background-color":"","background-image":"","background-repeat":"repeat","background-position":"center center","background-size":"auto","background-attachment":"scroll","background-type":"","background-media":"","overlay-type":"","overlay-color":"","overlay-gradient":""},"tablet":{"background-color":"","background-image":"","background-repeat":"repeat","background-position":"center center","background-size":"auto","background-attachment":"scroll","background-type":"","background-media":"","overlay-type":"","overlay-color":"","overlay-gradient":""},"mobile":{"background-color":"","background-image":"","background-repeat":"repeat","background-position":"center center","background-size":"auto","background-attachment":"scroll","background-type":"","background-media":"","overlay-type":"","overlay-color":"","overlay-gradient":""}},"ast-content-background-meta":{"desktop":{"background-color":"var(--ast-global-color-5)","background-image":"","background-repeat":"repeat","background-position":"center center","background-size":"auto","background-attachment":"scroll","background-type":"","background-media":"","overlay-type":"","overlay-color":"","overlay-gradient":""},"tablet":{"background-color":"var(--ast-global-color-5)","background-image":"","background-repeat":"repeat","background-position":"center center","background-size":"auto","background-attachment":"scroll","background-type":"","background-media":"","overlay-type":"","overlay-color":"","overlay-gradient":""},"mobile":{"background-color":"var(--ast-global-color-5)","background-image":"","background-repeat":"repeat","background-position":"center center","background-size":"auto","background-attachment":"scroll","background-type":"","background-media":"","overlay-type":"","overlay-color":"","overlay-gradient":""}},"footnotes":""},"class_list":["post-3600","page","type-page","status-publish","hentry"],"_links":{"self":[{"href":"https:\/\/www.arnaudom.fr\/wordpress\/wp-json\/wp\/v2\/pages\/3600","targetHints":{"allow":["GET"]}}],"collection":[{"href":"https:\/\/www.arnaudom.fr\/wordpress\/wp-json\/wp\/v2\/pages"}],"about":[{"href":"https:\/\/www.arnaudom.fr\/wordpress\/wp-json\/wp\/v2\/types\/page"}],"author":[{"embeddable":true,"href":"https:\/\/www.arnaudom.fr\/wordpress\/wp-json\/wp\/v2\/users\/1"}],"replies":[{"embeddable":true,"href":"https:\/\/www.arnaudom.fr\/wordpress\/wp-json\/wp\/v2\/comments?post=3600"}],"version-history":[{"count":9,"href":"https:\/\/www.arnaudom.fr\/wordpress\/wp-json\/wp\/v2\/pages\/3600\/revisions"}],"predecessor-version":[{"id":5537,"href":"https:\/\/www.arnaudom.fr\/wordpress\/wp-json\/wp\/v2\/pages\/3600\/revisions\/5537"}],"wp:attachment":[{"href":"https:\/\/www.arnaudom.fr\/wordpress\/wp-json\/wp\/v2\/media?parent=3600"}],"curies":[{"name":"wp","href":"https:\/\/api.w.org\/{rel}","templated":true}]}}