{"id":3590,"date":"2019-08-26T10:30:51","date_gmt":"2019-08-26T08:30:51","guid":{"rendered":"http:\/\/www.arnaudom.fr\/wordpress\/?page_id=3590"},"modified":"2020-08-17T17:46:42","modified_gmt":"2020-08-17T15:46:42","slug":"gemeaux","status":"publish","type":"page","link":"https:\/\/www.arnaudom.fr\/wordpress\/gemeaux\/","title":{"rendered":"gemeaux"},"content":{"rendered":"\t\t<div data-elementor-type=\"wp-post\" data-elementor-id=\"3590\" class=\"elementor elementor-3590\">\n\t\t\t\t\t\t<div class=\"elementor-inner\">\n\t\t\t\t<div class=\"elementor-section-wrap\">\n\t\t\t\t\t\t\t\t\t<section class=\"elementor-section elementor-top-section elementor-element elementor-element-31e2ce87 elementor-section-full_width elementor-section-height-default elementor-section-height-default\" data-id=\"31e2ce87\" data-element_type=\"section\" data-settings=\"{&quot;background_background&quot;:&quot;classic&quot;}\">\n\t\t\t\t\t\t<div class=\"elementor-container elementor-column-gap-default\">\n\t\t\t\t\t\t\t<div class=\"elementor-row\">\n\t\t\t\t\t<div class=\"elementor-column elementor-col-100 elementor-top-column elementor-element elementor-element-21db12ce\" data-id=\"21db12ce\" data-element_type=\"column\" data-settings=\"{&quot;background_background&quot;:&quot;classic&quot;}\">\n\t\t\t<div class=\"elementor-column-wrap elementor-element-populated\">\n\t\t\t\t\t\t\t<div class=\"elementor-widget-wrap\">\n\t\t\t\t\t\t<div class=\"elementor-element elementor-element-728a5356 elementor-widget elementor-widget-heading\" data-id=\"728a5356\" data-element_type=\"widget\" data-widget_type=\"heading.default\">\n\t\t\t\t<div class=\"elementor-widget-container\">\n\t\t\t<h1 class=\"elementor-heading-title elementor-size-default\">Observer la constellation des G\u00e9meaux<\/h1>\t\t<\/div>\n\t\t\t\t<\/div>\n\t\t\t\t<div class=\"elementor-element elementor-element-155cf304 elementor-widget elementor-widget-spacer\" data-id=\"155cf304\" data-element_type=\"widget\" data-widget_type=\"spacer.default\">\n\t\t\t\t<div class=\"elementor-widget-container\">\n\t\t\t\t\t<div class=\"elementor-spacer\">\n\t\t\t<div class=\"elementor-spacer-inner\"><\/div>\n\t\t<\/div>\n\t\t\t\t<\/div>\n\t\t\t\t<\/div>\n\t\t\t\t<section class=\"elementor-section elementor-inner-section elementor-element elementor-element-42421b80 elementor-section-content-middle elementor-section-boxed elementor-section-height-default elementor-section-height-default\" data-id=\"42421b80\" data-element_type=\"section\">\n\t\t\t\t\t\t<div class=\"elementor-container elementor-column-gap-default\">\n\t\t\t\t\t\t\t<div class=\"elementor-row\">\n\t\t\t\t\t<div class=\"elementor-column elementor-col-50 elementor-inner-column elementor-element elementor-element-389f20e7\" data-id=\"389f20e7\" data-element_type=\"column\" data-settings=\"{&quot;background_background&quot;:&quot;classic&quot;}\">\n\t\t\t<div class=\"elementor-column-wrap elementor-element-populated\">\n\t\t\t\t\t\t\t<div class=\"elementor-widget-wrap\">\n\t\t\t\t\t\t<div class=\"elementor-element elementor-element-3a88e684 elementor-widget elementor-widget-text-editor\" data-id=\"3a88e684\" data-element_type=\"widget\" data-widget_type=\"text-editor.default\">\n\t\t\t\t<div class=\"elementor-widget-container\">\n\t\t\t\t\t\t\t\t<div class=\"elementor-text-editor elementor-clearfix\">\n\t\t\t\t<a href=\"http:\/\/www.arnaudom.fr\/wordpress\/cartegemeaux\"><strong>Afficher la carte<\/strong><\/a>\t\t\t\t\t<\/div>\n\t\t\t\t\t\t<\/div>\n\t\t\t\t<\/div>\n\t\t\t\t\t\t<\/div>\n\t\t\t\t\t<\/div>\n\t\t<\/div>\n\t\t\t\t<div class=\"elementor-column elementor-col-50 elementor-inner-column elementor-element elementor-element-7ae2c6e0\" data-id=\"7ae2c6e0\" data-element_type=\"column\" data-settings=\"{&quot;background_background&quot;:&quot;classic&quot;}\">\n\t\t\t<div class=\"elementor-column-wrap elementor-element-populated\">\n\t\t\t\t\t\t\t<div class=\"elementor-widget-wrap\">\n\t\t\t\t\t\t<div class=\"elementor-element elementor-element-512bd8e7 elementor-widget elementor-widget-image\" data-id=\"512bd8e7\" data-element_type=\"widget\" data-widget_type=\"image.default\">\n\t\t\t\t<div class=\"elementor-widget-container\">\n\t\t\t\t\t\t\t\t<div class=\"elementor-image\">\n\t\t\t\t\t\t\t\t\t\t\t\t\t<a href=\"http:\/\/www.arnaudom.fr\/wordpress\/cartegemeaux\">\n\t\t\t\t\t\t\t<img loading=\"lazy\" decoding=\"async\" width=\"150\" height=\"111\" src=\"https:\/\/www.arnaudom.fr\/wordpress\/wp-content\/uploads\/2019\/08\/tcartegemeaux.jpg\" class=\"attachment-large size-large wp-image-3596\" alt=\"\" \/>\t\t\t\t\t\t\t\t<\/a>\n\t\t\t\t\t\t\t\t\t\t\t\t\t\t<\/div>\n\t\t\t\t\t\t<\/div>\n\t\t\t\t<\/div>\n\t\t\t\t\t\t<\/div>\n\t\t\t\t\t<\/div>\n\t\t<\/div>\n\t\t\t\t\t\t\t\t<\/div>\n\t\t\t\t\t<\/div>\n\t\t<\/section>\n\t\t\t\t<div class=\"elementor-element elementor-element-5492002e elementor-widget elementor-widget-heading\" data-id=\"5492002e\" data-element_type=\"widget\" data-widget_type=\"heading.default\">\n\t\t\t\t<div class=\"elementor-widget-container\">\n\t\t\t<h3 class=\"elementor-heading-title elementor-size-default\">Objets observ\u00e9s :<\/h3>\t\t<\/div>\n\t\t\t\t<\/div>\n\t\t\t\t<div class=\"elementor-element elementor-element-71c40a87 elementor-widget elementor-widget-text-editor\" data-id=\"71c40a87\" data-element_type=\"widget\" data-widget_type=\"text-editor.default\">\n\t\t\t\t<div class=\"elementor-widget-container\">\n\t\t\t\t\t\t\t\t<div class=\"elementor-text-editor elementor-clearfix\">\n\t\t\t\t<p>4 \u00e9toiles doubles : Castor, Nu, Dz\u00e9ta et Delta.<\/p><p>2 amas ouverts : M35 et NGC 2158.<\/p><p>1 n\u00e9buleuse plan\u00e9taire : NGC 2392 (N\u00e9buleuse du clown, ou de l&rsquo;esquimau).<\/p>\t\t\t\t\t<\/div>\n\t\t\t\t\t\t<\/div>\n\t\t\t\t<\/div>\n\t\t\t\t<div class=\"elementor-element elementor-element-13a42a81 elementor-widget elementor-widget-heading\" data-id=\"13a42a81\" data-element_type=\"widget\" data-widget_type=\"heading.default\">\n\t\t\t\t<div class=\"elementor-widget-container\">\n\t\t\t<h3 class=\"elementor-heading-title elementor-size-default\">Introduction :<\/h3>\t\t<\/div>\n\t\t\t\t<\/div>\n\t\t\t\t<div class=\"elementor-element elementor-element-6f63d525 elementor-widget elementor-widget-text-editor\" data-id=\"6f63d525\" data-element_type=\"widget\" data-widget_type=\"text-editor.default\">\n\t\t\t\t<div class=\"elementor-widget-container\">\n\t\t\t\t\t\t\t\t<div class=\"elementor-text-editor elementor-clearfix\">\n\t\t\t\t<p>observation effectu\u00e9e en f\u00e9vrier 2006. Les G\u00e9meaux forment une constellation tr\u00e8s facile \u00e0 rep\u00e9rer gr\u00e2ce \u00e0 ses deux \u00e9toiles Castor et Pollux, tr\u00e8s brillantes et formant un duo tr\u00e8s visible \u00e0 l&rsquo;est du Taureau et du Cocher. Peu d&rsquo;objets sont observables aux petits instruments, on trouvera tout de m\u00eame quelques \u00e9toiles doubles, le magnifique amas ouvert M35 et la dr\u00f4le de n\u00e9buleuse plan\u00e9taire, NGC 2392.<\/p>\t\t\t\t\t<\/div>\n\t\t\t\t\t\t<\/div>\n\t\t\t\t<\/div>\n\t\t\t\t<div class=\"elementor-element elementor-element-6cc70dbb elementor-widget elementor-widget-text-editor\" data-id=\"6cc70dbb\" data-element_type=\"widget\" data-widget_type=\"text-editor.default\">\n\t\t\t\t<div class=\"elementor-widget-container\">\n\t\t\t\t\t\t\t\t<div class=\"elementor-text-editor elementor-clearfix\">\n\t\t\t\t<h3><span class=\"gras col5\">Du c\u00f4t\u00e9 de Castor :<\/span> (<a href=\"http:\/\/www.arnaudom.fr\/wordpress\/cartegemeaux\">carte<\/a>)<\/h3>\t\t\t\t\t<\/div>\n\t\t\t\t\t\t<\/div>\n\t\t\t\t<\/div>\n\t\t\t\t<div class=\"elementor-element elementor-element-5669cfb7 elementor-widget elementor-widget-text-editor\" data-id=\"5669cfb7\" data-element_type=\"widget\" data-widget_type=\"text-editor.default\">\n\t\t\t\t<div class=\"elementor-widget-container\">\n\t\t\t\t\t\t\t\t<div class=\"elementor-text-editor elementor-clearfix\">\n\t\t\t\t<p>Commen\u00e7ons par la \u00ab\u00a0t\u00eate\u00a0\u00bb du jumeau le plus au nord, \u00e0 savoir Castor, car cette belle \u00e9toile brillante est une \u00e9toile double tr\u00e8s connue, bien qu&rsquo;assez serr\u00e9e. Un faible grossissement montre une \u00e9toile blanche brillante, mais avec un grossissement de 105x (avec le 8,6 mm), Castor se d\u00e9double en deux \u00e9toiles blanches d&rsquo;\u00e9clats assez similaires, tr\u00e8s proches l&rsquo;une de l&rsquo;autre. On aura avantage \u00e0 grossir plus (par exemple 158x avec le 5,7 mm) pour mieux voir les deux composantes.<\/p><p>Maintenant, il faut aller \u00ab\u00a0aux pieds\u00a0\u00bb du jumeau, pour rep\u00e9rer les trois \u00e9toiles Mu, Eta et 1 des G\u00e9meaux. Ces \u00e9toiles forment un trio assez facilement visible, qui va nous permettre de rep\u00e9rer M35, l&rsquo;un des plus beaux amas ouverts du ciel. Sous un bon ciel bien noir, M35 peut \u00eatre perceptible \u00e0 l&rsquo;oeil nu. Dans tous les cas, il est visible aux jumelles, il ne reste plus qu&rsquo;\u00e0 le pointer au t\u00e9l\u00e9scope. Sinon, il suffit de suivre les \u00e9toiles Mu, Eta et 1 au chercheur, puis de viser un peu au-dessus entre Eta et 1 (donc en-dessous dans le chercheur avec l&rsquo;inversion). A 28x de grossissement (avec le 32 mm), M35 se rep\u00e8re tr\u00e8s facilement tant il est \u00e9tendu. On peut ensuite le grossir 45x (avec le 20 mm), et l\u00e0 il remplit presque enti\u00e8rement l&rsquo;oculaire. C&rsquo;est un amas donc \u00e9tendu, moyennement dense, dont on peut voir facilement 60-70 \u00e9toiles de toute taille et de tout \u00e9clat. C&rsquo;est vraiment l&rsquo;un des plus beaux amas ouverts visibles dans un petit t\u00e9l\u00e9scope. En p\u00e9riph\u00e9rie de M35, en bas \u00e0 droite (et donc en haut \u00e0 gauche dans l&rsquo;oculaire), on peut percevoir une petite tache grise floue. Il s&rsquo;agit en fait de NGC 2158, un amas ouvert qui est tr\u00e8s difficile \u00e0 r\u00e9soudre au 130, d&rsquo;o\u00f9 l&rsquo;aspect de tache grise, typique d&rsquo;un amas ouvert non r\u00e9solu.<\/p><p>Pour finir, on rep\u00e8re l&rsquo;\u00e9toile Nu des G\u00e9meaux, visible faiblement \u00e0 l&rsquo;oeil nu entre Gamma et Mu, plus pr\u00e8s de Mu. Elle se voit assez facilement quand m\u00eame. Nu est une \u00e9toile double tr\u00e8s \u00e9cart\u00e9e, puisqu&rsquo;elle est d\u00e9doubl\u00e9e d\u00e9s 28x. On peut la grossir 45x, et on voit une \u00e9toile blanche accompagn\u00e9e d&rsquo;un petit compagnon qui m&rsquo;a sembl\u00e9 bleut\u00e9.<\/p>\t\t\t\t\t<\/div>\n\t\t\t\t\t\t<\/div>\n\t\t\t\t<\/div>\n\t\t\t\t<div class=\"elementor-element elementor-element-5bfb34c elementor-widget elementor-widget-text-editor\" data-id=\"5bfb34c\" data-element_type=\"widget\" data-widget_type=\"text-editor.default\">\n\t\t\t\t<div class=\"elementor-widget-container\">\n\t\t\t\t\t\t\t\t<div class=\"elementor-text-editor elementor-clearfix\">\n\t\t\t\t<h3><span class=\"gras col5\">Du c\u00f4t\u00e9 de Pollux :<\/span> (<a href=\"http:\/\/www.arnaudom.fr\/wordpress\/cartegemeaux\">carte<\/a>)<\/h3>\t\t\t\t\t<\/div>\n\t\t\t\t\t\t<\/div>\n\t\t\t\t<\/div>\n\t\t\t\t<div class=\"elementor-element elementor-element-60bedf6e elementor-widget elementor-widget-text-editor\" data-id=\"60bedf6e\" data-element_type=\"widget\" data-widget_type=\"text-editor.default\">\n\t\t\t\t<div class=\"elementor-widget-container\">\n\t\t\t\t\t\t\t\t<div class=\"elementor-text-editor elementor-clearfix\">\n\t\t\t\t<p>Allons maintenant du c\u00f4t\u00e9 de Pollux, pour rep\u00e9rer les \u00e9toiles Delta et Dz\u00e9ta des G\u00e9meaux. Elles sont peu brillantes, surtout par rapport \u00e0 Castor et Pollux, et aussi Mu et Eta, mais on arrive tout de m\u00eame \u00e0 les voir sans trop de difficult\u00e9 sous un ciel correct. Si on pointe Dz\u00e9ta \u00e0 28x, on trouve une \u00e9toile double tr\u00e8s \u00e9cart\u00e9e, d\u00e9j\u00e0 r\u00e9solue \u00e0 ce grossissement. En fait, elle est tr\u00e8s semblable \u00e0 Nu, sauf que l&rsquo;\u00e9toile principale est jaune, et la secondaire semble l\u00e0 aussi un peu bleu\u00e2tre.<\/p><p>Pointons ensuite Delta, autre \u00e9toile double mais beaucoup plus difficile \u00e0 r\u00e9soudre, et ce pour deux raisons : d&rsquo;une part elle est beaucoup plus serr\u00e9e, et d&rsquo;autre part il y a une importante diff\u00e9rence d&rsquo;\u00e9clat entre les deux composantes (l&rsquo;\u00e9toile principale est de magnitude 3,5 contre un peu plus de 8 pour la secondaire), ce qui fait que l&rsquo;\u00e9clat de la plus faible est noy\u00e9 par l&rsquo;\u00e9clat de la plus brillante. Ainsi, Delta est d\u00e9doubl\u00e9e \u00e0 158x, mais l&rsquo;\u00e9toile secondaire est difficile \u00e0 distinguer car elle est tr\u00e8s p\u00e2le et toute proche de son compagnon. Il faut \u00eatre un peu attentif pour la distinguer au-dessus de l&rsquo;\u00e9toile principale. Par comparaison, Castor offre une distance de s\u00e9paration de 3,8 secondes d&rsquo;arc entre ses composantes, tandis que Delta voit ses deux \u00e9toiles s\u00e9par\u00e9es de 5,8 secondes d&rsquo;arc. On pourrait donc penser que Delta est plus facile \u00e0 r\u00e9soudre que Castor, or c&rsquo;est le contraire qui se produit car les composantes de Castor sont d&rsquo;\u00e9clat pratiquement similaires. On a donc ici une bonne illustration du ph\u00e9nom\u00e8ne de r\u00e9solution des \u00e9toiles doubles, qui ne d\u00e9pend pas uniquement de la distance entre les composantes mais aussi de leur \u00e9clat respectif.<\/p><p>Pour finir, nous allons chercher un petite n\u00e9buleuse plan\u00e9taire de type stellaire, NGC 2392. Pour commencer, on va pointer Delta \u00e0 28x, puis on va chercher l&rsquo;\u00e9toile 63 G\u00e9meaux, car \u00e0 ce grossissement la n\u00e9buleuse est dans le m\u00eame champ que 63. Quand on pointe Delta \u00e0 28x, il faut se d\u00e9placer d&rsquo;un peu plus d&rsquo;un champ d&rsquo;oculaire vers l&rsquo;est (donc \u00e0 la droite de Delta quand on regarde dans l&rsquo;oculaire) pour trouver l&rsquo;\u00e9toile 63. Celle-ci se rep\u00e8re car elle forme le sommet d&rsquo;un triangle isoc\u00e8le bien visible dans l&rsquo;oculaire (voir sh\u00e9ma ci-dessous).<\/p>\t\t\t\t\t<\/div>\n\t\t\t\t\t\t<\/div>\n\t\t\t\t<\/div>\n\t\t\t\t<div class=\"elementor-element elementor-element-ea3c267 elementor-widget elementor-widget-image\" data-id=\"ea3c267\" data-element_type=\"widget\" data-widget_type=\"image.default\">\n\t\t\t\t<div class=\"elementor-widget-container\">\n\t\t\t\t\t\t\t\t<div class=\"elementor-image\">\n\t\t\t\t\t\t\t\t\t\t\t\t<img loading=\"lazy\" decoding=\"async\" width=\"500\" height=\"250\" src=\"https:\/\/www.arnaudom.fr\/wordpress\/wp-content\/uploads\/2019\/08\/NGC-2392.gif\" class=\"attachment-large size-large wp-image-3592\" alt=\"\" \/>\t\t\t\t\t\t\t\t\t\t\t\t\t\t<\/div>\n\t\t\t\t\t\t<\/div>\n\t\t\t\t<\/div>\n\t\t\t\t<div class=\"elementor-element elementor-element-ebad406 elementor-widget elementor-widget-text-editor\" data-id=\"ebad406\" data-element_type=\"widget\" data-widget_type=\"text-editor.default\">\n\t\t\t\t<div class=\"elementor-widget-container\">\n\t\t\t\t\t\t\t\t<div class=\"elementor-text-editor elementor-clearfix\">\n\t\t\t\t<p>Quand on a trouv\u00e9 63 dans l&rsquo;oculaire, on la place \u00e0 gauche du champ et NGC 2392 se trouve un peu en haut \u00e0 droite de 63. Avec l&rsquo;habitude, on la trouve tr\u00e8s vite. NGC 2392 est toute proche d&rsquo;une petite \u00e9toile, donc la n\u00e9buleuse et l&rsquo;\u00e9toile en question ressemble \u00e0 une \u00e9toile double. Bref, la premi\u00e8re \u00e9toile double que vous voyez de ce c\u00f4t\u00e9-l\u00e0, c&rsquo;est notre n\u00e9buleuse ! A faible grossissement, on voit que NGC 2392 est beaucoup plus p\u00e2le que son compagnon, elle ressemble \u00e0 une \u00e9toile grise et p\u00e2le, sans piqu\u00e9, typique d&rsquo;une n\u00e9buleuse plan\u00e9taire. Ensuite, en grossissant 105x et 158x, on voit quelques d\u00e9tails de NGC 2392, toujours accompagn\u00e9e de son \u00e9toile. Ses bords sont gris et flous, tandis que son centre est nettement plus brillant. L&rsquo;utilisation de la vision d\u00e9cal\u00e9e est tr\u00e8s utile. D&rsquo;ailleurs, la n\u00e9buleuse produit un effet \u00ab\u00a0blink\u00a0\u00bb caract\u00e9ristique : en la fixant directement, elle a tendance \u00e0 dispara\u00eetre, et \u00e0 r\u00e9appara\u00eetre en vision d\u00e9cal\u00e9e. Voil\u00e0, on vient de faire connaissance avec NGC 2392, qui est surnomm\u00e9e la n\u00e9buleuse du clown, mais \u00e9galement la n\u00e9buleuse de l&rsquo;esquimau, car dans un gros t\u00e9l\u00e9scope ou sur des photos, elle pr\u00e9sente diff\u00e9rentes plages de luminosit\u00e9 en son centre qui dessinent comme une sorte de visage, que certains qualifient de clown et d&rsquo;autres&#8230; d&rsquo;esquimau !<\/p>\t\t\t\t\t<\/div>\n\t\t\t\t\t\t<\/div>\n\t\t\t\t<\/div>\n\t\t\t\t\t\t<\/div>\n\t\t\t\t\t<\/div>\n\t\t<\/div>\n\t\t\t\t\t\t\t\t<\/div>\n\t\t\t\t\t<\/div>\n\t\t<\/section>\n\t\t\t\t\t\t\t\t\t<\/div>\n\t\t\t<\/div>\n\t\t\t\t\t<\/div>\n\t\t","protected":false},"excerpt":{"rendered":"<p>Observer la constellation des G\u00e9meaux Afficher la carte Objets observ\u00e9s : 4 \u00e9toiles doubles : Castor, Nu, Dz\u00e9ta et Delta. 2 amas ouverts : M35 et NGC 2158. 1 n\u00e9buleuse plan\u00e9taire : NGC 2392 (N\u00e9buleuse du clown, ou de l&rsquo;esquimau). Introduction : observation effectu\u00e9e en f\u00e9vrier 2006. Les G\u00e9meaux forment une constellation tr\u00e8s facile \u00e0 &hellip;<\/p>\n<p class=\"read-more\"> <a class=\"\" href=\"https:\/\/www.arnaudom.fr\/wordpress\/gemeaux\/\"> <span class=\"screen-reader-text\">gemeaux<\/span> Lire la suite\u00a0\u00bb<\/a><\/p>\n","protected":false},"author":1,"featured_media":0,"parent":0,"menu_order":0,"comment_status":"closed","ping_status":"closed","template":"","meta":{"site-sidebar-layout":"default","site-content-layout":"default","ast-site-content-layout":"","site-content-style":"default","site-sidebar-style":"default","ast-global-header-display":"","ast-banner-title-visibility":"","ast-main-header-display":"","ast-hfb-above-header-display":"","ast-hfb-below-header-display":"","ast-hfb-mobile-header-display":"","site-post-title":"disabled","ast-breadcrumbs-content":"","ast-featured-img":"","footer-sml-layout":"","theme-transparent-header-meta":"default","adv-header-id-meta":"","stick-header-meta":"","header-above-stick-meta":"","header-main-stick-meta":"","header-below-stick-meta":"","astra-migrate-meta-layouts":"","ast-page-background-enabled":"default","ast-page-background-meta":{"desktop":{"background-color":"","background-image":"","background-repeat":"repeat","background-position":"center center","background-size":"auto","background-attachment":"scroll","background-type":"","background-media":"","overlay-type":"","overlay-color":"","overlay-gradient":""},"tablet":{"background-color":"","background-image":"","background-repeat":"repeat","background-position":"center center","background-size":"auto","background-attachment":"scroll","background-type":"","background-media":"","overlay-type":"","overlay-color":"","overlay-gradient":""},"mobile":{"background-color":"","background-image":"","background-repeat":"repeat","background-position":"center center","background-size":"auto","background-attachment":"scroll","background-type":"","background-media":"","overlay-type":"","overlay-color":"","overlay-gradient":""}},"ast-content-background-meta":{"desktop":{"background-color":"var(--ast-global-color-5)","background-image":"","background-repeat":"repeat","background-position":"center center","background-size":"auto","background-attachment":"scroll","background-type":"","background-media":"","overlay-type":"","overlay-color":"","overlay-gradient":""},"tablet":{"background-color":"var(--ast-global-color-5)","background-image":"","background-repeat":"repeat","background-position":"center center","background-size":"auto","background-attachment":"scroll","background-type":"","background-media":"","overlay-type":"","overlay-color":"","overlay-gradient":""},"mobile":{"background-color":"var(--ast-global-color-5)","background-image":"","background-repeat":"repeat","background-position":"center center","background-size":"auto","background-attachment":"scroll","background-type":"","background-media":"","overlay-type":"","overlay-color":"","overlay-gradient":""}},"footnotes":""},"class_list":["post-3590","page","type-page","status-publish","hentry"],"_links":{"self":[{"href":"https:\/\/www.arnaudom.fr\/wordpress\/wp-json\/wp\/v2\/pages\/3590","targetHints":{"allow":["GET"]}}],"collection":[{"href":"https:\/\/www.arnaudom.fr\/wordpress\/wp-json\/wp\/v2\/pages"}],"about":[{"href":"https:\/\/www.arnaudom.fr\/wordpress\/wp-json\/wp\/v2\/types\/page"}],"author":[{"embeddable":true,"href":"https:\/\/www.arnaudom.fr\/wordpress\/wp-json\/wp\/v2\/users\/1"}],"replies":[{"embeddable":true,"href":"https:\/\/www.arnaudom.fr\/wordpress\/wp-json\/wp\/v2\/comments?post=3590"}],"version-history":[{"count":6,"href":"https:\/\/www.arnaudom.fr\/wordpress\/wp-json\/wp\/v2\/pages\/3590\/revisions"}],"predecessor-version":[{"id":5529,"href":"https:\/\/www.arnaudom.fr\/wordpress\/wp-json\/wp\/v2\/pages\/3590\/revisions\/5529"}],"wp:attachment":[{"href":"https:\/\/www.arnaudom.fr\/wordpress\/wp-json\/wp\/v2\/media?parent=3590"}],"curies":[{"name":"wp","href":"https:\/\/api.w.org\/{rel}","templated":true}]}}